{"id":8870,"date":"2020-01-16T09:11:21","date_gmt":"2020-01-16T08:11:21","guid":{"rendered":"https:\/\/www.alpakahof-hahn.at\/shop\/?post_type=product&#038;p=8870"},"modified":"2025-11-27T19:33:33","modified_gmt":"2025-11-27T18:33:33","slug":"alpaka-strickwolle-beige","status":"publish","type":"product","link":"https:\/\/www.alpakahof-hahn.at\/shop\/produkt\/alpaka-strickwolle-beige\/","title":{"rendered":"Alpaka Strickwolle beige"},"content":{"rendered":"","protected":false},"excerpt":{"rendered":"<p>Diese vierfach gezwirnte Alpaka-Strick-Wolle aus 100% reinem Alpaka-Garn f\u00fcr die Nadel-St\u00e4rke 4,5 zeichnet sich durch eine schmeichelnde Feinheit in einer gro\u00dfen Farbpalette aus. Sie ist hervorragend geeignet zum Stricken und H\u00e4keln von Strick-M\u00e4nteln, Strick-Jacken, Strick-Pullovern, Capes, Ponchos oder Accessoires wie Stulpen, M\u00fctzen, Hauben oder Handschuhen. Ihrer Kreativit\u00e4t sind keine Grenzen gesetzt.<\/p>\n<p>&#8211; Material: 100% Alpaka (Alpaka Superfine)<br \/>\n&#8211; strickt sich gleichm\u00e4\u00dfig<br \/>\n&#8211; durch die mittlere St\u00e4rke k\u00f6nnen Sie fast alles daraus stricken oder h\u00e4keln<br \/>\n&#8211; Handw\u00e4sche kalt mit Wollwaschmittel<br \/>\n&#8211; nicht wringen, NICHT SCHLEUDERN, liegend trocknen<br \/>\n&#8211; Laufl\u00e4nge: 50g = 100m = Nm 4\/8<br \/>\n&#8211; Nadelst\u00e4rke: 4-4,5<br \/>\n&#8211; 4-fach gezwirnt<br \/>\n&#8211; Maschenprobe: 10cm*10cm = 26 Reihen, 20 Maschen<br \/>\n&#8211; Verbrauch: Damen\/M = 500g, Herren\/M = 650g, 10 Jahre = 350g<br \/>\n&#8211; Gewicht: 50g<\/p>\n","protected":false},"featured_media":8937,"template":"","meta":{"jetpack_post_was_ever_published":false,"jetpack_publicize_message":"","jetpack_publicize_feature_enabled":true,"jetpack_social_post_already_shared":true,"jetpack_social_options":{"image_generator_settings":{"template":"highway","default_image_id":0,"font":"","enabled":false},"version":2}},"etheme_brands":[],"product_brand":[],"product_cat":[107,113],"product_tag":[],"class_list":{"0":"post-8870","1":"product","2":"type-product","3":"status-publish","4":"has-post-thumbnail","6":"product_cat-alpaka-wolle","7":"product_cat-ungefaerbt","9":"first","10":"instock","11":"taxable","12":"shipping-taxable","13":"purchasable","14":"product-type-simple"},"supplier_id":null,"supplier_sku":"","barcode":null,"atum_controlled":true,"out_stock_date":null,"out_stock_threshold":null,"inheritable":false,"inbound_stock":0,"stock_on_hold":0,"sold_today":0,"sales_last_days":0,"reserved_stock":0,"customer_returns":0,"warehouse_damage":0,"lost_in_post":0,"other_logs":0,"out_stock_days":0,"lost_sales":0,"has_location":false,"update_date":"2026-04-05T07:33:51","atum_locations":[],"atum_stock_status":"instock","restock_status":false,"low_stock_amount":"","sales_update_date":"2026-04-05T07:33:51","calc_backorders":null,"yoast_head":"<!-- This site is optimized with the Yoast SEO plugin v26.5 - https:\/\/yoast.com\/wordpress\/plugins\/seo\/ -->\n<title>Alpaka Wolle braun | Alpaka Online-Shop<\/title>\n<meta name=\"robots\" content=\"index, follow, max-snippet:-1, max-image-preview:large, max-video-preview:-1\" \/>\n<link rel=\"canonical\" href=\"https:\/\/www.alpakahof-hahn.at\/shop\/produkt\/alpaka-strickwolle-beige\/\" \/>\n<meta name=\"twitter:card\" content=\"summary_large_image\" \/>\n<meta name=\"twitter:title\" content=\"Alpaka Wolle braun | Alpaka Online-Shop\" \/>\n<meta name=\"twitter:description\" content=\"Diese vierfach gezwirnte Alpaka-Strick-Wolle aus 100% reinem Alpaka-Garn f\u00fcr die Nadel-St\u00e4rke 4,5 zeichnet sich durch eine schmeichelnde Feinheit in einer gro\u00dfen Farbpalette aus. Sie ist hervorragend geeignet zum Stricken und H\u00e4keln von Strick-M\u00e4nteln, Strick-Jacken, Strick-Pullovern, Capes, Ponchos oder Accessoires wie Stulpen, M\u00fctzen, Hauben oder Handschuhen. Ihrer Kreativit\u00e4t sind keine Grenzen gesetzt.  - Material: 100% Alpaka (Alpaka Superfine) - strickt sich gleichm\u00e4\u00dfig - durch die mittlere St\u00e4rke k\u00f6nnen Sie fast alles daraus stricken oder h\u00e4keln - Handw\u00e4sche kalt mit Wollwaschmittel - nicht wringen, NICHT SCHLEUDERN, liegend trocknen - Laufl\u00e4nge: 50g = 100m = Nm 4\/8 - Nadelst\u00e4rke: 4-4,5 - 4-fach gezwirnt - Maschenprobe: 10cm*10cm = 26 Reihen, 20 Maschen - Verbrauch: Damen\/M = 500g, Herren\/M = 650g, 10 Jahre = 350g - Gewicht: 50g\" \/>\n<meta name=\"twitter:image\" content=\"https:\/\/i0.wp.com\/www.alpakahof-hahn.at\/shop\/wp-content\/uploads\/2020\/01\/15053-n110-01-kneaul-alpaka-strick-wolle-stricken-haekeln-alpaca-haekel-garn-beige-alpakahof-hahn.jpg?fit=800%2C560&ssl=1\" \/>\n<script type=\"application\/ld+json\" class=\"yoast-schema-graph\">{\"@context\":\"https:\/\/schema.org\",\"@graph\":[{\"@type\":\"WebPage\",\"@id\":\"https:\/\/www.alpakahof-hahn.at\/shop\/produkt\/alpaka-strickwolle-beige\/\",\"url\":\"https:\/\/www.alpakahof-hahn.at\/shop\/produkt\/alpaka-strickwolle-beige\/\",\"name\":\"Alpaka Wolle braun | Alpaka Online-Shop\",\"isPartOf\":{\"@id\":\"https:\/\/www.alpakahof-hahn.at\/shop\/#website\"},\"primaryImageOfPage\":{\"@id\":\"https:\/\/www.alpakahof-hahn.at\/shop\/produkt\/alpaka-strickwolle-beige\/#primaryimage\"},\"image\":{\"@id\":\"https:\/\/www.alpakahof-hahn.at\/shop\/produkt\/alpaka-strickwolle-beige\/#primaryimage\"},\"thumbnailUrl\":\"https:\/\/i0.wp.com\/www.alpakahof-hahn.at\/shop\/wp-content\/uploads\/2020\/01\/15053-n110-01-kneaul-alpaka-strick-wolle-stricken-haekeln-alpaca-haekel-garn-beige-alpakahof-hahn.jpg?fit=800%2C560&ssl=1\",\"datePublished\":\"2020-01-16T08:11:21+00:00\",\"dateModified\":\"2025-11-27T18:33:33+00:00\",\"breadcrumb\":{\"@id\":\"https:\/\/www.alpakahof-hahn.at\/shop\/produkt\/alpaka-strickwolle-beige\/#breadcrumb\"},\"inLanguage\":\"de\",\"potentialAction\":[{\"@type\":\"ReadAction\",\"target\":[\"https:\/\/www.alpakahof-hahn.at\/shop\/produkt\/alpaka-strickwolle-beige\/\"]}]},{\"@type\":\"ImageObject\",\"inLanguage\":\"de\",\"@id\":\"https:\/\/www.alpakahof-hahn.at\/shop\/produkt\/alpaka-strickwolle-beige\/#primaryimage\",\"url\":\"https:\/\/i0.wp.com\/www.alpakahof-hahn.at\/shop\/wp-content\/uploads\/2020\/01\/15053-n110-01-kneaul-alpaka-strick-wolle-stricken-haekeln-alpaca-haekel-garn-beige-alpakahof-hahn.jpg?fit=800%2C560&ssl=1\",\"contentUrl\":\"https:\/\/i0.wp.com\/www.alpakahof-hahn.at\/shop\/wp-content\/uploads\/2020\/01\/15053-n110-01-kneaul-alpaka-strick-wolle-stricken-haekeln-alpaca-haekel-garn-beige-alpakahof-hahn.jpg?fit=800%2C560&ssl=1\",\"width\":800,\"height\":560},{\"@type\":\"BreadcrumbList\",\"@id\":\"https:\/\/www.alpakahof-hahn.at\/shop\/produkt\/alpaka-strickwolle-beige\/#breadcrumb\",\"itemListElement\":[{\"@type\":\"ListItem\",\"position\":1,\"name\":\"Shop\",\"item\":\"https:\/\/www.alpakahof-hahn.at\/shop\/\"},{\"@type\":\"ListItem\",\"position\":2,\"name\":\"Shop\",\"item\":\"https:\/\/www.alpakahof-hahn.at\/shop\/shop\/\"},{\"@type\":\"ListItem\",\"position\":3,\"name\":\"Alpaka Strickwolle beige\"}]},{\"@type\":\"WebSite\",\"@id\":\"https:\/\/www.alpakahof-hahn.at\/shop\/#website\",\"url\":\"https:\/\/www.alpakahof-hahn.at\/shop\/\",\"name\":\"Alpaka Online-Shop\",\"description\":\"Der Hofladen der Familie Hahn\",\"potentialAction\":[{\"@type\":\"SearchAction\",\"target\":{\"@type\":\"EntryPoint\",\"urlTemplate\":\"https:\/\/www.alpakahof-hahn.at\/shop\/?s={search_term_string}\"},\"query-input\":{\"@type\":\"PropertyValueSpecification\",\"valueRequired\":true,\"valueName\":\"search_term_string\"}}],\"inLanguage\":\"de\"}]}<\/script>\n<!-- \/ Yoast SEO plugin. -->","yoast_head_json":{"title":"Alpaka Wolle braun | Alpaka Online-Shop","robots":{"index":"index","follow":"follow","max-snippet":"max-snippet:-1","max-image-preview":"max-image-preview:large","max-video-preview":"max-video-preview:-1"},"canonical":"https:\/\/www.alpakahof-hahn.at\/shop\/produkt\/alpaka-strickwolle-beige\/","twitter_card":"summary_large_image","twitter_title":"Alpaka Wolle braun | Alpaka Online-Shop","twitter_description":"Diese vierfach gezwirnte Alpaka-Strick-Wolle aus 100% reinem Alpaka-Garn f\u00fcr die Nadel-St\u00e4rke 4,5 zeichnet sich durch eine schmeichelnde Feinheit in einer gro\u00dfen Farbpalette aus. Sie ist hervorragend geeignet zum Stricken und H\u00e4keln von Strick-M\u00e4nteln, Strick-Jacken, Strick-Pullovern, Capes, Ponchos oder Accessoires wie Stulpen, M\u00fctzen, Hauben oder Handschuhen. Ihrer Kreativit\u00e4t sind keine Grenzen gesetzt.  - Material: 100% Alpaka (Alpaka Superfine) - strickt sich gleichm\u00e4\u00dfig - durch die mittlere St\u00e4rke k\u00f6nnen Sie fast alles daraus stricken oder h\u00e4keln - Handw\u00e4sche kalt mit Wollwaschmittel - nicht wringen, NICHT SCHLEUDERN, liegend trocknen - Laufl\u00e4nge: 50g = 100m = Nm 4\/8 - Nadelst\u00e4rke: 4-4,5 - 4-fach gezwirnt - Maschenprobe: 10cm*10cm = 26 Reihen, 20 Maschen - Verbrauch: Damen\/M = 500g, Herren\/M = 650g, 10 Jahre = 350g - Gewicht: 50g","twitter_image":"https:\/\/i0.wp.com\/www.alpakahof-hahn.at\/shop\/wp-content\/uploads\/2020\/01\/15053-n110-01-kneaul-alpaka-strick-wolle-stricken-haekeln-alpaca-haekel-garn-beige-alpakahof-hahn.jpg?fit=800%2C560&ssl=1","schema":{"@context":"https:\/\/schema.org","@graph":[{"@type":"WebPage","@id":"https:\/\/www.alpakahof-hahn.at\/shop\/produkt\/alpaka-strickwolle-beige\/","url":"https:\/\/www.alpakahof-hahn.at\/shop\/produkt\/alpaka-strickwolle-beige\/","name":"Alpaka Wolle braun | Alpaka Online-Shop","isPartOf":{"@id":"https:\/\/www.alpakahof-hahn.at\/shop\/#website"},"primaryImageOfPage":{"@id":"https:\/\/www.alpakahof-hahn.at\/shop\/produkt\/alpaka-strickwolle-beige\/#primaryimage"},"image":{"@id":"https:\/\/www.alpakahof-hahn.at\/shop\/produkt\/alpaka-strickwolle-beige\/#primaryimage"},"thumbnailUrl":"https:\/\/i0.wp.com\/www.alpakahof-hahn.at\/shop\/wp-content\/uploads\/2020\/01\/15053-n110-01-kneaul-alpaka-strick-wolle-stricken-haekeln-alpaca-haekel-garn-beige-alpakahof-hahn.jpg?fit=800%2C560&ssl=1","datePublished":"2020-01-16T08:11:21+00:00","dateModified":"2025-11-27T18:33:33+00:00","breadcrumb":{"@id":"https:\/\/www.alpakahof-hahn.at\/shop\/produkt\/alpaka-strickwolle-beige\/#breadcrumb"},"inLanguage":"de","potentialAction":[{"@type":"ReadAction","target":["https:\/\/www.alpakahof-hahn.at\/shop\/produkt\/alpaka-strickwolle-beige\/"]}]},{"@type":"ImageObject","inLanguage":"de","@id":"https:\/\/www.alpakahof-hahn.at\/shop\/produkt\/alpaka-strickwolle-beige\/#primaryimage","url":"https:\/\/i0.wp.com\/www.alpakahof-hahn.at\/shop\/wp-content\/uploads\/2020\/01\/15053-n110-01-kneaul-alpaka-strick-wolle-stricken-haekeln-alpaca-haekel-garn-beige-alpakahof-hahn.jpg?fit=800%2C560&ssl=1","contentUrl":"https:\/\/i0.wp.com\/www.alpakahof-hahn.at\/shop\/wp-content\/uploads\/2020\/01\/15053-n110-01-kneaul-alpaka-strick-wolle-stricken-haekeln-alpaca-haekel-garn-beige-alpakahof-hahn.jpg?fit=800%2C560&ssl=1","width":800,"height":560},{"@type":"BreadcrumbList","@id":"https:\/\/www.alpakahof-hahn.at\/shop\/produkt\/alpaka-strickwolle-beige\/#breadcrumb","itemListElement":[{"@type":"ListItem","position":1,"name":"Shop","item":"https:\/\/www.alpakahof-hahn.at\/shop\/"},{"@type":"ListItem","position":2,"name":"Shop","item":"https:\/\/www.alpakahof-hahn.at\/shop\/shop\/"},{"@type":"ListItem","position":3,"name":"Alpaka Strickwolle beige"}]},{"@type":"WebSite","@id":"https:\/\/www.alpakahof-hahn.at\/shop\/#website","url":"https:\/\/www.alpakahof-hahn.at\/shop\/","name":"Alpaka Online-Shop","description":"Der Hofladen der Familie Hahn","potentialAction":[{"@type":"SearchAction","target":{"@type":"EntryPoint","urlTemplate":"https:\/\/www.alpakahof-hahn.at\/shop\/?s={search_term_string}"},"query-input":{"@type":"PropertyValueSpecification","valueRequired":true,"valueName":"search_term_string"}}],"inLanguage":"de"}]}},"jetpack_publicize_connections":[],"jetpack_sharing_enabled":true,"jetpack-related-posts":[{"id":8875,"url":"https:\/\/www.alpakahof-hahn.at\/shop\/produkt\/alpaka-strickwolle-mittelgrau\/","url_meta":{"origin":8870,"position":0},"title":"Alpaka Strickwolle mittelgrau","author":"Manuel Hahn","date":"16. Januar 2020","format":false,"excerpt":"Diese vierfach gezwirnte Alpaka-Strick-Wolle aus 100% reinem Alpaka-Garn f\u00fcr die Nadel-St\u00e4rke 4,5 zeichnet sich durch eine schmeichelnde Feinheit in einer gro\u00dfen Farbpalette aus. Sie ist hervorragend geeignet zum Stricken und H\u00e4keln von Strick-M\u00e4nteln, Strick-Jacken, Strick-Pullovern, Capes, Ponchos oder Accessoires wie Stulpen, M\u00fctzen, Hauben oder Handschuhen. Ihrer Kreativit\u00e4t sind keine Grenzen\u2026","rel":"","context":"\u00c4hnlicher Beitrag","block_context":{"text":"\u00c4hnlicher Beitrag","link":""},"img":{"alt_text":"","src":"https:\/\/i0.wp.com\/www.alpakahof-hahn.at\/shop\/wp-content\/uploads\/2020\/01\/15053-n160-01-knaeul-alpaka-strick-wolle-stricken-haekeln-alpaca-haekel-garn-mittel-grau-alpakahof-hahn.jpg?fit=800%2C582&ssl=1&resize=350%2C200","width":350,"height":200,"srcset":"https:\/\/i0.wp.com\/www.alpakahof-hahn.at\/shop\/wp-content\/uploads\/2020\/01\/15053-n160-01-knaeul-alpaka-strick-wolle-stricken-haekeln-alpaca-haekel-garn-mittel-grau-alpakahof-hahn.jpg?fit=800%2C582&ssl=1&resize=350%2C200 1x, https:\/\/i0.wp.com\/www.alpakahof-hahn.at\/shop\/wp-content\/uploads\/2020\/01\/15053-n160-01-knaeul-alpaka-strick-wolle-stricken-haekeln-alpaca-haekel-garn-mittel-grau-alpakahof-hahn.jpg?fit=800%2C582&ssl=1&resize=525%2C300 1.5x, https:\/\/i0.wp.com\/www.alpakahof-hahn.at\/shop\/wp-content\/uploads\/2020\/01\/15053-n160-01-knaeul-alpaka-strick-wolle-stricken-haekeln-alpaca-haekel-garn-mittel-grau-alpakahof-hahn.jpg?fit=800%2C582&ssl=1&resize=700%2C400 2x"},"classes":[]},{"id":8879,"url":"https:\/\/www.alpakahof-hahn.at\/shop\/produkt\/alpaka-strickwolle-dunkelgrau\/","url_meta":{"origin":8870,"position":1},"title":"Alpaka Strickwolle dunkelgrau","author":"Manuel Hahn","date":"16. Januar 2020","format":false,"excerpt":"Diese vierfach gezwirnte Alpaka-Strick-Wolle aus 100% reinem Alpaka-Garn f\u00fcr die Nadel-St\u00e4rke 4,5 zeichnet sich durch eine schmeichelnde Feinheit in einer gro\u00dfen Farbpalette aus. Sie ist hervorragend geeignet zum Stricken und H\u00e4keln von Strick-M\u00e4nteln, Strick-Jacken, Strick-Pullovern, Capes, Ponchos oder Accessoires wie Stulpen, M\u00fctzen, Hauben oder Handschuhen. Ihrer Kreativit\u00e4t sind keine Grenzen\u2026","rel":"","context":"\u00c4hnlicher Beitrag","block_context":{"text":"\u00c4hnlicher Beitrag","link":""},"img":{"alt_text":"","src":"https:\/\/i0.wp.com\/www.alpakahof-hahn.at\/shop\/wp-content\/uploads\/2020\/01\/15053-n170-01-knaeul-alpaka-strick-wolle-stricken-haekeln-alpaca-haekel-garn-dunkel-grau-alpakahof-hahn.jpg?fit=800%2C560&ssl=1&resize=350%2C200","width":350,"height":200,"srcset":"https:\/\/i0.wp.com\/www.alpakahof-hahn.at\/shop\/wp-content\/uploads\/2020\/01\/15053-n170-01-knaeul-alpaka-strick-wolle-stricken-haekeln-alpaca-haekel-garn-dunkel-grau-alpakahof-hahn.jpg?fit=800%2C560&ssl=1&resize=350%2C200 1x, https:\/\/i0.wp.com\/www.alpakahof-hahn.at\/shop\/wp-content\/uploads\/2020\/01\/15053-n170-01-knaeul-alpaka-strick-wolle-stricken-haekeln-alpaca-haekel-garn-dunkel-grau-alpakahof-hahn.jpg?fit=800%2C560&ssl=1&resize=525%2C300 1.5x, https:\/\/i0.wp.com\/www.alpakahof-hahn.at\/shop\/wp-content\/uploads\/2020\/01\/15053-n170-01-knaeul-alpaka-strick-wolle-stricken-haekeln-alpaca-haekel-garn-dunkel-grau-alpakahof-hahn.jpg?fit=800%2C560&ssl=1&resize=700%2C400 2x"},"classes":[]},{"id":8862,"url":"https:\/\/www.alpakahof-hahn.at\/shop\/produkt\/alpaka-strickwolle-schwarz\/","url_meta":{"origin":8870,"position":2},"title":"Alpaka Strickwolle schwarz","author":"Manuel Hahn","date":"16. Januar 2020","format":false,"excerpt":"Diese vierfach gezwirnte Alpaka-Strick-Wolle aus 100% reinem Alpaka-Garn f\u00fcr die Nadel-St\u00e4rke 4,5 zeichnet sich durch eine schmeichelnde Feinheit in einer gro\u00dfen Farbpalette aus. Sie ist hervorragend geeignet zum Stricken und H\u00e4keln von Strick-M\u00e4nteln, Strick-Jacken, Strick-Pullovern, Capes, Ponchos oder Accessoires wie Stulpen, M\u00fctzen, Hauben oder Handschuhen. Ihrer Kreativit\u00e4t sind keine Grenzen\u2026","rel":"","context":"\u00c4hnlicher Beitrag","block_context":{"text":"\u00c4hnlicher Beitrag","link":""},"img":{"alt_text":"","src":"https:\/\/i0.wp.com\/www.alpakahof-hahn.at\/shop\/wp-content\/uploads\/2020\/01\/15053-01-01-kneaul-alpaka-strick-wolle-stricken-haekeln-alpaca-haekel-garn-schwarz.jpg?fit=600%2C459&ssl=1&resize=350%2C200","width":350,"height":200,"srcset":"https:\/\/i0.wp.com\/www.alpakahof-hahn.at\/shop\/wp-content\/uploads\/2020\/01\/15053-01-01-kneaul-alpaka-strick-wolle-stricken-haekeln-alpaca-haekel-garn-schwarz.jpg?fit=600%2C459&ssl=1&resize=350%2C200 1x, https:\/\/i0.wp.com\/www.alpakahof-hahn.at\/shop\/wp-content\/uploads\/2020\/01\/15053-01-01-kneaul-alpaka-strick-wolle-stricken-haekeln-alpaca-haekel-garn-schwarz.jpg?fit=600%2C459&ssl=1&resize=525%2C300 1.5x"},"classes":[]},{"id":5358,"url":"https:\/\/www.alpakahof-hahn.at\/shop\/produkt\/alpaka-wolle-grau\/","url_meta":{"origin":8870,"position":3},"title":"Alpaka-Wolle graut\u00f6ne","author":"Manuel Hahn","date":"16. Oktober 2018","format":false,"excerpt":"Diese vierfach gezwirnte Alpaka-Socken-Wolle f\u00fcr die Nadel-St\u00e4rke 2,5 zeichnet sich durch fr\u00f6hliche Farb-Kombinationen und durch eine robuste, jedoch komfortable Faser-Kombination aus.\u00a0 Sie ist hervorragend geeignet zum Stricken und H\u00e4keln von Socken, Str\u00fcmpfen oder Hausschuhen oder auch von Accessoires wie Bein-Stulpen, welche besonders widerstandsf\u00e4hig und doch angenehm, warm und atmungsaktiv sein\u2026","rel":"","context":"\u00c4hnlicher Beitrag","block_context":{"text":"\u00c4hnlicher Beitrag","link":""},"img":{"alt_text":"","src":"https:\/\/i0.wp.com\/www.alpakahof-hahn.at\/shop\/wp-content\/uploads\/2018\/10\/15055-alpaka-wolle-grau.jpg?fit=1200%2C1037&ssl=1&resize=350%2C200","width":350,"height":200,"srcset":"https:\/\/i0.wp.com\/www.alpakahof-hahn.at\/shop\/wp-content\/uploads\/2018\/10\/15055-alpaka-wolle-grau.jpg?fit=1200%2C1037&ssl=1&resize=350%2C200 1x, https:\/\/i0.wp.com\/www.alpakahof-hahn.at\/shop\/wp-content\/uploads\/2018\/10\/15055-alpaka-wolle-grau.jpg?fit=1200%2C1037&ssl=1&resize=525%2C300 1.5x, https:\/\/i0.wp.com\/www.alpakahof-hahn.at\/shop\/wp-content\/uploads\/2018\/10\/15055-alpaka-wolle-grau.jpg?fit=1200%2C1037&ssl=1&resize=700%2C400 2x, https:\/\/i0.wp.com\/www.alpakahof-hahn.at\/shop\/wp-content\/uploads\/2018\/10\/15055-alpaka-wolle-grau.jpg?fit=1200%2C1037&ssl=1&resize=1050%2C600 3x"},"classes":[]},{"id":5356,"url":"https:\/\/www.alpakahof-hahn.at\/shop\/produkt\/alpaka-wolle-kupfer-orange\/","url_meta":{"origin":8870,"position":4},"title":"Alpaka-Wolle kupfer-orange","author":"Manuel Hahn","date":"16. Oktober 2018","format":false,"excerpt":"Diese vierfach gezwirnte Alpaka-Socken-Wolle f\u00fcr die Nadel-St\u00e4rke 2,5 zeichnet sich durch fr\u00f6hliche Farb-Kombinationen und durch eine robuste, jedoch komfortable Faser-Kombination aus.\u00a0 Sie ist hervorragend geeignet zum Stricken und H\u00e4keln von Socken, Str\u00fcmpfen oder Hausschuhen oder auch von Accessoires wie Bein-Stulpen, welche besonders widerstandsf\u00e4hig und doch angenehm, warm und atmungsaktiv sein\u2026","rel":"","context":"\u00c4hnlicher Beitrag","block_context":{"text":"\u00c4hnlicher Beitrag","link":""},"img":{"alt_text":"","src":"https:\/\/i0.wp.com\/www.alpakahof-hahn.at\/shop\/wp-content\/uploads\/2018\/10\/15055-alpaka-wolle-kupfer-orange.jpg?fit=1200%2C1056&ssl=1&resize=350%2C200","width":350,"height":200,"srcset":"https:\/\/i0.wp.com\/www.alpakahof-hahn.at\/shop\/wp-content\/uploads\/2018\/10\/15055-alpaka-wolle-kupfer-orange.jpg?fit=1200%2C1056&ssl=1&resize=350%2C200 1x, https:\/\/i0.wp.com\/www.alpakahof-hahn.at\/shop\/wp-content\/uploads\/2018\/10\/15055-alpaka-wolle-kupfer-orange.jpg?fit=1200%2C1056&ssl=1&resize=525%2C300 1.5x, https:\/\/i0.wp.com\/www.alpakahof-hahn.at\/shop\/wp-content\/uploads\/2018\/10\/15055-alpaka-wolle-kupfer-orange.jpg?fit=1200%2C1056&ssl=1&resize=700%2C400 2x, https:\/\/i0.wp.com\/www.alpakahof-hahn.at\/shop\/wp-content\/uploads\/2018\/10\/15055-alpaka-wolle-kupfer-orange.jpg?fit=1200%2C1056&ssl=1&resize=1050%2C600 3x"},"classes":[]},{"id":5353,"url":"https:\/\/www.alpakahof-hahn.at\/shop\/produkt\/alpaka-wolle-gelb-gruen\/","url_meta":{"origin":8870,"position":5},"title":"Alpaka-Wolle gelb-gruen","author":"Manuel Hahn","date":"16. Oktober 2018","format":false,"excerpt":"Diese vierfach gezwirnte Alpaka-Socken-Wolle f\u00fcr die Nadel-St\u00e4rke 2,5 zeichnet sich durch fr\u00f6hliche Farb-Kombinationen und durch eine robuste, jedoch komfortable Faser-Kombination aus.\u00a0 Sie ist hervorragend geeignet zum Stricken und H\u00e4keln von Socken, Str\u00fcmpfen oder Hausschuhen oder auch von Accessoires wie Bein-Stulpen, welche besonders widerstandsf\u00e4hig und doch angenehm, warm und atmungsaktiv sein\u2026","rel":"","context":"\u00c4hnlicher Beitrag","block_context":{"text":"\u00c4hnlicher Beitrag","link":""},"img":{"alt_text":"","src":"https:\/\/i0.wp.com\/www.alpakahof-hahn.at\/shop\/wp-content\/uploads\/2018\/10\/alpaka-wolle-gruen-gelb.jpg?fit=1200%2C1018&ssl=1&resize=350%2C200","width":350,"height":200,"srcset":"https:\/\/i0.wp.com\/www.alpakahof-hahn.at\/shop\/wp-content\/uploads\/2018\/10\/alpaka-wolle-gruen-gelb.jpg?fit=1200%2C1018&ssl=1&resize=350%2C200 1x, https:\/\/i0.wp.com\/www.alpakahof-hahn.at\/shop\/wp-content\/uploads\/2018\/10\/alpaka-wolle-gruen-gelb.jpg?fit=1200%2C1018&ssl=1&resize=525%2C300 1.5x, https:\/\/i0.wp.com\/www.alpakahof-hahn.at\/shop\/wp-content\/uploads\/2018\/10\/alpaka-wolle-gruen-gelb.jpg?fit=1200%2C1018&ssl=1&resize=700%2C400 2x, https:\/\/i0.wp.com\/www.alpakahof-hahn.at\/shop\/wp-content\/uploads\/2018\/10\/alpaka-wolle-gruen-gelb.jpg?fit=1200%2C1018&ssl=1&resize=1050%2C600 3x"},"classes":[]}],"_links":{"self":[{"href":"https:\/\/www.alpakahof-hahn.at\/shop\/wp-json\/wp\/v2\/product\/8870","targetHints":{"allow":["GET"]}}],"collection":[{"href":"https:\/\/www.alpakahof-hahn.at\/shop\/wp-json\/wp\/v2\/product"}],"about":[{"href":"https:\/\/www.alpakahof-hahn.at\/shop\/wp-json\/wp\/v2\/types\/product"}],"wp:featuredmedia":[{"embeddable":true,"href":"https:\/\/www.alpakahof-hahn.at\/shop\/wp-json\/wp\/v2\/media\/8937"}],"wp:attachment":[{"href":"https:\/\/www.alpakahof-hahn.at\/shop\/wp-json\/wp\/v2\/media?parent=8870"}],"wp:term":[{"taxonomy":"brand","embeddable":true,"href":"https:\/\/www.alpakahof-hahn.at\/shop\/wp-json\/wp\/v2\/etheme_brands?post=8870"},{"taxonomy":"product_brand","embeddable":true,"href":"https:\/\/www.alpakahof-hahn.at\/shop\/wp-json\/wp\/v2\/product_brand?post=8870"},{"taxonomy":"product_cat","embeddable":true,"href":"https:\/\/www.alpakahof-hahn.at\/shop\/wp-json\/wp\/v2\/product_cat?post=8870"},{"taxonomy":"product_tag","embeddable":true,"href":"https:\/\/www.alpakahof-hahn.at\/shop\/wp-json\/wp\/v2\/product_tag?post=8870"}],"curies":[{"name":"wp","href":"https:\/\/api.w.org\/{rel}","templated":true}]}}