{"id":7216,"date":"2019-12-06T13:00:42","date_gmt":"2019-12-06T12:00:42","guid":{"rendered":"https:\/\/www.alpakahof-hahn.at\/shop\/?post_type=product&#038;p=7216"},"modified":"2026-02-19T12:33:21","modified_gmt":"2026-02-19T11:33:21","slug":"alpaka-wertgutschein-per-post-verschickt","status":"publish","type":"product","link":"https:\/\/www.alpakahof-hahn.at\/shop\/produkt\/alpaka-wertgutschein-per-post-verschickt\/","title":{"rendered":"Wertgutschein per Post verschickt"},"content":{"rendered":"","protected":false},"excerpt":{"rendered":"<p>Unser Alpaka-Wertgutschein ist ideal f\u00fcr jene, die dem Beschenkten die Qual der Wahl lassen wollen. Egal ob Hauben, Socken, Handschuhe etc. &#8211; der Wertgutschein kann auf allen Alpaka-Produkten in unserem Online-Shop sowie im Hofladen vor Ort eingel\u00f6st werden. Genauso ist der Alpaka-Wertgutschein f\u00fcr unsere Alpaka-Wanderungen vor Ort bei uns am Hof einl\u00f6sbar.<\/p>\n<p>Einfach Gutscheinwert (alles zwischen \u20ac10-\u20ac500) ausw\u00e4hlen, Empf\u00e4ngername und eine pers\u00f6nliche Nachricht eingeben.<\/p>\n<p>Sobald wir deine Zahlung erhalten haben, versenden wir den gedruckten Gutschein per Post an dich.<\/p>\n","protected":false},"featured_media":8523,"template":"","meta":{"jetpack_post_was_ever_published":false,"jetpack_publicize_message":"","jetpack_publicize_feature_enabled":true,"jetpack_social_post_already_shared":true,"jetpack_social_options":{"image_generator_settings":{"template":"highway","default_image_id":0,"font":"","enabled":false},"version":2}},"etheme_brands":[],"product_brand":[],"product_cat":[129],"product_tag":[],"class_list":{"0":"post-7216","1":"product","2":"type-product","3":"status-publish","4":"has-post-thumbnail","6":"product_cat-alpaka-gutscheine","8":"first","9":"instock","10":"taxable","11":"shipping-taxable","12":"purchasable","13":"product-type-simple"},"supplier_id":null,"supplier_sku":"","barcode":null,"atum_controlled":true,"out_stock_date":null,"out_stock_threshold":null,"inheritable":false,"inbound_stock":null,"stock_on_hold":0,"sold_today":0,"sales_last_days":0,"reserved_stock":null,"customer_returns":null,"warehouse_damage":null,"lost_in_post":null,"other_logs":null,"out_stock_days":0,"lost_sales":0,"has_location":false,"update_date":"2026-04-14T08:26:58","atum_locations":[],"atum_stock_status":"instock","restock_status":false,"low_stock_amount":"","sales_update_date":"2026-04-14T08:26:58","calc_backorders":null,"yoast_head":"<!-- This site is optimized with the Yoast SEO plugin v26.5 - https:\/\/yoast.com\/wordpress\/plugins\/seo\/ -->\n<title>Alpaka-Wertgutschein per Post verschickt - Alpaka Online-Shop<\/title>\n<meta name=\"description\" content=\"Perfekt f\u00fcr deine Lieben: Der Alpaka-Wertgutschein f\u00fcr Alpaka-Haube, Handschuhe, Socken und vieles mehr. Jetzt bestellen.\" \/>\n<meta name=\"robots\" content=\"index, follow, max-snippet:-1, max-image-preview:large, max-video-preview:-1\" \/>\n<link rel=\"canonical\" href=\"https:\/\/www.alpakahof-hahn.at\/shop\/produkt\/alpaka-wertgutschein-per-post-verschickt\/\" \/>\n<meta name=\"twitter:card\" content=\"summary_large_image\" \/>\n<meta name=\"twitter:title\" content=\"Alpaka-Wertgutschein per Post verschickt - Alpaka Online-Shop\" \/>\n<meta name=\"twitter:description\" content=\"Perfekt f\u00fcr deine Lieben: Der Alpaka-Wertgutschein f\u00fcr Alpaka-Haube, Handschuhe, Socken und vieles mehr. Jetzt bestellen.\" \/>\n<meta name=\"twitter:image\" content=\"https:\/\/i0.wp.com\/www.alpakahof-hahn.at\/shop\/wp-content\/uploads\/2019\/12\/alpaka-gutschein-post-versand-alpakahofhahn.jpg?fit=475%2C720&ssl=1\" \/>\n<meta name=\"twitter:label1\" content=\"Gesch\u00e4tzte Lesezeit\" \/>\n\t<meta name=\"twitter:data1\" content=\"1\u00a0Minute\" \/>\n<script type=\"application\/ld+json\" class=\"yoast-schema-graph\">{\"@context\":\"https:\/\/schema.org\",\"@graph\":[{\"@type\":\"WebPage\",\"@id\":\"https:\/\/www.alpakahof-hahn.at\/shop\/produkt\/alpaka-wertgutschein-per-post-verschickt\/\",\"url\":\"https:\/\/www.alpakahof-hahn.at\/shop\/produkt\/alpaka-wertgutschein-per-post-verschickt\/\",\"name\":\"Alpaka-Wertgutschein per Post verschickt - Alpaka Online-Shop\",\"isPartOf\":{\"@id\":\"https:\/\/www.alpakahof-hahn.at\/shop\/#website\"},\"primaryImageOfPage\":{\"@id\":\"https:\/\/www.alpakahof-hahn.at\/shop\/produkt\/alpaka-wertgutschein-per-post-verschickt\/#primaryimage\"},\"image\":{\"@id\":\"https:\/\/www.alpakahof-hahn.at\/shop\/produkt\/alpaka-wertgutschein-per-post-verschickt\/#primaryimage\"},\"thumbnailUrl\":\"https:\/\/i0.wp.com\/www.alpakahof-hahn.at\/shop\/wp-content\/uploads\/2019\/12\/alpaka-gutschein-post-versand-alpakahofhahn.jpg?fit=475%2C720&ssl=1\",\"datePublished\":\"2019-12-06T12:00:42+00:00\",\"dateModified\":\"2026-02-19T11:33:21+00:00\",\"description\":\"Perfekt f\u00fcr deine Lieben: Der Alpaka-Wertgutschein f\u00fcr Alpaka-Haube, Handschuhe, Socken und vieles mehr. Jetzt bestellen.\",\"breadcrumb\":{\"@id\":\"https:\/\/www.alpakahof-hahn.at\/shop\/produkt\/alpaka-wertgutschein-per-post-verschickt\/#breadcrumb\"},\"inLanguage\":\"de\",\"potentialAction\":[{\"@type\":\"ReadAction\",\"target\":[\"https:\/\/www.alpakahof-hahn.at\/shop\/produkt\/alpaka-wertgutschein-per-post-verschickt\/\"]}]},{\"@type\":\"ImageObject\",\"inLanguage\":\"de\",\"@id\":\"https:\/\/www.alpakahof-hahn.at\/shop\/produkt\/alpaka-wertgutschein-per-post-verschickt\/#primaryimage\",\"url\":\"https:\/\/i0.wp.com\/www.alpakahof-hahn.at\/shop\/wp-content\/uploads\/2019\/12\/alpaka-gutschein-post-versand-alpakahofhahn.jpg?fit=475%2C720&ssl=1\",\"contentUrl\":\"https:\/\/i0.wp.com\/www.alpakahof-hahn.at\/shop\/wp-content\/uploads\/2019\/12\/alpaka-gutschein-post-versand-alpakahofhahn.jpg?fit=475%2C720&ssl=1\",\"width\":475,\"height\":720},{\"@type\":\"BreadcrumbList\",\"@id\":\"https:\/\/www.alpakahof-hahn.at\/shop\/produkt\/alpaka-wertgutschein-per-post-verschickt\/#breadcrumb\",\"itemListElement\":[{\"@type\":\"ListItem\",\"position\":1,\"name\":\"Shop\",\"item\":\"https:\/\/www.alpakahof-hahn.at\/shop\/\"},{\"@type\":\"ListItem\",\"position\":2,\"name\":\"Shop\",\"item\":\"https:\/\/www.alpakahof-hahn.at\/shop\/shop\/\"},{\"@type\":\"ListItem\",\"position\":3,\"name\":\"Wertgutschein per Post verschickt\"}]},{\"@type\":\"WebSite\",\"@id\":\"https:\/\/www.alpakahof-hahn.at\/shop\/#website\",\"url\":\"https:\/\/www.alpakahof-hahn.at\/shop\/\",\"name\":\"Alpaka Online-Shop\",\"description\":\"Der Hofladen der Familie Hahn\",\"potentialAction\":[{\"@type\":\"SearchAction\",\"target\":{\"@type\":\"EntryPoint\",\"urlTemplate\":\"https:\/\/www.alpakahof-hahn.at\/shop\/?s={search_term_string}\"},\"query-input\":{\"@type\":\"PropertyValueSpecification\",\"valueRequired\":true,\"valueName\":\"search_term_string\"}}],\"inLanguage\":\"de\"}]}<\/script>\n<!-- \/ Yoast SEO plugin. -->","yoast_head_json":{"title":"Alpaka-Wertgutschein per Post verschickt - Alpaka Online-Shop","description":"Perfekt f\u00fcr deine Lieben: Der Alpaka-Wertgutschein f\u00fcr Alpaka-Haube, Handschuhe, Socken und vieles mehr. Jetzt bestellen.","robots":{"index":"index","follow":"follow","max-snippet":"max-snippet:-1","max-image-preview":"max-image-preview:large","max-video-preview":"max-video-preview:-1"},"canonical":"https:\/\/www.alpakahof-hahn.at\/shop\/produkt\/alpaka-wertgutschein-per-post-verschickt\/","twitter_card":"summary_large_image","twitter_title":"Alpaka-Wertgutschein per Post verschickt - Alpaka Online-Shop","twitter_description":"Perfekt f\u00fcr deine Lieben: Der Alpaka-Wertgutschein f\u00fcr Alpaka-Haube, Handschuhe, Socken und vieles mehr. Jetzt bestellen.","twitter_image":"https:\/\/i0.wp.com\/www.alpakahof-hahn.at\/shop\/wp-content\/uploads\/2019\/12\/alpaka-gutschein-post-versand-alpakahofhahn.jpg?fit=475%2C720&ssl=1","twitter_misc":{"Gesch\u00e4tzte Lesezeit":"1\u00a0Minute"},"schema":{"@context":"https:\/\/schema.org","@graph":[{"@type":"WebPage","@id":"https:\/\/www.alpakahof-hahn.at\/shop\/produkt\/alpaka-wertgutschein-per-post-verschickt\/","url":"https:\/\/www.alpakahof-hahn.at\/shop\/produkt\/alpaka-wertgutschein-per-post-verschickt\/","name":"Alpaka-Wertgutschein per Post verschickt - Alpaka Online-Shop","isPartOf":{"@id":"https:\/\/www.alpakahof-hahn.at\/shop\/#website"},"primaryImageOfPage":{"@id":"https:\/\/www.alpakahof-hahn.at\/shop\/produkt\/alpaka-wertgutschein-per-post-verschickt\/#primaryimage"},"image":{"@id":"https:\/\/www.alpakahof-hahn.at\/shop\/produkt\/alpaka-wertgutschein-per-post-verschickt\/#primaryimage"},"thumbnailUrl":"https:\/\/i0.wp.com\/www.alpakahof-hahn.at\/shop\/wp-content\/uploads\/2019\/12\/alpaka-gutschein-post-versand-alpakahofhahn.jpg?fit=475%2C720&ssl=1","datePublished":"2019-12-06T12:00:42+00:00","dateModified":"2026-02-19T11:33:21+00:00","description":"Perfekt f\u00fcr deine Lieben: Der Alpaka-Wertgutschein f\u00fcr Alpaka-Haube, Handschuhe, Socken und vieles mehr. Jetzt bestellen.","breadcrumb":{"@id":"https:\/\/www.alpakahof-hahn.at\/shop\/produkt\/alpaka-wertgutschein-per-post-verschickt\/#breadcrumb"},"inLanguage":"de","potentialAction":[{"@type":"ReadAction","target":["https:\/\/www.alpakahof-hahn.at\/shop\/produkt\/alpaka-wertgutschein-per-post-verschickt\/"]}]},{"@type":"ImageObject","inLanguage":"de","@id":"https:\/\/www.alpakahof-hahn.at\/shop\/produkt\/alpaka-wertgutschein-per-post-verschickt\/#primaryimage","url":"https:\/\/i0.wp.com\/www.alpakahof-hahn.at\/shop\/wp-content\/uploads\/2019\/12\/alpaka-gutschein-post-versand-alpakahofhahn.jpg?fit=475%2C720&ssl=1","contentUrl":"https:\/\/i0.wp.com\/www.alpakahof-hahn.at\/shop\/wp-content\/uploads\/2019\/12\/alpaka-gutschein-post-versand-alpakahofhahn.jpg?fit=475%2C720&ssl=1","width":475,"height":720},{"@type":"BreadcrumbList","@id":"https:\/\/www.alpakahof-hahn.at\/shop\/produkt\/alpaka-wertgutschein-per-post-verschickt\/#breadcrumb","itemListElement":[{"@type":"ListItem","position":1,"name":"Shop","item":"https:\/\/www.alpakahof-hahn.at\/shop\/"},{"@type":"ListItem","position":2,"name":"Shop","item":"https:\/\/www.alpakahof-hahn.at\/shop\/shop\/"},{"@type":"ListItem","position":3,"name":"Wertgutschein per Post verschickt"}]},{"@type":"WebSite","@id":"https:\/\/www.alpakahof-hahn.at\/shop\/#website","url":"https:\/\/www.alpakahof-hahn.at\/shop\/","name":"Alpaka Online-Shop","description":"Der Hofladen der Familie Hahn","potentialAction":[{"@type":"SearchAction","target":{"@type":"EntryPoint","urlTemplate":"https:\/\/www.alpakahof-hahn.at\/shop\/?s={search_term_string}"},"query-input":{"@type":"PropertyValueSpecification","valueRequired":true,"valueName":"search_term_string"}}],"inLanguage":"de"}]}},"jetpack_publicize_connections":[],"jetpack_sharing_enabled":true,"jetpack-related-posts":[{"id":6946,"url":"https:\/\/www.alpakahof-hahn.at\/shop\/produkt\/wertgutschein-zum-ausdrucken\/","url_meta":{"origin":7216,"position":0},"title":"Wertgutschein zum selber Ausdrucken","author":"Manuel Hahn","date":"30. November 2019","format":false,"excerpt":"Unser Alpaka-Wertgutschein ist ideal f\u00fcr jene, die dem Beschenkten die Qual der Wahl lassen wollen. Egal ob Hauben, Socken, Handschuhe etc. - der Wertgutschein kann auf allen Alpaka-Produkten in unserem Online-Shop sowie im Hofladen vor Ort eingel\u00f6st werden. Genauso ist der Alpaka-Wertgutschein f\u00fcr unsere Alpaka-Wanderungen vor Ort bei uns am\u2026","rel":"","context":"\u00c4hnlicher Beitrag","block_context":{"text":"\u00c4hnlicher Beitrag","link":""},"img":{"alt_text":"","src":"https:\/\/i0.wp.com\/www.alpakahof-hahn.at\/shop\/wp-content\/uploads\/2019\/11\/alpaka-gutschein-alpakahofhahn-1.jpg?fit=475%2C720&ssl=1&resize=350%2C200","width":350,"height":200},"classes":[]},{"id":4520,"url":"https:\/\/www.alpakahof-hahn.at\/shop\/produkt\/alpaka-kaenguru-handschuhe-anthrazit\/","url_meta":{"origin":7216,"position":1},"title":"Alpaka K\u00e4nguru Handschuhe anthrazit","author":"Manuel Hahn","date":"1. Mai 2017","format":false,"excerpt":"Wer kennt das nicht: Entweder die Finger frieren, oder ich kann mein Smartphone nicht bedienen. Die Qual der Wahl. Hierf\u00fcr haben wir eine bequeme L\u00f6sung: Mit den K\u00e4nguru Handschuhen im klassischen Anthrazit ist man flexibel und hat trotzdem warme Finger. Zwei Fliegen mit einer Klappe: F\u00e4ustlinge und Halbfinger-Handschuh - Sie\u2026","rel":"","context":"\u00c4hnlicher Beitrag","block_context":{"text":"\u00c4hnlicher Beitrag","link":""},"img":{"alt_text":"","src":"https:\/\/i0.wp.com\/www.alpakahof-hahn.at\/shop\/wp-content\/uploads\/2017\/05\/08087-anthrazit-01-15.jpg?fit=527%2C800&ssl=1&resize=350%2C200","width":350,"height":200,"srcset":"https:\/\/i0.wp.com\/www.alpakahof-hahn.at\/shop\/wp-content\/uploads\/2017\/05\/08087-anthrazit-01-15.jpg?fit=527%2C800&ssl=1&resize=350%2C200 1x, https:\/\/i0.wp.com\/www.alpakahof-hahn.at\/shop\/wp-content\/uploads\/2017\/05\/08087-anthrazit-01-15.jpg?fit=527%2C800&ssl=1&resize=525%2C300 1.5x"},"classes":[]},{"id":46114,"url":"https:\/\/www.alpakahof-hahn.at\/shop\/produkt\/alpaka-kaenguru-handschuhe-schwarz\/","url_meta":{"origin":7216,"position":2},"title":"Alpaka K\u00e4nguru Handschuhe schwarz","author":"Manuel Hahn","date":"24. November 2021","format":false,"excerpt":"Wer kennt das nicht: Entweder die Finger frieren, oder ich kann mein Smartphone nicht bedienen. Die Qual der Wahl. Hierf\u00fcr haben wir eine bequeme L\u00f6sung: Mit den K\u00e4nguru Handschuhen im klassischen Anthrazit ist man flexibel und hat trotzdem warme Finger. Zwei Fliegen mit einer Klappe: F\u00e4ustlinge und Halbfinger-Handschuh - Sie\u2026","rel":"","context":"\u00c4hnlicher Beitrag","block_context":{"text":"\u00c4hnlicher Beitrag","link":""},"img":{"alt_text":"","src":"https:\/\/i0.wp.com\/www.alpakahof-hahn.at\/shop\/wp-content\/uploads\/2021\/11\/Alpaka-Handschuhe-schwarz-Alpakahof-Hahn-1.jpg?fit=527%2C800&ssl=1&resize=350%2C200","width":350,"height":200,"srcset":"https:\/\/i0.wp.com\/www.alpakahof-hahn.at\/shop\/wp-content\/uploads\/2021\/11\/Alpaka-Handschuhe-schwarz-Alpakahof-Hahn-1.jpg?fit=527%2C800&ssl=1&resize=350%2C200 1x, https:\/\/i0.wp.com\/www.alpakahof-hahn.at\/shop\/wp-content\/uploads\/2021\/11\/Alpaka-Handschuhe-schwarz-Alpakahof-Hahn-1.jpg?fit=527%2C800&ssl=1&resize=525%2C300 1.5x"},"classes":[]},{"id":4539,"url":"https:\/\/www.alpakahof-hahn.at\/shop\/produkt\/alpaka-thermosohlen-gummiert\/","url_meta":{"origin":7216,"position":3},"title":"Alpaka Thermosohlen","author":"Manuel Hahn","date":"1. Mai 2017","format":false,"excerpt":"Trotz klirrender K\u00e4lte warme F\u00fc\u00dfe haben? Ganz leicht mit den Alpaka Einlege-Sohlen aus hochwertigem und qualitativem Filz. Dank der einzigartigen Thermoeigenschaft der Alpaka-Wolle haben Sie stets ein angenehmes Klima im Schuh. Das sch\u00fctzt auch vor unangenehmer Geruchsbildung.\u00a0Der Filz ist druckelastisch und widerstandsf\u00e4hig, der Tragekomfort daher sehr angenehm. Durch eine latexbeschichtete\u2026","rel":"","context":"\u00c4hnlicher Beitrag","block_context":{"text":"\u00c4hnlicher Beitrag","link":""},"img":{"alt_text":"","src":"https:\/\/i0.wp.com\/www.alpakahof-hahn.at\/shop\/wp-content\/uploads\/2017\/05\/alpaka-schuheinlagen-alpakahof-hahn.jpg?fit=475%2C556&ssl=1&resize=350%2C200","width":350,"height":200},"classes":[]},{"id":31066,"url":"https:\/\/www.alpakahof-hahn.at\/shop\/produkt\/baby-alpaka-webschal-kariert-rot\/","url_meta":{"origin":7216,"position":4},"title":"Baby-Alpaka Webschal kariert rot","author":"Manuel Hahn","date":"4. November 2020","format":false,"excerpt":"Nie mehr frieren - und dabei auch noch chic aussehen! Mit dem flauschig warmen Schal aus dem Fell des Baby Alpaka hat die K\u00e4lte keine Chance. Mit seinem eleganten Erscheinungsbild und der brillanten Farbe ist er ein Schal f\u00fcr jede Gelegenheit. \u2013 elegant, sportlich oder l\u00e4ssig zu kombinieren \u2013 zeitloses\u2026","rel":"","context":"\u00c4hnlicher Beitrag","block_context":{"text":"\u00c4hnlicher Beitrag","link":""},"img":{"alt_text":"","src":"https:\/\/i0.wp.com\/www.alpakahof-hahn.at\/shop\/wp-content\/uploads\/2020\/11\/Baby-Alpaka-Webschal-kariert-rot-alpakahof-hahn2.jpg?fit=675%2C1024&ssl=1&resize=350%2C200","width":350,"height":200,"srcset":"https:\/\/i0.wp.com\/www.alpakahof-hahn.at\/shop\/wp-content\/uploads\/2020\/11\/Baby-Alpaka-Webschal-kariert-rot-alpakahof-hahn2.jpg?fit=675%2C1024&ssl=1&resize=350%2C200 1x, https:\/\/i0.wp.com\/www.alpakahof-hahn.at\/shop\/wp-content\/uploads\/2020\/11\/Baby-Alpaka-Webschal-kariert-rot-alpakahof-hahn2.jpg?fit=675%2C1024&ssl=1&resize=525%2C300 1.5x"},"classes":[]},{"id":5410,"url":"https:\/\/www.alpakahof-hahn.at\/shop\/produkt\/baby-alpaka-webschal-kariert-grau\/","url_meta":{"origin":7216,"position":5},"title":"Baby-Alpaka Webschal kariert in grau","author":"Manuel Hahn","date":"12. November 2018","format":false,"excerpt":"Nie mehr frieren - und dabei auch noch chic aussehen! Mit dem flauschig warmen Schal aus dem Fell des Baby Alpaka hat die K\u00e4lte keine Chance. Mit seinem eleganten Erscheinungsbild und der brillanten Farbe ist er ein Schal f\u00fcr jede Gelegenheit. \u2013 elegant, sportlich oder l\u00e4ssig zu kombinieren \u2013 zeitloses\u2026","rel":"","context":"\u00c4hnlicher Beitrag","block_context":{"text":"\u00c4hnlicher Beitrag","link":""},"img":{"alt_text":"","src":"https:\/\/i0.wp.com\/www.alpakahof-hahn.at\/shop\/wp-content\/uploads\/2018\/11\/09280-baby-alpaka-schal-grau-karo.jpg?fit=676%2C1025&ssl=1&resize=350%2C200","width":350,"height":200,"srcset":"https:\/\/i0.wp.com\/www.alpakahof-hahn.at\/shop\/wp-content\/uploads\/2018\/11\/09280-baby-alpaka-schal-grau-karo.jpg?fit=676%2C1025&ssl=1&resize=350%2C200 1x, https:\/\/i0.wp.com\/www.alpakahof-hahn.at\/shop\/wp-content\/uploads\/2018\/11\/09280-baby-alpaka-schal-grau-karo.jpg?fit=676%2C1025&ssl=1&resize=525%2C300 1.5x"},"classes":[]}],"_links":{"self":[{"href":"https:\/\/www.alpakahof-hahn.at\/shop\/wp-json\/wp\/v2\/product\/7216","targetHints":{"allow":["GET"]}}],"collection":[{"href":"https:\/\/www.alpakahof-hahn.at\/shop\/wp-json\/wp\/v2\/product"}],"about":[{"href":"https:\/\/www.alpakahof-hahn.at\/shop\/wp-json\/wp\/v2\/types\/product"}],"wp:featuredmedia":[{"embeddable":true,"href":"https:\/\/www.alpakahof-hahn.at\/shop\/wp-json\/wp\/v2\/media\/8523"}],"wp:attachment":[{"href":"https:\/\/www.alpakahof-hahn.at\/shop\/wp-json\/wp\/v2\/media?parent=7216"}],"wp:term":[{"taxonomy":"brand","embeddable":true,"href":"https:\/\/www.alpakahof-hahn.at\/shop\/wp-json\/wp\/v2\/etheme_brands?post=7216"},{"taxonomy":"product_brand","embeddable":true,"href":"https:\/\/www.alpakahof-hahn.at\/shop\/wp-json\/wp\/v2\/product_brand?post=7216"},{"taxonomy":"product_cat","embeddable":true,"href":"https:\/\/www.alpakahof-hahn.at\/shop\/wp-json\/wp\/v2\/product_cat?post=7216"},{"taxonomy":"product_tag","embeddable":true,"href":"https:\/\/www.alpakahof-hahn.at\/shop\/wp-json\/wp\/v2\/product_tag?post=7216"}],"curies":[{"name":"wp","href":"https:\/\/api.w.org\/{rel}","templated":true}]}}