{"id":6946,"date":"2019-11-30T18:32:29","date_gmt":"2019-11-30T17:32:29","guid":{"rendered":"https:\/\/www.alpakahof-hahn.at\/shop\/?post_type=product&#038;p=6946"},"modified":"2025-12-10T22:42:23","modified_gmt":"2025-12-10T21:42:23","slug":"wertgutschein-zum-ausdrucken","status":"publish","type":"product","link":"https:\/\/www.alpakahof-hahn.at\/shop\/produkt\/wertgutschein-zum-ausdrucken\/","title":{"rendered":"Wertgutschein zum selber Ausdrucken"},"content":{"rendered":"","protected":false},"excerpt":{"rendered":"<p>Unser Alpaka-Wertgutschein ist ideal f\u00fcr jene, die dem Beschenkten die Qual der Wahl lassen wollen. Egal ob Hauben, Socken, Handschuhe etc. &#8211; der Wertgutschein kann auf allen Alpaka-Produkten in unserem Online-Shop sowie im Hofladen vor Ort eingel\u00f6st werden. Genauso ist der Alpaka-Wertgutschein f\u00fcr unsere Alpaka-Wanderungen vor Ort bei uns am Hof einl\u00f6sbar.<\/p>\n<p>Einfach Gutscheinwert (alles zwischen \u20ac10-\u20ac500), Empf\u00e4ngername und deine pers\u00f6nliche Nachricht eingeben. Sobald wir deine Zahlung erhalten haben, bekommst du den Gutschein innerhalb weniger Stunden per E-Mail als PDF zugeschickt.<\/p>\n<p>INFO: Wenn du mit Kreditkarte zahlst, bekommst du sofort danach eine Best\u00e4tigungsemail mit dem Gutschein-Code. Wenige Stunden sp\u00e4ter bekommst du dann das druckbare PDF von uns per E-Mail zugeschickt.<\/p>\n","protected":false},"featured_media":8522,"template":"","meta":{"jetpack_post_was_ever_published":false,"jetpack_publicize_message":"","jetpack_publicize_feature_enabled":true,"jetpack_social_post_already_shared":true,"jetpack_social_options":{"image_generator_settings":{"template":"highway","default_image_id":0,"font":"","enabled":false},"version":2}},"etheme_brands":[],"product_brand":[],"product_cat":[129],"product_tag":[],"class_list":{"0":"post-6946","1":"product","2":"type-product","3":"status-publish","4":"has-post-thumbnail","6":"product_cat-alpaka-gutscheine","7":"product_shipping_class-gutschein","9":"first","10":"instock","11":"taxable","12":"shipping-taxable","13":"purchasable","14":"product-type-simple"},"supplier_id":null,"supplier_sku":"","barcode":null,"atum_controlled":true,"out_stock_date":null,"out_stock_threshold":null,"inheritable":false,"inbound_stock":null,"stock_on_hold":1,"sold_today":0,"sales_last_days":0,"reserved_stock":null,"customer_returns":null,"warehouse_damage":null,"lost_in_post":null,"other_logs":null,"out_stock_days":0,"lost_sales":0,"has_location":false,"update_date":"2026-04-14T08:26:53","atum_locations":[],"atum_stock_status":"instock","restock_status":false,"low_stock_amount":"","sales_update_date":"2026-04-14T08:26:53","calc_backorders":null,"yoast_head":"<!-- This site is optimized with the Yoast SEO plugin v26.5 - https:\/\/yoast.com\/wordpress\/plugins\/seo\/ -->\n<title>Alpaka-Wertgutschein zum selber Ausdrucken- Alpaka Online-Shop<\/title>\n<meta name=\"description\" content=\"Perfekt f\u00fcr deine Lieben: Einen beliebigen Gutscheinwert ausw\u00e4hlen, bezahlen und direkt danach den Alpaka-Gutschein selbst ausdrucken. Jetzt bestellen.\" \/>\n<meta name=\"robots\" content=\"index, follow, max-snippet:-1, max-image-preview:large, max-video-preview:-1\" \/>\n<link rel=\"canonical\" href=\"https:\/\/www.alpakahof-hahn.at\/shop\/produkt\/wertgutschein-zum-ausdrucken\/\" \/>\n<meta name=\"twitter:card\" content=\"summary_large_image\" \/>\n<meta name=\"twitter:title\" content=\"Alpaka-Wertgutschein zum selber Ausdrucken- Alpaka Online-Shop\" \/>\n<meta name=\"twitter:description\" content=\"Perfekt f\u00fcr deine Lieben: Einen beliebigen Gutscheinwert ausw\u00e4hlen, bezahlen und direkt danach den Alpaka-Gutschein selbst ausdrucken. Jetzt bestellen.\" \/>\n<meta name=\"twitter:image\" content=\"https:\/\/i0.wp.com\/www.alpakahof-hahn.at\/shop\/wp-content\/uploads\/2019\/11\/alpaka-gutschein-alpakahofhahn-1.jpg?fit=475%2C720&ssl=1\" \/>\n<meta name=\"twitter:label1\" content=\"Gesch\u00e4tzte Lesezeit\" \/>\n\t<meta name=\"twitter:data1\" content=\"1\u00a0Minute\" \/>\n<script type=\"application\/ld+json\" class=\"yoast-schema-graph\">{\"@context\":\"https:\/\/schema.org\",\"@graph\":[{\"@type\":\"WebPage\",\"@id\":\"https:\/\/www.alpakahof-hahn.at\/shop\/produkt\/wertgutschein-zum-ausdrucken\/\",\"url\":\"https:\/\/www.alpakahof-hahn.at\/shop\/produkt\/wertgutschein-zum-ausdrucken\/\",\"name\":\"Alpaka-Wertgutschein zum selber Ausdrucken- Alpaka Online-Shop\",\"isPartOf\":{\"@id\":\"https:\/\/www.alpakahof-hahn.at\/shop\/#website\"},\"primaryImageOfPage\":{\"@id\":\"https:\/\/www.alpakahof-hahn.at\/shop\/produkt\/wertgutschein-zum-ausdrucken\/#primaryimage\"},\"image\":{\"@id\":\"https:\/\/www.alpakahof-hahn.at\/shop\/produkt\/wertgutschein-zum-ausdrucken\/#primaryimage\"},\"thumbnailUrl\":\"https:\/\/i0.wp.com\/www.alpakahof-hahn.at\/shop\/wp-content\/uploads\/2019\/11\/alpaka-gutschein-alpakahofhahn-1.jpg?fit=475%2C720&ssl=1\",\"datePublished\":\"2019-11-30T17:32:29+00:00\",\"dateModified\":\"2025-12-10T21:42:23+00:00\",\"description\":\"Perfekt f\u00fcr deine Lieben: Einen beliebigen Gutscheinwert ausw\u00e4hlen, bezahlen und direkt danach den Alpaka-Gutschein selbst ausdrucken. Jetzt bestellen.\",\"breadcrumb\":{\"@id\":\"https:\/\/www.alpakahof-hahn.at\/shop\/produkt\/wertgutschein-zum-ausdrucken\/#breadcrumb\"},\"inLanguage\":\"de\",\"potentialAction\":[{\"@type\":\"ReadAction\",\"target\":[\"https:\/\/www.alpakahof-hahn.at\/shop\/produkt\/wertgutschein-zum-ausdrucken\/\"]}]},{\"@type\":\"ImageObject\",\"inLanguage\":\"de\",\"@id\":\"https:\/\/www.alpakahof-hahn.at\/shop\/produkt\/wertgutschein-zum-ausdrucken\/#primaryimage\",\"url\":\"https:\/\/i0.wp.com\/www.alpakahof-hahn.at\/shop\/wp-content\/uploads\/2019\/11\/alpaka-gutschein-alpakahofhahn-1.jpg?fit=475%2C720&ssl=1\",\"contentUrl\":\"https:\/\/i0.wp.com\/www.alpakahof-hahn.at\/shop\/wp-content\/uploads\/2019\/11\/alpaka-gutschein-alpakahofhahn-1.jpg?fit=475%2C720&ssl=1\",\"width\":475,\"height\":720},{\"@type\":\"BreadcrumbList\",\"@id\":\"https:\/\/www.alpakahof-hahn.at\/shop\/produkt\/wertgutschein-zum-ausdrucken\/#breadcrumb\",\"itemListElement\":[{\"@type\":\"ListItem\",\"position\":1,\"name\":\"Shop\",\"item\":\"https:\/\/www.alpakahof-hahn.at\/shop\/\"},{\"@type\":\"ListItem\",\"position\":2,\"name\":\"Shop\",\"item\":\"https:\/\/www.alpakahof-hahn.at\/shop\/shop\/\"},{\"@type\":\"ListItem\",\"position\":3,\"name\":\"Wertgutschein zum selber Ausdrucken\"}]},{\"@type\":\"WebSite\",\"@id\":\"https:\/\/www.alpakahof-hahn.at\/shop\/#website\",\"url\":\"https:\/\/www.alpakahof-hahn.at\/shop\/\",\"name\":\"Alpaka Online-Shop\",\"description\":\"Der Hofladen der Familie Hahn\",\"potentialAction\":[{\"@type\":\"SearchAction\",\"target\":{\"@type\":\"EntryPoint\",\"urlTemplate\":\"https:\/\/www.alpakahof-hahn.at\/shop\/?s={search_term_string}\"},\"query-input\":{\"@type\":\"PropertyValueSpecification\",\"valueRequired\":true,\"valueName\":\"search_term_string\"}}],\"inLanguage\":\"de\"}]}<\/script>\n<!-- \/ Yoast SEO plugin. -->","yoast_head_json":{"title":"Alpaka-Wertgutschein zum selber Ausdrucken- Alpaka Online-Shop","description":"Perfekt f\u00fcr deine Lieben: Einen beliebigen Gutscheinwert ausw\u00e4hlen, bezahlen und direkt danach den Alpaka-Gutschein selbst ausdrucken. Jetzt bestellen.","robots":{"index":"index","follow":"follow","max-snippet":"max-snippet:-1","max-image-preview":"max-image-preview:large","max-video-preview":"max-video-preview:-1"},"canonical":"https:\/\/www.alpakahof-hahn.at\/shop\/produkt\/wertgutschein-zum-ausdrucken\/","twitter_card":"summary_large_image","twitter_title":"Alpaka-Wertgutschein zum selber Ausdrucken- Alpaka Online-Shop","twitter_description":"Perfekt f\u00fcr deine Lieben: Einen beliebigen Gutscheinwert ausw\u00e4hlen, bezahlen und direkt danach den Alpaka-Gutschein selbst ausdrucken. Jetzt bestellen.","twitter_image":"https:\/\/i0.wp.com\/www.alpakahof-hahn.at\/shop\/wp-content\/uploads\/2019\/11\/alpaka-gutschein-alpakahofhahn-1.jpg?fit=475%2C720&ssl=1","twitter_misc":{"Gesch\u00e4tzte Lesezeit":"1\u00a0Minute"},"schema":{"@context":"https:\/\/schema.org","@graph":[{"@type":"WebPage","@id":"https:\/\/www.alpakahof-hahn.at\/shop\/produkt\/wertgutschein-zum-ausdrucken\/","url":"https:\/\/www.alpakahof-hahn.at\/shop\/produkt\/wertgutschein-zum-ausdrucken\/","name":"Alpaka-Wertgutschein zum selber Ausdrucken- Alpaka Online-Shop","isPartOf":{"@id":"https:\/\/www.alpakahof-hahn.at\/shop\/#website"},"primaryImageOfPage":{"@id":"https:\/\/www.alpakahof-hahn.at\/shop\/produkt\/wertgutschein-zum-ausdrucken\/#primaryimage"},"image":{"@id":"https:\/\/www.alpakahof-hahn.at\/shop\/produkt\/wertgutschein-zum-ausdrucken\/#primaryimage"},"thumbnailUrl":"https:\/\/i0.wp.com\/www.alpakahof-hahn.at\/shop\/wp-content\/uploads\/2019\/11\/alpaka-gutschein-alpakahofhahn-1.jpg?fit=475%2C720&ssl=1","datePublished":"2019-11-30T17:32:29+00:00","dateModified":"2025-12-10T21:42:23+00:00","description":"Perfekt f\u00fcr deine Lieben: Einen beliebigen Gutscheinwert ausw\u00e4hlen, bezahlen und direkt danach den Alpaka-Gutschein selbst ausdrucken. Jetzt bestellen.","breadcrumb":{"@id":"https:\/\/www.alpakahof-hahn.at\/shop\/produkt\/wertgutschein-zum-ausdrucken\/#breadcrumb"},"inLanguage":"de","potentialAction":[{"@type":"ReadAction","target":["https:\/\/www.alpakahof-hahn.at\/shop\/produkt\/wertgutschein-zum-ausdrucken\/"]}]},{"@type":"ImageObject","inLanguage":"de","@id":"https:\/\/www.alpakahof-hahn.at\/shop\/produkt\/wertgutschein-zum-ausdrucken\/#primaryimage","url":"https:\/\/i0.wp.com\/www.alpakahof-hahn.at\/shop\/wp-content\/uploads\/2019\/11\/alpaka-gutschein-alpakahofhahn-1.jpg?fit=475%2C720&ssl=1","contentUrl":"https:\/\/i0.wp.com\/www.alpakahof-hahn.at\/shop\/wp-content\/uploads\/2019\/11\/alpaka-gutschein-alpakahofhahn-1.jpg?fit=475%2C720&ssl=1","width":475,"height":720},{"@type":"BreadcrumbList","@id":"https:\/\/www.alpakahof-hahn.at\/shop\/produkt\/wertgutschein-zum-ausdrucken\/#breadcrumb","itemListElement":[{"@type":"ListItem","position":1,"name":"Shop","item":"https:\/\/www.alpakahof-hahn.at\/shop\/"},{"@type":"ListItem","position":2,"name":"Shop","item":"https:\/\/www.alpakahof-hahn.at\/shop\/shop\/"},{"@type":"ListItem","position":3,"name":"Wertgutschein zum selber Ausdrucken"}]},{"@type":"WebSite","@id":"https:\/\/www.alpakahof-hahn.at\/shop\/#website","url":"https:\/\/www.alpakahof-hahn.at\/shop\/","name":"Alpaka Online-Shop","description":"Der Hofladen der Familie Hahn","potentialAction":[{"@type":"SearchAction","target":{"@type":"EntryPoint","urlTemplate":"https:\/\/www.alpakahof-hahn.at\/shop\/?s={search_term_string}"},"query-input":{"@type":"PropertyValueSpecification","valueRequired":true,"valueName":"search_term_string"}}],"inLanguage":"de"}]}},"jetpack_publicize_connections":[],"jetpack_sharing_enabled":true,"jetpack-related-posts":[{"id":7216,"url":"https:\/\/www.alpakahof-hahn.at\/shop\/produkt\/alpaka-wertgutschein-per-post-verschickt\/","url_meta":{"origin":6946,"position":0},"title":"Wertgutschein per Post verschickt","author":"Manuel Hahn","date":"6. Dezember 2019","format":false,"excerpt":"Unser Alpaka-Wertgutschein ist ideal f\u00fcr jene, die dem Beschenkten die Qual der Wahl lassen wollen. Egal ob Hauben, Socken, Handschuhe etc. - der Wertgutschein kann auf allen Alpaka-Produkten in unserem Online-Shop sowie im Hofladen vor Ort eingel\u00f6st werden. Genauso ist der Alpaka-Wertgutschein f\u00fcr unsere Alpaka-Wanderungen vor Ort bei uns am\u2026","rel":"","context":"\u00c4hnlicher Beitrag","block_context":{"text":"\u00c4hnlicher Beitrag","link":""},"img":{"alt_text":"","src":"https:\/\/i0.wp.com\/www.alpakahof-hahn.at\/shop\/wp-content\/uploads\/2019\/12\/alpaka-gutschein-post-versand-alpakahofhahn.jpg?fit=475%2C720&ssl=1&resize=350%2C200","width":350,"height":200},"classes":[]},{"id":46450,"url":"https:\/\/www.alpakahof-hahn.at\/shop\/produkt\/alpaka-filztasche-wengan-streicheln-warads\/","url_meta":{"origin":6946,"position":1},"title":"Alpaka Filztasche &#8220;Wengan streicheln warads&#8221;","author":"Manuel Hahn","date":"5. Dezember 2021","format":false,"excerpt":"Diese stylische Alpaka-Filztasche ist der ideale Begleiter durch den Alltag. Mit dem Spruch drauf ein Muss f\u00fcr jeden Alpaka-Fan. Kurzum: Das perfekte Geschenk f\u00fcr deine Lieben oder dich selbst.","rel":"","context":"\u00c4hnlicher Beitrag","block_context":{"text":"\u00c4hnlicher Beitrag","link":""},"img":{"alt_text":"","src":"https:\/\/i0.wp.com\/www.alpakahof-hahn.at\/shop\/wp-content\/uploads\/2021\/12\/Alpaka-Filztasche-Wengan-streicheln-warads-Alpakahof-Hahn.jpg?fit=527%2C800&ssl=1&resize=350%2C200","width":350,"height":200,"srcset":"https:\/\/i0.wp.com\/www.alpakahof-hahn.at\/shop\/wp-content\/uploads\/2021\/12\/Alpaka-Filztasche-Wengan-streicheln-warads-Alpakahof-Hahn.jpg?fit=527%2C800&ssl=1&resize=350%2C200 1x, https:\/\/i0.wp.com\/www.alpakahof-hahn.at\/shop\/wp-content\/uploads\/2021\/12\/Alpaka-Filztasche-Wengan-streicheln-warads-Alpakahof-Hahn.jpg?fit=527%2C800&ssl=1&resize=525%2C300 1.5x"},"classes":[]},{"id":40783,"url":"https:\/\/www.alpakahof-hahn.at\/shop\/produkt\/alpaka-turnbeutel-aus-bio-baumwolle\/","url_meta":{"origin":6946,"position":2},"title":"Alpaka Turnbeutel &#8220;Wengan streicheln warads&#8221;","author":"Manuel Hahn","date":"10. Dezember 2020","format":false,"excerpt":"Dieser stylische Alpaka-Turnbeutel aus 100% Bio-Baumwolle ist der ideale Begleiter durch den Alltag. Mit dem Spruch drauf ein Muss f\u00fcr jeden Alpaka-Fan. Der Stoff aus 100% Baumwolle ist hochwertiger und belastbarer als durchschnittliche Turnbeutel aus Baumwolle. Kurzum: Das perfekte Geschenk f\u00fcr deine Lieben oder dich selbst. In schwarz passend zum\u2026","rel":"","context":"\u00c4hnlicher Beitrag","block_context":{"text":"\u00c4hnlicher Beitrag","link":""},"img":{"alt_text":"","src":"https:\/\/i0.wp.com\/www.alpakahof-hahn.at\/shop\/wp-content\/uploads\/2020\/12\/Turnbeutel-Beispiel-2.jpg?fit=621%2C580&ssl=1&resize=350%2C200","width":350,"height":200,"srcset":"https:\/\/i0.wp.com\/www.alpakahof-hahn.at\/shop\/wp-content\/uploads\/2020\/12\/Turnbeutel-Beispiel-2.jpg?fit=621%2C580&ssl=1&resize=350%2C200 1x, https:\/\/i0.wp.com\/www.alpakahof-hahn.at\/shop\/wp-content\/uploads\/2020\/12\/Turnbeutel-Beispiel-2.jpg?fit=621%2C580&ssl=1&resize=525%2C300 1.5x"},"classes":[]},{"id":31066,"url":"https:\/\/www.alpakahof-hahn.at\/shop\/produkt\/baby-alpaka-webschal-kariert-rot\/","url_meta":{"origin":6946,"position":3},"title":"Baby-Alpaka Webschal kariert rot","author":"Manuel Hahn","date":"4. November 2020","format":false,"excerpt":"Nie mehr frieren - und dabei auch noch chic aussehen! Mit dem flauschig warmen Schal aus dem Fell des Baby Alpaka hat die K\u00e4lte keine Chance. Mit seinem eleganten Erscheinungsbild und der brillanten Farbe ist er ein Schal f\u00fcr jede Gelegenheit. \u2013 elegant, sportlich oder l\u00e4ssig zu kombinieren \u2013 zeitloses\u2026","rel":"","context":"\u00c4hnlicher Beitrag","block_context":{"text":"\u00c4hnlicher Beitrag","link":""},"img":{"alt_text":"","src":"https:\/\/i0.wp.com\/www.alpakahof-hahn.at\/shop\/wp-content\/uploads\/2020\/11\/Baby-Alpaka-Webschal-kariert-rot-alpakahof-hahn2.jpg?fit=675%2C1024&ssl=1&resize=350%2C200","width":350,"height":200,"srcset":"https:\/\/i0.wp.com\/www.alpakahof-hahn.at\/shop\/wp-content\/uploads\/2020\/11\/Baby-Alpaka-Webschal-kariert-rot-alpakahof-hahn2.jpg?fit=675%2C1024&ssl=1&resize=350%2C200 1x, https:\/\/i0.wp.com\/www.alpakahof-hahn.at\/shop\/wp-content\/uploads\/2020\/11\/Baby-Alpaka-Webschal-kariert-rot-alpakahof-hahn2.jpg?fit=675%2C1024&ssl=1&resize=525%2C300 1.5x"},"classes":[]},{"id":5410,"url":"https:\/\/www.alpakahof-hahn.at\/shop\/produkt\/baby-alpaka-webschal-kariert-grau\/","url_meta":{"origin":6946,"position":4},"title":"Baby-Alpaka Webschal kariert in grau","author":"Manuel Hahn","date":"12. November 2018","format":false,"excerpt":"Nie mehr frieren - und dabei auch noch chic aussehen! Mit dem flauschig warmen Schal aus dem Fell des Baby Alpaka hat die K\u00e4lte keine Chance. Mit seinem eleganten Erscheinungsbild und der brillanten Farbe ist er ein Schal f\u00fcr jede Gelegenheit. \u2013 elegant, sportlich oder l\u00e4ssig zu kombinieren \u2013 zeitloses\u2026","rel":"","context":"\u00c4hnlicher Beitrag","block_context":{"text":"\u00c4hnlicher Beitrag","link":""},"img":{"alt_text":"","src":"https:\/\/i0.wp.com\/www.alpakahof-hahn.at\/shop\/wp-content\/uploads\/2018\/11\/09280-baby-alpaka-schal-grau-karo.jpg?fit=676%2C1025&ssl=1&resize=350%2C200","width":350,"height":200,"srcset":"https:\/\/i0.wp.com\/www.alpakahof-hahn.at\/shop\/wp-content\/uploads\/2018\/11\/09280-baby-alpaka-schal-grau-karo.jpg?fit=676%2C1025&ssl=1&resize=350%2C200 1x, https:\/\/i0.wp.com\/www.alpakahof-hahn.at\/shop\/wp-content\/uploads\/2018\/11\/09280-baby-alpaka-schal-grau-karo.jpg?fit=676%2C1025&ssl=1&resize=525%2C300 1.5x"},"classes":[]},{"id":33347,"url":"https:\/\/www.alpakahof-hahn.at\/shop\/produkt\/alpaka-tasse-das-leben-ist-kein-alpakahof\/","url_meta":{"origin":6946,"position":5},"title":"Alpaka Tasse &#8220;Das Leben ist kein Alpakahof&#8221;","author":"Manuel Hahn","date":"17. November 2020","format":false,"excerpt":"F\u00fcr jeden Alpaka-Fan ist diese robuste Emaille-Tasse aus Blech ein Muss. Diese wei\u00dfe Tasse mit schwarzem Rand ist das perfektes Geschenk sondern f\u00fcr Gro\u00df und Klein - lustiger Alpaka-Spruch inklusive. Egal ob zu Hause, beim Pick-Nick oder beim Wandern - diese robuste Tasse ist des perfekte Begleiter f\u00fcr dich und\u2026","rel":"","context":"\u00c4hnlicher Beitrag","block_context":{"text":"\u00c4hnlicher Beitrag","link":""},"img":{"alt_text":"","src":"https:\/\/i0.wp.com\/www.alpakahof-hahn.at\/shop\/wp-content\/uploads\/2020\/11\/alpakahof-hahn-emaille-tasse-das-leben-ist-kein-alpakahof.jpg?fit=800%2C800&ssl=1&resize=350%2C200","width":350,"height":200,"srcset":"https:\/\/i0.wp.com\/www.alpakahof-hahn.at\/shop\/wp-content\/uploads\/2020\/11\/alpakahof-hahn-emaille-tasse-das-leben-ist-kein-alpakahof.jpg?fit=800%2C800&ssl=1&resize=350%2C200 1x, https:\/\/i0.wp.com\/www.alpakahof-hahn.at\/shop\/wp-content\/uploads\/2020\/11\/alpakahof-hahn-emaille-tasse-das-leben-ist-kein-alpakahof.jpg?fit=800%2C800&ssl=1&resize=525%2C300 1.5x, https:\/\/i0.wp.com\/www.alpakahof-hahn.at\/shop\/wp-content\/uploads\/2020\/11\/alpakahof-hahn-emaille-tasse-das-leben-ist-kein-alpakahof.jpg?fit=800%2C800&ssl=1&resize=700%2C400 2x"},"classes":[]}],"_links":{"self":[{"href":"https:\/\/www.alpakahof-hahn.at\/shop\/wp-json\/wp\/v2\/product\/6946","targetHints":{"allow":["GET"]}}],"collection":[{"href":"https:\/\/www.alpakahof-hahn.at\/shop\/wp-json\/wp\/v2\/product"}],"about":[{"href":"https:\/\/www.alpakahof-hahn.at\/shop\/wp-json\/wp\/v2\/types\/product"}],"wp:featuredmedia":[{"embeddable":true,"href":"https:\/\/www.alpakahof-hahn.at\/shop\/wp-json\/wp\/v2\/media\/8522"}],"wp:attachment":[{"href":"https:\/\/www.alpakahof-hahn.at\/shop\/wp-json\/wp\/v2\/media?parent=6946"}],"wp:term":[{"taxonomy":"brand","embeddable":true,"href":"https:\/\/www.alpakahof-hahn.at\/shop\/wp-json\/wp\/v2\/etheme_brands?post=6946"},{"taxonomy":"product_brand","embeddable":true,"href":"https:\/\/www.alpakahof-hahn.at\/shop\/wp-json\/wp\/v2\/product_brand?post=6946"},{"taxonomy":"product_cat","embeddable":true,"href":"https:\/\/www.alpakahof-hahn.at\/shop\/wp-json\/wp\/v2\/product_cat?post=6946"},{"taxonomy":"product_tag","embeddable":true,"href":"https:\/\/www.alpakahof-hahn.at\/shop\/wp-json\/wp\/v2\/product_tag?post=6946"}],"curies":[{"name":"wp","href":"https:\/\/api.w.org\/{rel}","templated":true}]}}