{"id":6443,"date":"2019-11-20T21:40:09","date_gmt":"2019-11-20T20:40:09","guid":{"rendered":"https:\/\/www.alpakahof-hahn.at\/shop\/?post_type=product&#038;p=6443"},"modified":"2025-11-17T19:01:36","modified_gmt":"2025-11-17T18:01:36","slug":"stirnband-biesen-baby-alpaka-purpur","status":"publish","type":"product","link":"https:\/\/www.alpakahof-hahn.at\/shop\/produkt\/stirnband-biesen-baby-alpaka-purpur\/","title":{"rendered":"Stirnband Biesen Baby Alpaka purpur"},"content":{"rendered":"","protected":false},"excerpt":{"rendered":"<p>Einzigartig warm und stylisch zugleich. Das Alpaka Stirnband mit Biesen-Struktur-Strick aus reiner Baby Alpaka Wolle.<\/p>\n<p>&#8211; aufw\u00e4ndiges Strickmuster<br \/>\n&#8211; gerafft durch kleines, zierendes Rippenb\u00fcndchen<br \/>\n&#8211; Bandbreite: ca.13cm<\/p>\n<p>Material: 100% Alpaka (Baby Alpaka)<\/p>\n","protected":false},"featured_media":6444,"template":"","meta":{"jetpack_post_was_ever_published":false,"jetpack_publicize_message":"","jetpack_publicize_feature_enabled":true,"jetpack_social_post_already_shared":true,"jetpack_social_options":{"image_generator_settings":{"template":"highway","default_image_id":0,"font":"","enabled":false},"version":2}},"etheme_brands":[],"product_brand":[],"product_cat":[76,87],"product_tag":[],"class_list":{"0":"post-6443","1":"product","2":"type-product","3":"status-publish","4":"has-post-thumbnail","6":"product_cat-stirnbaender","7":"product_cat-stretch","9":"first","10":"outofstock","11":"taxable","12":"shipping-taxable","13":"purchasable","14":"product-type-simple"},"supplier_id":null,"supplier_sku":"","barcode":null,"atum_controlled":true,"out_stock_date":"2025-11-17 19:01:36","out_stock_threshold":null,"inheritable":false,"inbound_stock":0,"stock_on_hold":0,"sold_today":0,"sales_last_days":0,"reserved_stock":0,"customer_returns":0,"warehouse_damage":0,"lost_in_post":0,"other_logs":0,"out_stock_days":145,"lost_sales":0,"has_location":false,"update_date":"2026-04-12T08:19:56","atum_locations":[],"atum_stock_status":"outofstock","restock_status":false,"low_stock_amount":"","sales_update_date":"2026-04-12T08:19:56","calc_backorders":null,"yoast_head":"<!-- This site is optimized with the Yoast SEO plugin v26.5 - https:\/\/yoast.com\/wordpress\/plugins\/seo\/ -->\n<title>Stirnband Biesen Baby Alpaka purpur - Alpaka Online-Shop<\/title>\n<meta name=\"robots\" content=\"index, follow, max-snippet:-1, max-image-preview:large, max-video-preview:-1\" \/>\n<link rel=\"canonical\" href=\"https:\/\/www.alpakahof-hahn.at\/shop\/produkt\/stirnband-biesen-baby-alpaka-purpur\/\" \/>\n<meta name=\"twitter:card\" content=\"summary_large_image\" \/>\n<meta name=\"twitter:title\" content=\"Stirnband Biesen Baby Alpaka purpur - Alpaka Online-Shop\" \/>\n<meta name=\"twitter:description\" content=\"Einzigartig warm und stylisch zugleich. Das Alpaka Stirnband mit Biesen-Struktur-Strick aus reiner Baby Alpaka Wolle.  - aufw\u00e4ndiges Strickmuster - gerafft durch kleines, zierendes Rippenb\u00fcndchen - Bandbreite: ca.13cm  Material: 100% Alpaka (Baby Alpaka)\" \/>\n<meta name=\"twitter:image\" content=\"https:\/\/i0.wp.com\/www.alpakahof-hahn.at\/shop\/wp-content\/uploads\/2019\/11\/alpakahof-hahn-stirnband-alpaka-14017-purpur.jpg?fit=475%2C720&ssl=1\" \/>\n<script type=\"application\/ld+json\" class=\"yoast-schema-graph\">{\"@context\":\"https:\/\/schema.org\",\"@graph\":[{\"@type\":\"WebPage\",\"@id\":\"https:\/\/www.alpakahof-hahn.at\/shop\/produkt\/stirnband-biesen-baby-alpaka-purpur\/\",\"url\":\"https:\/\/www.alpakahof-hahn.at\/shop\/produkt\/stirnband-biesen-baby-alpaka-purpur\/\",\"name\":\"Stirnband Biesen Baby Alpaka purpur - Alpaka Online-Shop\",\"isPartOf\":{\"@id\":\"https:\/\/www.alpakahof-hahn.at\/shop\/#website\"},\"primaryImageOfPage\":{\"@id\":\"https:\/\/www.alpakahof-hahn.at\/shop\/produkt\/stirnband-biesen-baby-alpaka-purpur\/#primaryimage\"},\"image\":{\"@id\":\"https:\/\/www.alpakahof-hahn.at\/shop\/produkt\/stirnband-biesen-baby-alpaka-purpur\/#primaryimage\"},\"thumbnailUrl\":\"https:\/\/i0.wp.com\/www.alpakahof-hahn.at\/shop\/wp-content\/uploads\/2019\/11\/alpakahof-hahn-stirnband-alpaka-14017-purpur.jpg?fit=475%2C720&ssl=1\",\"datePublished\":\"2019-11-20T20:40:09+00:00\",\"dateModified\":\"2025-11-17T18:01:36+00:00\",\"breadcrumb\":{\"@id\":\"https:\/\/www.alpakahof-hahn.at\/shop\/produkt\/stirnband-biesen-baby-alpaka-purpur\/#breadcrumb\"},\"inLanguage\":\"de\",\"potentialAction\":[{\"@type\":\"ReadAction\",\"target\":[\"https:\/\/www.alpakahof-hahn.at\/shop\/produkt\/stirnband-biesen-baby-alpaka-purpur\/\"]}]},{\"@type\":\"ImageObject\",\"inLanguage\":\"de\",\"@id\":\"https:\/\/www.alpakahof-hahn.at\/shop\/produkt\/stirnband-biesen-baby-alpaka-purpur\/#primaryimage\",\"url\":\"https:\/\/i0.wp.com\/www.alpakahof-hahn.at\/shop\/wp-content\/uploads\/2019\/11\/alpakahof-hahn-stirnband-alpaka-14017-purpur.jpg?fit=475%2C720&ssl=1\",\"contentUrl\":\"https:\/\/i0.wp.com\/www.alpakahof-hahn.at\/shop\/wp-content\/uploads\/2019\/11\/alpakahof-hahn-stirnband-alpaka-14017-purpur.jpg?fit=475%2C720&ssl=1\",\"width\":475,\"height\":720},{\"@type\":\"BreadcrumbList\",\"@id\":\"https:\/\/www.alpakahof-hahn.at\/shop\/produkt\/stirnband-biesen-baby-alpaka-purpur\/#breadcrumb\",\"itemListElement\":[{\"@type\":\"ListItem\",\"position\":1,\"name\":\"Shop\",\"item\":\"https:\/\/www.alpakahof-hahn.at\/shop\/\"},{\"@type\":\"ListItem\",\"position\":2,\"name\":\"Shop\",\"item\":\"https:\/\/www.alpakahof-hahn.at\/shop\/shop\/\"},{\"@type\":\"ListItem\",\"position\":3,\"name\":\"Stirnband Biesen Baby Alpaka purpur\"}]},{\"@type\":\"WebSite\",\"@id\":\"https:\/\/www.alpakahof-hahn.at\/shop\/#website\",\"url\":\"https:\/\/www.alpakahof-hahn.at\/shop\/\",\"name\":\"Alpaka Online-Shop\",\"description\":\"Der Hofladen der Familie Hahn\",\"potentialAction\":[{\"@type\":\"SearchAction\",\"target\":{\"@type\":\"EntryPoint\",\"urlTemplate\":\"https:\/\/www.alpakahof-hahn.at\/shop\/?s={search_term_string}\"},\"query-input\":{\"@type\":\"PropertyValueSpecification\",\"valueRequired\":true,\"valueName\":\"search_term_string\"}}],\"inLanguage\":\"de\"}]}<\/script>\n<!-- \/ Yoast SEO plugin. -->","yoast_head_json":{"title":"Stirnband Biesen Baby Alpaka purpur - Alpaka Online-Shop","robots":{"index":"index","follow":"follow","max-snippet":"max-snippet:-1","max-image-preview":"max-image-preview:large","max-video-preview":"max-video-preview:-1"},"canonical":"https:\/\/www.alpakahof-hahn.at\/shop\/produkt\/stirnband-biesen-baby-alpaka-purpur\/","twitter_card":"summary_large_image","twitter_title":"Stirnband Biesen Baby Alpaka purpur - Alpaka Online-Shop","twitter_description":"Einzigartig warm und stylisch zugleich. Das Alpaka Stirnband mit Biesen-Struktur-Strick aus reiner Baby Alpaka Wolle.  - aufw\u00e4ndiges Strickmuster - gerafft durch kleines, zierendes Rippenb\u00fcndchen - Bandbreite: ca.13cm  Material: 100% Alpaka (Baby Alpaka)","twitter_image":"https:\/\/i0.wp.com\/www.alpakahof-hahn.at\/shop\/wp-content\/uploads\/2019\/11\/alpakahof-hahn-stirnband-alpaka-14017-purpur.jpg?fit=475%2C720&ssl=1","schema":{"@context":"https:\/\/schema.org","@graph":[{"@type":"WebPage","@id":"https:\/\/www.alpakahof-hahn.at\/shop\/produkt\/stirnband-biesen-baby-alpaka-purpur\/","url":"https:\/\/www.alpakahof-hahn.at\/shop\/produkt\/stirnband-biesen-baby-alpaka-purpur\/","name":"Stirnband Biesen Baby Alpaka purpur - Alpaka Online-Shop","isPartOf":{"@id":"https:\/\/www.alpakahof-hahn.at\/shop\/#website"},"primaryImageOfPage":{"@id":"https:\/\/www.alpakahof-hahn.at\/shop\/produkt\/stirnband-biesen-baby-alpaka-purpur\/#primaryimage"},"image":{"@id":"https:\/\/www.alpakahof-hahn.at\/shop\/produkt\/stirnband-biesen-baby-alpaka-purpur\/#primaryimage"},"thumbnailUrl":"https:\/\/i0.wp.com\/www.alpakahof-hahn.at\/shop\/wp-content\/uploads\/2019\/11\/alpakahof-hahn-stirnband-alpaka-14017-purpur.jpg?fit=475%2C720&ssl=1","datePublished":"2019-11-20T20:40:09+00:00","dateModified":"2025-11-17T18:01:36+00:00","breadcrumb":{"@id":"https:\/\/www.alpakahof-hahn.at\/shop\/produkt\/stirnband-biesen-baby-alpaka-purpur\/#breadcrumb"},"inLanguage":"de","potentialAction":[{"@type":"ReadAction","target":["https:\/\/www.alpakahof-hahn.at\/shop\/produkt\/stirnband-biesen-baby-alpaka-purpur\/"]}]},{"@type":"ImageObject","inLanguage":"de","@id":"https:\/\/www.alpakahof-hahn.at\/shop\/produkt\/stirnband-biesen-baby-alpaka-purpur\/#primaryimage","url":"https:\/\/i0.wp.com\/www.alpakahof-hahn.at\/shop\/wp-content\/uploads\/2019\/11\/alpakahof-hahn-stirnband-alpaka-14017-purpur.jpg?fit=475%2C720&ssl=1","contentUrl":"https:\/\/i0.wp.com\/www.alpakahof-hahn.at\/shop\/wp-content\/uploads\/2019\/11\/alpakahof-hahn-stirnband-alpaka-14017-purpur.jpg?fit=475%2C720&ssl=1","width":475,"height":720},{"@type":"BreadcrumbList","@id":"https:\/\/www.alpakahof-hahn.at\/shop\/produkt\/stirnband-biesen-baby-alpaka-purpur\/#breadcrumb","itemListElement":[{"@type":"ListItem","position":1,"name":"Shop","item":"https:\/\/www.alpakahof-hahn.at\/shop\/"},{"@type":"ListItem","position":2,"name":"Shop","item":"https:\/\/www.alpakahof-hahn.at\/shop\/shop\/"},{"@type":"ListItem","position":3,"name":"Stirnband Biesen Baby Alpaka purpur"}]},{"@type":"WebSite","@id":"https:\/\/www.alpakahof-hahn.at\/shop\/#website","url":"https:\/\/www.alpakahof-hahn.at\/shop\/","name":"Alpaka Online-Shop","description":"Der Hofladen der Familie Hahn","potentialAction":[{"@type":"SearchAction","target":{"@type":"EntryPoint","urlTemplate":"https:\/\/www.alpakahof-hahn.at\/shop\/?s={search_term_string}"},"query-input":{"@type":"PropertyValueSpecification","valueRequired":true,"valueName":"search_term_string"}}],"inLanguage":"de"}]}},"jetpack_publicize_connections":[],"jetpack_sharing_enabled":true,"jetpack-related-posts":[{"id":6445,"url":"https:\/\/www.alpakahof-hahn.at\/shop\/produkt\/stirnband-biesen-baby-alpaka-sand\/","url_meta":{"origin":6443,"position":0},"title":"Stirnband Biesen Baby Alpaka sand","author":"Manuel Hahn","date":"20. November 2019","format":false,"excerpt":"Einzigartig warm und stylisch zugleich. Das Alpaka Stirnband mit Biesen-Struktur-Strick aus reiner Baby Alpaka Wolle. - aufw\u00e4ndiges Strickmuster - gerafft durch kleines, zierendes Rippenb\u00fcndchen - Bandbreite: ca.13cm Material: 100% Alpaka (Baby Alpaka)","rel":"","context":"\u00c4hnlicher Beitrag","block_context":{"text":"\u00c4hnlicher Beitrag","link":""},"img":{"alt_text":"","src":"https:\/\/i0.wp.com\/www.alpakahof-hahn.at\/shop\/wp-content\/uploads\/2019\/11\/alpakahof-hahn-stirnband-alpaka-14017-sand.jpg?fit=475%2C720&ssl=1&resize=350%2C200","width":350,"height":200},"classes":[]},{"id":47089,"url":"https:\/\/www.alpakahof-hahn.at\/shop\/produkt\/stirnband-biesen-baby-alpaka-wollweiss\/","url_meta":{"origin":6443,"position":1},"title":"Stirnband Biesen Baby Alpaka wollweiss","author":"Manuel Hahn","date":"26. Oktober 2022","format":false,"excerpt":"Einzigartig warm und stylisch zugleich. Das Alpaka Stirnband mit Biesen-Struktur-Strick aus reiner Baby Alpaka Wolle. - aufw\u00e4ndiges Strickmuster - gerafft durch kleines, zierendes Rippenb\u00fcndchen - Bandbreite: ca.13cm Material: 100% Alpaka (Baby Alpaka) Fair von Apu Kuntur in Peru hergestellt.","rel":"","context":"\u00c4hnlicher Beitrag","block_context":{"text":"\u00c4hnlicher Beitrag","link":""},"img":{"alt_text":"","src":"https:\/\/i0.wp.com\/www.alpakahof-hahn.at\/shop\/wp-content\/uploads\/2022\/10\/alpaka-stirnband-biesen-1-alpakahof-hahn.jpg?fit=475%2C720&ssl=1&resize=350%2C200","width":350,"height":200},"classes":[]},{"id":46304,"url":"https:\/\/www.alpakahof-hahn.at\/shop\/produkt\/stirnband-biesen-baby-alpaka-petrol\/","url_meta":{"origin":6443,"position":2},"title":"Stirnband Biesen Baby Alpaka petrol","author":"Manuel Hahn","date":"30. November 2021","format":false,"excerpt":"Einzigartig warm und stylisch zugleich. Das Alpaka Stirnband mit Biesen-Struktur-Strick aus reiner Baby Alpaka Wolle. - aufw\u00e4ndiges Strickmuster - gerafft durch kleines, zierendes Rippenb\u00fcndchen - Bandbreite: ca.13cm Material: 100% Alpaka (Baby Alpaka) Fair von Apu Kuntur in Peru hergestellt.","rel":"","context":"\u00c4hnlicher Beitrag","block_context":{"text":"\u00c4hnlicher Beitrag","link":""},"img":{"alt_text":"","src":"https:\/\/i0.wp.com\/www.alpakahof-hahn.at\/shop\/wp-content\/uploads\/2021\/11\/Alpaka-Stirnband-petrolz-Alpakahof-Hahn-2.jpg?fit=527%2C800&ssl=1&resize=350%2C200","width":350,"height":200,"srcset":"https:\/\/i0.wp.com\/www.alpakahof-hahn.at\/shop\/wp-content\/uploads\/2021\/11\/Alpaka-Stirnband-petrolz-Alpakahof-Hahn-2.jpg?fit=527%2C800&ssl=1&resize=350%2C200 1x, https:\/\/i0.wp.com\/www.alpakahof-hahn.at\/shop\/wp-content\/uploads\/2021\/11\/Alpaka-Stirnband-petrolz-Alpakahof-Hahn-2.jpg?fit=527%2C800&ssl=1&resize=525%2C300 1.5x"},"classes":[]},{"id":46307,"url":"https:\/\/www.alpakahof-hahn.at\/shop\/produkt\/stirnband-biesen-baby-alpaka-blau-meliert\/","url_meta":{"origin":6443,"position":3},"title":"Stirnband Biesen Baby Alpaka blau-meliert","author":"Manuel Hahn","date":"30. November 2021","format":false,"excerpt":"Einzigartig warm und stylisch zugleich. Das Alpaka Stirnband mit Biesen-Struktur-Strick aus reiner Baby Alpaka Wolle. - aufw\u00e4ndiges Strickmuster - gerafft durch kleines, zierendes Rippenb\u00fcndchen - Bandbreite: ca.13cm Material: 100% Alpaka (Baby Alpaka) Fair von Apu Kuntur in Peru hergestellt.","rel":"","context":"\u00c4hnlicher Beitrag","block_context":{"text":"\u00c4hnlicher Beitrag","link":""},"img":{"alt_text":"","src":"https:\/\/i0.wp.com\/www.alpakahof-hahn.at\/shop\/wp-content\/uploads\/2021\/11\/Alpaka-Stirnband-blau-meliert-biesen-Alpakahof-Hahn-2.jpg?fit=527%2C800&ssl=1&resize=350%2C200","width":350,"height":200,"srcset":"https:\/\/i0.wp.com\/www.alpakahof-hahn.at\/shop\/wp-content\/uploads\/2021\/11\/Alpaka-Stirnband-blau-meliert-biesen-Alpakahof-Hahn-2.jpg?fit=527%2C800&ssl=1&resize=350%2C200 1x, https:\/\/i0.wp.com\/www.alpakahof-hahn.at\/shop\/wp-content\/uploads\/2021\/11\/Alpaka-Stirnband-blau-meliert-biesen-Alpakahof-Hahn-2.jpg?fit=527%2C800&ssl=1&resize=525%2C300 1.5x"},"classes":[]},{"id":35054,"url":"https:\/\/www.alpakahof-hahn.at\/shop\/produkt\/alpaka-stirnband-mit-twist\/","url_meta":{"origin":6443,"position":4},"title":"Alpaka Stirnband SUAVE gelb","author":"Manuel Hahn","date":"24. November 2020","format":false,"excerpt":"Kuschelweiches Stirnband aus reinem Baby Alpaka. - sportlich, elegantes Stirnband - kuschlig, weich - doppelt gestrickt Material: 100% Baby Alpaka","rel":"","context":"\u00c4hnlicher Beitrag","block_context":{"text":"\u00c4hnlicher Beitrag","link":""},"img":{"alt_text":"","src":"https:\/\/i0.wp.com\/www.alpakahof-hahn.at\/shop\/wp-content\/uploads\/2020\/11\/alpaka-stirnband-suave-gelb-Alpakahof-Hahn-1.jpg?fit=475%2C720&ssl=1&resize=350%2C200","width":350,"height":200},"classes":[]},{"id":46169,"url":"https:\/\/www.alpakahof-hahn.at\/shop\/produkt\/alpaka-stirnband-suave-tannengruen\/","url_meta":{"origin":6443,"position":5},"title":"Alpaka Stirnband SUAVE tannengruen","author":"Manuel Hahn","date":"24. November 2021","format":false,"excerpt":"Kuschelweiches Stirnband aus reinem Baby Alpaka. - sportlich, elegantes Stirnband - kuschlig, weich - doppelt gestrickt Material: 100% Baby Alpaka","rel":"","context":"\u00c4hnlicher Beitrag","block_context":{"text":"\u00c4hnlicher Beitrag","link":""},"img":{"alt_text":"","src":"https:\/\/i0.wp.com\/www.alpakahof-hahn.at\/shop\/wp-content\/uploads\/2021\/11\/alpaka-stirnband-suave-tannengruen-Alpakahof-Hahn-1.jpg?fit=475%2C720&ssl=1&resize=350%2C200","width":350,"height":200},"classes":[]}],"_links":{"self":[{"href":"https:\/\/www.alpakahof-hahn.at\/shop\/wp-json\/wp\/v2\/product\/6443","targetHints":{"allow":["GET"]}}],"collection":[{"href":"https:\/\/www.alpakahof-hahn.at\/shop\/wp-json\/wp\/v2\/product"}],"about":[{"href":"https:\/\/www.alpakahof-hahn.at\/shop\/wp-json\/wp\/v2\/types\/product"}],"wp:featuredmedia":[{"embeddable":true,"href":"https:\/\/www.alpakahof-hahn.at\/shop\/wp-json\/wp\/v2\/media\/6444"}],"wp:attachment":[{"href":"https:\/\/www.alpakahof-hahn.at\/shop\/wp-json\/wp\/v2\/media?parent=6443"}],"wp:term":[{"taxonomy":"brand","embeddable":true,"href":"https:\/\/www.alpakahof-hahn.at\/shop\/wp-json\/wp\/v2\/etheme_brands?post=6443"},{"taxonomy":"product_brand","embeddable":true,"href":"https:\/\/www.alpakahof-hahn.at\/shop\/wp-json\/wp\/v2\/product_brand?post=6443"},{"taxonomy":"product_cat","embeddable":true,"href":"https:\/\/www.alpakahof-hahn.at\/shop\/wp-json\/wp\/v2\/product_cat?post=6443"},{"taxonomy":"product_tag","embeddable":true,"href":"https:\/\/www.alpakahof-hahn.at\/shop\/wp-json\/wp\/v2\/product_tag?post=6443"}],"curies":[{"name":"wp","href":"https:\/\/api.w.org\/{rel}","templated":true}]}}