{"id":5353,"date":"2018-10-16T20:51:26","date_gmt":"2018-10-16T18:51:26","guid":{"rendered":"https:\/\/www.alpakahof-hahn.at\/shop\/?post_type=product&#038;p=5353"},"modified":"2025-12-04T18:55:22","modified_gmt":"2025-12-04T17:55:22","slug":"alpaka-wolle-gelb-gruen","status":"publish","type":"product","link":"https:\/\/www.alpakahof-hahn.at\/shop\/produkt\/alpaka-wolle-gelb-gruen\/","title":{"rendered":"Alpaka-Wolle gelb-gruen"},"content":{"rendered":"","protected":false},"excerpt":{"rendered":"<p>Diese vierfach gezwirnte Alpaka-Socken-Wolle f\u00fcr die Nadel-St\u00e4rke 2,5 zeichnet sich durch fr\u00f6hliche Farb-Kombinationen und durch eine robuste, jedoch komfortable Faser-Kombination aus.\u00a0 Sie ist hervorragend geeignet zum Stricken und H\u00e4keln von Socken, Str\u00fcmpfen oder Hausschuhen oder auch von Accessoires wie Bein-Stulpen, welche besonders widerstandsf\u00e4hig und doch angenehm, warm und atmungsaktiv sein sollen.<\/p>\n<p>&#8211; Material: 60% Wolle (Superwash) 20% Alpaka 20% Nylon<br \/>\n&#8211; 4-fach gezwirnt<br \/>\n&#8211; Laufl\u00e4nge ca. 200m = Nm 4\/16<br \/>\n&#8211; empfohlene Nadelst\u00e4rke 2,5mm<br \/>\n&#8211; Strickprobe: 10cm*10cm = 42 Reihen, 30 Maschen<br \/>\n&#8211; durchschnittlicher Verbrauch Socken ca. 100g<br \/>\n&#8211; Nicht wringen und nicht schleudern, liegend trocknen<\/p>\n","protected":false},"featured_media":5354,"template":"","meta":{"jetpack_post_was_ever_published":false,"jetpack_publicize_message":"","jetpack_publicize_feature_enabled":true,"jetpack_social_post_already_shared":true,"jetpack_social_options":{"image_generator_settings":{"template":"highway","default_image_id":0,"font":"","enabled":false},"version":2}},"etheme_brands":[{"term_id":79,"name":"APU KUNTUR","slug":"apu-kuntur","term_group":0,"term_taxonomy_id":79,"taxonomy":"brand","description":"","parent":0,"count":42,"filter":"raw"}],"product_brand":[],"product_cat":[107],"product_tag":[],"class_list":{"0":"post-5353","1":"product","2":"type-product","3":"status-publish","4":"has-post-thumbnail","6":"brand-apu-kuntur","7":"product_cat-alpaka-wolle","9":"first","10":"instock","11":"taxable","12":"shipping-taxable","13":"purchasable","14":"product-type-simple"},"supplier_id":null,"supplier_sku":"","barcode":null,"atum_controlled":true,"out_stock_date":null,"out_stock_threshold":null,"inheritable":false,"inbound_stock":0,"stock_on_hold":0,"sold_today":0,"sales_last_days":0,"reserved_stock":0,"customer_returns":0,"warehouse_damage":0,"lost_in_post":0,"other_logs":0,"out_stock_days":0,"lost_sales":0,"has_location":false,"update_date":"2026-04-11T08:10:54","atum_locations":[],"atum_stock_status":"instock","restock_status":false,"low_stock_amount":"","sales_update_date":"2026-04-11T08:10:54","calc_backorders":0,"yoast_head":"<!-- This site is optimized with the Yoast SEO plugin v26.5 - https:\/\/yoast.com\/wordpress\/plugins\/seo\/ -->\n<title>Alpaka-Wolle gelb-gruen - Alpaka Online-Shop<\/title>\n<meta name=\"robots\" content=\"index, follow, max-snippet:-1, max-image-preview:large, max-video-preview:-1\" \/>\n<link rel=\"canonical\" href=\"https:\/\/www.alpakahof-hahn.at\/shop\/produkt\/alpaka-wolle-gelb-gruen\/\" \/>\n<meta name=\"twitter:card\" content=\"summary_large_image\" \/>\n<meta name=\"twitter:title\" content=\"Alpaka-Wolle gelb-gruen - Alpaka Online-Shop\" \/>\n<meta name=\"twitter:description\" content=\"Diese vierfach gezwirnte Alpaka-Socken-Wolle f\u00fcr die Nadel-St\u00e4rke 2,5 zeichnet sich durch fr\u00f6hliche Farb-Kombinationen und durch eine robuste, jedoch komfortable Faser-Kombination aus.\u00a0 Sie ist hervorragend geeignet zum Stricken und H\u00e4keln von Socken, Str\u00fcmpfen oder Hausschuhen oder auch von Accessoires wie Bein-Stulpen, welche besonders widerstandsf\u00e4hig und doch angenehm, warm und atmungsaktiv sein sollen.  - Material: 60% Wolle (Superwash) 20% Alpaka 20% Nylon - 4-fach gezwirnt - Laufl\u00e4nge ca. 200m = Nm 4\/16 - empfohlene Nadelst\u00e4rke 2,5mm - Strickprobe: 10cm*10cm = 42 Reihen, 30 Maschen - durchschnittlicher Verbrauch Socken ca. 100g - Nicht wringen und nicht schleudern, liegend trocknen\" \/>\n<meta name=\"twitter:image\" content=\"https:\/\/i0.wp.com\/www.alpakahof-hahn.at\/shop\/wp-content\/uploads\/2018\/10\/alpaka-wolle-gruen-gelb.jpg?fit=1415%2C1200&ssl=1\" \/>\n<script type=\"application\/ld+json\" class=\"yoast-schema-graph\">{\"@context\":\"https:\/\/schema.org\",\"@graph\":[{\"@type\":\"WebPage\",\"@id\":\"https:\/\/www.alpakahof-hahn.at\/shop\/produkt\/alpaka-wolle-gelb-gruen\/\",\"url\":\"https:\/\/www.alpakahof-hahn.at\/shop\/produkt\/alpaka-wolle-gelb-gruen\/\",\"name\":\"Alpaka-Wolle gelb-gruen - Alpaka Online-Shop\",\"isPartOf\":{\"@id\":\"https:\/\/www.alpakahof-hahn.at\/shop\/#website\"},\"primaryImageOfPage\":{\"@id\":\"https:\/\/www.alpakahof-hahn.at\/shop\/produkt\/alpaka-wolle-gelb-gruen\/#primaryimage\"},\"image\":{\"@id\":\"https:\/\/www.alpakahof-hahn.at\/shop\/produkt\/alpaka-wolle-gelb-gruen\/#primaryimage\"},\"thumbnailUrl\":\"https:\/\/i0.wp.com\/www.alpakahof-hahn.at\/shop\/wp-content\/uploads\/2018\/10\/alpaka-wolle-gruen-gelb.jpg?fit=1415%2C1200&ssl=1\",\"datePublished\":\"2018-10-16T18:51:26+00:00\",\"dateModified\":\"2025-12-04T17:55:22+00:00\",\"breadcrumb\":{\"@id\":\"https:\/\/www.alpakahof-hahn.at\/shop\/produkt\/alpaka-wolle-gelb-gruen\/#breadcrumb\"},\"inLanguage\":\"de\",\"potentialAction\":[{\"@type\":\"ReadAction\",\"target\":[\"https:\/\/www.alpakahof-hahn.at\/shop\/produkt\/alpaka-wolle-gelb-gruen\/\"]}]},{\"@type\":\"ImageObject\",\"inLanguage\":\"de\",\"@id\":\"https:\/\/www.alpakahof-hahn.at\/shop\/produkt\/alpaka-wolle-gelb-gruen\/#primaryimage\",\"url\":\"https:\/\/i0.wp.com\/www.alpakahof-hahn.at\/shop\/wp-content\/uploads\/2018\/10\/alpaka-wolle-gruen-gelb.jpg?fit=1415%2C1200&ssl=1\",\"contentUrl\":\"https:\/\/i0.wp.com\/www.alpakahof-hahn.at\/shop\/wp-content\/uploads\/2018\/10\/alpaka-wolle-gruen-gelb.jpg?fit=1415%2C1200&ssl=1\",\"width\":1415,\"height\":1200},{\"@type\":\"BreadcrumbList\",\"@id\":\"https:\/\/www.alpakahof-hahn.at\/shop\/produkt\/alpaka-wolle-gelb-gruen\/#breadcrumb\",\"itemListElement\":[{\"@type\":\"ListItem\",\"position\":1,\"name\":\"Shop\",\"item\":\"https:\/\/www.alpakahof-hahn.at\/shop\/\"},{\"@type\":\"ListItem\",\"position\":2,\"name\":\"Shop\",\"item\":\"https:\/\/www.alpakahof-hahn.at\/shop\/shop\/\"},{\"@type\":\"ListItem\",\"position\":3,\"name\":\"Alpaka-Wolle gelb-gruen\"}]},{\"@type\":\"WebSite\",\"@id\":\"https:\/\/www.alpakahof-hahn.at\/shop\/#website\",\"url\":\"https:\/\/www.alpakahof-hahn.at\/shop\/\",\"name\":\"Alpaka Online-Shop\",\"description\":\"Der Hofladen der Familie Hahn\",\"potentialAction\":[{\"@type\":\"SearchAction\",\"target\":{\"@type\":\"EntryPoint\",\"urlTemplate\":\"https:\/\/www.alpakahof-hahn.at\/shop\/?s={search_term_string}\"},\"query-input\":{\"@type\":\"PropertyValueSpecification\",\"valueRequired\":true,\"valueName\":\"search_term_string\"}}],\"inLanguage\":\"de\"}]}<\/script>\n<!-- \/ Yoast SEO plugin. -->","yoast_head_json":{"title":"Alpaka-Wolle gelb-gruen - Alpaka Online-Shop","robots":{"index":"index","follow":"follow","max-snippet":"max-snippet:-1","max-image-preview":"max-image-preview:large","max-video-preview":"max-video-preview:-1"},"canonical":"https:\/\/www.alpakahof-hahn.at\/shop\/produkt\/alpaka-wolle-gelb-gruen\/","twitter_card":"summary_large_image","twitter_title":"Alpaka-Wolle gelb-gruen - Alpaka Online-Shop","twitter_description":"Diese vierfach gezwirnte Alpaka-Socken-Wolle f\u00fcr die Nadel-St\u00e4rke 2,5 zeichnet sich durch fr\u00f6hliche Farb-Kombinationen und durch eine robuste, jedoch komfortable Faser-Kombination aus.\u00a0 Sie ist hervorragend geeignet zum Stricken und H\u00e4keln von Socken, Str\u00fcmpfen oder Hausschuhen oder auch von Accessoires wie Bein-Stulpen, welche besonders widerstandsf\u00e4hig und doch angenehm, warm und atmungsaktiv sein sollen.  - Material: 60% Wolle (Superwash) 20% Alpaka 20% Nylon - 4-fach gezwirnt - Laufl\u00e4nge ca. 200m = Nm 4\/16 - empfohlene Nadelst\u00e4rke 2,5mm - Strickprobe: 10cm*10cm = 42 Reihen, 30 Maschen - durchschnittlicher Verbrauch Socken ca. 100g - Nicht wringen und nicht schleudern, liegend trocknen","twitter_image":"https:\/\/i0.wp.com\/www.alpakahof-hahn.at\/shop\/wp-content\/uploads\/2018\/10\/alpaka-wolle-gruen-gelb.jpg?fit=1415%2C1200&ssl=1","schema":{"@context":"https:\/\/schema.org","@graph":[{"@type":"WebPage","@id":"https:\/\/www.alpakahof-hahn.at\/shop\/produkt\/alpaka-wolle-gelb-gruen\/","url":"https:\/\/www.alpakahof-hahn.at\/shop\/produkt\/alpaka-wolle-gelb-gruen\/","name":"Alpaka-Wolle gelb-gruen - Alpaka Online-Shop","isPartOf":{"@id":"https:\/\/www.alpakahof-hahn.at\/shop\/#website"},"primaryImageOfPage":{"@id":"https:\/\/www.alpakahof-hahn.at\/shop\/produkt\/alpaka-wolle-gelb-gruen\/#primaryimage"},"image":{"@id":"https:\/\/www.alpakahof-hahn.at\/shop\/produkt\/alpaka-wolle-gelb-gruen\/#primaryimage"},"thumbnailUrl":"https:\/\/i0.wp.com\/www.alpakahof-hahn.at\/shop\/wp-content\/uploads\/2018\/10\/alpaka-wolle-gruen-gelb.jpg?fit=1415%2C1200&ssl=1","datePublished":"2018-10-16T18:51:26+00:00","dateModified":"2025-12-04T17:55:22+00:00","breadcrumb":{"@id":"https:\/\/www.alpakahof-hahn.at\/shop\/produkt\/alpaka-wolle-gelb-gruen\/#breadcrumb"},"inLanguage":"de","potentialAction":[{"@type":"ReadAction","target":["https:\/\/www.alpakahof-hahn.at\/shop\/produkt\/alpaka-wolle-gelb-gruen\/"]}]},{"@type":"ImageObject","inLanguage":"de","@id":"https:\/\/www.alpakahof-hahn.at\/shop\/produkt\/alpaka-wolle-gelb-gruen\/#primaryimage","url":"https:\/\/i0.wp.com\/www.alpakahof-hahn.at\/shop\/wp-content\/uploads\/2018\/10\/alpaka-wolle-gruen-gelb.jpg?fit=1415%2C1200&ssl=1","contentUrl":"https:\/\/i0.wp.com\/www.alpakahof-hahn.at\/shop\/wp-content\/uploads\/2018\/10\/alpaka-wolle-gruen-gelb.jpg?fit=1415%2C1200&ssl=1","width":1415,"height":1200},{"@type":"BreadcrumbList","@id":"https:\/\/www.alpakahof-hahn.at\/shop\/produkt\/alpaka-wolle-gelb-gruen\/#breadcrumb","itemListElement":[{"@type":"ListItem","position":1,"name":"Shop","item":"https:\/\/www.alpakahof-hahn.at\/shop\/"},{"@type":"ListItem","position":2,"name":"Shop","item":"https:\/\/www.alpakahof-hahn.at\/shop\/shop\/"},{"@type":"ListItem","position":3,"name":"Alpaka-Wolle gelb-gruen"}]},{"@type":"WebSite","@id":"https:\/\/www.alpakahof-hahn.at\/shop\/#website","url":"https:\/\/www.alpakahof-hahn.at\/shop\/","name":"Alpaka Online-Shop","description":"Der Hofladen der Familie Hahn","potentialAction":[{"@type":"SearchAction","target":{"@type":"EntryPoint","urlTemplate":"https:\/\/www.alpakahof-hahn.at\/shop\/?s={search_term_string}"},"query-input":{"@type":"PropertyValueSpecification","valueRequired":true,"valueName":"search_term_string"}}],"inLanguage":"de"}]}},"jetpack_publicize_connections":[],"jetpack_sharing_enabled":true,"jetpack-related-posts":[{"id":5358,"url":"https:\/\/www.alpakahof-hahn.at\/shop\/produkt\/alpaka-wolle-grau\/","url_meta":{"origin":5353,"position":0},"title":"Alpaka-Wolle graut\u00f6ne","author":"Manuel Hahn","date":"16. Oktober 2018","format":false,"excerpt":"Diese vierfach gezwirnte Alpaka-Socken-Wolle f\u00fcr die Nadel-St\u00e4rke 2,5 zeichnet sich durch fr\u00f6hliche Farb-Kombinationen und durch eine robuste, jedoch komfortable Faser-Kombination aus.\u00a0 Sie ist hervorragend geeignet zum Stricken und H\u00e4keln von Socken, Str\u00fcmpfen oder Hausschuhen oder auch von Accessoires wie Bein-Stulpen, welche besonders widerstandsf\u00e4hig und doch angenehm, warm und atmungsaktiv sein\u2026","rel":"","context":"\u00c4hnlicher Beitrag","block_context":{"text":"\u00c4hnlicher Beitrag","link":""},"img":{"alt_text":"","src":"https:\/\/i0.wp.com\/www.alpakahof-hahn.at\/shop\/wp-content\/uploads\/2018\/10\/15055-alpaka-wolle-grau.jpg?fit=1200%2C1037&ssl=1&resize=350%2C200","width":350,"height":200,"srcset":"https:\/\/i0.wp.com\/www.alpakahof-hahn.at\/shop\/wp-content\/uploads\/2018\/10\/15055-alpaka-wolle-grau.jpg?fit=1200%2C1037&ssl=1&resize=350%2C200 1x, https:\/\/i0.wp.com\/www.alpakahof-hahn.at\/shop\/wp-content\/uploads\/2018\/10\/15055-alpaka-wolle-grau.jpg?fit=1200%2C1037&ssl=1&resize=525%2C300 1.5x, https:\/\/i0.wp.com\/www.alpakahof-hahn.at\/shop\/wp-content\/uploads\/2018\/10\/15055-alpaka-wolle-grau.jpg?fit=1200%2C1037&ssl=1&resize=700%2C400 2x, https:\/\/i0.wp.com\/www.alpakahof-hahn.at\/shop\/wp-content\/uploads\/2018\/10\/15055-alpaka-wolle-grau.jpg?fit=1200%2C1037&ssl=1&resize=1050%2C600 3x"},"classes":[]},{"id":5356,"url":"https:\/\/www.alpakahof-hahn.at\/shop\/produkt\/alpaka-wolle-kupfer-orange\/","url_meta":{"origin":5353,"position":1},"title":"Alpaka-Wolle kupfer-orange","author":"Manuel Hahn","date":"16. Oktober 2018","format":false,"excerpt":"Diese vierfach gezwirnte Alpaka-Socken-Wolle f\u00fcr die Nadel-St\u00e4rke 2,5 zeichnet sich durch fr\u00f6hliche Farb-Kombinationen und durch eine robuste, jedoch komfortable Faser-Kombination aus.\u00a0 Sie ist hervorragend geeignet zum Stricken und H\u00e4keln von Socken, Str\u00fcmpfen oder Hausschuhen oder auch von Accessoires wie Bein-Stulpen, welche besonders widerstandsf\u00e4hig und doch angenehm, warm und atmungsaktiv sein\u2026","rel":"","context":"\u00c4hnlicher Beitrag","block_context":{"text":"\u00c4hnlicher Beitrag","link":""},"img":{"alt_text":"","src":"https:\/\/i0.wp.com\/www.alpakahof-hahn.at\/shop\/wp-content\/uploads\/2018\/10\/15055-alpaka-wolle-kupfer-orange.jpg?fit=1200%2C1056&ssl=1&resize=350%2C200","width":350,"height":200,"srcset":"https:\/\/i0.wp.com\/www.alpakahof-hahn.at\/shop\/wp-content\/uploads\/2018\/10\/15055-alpaka-wolle-kupfer-orange.jpg?fit=1200%2C1056&ssl=1&resize=350%2C200 1x, https:\/\/i0.wp.com\/www.alpakahof-hahn.at\/shop\/wp-content\/uploads\/2018\/10\/15055-alpaka-wolle-kupfer-orange.jpg?fit=1200%2C1056&ssl=1&resize=525%2C300 1.5x, https:\/\/i0.wp.com\/www.alpakahof-hahn.at\/shop\/wp-content\/uploads\/2018\/10\/15055-alpaka-wolle-kupfer-orange.jpg?fit=1200%2C1056&ssl=1&resize=700%2C400 2x, https:\/\/i0.wp.com\/www.alpakahof-hahn.at\/shop\/wp-content\/uploads\/2018\/10\/15055-alpaka-wolle-kupfer-orange.jpg?fit=1200%2C1056&ssl=1&resize=1050%2C600 3x"},"classes":[]},{"id":5361,"url":"https:\/\/www.alpakahof-hahn.at\/shop\/produkt\/alpaka-wolle-violett-lila\/","url_meta":{"origin":5353,"position":2},"title":"Alpaka-Wolle violett-lila","author":"Manuel Hahn","date":"16. Oktober 2018","format":false,"excerpt":"Diese vierfach gezwirnte Alpaka-Socken-Wolle f\u00fcr die Nadel-St\u00e4rke 2,5 zeichnet sich durch fr\u00f6hliche Farb-Kombinationen und durch eine robuste, jedoch komfortable Faser-Kombination aus.\u00a0 Sie ist hervorragend geeignet zum Stricken und H\u00e4keln von Socken, Str\u00fcmpfen oder Hausschuhen oder auch von Accessoires wie Bein-Stulpen, welche besonders widerstandsf\u00e4hig und doch angenehm, warm und atmungsaktiv sein\u2026","rel":"","context":"\u00c4hnlicher Beitrag","block_context":{"text":"\u00c4hnlicher Beitrag","link":""},"img":{"alt_text":"","src":"https:\/\/i0.wp.com\/www.alpakahof-hahn.at\/shop\/wp-content\/uploads\/2018\/10\/alpaka-wolle-lila-violett.jpg?fit=1200%2C1047&ssl=1&resize=350%2C200","width":350,"height":200,"srcset":"https:\/\/i0.wp.com\/www.alpakahof-hahn.at\/shop\/wp-content\/uploads\/2018\/10\/alpaka-wolle-lila-violett.jpg?fit=1200%2C1047&ssl=1&resize=350%2C200 1x, https:\/\/i0.wp.com\/www.alpakahof-hahn.at\/shop\/wp-content\/uploads\/2018\/10\/alpaka-wolle-lila-violett.jpg?fit=1200%2C1047&ssl=1&resize=525%2C300 1.5x, https:\/\/i0.wp.com\/www.alpakahof-hahn.at\/shop\/wp-content\/uploads\/2018\/10\/alpaka-wolle-lila-violett.jpg?fit=1200%2C1047&ssl=1&resize=700%2C400 2x, https:\/\/i0.wp.com\/www.alpakahof-hahn.at\/shop\/wp-content\/uploads\/2018\/10\/alpaka-wolle-lila-violett.jpg?fit=1200%2C1047&ssl=1&resize=1050%2C600 3x"},"classes":[]},{"id":4514,"url":"https:\/\/www.alpakahof-hahn.at\/shop\/produkt\/alpaka-trekking-socken-damen-herren\/","url_meta":{"origin":5353,"position":3},"title":"Alpaka Trekking Socken &#8211; Damen &#038; Herren","author":"Manuel Hahn","date":"1. Mai 2017","format":false,"excerpt":"Ein echter Allrounder unter den Socken! Diese Trekking Socken sind geeignet f\u00fcr drinnen und drau\u00dfen. Durch die ausgew\u00e4hlte Woll-Kombination sind wohlig warme F\u00fc\u00dfe garantiert, w\u00e4hrend l\u00e4stige Schwei\u00dfbildung verhindert wird.\u00a0Ideal f\u00fcr lange Berg- und Wandertouren, ausgedehnte Spazierg\u00e4nge oder beim Wintersport! \u00a0 \u2013 Atmungsaktiv und klimaregulierend: Keine Schwei\u00dff\u00fc\u00dfe mehr! \u2013 feines Rippenstrickb\u00fcndchen\u2026","rel":"","context":"\u00c4hnlicher Beitrag","block_context":{"text":"\u00c4hnlicher Beitrag","link":""},"img":{"alt_text":"","src":"https:\/\/i0.wp.com\/www.alpakahof-hahn.at\/shop\/wp-content\/uploads\/2017\/05\/10044-alpaka-trekking-outdoor-socken-stru%CC%88mpfe-stutzen-wandern-apu-kuntur-schwarz-grau-01.jpg?fit=527%2C800&ssl=1&resize=350%2C200","width":350,"height":200,"srcset":"https:\/\/i0.wp.com\/www.alpakahof-hahn.at\/shop\/wp-content\/uploads\/2017\/05\/10044-alpaka-trekking-outdoor-socken-stru%CC%88mpfe-stutzen-wandern-apu-kuntur-schwarz-grau-01.jpg?fit=527%2C800&ssl=1&resize=350%2C200 1x, https:\/\/i0.wp.com\/www.alpakahof-hahn.at\/shop\/wp-content\/uploads\/2017\/05\/10044-alpaka-trekking-outdoor-socken-stru%CC%88mpfe-stutzen-wandern-apu-kuntur-schwarz-grau-01.jpg?fit=527%2C800&ssl=1&resize=525%2C300 1.5x"},"classes":[]},{"id":5096,"url":"https:\/\/www.alpakahof-hahn.at\/shop\/produkt\/alpaka-business-socken-grau\/","url_meta":{"origin":5353,"position":4},"title":"Alpaka Business Socken grau","author":"Manuel Hahn","date":"24. Juli 2017","format":false,"excerpt":"Diese Business Socken in hochwertiger Fasermischung sind besonders strapazierf\u00e4hig und zeichnen sich durch einen hohen Tragekomfort aus. Daher sind diese Socken auch ideal f\u00fcr Arzt-, Schwestern- oder Gesundheit\u2019s-Socken f\u00fcr alle, die im medizinischen Bereich und im Krankenhaus arbeiten, geeignet. Durch den gerignen Anteil an Lanolin (Wollfett) in der Alpaka-Faser, ist\u2026","rel":"","context":"\u00c4hnlicher Beitrag","block_context":{"text":"\u00c4hnlicher Beitrag","link":""},"img":{"alt_text":"","src":"https:\/\/i0.wp.com\/www.alpakahof-hahn.at\/shop\/wp-content\/uploads\/2017\/07\/alpaka-business-socken-grau-1.jpg?fit=526%2C800&ssl=1&resize=350%2C200","width":350,"height":200,"srcset":"https:\/\/i0.wp.com\/www.alpakahof-hahn.at\/shop\/wp-content\/uploads\/2017\/07\/alpaka-business-socken-grau-1.jpg?fit=526%2C800&ssl=1&resize=350%2C200 1x, https:\/\/i0.wp.com\/www.alpakahof-hahn.at\/shop\/wp-content\/uploads\/2017\/07\/alpaka-business-socken-grau-1.jpg?fit=526%2C800&ssl=1&resize=525%2C300 1.5x"},"classes":[]},{"id":4528,"url":"https:\/\/www.alpakahof-hahn.at\/shop\/produkt\/alpaka-business-socken-dunkelgrau\/","url_meta":{"origin":5353,"position":5},"title":"Alpaka Business Socken dunkelgrau","author":"Manuel Hahn","date":"1. Mai 2017","format":false,"excerpt":"Diese Business Socken in hochwertiger Fasermischung sind besonders strapazierf\u00e4hig und zeichnen sich durch einen hohen Tragekomfort aus. Daher sind diese Socken auch ideal f\u00fcr Arzt-, Schwestern- oder Gesundheit\u2019s-Socken f\u00fcr alle, die im medizinischen Bereich und im Krankenhaus arbeiten, geeignet. Durch den gerignen Anteil an Lanolin (Wollfett) in der Alpaka-Faser, ist\u2026","rel":"","context":"\u00c4hnlicher Beitrag","block_context":{"text":"\u00c4hnlicher Beitrag","link":""},"img":{"alt_text":"","src":"https:\/\/i0.wp.com\/www.alpakahof-hahn.at\/shop\/wp-content\/uploads\/2017\/05\/10007-business-socken-alpaka-damen-herren-apu-kuntur-dunkel-grau-02.jpg?fit=527%2C800&ssl=1&resize=350%2C200","width":350,"height":200,"srcset":"https:\/\/i0.wp.com\/www.alpakahof-hahn.at\/shop\/wp-content\/uploads\/2017\/05\/10007-business-socken-alpaka-damen-herren-apu-kuntur-dunkel-grau-02.jpg?fit=527%2C800&ssl=1&resize=350%2C200 1x, https:\/\/i0.wp.com\/www.alpakahof-hahn.at\/shop\/wp-content\/uploads\/2017\/05\/10007-business-socken-alpaka-damen-herren-apu-kuntur-dunkel-grau-02.jpg?fit=527%2C800&ssl=1&resize=525%2C300 1.5x"},"classes":[]}],"_links":{"self":[{"href":"https:\/\/www.alpakahof-hahn.at\/shop\/wp-json\/wp\/v2\/product\/5353","targetHints":{"allow":["GET"]}}],"collection":[{"href":"https:\/\/www.alpakahof-hahn.at\/shop\/wp-json\/wp\/v2\/product"}],"about":[{"href":"https:\/\/www.alpakahof-hahn.at\/shop\/wp-json\/wp\/v2\/types\/product"}],"wp:featuredmedia":[{"embeddable":true,"href":"https:\/\/www.alpakahof-hahn.at\/shop\/wp-json\/wp\/v2\/media\/5354"}],"wp:attachment":[{"href":"https:\/\/www.alpakahof-hahn.at\/shop\/wp-json\/wp\/v2\/media?parent=5353"}],"wp:term":[{"taxonomy":"brand","embeddable":true,"href":"https:\/\/www.alpakahof-hahn.at\/shop\/wp-json\/wp\/v2\/etheme_brands?post=5353"},{"taxonomy":"product_brand","embeddable":true,"href":"https:\/\/www.alpakahof-hahn.at\/shop\/wp-json\/wp\/v2\/product_brand?post=5353"},{"taxonomy":"product_cat","embeddable":true,"href":"https:\/\/www.alpakahof-hahn.at\/shop\/wp-json\/wp\/v2\/product_cat?post=5353"},{"taxonomy":"product_tag","embeddable":true,"href":"https:\/\/www.alpakahof-hahn.at\/shop\/wp-json\/wp\/v2\/product_tag?post=5353"}],"curies":[{"name":"wp","href":"https:\/\/api.w.org\/{rel}","templated":true}]}}