{"id":5182,"date":"2017-10-09T23:58:23","date_gmt":"2017-10-09T21:58:23","guid":{"rendered":"https:\/\/www.alpakahof-hahn.at\/shop\/?post_type=product&#038;p=5182"},"modified":"2026-02-13T13:09:12","modified_gmt":"2026-02-13T12:09:12","slug":"alpaka-acro-iris-muetze","status":"publish","type":"product","link":"https:\/\/www.alpakahof-hahn.at\/shop\/produkt\/alpaka-acro-iris-muetze\/","title":{"rendered":"Alpaka Acro Iris M\u00fctze"},"content":{"rendered":"","protected":false},"excerpt":{"rendered":"","protected":false},"featured_media":5187,"template":"","meta":{"jetpack_post_was_ever_published":false,"jetpack_publicize_message":"","jetpack_publicize_feature_enabled":true,"jetpack_social_post_already_shared":true,"jetpack_social_options":{"image_generator_settings":{"template":"highway","default_image_id":0,"font":"","enabled":false},"version":2}},"etheme_brands":[{"term_id":79,"name":"APU KUNTUR","slug":"apu-kuntur","term_group":0,"term_taxonomy_id":79,"taxonomy":"brand","description":"","parent":0,"count":42,"filter":"raw"}],"product_brand":[],"product_cat":[75],"product_tag":[],"class_list":{"0":"post-5182","1":"product","2":"type-product","3":"status-publish","4":"has-post-thumbnail","6":"brand-apu-kuntur","7":"product_cat-hauben","9":"first","10":"instock","11":"taxable","12":"shipping-taxable","13":"purchasable","14":"product-type-variable"},"supplier_id":null,"supplier_sku":"","barcode":null,"atum_controlled":true,"out_stock_date":null,"out_stock_threshold":null,"inheritable":false,"inbound_stock":null,"stock_on_hold":0,"sold_today":0,"sales_last_days":0,"reserved_stock":null,"customer_returns":null,"warehouse_damage":null,"lost_in_post":null,"other_logs":null,"out_stock_days":0,"lost_sales":0,"has_location":false,"update_date":"2026-05-15T11:08:41","atum_locations":[],"atum_stock_status":"instock","restock_status":false,"low_stock_amount":"","sales_update_date":"2026-05-15T11:08:41","calc_backorders":null,"yoast_head":"<!-- This site is optimized with the Yoast SEO plugin v26.5 - https:\/\/yoast.com\/wordpress\/plugins\/seo\/ -->\n<title>Alpaka Acro Iris M\u00fctze - Alpaka Online-Shop<\/title>\n<meta name=\"robots\" content=\"index, follow, max-snippet:-1, max-image-preview:large, max-video-preview:-1\" \/>\n<link rel=\"canonical\" href=\"https:\/\/www.alpakahof-hahn.at\/shop\/produkt\/alpaka-acro-iris-muetze\/\" \/>\n<meta name=\"twitter:card\" content=\"summary_large_image\" \/>\n<meta name=\"twitter:title\" content=\"Alpaka Acro Iris M\u00fctze - Alpaka Online-Shop\" \/>\n<meta name=\"twitter:image\" content=\"https:\/\/i0.wp.com\/www.alpakahof-hahn.at\/shop\/wp-content\/uploads\/2017\/10\/07123-herren-neu-01.jpg?fit=800%2C800&ssl=1\" \/>\n<script type=\"application\/ld+json\" class=\"yoast-schema-graph\">{\"@context\":\"https:\/\/schema.org\",\"@graph\":[{\"@type\":\"WebPage\",\"@id\":\"https:\/\/www.alpakahof-hahn.at\/shop\/produkt\/alpaka-acro-iris-muetze\/\",\"url\":\"https:\/\/www.alpakahof-hahn.at\/shop\/produkt\/alpaka-acro-iris-muetze\/\",\"name\":\"Alpaka Acro Iris M\u00fctze - Alpaka Online-Shop\",\"isPartOf\":{\"@id\":\"https:\/\/www.alpakahof-hahn.at\/shop\/#website\"},\"primaryImageOfPage\":{\"@id\":\"https:\/\/www.alpakahof-hahn.at\/shop\/produkt\/alpaka-acro-iris-muetze\/#primaryimage\"},\"image\":{\"@id\":\"https:\/\/www.alpakahof-hahn.at\/shop\/produkt\/alpaka-acro-iris-muetze\/#primaryimage\"},\"thumbnailUrl\":\"https:\/\/i0.wp.com\/www.alpakahof-hahn.at\/shop\/wp-content\/uploads\/2017\/10\/07123-herren-neu-01.jpg?fit=800%2C800&ssl=1\",\"datePublished\":\"2017-10-09T21:58:23+00:00\",\"dateModified\":\"2026-02-13T12:09:12+00:00\",\"breadcrumb\":{\"@id\":\"https:\/\/www.alpakahof-hahn.at\/shop\/produkt\/alpaka-acro-iris-muetze\/#breadcrumb\"},\"inLanguage\":\"de\",\"potentialAction\":[{\"@type\":\"ReadAction\",\"target\":[\"https:\/\/www.alpakahof-hahn.at\/shop\/produkt\/alpaka-acro-iris-muetze\/\"]}]},{\"@type\":\"ImageObject\",\"inLanguage\":\"de\",\"@id\":\"https:\/\/www.alpakahof-hahn.at\/shop\/produkt\/alpaka-acro-iris-muetze\/#primaryimage\",\"url\":\"https:\/\/i0.wp.com\/www.alpakahof-hahn.at\/shop\/wp-content\/uploads\/2017\/10\/07123-herren-neu-01.jpg?fit=800%2C800&ssl=1\",\"contentUrl\":\"https:\/\/i0.wp.com\/www.alpakahof-hahn.at\/shop\/wp-content\/uploads\/2017\/10\/07123-herren-neu-01.jpg?fit=800%2C800&ssl=1\",\"width\":800,\"height\":800},{\"@type\":\"BreadcrumbList\",\"@id\":\"https:\/\/www.alpakahof-hahn.at\/shop\/produkt\/alpaka-acro-iris-muetze\/#breadcrumb\",\"itemListElement\":[{\"@type\":\"ListItem\",\"position\":1,\"name\":\"Shop\",\"item\":\"https:\/\/www.alpakahof-hahn.at\/shop\/\"},{\"@type\":\"ListItem\",\"position\":2,\"name\":\"Shop\",\"item\":\"https:\/\/www.alpakahof-hahn.at\/shop\/shop\/\"},{\"@type\":\"ListItem\",\"position\":3,\"name\":\"Alpaka Acro Iris M\u00fctze\"}]},{\"@type\":\"WebSite\",\"@id\":\"https:\/\/www.alpakahof-hahn.at\/shop\/#website\",\"url\":\"https:\/\/www.alpakahof-hahn.at\/shop\/\",\"name\":\"Alpaka Online-Shop\",\"description\":\"Der Hofladen der Familie Hahn\",\"potentialAction\":[{\"@type\":\"SearchAction\",\"target\":{\"@type\":\"EntryPoint\",\"urlTemplate\":\"https:\/\/www.alpakahof-hahn.at\/shop\/?s={search_term_string}\"},\"query-input\":{\"@type\":\"PropertyValueSpecification\",\"valueRequired\":true,\"valueName\":\"search_term_string\"}}],\"inLanguage\":\"de\"}]}<\/script>\n<!-- \/ Yoast SEO plugin. -->","yoast_head_json":{"title":"Alpaka Acro Iris M\u00fctze - Alpaka Online-Shop","robots":{"index":"index","follow":"follow","max-snippet":"max-snippet:-1","max-image-preview":"max-image-preview:large","max-video-preview":"max-video-preview:-1"},"canonical":"https:\/\/www.alpakahof-hahn.at\/shop\/produkt\/alpaka-acro-iris-muetze\/","twitter_card":"summary_large_image","twitter_title":"Alpaka Acro Iris M\u00fctze - Alpaka Online-Shop","twitter_image":"https:\/\/i0.wp.com\/www.alpakahof-hahn.at\/shop\/wp-content\/uploads\/2017\/10\/07123-herren-neu-01.jpg?fit=800%2C800&ssl=1","schema":{"@context":"https:\/\/schema.org","@graph":[{"@type":"WebPage","@id":"https:\/\/www.alpakahof-hahn.at\/shop\/produkt\/alpaka-acro-iris-muetze\/","url":"https:\/\/www.alpakahof-hahn.at\/shop\/produkt\/alpaka-acro-iris-muetze\/","name":"Alpaka Acro Iris M\u00fctze - Alpaka Online-Shop","isPartOf":{"@id":"https:\/\/www.alpakahof-hahn.at\/shop\/#website"},"primaryImageOfPage":{"@id":"https:\/\/www.alpakahof-hahn.at\/shop\/produkt\/alpaka-acro-iris-muetze\/#primaryimage"},"image":{"@id":"https:\/\/www.alpakahof-hahn.at\/shop\/produkt\/alpaka-acro-iris-muetze\/#primaryimage"},"thumbnailUrl":"https:\/\/i0.wp.com\/www.alpakahof-hahn.at\/shop\/wp-content\/uploads\/2017\/10\/07123-herren-neu-01.jpg?fit=800%2C800&ssl=1","datePublished":"2017-10-09T21:58:23+00:00","dateModified":"2026-02-13T12:09:12+00:00","breadcrumb":{"@id":"https:\/\/www.alpakahof-hahn.at\/shop\/produkt\/alpaka-acro-iris-muetze\/#breadcrumb"},"inLanguage":"de","potentialAction":[{"@type":"ReadAction","target":["https:\/\/www.alpakahof-hahn.at\/shop\/produkt\/alpaka-acro-iris-muetze\/"]}]},{"@type":"ImageObject","inLanguage":"de","@id":"https:\/\/www.alpakahof-hahn.at\/shop\/produkt\/alpaka-acro-iris-muetze\/#primaryimage","url":"https:\/\/i0.wp.com\/www.alpakahof-hahn.at\/shop\/wp-content\/uploads\/2017\/10\/07123-herren-neu-01.jpg?fit=800%2C800&ssl=1","contentUrl":"https:\/\/i0.wp.com\/www.alpakahof-hahn.at\/shop\/wp-content\/uploads\/2017\/10\/07123-herren-neu-01.jpg?fit=800%2C800&ssl=1","width":800,"height":800},{"@type":"BreadcrumbList","@id":"https:\/\/www.alpakahof-hahn.at\/shop\/produkt\/alpaka-acro-iris-muetze\/#breadcrumb","itemListElement":[{"@type":"ListItem","position":1,"name":"Shop","item":"https:\/\/www.alpakahof-hahn.at\/shop\/"},{"@type":"ListItem","position":2,"name":"Shop","item":"https:\/\/www.alpakahof-hahn.at\/shop\/shop\/"},{"@type":"ListItem","position":3,"name":"Alpaka Acro Iris M\u00fctze"}]},{"@type":"WebSite","@id":"https:\/\/www.alpakahof-hahn.at\/shop\/#website","url":"https:\/\/www.alpakahof-hahn.at\/shop\/","name":"Alpaka Online-Shop","description":"Der Hofladen der Familie Hahn","potentialAction":[{"@type":"SearchAction","target":{"@type":"EntryPoint","urlTemplate":"https:\/\/www.alpakahof-hahn.at\/shop\/?s={search_term_string}"},"query-input":{"@type":"PropertyValueSpecification","valueRequired":true,"valueName":"search_term_string"}}],"inLanguage":"de"}]}},"jetpack_publicize_connections":[],"jetpack_sharing_enabled":true,"jetpack-related-posts":[{"id":5103,"url":"https:\/\/www.alpakahof-hahn.at\/shop\/produkt\/alpaka-chimu-muetze-rot\/","url_meta":{"origin":5182,"position":0},"title":"Alpaka Chimu M\u00fctze rot","author":"Manuel Hahn","date":"24. Juli 2017","format":false,"excerpt":"Die Chimu M\u00fctze verbindet ein traditionelles Design mit einzigartiger Funktion. Der aufwendige Jacquard Strick setzt im Winter mit strahlenden Farben Highlights. Das Baumwollfutter sch\u00fctzt vor kalten Temperaturen und eisigem Wind. Diese sch\u00f6ne Haube in verschiedenen Blaut\u00f6nen ziert auch ein kleines Alpaka-Logo an der Vorderseite - Zeichen f\u00fcr eine echte Alpaka\u2026","rel":"","context":"\u00c4hnlicher Beitrag","block_context":{"text":"\u00c4hnlicher Beitrag","link":""},"img":{"alt_text":"","src":"https:\/\/i0.wp.com\/www.alpakahof-hahn.at\/shop\/wp-content\/uploads\/2017\/07\/alpaka-haube-chimo-rot-11.jpg?fit=527%2C527&ssl=1&resize=350%2C200","width":350,"height":200,"srcset":"https:\/\/i0.wp.com\/www.alpakahof-hahn.at\/shop\/wp-content\/uploads\/2017\/07\/alpaka-haube-chimo-rot-11.jpg?fit=527%2C527&ssl=1&resize=350%2C200 1x, https:\/\/i0.wp.com\/www.alpakahof-hahn.at\/shop\/wp-content\/uploads\/2017\/07\/alpaka-haube-chimo-rot-11.jpg?fit=527%2C527&ssl=1&resize=525%2C300 1.5x"},"classes":[]},{"id":4614,"url":"https:\/\/www.alpakahof-hahn.at\/shop\/produkt\/alpaka-chimu-muetze-tuerkis\/","url_meta":{"origin":5182,"position":1},"title":"Alpaka Chimu M\u00fctze t\u00fcrkis","author":"Manuel Hahn","date":"1. Mai 2017","format":false,"excerpt":"Die Chimu M\u00fctze verbindet ein traditionelles Design mit einzigartiger Funktion. Der aufwendige Jacquard Strick setzt im Winter mit strahlenden Farben Highlights. Das Baumwollfutter sch\u00fctzt vor kalten Temperaturen und eisigem Wind. Diese sch\u00f6ne Haube in verschiedenen Blaut\u00f6nen ziert auch ein kleines Alpaka-Logo an der Vorderseite - Zeichen f\u00fcr eine echte Alpaka\u2026","rel":"","context":"\u00c4hnlicher Beitrag","block_context":{"text":"\u00c4hnlicher Beitrag","link":""},"img":{"alt_text":"","src":"https:\/\/i0.wp.com\/www.alpakahof-hahn.at\/shop\/wp-content\/uploads\/2017\/05\/07072-alpaka-damen-mu%CC%88tze-tuerkis-01.jpg?fit=800%2C800&ssl=1&resize=350%2C200","width":350,"height":200,"srcset":"https:\/\/i0.wp.com\/www.alpakahof-hahn.at\/shop\/wp-content\/uploads\/2017\/05\/07072-alpaka-damen-mu%CC%88tze-tuerkis-01.jpg?fit=800%2C800&ssl=1&resize=350%2C200 1x, https:\/\/i0.wp.com\/www.alpakahof-hahn.at\/shop\/wp-content\/uploads\/2017\/05\/07072-alpaka-damen-mu%CC%88tze-tuerkis-01.jpg?fit=800%2C800&ssl=1&resize=525%2C300 1.5x, https:\/\/i0.wp.com\/www.alpakahof-hahn.at\/shop\/wp-content\/uploads\/2017\/05\/07072-alpaka-damen-mu%CC%88tze-tuerkis-01.jpg?fit=800%2C800&ssl=1&resize=700%2C400 2x"},"classes":[]},{"id":47105,"url":"https:\/\/www.alpakahof-hahn.at\/shop\/produkt\/alpaka-haube-jagd-grau\/","url_meta":{"origin":5182,"position":2},"title":"Alpaka-Haube JAGD grau","author":"Manuel Hahn","date":"26. Oktober 2022","format":false,"excerpt":"Diese tolle und zeitlose M\u00fctze ist ideal f\u00fcr den Herren, denn Sie ist modisch, dezent, warm und trotzdem chic. Ein Allrounder der Sie im Alltag begleitet - bei Wind und Wetter kann man sich auf diese M\u00fctze verlassen. Durch das gewalkte Alpaka-Vlies ist diese Haube robust und w\u00e4rmend zugleich. -\u2026","rel":"","context":"\u00c4hnlicher Beitrag","block_context":{"text":"\u00c4hnlicher Beitrag","link":""},"img":{"alt_text":"","src":"https:\/\/i0.wp.com\/www.alpakahof-hahn.at\/shop\/wp-content\/uploads\/2022\/10\/alpaka-muetze-filz-grau-1-alpakahof-hahn.jpg?fit=475%2C720&ssl=1&resize=350%2C200","width":350,"height":200},"classes":[]},{"id":4620,"url":"https:\/\/www.alpakahof-hahn.at\/shop\/produkt\/alpaka-luna-muetze-gefuettert\/","url_meta":{"origin":5182,"position":3},"title":"Alpaka Luna M\u00fctze gef\u00fcttert","author":"Manuel Hahn","date":"1. Mai 2017","format":false,"excerpt":"Eisigen Temperaturen standhalten Dank dieser M\u00fctze aus strapazierf\u00e4higer Alpakawolle: wich, geschmeidig, angenehm zu tragen und dabei wind- und wetterfest! Diese Haube kommt in nat\u00fcrlichen Farben und Erdt\u00f6nen in peruanischem Design. Im peruanischen Design und herbstlichen Farben bringen Sie einen Teil der Anden mit dieser unverwechselbar sch\u00f6nen Haube mit in Ihren\u2026","rel":"","context":"\u00c4hnlicher Beitrag","block_context":{"text":"\u00c4hnlicher Beitrag","link":""},"img":{"alt_text":"","src":"https:\/\/i0.wp.com\/www.alpakahof-hahn.at\/shop\/wp-content\/uploads\/2017\/05\/07151-herren-neu-01.jpg?fit=800%2C800&ssl=1&resize=350%2C200","width":350,"height":200,"srcset":"https:\/\/i0.wp.com\/www.alpakahof-hahn.at\/shop\/wp-content\/uploads\/2017\/05\/07151-herren-neu-01.jpg?fit=800%2C800&ssl=1&resize=350%2C200 1x, https:\/\/i0.wp.com\/www.alpakahof-hahn.at\/shop\/wp-content\/uploads\/2017\/05\/07151-herren-neu-01.jpg?fit=800%2C800&ssl=1&resize=525%2C300 1.5x, https:\/\/i0.wp.com\/www.alpakahof-hahn.at\/shop\/wp-content\/uploads\/2017\/05\/07151-herren-neu-01.jpg?fit=800%2C800&ssl=1&resize=700%2C400 2x"},"classes":[]},{"id":47099,"url":"https:\/\/www.alpakahof-hahn.at\/shop\/produkt\/alpaka-muetze-ripp-weinrot\/","url_meta":{"origin":5182,"position":4},"title":"Alpaka M\u00fctze RIPP weinrot","author":"Manuel Hahn","date":"26. Oktober 2022","format":false,"excerpt":"- Material: 100% Alpaka (Baby Alpaka) - flexible Passform durch Rippenstrick - reine Naturfaser - unisex: f\u00fcr Damen und Herren","rel":"","context":"\u00c4hnlicher Beitrag","block_context":{"text":"\u00c4hnlicher Beitrag","link":""},"img":{"alt_text":"","src":"https:\/\/i0.wp.com\/www.alpakahof-hahn.at\/shop\/wp-content\/uploads\/2022\/10\/alpaka-muetze-ripp-weinrot-1-alpakahof-hahn.jpg?fit=475%2C720&ssl=1&resize=350%2C200","width":350,"height":200},"classes":[]},{"id":35041,"url":"https:\/\/www.alpakahof-hahn.at\/shop\/produkt\/alpaka-wendemuetze-suave\/","url_meta":{"origin":5182,"position":5},"title":"Wendem\u00fctze SUAVE","author":"Manuel Hahn","date":"24. November 2020","format":false,"excerpt":"Kuschelweiche Wohlf\u00fcl-M\u00fctze, wendbar, doppelt gestrickt, 100% Baby Alpaka","rel":"","context":"\u00c4hnlicher Beitrag","block_context":{"text":"\u00c4hnlicher Beitrag","link":""},"img":{"alt_text":"","src":"https:\/\/i0.wp.com\/www.alpakahof-hahn.at\/shop\/wp-content\/uploads\/2020\/11\/alpakahof-hahn-alpake-muetze-suave.jpg?fit=1024%2C1024&ssl=1&resize=350%2C200","width":350,"height":200,"srcset":"https:\/\/i0.wp.com\/www.alpakahof-hahn.at\/shop\/wp-content\/uploads\/2020\/11\/alpakahof-hahn-alpake-muetze-suave.jpg?fit=1024%2C1024&ssl=1&resize=350%2C200 1x, https:\/\/i0.wp.com\/www.alpakahof-hahn.at\/shop\/wp-content\/uploads\/2020\/11\/alpakahof-hahn-alpake-muetze-suave.jpg?fit=1024%2C1024&ssl=1&resize=525%2C300 1.5x, https:\/\/i0.wp.com\/www.alpakahof-hahn.at\/shop\/wp-content\/uploads\/2020\/11\/alpakahof-hahn-alpake-muetze-suave.jpg?fit=1024%2C1024&ssl=1&resize=700%2C400 2x"},"classes":[]}],"_links":{"self":[{"href":"https:\/\/www.alpakahof-hahn.at\/shop\/wp-json\/wp\/v2\/product\/5182","targetHints":{"allow":["GET"]}}],"collection":[{"href":"https:\/\/www.alpakahof-hahn.at\/shop\/wp-json\/wp\/v2\/product"}],"about":[{"href":"https:\/\/www.alpakahof-hahn.at\/shop\/wp-json\/wp\/v2\/types\/product"}],"wp:featuredmedia":[{"embeddable":true,"href":"https:\/\/www.alpakahof-hahn.at\/shop\/wp-json\/wp\/v2\/media\/5187"}],"wp:attachment":[{"href":"https:\/\/www.alpakahof-hahn.at\/shop\/wp-json\/wp\/v2\/media?parent=5182"}],"wp:term":[{"taxonomy":"brand","embeddable":true,"href":"https:\/\/www.alpakahof-hahn.at\/shop\/wp-json\/wp\/v2\/etheme_brands?post=5182"},{"taxonomy":"product_brand","embeddable":true,"href":"https:\/\/www.alpakahof-hahn.at\/shop\/wp-json\/wp\/v2\/product_brand?post=5182"},{"taxonomy":"product_cat","embeddable":true,"href":"https:\/\/www.alpakahof-hahn.at\/shop\/wp-json\/wp\/v2\/product_cat?post=5182"},{"taxonomy":"product_tag","embeddable":true,"href":"https:\/\/www.alpakahof-hahn.at\/shop\/wp-json\/wp\/v2\/product_tag?post=5182"}],"curies":[{"name":"wp","href":"https:\/\/api.w.org\/{rel}","templated":true}]}}