{"id":5083,"date":"2017-07-24T19:18:42","date_gmt":"2017-07-24T17:18:42","guid":{"rendered":"https:\/\/www.alpakahof-hahn.at\/shop\/?post_type=product&#038;p=5083"},"modified":"2024-11-19T06:49:06","modified_gmt":"2024-11-19T05:49:06","slug":"alpaka-bettwaesche","status":"publish","type":"product","link":"https:\/\/www.alpakahof-hahn.at\/shop\/produkt\/alpaka-bettwaesche\/","title":{"rendered":"Alpaka Polster 40x80cm"},"content":{"rendered":"","protected":false},"excerpt":{"rendered":"<p>Unser Alpaka-Polster wurde mit der Wolle unserer eigenen Tiere herstellt. Durch das geringe Wollfett k\u00f6nnen sich Bakterien nicht vermehren weshalb sie insbesondere f\u00fcr Allergiker ideal geeignet ist.<\/p>\n<ul>\n<li>Gr\u00f6\u00dfe: 40x80cm<\/li>\n<li>Einmalige Thermo-Eigenschaft<\/li>\n<li>Das innenliegende Futter der Polster besteht aus Merinoschaf-Wollk\u00fcgelchen &#8211; Die Au\u00dfenh\u00fclle wiederum aus Biobaumwolle, in dem Alpaka-Wolle eingearbeitet ist<\/li>\n<li>Antibakterielle Wirkung &#8211; Durch das geringe Wollfett k\u00f6nnen sich Bakterien auf der Oberfl\u00e4che nicht vermehren und sterben sofort ab<\/li>\n<li>Neutralisierung von Schwei\u00df<\/li>\n<li>Antistatisch<\/li>\n<li>Schwer entflammbar<\/li>\n<\/ul>\n<p><strong>Bei Bestellungen bis inkl. 23.12.2021 erh\u00e4lt ihr 10% Rabatt auf den Einkaufspreis.<\/strong><\/p>\n<p>&nbsp;<\/p>\n","protected":false},"featured_media":34469,"template":"","meta":{"jetpack_post_was_ever_published":false,"jetpack_publicize_message":"","jetpack_publicize_feature_enabled":true,"jetpack_social_post_already_shared":true,"jetpack_social_options":{"image_generator_settings":{"template":"highway","default_image_id":0,"font":"","enabled":false},"version":2}},"etheme_brands":[],"product_brand":[],"product_cat":[110],"product_tag":[],"class_list":{"0":"post-5083","1":"product","2":"type-product","3":"status-publish","4":"has-post-thumbnail","6":"product_cat-alpaka-bettwaesche","8":"first","9":"instock","10":"taxable","11":"shipping-taxable","12":"purchasable","13":"product-type-simple"},"supplier_id":null,"supplier_sku":"","barcode":null,"atum_controlled":true,"out_stock_date":null,"out_stock_threshold":null,"inheritable":false,"inbound_stock":0,"stock_on_hold":0,"sold_today":0,"sales_last_days":0,"reserved_stock":0,"customer_returns":0,"warehouse_damage":0,"lost_in_post":0,"other_logs":0,"out_stock_days":0,"lost_sales":0,"has_location":false,"update_date":"2026-04-04T07:33:19","atum_locations":[],"atum_stock_status":"instock","restock_status":false,"low_stock_amount":"","sales_update_date":"2026-04-04T07:33:19","calc_backorders":null,"yoast_head":"<!-- This site is optimized with the Yoast SEO plugin v26.5 - https:\/\/yoast.com\/wordpress\/plugins\/seo\/ -->\n<title>Alpaka Polster - Die Bettw\u00e4sche f\u00fcr Allergiker | Alpaka Online-Shop<\/title>\n<meta name=\"robots\" content=\"index, follow, max-snippet:-1, max-image-preview:large, max-video-preview:-1\" \/>\n<link rel=\"canonical\" href=\"https:\/\/www.alpakahof-hahn.at\/shop\/produkt\/alpaka-bettwaesche\/\" \/>\n<meta name=\"twitter:card\" content=\"summary_large_image\" \/>\n<meta name=\"twitter:title\" content=\"Alpaka Polster - Die Bettw\u00e4sche f\u00fcr Allergiker | Alpaka Online-Shop\" \/>\n<meta name=\"twitter:description\" content=\"Unser Alpaka-Polster wurde mit der Wolle unserer eigenen Tiere herstellt. Durch das geringe Wollfett k\u00f6nnen sich Bakterien nicht vermehren weshalb sie insbesondere f\u00fcr Allergiker ideal geeignet ist.   Gr\u00f6\u00dfe: 40x80cm  Einmalige Thermo-Eigenschaft  Das innenliegende Futter der Polster besteht aus Merinoschaf-Wollk\u00fcgelchen - Die Au\u00dfenh\u00fclle wiederum aus Biobaumwolle, in dem Alpaka-Wolle eingearbeitet ist  Antibakterielle Wirkung - Durch das geringe Wollfett k\u00f6nnen sich Bakterien auf der Oberfl\u00e4che nicht vermehren und sterben sofort ab  Neutralisierung von Schwei\u00df  Antistatisch  Schwer entflammbar  Bei Bestellungen bis inkl. 23.12.2021 erh\u00e4lt ihr 10% Rabatt auf den Einkaufspreis.  &nbsp;\" \/>\n<meta name=\"twitter:image\" content=\"https:\/\/i0.wp.com\/www.alpakahof-hahn.at\/shop\/wp-content\/uploads\/2017\/07\/Alpaka-Polster.jpg?fit=800%2C800&ssl=1\" \/>\n<script type=\"application\/ld+json\" class=\"yoast-schema-graph\">{\"@context\":\"https:\/\/schema.org\",\"@graph\":[{\"@type\":\"WebPage\",\"@id\":\"https:\/\/www.alpakahof-hahn.at\/shop\/produkt\/alpaka-bettwaesche\/\",\"url\":\"https:\/\/www.alpakahof-hahn.at\/shop\/produkt\/alpaka-bettwaesche\/\",\"name\":\"Alpaka Polster - Die Bettw\u00e4sche f\u00fcr Allergiker | Alpaka Online-Shop\",\"isPartOf\":{\"@id\":\"https:\/\/www.alpakahof-hahn.at\/shop\/#website\"},\"primaryImageOfPage\":{\"@id\":\"https:\/\/www.alpakahof-hahn.at\/shop\/produkt\/alpaka-bettwaesche\/#primaryimage\"},\"image\":{\"@id\":\"https:\/\/www.alpakahof-hahn.at\/shop\/produkt\/alpaka-bettwaesche\/#primaryimage\"},\"thumbnailUrl\":\"https:\/\/i0.wp.com\/www.alpakahof-hahn.at\/shop\/wp-content\/uploads\/2017\/07\/Alpaka-Polster.jpg?fit=800%2C800&ssl=1\",\"datePublished\":\"2017-07-24T17:18:42+00:00\",\"dateModified\":\"2024-11-19T05:49:06+00:00\",\"breadcrumb\":{\"@id\":\"https:\/\/www.alpakahof-hahn.at\/shop\/produkt\/alpaka-bettwaesche\/#breadcrumb\"},\"inLanguage\":\"de\",\"potentialAction\":[{\"@type\":\"ReadAction\",\"target\":[\"https:\/\/www.alpakahof-hahn.at\/shop\/produkt\/alpaka-bettwaesche\/\"]}]},{\"@type\":\"ImageObject\",\"inLanguage\":\"de\",\"@id\":\"https:\/\/www.alpakahof-hahn.at\/shop\/produkt\/alpaka-bettwaesche\/#primaryimage\",\"url\":\"https:\/\/i0.wp.com\/www.alpakahof-hahn.at\/shop\/wp-content\/uploads\/2017\/07\/Alpaka-Polster.jpg?fit=800%2C800&ssl=1\",\"contentUrl\":\"https:\/\/i0.wp.com\/www.alpakahof-hahn.at\/shop\/wp-content\/uploads\/2017\/07\/Alpaka-Polster.jpg?fit=800%2C800&ssl=1\",\"width\":800,\"height\":800},{\"@type\":\"BreadcrumbList\",\"@id\":\"https:\/\/www.alpakahof-hahn.at\/shop\/produkt\/alpaka-bettwaesche\/#breadcrumb\",\"itemListElement\":[{\"@type\":\"ListItem\",\"position\":1,\"name\":\"Shop\",\"item\":\"https:\/\/www.alpakahof-hahn.at\/shop\/\"},{\"@type\":\"ListItem\",\"position\":2,\"name\":\"Shop\",\"item\":\"https:\/\/www.alpakahof-hahn.at\/shop\/shop\/\"},{\"@type\":\"ListItem\",\"position\":3,\"name\":\"Alpaka Polster 40x80cm\"}]},{\"@type\":\"WebSite\",\"@id\":\"https:\/\/www.alpakahof-hahn.at\/shop\/#website\",\"url\":\"https:\/\/www.alpakahof-hahn.at\/shop\/\",\"name\":\"Alpaka Online-Shop\",\"description\":\"Der Hofladen der Familie Hahn\",\"potentialAction\":[{\"@type\":\"SearchAction\",\"target\":{\"@type\":\"EntryPoint\",\"urlTemplate\":\"https:\/\/www.alpakahof-hahn.at\/shop\/?s={search_term_string}\"},\"query-input\":{\"@type\":\"PropertyValueSpecification\",\"valueRequired\":true,\"valueName\":\"search_term_string\"}}],\"inLanguage\":\"de\"}]}<\/script>\n<!-- \/ Yoast SEO plugin. -->","yoast_head_json":{"title":"Alpaka Polster - Die Bettw\u00e4sche f\u00fcr Allergiker | Alpaka Online-Shop","robots":{"index":"index","follow":"follow","max-snippet":"max-snippet:-1","max-image-preview":"max-image-preview:large","max-video-preview":"max-video-preview:-1"},"canonical":"https:\/\/www.alpakahof-hahn.at\/shop\/produkt\/alpaka-bettwaesche\/","twitter_card":"summary_large_image","twitter_title":"Alpaka Polster - Die Bettw\u00e4sche f\u00fcr Allergiker | Alpaka Online-Shop","twitter_description":"Unser Alpaka-Polster wurde mit der Wolle unserer eigenen Tiere herstellt. Durch das geringe Wollfett k\u00f6nnen sich Bakterien nicht vermehren weshalb sie insbesondere f\u00fcr Allergiker ideal geeignet ist.   Gr\u00f6\u00dfe: 40x80cm  Einmalige Thermo-Eigenschaft  Das innenliegende Futter der Polster besteht aus Merinoschaf-Wollk\u00fcgelchen - Die Au\u00dfenh\u00fclle wiederum aus Biobaumwolle, in dem Alpaka-Wolle eingearbeitet ist  Antibakterielle Wirkung - Durch das geringe Wollfett k\u00f6nnen sich Bakterien auf der Oberfl\u00e4che nicht vermehren und sterben sofort ab  Neutralisierung von Schwei\u00df  Antistatisch  Schwer entflammbar  Bei Bestellungen bis inkl. 23.12.2021 erh\u00e4lt ihr 10% Rabatt auf den Einkaufspreis.  &nbsp;","twitter_image":"https:\/\/i0.wp.com\/www.alpakahof-hahn.at\/shop\/wp-content\/uploads\/2017\/07\/Alpaka-Polster.jpg?fit=800%2C800&ssl=1","schema":{"@context":"https:\/\/schema.org","@graph":[{"@type":"WebPage","@id":"https:\/\/www.alpakahof-hahn.at\/shop\/produkt\/alpaka-bettwaesche\/","url":"https:\/\/www.alpakahof-hahn.at\/shop\/produkt\/alpaka-bettwaesche\/","name":"Alpaka Polster - Die Bettw\u00e4sche f\u00fcr Allergiker | Alpaka Online-Shop","isPartOf":{"@id":"https:\/\/www.alpakahof-hahn.at\/shop\/#website"},"primaryImageOfPage":{"@id":"https:\/\/www.alpakahof-hahn.at\/shop\/produkt\/alpaka-bettwaesche\/#primaryimage"},"image":{"@id":"https:\/\/www.alpakahof-hahn.at\/shop\/produkt\/alpaka-bettwaesche\/#primaryimage"},"thumbnailUrl":"https:\/\/i0.wp.com\/www.alpakahof-hahn.at\/shop\/wp-content\/uploads\/2017\/07\/Alpaka-Polster.jpg?fit=800%2C800&ssl=1","datePublished":"2017-07-24T17:18:42+00:00","dateModified":"2024-11-19T05:49:06+00:00","breadcrumb":{"@id":"https:\/\/www.alpakahof-hahn.at\/shop\/produkt\/alpaka-bettwaesche\/#breadcrumb"},"inLanguage":"de","potentialAction":[{"@type":"ReadAction","target":["https:\/\/www.alpakahof-hahn.at\/shop\/produkt\/alpaka-bettwaesche\/"]}]},{"@type":"ImageObject","inLanguage":"de","@id":"https:\/\/www.alpakahof-hahn.at\/shop\/produkt\/alpaka-bettwaesche\/#primaryimage","url":"https:\/\/i0.wp.com\/www.alpakahof-hahn.at\/shop\/wp-content\/uploads\/2017\/07\/Alpaka-Polster.jpg?fit=800%2C800&ssl=1","contentUrl":"https:\/\/i0.wp.com\/www.alpakahof-hahn.at\/shop\/wp-content\/uploads\/2017\/07\/Alpaka-Polster.jpg?fit=800%2C800&ssl=1","width":800,"height":800},{"@type":"BreadcrumbList","@id":"https:\/\/www.alpakahof-hahn.at\/shop\/produkt\/alpaka-bettwaesche\/#breadcrumb","itemListElement":[{"@type":"ListItem","position":1,"name":"Shop","item":"https:\/\/www.alpakahof-hahn.at\/shop\/"},{"@type":"ListItem","position":2,"name":"Shop","item":"https:\/\/www.alpakahof-hahn.at\/shop\/shop\/"},{"@type":"ListItem","position":3,"name":"Alpaka Polster 40x80cm"}]},{"@type":"WebSite","@id":"https:\/\/www.alpakahof-hahn.at\/shop\/#website","url":"https:\/\/www.alpakahof-hahn.at\/shop\/","name":"Alpaka Online-Shop","description":"Der Hofladen der Familie Hahn","potentialAction":[{"@type":"SearchAction","target":{"@type":"EntryPoint","urlTemplate":"https:\/\/www.alpakahof-hahn.at\/shop\/?s={search_term_string}"},"query-input":{"@type":"PropertyValueSpecification","valueRequired":true,"valueName":"search_term_string"}}],"inLanguage":"de"}]}},"jetpack_publicize_connections":[],"jetpack_sharing_enabled":true,"jetpack-related-posts":[{"id":34443,"url":"https:\/\/www.alpakahof-hahn.at\/shop\/produkt\/alpaka-polster-70x90cm\/","url_meta":{"origin":5083,"position":0},"title":"Alpaka Polster 70x90cm","author":"Manuel Hahn","date":"24. Juli 2017","format":false,"excerpt":"Unser Alpaka-Polster wurde mit der Wolle unserer eigenen Tiere herstellt. Durch das geringe Wollfett k\u00f6nnen sich Bakterien nicht vermehren weshalb sie insbesondere f\u00fcr Allergiker ideal geeignet ist. Gr\u00f6\u00dfe: 70x90cm Einmalige Thermo-Eigenschaft Das innenliegende Futter der Polster besteht aus Merinoschaf-Wollk\u00fcgelchen - Die Au\u00dfenh\u00fclle wiederum aus Biobaumwolle, in dem Alpaka-Wolle eingearbeitet ist\u2026","rel":"","context":"\u00c4hnlicher Beitrag","block_context":{"text":"\u00c4hnlicher Beitrag","link":""},"img":{"alt_text":"","src":"https:\/\/i0.wp.com\/www.alpakahof-hahn.at\/shop\/wp-content\/uploads\/2017\/07\/Alpaka-Polster.jpg?fit=800%2C800&ssl=1&resize=350%2C200","width":350,"height":200,"srcset":"https:\/\/i0.wp.com\/www.alpakahof-hahn.at\/shop\/wp-content\/uploads\/2017\/07\/Alpaka-Polster.jpg?fit=800%2C800&ssl=1&resize=350%2C200 1x, https:\/\/i0.wp.com\/www.alpakahof-hahn.at\/shop\/wp-content\/uploads\/2017\/07\/Alpaka-Polster.jpg?fit=800%2C800&ssl=1&resize=525%2C300 1.5x, https:\/\/i0.wp.com\/www.alpakahof-hahn.at\/shop\/wp-content\/uploads\/2017\/07\/Alpaka-Polster.jpg?fit=800%2C800&ssl=1&resize=700%2C400 2x"},"classes":[]},{"id":34447,"url":"https:\/\/www.alpakahof-hahn.at\/shop\/produkt\/alpaka-decke-1300g-fuellmenge\/","url_meta":{"origin":5083,"position":1},"title":"Alpaka Decke mit 1,3kg F\u00fcllmenge","author":"Manuel Hahn","date":"22. November 2020","format":false,"excerpt":"Unser Alpaka-Decke wurde mit der Wolle unserer eigenen Tiere herstellt. Durch das geringe Wollfett k\u00f6nnen sich Bakterien nicht vermehren weshalb sie insbesondere f\u00fcr Allergiker ideal geeignet ist. Gr\u00f6\u00dfe: 140x200cm Einmalige Thermo-Eigenschaft Antibakterielle Wirkung - Durch das geringe Wollfett k\u00f6nnen sich Bakterien auf der Oberfl\u00e4che nicht vermehren und sterben sofort ab\u2026","rel":"","context":"\u00c4hnlicher Beitrag","block_context":{"text":"\u00c4hnlicher Beitrag","link":""},"img":{"alt_text":"","src":"https:\/\/i0.wp.com\/www.alpakahof-hahn.at\/shop\/wp-content\/uploads\/2017\/07\/alpaka-bettwaesche-e1606037482662.jpg?fit=678%2C1024&ssl=1&resize=350%2C200","width":350,"height":200,"srcset":"https:\/\/i0.wp.com\/www.alpakahof-hahn.at\/shop\/wp-content\/uploads\/2017\/07\/alpaka-bettwaesche-e1606037482662.jpg?fit=678%2C1024&ssl=1&resize=350%2C200 1x, https:\/\/i0.wp.com\/www.alpakahof-hahn.at\/shop\/wp-content\/uploads\/2017\/07\/alpaka-bettwaesche-e1606037482662.jpg?fit=678%2C1024&ssl=1&resize=525%2C300 1.5x"},"classes":[]},{"id":5096,"url":"https:\/\/www.alpakahof-hahn.at\/shop\/produkt\/alpaka-business-socken-grau\/","url_meta":{"origin":5083,"position":2},"title":"Alpaka Business Socken grau","author":"Manuel Hahn","date":"24. Juli 2017","format":false,"excerpt":"Diese Business Socken in hochwertiger Fasermischung sind besonders strapazierf\u00e4hig und zeichnen sich durch einen hohen Tragekomfort aus. Daher sind diese Socken auch ideal f\u00fcr Arzt-, Schwestern- oder Gesundheit\u2019s-Socken f\u00fcr alle, die im medizinischen Bereich und im Krankenhaus arbeiten, geeignet. Durch den gerignen Anteil an Lanolin (Wollfett) in der Alpaka-Faser, ist\u2026","rel":"","context":"\u00c4hnlicher Beitrag","block_context":{"text":"\u00c4hnlicher Beitrag","link":""},"img":{"alt_text":"","src":"https:\/\/i0.wp.com\/www.alpakahof-hahn.at\/shop\/wp-content\/uploads\/2017\/07\/alpaka-business-socken-grau-1.jpg?fit=526%2C800&ssl=1&resize=350%2C200","width":350,"height":200,"srcset":"https:\/\/i0.wp.com\/www.alpakahof-hahn.at\/shop\/wp-content\/uploads\/2017\/07\/alpaka-business-socken-grau-1.jpg?fit=526%2C800&ssl=1&resize=350%2C200 1x, https:\/\/i0.wp.com\/www.alpakahof-hahn.at\/shop\/wp-content\/uploads\/2017\/07\/alpaka-business-socken-grau-1.jpg?fit=526%2C800&ssl=1&resize=525%2C300 1.5x"},"classes":[]},{"id":4528,"url":"https:\/\/www.alpakahof-hahn.at\/shop\/produkt\/alpaka-business-socken-dunkelgrau\/","url_meta":{"origin":5083,"position":3},"title":"Alpaka Business Socken dunkelgrau","author":"Manuel Hahn","date":"1. Mai 2017","format":false,"excerpt":"Diese Business Socken in hochwertiger Fasermischung sind besonders strapazierf\u00e4hig und zeichnen sich durch einen hohen Tragekomfort aus. Daher sind diese Socken auch ideal f\u00fcr Arzt-, Schwestern- oder Gesundheit\u2019s-Socken f\u00fcr alle, die im medizinischen Bereich und im Krankenhaus arbeiten, geeignet. Durch den gerignen Anteil an Lanolin (Wollfett) in der Alpaka-Faser, ist\u2026","rel":"","context":"\u00c4hnlicher Beitrag","block_context":{"text":"\u00c4hnlicher Beitrag","link":""},"img":{"alt_text":"","src":"https:\/\/i0.wp.com\/www.alpakahof-hahn.at\/shop\/wp-content\/uploads\/2017\/05\/10007-business-socken-alpaka-damen-herren-apu-kuntur-dunkel-grau-02.jpg?fit=527%2C800&ssl=1&resize=350%2C200","width":350,"height":200,"srcset":"https:\/\/i0.wp.com\/www.alpakahof-hahn.at\/shop\/wp-content\/uploads\/2017\/05\/10007-business-socken-alpaka-damen-herren-apu-kuntur-dunkel-grau-02.jpg?fit=527%2C800&ssl=1&resize=350%2C200 1x, https:\/\/i0.wp.com\/www.alpakahof-hahn.at\/shop\/wp-content\/uploads\/2017\/05\/10007-business-socken-alpaka-damen-herren-apu-kuntur-dunkel-grau-02.jpg?fit=527%2C800&ssl=1&resize=525%2C300 1.5x"},"classes":[]},{"id":4539,"url":"https:\/\/www.alpakahof-hahn.at\/shop\/produkt\/alpaka-thermosohlen-gummiert\/","url_meta":{"origin":5083,"position":4},"title":"Alpaka Thermosohlen","author":"Manuel Hahn","date":"1. Mai 2017","format":false,"excerpt":"Trotz klirrender K\u00e4lte warme F\u00fc\u00dfe haben? Ganz leicht mit den Alpaka Einlege-Sohlen aus hochwertigem und qualitativem Filz. Dank der einzigartigen Thermoeigenschaft der Alpaka-Wolle haben Sie stets ein angenehmes Klima im Schuh. Das sch\u00fctzt auch vor unangenehmer Geruchsbildung.\u00a0Der Filz ist druckelastisch und widerstandsf\u00e4hig, der Tragekomfort daher sehr angenehm. Durch eine latexbeschichtete\u2026","rel":"","context":"\u00c4hnlicher Beitrag","block_context":{"text":"\u00c4hnlicher Beitrag","link":""},"img":{"alt_text":"","src":"https:\/\/i0.wp.com\/www.alpakahof-hahn.at\/shop\/wp-content\/uploads\/2017\/05\/alpaka-schuheinlagen-alpakahof-hahn.jpg?fit=475%2C556&ssl=1&resize=350%2C200","width":350,"height":200},"classes":[]},{"id":4718,"url":"https:\/\/www.alpakahof-hahn.at\/shop\/produkt\/alpaka-ski-socken-damen-herren\/","url_meta":{"origin":5083,"position":5},"title":"Alpaka SKI-SOCKEN Damen &#038; Herren","author":"Manuel Hahn","date":"6. Mai 2017","format":false,"excerpt":"Stets trockene F\u00fc\u00dfe auch auf der Skipiste! Die \u00a0Alpaka-Sport-Socken bieten h\u00f6chsten Tragekomfort. Durch den komfortablen Bund und die lange Schafth\u00f6he gibt es kein unangenehmes Zwicken und Dr\u00fccken mehr. Noch dazu bleiben die F\u00fc\u00dfe wohlig warm und trocken! Dank der Alpaka-Faser haben diese Socken eine besonders thermoregulierende Eigenschaft - dadurch gibt\u2026","rel":"","context":"\u00c4hnlicher Beitrag","block_context":{"text":"\u00c4hnlicher Beitrag","link":""},"img":{"alt_text":"","src":"https:\/\/i0.wp.com\/www.alpakahof-hahn.at\/shop\/wp-content\/uploads\/2017\/05\/10032-alpaka-ski-socken-stutzen-stru%CC%88mpfe-damen-herren-knie-apu-kuntur-schwarz-grau-01.jpg?fit=527%2C800&ssl=1&resize=350%2C200","width":350,"height":200,"srcset":"https:\/\/i0.wp.com\/www.alpakahof-hahn.at\/shop\/wp-content\/uploads\/2017\/05\/10032-alpaka-ski-socken-stutzen-stru%CC%88mpfe-damen-herren-knie-apu-kuntur-schwarz-grau-01.jpg?fit=527%2C800&ssl=1&resize=350%2C200 1x, https:\/\/i0.wp.com\/www.alpakahof-hahn.at\/shop\/wp-content\/uploads\/2017\/05\/10032-alpaka-ski-socken-stutzen-stru%CC%88mpfe-damen-herren-knie-apu-kuntur-schwarz-grau-01.jpg?fit=527%2C800&ssl=1&resize=525%2C300 1.5x"},"classes":[]}],"_links":{"self":[{"href":"https:\/\/www.alpakahof-hahn.at\/shop\/wp-json\/wp\/v2\/product\/5083","targetHints":{"allow":["GET"]}}],"collection":[{"href":"https:\/\/www.alpakahof-hahn.at\/shop\/wp-json\/wp\/v2\/product"}],"about":[{"href":"https:\/\/www.alpakahof-hahn.at\/shop\/wp-json\/wp\/v2\/types\/product"}],"wp:featuredmedia":[{"embeddable":true,"href":"https:\/\/www.alpakahof-hahn.at\/shop\/wp-json\/wp\/v2\/media\/34469"}],"wp:attachment":[{"href":"https:\/\/www.alpakahof-hahn.at\/shop\/wp-json\/wp\/v2\/media?parent=5083"}],"wp:term":[{"taxonomy":"brand","embeddable":true,"href":"https:\/\/www.alpakahof-hahn.at\/shop\/wp-json\/wp\/v2\/etheme_brands?post=5083"},{"taxonomy":"product_brand","embeddable":true,"href":"https:\/\/www.alpakahof-hahn.at\/shop\/wp-json\/wp\/v2\/product_brand?post=5083"},{"taxonomy":"product_cat","embeddable":true,"href":"https:\/\/www.alpakahof-hahn.at\/shop\/wp-json\/wp\/v2\/product_cat?post=5083"},{"taxonomy":"product_tag","embeddable":true,"href":"https:\/\/www.alpakahof-hahn.at\/shop\/wp-json\/wp\/v2\/product_tag?post=5083"}],"curies":[{"name":"wp","href":"https:\/\/api.w.org\/{rel}","templated":true}]}}