{"id":48153,"date":"2024-04-28T13:09:31","date_gmt":"2024-04-28T11:09:31","guid":{"rendered":"https:\/\/www.alpakahof-hahn.at\/shop\/?post_type=product&#038;p=48153"},"modified":"2025-12-16T22:37:48","modified_gmt":"2025-12-16T21:37:48","slug":"wendemuetze-suave-rose","status":"publish","type":"product","link":"https:\/\/www.alpakahof-hahn.at\/shop\/produkt\/wendemuetze-suave-rose\/","title":{"rendered":"Wendem\u00fctze SUAVE rosa"},"content":{"rendered":"","protected":false},"excerpt":{"rendered":"<p>Kuschelweiche Wohlf\u00fcl-M\u00fctze, wendbar, doppelt gestrickt, 100% Baby Alpaka<\/p>\n<p>&#8211; Wendem\u00fctze, zeitlos elegant<br \/>\n&#8211; Praktische &#8220;One Size&#8221; Gr\u00f6\u00dfe<br \/>\n&#8211; unglaublich kuschlig &amp; weich<br \/>\n&#8211; doppelt gestrickt<br \/>\n&#8211; je nach Seite Zopfmuster oder Rippstrick<\/p>\n<p>Fair in Peru von Apu Kuntur hergestellt.<\/p>\n","protected":false},"featured_media":48154,"template":"","meta":{"jetpack_post_was_ever_published":false,"jetpack_publicize_message":"","jetpack_publicize_feature_enabled":true,"jetpack_social_post_already_shared":true,"jetpack_social_options":{"image_generator_settings":{"template":"highway","default_image_id":0,"font":"","enabled":false},"version":2}},"etheme_brands":[],"product_brand":[],"product_cat":[75],"product_tag":[],"class_list":{"0":"post-48153","1":"product","2":"type-product","3":"status-publish","4":"has-post-thumbnail","6":"product_cat-hauben","8":"first","9":"instock","10":"taxable","11":"shipping-taxable","12":"purchasable","13":"product-type-simple"},"supplier_id":null,"supplier_sku":"","barcode":null,"atum_controlled":true,"out_stock_date":null,"out_stock_threshold":null,"inheritable":false,"inbound_stock":0,"stock_on_hold":0,"sold_today":0,"sales_last_days":0,"reserved_stock":0,"customer_returns":0,"warehouse_damage":0,"lost_in_post":0,"other_logs":0,"out_stock_days":0,"lost_sales":0,"has_location":false,"update_date":"2026-04-23T09:11:27","atum_locations":[],"atum_stock_status":"instock","restock_status":false,"low_stock_amount":"","sales_update_date":"2026-04-23T09:11:27","calc_backorders":null,"yoast_head":"<!-- This site is optimized with the Yoast SEO plugin v26.5 - https:\/\/yoast.com\/wordpress\/plugins\/seo\/ -->\n<title>Wendem\u00fctze SUAVE rosa - Alpaka Online-Shop<\/title>\n<meta name=\"robots\" content=\"index, follow, max-snippet:-1, max-image-preview:large, max-video-preview:-1\" \/>\n<link rel=\"canonical\" href=\"https:\/\/www.alpakahof-hahn.at\/shop\/produkt\/wendemuetze-suave-rose\/\" \/>\n<meta name=\"twitter:card\" content=\"summary_large_image\" \/>\n<meta name=\"twitter:title\" content=\"Wendem\u00fctze SUAVE rosa - Alpaka Online-Shop\" \/>\n<meta name=\"twitter:description\" content=\"Kuschelweiche Wohlf\u00fcl-M\u00fctze, wendbar, doppelt gestrickt, 100% Baby Alpaka  - Wendem\u00fctze, zeitlos elegant - Praktische &quot;One Size&quot; Gr\u00f6\u00dfe - unglaublich kuschlig &amp; weich - doppelt gestrickt - je nach Seite Zopfmuster oder Rippstrick  Fair in Peru von Apu Kuntur hergestellt.\" \/>\n<meta name=\"twitter:image\" content=\"https:\/\/i0.wp.com\/www.alpakahof-hahn.at\/shop\/wp-content\/uploads\/2024\/04\/alpaka-mtze-suave-aus-100-baby-alpaka.webp?fit=1100%2C1422&ssl=1\" \/>\n<script type=\"application\/ld+json\" class=\"yoast-schema-graph\">{\"@context\":\"https:\/\/schema.org\",\"@graph\":[{\"@type\":\"WebPage\",\"@id\":\"https:\/\/www.alpakahof-hahn.at\/shop\/produkt\/wendemuetze-suave-rose\/\",\"url\":\"https:\/\/www.alpakahof-hahn.at\/shop\/produkt\/wendemuetze-suave-rose\/\",\"name\":\"Wendem\u00fctze SUAVE rosa - Alpaka Online-Shop\",\"isPartOf\":{\"@id\":\"https:\/\/www.alpakahof-hahn.at\/shop\/#website\"},\"primaryImageOfPage\":{\"@id\":\"https:\/\/www.alpakahof-hahn.at\/shop\/produkt\/wendemuetze-suave-rose\/#primaryimage\"},\"image\":{\"@id\":\"https:\/\/www.alpakahof-hahn.at\/shop\/produkt\/wendemuetze-suave-rose\/#primaryimage\"},\"thumbnailUrl\":\"https:\/\/i0.wp.com\/www.alpakahof-hahn.at\/shop\/wp-content\/uploads\/2024\/04\/alpaka-mtze-suave-aus-100-baby-alpaka.webp?fit=1100%2C1422&ssl=1\",\"datePublished\":\"2024-04-28T11:09:31+00:00\",\"dateModified\":\"2025-12-16T21:37:48+00:00\",\"breadcrumb\":{\"@id\":\"https:\/\/www.alpakahof-hahn.at\/shop\/produkt\/wendemuetze-suave-rose\/#breadcrumb\"},\"inLanguage\":\"de\",\"potentialAction\":[{\"@type\":\"ReadAction\",\"target\":[\"https:\/\/www.alpakahof-hahn.at\/shop\/produkt\/wendemuetze-suave-rose\/\"]}]},{\"@type\":\"ImageObject\",\"inLanguage\":\"de\",\"@id\":\"https:\/\/www.alpakahof-hahn.at\/shop\/produkt\/wendemuetze-suave-rose\/#primaryimage\",\"url\":\"https:\/\/i0.wp.com\/www.alpakahof-hahn.at\/shop\/wp-content\/uploads\/2024\/04\/alpaka-mtze-suave-aus-100-baby-alpaka.webp?fit=1100%2C1422&ssl=1\",\"contentUrl\":\"https:\/\/i0.wp.com\/www.alpakahof-hahn.at\/shop\/wp-content\/uploads\/2024\/04\/alpaka-mtze-suave-aus-100-baby-alpaka.webp?fit=1100%2C1422&ssl=1\",\"width\":1100,\"height\":1422},{\"@type\":\"BreadcrumbList\",\"@id\":\"https:\/\/www.alpakahof-hahn.at\/shop\/produkt\/wendemuetze-suave-rose\/#breadcrumb\",\"itemListElement\":[{\"@type\":\"ListItem\",\"position\":1,\"name\":\"Shop\",\"item\":\"https:\/\/www.alpakahof-hahn.at\/shop\/\"},{\"@type\":\"ListItem\",\"position\":2,\"name\":\"Shop\",\"item\":\"https:\/\/www.alpakahof-hahn.at\/shop\/shop\/\"},{\"@type\":\"ListItem\",\"position\":3,\"name\":\"Wendem\u00fctze SUAVE rosa\"}]},{\"@type\":\"WebSite\",\"@id\":\"https:\/\/www.alpakahof-hahn.at\/shop\/#website\",\"url\":\"https:\/\/www.alpakahof-hahn.at\/shop\/\",\"name\":\"Alpaka Online-Shop\",\"description\":\"Der Hofladen der Familie Hahn\",\"potentialAction\":[{\"@type\":\"SearchAction\",\"target\":{\"@type\":\"EntryPoint\",\"urlTemplate\":\"https:\/\/www.alpakahof-hahn.at\/shop\/?s={search_term_string}\"},\"query-input\":{\"@type\":\"PropertyValueSpecification\",\"valueRequired\":true,\"valueName\":\"search_term_string\"}}],\"inLanguage\":\"de\"}]}<\/script>\n<!-- \/ Yoast SEO plugin. -->","yoast_head_json":{"title":"Wendem\u00fctze SUAVE rosa - Alpaka Online-Shop","robots":{"index":"index","follow":"follow","max-snippet":"max-snippet:-1","max-image-preview":"max-image-preview:large","max-video-preview":"max-video-preview:-1"},"canonical":"https:\/\/www.alpakahof-hahn.at\/shop\/produkt\/wendemuetze-suave-rose\/","twitter_card":"summary_large_image","twitter_title":"Wendem\u00fctze SUAVE rosa - Alpaka Online-Shop","twitter_description":"Kuschelweiche Wohlf\u00fcl-M\u00fctze, wendbar, doppelt gestrickt, 100% Baby Alpaka  - Wendem\u00fctze, zeitlos elegant - Praktische \"One Size\" Gr\u00f6\u00dfe - unglaublich kuschlig &amp; weich - doppelt gestrickt - je nach Seite Zopfmuster oder Rippstrick  Fair in Peru von Apu Kuntur hergestellt.","twitter_image":"https:\/\/i0.wp.com\/www.alpakahof-hahn.at\/shop\/wp-content\/uploads\/2024\/04\/alpaka-mtze-suave-aus-100-baby-alpaka.webp?fit=1100%2C1422&ssl=1","schema":{"@context":"https:\/\/schema.org","@graph":[{"@type":"WebPage","@id":"https:\/\/www.alpakahof-hahn.at\/shop\/produkt\/wendemuetze-suave-rose\/","url":"https:\/\/www.alpakahof-hahn.at\/shop\/produkt\/wendemuetze-suave-rose\/","name":"Wendem\u00fctze SUAVE rosa - Alpaka Online-Shop","isPartOf":{"@id":"https:\/\/www.alpakahof-hahn.at\/shop\/#website"},"primaryImageOfPage":{"@id":"https:\/\/www.alpakahof-hahn.at\/shop\/produkt\/wendemuetze-suave-rose\/#primaryimage"},"image":{"@id":"https:\/\/www.alpakahof-hahn.at\/shop\/produkt\/wendemuetze-suave-rose\/#primaryimage"},"thumbnailUrl":"https:\/\/i0.wp.com\/www.alpakahof-hahn.at\/shop\/wp-content\/uploads\/2024\/04\/alpaka-mtze-suave-aus-100-baby-alpaka.webp?fit=1100%2C1422&ssl=1","datePublished":"2024-04-28T11:09:31+00:00","dateModified":"2025-12-16T21:37:48+00:00","breadcrumb":{"@id":"https:\/\/www.alpakahof-hahn.at\/shop\/produkt\/wendemuetze-suave-rose\/#breadcrumb"},"inLanguage":"de","potentialAction":[{"@type":"ReadAction","target":["https:\/\/www.alpakahof-hahn.at\/shop\/produkt\/wendemuetze-suave-rose\/"]}]},{"@type":"ImageObject","inLanguage":"de","@id":"https:\/\/www.alpakahof-hahn.at\/shop\/produkt\/wendemuetze-suave-rose\/#primaryimage","url":"https:\/\/i0.wp.com\/www.alpakahof-hahn.at\/shop\/wp-content\/uploads\/2024\/04\/alpaka-mtze-suave-aus-100-baby-alpaka.webp?fit=1100%2C1422&ssl=1","contentUrl":"https:\/\/i0.wp.com\/www.alpakahof-hahn.at\/shop\/wp-content\/uploads\/2024\/04\/alpaka-mtze-suave-aus-100-baby-alpaka.webp?fit=1100%2C1422&ssl=1","width":1100,"height":1422},{"@type":"BreadcrumbList","@id":"https:\/\/www.alpakahof-hahn.at\/shop\/produkt\/wendemuetze-suave-rose\/#breadcrumb","itemListElement":[{"@type":"ListItem","position":1,"name":"Shop","item":"https:\/\/www.alpakahof-hahn.at\/shop\/"},{"@type":"ListItem","position":2,"name":"Shop","item":"https:\/\/www.alpakahof-hahn.at\/shop\/shop\/"},{"@type":"ListItem","position":3,"name":"Wendem\u00fctze SUAVE rosa"}]},{"@type":"WebSite","@id":"https:\/\/www.alpakahof-hahn.at\/shop\/#website","url":"https:\/\/www.alpakahof-hahn.at\/shop\/","name":"Alpaka Online-Shop","description":"Der Hofladen der Familie Hahn","potentialAction":[{"@type":"SearchAction","target":{"@type":"EntryPoint","urlTemplate":"https:\/\/www.alpakahof-hahn.at\/shop\/?s={search_term_string}"},"query-input":{"@type":"PropertyValueSpecification","valueRequired":true,"valueName":"search_term_string"}}],"inLanguage":"de"}]}},"jetpack_publicize_connections":[],"jetpack_sharing_enabled":true,"jetpack-related-posts":[{"id":46158,"url":"https:\/\/www.alpakahof-hahn.at\/shop\/produkt\/wendemuetze-suave-rot\/","url_meta":{"origin":48153,"position":0},"title":"Wendem\u00fctze SUAVE rot","author":"Manuel Hahn","date":"24. November 2021","format":false,"excerpt":"Kuschelweiche Wohlf\u00fcl-M\u00fctze, wendbar, doppelt gestrickt, 100% Baby Alpaka - Wendem\u00fctze, zeitlos elegant - Praktische \"One Size\" Gr\u00f6\u00dfe - Unisex: f\u00fcr Sie und Ihn - unglaublich kuschlig & weich - doppelt gestrickt - je nach Seite Zopfmuster oder Rippstrick Fair in Peru von Apu Kuntur hergestellt.","rel":"","context":"\u00c4hnlicher Beitrag","block_context":{"text":"\u00c4hnlicher Beitrag","link":""},"img":{"alt_text":"","src":"https:\/\/i0.wp.com\/www.alpakahof-hahn.at\/shop\/wp-content\/uploads\/2021\/11\/Alpaka-Haube-SUAVE-rot-Alpakahof-Hahn-1.jpg?fit=1080%2C1080&ssl=1&resize=350%2C200","width":350,"height":200,"srcset":"https:\/\/i0.wp.com\/www.alpakahof-hahn.at\/shop\/wp-content\/uploads\/2021\/11\/Alpaka-Haube-SUAVE-rot-Alpakahof-Hahn-1.jpg?fit=1080%2C1080&ssl=1&resize=350%2C200 1x, https:\/\/i0.wp.com\/www.alpakahof-hahn.at\/shop\/wp-content\/uploads\/2021\/11\/Alpaka-Haube-SUAVE-rot-Alpakahof-Hahn-1.jpg?fit=1080%2C1080&ssl=1&resize=525%2C300 1.5x, https:\/\/i0.wp.com\/www.alpakahof-hahn.at\/shop\/wp-content\/uploads\/2021\/11\/Alpaka-Haube-SUAVE-rot-Alpakahof-Hahn-1.jpg?fit=1080%2C1080&ssl=1&resize=700%2C400 2x, https:\/\/i0.wp.com\/www.alpakahof-hahn.at\/shop\/wp-content\/uploads\/2021\/11\/Alpaka-Haube-SUAVE-rot-Alpakahof-Hahn-1.jpg?fit=1080%2C1080&ssl=1&resize=1050%2C600 3x"},"classes":[]},{"id":47095,"url":"https:\/\/www.alpakahof-hahn.at\/shop\/produkt\/wendemuetze-suave-blau\/","url_meta":{"origin":48153,"position":1},"title":"Wendem\u00fctze SUAVE blau","author":"Manuel Hahn","date":"26. Oktober 2022","format":false,"excerpt":"Kuschelweiche Wohlf\u00fcl-M\u00fctze, wendbar, doppelt gestrickt, 100% Baby Alpaka - Wendem\u00fctze, zeitlos elegant - Praktische \"One Size\" Gr\u00f6\u00dfe - Unisex: f\u00fcr Sie und Ihn - unglaublich kuschlig & weich - doppelt gestrickt - je nach Seite Zopfmuster oder Rippstrick Fair in Peru von Apu Kuntur hergestellt.","rel":"","context":"\u00c4hnlicher Beitrag","block_context":{"text":"\u00c4hnlicher Beitrag","link":""},"img":{"alt_text":"","src":"https:\/\/i0.wp.com\/www.alpakahof-hahn.at\/shop\/wp-content\/uploads\/2022\/10\/alpaka-wendemuetze-blau-2-alpakahof-hahn.jpg?fit=475%2C720&ssl=1&resize=350%2C200","width":350,"height":200},"classes":[]},{"id":46150,"url":"https:\/\/www.alpakahof-hahn.at\/shop\/produkt\/wendemuetze-suave-sand-ecru\/","url_meta":{"origin":48153,"position":2},"title":"Wendem\u00fctze SUAVE sand-ecru","author":"Manuel Hahn","date":"24. November 2021","format":false,"excerpt":"Kuschelweiche Wohlf\u00fcl-M\u00fctze, wendbar, doppelt gestrickt, 100% Baby Alpaka - Wendem\u00fctze, zeitlos elegant - Praktische \"One Size\" Gr\u00f6\u00dfe - Unisex: f\u00fcr Sie und Ihn - unglaublich kuschlig & weich - doppelt gestrickt - je nach Seite Zopfmuster oder Rippstrick Fair in Peru von Apu Kuntur hergestellt.","rel":"","context":"\u00c4hnlicher Beitrag","block_context":{"text":"\u00c4hnlicher Beitrag","link":""},"img":{"alt_text":"","src":"https:\/\/i0.wp.com\/www.alpakahof-hahn.at\/shop\/wp-content\/uploads\/2021\/11\/Alpaka-Haube-SUAVE-sand-ecru-Alpakahof-Hahn-2.jpg?fit=1080%2C1080&ssl=1&resize=350%2C200","width":350,"height":200,"srcset":"https:\/\/i0.wp.com\/www.alpakahof-hahn.at\/shop\/wp-content\/uploads\/2021\/11\/Alpaka-Haube-SUAVE-sand-ecru-Alpakahof-Hahn-2.jpg?fit=1080%2C1080&ssl=1&resize=350%2C200 1x, https:\/\/i0.wp.com\/www.alpakahof-hahn.at\/shop\/wp-content\/uploads\/2021\/11\/Alpaka-Haube-SUAVE-sand-ecru-Alpakahof-Hahn-2.jpg?fit=1080%2C1080&ssl=1&resize=525%2C300 1.5x, https:\/\/i0.wp.com\/www.alpakahof-hahn.at\/shop\/wp-content\/uploads\/2021\/11\/Alpaka-Haube-SUAVE-sand-ecru-Alpakahof-Hahn-2.jpg?fit=1080%2C1080&ssl=1&resize=700%2C400 2x, https:\/\/i0.wp.com\/www.alpakahof-hahn.at\/shop\/wp-content\/uploads\/2021\/11\/Alpaka-Haube-SUAVE-sand-ecru-Alpakahof-Hahn-2.jpg?fit=1080%2C1080&ssl=1&resize=1050%2C600 3x"},"classes":[]},{"id":46163,"url":"https:\/\/www.alpakahof-hahn.at\/shop\/produkt\/wendemuetze-suave-schwarz-silber\/","url_meta":{"origin":48153,"position":3},"title":"Wendem\u00fctze SUAVE schwarz-silber","author":"Manuel Hahn","date":"24. November 2021","format":false,"excerpt":"Kuschelweiche Wohlf\u00fcl-M\u00fctze, wendbar, doppelt gestrickt, 100% Baby Alpaka - Wendem\u00fctze, zeitlos elegant - Praktische \"One Size\" Gr\u00f6\u00dfe - Unisex: f\u00fcr Sie und Ihn - unglaublich kuschlig & weich - doppelt gestrickt - je nach Seite Zopfmuster oder Rippstrick Fair in Peru von Apu Kuntur hergestellt.","rel":"","context":"\u00c4hnlicher Beitrag","block_context":{"text":"\u00c4hnlicher Beitrag","link":""},"img":{"alt_text":"","src":"https:\/\/i0.wp.com\/www.alpakahof-hahn.at\/shop\/wp-content\/uploads\/2021\/11\/Alpaka-Haube-SUAVE-schwarz-silber-Alpakahof-Hahn-2.jpg?fit=1080%2C1080&ssl=1&resize=350%2C200","width":350,"height":200,"srcset":"https:\/\/i0.wp.com\/www.alpakahof-hahn.at\/shop\/wp-content\/uploads\/2021\/11\/Alpaka-Haube-SUAVE-schwarz-silber-Alpakahof-Hahn-2.jpg?fit=1080%2C1080&ssl=1&resize=350%2C200 1x, https:\/\/i0.wp.com\/www.alpakahof-hahn.at\/shop\/wp-content\/uploads\/2021\/11\/Alpaka-Haube-SUAVE-schwarz-silber-Alpakahof-Hahn-2.jpg?fit=1080%2C1080&ssl=1&resize=525%2C300 1.5x, https:\/\/i0.wp.com\/www.alpakahof-hahn.at\/shop\/wp-content\/uploads\/2021\/11\/Alpaka-Haube-SUAVE-schwarz-silber-Alpakahof-Hahn-2.jpg?fit=1080%2C1080&ssl=1&resize=700%2C400 2x, https:\/\/i0.wp.com\/www.alpakahof-hahn.at\/shop\/wp-content\/uploads\/2021\/11\/Alpaka-Haube-SUAVE-schwarz-silber-Alpakahof-Hahn-2.jpg?fit=1080%2C1080&ssl=1&resize=1050%2C600 3x"},"classes":[]},{"id":46153,"url":"https:\/\/www.alpakahof-hahn.at\/shop\/produkt\/wendemuetze-suave-tannengruen-schwarz\/","url_meta":{"origin":48153,"position":4},"title":"Wendem\u00fctze SUAVE tannengr\u00fcn-schwarz","author":"Manuel Hahn","date":"24. November 2021","format":false,"excerpt":"Kuschelweiche Wohlf\u00fcl-M\u00fctze, wendbar, doppelt gestrickt, 100% Baby Alpaka - Wendem\u00fctze, zeitlos elegant - Praktische \"One Size\" Gr\u00f6\u00dfe - Unisex: f\u00fcr Sie und Ihn - unglaublich kuschlig & weich - doppelt gestrickt - je nach Seite Zopfmuster oder Rippstrick Fair in Peru von Apu Kuntur hergestellt.","rel":"","context":"\u00c4hnlicher Beitrag","block_context":{"text":"\u00c4hnlicher Beitrag","link":""},"img":{"alt_text":"","src":"https:\/\/i0.wp.com\/www.alpakahof-hahn.at\/shop\/wp-content\/uploads\/2021\/11\/Alpaka-Haube-SUAVE-tannengruen-schzwarz-Alpakahof-Hahn-2.jpg?fit=1080%2C1080&ssl=1&resize=350%2C200","width":350,"height":200,"srcset":"https:\/\/i0.wp.com\/www.alpakahof-hahn.at\/shop\/wp-content\/uploads\/2021\/11\/Alpaka-Haube-SUAVE-tannengruen-schzwarz-Alpakahof-Hahn-2.jpg?fit=1080%2C1080&ssl=1&resize=350%2C200 1x, https:\/\/i0.wp.com\/www.alpakahof-hahn.at\/shop\/wp-content\/uploads\/2021\/11\/Alpaka-Haube-SUAVE-tannengruen-schzwarz-Alpakahof-Hahn-2.jpg?fit=1080%2C1080&ssl=1&resize=525%2C300 1.5x, https:\/\/i0.wp.com\/www.alpakahof-hahn.at\/shop\/wp-content\/uploads\/2021\/11\/Alpaka-Haube-SUAVE-tannengruen-schzwarz-Alpakahof-Hahn-2.jpg?fit=1080%2C1080&ssl=1&resize=700%2C400 2x, https:\/\/i0.wp.com\/www.alpakahof-hahn.at\/shop\/wp-content\/uploads\/2021\/11\/Alpaka-Haube-SUAVE-tannengruen-schzwarz-Alpakahof-Hahn-2.jpg?fit=1080%2C1080&ssl=1&resize=1050%2C600 3x"},"classes":[]},{"id":35041,"url":"https:\/\/www.alpakahof-hahn.at\/shop\/produkt\/alpaka-wendemuetze-suave\/","url_meta":{"origin":48153,"position":5},"title":"Wendem\u00fctze SUAVE","author":"Manuel Hahn","date":"24. November 2020","format":false,"excerpt":"Kuschelweiche Wohlf\u00fcl-M\u00fctze, wendbar, doppelt gestrickt, 100% Baby Alpaka","rel":"","context":"\u00c4hnlicher Beitrag","block_context":{"text":"\u00c4hnlicher Beitrag","link":""},"img":{"alt_text":"","src":"https:\/\/i0.wp.com\/www.alpakahof-hahn.at\/shop\/wp-content\/uploads\/2020\/11\/alpakahof-hahn-alpake-muetze-suave.jpg?fit=1024%2C1024&ssl=1&resize=350%2C200","width":350,"height":200,"srcset":"https:\/\/i0.wp.com\/www.alpakahof-hahn.at\/shop\/wp-content\/uploads\/2020\/11\/alpakahof-hahn-alpake-muetze-suave.jpg?fit=1024%2C1024&ssl=1&resize=350%2C200 1x, https:\/\/i0.wp.com\/www.alpakahof-hahn.at\/shop\/wp-content\/uploads\/2020\/11\/alpakahof-hahn-alpake-muetze-suave.jpg?fit=1024%2C1024&ssl=1&resize=525%2C300 1.5x, https:\/\/i0.wp.com\/www.alpakahof-hahn.at\/shop\/wp-content\/uploads\/2020\/11\/alpakahof-hahn-alpake-muetze-suave.jpg?fit=1024%2C1024&ssl=1&resize=700%2C400 2x"},"classes":[]}],"_links":{"self":[{"href":"https:\/\/www.alpakahof-hahn.at\/shop\/wp-json\/wp\/v2\/product\/48153","targetHints":{"allow":["GET"]}}],"collection":[{"href":"https:\/\/www.alpakahof-hahn.at\/shop\/wp-json\/wp\/v2\/product"}],"about":[{"href":"https:\/\/www.alpakahof-hahn.at\/shop\/wp-json\/wp\/v2\/types\/product"}],"wp:featuredmedia":[{"embeddable":true,"href":"https:\/\/www.alpakahof-hahn.at\/shop\/wp-json\/wp\/v2\/media\/48154"}],"wp:attachment":[{"href":"https:\/\/www.alpakahof-hahn.at\/shop\/wp-json\/wp\/v2\/media?parent=48153"}],"wp:term":[{"taxonomy":"brand","embeddable":true,"href":"https:\/\/www.alpakahof-hahn.at\/shop\/wp-json\/wp\/v2\/etheme_brands?post=48153"},{"taxonomy":"product_brand","embeddable":true,"href":"https:\/\/www.alpakahof-hahn.at\/shop\/wp-json\/wp\/v2\/product_brand?post=48153"},{"taxonomy":"product_cat","embeddable":true,"href":"https:\/\/www.alpakahof-hahn.at\/shop\/wp-json\/wp\/v2\/product_cat?post=48153"},{"taxonomy":"product_tag","embeddable":true,"href":"https:\/\/www.alpakahof-hahn.at\/shop\/wp-json\/wp\/v2\/product_tag?post=48153"}],"curies":[{"name":"wp","href":"https:\/\/api.w.org\/{rel}","templated":true}]}}