{"id":48151,"date":"2024-04-28T13:06:49","date_gmt":"2024-04-28T11:06:49","guid":{"rendered":"https:\/\/www.alpakahof-hahn.at\/shop\/?post_type=product&#038;p=48151"},"modified":"2025-12-03T10:38:00","modified_gmt":"2025-12-03T09:38:00","slug":"wollstrick-haube-anthrazit","status":"publish","type":"product","link":"https:\/\/www.alpakahof-hahn.at\/shop\/produkt\/wollstrick-haube-anthrazit\/","title":{"rendered":"Wollstrick Haube anthrazit"},"content":{"rendered":"","protected":false},"excerpt":{"rendered":"<p>Besteht aus 100% Baby Alpaka. Eine Haube, die f\u00fcr jeden Anlass passt, wohlig warm h\u00e4lt und durch den Rippenstrickbund perfekt sitzt.<\/p>\n<p>Gr\u00f6\u00dfe: One Size<br \/>\nFarbe: Anthrazit<br \/>\nHersteller: Apu Kuntur, Peru<\/p>\n","protected":false},"featured_media":48152,"template":"","meta":{"jetpack_post_was_ever_published":false,"jetpack_publicize_message":"","jetpack_publicize_feature_enabled":true,"jetpack_social_post_already_shared":true,"jetpack_social_options":{"image_generator_settings":{"template":"highway","default_image_id":0,"font":"","enabled":false},"version":2}},"etheme_brands":[],"product_brand":[],"product_cat":[75],"product_tag":[],"class_list":{"0":"post-48151","1":"product","2":"type-product","3":"status-publish","4":"has-post-thumbnail","6":"product_cat-hauben","8":"first","9":"instock","10":"taxable","11":"shipping-taxable","12":"purchasable","13":"product-type-simple"},"supplier_id":null,"supplier_sku":"","barcode":null,"atum_controlled":true,"out_stock_date":null,"out_stock_threshold":null,"inheritable":false,"inbound_stock":0,"stock_on_hold":0,"sold_today":0,"sales_last_days":0,"reserved_stock":0,"customer_returns":0,"warehouse_damage":0,"lost_in_post":0,"other_logs":0,"out_stock_days":0,"lost_sales":0,"has_location":false,"update_date":"2026-04-04T07:33:07","atum_locations":[],"atum_stock_status":"instock","restock_status":false,"low_stock_amount":"","sales_update_date":"2026-04-04T07:33:07","calc_backorders":null,"yoast_head":"<!-- This site is optimized with the Yoast SEO plugin v26.5 - https:\/\/yoast.com\/wordpress\/plugins\/seo\/ -->\n<title>Wollstrick Haube anthrazit - Alpaka Online-Shop<\/title>\n<meta name=\"robots\" content=\"index, follow, max-snippet:-1, max-image-preview:large, max-video-preview:-1\" \/>\n<link rel=\"canonical\" href=\"https:\/\/www.alpakahof-hahn.at\/shop\/produkt\/wollstrick-haube-anthrazit\/\" \/>\n<meta name=\"twitter:card\" content=\"summary_large_image\" \/>\n<meta name=\"twitter:title\" content=\"Wollstrick Haube anthrazit - Alpaka Online-Shop\" \/>\n<meta name=\"twitter:description\" content=\"Besteht aus 100% Baby Alpaka. Eine Haube, die f\u00fcr jeden Anlass passt, wohlig warm h\u00e4lt und durch den Rippenstrickbund perfekt sitzt.  Gr\u00f6\u00dfe: One Size Farbe: Anthrazit Hersteller: Apu Kuntur, Peru\" \/>\n<meta name=\"twitter:image\" content=\"https:\/\/i0.wp.com\/www.alpakahof-hahn.at\/shop\/wp-content\/uploads\/2024\/04\/alpaka-basken-mtze-biesen-aus-100-baby-alpaka.webp?fit=1100%2C1422&ssl=1\" \/>\n<script type=\"application\/ld+json\" class=\"yoast-schema-graph\">{\"@context\":\"https:\/\/schema.org\",\"@graph\":[{\"@type\":\"WebPage\",\"@id\":\"https:\/\/www.alpakahof-hahn.at\/shop\/produkt\/wollstrick-haube-anthrazit\/\",\"url\":\"https:\/\/www.alpakahof-hahn.at\/shop\/produkt\/wollstrick-haube-anthrazit\/\",\"name\":\"Wollstrick Haube anthrazit - Alpaka Online-Shop\",\"isPartOf\":{\"@id\":\"https:\/\/www.alpakahof-hahn.at\/shop\/#website\"},\"primaryImageOfPage\":{\"@id\":\"https:\/\/www.alpakahof-hahn.at\/shop\/produkt\/wollstrick-haube-anthrazit\/#primaryimage\"},\"image\":{\"@id\":\"https:\/\/www.alpakahof-hahn.at\/shop\/produkt\/wollstrick-haube-anthrazit\/#primaryimage\"},\"thumbnailUrl\":\"https:\/\/i0.wp.com\/www.alpakahof-hahn.at\/shop\/wp-content\/uploads\/2024\/04\/alpaka-basken-mtze-biesen-aus-100-baby-alpaka.webp?fit=1100%2C1422&ssl=1\",\"datePublished\":\"2024-04-28T11:06:49+00:00\",\"dateModified\":\"2025-12-03T09:38:00+00:00\",\"breadcrumb\":{\"@id\":\"https:\/\/www.alpakahof-hahn.at\/shop\/produkt\/wollstrick-haube-anthrazit\/#breadcrumb\"},\"inLanguage\":\"de\",\"potentialAction\":[{\"@type\":\"ReadAction\",\"target\":[\"https:\/\/www.alpakahof-hahn.at\/shop\/produkt\/wollstrick-haube-anthrazit\/\"]}]},{\"@type\":\"ImageObject\",\"inLanguage\":\"de\",\"@id\":\"https:\/\/www.alpakahof-hahn.at\/shop\/produkt\/wollstrick-haube-anthrazit\/#primaryimage\",\"url\":\"https:\/\/i0.wp.com\/www.alpakahof-hahn.at\/shop\/wp-content\/uploads\/2024\/04\/alpaka-basken-mtze-biesen-aus-100-baby-alpaka.webp?fit=1100%2C1422&ssl=1\",\"contentUrl\":\"https:\/\/i0.wp.com\/www.alpakahof-hahn.at\/shop\/wp-content\/uploads\/2024\/04\/alpaka-basken-mtze-biesen-aus-100-baby-alpaka.webp?fit=1100%2C1422&ssl=1\",\"width\":1100,\"height\":1422},{\"@type\":\"BreadcrumbList\",\"@id\":\"https:\/\/www.alpakahof-hahn.at\/shop\/produkt\/wollstrick-haube-anthrazit\/#breadcrumb\",\"itemListElement\":[{\"@type\":\"ListItem\",\"position\":1,\"name\":\"Shop\",\"item\":\"https:\/\/www.alpakahof-hahn.at\/shop\/\"},{\"@type\":\"ListItem\",\"position\":2,\"name\":\"Shop\",\"item\":\"https:\/\/www.alpakahof-hahn.at\/shop\/shop\/\"},{\"@type\":\"ListItem\",\"position\":3,\"name\":\"Wollstrick Haube anthrazit\"}]},{\"@type\":\"WebSite\",\"@id\":\"https:\/\/www.alpakahof-hahn.at\/shop\/#website\",\"url\":\"https:\/\/www.alpakahof-hahn.at\/shop\/\",\"name\":\"Alpaka Online-Shop\",\"description\":\"Der Hofladen der Familie Hahn\",\"potentialAction\":[{\"@type\":\"SearchAction\",\"target\":{\"@type\":\"EntryPoint\",\"urlTemplate\":\"https:\/\/www.alpakahof-hahn.at\/shop\/?s={search_term_string}\"},\"query-input\":{\"@type\":\"PropertyValueSpecification\",\"valueRequired\":true,\"valueName\":\"search_term_string\"}}],\"inLanguage\":\"de\"}]}<\/script>\n<!-- \/ Yoast SEO plugin. -->","yoast_head_json":{"title":"Wollstrick Haube anthrazit - Alpaka Online-Shop","robots":{"index":"index","follow":"follow","max-snippet":"max-snippet:-1","max-image-preview":"max-image-preview:large","max-video-preview":"max-video-preview:-1"},"canonical":"https:\/\/www.alpakahof-hahn.at\/shop\/produkt\/wollstrick-haube-anthrazit\/","twitter_card":"summary_large_image","twitter_title":"Wollstrick Haube anthrazit - Alpaka Online-Shop","twitter_description":"Besteht aus 100% Baby Alpaka. Eine Haube, die f\u00fcr jeden Anlass passt, wohlig warm h\u00e4lt und durch den Rippenstrickbund perfekt sitzt.  Gr\u00f6\u00dfe: One Size Farbe: Anthrazit Hersteller: Apu Kuntur, Peru","twitter_image":"https:\/\/i0.wp.com\/www.alpakahof-hahn.at\/shop\/wp-content\/uploads\/2024\/04\/alpaka-basken-mtze-biesen-aus-100-baby-alpaka.webp?fit=1100%2C1422&ssl=1","schema":{"@context":"https:\/\/schema.org","@graph":[{"@type":"WebPage","@id":"https:\/\/www.alpakahof-hahn.at\/shop\/produkt\/wollstrick-haube-anthrazit\/","url":"https:\/\/www.alpakahof-hahn.at\/shop\/produkt\/wollstrick-haube-anthrazit\/","name":"Wollstrick Haube anthrazit - Alpaka Online-Shop","isPartOf":{"@id":"https:\/\/www.alpakahof-hahn.at\/shop\/#website"},"primaryImageOfPage":{"@id":"https:\/\/www.alpakahof-hahn.at\/shop\/produkt\/wollstrick-haube-anthrazit\/#primaryimage"},"image":{"@id":"https:\/\/www.alpakahof-hahn.at\/shop\/produkt\/wollstrick-haube-anthrazit\/#primaryimage"},"thumbnailUrl":"https:\/\/i0.wp.com\/www.alpakahof-hahn.at\/shop\/wp-content\/uploads\/2024\/04\/alpaka-basken-mtze-biesen-aus-100-baby-alpaka.webp?fit=1100%2C1422&ssl=1","datePublished":"2024-04-28T11:06:49+00:00","dateModified":"2025-12-03T09:38:00+00:00","breadcrumb":{"@id":"https:\/\/www.alpakahof-hahn.at\/shop\/produkt\/wollstrick-haube-anthrazit\/#breadcrumb"},"inLanguage":"de","potentialAction":[{"@type":"ReadAction","target":["https:\/\/www.alpakahof-hahn.at\/shop\/produkt\/wollstrick-haube-anthrazit\/"]}]},{"@type":"ImageObject","inLanguage":"de","@id":"https:\/\/www.alpakahof-hahn.at\/shop\/produkt\/wollstrick-haube-anthrazit\/#primaryimage","url":"https:\/\/i0.wp.com\/www.alpakahof-hahn.at\/shop\/wp-content\/uploads\/2024\/04\/alpaka-basken-mtze-biesen-aus-100-baby-alpaka.webp?fit=1100%2C1422&ssl=1","contentUrl":"https:\/\/i0.wp.com\/www.alpakahof-hahn.at\/shop\/wp-content\/uploads\/2024\/04\/alpaka-basken-mtze-biesen-aus-100-baby-alpaka.webp?fit=1100%2C1422&ssl=1","width":1100,"height":1422},{"@type":"BreadcrumbList","@id":"https:\/\/www.alpakahof-hahn.at\/shop\/produkt\/wollstrick-haube-anthrazit\/#breadcrumb","itemListElement":[{"@type":"ListItem","position":1,"name":"Shop","item":"https:\/\/www.alpakahof-hahn.at\/shop\/"},{"@type":"ListItem","position":2,"name":"Shop","item":"https:\/\/www.alpakahof-hahn.at\/shop\/shop\/"},{"@type":"ListItem","position":3,"name":"Wollstrick Haube anthrazit"}]},{"@type":"WebSite","@id":"https:\/\/www.alpakahof-hahn.at\/shop\/#website","url":"https:\/\/www.alpakahof-hahn.at\/shop\/","name":"Alpaka Online-Shop","description":"Der Hofladen der Familie Hahn","potentialAction":[{"@type":"SearchAction","target":{"@type":"EntryPoint","urlTemplate":"https:\/\/www.alpakahof-hahn.at\/shop\/?s={search_term_string}"},"query-input":{"@type":"PropertyValueSpecification","valueRequired":true,"valueName":"search_term_string"}}],"inLanguage":"de"}]}},"jetpack_publicize_connections":[],"jetpack_sharing_enabled":true,"jetpack-related-posts":[{"id":5367,"url":"https:\/\/www.alpakahof-hahn.at\/shop\/produkt\/baby-alpaka-webschal-anthrazit\/","url_meta":{"origin":48151,"position":0},"title":"Baby Alpaka Webschal anthrazit","author":"Manuel Hahn","date":"16. Oktober 2018","format":false,"excerpt":"Nie mehr frieren - und dabei auch noch chic aussehen! Mit dem flauschig warmen Schal aus dem Fell des Baby Alpaka hat die K\u00e4lte keine Chance. Mit seinem eleganten Erscheinungsbild und der brillanten Farbe ist er ein Schal f\u00fcr jede Gelegenheit. \u2013 elegant, sportlich oder l\u00e4ssig zu kombinieren \u2013 zeitloses\u2026","rel":"","context":"\u00c4hnlicher Beitrag","block_context":{"text":"\u00c4hnlicher Beitrag","link":""},"img":{"alt_text":"","src":"https:\/\/i0.wp.com\/www.alpakahof-hahn.at\/shop\/wp-content\/uploads\/2018\/10\/alpaka-schal-anthrazit-1.jpg?fit=475%2C720&ssl=1&resize=350%2C200","width":350,"height":200},"classes":[]},{"id":5538,"url":"https:\/\/www.alpakahof-hahn.at\/shop\/produkt\/alpaka-herren-handschuhe-gefuettert-anthrazit\/","url_meta":{"origin":48151,"position":1},"title":"Alpaka -Handschuhe gef\u00fcttert anthrazit","author":"Manuel Hahn","date":"12. Januar 2019","format":false,"excerpt":"- zeitloser eleganter Stil - robust und weich durch reines Alpaka - wind- und wetterfest durch warmes Baumwollvlies-Futter - Fair hergestellte von Apu Kuntur in Peru","rel":"","context":"\u00c4hnlicher Beitrag","block_context":{"text":"\u00c4hnlicher Beitrag","link":""},"img":{"alt_text":"","src":"https:\/\/i0.wp.com\/www.alpakahof-hahn.at\/shop\/wp-content\/uploads\/2019\/01\/08094-alpaka-handschuhe-anthrazit-02.jpg?fit=822%2C1000&ssl=1&resize=350%2C200","width":350,"height":200,"srcset":"https:\/\/i0.wp.com\/www.alpakahof-hahn.at\/shop\/wp-content\/uploads\/2019\/01\/08094-alpaka-handschuhe-anthrazit-02.jpg?fit=822%2C1000&ssl=1&resize=350%2C200 1x, https:\/\/i0.wp.com\/www.alpakahof-hahn.at\/shop\/wp-content\/uploads\/2019\/01\/08094-alpaka-handschuhe-anthrazit-02.jpg?fit=822%2C1000&ssl=1&resize=525%2C300 1.5x, https:\/\/i0.wp.com\/www.alpakahof-hahn.at\/shop\/wp-content\/uploads\/2019\/01\/08094-alpaka-handschuhe-anthrazit-02.jpg?fit=822%2C1000&ssl=1&resize=700%2C400 2x"},"classes":[]},{"id":4520,"url":"https:\/\/www.alpakahof-hahn.at\/shop\/produkt\/alpaka-kaenguru-handschuhe-anthrazit\/","url_meta":{"origin":48151,"position":2},"title":"Alpaka K\u00e4nguru Handschuhe anthrazit","author":"Manuel Hahn","date":"1. Mai 2017","format":false,"excerpt":"Wer kennt das nicht: Entweder die Finger frieren, oder ich kann mein Smartphone nicht bedienen. Die Qual der Wahl. Hierf\u00fcr haben wir eine bequeme L\u00f6sung: Mit den K\u00e4nguru Handschuhen im klassischen Anthrazit ist man flexibel und hat trotzdem warme Finger. Zwei Fliegen mit einer Klappe: F\u00e4ustlinge und Halbfinger-Handschuh - Sie\u2026","rel":"","context":"\u00c4hnlicher Beitrag","block_context":{"text":"\u00c4hnlicher Beitrag","link":""},"img":{"alt_text":"","src":"https:\/\/i0.wp.com\/www.alpakahof-hahn.at\/shop\/wp-content\/uploads\/2017\/05\/08087-anthrazit-01-15.jpg?fit=527%2C800&ssl=1&resize=350%2C200","width":350,"height":200,"srcset":"https:\/\/i0.wp.com\/www.alpakahof-hahn.at\/shop\/wp-content\/uploads\/2017\/05\/08087-anthrazit-01-15.jpg?fit=527%2C800&ssl=1&resize=350%2C200 1x, https:\/\/i0.wp.com\/www.alpakahof-hahn.at\/shop\/wp-content\/uploads\/2017\/05\/08087-anthrazit-01-15.jpg?fit=527%2C800&ssl=1&resize=525%2C300 1.5x"},"classes":[]},{"id":4583,"url":"https:\/\/www.alpakahof-hahn.at\/shop\/produkt\/alpaka-stretch-stirnband-anthrazit\/","url_meta":{"origin":48151,"position":3},"title":"Alpaka Stretch Stirnband anthrazit","author":"Manuel Hahn","date":"1. Mai 2017","format":false,"excerpt":"Sie m\u00f6gen keine M\u00fctzen, wollen es aber trotzdem sch\u00f6n warm am Kopf haben? Wir haben das passende Stirnband f\u00fcr Sie! Dieses elastische Stretch-Stirnband passt sich Ihrer Kopfform perfekt an. Die besondere Thermoeigenschaft der Faser des Baby Alpaka isoliert; doppellagig gestrickt und leicht gewalkt h\u00e4lt es extra warm. Da kann Ihnen\u2026","rel":"","context":"\u00c4hnlicher Beitrag","block_context":{"text":"\u00c4hnlicher Beitrag","link":""},"img":{"alt_text":"","src":"https:\/\/i0.wp.com\/www.alpakahof-hahn.at\/shop\/wp-content\/uploads\/2017\/05\/14019-anthrazit-v01.jpg?fit=527%2C800&ssl=1&resize=350%2C200","width":350,"height":200,"srcset":"https:\/\/i0.wp.com\/www.alpakahof-hahn.at\/shop\/wp-content\/uploads\/2017\/05\/14019-anthrazit-v01.jpg?fit=527%2C800&ssl=1&resize=350%2C200 1x, https:\/\/i0.wp.com\/www.alpakahof-hahn.at\/shop\/wp-content\/uploads\/2017\/05\/14019-anthrazit-v01.jpg?fit=527%2C800&ssl=1&resize=525%2C300 1.5x"},"classes":[]},{"id":33054,"url":"https:\/\/www.alpakahof-hahn.at\/shop\/produkt\/alpaka-haube-gefuettert-gelia\/","url_meta":{"origin":48151,"position":4},"title":"Alpaka GELIA Haube gef\u00fcttert","author":"Manuel Hahn","date":"15. November 2020","format":false,"excerpt":"Diese Alpaka Haube aus feiner Baby Alpaka Wolle. \u2013 Material: 100% Alpaka (Baby Alpaka) \u2013 Futter: 100% Baumwolle \u2013 Teil der Serie GELIA \u2013 hervorragende Passform \u2013 top-modischer aufwendiger Jacquard-Strick","rel":"","context":"\u00c4hnlicher Beitrag","block_context":{"text":"\u00c4hnlicher Beitrag","link":""},"img":{"alt_text":"","src":"https:\/\/i0.wp.com\/www.alpakahof-hahn.at\/shop\/wp-content\/uploads\/2020\/11\/alpaka-haube-rot-alpakahof-hahn1.jpg?fit=600%2C600&ssl=1&resize=350%2C200","width":350,"height":200,"srcset":"https:\/\/i0.wp.com\/www.alpakahof-hahn.at\/shop\/wp-content\/uploads\/2020\/11\/alpaka-haube-rot-alpakahof-hahn1.jpg?fit=600%2C600&ssl=1&resize=350%2C200 1x, https:\/\/i0.wp.com\/www.alpakahof-hahn.at\/shop\/wp-content\/uploads\/2020\/11\/alpaka-haube-rot-alpakahof-hahn1.jpg?fit=600%2C600&ssl=1&resize=525%2C300 1.5x"},"classes":[]},{"id":46073,"url":"https:\/\/www.alpakahof-hahn.at\/shop\/produkt\/wollstrick-haube-purpur\/","url_meta":{"origin":48151,"position":5},"title":"Wollstrick Haube purpur","author":"Manuel Hahn","date":"23. November 2021","format":false,"excerpt":"Besteht aus 100% Baby Alpaka. Eine Haube, die f\u00fcr jeden Anlass passt, wohlig warm h\u00e4lt und durch den Rippenstrickbund perfekt sitzt. Gr\u00f6\u00dfe: One Size Farbe: Purpur Hersteller: Apu Kuntur, Peru","rel":"","context":"\u00c4hnlicher Beitrag","block_context":{"text":"\u00c4hnlicher Beitrag","link":""},"img":{"alt_text":"","src":"https:\/\/i0.wp.com\/www.alpakahof-hahn.at\/shop\/wp-content\/uploads\/2021\/11\/Alpaka-Haube-Wollstrick-purpur-Alpakahof-Hahn-1.jpg?fit=1080%2C1080&ssl=1&resize=350%2C200","width":350,"height":200,"srcset":"https:\/\/i0.wp.com\/www.alpakahof-hahn.at\/shop\/wp-content\/uploads\/2021\/11\/Alpaka-Haube-Wollstrick-purpur-Alpakahof-Hahn-1.jpg?fit=1080%2C1080&ssl=1&resize=350%2C200 1x, https:\/\/i0.wp.com\/www.alpakahof-hahn.at\/shop\/wp-content\/uploads\/2021\/11\/Alpaka-Haube-Wollstrick-purpur-Alpakahof-Hahn-1.jpg?fit=1080%2C1080&ssl=1&resize=525%2C300 1.5x, https:\/\/i0.wp.com\/www.alpakahof-hahn.at\/shop\/wp-content\/uploads\/2021\/11\/Alpaka-Haube-Wollstrick-purpur-Alpakahof-Hahn-1.jpg?fit=1080%2C1080&ssl=1&resize=700%2C400 2x, https:\/\/i0.wp.com\/www.alpakahof-hahn.at\/shop\/wp-content\/uploads\/2021\/11\/Alpaka-Haube-Wollstrick-purpur-Alpakahof-Hahn-1.jpg?fit=1080%2C1080&ssl=1&resize=1050%2C600 3x"},"classes":[]}],"_links":{"self":[{"href":"https:\/\/www.alpakahof-hahn.at\/shop\/wp-json\/wp\/v2\/product\/48151","targetHints":{"allow":["GET"]}}],"collection":[{"href":"https:\/\/www.alpakahof-hahn.at\/shop\/wp-json\/wp\/v2\/product"}],"about":[{"href":"https:\/\/www.alpakahof-hahn.at\/shop\/wp-json\/wp\/v2\/types\/product"}],"wp:featuredmedia":[{"embeddable":true,"href":"https:\/\/www.alpakahof-hahn.at\/shop\/wp-json\/wp\/v2\/media\/48152"}],"wp:attachment":[{"href":"https:\/\/www.alpakahof-hahn.at\/shop\/wp-json\/wp\/v2\/media?parent=48151"}],"wp:term":[{"taxonomy":"brand","embeddable":true,"href":"https:\/\/www.alpakahof-hahn.at\/shop\/wp-json\/wp\/v2\/etheme_brands?post=48151"},{"taxonomy":"product_brand","embeddable":true,"href":"https:\/\/www.alpakahof-hahn.at\/shop\/wp-json\/wp\/v2\/product_brand?post=48151"},{"taxonomy":"product_cat","embeddable":true,"href":"https:\/\/www.alpakahof-hahn.at\/shop\/wp-json\/wp\/v2\/product_cat?post=48151"},{"taxonomy":"product_tag","embeddable":true,"href":"https:\/\/www.alpakahof-hahn.at\/shop\/wp-json\/wp\/v2\/product_tag?post=48151"}],"curies":[{"name":"wp","href":"https:\/\/api.w.org\/{rel}","templated":true}]}}