{"id":47564,"date":"2023-02-04T10:20:35","date_gmt":"2023-02-04T09:20:35","guid":{"rendered":"https:\/\/www.alpakahof-hahn.at\/shop\/?post_type=product&#038;p=47564"},"modified":"2024-01-21T09:34:54","modified_gmt":"2024-01-21T08:34:54","slug":"abs-kinder-socken-mit-alpaka-motiv","status":"publish","type":"product","link":"https:\/\/www.alpakahof-hahn.at\/shop\/produkt\/abs-kinder-socken-mit-alpaka-motiv\/","title":{"rendered":"ABS Kinder Socken mit Alpaka Motiv"},"content":{"rendered":"<p>50% Baby Alpaka, 35% Wolle, 10% Nylon, 5% Elastan<br \/>\nAngenehmes Tragegef\u00fchl, weich und kuschelig, tolle Geschenks Idee<\/p>\n<p>Gr\u00f6\u00dfen 15-17, 18-20, 30-32, 33-35,<\/p>\n<p>Bitte die gew\u00fcnschte Gr\u00f6\u00dfe im Feld &#8220;Anmerkung&#8221; dazu schreiben. Danke.<\/p>\n","protected":false},"excerpt":{"rendered":"<p>50% Baby Alpaka, 35% Wolle, 10% Nylon, 5% Elastan Angenehmes Tragegef\u00fchl, weich und kuschelig, tolle Geschenks Idee Gr\u00f6\u00dfen 15-17, 18-20, 30-32, 33-35, Bitte die gew\u00fcnschte&#8230;<\/p>\n","protected":false},"featured_media":47565,"template":"","meta":{"jetpack_post_was_ever_published":false,"jetpack_publicize_message":"","jetpack_publicize_feature_enabled":true,"jetpack_social_post_already_shared":true,"jetpack_social_options":{"image_generator_settings":{"template":"highway","default_image_id":0,"font":"","enabled":false},"version":2}},"etheme_brands":[],"product_brand":[],"product_cat":[80],"product_tag":[],"class_list":{"0":"post-47564","1":"product","2":"type-product","3":"status-publish","4":"has-post-thumbnail","6":"product_cat-socken","8":"first","9":"instock","10":"taxable","11":"shipping-taxable","12":"purchasable","13":"product-type-simple"},"supplier_id":null,"supplier_sku":"","barcode":null,"atum_controlled":true,"out_stock_date":null,"out_stock_threshold":null,"inheritable":false,"inbound_stock":0,"stock_on_hold":0,"sold_today":0,"sales_last_days":0,"reserved_stock":0,"customer_returns":0,"warehouse_damage":0,"lost_in_post":0,"other_logs":0,"out_stock_days":0,"lost_sales":0,"has_location":false,"update_date":"2026-05-01T10:01:46","atum_locations":[],"atum_stock_status":"instock","restock_status":false,"low_stock_amount":"","sales_update_date":"2026-05-01T10:01:46","calc_backorders":null,"yoast_head":"<!-- This site is optimized with the Yoast SEO plugin v26.5 - https:\/\/yoast.com\/wordpress\/plugins\/seo\/ -->\n<title>ABS Kinder Socken mit Alpaka Motiv - Alpaka Online-Shop<\/title>\n<meta name=\"robots\" content=\"index, follow, max-snippet:-1, max-image-preview:large, max-video-preview:-1\" \/>\n<link rel=\"canonical\" href=\"https:\/\/www.alpakahof-hahn.at\/shop\/produkt\/abs-kinder-socken-mit-alpaka-motiv\/\" \/>\n<meta name=\"twitter:card\" content=\"summary_large_image\" \/>\n<meta name=\"twitter:title\" content=\"ABS Kinder Socken mit Alpaka Motiv - Alpaka Online-Shop\" \/>\n<meta name=\"twitter:description\" content=\"50% Baby Alpaka, 35% Wolle, 10% Nylon, 5% Elastan Angenehmes Tragegef\u00fchl, weich und kuschelig, tolle Geschenks Idee Gr\u00f6\u00dfen 15-17, 18-20, 30-32, 33-35, Bitte die gew\u00fcnschte...\" \/>\n<meta name=\"twitter:image\" content=\"https:\/\/i0.wp.com\/www.alpakahof-hahn.at\/shop\/wp-content\/uploads\/2023\/02\/6er-pack-kinder-abs-sckchen-mit-alpakas.jpg?fit=298%2C452&ssl=1\" \/>\n<meta name=\"twitter:label1\" content=\"Gesch\u00e4tzte Lesezeit\" \/>\n\t<meta name=\"twitter:data1\" content=\"1\u00a0Minute\" \/>\n<script type=\"application\/ld+json\" class=\"yoast-schema-graph\">{\"@context\":\"https:\/\/schema.org\",\"@graph\":[{\"@type\":\"WebPage\",\"@id\":\"https:\/\/www.alpakahof-hahn.at\/shop\/produkt\/abs-kinder-socken-mit-alpaka-motiv\/\",\"url\":\"https:\/\/www.alpakahof-hahn.at\/shop\/produkt\/abs-kinder-socken-mit-alpaka-motiv\/\",\"name\":\"ABS Kinder Socken mit Alpaka Motiv - Alpaka Online-Shop\",\"isPartOf\":{\"@id\":\"https:\/\/www.alpakahof-hahn.at\/shop\/#website\"},\"primaryImageOfPage\":{\"@id\":\"https:\/\/www.alpakahof-hahn.at\/shop\/produkt\/abs-kinder-socken-mit-alpaka-motiv\/#primaryimage\"},\"image\":{\"@id\":\"https:\/\/www.alpakahof-hahn.at\/shop\/produkt\/abs-kinder-socken-mit-alpaka-motiv\/#primaryimage\"},\"thumbnailUrl\":\"https:\/\/i0.wp.com\/www.alpakahof-hahn.at\/shop\/wp-content\/uploads\/2023\/02\/6er-pack-kinder-abs-sckchen-mit-alpakas.jpg?fit=298%2C452&ssl=1\",\"datePublished\":\"2023-02-04T09:20:35+00:00\",\"dateModified\":\"2024-01-21T08:34:54+00:00\",\"breadcrumb\":{\"@id\":\"https:\/\/www.alpakahof-hahn.at\/shop\/produkt\/abs-kinder-socken-mit-alpaka-motiv\/#breadcrumb\"},\"inLanguage\":\"de\",\"potentialAction\":[{\"@type\":\"ReadAction\",\"target\":[\"https:\/\/www.alpakahof-hahn.at\/shop\/produkt\/abs-kinder-socken-mit-alpaka-motiv\/\"]}]},{\"@type\":\"ImageObject\",\"inLanguage\":\"de\",\"@id\":\"https:\/\/www.alpakahof-hahn.at\/shop\/produkt\/abs-kinder-socken-mit-alpaka-motiv\/#primaryimage\",\"url\":\"https:\/\/i0.wp.com\/www.alpakahof-hahn.at\/shop\/wp-content\/uploads\/2023\/02\/6er-pack-kinder-abs-sckchen-mit-alpakas.jpg?fit=298%2C452&ssl=1\",\"contentUrl\":\"https:\/\/i0.wp.com\/www.alpakahof-hahn.at\/shop\/wp-content\/uploads\/2023\/02\/6er-pack-kinder-abs-sckchen-mit-alpakas.jpg?fit=298%2C452&ssl=1\",\"width\":298,\"height\":452},{\"@type\":\"BreadcrumbList\",\"@id\":\"https:\/\/www.alpakahof-hahn.at\/shop\/produkt\/abs-kinder-socken-mit-alpaka-motiv\/#breadcrumb\",\"itemListElement\":[{\"@type\":\"ListItem\",\"position\":1,\"name\":\"Shop\",\"item\":\"https:\/\/www.alpakahof-hahn.at\/shop\/\"},{\"@type\":\"ListItem\",\"position\":2,\"name\":\"Shop\",\"item\":\"https:\/\/www.alpakahof-hahn.at\/shop\/shop\/\"},{\"@type\":\"ListItem\",\"position\":3,\"name\":\"ABS Kinder Socken mit Alpaka Motiv\"}]},{\"@type\":\"WebSite\",\"@id\":\"https:\/\/www.alpakahof-hahn.at\/shop\/#website\",\"url\":\"https:\/\/www.alpakahof-hahn.at\/shop\/\",\"name\":\"Alpaka Online-Shop\",\"description\":\"Der Hofladen der Familie Hahn\",\"potentialAction\":[{\"@type\":\"SearchAction\",\"target\":{\"@type\":\"EntryPoint\",\"urlTemplate\":\"https:\/\/www.alpakahof-hahn.at\/shop\/?s={search_term_string}\"},\"query-input\":{\"@type\":\"PropertyValueSpecification\",\"valueRequired\":true,\"valueName\":\"search_term_string\"}}],\"inLanguage\":\"de\"}]}<\/script>\n<!-- \/ Yoast SEO plugin. -->","yoast_head_json":{"title":"ABS Kinder Socken mit Alpaka Motiv - Alpaka Online-Shop","robots":{"index":"index","follow":"follow","max-snippet":"max-snippet:-1","max-image-preview":"max-image-preview:large","max-video-preview":"max-video-preview:-1"},"canonical":"https:\/\/www.alpakahof-hahn.at\/shop\/produkt\/abs-kinder-socken-mit-alpaka-motiv\/","twitter_card":"summary_large_image","twitter_title":"ABS Kinder Socken mit Alpaka Motiv - Alpaka Online-Shop","twitter_description":"50% Baby Alpaka, 35% Wolle, 10% Nylon, 5% Elastan Angenehmes Tragegef\u00fchl, weich und kuschelig, tolle Geschenks Idee Gr\u00f6\u00dfen 15-17, 18-20, 30-32, 33-35, Bitte die gew\u00fcnschte...","twitter_image":"https:\/\/i0.wp.com\/www.alpakahof-hahn.at\/shop\/wp-content\/uploads\/2023\/02\/6er-pack-kinder-abs-sckchen-mit-alpakas.jpg?fit=298%2C452&ssl=1","twitter_misc":{"Gesch\u00e4tzte Lesezeit":"1\u00a0Minute"},"schema":{"@context":"https:\/\/schema.org","@graph":[{"@type":"WebPage","@id":"https:\/\/www.alpakahof-hahn.at\/shop\/produkt\/abs-kinder-socken-mit-alpaka-motiv\/","url":"https:\/\/www.alpakahof-hahn.at\/shop\/produkt\/abs-kinder-socken-mit-alpaka-motiv\/","name":"ABS Kinder Socken mit Alpaka Motiv - Alpaka Online-Shop","isPartOf":{"@id":"https:\/\/www.alpakahof-hahn.at\/shop\/#website"},"primaryImageOfPage":{"@id":"https:\/\/www.alpakahof-hahn.at\/shop\/produkt\/abs-kinder-socken-mit-alpaka-motiv\/#primaryimage"},"image":{"@id":"https:\/\/www.alpakahof-hahn.at\/shop\/produkt\/abs-kinder-socken-mit-alpaka-motiv\/#primaryimage"},"thumbnailUrl":"https:\/\/i0.wp.com\/www.alpakahof-hahn.at\/shop\/wp-content\/uploads\/2023\/02\/6er-pack-kinder-abs-sckchen-mit-alpakas.jpg?fit=298%2C452&ssl=1","datePublished":"2023-02-04T09:20:35+00:00","dateModified":"2024-01-21T08:34:54+00:00","breadcrumb":{"@id":"https:\/\/www.alpakahof-hahn.at\/shop\/produkt\/abs-kinder-socken-mit-alpaka-motiv\/#breadcrumb"},"inLanguage":"de","potentialAction":[{"@type":"ReadAction","target":["https:\/\/www.alpakahof-hahn.at\/shop\/produkt\/abs-kinder-socken-mit-alpaka-motiv\/"]}]},{"@type":"ImageObject","inLanguage":"de","@id":"https:\/\/www.alpakahof-hahn.at\/shop\/produkt\/abs-kinder-socken-mit-alpaka-motiv\/#primaryimage","url":"https:\/\/i0.wp.com\/www.alpakahof-hahn.at\/shop\/wp-content\/uploads\/2023\/02\/6er-pack-kinder-abs-sckchen-mit-alpakas.jpg?fit=298%2C452&ssl=1","contentUrl":"https:\/\/i0.wp.com\/www.alpakahof-hahn.at\/shop\/wp-content\/uploads\/2023\/02\/6er-pack-kinder-abs-sckchen-mit-alpakas.jpg?fit=298%2C452&ssl=1","width":298,"height":452},{"@type":"BreadcrumbList","@id":"https:\/\/www.alpakahof-hahn.at\/shop\/produkt\/abs-kinder-socken-mit-alpaka-motiv\/#breadcrumb","itemListElement":[{"@type":"ListItem","position":1,"name":"Shop","item":"https:\/\/www.alpakahof-hahn.at\/shop\/"},{"@type":"ListItem","position":2,"name":"Shop","item":"https:\/\/www.alpakahof-hahn.at\/shop\/shop\/"},{"@type":"ListItem","position":3,"name":"ABS Kinder Socken mit Alpaka Motiv"}]},{"@type":"WebSite","@id":"https:\/\/www.alpakahof-hahn.at\/shop\/#website","url":"https:\/\/www.alpakahof-hahn.at\/shop\/","name":"Alpaka Online-Shop","description":"Der Hofladen der Familie Hahn","potentialAction":[{"@type":"SearchAction","target":{"@type":"EntryPoint","urlTemplate":"https:\/\/www.alpakahof-hahn.at\/shop\/?s={search_term_string}"},"query-input":{"@type":"PropertyValueSpecification","valueRequired":true,"valueName":"search_term_string"}}],"inLanguage":"de"}]}},"jetpack_publicize_connections":[],"jetpack_sharing_enabled":true,"jetpack-related-posts":[{"id":46121,"url":"https:\/\/www.alpakahof-hahn.at\/shop\/produkt\/alpaka-faeustlinge\/","url_meta":{"origin":47564,"position":0},"title":"Alpaka F\u00e4ustlinge ANDINO","author":"Manuel Hahn","date":"24. November 2021","format":false,"excerpt":"Unsere Alpaka-F\u00e4ustlinge sind der Hingucker schlecht hin. Mit der Jacquard-Strick-Technik bekamen unsere F\u00e4ustlinge einen einzigarten Look. - Material: 100% Alpaka (Alpaka Superfine) - Futter: 100% Baumwolle - Leder-Label mit gepr\u00e4gtem Alpaka-Logo - lustiges Alpaka-Muster - dick und wind-fest - Fair hergestellte von Apu Kuntur in Peru \u00a0","rel":"","context":"\u00c4hnlicher Beitrag","block_context":{"text":"\u00c4hnlicher Beitrag","link":""},"img":{"alt_text":"","src":"https:\/\/i0.wp.com\/www.alpakahof-hahn.at\/shop\/wp-content\/uploads\/2021\/11\/Alpaka-Faeustlinge-Alpakahof-Hahn-1.jpg?fit=527%2C800&ssl=1&resize=350%2C200","width":350,"height":200,"srcset":"https:\/\/i0.wp.com\/www.alpakahof-hahn.at\/shop\/wp-content\/uploads\/2021\/11\/Alpaka-Faeustlinge-Alpakahof-Hahn-1.jpg?fit=527%2C800&ssl=1&resize=350%2C200 1x, https:\/\/i0.wp.com\/www.alpakahof-hahn.at\/shop\/wp-content\/uploads\/2021\/11\/Alpaka-Faeustlinge-Alpakahof-Hahn-1.jpg?fit=527%2C800&ssl=1&resize=525%2C300 1.5x"},"classes":[]},{"id":33054,"url":"https:\/\/www.alpakahof-hahn.at\/shop\/produkt\/alpaka-haube-gefuettert-gelia\/","url_meta":{"origin":47564,"position":1},"title":"Alpaka GELIA Haube gef\u00fcttert","author":"Manuel Hahn","date":"15. November 2020","format":false,"excerpt":"Diese Alpaka Haube aus feiner Baby Alpaka Wolle. \u2013 Material: 100% Alpaka (Baby Alpaka) \u2013 Futter: 100% Baumwolle \u2013 Teil der Serie GELIA \u2013 hervorragende Passform \u2013 top-modischer aufwendiger Jacquard-Strick","rel":"","context":"\u00c4hnlicher Beitrag","block_context":{"text":"\u00c4hnlicher Beitrag","link":""},"img":{"alt_text":"","src":"https:\/\/i0.wp.com\/www.alpakahof-hahn.at\/shop\/wp-content\/uploads\/2020\/11\/alpaka-haube-rot-alpakahof-hahn1.jpg?fit=600%2C600&ssl=1&resize=350%2C200","width":350,"height":200,"srcset":"https:\/\/i0.wp.com\/www.alpakahof-hahn.at\/shop\/wp-content\/uploads\/2020\/11\/alpaka-haube-rot-alpakahof-hahn1.jpg?fit=600%2C600&ssl=1&resize=350%2C200 1x, https:\/\/i0.wp.com\/www.alpakahof-hahn.at\/shop\/wp-content\/uploads\/2020\/11\/alpaka-haube-rot-alpakahof-hahn1.jpg?fit=600%2C600&ssl=1&resize=525%2C300 1.5x"},"classes":[]},{"id":31060,"url":"https:\/\/www.alpakahof-hahn.at\/shop\/produkt\/alpaka-rippenstrick-muetze-grau\/","url_meta":{"origin":47564,"position":2},"title":"Alpaka Rippenstrick M\u00fctze grau","author":"Manuel Hahn","date":"4. November 2020","format":false,"excerpt":"Diese Alpaka Haube aus feiner Baby Alpaka Wolle mit dehnbarem Rippenstrick passt zu jedem Anlass. - Material: 100% Alpaka (Baby Alpaka) - tolle Passform durch Rippenstrick - reine Naturfaser - unisex: f\u00fcr Damen und Herren","rel":"","context":"\u00c4hnlicher Beitrag","block_context":{"text":"\u00c4hnlicher Beitrag","link":""},"img":{"alt_text":"","src":"https:\/\/i0.wp.com\/www.alpakahof-hahn.at\/shop\/wp-content\/uploads\/2020\/11\/alpaka-ripp-muetze-grau-alpakahof-hahn2.jpg?fit=600%2C600&ssl=1&resize=350%2C200","width":350,"height":200,"srcset":"https:\/\/i0.wp.com\/www.alpakahof-hahn.at\/shop\/wp-content\/uploads\/2020\/11\/alpaka-ripp-muetze-grau-alpakahof-hahn2.jpg?fit=600%2C600&ssl=1&resize=350%2C200 1x, https:\/\/i0.wp.com\/www.alpakahof-hahn.at\/shop\/wp-content\/uploads\/2020\/11\/alpaka-ripp-muetze-grau-alpakahof-hahn2.jpg?fit=600%2C600&ssl=1&resize=525%2C300 1.5x"},"classes":[]},{"id":8906,"url":"https:\/\/www.alpakahof-hahn.at\/shop\/produkt\/alpaka-rippenstrick-muetze\/","url_meta":{"origin":47564,"position":3},"title":"Alpaka Rippenstrick M\u00fctze schwarz","author":"Manuel Hahn","date":"16. Januar 2020","format":false,"excerpt":"Diese Alpaka Haube aus feiner Baby Alpaka Wolle mit dehnbarem Rippenstrick passt zu jedem Anlass. - Material: 100% Alpaka (Baby Alpaka) - tolle Passform durch Rippenstrick - reine Naturfaser - unisex: f\u00fcr Damen und Herren","rel":"","context":"\u00c4hnlicher Beitrag","block_context":{"text":"\u00c4hnlicher Beitrag","link":""},"img":{"alt_text":"","src":"https:\/\/i0.wp.com\/www.alpakahof-hahn.at\/shop\/wp-content\/uploads\/2020\/01\/alpaka-haube-ripp-schwarz-alpakahof-hahn1.jpg?fit=600%2C600&ssl=1&resize=350%2C200","width":350,"height":200,"srcset":"https:\/\/i0.wp.com\/www.alpakahof-hahn.at\/shop\/wp-content\/uploads\/2020\/01\/alpaka-haube-ripp-schwarz-alpakahof-hahn1.jpg?fit=600%2C600&ssl=1&resize=350%2C200 1x, https:\/\/i0.wp.com\/www.alpakahof-hahn.at\/shop\/wp-content\/uploads\/2020\/01\/alpaka-haube-ripp-schwarz-alpakahof-hahn1.jpg?fit=600%2C600&ssl=1&resize=525%2C300 1.5x"},"classes":[]},{"id":46871,"url":"https:\/\/www.alpakahof-hahn.at\/shop\/produkt\/alpaka-faeustlinge-schwarz\/","url_meta":{"origin":47564,"position":4},"title":"Alpaka F\u00e4ustlinge in schwarz","author":"Manuel Hahn","date":"25. Januar 2022","format":false,"excerpt":"- Material: 100% Alpaka (Alpaka Superfine) - Futter: 100% Baumwolle - Handstrick aus Alpaka Superfine - Baumwollvlies-Futter f\u00fcr zus\u00e4tzliche Isolierung - anschmiegsame Rippenstrickb\u00fcndchen - Fair hergestellte von Apu Kuntur in Peru \u00a0","rel":"","context":"\u00c4hnlicher Beitrag","block_context":{"text":"\u00c4hnlicher Beitrag","link":""},"img":{"alt_text":"","src":"https:\/\/i0.wp.com\/www.alpakahof-hahn.at\/shop\/wp-content\/uploads\/2022\/01\/Alpaka-Faeustlinge-schwarz-superfine-Alpakahof-Hahn-2.jpg?fit=527%2C800&ssl=1&resize=350%2C200","width":350,"height":200,"srcset":"https:\/\/i0.wp.com\/www.alpakahof-hahn.at\/shop\/wp-content\/uploads\/2022\/01\/Alpaka-Faeustlinge-schwarz-superfine-Alpakahof-Hahn-2.jpg?fit=527%2C800&ssl=1&resize=350%2C200 1x, https:\/\/i0.wp.com\/www.alpakahof-hahn.at\/shop\/wp-content\/uploads\/2022\/01\/Alpaka-Faeustlinge-schwarz-superfine-Alpakahof-Hahn-2.jpg?fit=527%2C800&ssl=1&resize=525%2C300 1.5x"},"classes":[]},{"id":47093,"url":"https:\/\/www.alpakahof-hahn.at\/shop\/produkt\/alpaka-beinstulpen-ripp\/","url_meta":{"origin":47564,"position":5},"title":"Alpaka Beinstulpen RIPP","author":"Manuel Hahn","date":"26. Oktober 2022","format":false,"excerpt":"Unsere Alpaka Beinstulpen in schwarz bestehen aus feinem Baby Alpaka Rippenstrick. Der perfekte Begleiter f\u00fcr kalte Herbst- und Wintertage. - Material: 100% Alpaka (Baby Alpaka) - L\u00e4nge: 44 cm - einfacher Rippen-Strick f\u00fcr h\u00f6chste Dehnbarkeit - reine Natur-Faser - gro\u00dfe Farb-Palette zur Auswahl","rel":"","context":"\u00c4hnlicher Beitrag","block_context":{"text":"\u00c4hnlicher Beitrag","link":""},"img":{"alt_text":"","src":"https:\/\/i0.wp.com\/www.alpakahof-hahn.at\/shop\/wp-content\/uploads\/2022\/10\/alpaka-beinstulpen-schwarz-alpakahof-hahn.jpg?fit=475%2C720&ssl=1&resize=350%2C200","width":350,"height":200},"classes":[]}],"_links":{"self":[{"href":"https:\/\/www.alpakahof-hahn.at\/shop\/wp-json\/wp\/v2\/product\/47564","targetHints":{"allow":["GET"]}}],"collection":[{"href":"https:\/\/www.alpakahof-hahn.at\/shop\/wp-json\/wp\/v2\/product"}],"about":[{"href":"https:\/\/www.alpakahof-hahn.at\/shop\/wp-json\/wp\/v2\/types\/product"}],"wp:featuredmedia":[{"embeddable":true,"href":"https:\/\/www.alpakahof-hahn.at\/shop\/wp-json\/wp\/v2\/media\/47565"}],"wp:attachment":[{"href":"https:\/\/www.alpakahof-hahn.at\/shop\/wp-json\/wp\/v2\/media?parent=47564"}],"wp:term":[{"taxonomy":"brand","embeddable":true,"href":"https:\/\/www.alpakahof-hahn.at\/shop\/wp-json\/wp\/v2\/etheme_brands?post=47564"},{"taxonomy":"product_brand","embeddable":true,"href":"https:\/\/www.alpakahof-hahn.at\/shop\/wp-json\/wp\/v2\/product_brand?post=47564"},{"taxonomy":"product_cat","embeddable":true,"href":"https:\/\/www.alpakahof-hahn.at\/shop\/wp-json\/wp\/v2\/product_cat?post=47564"},{"taxonomy":"product_tag","embeddable":true,"href":"https:\/\/www.alpakahof-hahn.at\/shop\/wp-json\/wp\/v2\/product_tag?post=47564"}],"curies":[{"name":"wp","href":"https:\/\/api.w.org\/{rel}","templated":true}]}}