{"id":4718,"date":"2017-05-06T18:30:26","date_gmt":"2017-05-06T16:30:26","guid":{"rendered":"https:\/\/www.alpakahof-hahn.at\/shop\/?post_type=product&#038;p=4718"},"modified":"2026-02-16T20:31:40","modified_gmt":"2026-02-16T19:31:40","slug":"alpaka-ski-socken-damen-herren","status":"publish","type":"product","link":"https:\/\/www.alpakahof-hahn.at\/shop\/produkt\/alpaka-ski-socken-damen-herren\/","title":{"rendered":"Alpaka SKI-SOCKEN Damen &#038; Herren"},"content":{"rendered":"<p>Sie f\u00fchlen sich nicht wohl auf der Piste? Dann k\u00f6nnen Sie diese Socken auch anderweitig einsetzen! Zum Beispiel traditionell zur Lederhose oder Trachten-Outfit. Das \u00a0eingearbeiteten Alpaka-Logo ist eiin echter Hingucker und macht einen einzigartigen Trachten-Strumpf.<\/p>\n<p>\u2013 Material: 52% Alpaka 18% Wolle 17% Acryl 11% Nylon 2% Elasthan<\/p>\n<p>\u2013 Komfortabler Bund, Schafth\u00f6he: 40cm<\/p>\n<p>\u2013 Fair und nachhaltig hergestellt in Peru<\/p>\n<p>\u2013 Verf\u00fcgbare Gr\u00f6\u00dfen: 36-44<\/p>\n<p>&nbsp;<\/p>\n<p><strong>Zus\u00e4tzliche Informationen:<\/strong><\/p>\n<p>Empfohlen wird Handw\u00e4sche bei maximal 30 Grad!<\/p>\n<p>Auf keinen Fall schleudern, bitte im Liegen trocknen! Nicht in den Trockner geben!<\/p>\n","protected":false},"excerpt":{"rendered":"<p><strong>Stets trockene F\u00fc\u00dfe auch auf der Skipiste!<\/strong><\/p>\n<p><span style=\"font-weight: 400;\">Die \u00a0Alpaka-Sport-Socken bieten h\u00f6chsten Tragekomfort. Durch den komfortablen Bund und die lange Schafth\u00f6he gibt es kein unangenehmes Zwicken und Dr\u00fccken mehr. Noch dazu bleiben die F\u00fc\u00dfe wohlig warm und trocken!<\/span><\/p>\n<p><span style=\"font-weight: 400;\">Dank der Alpaka-Faser haben diese Socken eine besonders thermoregulierende Eigenschaft &#8211; dadurch gibt es im Schuh immer eine angenehme Temperatur!<\/span><\/p>\n<p><span style=\"font-weight: 400;\">Eine verst\u00e4rkte Sohle bietet extra hohe Belasbarkeit!<\/span><\/p>\n<p><span style=\"font-weight: 400;\">\u2013 Vielseitige Sport-Socken, kniehoch<\/span><\/p>\n<p><span style=\"font-weight: 400;\">\u2013 Hoher Tragekomfort<\/span><\/p>\n<p><span style=\"font-weight: 400;\">\u2013 Einzigartige Thermoregulierung <\/span><\/p>\n<p><span style=\"font-weight: 400;\">\u2013 Nie wieder Schwei\u00dff\u00fc\u00dfe: Warm und trocken dank Klima-regulierendem Alpaka<\/span><\/p>\n<p><span style=\"font-weight: 400;\">\u2013 Trockene und warme F\u00fc\u00dfe auf der Piste<\/span><\/p>\n<p>&nbsp;<\/p>\n","protected":false},"featured_media":4722,"template":"","meta":{"jetpack_post_was_ever_published":false,"jetpack_publicize_message":"","jetpack_publicize_feature_enabled":true,"jetpack_social_post_already_shared":false,"jetpack_social_options":{"image_generator_settings":{"template":"highway","default_image_id":0,"font":"","enabled":false},"version":2}},"etheme_brands":[{"term_id":79,"name":"APU KUNTUR","slug":"apu-kuntur","term_group":0,"term_taxonomy_id":79,"taxonomy":"brand","description":"","parent":0,"count":42,"filter":"raw"}],"product_brand":[],"product_cat":[80],"product_tag":[],"class_list":{"0":"post-4718","1":"product","2":"type-product","3":"status-publish","4":"has-post-thumbnail","6":"brand-apu-kuntur","7":"product_cat-socken","9":"first","10":"instock","11":"taxable","12":"shipping-taxable","13":"purchasable","14":"product-type-variable"},"supplier_id":null,"supplier_sku":"","barcode":null,"atum_controlled":true,"out_stock_date":null,"out_stock_threshold":null,"inheritable":false,"inbound_stock":null,"stock_on_hold":0,"sold_today":0,"sales_last_days":0,"reserved_stock":null,"customer_returns":null,"warehouse_damage":null,"lost_in_post":null,"other_logs":null,"out_stock_days":0,"lost_sales":0,"has_location":false,"update_date":"2026-05-01T10:01:59","atum_locations":[],"atum_stock_status":"instock","restock_status":false,"low_stock_amount":"","sales_update_date":"2026-05-01T10:01:59","calc_backorders":null,"yoast_head":"<!-- This site is optimized with the Yoast SEO plugin v26.5 - https:\/\/yoast.com\/wordpress\/plugins\/seo\/ -->\n<title>Alpaka SKI-SOCKEN Damen &amp; Herren - Alpaka Online-Shop<\/title>\n<meta name=\"robots\" content=\"index, follow, max-snippet:-1, max-image-preview:large, max-video-preview:-1\" \/>\n<link rel=\"canonical\" href=\"https:\/\/www.alpakahof-hahn.at\/shop\/produkt\/alpaka-ski-socken-damen-herren\/\" \/>\n<meta name=\"twitter:card\" content=\"summary_large_image\" \/>\n<meta name=\"twitter:title\" content=\"Alpaka SKI-SOCKEN Damen &amp; Herren - Alpaka Online-Shop\" \/>\n<meta name=\"twitter:description\" content=\"Stets trockene F\u00fc\u00dfe auch auf der Skipiste!  Die \u00a0Alpaka-Sport-Socken bieten h\u00f6chsten Tragekomfort. Durch den komfortablen Bund und die lange Schafth\u00f6he gibt es kein unangenehmes Zwicken und Dr\u00fccken mehr. Noch dazu bleiben die F\u00fc\u00dfe wohlig warm und trocken!  Dank der Alpaka-Faser haben diese Socken eine besonders thermoregulierende Eigenschaft - dadurch gibt es im Schuh immer eine angenehme Temperatur!  Eine verst\u00e4rkte Sohle bietet extra hohe Belasbarkeit!  \u2013 Vielseitige Sport-Socken, kniehoch  \u2013 Hoher Tragekomfort  \u2013 Einzigartige Thermoregulierung   \u2013 Nie wieder Schwei\u00dff\u00fc\u00dfe: Warm und trocken dank Klima-regulierendem Alpaka  \u2013 Trockene und warme F\u00fc\u00dfe auf der Piste  &nbsp;\" \/>\n<meta name=\"twitter:image\" content=\"https:\/\/i0.wp.com\/www.alpakahof-hahn.at\/shop\/wp-content\/uploads\/2017\/05\/10032-alpaka-ski-socken-stutzen-stru%CC%88mpfe-damen-herren-knie-apu-kuntur-schwarz-grau-01.jpg?fit=527%2C800&ssl=1\" \/>\n<script type=\"application\/ld+json\" class=\"yoast-schema-graph\">{\"@context\":\"https:\/\/schema.org\",\"@graph\":[{\"@type\":\"WebPage\",\"@id\":\"https:\/\/www.alpakahof-hahn.at\/shop\/produkt\/alpaka-ski-socken-damen-herren\/\",\"url\":\"https:\/\/www.alpakahof-hahn.at\/shop\/produkt\/alpaka-ski-socken-damen-herren\/\",\"name\":\"Alpaka SKI-SOCKEN Damen & Herren - Alpaka Online-Shop\",\"isPartOf\":{\"@id\":\"https:\/\/www.alpakahof-hahn.at\/shop\/#website\"},\"primaryImageOfPage\":{\"@id\":\"https:\/\/www.alpakahof-hahn.at\/shop\/produkt\/alpaka-ski-socken-damen-herren\/#primaryimage\"},\"image\":{\"@id\":\"https:\/\/www.alpakahof-hahn.at\/shop\/produkt\/alpaka-ski-socken-damen-herren\/#primaryimage\"},\"thumbnailUrl\":\"https:\/\/i0.wp.com\/www.alpakahof-hahn.at\/shop\/wp-content\/uploads\/2017\/05\/10032-alpaka-ski-socken-stutzen-stru%CC%88mpfe-damen-herren-knie-apu-kuntur-schwarz-grau-01.jpg?fit=527%2C800&ssl=1\",\"datePublished\":\"2017-05-06T16:30:26+00:00\",\"dateModified\":\"2026-02-16T19:31:40+00:00\",\"breadcrumb\":{\"@id\":\"https:\/\/www.alpakahof-hahn.at\/shop\/produkt\/alpaka-ski-socken-damen-herren\/#breadcrumb\"},\"inLanguage\":\"de\",\"potentialAction\":[{\"@type\":\"ReadAction\",\"target\":[\"https:\/\/www.alpakahof-hahn.at\/shop\/produkt\/alpaka-ski-socken-damen-herren\/\"]}]},{\"@type\":\"ImageObject\",\"inLanguage\":\"de\",\"@id\":\"https:\/\/www.alpakahof-hahn.at\/shop\/produkt\/alpaka-ski-socken-damen-herren\/#primaryimage\",\"url\":\"https:\/\/i0.wp.com\/www.alpakahof-hahn.at\/shop\/wp-content\/uploads\/2017\/05\/10032-alpaka-ski-socken-stutzen-stru%CC%88mpfe-damen-herren-knie-apu-kuntur-schwarz-grau-01.jpg?fit=527%2C800&ssl=1\",\"contentUrl\":\"https:\/\/i0.wp.com\/www.alpakahof-hahn.at\/shop\/wp-content\/uploads\/2017\/05\/10032-alpaka-ski-socken-stutzen-stru%CC%88mpfe-damen-herren-knie-apu-kuntur-schwarz-grau-01.jpg?fit=527%2C800&ssl=1\",\"width\":527,\"height\":800},{\"@type\":\"BreadcrumbList\",\"@id\":\"https:\/\/www.alpakahof-hahn.at\/shop\/produkt\/alpaka-ski-socken-damen-herren\/#breadcrumb\",\"itemListElement\":[{\"@type\":\"ListItem\",\"position\":1,\"name\":\"Shop\",\"item\":\"https:\/\/www.alpakahof-hahn.at\/shop\/\"},{\"@type\":\"ListItem\",\"position\":2,\"name\":\"Shop\",\"item\":\"https:\/\/www.alpakahof-hahn.at\/shop\/shop\/\"},{\"@type\":\"ListItem\",\"position\":3,\"name\":\"Alpaka SKI-SOCKEN Damen &#038; Herren\"}]},{\"@type\":\"WebSite\",\"@id\":\"https:\/\/www.alpakahof-hahn.at\/shop\/#website\",\"url\":\"https:\/\/www.alpakahof-hahn.at\/shop\/\",\"name\":\"Alpaka Online-Shop\",\"description\":\"Der Hofladen der Familie Hahn\",\"potentialAction\":[{\"@type\":\"SearchAction\",\"target\":{\"@type\":\"EntryPoint\",\"urlTemplate\":\"https:\/\/www.alpakahof-hahn.at\/shop\/?s={search_term_string}\"},\"query-input\":{\"@type\":\"PropertyValueSpecification\",\"valueRequired\":true,\"valueName\":\"search_term_string\"}}],\"inLanguage\":\"de\"}]}<\/script>\n<!-- \/ Yoast SEO plugin. -->","yoast_head_json":{"title":"Alpaka SKI-SOCKEN Damen & Herren - Alpaka Online-Shop","robots":{"index":"index","follow":"follow","max-snippet":"max-snippet:-1","max-image-preview":"max-image-preview:large","max-video-preview":"max-video-preview:-1"},"canonical":"https:\/\/www.alpakahof-hahn.at\/shop\/produkt\/alpaka-ski-socken-damen-herren\/","twitter_card":"summary_large_image","twitter_title":"Alpaka SKI-SOCKEN Damen & Herren - Alpaka Online-Shop","twitter_description":"Stets trockene F\u00fc\u00dfe auch auf der Skipiste!  Die \u00a0Alpaka-Sport-Socken bieten h\u00f6chsten Tragekomfort. Durch den komfortablen Bund und die lange Schafth\u00f6he gibt es kein unangenehmes Zwicken und Dr\u00fccken mehr. Noch dazu bleiben die F\u00fc\u00dfe wohlig warm und trocken!  Dank der Alpaka-Faser haben diese Socken eine besonders thermoregulierende Eigenschaft - dadurch gibt es im Schuh immer eine angenehme Temperatur!  Eine verst\u00e4rkte Sohle bietet extra hohe Belasbarkeit!  \u2013 Vielseitige Sport-Socken, kniehoch  \u2013 Hoher Tragekomfort  \u2013 Einzigartige Thermoregulierung   \u2013 Nie wieder Schwei\u00dff\u00fc\u00dfe: Warm und trocken dank Klima-regulierendem Alpaka  \u2013 Trockene und warme F\u00fc\u00dfe auf der Piste  &nbsp;","twitter_image":"https:\/\/i0.wp.com\/www.alpakahof-hahn.at\/shop\/wp-content\/uploads\/2017\/05\/10032-alpaka-ski-socken-stutzen-stru%CC%88mpfe-damen-herren-knie-apu-kuntur-schwarz-grau-01.jpg?fit=527%2C800&ssl=1","schema":{"@context":"https:\/\/schema.org","@graph":[{"@type":"WebPage","@id":"https:\/\/www.alpakahof-hahn.at\/shop\/produkt\/alpaka-ski-socken-damen-herren\/","url":"https:\/\/www.alpakahof-hahn.at\/shop\/produkt\/alpaka-ski-socken-damen-herren\/","name":"Alpaka SKI-SOCKEN Damen & Herren - Alpaka Online-Shop","isPartOf":{"@id":"https:\/\/www.alpakahof-hahn.at\/shop\/#website"},"primaryImageOfPage":{"@id":"https:\/\/www.alpakahof-hahn.at\/shop\/produkt\/alpaka-ski-socken-damen-herren\/#primaryimage"},"image":{"@id":"https:\/\/www.alpakahof-hahn.at\/shop\/produkt\/alpaka-ski-socken-damen-herren\/#primaryimage"},"thumbnailUrl":"https:\/\/i0.wp.com\/www.alpakahof-hahn.at\/shop\/wp-content\/uploads\/2017\/05\/10032-alpaka-ski-socken-stutzen-stru%CC%88mpfe-damen-herren-knie-apu-kuntur-schwarz-grau-01.jpg?fit=527%2C800&ssl=1","datePublished":"2017-05-06T16:30:26+00:00","dateModified":"2026-02-16T19:31:40+00:00","breadcrumb":{"@id":"https:\/\/www.alpakahof-hahn.at\/shop\/produkt\/alpaka-ski-socken-damen-herren\/#breadcrumb"},"inLanguage":"de","potentialAction":[{"@type":"ReadAction","target":["https:\/\/www.alpakahof-hahn.at\/shop\/produkt\/alpaka-ski-socken-damen-herren\/"]}]},{"@type":"ImageObject","inLanguage":"de","@id":"https:\/\/www.alpakahof-hahn.at\/shop\/produkt\/alpaka-ski-socken-damen-herren\/#primaryimage","url":"https:\/\/i0.wp.com\/www.alpakahof-hahn.at\/shop\/wp-content\/uploads\/2017\/05\/10032-alpaka-ski-socken-stutzen-stru%CC%88mpfe-damen-herren-knie-apu-kuntur-schwarz-grau-01.jpg?fit=527%2C800&ssl=1","contentUrl":"https:\/\/i0.wp.com\/www.alpakahof-hahn.at\/shop\/wp-content\/uploads\/2017\/05\/10032-alpaka-ski-socken-stutzen-stru%CC%88mpfe-damen-herren-knie-apu-kuntur-schwarz-grau-01.jpg?fit=527%2C800&ssl=1","width":527,"height":800},{"@type":"BreadcrumbList","@id":"https:\/\/www.alpakahof-hahn.at\/shop\/produkt\/alpaka-ski-socken-damen-herren\/#breadcrumb","itemListElement":[{"@type":"ListItem","position":1,"name":"Shop","item":"https:\/\/www.alpakahof-hahn.at\/shop\/"},{"@type":"ListItem","position":2,"name":"Shop","item":"https:\/\/www.alpakahof-hahn.at\/shop\/shop\/"},{"@type":"ListItem","position":3,"name":"Alpaka SKI-SOCKEN Damen &#038; Herren"}]},{"@type":"WebSite","@id":"https:\/\/www.alpakahof-hahn.at\/shop\/#website","url":"https:\/\/www.alpakahof-hahn.at\/shop\/","name":"Alpaka Online-Shop","description":"Der Hofladen der Familie Hahn","potentialAction":[{"@type":"SearchAction","target":{"@type":"EntryPoint","urlTemplate":"https:\/\/www.alpakahof-hahn.at\/shop\/?s={search_term_string}"},"query-input":{"@type":"PropertyValueSpecification","valueRequired":true,"valueName":"search_term_string"}}],"inLanguage":"de"}]}},"jetpack_publicize_connections":[],"jetpack_sharing_enabled":true,"jetpack-related-posts":[{"id":5371,"url":"https:\/\/www.alpakahof-hahn.at\/shop\/produkt\/alpaka-arbeitssocken-silbergrau\/","url_meta":{"origin":4718,"position":0},"title":"Alpaka Softsocken silbergrau","author":"Manuel Hahn","date":"16. Oktober 2018","format":false,"excerpt":"Diese Socken sind ideal f\u00fcr den Einsatz im medizinischen Bereich, wie z.B. f\u00fcr \u00c4rzte, Pfleger, Krankenschwestern, da sie mit ihrem schlichten Aussehen und ihrer optimalen Faser-Zusammensetzung alle Anspr\u00fcche an eine Arzt-Socke erf\u00fcllen. Gerade auch bei Handwerkern beliebt sorgen diese Alpaka-Socken f\u00fcr warme F\u00fc\u00dfe, w\u00e4hrend die Schwei\u00dfbildung verhindert wird. Alpaka-Fasern wirken\u2026","rel":"","context":"\u00c4hnlicher Beitrag","block_context":{"text":"\u00c4hnlicher Beitrag","link":""},"img":{"alt_text":"","src":"https:\/\/i0.wp.com\/www.alpakahof-hahn.at\/shop\/wp-content\/uploads\/2018\/10\/10013-soft-socken-alpaka-damen-herren-apu-kuntur-silber-grau-01a.jpg?fit=475%2C720&ssl=1&resize=350%2C200","width":350,"height":200},"classes":[]},{"id":46310,"url":"https:\/\/www.alpakahof-hahn.at\/shop\/produkt\/baby-alpaka-kindersocken-klein-baby-blau\/","url_meta":{"origin":4718,"position":1},"title":"Baby Alpaka Kindersocken baby-blau","author":"Manuel Hahn","date":"30. November 2021","format":false,"excerpt":"Die zarten F\u00fc\u00dfchen unserer Kleinsten brauchen besonders viel Pflege. Das kann schon bei der Auswahl der Kleidung anfangen! Dank der feinen Beschaffenheit der Alpaka Kinder-Socken sind diese wohlig warm und flauschig weich - sogar weicher als Kaschmir!\u00a0Besonders geeignet sind diese S\u00f6ckchen auch f\u00fcr Neurodermitiker oder besonders sensible Haut, da die\u2026","rel":"","context":"\u00c4hnlicher Beitrag","block_context":{"text":"\u00c4hnlicher Beitrag","link":""},"img":{"alt_text":"","src":"https:\/\/i0.wp.com\/www.alpakahof-hahn.at\/shop\/wp-content\/uploads\/2021\/11\/alpaka-socken-kinder-gr-15-29-aus-70-baby-alpaka-25-baumwolle.jpg?fit=928%2C1200&ssl=1&resize=350%2C200","width":350,"height":200,"srcset":"https:\/\/i0.wp.com\/www.alpakahof-hahn.at\/shop\/wp-content\/uploads\/2021\/11\/alpaka-socken-kinder-gr-15-29-aus-70-baby-alpaka-25-baumwolle.jpg?fit=928%2C1200&ssl=1&resize=350%2C200 1x, https:\/\/i0.wp.com\/www.alpakahof-hahn.at\/shop\/wp-content\/uploads\/2021\/11\/alpaka-socken-kinder-gr-15-29-aus-70-baby-alpaka-25-baumwolle.jpg?fit=928%2C1200&ssl=1&resize=525%2C300 1.5x, https:\/\/i0.wp.com\/www.alpakahof-hahn.at\/shop\/wp-content\/uploads\/2021\/11\/alpaka-socken-kinder-gr-15-29-aus-70-baby-alpaka-25-baumwolle.jpg?fit=928%2C1200&ssl=1&resize=700%2C400 2x"},"classes":[]},{"id":46432,"url":"https:\/\/www.alpakahof-hahn.at\/shop\/produkt\/baby-kinder-alpaka-kindersocken-wollweiss\/","url_meta":{"origin":4718,"position":2},"title":"Baby &#038; Kinder Alpaka Kindersocken wollweiss","author":"Manuel Hahn","date":"5. Dezember 2021","format":false,"excerpt":"Die zarten F\u00fc\u00dfchen unserer Kleinsten brauchen besonders viel Pflege. Das kann schon bei der Auswahl der Kleidung anfangen! Dank der feinen Beschaffenheit der Alpaka Kinder-Socken sind diese wohlig warm und flauschig weich - sogar weicher als Kaschmir!\u00a0Besonders geeignet sind diese S\u00f6ckchen auch f\u00fcr Neurodermitiker oder besonders sensible Haut, da die\u2026","rel":"","context":"\u00c4hnlicher Beitrag","block_context":{"text":"\u00c4hnlicher Beitrag","link":""},"img":{"alt_text":"","src":"https:\/\/i0.wp.com\/www.alpakahof-hahn.at\/shop\/wp-content\/uploads\/2021\/12\/Alpaka-baby-kinder-socken-wollweiss-Alpakahof-Hahn-2.jpg?fit=527%2C800&ssl=1&resize=350%2C200","width":350,"height":200,"srcset":"https:\/\/i0.wp.com\/www.alpakahof-hahn.at\/shop\/wp-content\/uploads\/2021\/12\/Alpaka-baby-kinder-socken-wollweiss-Alpakahof-Hahn-2.jpg?fit=527%2C800&ssl=1&resize=350%2C200 1x, https:\/\/i0.wp.com\/www.alpakahof-hahn.at\/shop\/wp-content\/uploads\/2021\/12\/Alpaka-baby-kinder-socken-wollweiss-Alpakahof-Hahn-2.jpg?fit=527%2C800&ssl=1&resize=525%2C300 1.5x"},"classes":[]},{"id":4524,"url":"https:\/\/www.alpakahof-hahn.at\/shop\/produkt\/baby-alpaka-kindersocken-klein-grau\/","url_meta":{"origin":4718,"position":3},"title":"Baby Alpaka Kindersocken klein grau","author":"Manuel Hahn","date":"1. Mai 2017","format":false,"excerpt":"Die zarten F\u00fc\u00dfchen unserer Kleinsten brauchen besonders viel Pflege. Das kann schon bei der Auswahl der Kleidung anfangen! Dank der feinen Beschaffenheit der Alpaka Kinder-Socken sind diese wohlig warm und flauschig weich - sogar weicher als Kaschmir!\u00a0Besonders geeignet sind diese S\u00f6ckchen auch f\u00fcr Neurodermitiker oder besonders sensible Haut, da die\u2026","rel":"","context":"\u00c4hnlicher Beitrag","block_context":{"text":"\u00c4hnlicher Beitrag","link":""},"img":{"alt_text":"","src":"https:\/\/i0.wp.com\/www.alpakahof-hahn.at\/shop\/wp-content\/uploads\/2017\/05\/10046-silber-01a.jpg?fit=527%2C800&ssl=1&resize=350%2C200","width":350,"height":200,"srcset":"https:\/\/i0.wp.com\/www.alpakahof-hahn.at\/shop\/wp-content\/uploads\/2017\/05\/10046-silber-01a.jpg?fit=527%2C800&ssl=1&resize=350%2C200 1x, https:\/\/i0.wp.com\/www.alpakahof-hahn.at\/shop\/wp-content\/uploads\/2017\/05\/10046-silber-01a.jpg?fit=527%2C800&ssl=1&resize=525%2C300 1.5x"},"classes":[]},{"id":4514,"url":"https:\/\/www.alpakahof-hahn.at\/shop\/produkt\/alpaka-trekking-socken-damen-herren\/","url_meta":{"origin":4718,"position":4},"title":"Alpaka Trekking Socken &#8211; Damen &#038; Herren","author":"Manuel Hahn","date":"1. Mai 2017","format":false,"excerpt":"Ein echter Allrounder unter den Socken! Diese Trekking Socken sind geeignet f\u00fcr drinnen und drau\u00dfen. Durch die ausgew\u00e4hlte Woll-Kombination sind wohlig warme F\u00fc\u00dfe garantiert, w\u00e4hrend l\u00e4stige Schwei\u00dfbildung verhindert wird.\u00a0Ideal f\u00fcr lange Berg- und Wandertouren, ausgedehnte Spazierg\u00e4nge oder beim Wintersport! \u00a0 \u2013 Atmungsaktiv und klimaregulierend: Keine Schwei\u00dff\u00fc\u00dfe mehr! \u2013 feines Rippenstrickb\u00fcndchen\u2026","rel":"","context":"\u00c4hnlicher Beitrag","block_context":{"text":"\u00c4hnlicher Beitrag","link":""},"img":{"alt_text":"","src":"https:\/\/i0.wp.com\/www.alpakahof-hahn.at\/shop\/wp-content\/uploads\/2017\/05\/10044-alpaka-trekking-outdoor-socken-stru%CC%88mpfe-stutzen-wandern-apu-kuntur-schwarz-grau-01.jpg?fit=527%2C800&ssl=1&resize=350%2C200","width":350,"height":200,"srcset":"https:\/\/i0.wp.com\/www.alpakahof-hahn.at\/shop\/wp-content\/uploads\/2017\/05\/10044-alpaka-trekking-outdoor-socken-stru%CC%88mpfe-stutzen-wandern-apu-kuntur-schwarz-grau-01.jpg?fit=527%2C800&ssl=1&resize=350%2C200 1x, https:\/\/i0.wp.com\/www.alpakahof-hahn.at\/shop\/wp-content\/uploads\/2017\/05\/10044-alpaka-trekking-outdoor-socken-stru%CC%88mpfe-stutzen-wandern-apu-kuntur-schwarz-grau-01.jpg?fit=527%2C800&ssl=1&resize=525%2C300 1.5x"},"classes":[]},{"id":5096,"url":"https:\/\/www.alpakahof-hahn.at\/shop\/produkt\/alpaka-business-socken-grau\/","url_meta":{"origin":4718,"position":5},"title":"Alpaka Business Socken grau","author":"Manuel Hahn","date":"24. Juli 2017","format":false,"excerpt":"Diese Business Socken in hochwertiger Fasermischung sind besonders strapazierf\u00e4hig und zeichnen sich durch einen hohen Tragekomfort aus. Daher sind diese Socken auch ideal f\u00fcr Arzt-, Schwestern- oder Gesundheit\u2019s-Socken f\u00fcr alle, die im medizinischen Bereich und im Krankenhaus arbeiten, geeignet. Durch den gerignen Anteil an Lanolin (Wollfett) in der Alpaka-Faser, ist\u2026","rel":"","context":"\u00c4hnlicher Beitrag","block_context":{"text":"\u00c4hnlicher Beitrag","link":""},"img":{"alt_text":"","src":"https:\/\/i0.wp.com\/www.alpakahof-hahn.at\/shop\/wp-content\/uploads\/2017\/07\/alpaka-business-socken-grau-1.jpg?fit=526%2C800&ssl=1&resize=350%2C200","width":350,"height":200,"srcset":"https:\/\/i0.wp.com\/www.alpakahof-hahn.at\/shop\/wp-content\/uploads\/2017\/07\/alpaka-business-socken-grau-1.jpg?fit=526%2C800&ssl=1&resize=350%2C200 1x, https:\/\/i0.wp.com\/www.alpakahof-hahn.at\/shop\/wp-content\/uploads\/2017\/07\/alpaka-business-socken-grau-1.jpg?fit=526%2C800&ssl=1&resize=525%2C300 1.5x"},"classes":[]}],"_links":{"self":[{"href":"https:\/\/www.alpakahof-hahn.at\/shop\/wp-json\/wp\/v2\/product\/4718","targetHints":{"allow":["GET"]}}],"collection":[{"href":"https:\/\/www.alpakahof-hahn.at\/shop\/wp-json\/wp\/v2\/product"}],"about":[{"href":"https:\/\/www.alpakahof-hahn.at\/shop\/wp-json\/wp\/v2\/types\/product"}],"wp:featuredmedia":[{"embeddable":true,"href":"https:\/\/www.alpakahof-hahn.at\/shop\/wp-json\/wp\/v2\/media\/4722"}],"wp:attachment":[{"href":"https:\/\/www.alpakahof-hahn.at\/shop\/wp-json\/wp\/v2\/media?parent=4718"}],"wp:term":[{"taxonomy":"brand","embeddable":true,"href":"https:\/\/www.alpakahof-hahn.at\/shop\/wp-json\/wp\/v2\/etheme_brands?post=4718"},{"taxonomy":"product_brand","embeddable":true,"href":"https:\/\/www.alpakahof-hahn.at\/shop\/wp-json\/wp\/v2\/product_brand?post=4718"},{"taxonomy":"product_cat","embeddable":true,"href":"https:\/\/www.alpakahof-hahn.at\/shop\/wp-json\/wp\/v2\/product_cat?post=4718"},{"taxonomy":"product_tag","embeddable":true,"href":"https:\/\/www.alpakahof-hahn.at\/shop\/wp-json\/wp\/v2\/product_tag?post=4718"}],"curies":[{"name":"wp","href":"https:\/\/api.w.org\/{rel}","templated":true}]}}