{"id":47154,"date":"2022-10-27T21:40:25","date_gmt":"2022-10-27T19:40:25","guid":{"rendered":"https:\/\/www.alpakahof-hahn.at\/shop\/?post_type=product&#038;p=47154"},"modified":"2023-09-13T06:37:33","modified_gmt":"2023-09-13T04:37:33","slug":"der-mit-feigen-senf","status":"publish","type":"product","link":"https:\/\/www.alpakahof-hahn.at\/shop\/produkt\/der-mit-feigen-senf\/","title":{"rendered":"&#8220;der mit Feigen&#8221; &#8211; Senf"},"content":{"rendered":"<div class=\"wpb-content-wrapper\"><div class=\"mkd-single-product-content\">\n<div class=\"mkd-single-product-summary\">\n<div class=\"summary entry-summary\">\n<div class=\"woocommerce-tabs wc-tabs-wrapper\">\n<div id=\"tab-description\" class=\"woocommerce-Tabs-panel woocommerce-Tabs-panel--description panel entry-content wc-tab\" role=\"tabpanel\" aria-labelledby=\"tab-title-description\">\n<div class=\"vc_row wpb_row vc_row-fluid\">\n<div class=\"wpb_column vc_column_container vc_col-sm-12\">\n<div class=\"vc_column-inner\">\n<div class=\"wpb_wrapper\">\n<div class=\"wpb_text_column wpb_content_element \">\n<div class=\"wpb_wrapper\">\n<p>Zutaten: Feigen* (38%), Condimento Bianco**, Wasser, SENF (14%), Vodka (4%), unjodiertes Meersalz<\/p>\n<p>* T\u00fcrkei<\/p>\n<p>** Italien<\/p>\n<\/div>\n<\/div>\n<\/div>\n<\/div>\n<\/div>\n<\/div>\n<\/div>\n<\/div>\n<\/div>\n<\/div>\n<\/div>\n<\/div>","protected":false},"excerpt":{"rendered":"<p>Feigensenf ohne Zucker<\/p>\n<p>145g<\/p>\n<p>Tipp: Feigensenf, der Klassiker zB zu K\u00e4se. Er enth\u00e4lt weder Zucker noch Zuckerersatz.<\/p>\n<p>Hergestellt von Monika Hartl aus P\u00f6bring (<a href=\"https:\/\/monika-anna-maria.at\/geschmack\/\">https:\/\/monika-anna-maria.at\/geschmack\/<\/a>)<\/p>\n","protected":false},"featured_media":47155,"template":"","meta":{"jetpack_post_was_ever_published":false,"jetpack_publicize_message":"","jetpack_publicize_feature_enabled":true,"jetpack_social_post_already_shared":true,"jetpack_social_options":{"image_generator_settings":{"template":"highway","default_image_id":0,"font":"","enabled":false},"version":2}},"etheme_brands":[],"product_brand":[],"product_cat":[137],"product_tag":[],"class_list":{"0":"post-47154","1":"product","2":"type-product","3":"status-publish","4":"has-post-thumbnail","6":"product_cat-waldviertler-produkte","8":"first","9":"outofstock","10":"taxable","11":"shipping-taxable","12":"purchasable","13":"product-type-simple"},"supplier_id":null,"supplier_sku":"","barcode":null,"atum_controlled":true,"out_stock_date":"2023-09-13 04:37:33","out_stock_threshold":null,"inheritable":false,"inbound_stock":0,"stock_on_hold":0,"sold_today":0,"sales_last_days":0,"reserved_stock":0,"customer_returns":0,"warehouse_damage":0,"lost_in_post":0,"other_logs":0,"out_stock_days":950,"lost_sales":0,"has_location":false,"update_date":"2026-04-20T08:47:36","atum_locations":[],"atum_stock_status":"outofstock","restock_status":false,"low_stock_amount":"","sales_update_date":"2026-04-20T08:47:36","calc_backorders":null,"yoast_head":"<!-- This site is optimized with the Yoast SEO plugin v26.5 - https:\/\/yoast.com\/wordpress\/plugins\/seo\/ -->\n<title>&quot;der mit Feigen&quot; - Senf - Alpaka Online-Shop<\/title>\n<meta name=\"robots\" content=\"index, follow, max-snippet:-1, max-image-preview:large, max-video-preview:-1\" \/>\n<link rel=\"canonical\" href=\"https:\/\/www.alpakahof-hahn.at\/shop\/produkt\/der-mit-feigen-senf\/\" \/>\n<meta name=\"twitter:card\" content=\"summary_large_image\" \/>\n<meta name=\"twitter:title\" content=\"&quot;der mit Feigen&quot; - Senf - Alpaka Online-Shop\" \/>\n<meta name=\"twitter:description\" content=\"Feigensenf ohne Zucker  145g  Tipp: Feigensenf, der Klassiker zB zu K\u00e4se. Er enth\u00e4lt weder Zucker noch Zuckerersatz.  Hergestellt von Monika Hartl aus P\u00f6bring (https:\/\/monika-anna-maria.at\/geschmack\/)\" \/>\n<meta name=\"twitter:image\" content=\"https:\/\/i0.wp.com\/www.alpakahof-hahn.at\/shop\/wp-content\/uploads\/2022\/10\/der-mit-Feige-1-1.jpg?fit=800%2C600&ssl=1\" \/>\n<meta name=\"twitter:label1\" content=\"Gesch\u00e4tzte Lesezeit\" \/>\n\t<meta name=\"twitter:data1\" content=\"1\u00a0Minute\" \/>\n<script type=\"application\/ld+json\" class=\"yoast-schema-graph\">{\"@context\":\"https:\/\/schema.org\",\"@graph\":[{\"@type\":\"WebPage\",\"@id\":\"https:\/\/www.alpakahof-hahn.at\/shop\/produkt\/der-mit-feigen-senf\/\",\"url\":\"https:\/\/www.alpakahof-hahn.at\/shop\/produkt\/der-mit-feigen-senf\/\",\"name\":\"\\\"der mit Feigen\\\" - Senf - Alpaka Online-Shop\",\"isPartOf\":{\"@id\":\"https:\/\/www.alpakahof-hahn.at\/shop\/#website\"},\"primaryImageOfPage\":{\"@id\":\"https:\/\/www.alpakahof-hahn.at\/shop\/produkt\/der-mit-feigen-senf\/#primaryimage\"},\"image\":{\"@id\":\"https:\/\/www.alpakahof-hahn.at\/shop\/produkt\/der-mit-feigen-senf\/#primaryimage\"},\"thumbnailUrl\":\"https:\/\/i0.wp.com\/www.alpakahof-hahn.at\/shop\/wp-content\/uploads\/2022\/10\/der-mit-Feige-1-1.jpg?fit=800%2C600&ssl=1\",\"datePublished\":\"2022-10-27T19:40:25+00:00\",\"dateModified\":\"2023-09-13T04:37:33+00:00\",\"breadcrumb\":{\"@id\":\"https:\/\/www.alpakahof-hahn.at\/shop\/produkt\/der-mit-feigen-senf\/#breadcrumb\"},\"inLanguage\":\"de\",\"potentialAction\":[{\"@type\":\"ReadAction\",\"target\":[\"https:\/\/www.alpakahof-hahn.at\/shop\/produkt\/der-mit-feigen-senf\/\"]}]},{\"@type\":\"ImageObject\",\"inLanguage\":\"de\",\"@id\":\"https:\/\/www.alpakahof-hahn.at\/shop\/produkt\/der-mit-feigen-senf\/#primaryimage\",\"url\":\"https:\/\/i0.wp.com\/www.alpakahof-hahn.at\/shop\/wp-content\/uploads\/2022\/10\/der-mit-Feige-1-1.jpg?fit=800%2C600&ssl=1\",\"contentUrl\":\"https:\/\/i0.wp.com\/www.alpakahof-hahn.at\/shop\/wp-content\/uploads\/2022\/10\/der-mit-Feige-1-1.jpg?fit=800%2C600&ssl=1\",\"width\":800,\"height\":600},{\"@type\":\"BreadcrumbList\",\"@id\":\"https:\/\/www.alpakahof-hahn.at\/shop\/produkt\/der-mit-feigen-senf\/#breadcrumb\",\"itemListElement\":[{\"@type\":\"ListItem\",\"position\":1,\"name\":\"Shop\",\"item\":\"https:\/\/www.alpakahof-hahn.at\/shop\/\"},{\"@type\":\"ListItem\",\"position\":2,\"name\":\"Shop\",\"item\":\"https:\/\/www.alpakahof-hahn.at\/shop\/shop\/\"},{\"@type\":\"ListItem\",\"position\":3,\"name\":\"&#8222;der mit Feigen&#8220; &#8211; Senf\"}]},{\"@type\":\"WebSite\",\"@id\":\"https:\/\/www.alpakahof-hahn.at\/shop\/#website\",\"url\":\"https:\/\/www.alpakahof-hahn.at\/shop\/\",\"name\":\"Alpaka Online-Shop\",\"description\":\"Der Hofladen der Familie Hahn\",\"potentialAction\":[{\"@type\":\"SearchAction\",\"target\":{\"@type\":\"EntryPoint\",\"urlTemplate\":\"https:\/\/www.alpakahof-hahn.at\/shop\/?s={search_term_string}\"},\"query-input\":{\"@type\":\"PropertyValueSpecification\",\"valueRequired\":true,\"valueName\":\"search_term_string\"}}],\"inLanguage\":\"de\"}]}<\/script>\n<!-- \/ Yoast SEO plugin. -->","yoast_head_json":{"title":"\"der mit Feigen\" - Senf - Alpaka Online-Shop","robots":{"index":"index","follow":"follow","max-snippet":"max-snippet:-1","max-image-preview":"max-image-preview:large","max-video-preview":"max-video-preview:-1"},"canonical":"https:\/\/www.alpakahof-hahn.at\/shop\/produkt\/der-mit-feigen-senf\/","twitter_card":"summary_large_image","twitter_title":"\"der mit Feigen\" - Senf - Alpaka Online-Shop","twitter_description":"Feigensenf ohne Zucker  145g  Tipp: Feigensenf, der Klassiker zB zu K\u00e4se. Er enth\u00e4lt weder Zucker noch Zuckerersatz.  Hergestellt von Monika Hartl aus P\u00f6bring (https:\/\/monika-anna-maria.at\/geschmack\/)","twitter_image":"https:\/\/i0.wp.com\/www.alpakahof-hahn.at\/shop\/wp-content\/uploads\/2022\/10\/der-mit-Feige-1-1.jpg?fit=800%2C600&ssl=1","twitter_misc":{"Gesch\u00e4tzte Lesezeit":"1\u00a0Minute"},"schema":{"@context":"https:\/\/schema.org","@graph":[{"@type":"WebPage","@id":"https:\/\/www.alpakahof-hahn.at\/shop\/produkt\/der-mit-feigen-senf\/","url":"https:\/\/www.alpakahof-hahn.at\/shop\/produkt\/der-mit-feigen-senf\/","name":"\"der mit Feigen\" - Senf - Alpaka Online-Shop","isPartOf":{"@id":"https:\/\/www.alpakahof-hahn.at\/shop\/#website"},"primaryImageOfPage":{"@id":"https:\/\/www.alpakahof-hahn.at\/shop\/produkt\/der-mit-feigen-senf\/#primaryimage"},"image":{"@id":"https:\/\/www.alpakahof-hahn.at\/shop\/produkt\/der-mit-feigen-senf\/#primaryimage"},"thumbnailUrl":"https:\/\/i0.wp.com\/www.alpakahof-hahn.at\/shop\/wp-content\/uploads\/2022\/10\/der-mit-Feige-1-1.jpg?fit=800%2C600&ssl=1","datePublished":"2022-10-27T19:40:25+00:00","dateModified":"2023-09-13T04:37:33+00:00","breadcrumb":{"@id":"https:\/\/www.alpakahof-hahn.at\/shop\/produkt\/der-mit-feigen-senf\/#breadcrumb"},"inLanguage":"de","potentialAction":[{"@type":"ReadAction","target":["https:\/\/www.alpakahof-hahn.at\/shop\/produkt\/der-mit-feigen-senf\/"]}]},{"@type":"ImageObject","inLanguage":"de","@id":"https:\/\/www.alpakahof-hahn.at\/shop\/produkt\/der-mit-feigen-senf\/#primaryimage","url":"https:\/\/i0.wp.com\/www.alpakahof-hahn.at\/shop\/wp-content\/uploads\/2022\/10\/der-mit-Feige-1-1.jpg?fit=800%2C600&ssl=1","contentUrl":"https:\/\/i0.wp.com\/www.alpakahof-hahn.at\/shop\/wp-content\/uploads\/2022\/10\/der-mit-Feige-1-1.jpg?fit=800%2C600&ssl=1","width":800,"height":600},{"@type":"BreadcrumbList","@id":"https:\/\/www.alpakahof-hahn.at\/shop\/produkt\/der-mit-feigen-senf\/#breadcrumb","itemListElement":[{"@type":"ListItem","position":1,"name":"Shop","item":"https:\/\/www.alpakahof-hahn.at\/shop\/"},{"@type":"ListItem","position":2,"name":"Shop","item":"https:\/\/www.alpakahof-hahn.at\/shop\/shop\/"},{"@type":"ListItem","position":3,"name":"&#8222;der mit Feigen&#8220; &#8211; Senf"}]},{"@type":"WebSite","@id":"https:\/\/www.alpakahof-hahn.at\/shop\/#website","url":"https:\/\/www.alpakahof-hahn.at\/shop\/","name":"Alpaka Online-Shop","description":"Der Hofladen der Familie Hahn","potentialAction":[{"@type":"SearchAction","target":{"@type":"EntryPoint","urlTemplate":"https:\/\/www.alpakahof-hahn.at\/shop\/?s={search_term_string}"},"query-input":{"@type":"PropertyValueSpecification","valueRequired":true,"valueName":"search_term_string"}}],"inLanguage":"de"}]}},"jetpack_publicize_connections":[],"jetpack_sharing_enabled":true,"jetpack-related-posts":[{"id":29698,"url":"https:\/\/www.alpakahof-hahn.at\/shop\/produkt\/mohn-senf\/","url_meta":{"origin":47154,"position":0},"title":"Mohn-Senf 130g","author":"Manuel Hahn","date":"27. Oktober 2020","format":false,"excerpt":"Inhalt: 130g. Milder, feiner Senf mit Apfel und Honig der durch den Waldviertler Graumohn optisch und geschmacklich eine besondere Note bekommt. Zutaten: Wasser,\u00a0Senfsaat, Honig, Weingeistessig, Apfelsaft, getrocknete \u00c4pfel (5%), Zucker, Mohn (4%), Mohn\u00f6l (4%), Apfelessig,\u00a0 Salz, Kr\u00e4uter, Gew\u00fcrze, S\u00fc\u00dfungsmittel: Saccarin, Farbstoff E101 Dieser Mohn-Senf wird vom Mohnhof Gressl\u00a0im Waldviertel produziert.","rel":"","context":"\u00c4hnlicher Beitrag","block_context":{"text":"\u00c4hnlicher Beitrag","link":""},"img":{"alt_text":"","src":"https:\/\/i0.wp.com\/www.alpakahof-hahn.at\/shop\/wp-content\/uploads\/2020\/10\/waldviertler-mohn-senf-alpakahof-hahn.jpg?fit=1080%2C1080&ssl=1&resize=350%2C200","width":350,"height":200,"srcset":"https:\/\/i0.wp.com\/www.alpakahof-hahn.at\/shop\/wp-content\/uploads\/2020\/10\/waldviertler-mohn-senf-alpakahof-hahn.jpg?fit=1080%2C1080&ssl=1&resize=350%2C200 1x, https:\/\/i0.wp.com\/www.alpakahof-hahn.at\/shop\/wp-content\/uploads\/2020\/10\/waldviertler-mohn-senf-alpakahof-hahn.jpg?fit=1080%2C1080&ssl=1&resize=525%2C300 1.5x, https:\/\/i0.wp.com\/www.alpakahof-hahn.at\/shop\/wp-content\/uploads\/2020\/10\/waldviertler-mohn-senf-alpakahof-hahn.jpg?fit=1080%2C1080&ssl=1&resize=700%2C400 2x, https:\/\/i0.wp.com\/www.alpakahof-hahn.at\/shop\/wp-content\/uploads\/2020\/10\/waldviertler-mohn-senf-alpakahof-hahn.jpg?fit=1080%2C1080&ssl=1&resize=1050%2C600 3x"},"classes":[]},{"id":47138,"url":"https:\/\/www.alpakahof-hahn.at\/shop\/produkt\/der-vielseitige-veganer-aufstrich\/","url_meta":{"origin":47154,"position":1},"title":"&#8220;der Vielseitige&#8221; &#8211; Veganer Aufstrich","author":"Manuel Hahn","date":"26. Oktober 2022","format":false,"excerpt":"Ein veganer Aufstrich. 145g Tipp: Ein H\u00fchnerfilet in der Mitte aufschneiden und etwas von dem Aufstrich darauf verteilen, noch ein paar Blatt B\u00e4rlauch oder Blattspinat darauf und mit Zahnstocher verschliessen, zuletzt panieren. Fertig ist eine etwas andere, raffinierte F\u00fclle. Hergestellt von Monika Hartl aus P\u00f6bring (https:\/\/monika-anna-maria.at\/geschmack\/)","rel":"","context":"\u00c4hnlicher Beitrag","block_context":{"text":"\u00c4hnlicher Beitrag","link":""},"img":{"alt_text":"","src":"https:\/\/i0.wp.com\/www.alpakahof-hahn.at\/shop\/wp-content\/uploads\/2022\/10\/der-Vielseitige-1.jpg?fit=800%2C600&ssl=1&resize=350%2C200","width":350,"height":200,"srcset":"https:\/\/i0.wp.com\/www.alpakahof-hahn.at\/shop\/wp-content\/uploads\/2022\/10\/der-Vielseitige-1.jpg?fit=800%2C600&ssl=1&resize=350%2C200 1x, https:\/\/i0.wp.com\/www.alpakahof-hahn.at\/shop\/wp-content\/uploads\/2022\/10\/der-Vielseitige-1.jpg?fit=800%2C600&ssl=1&resize=525%2C300 1.5x, https:\/\/i0.wp.com\/www.alpakahof-hahn.at\/shop\/wp-content\/uploads\/2022\/10\/der-Vielseitige-1.jpg?fit=800%2C600&ssl=1&resize=700%2C400 2x"},"classes":[]},{"id":47131,"url":"https:\/\/www.alpakahof-hahn.at\/shop\/produkt\/der-herzhafte-veganer-aufstrich\/","url_meta":{"origin":47154,"position":2},"title":"&#8220;der Herzhafte&#8221; &#8211; Veganer Aufstrich","author":"Manuel Hahn","date":"26. Oktober 2022","format":false,"excerpt":"Ein veganer Aufstrich, asiatisch gepr\u00e4gt. 145g Tipp: Ein Hingucker mit der wundersch\u00f6nen Farbe. Nat\u00fcrlich schmeckt er auf Brot und Geb\u00e4ck, aber auch mal als So\u00dfenbasis. Daf\u00fcr einfach mit Sahne, Sahneersatz oder Wasser auf die gew\u00fcnschte Konsistenz verd\u00fcnnen, nach Bedarf etwas nachw\u00fcrzen und zu Gem\u00fcse, Fleisch, oder Tofu reichen, dazu Nudeln\u2026","rel":"","context":"\u00c4hnlicher Beitrag","block_context":{"text":"\u00c4hnlicher Beitrag","link":""},"img":{"alt_text":"","src":"https:\/\/i0.wp.com\/www.alpakahof-hahn.at\/shop\/wp-content\/uploads\/2022\/10\/der-Herzhafte-1.jpg?fit=800%2C600&ssl=1&resize=350%2C200","width":350,"height":200,"srcset":"https:\/\/i0.wp.com\/www.alpakahof-hahn.at\/shop\/wp-content\/uploads\/2022\/10\/der-Herzhafte-1.jpg?fit=800%2C600&ssl=1&resize=350%2C200 1x, https:\/\/i0.wp.com\/www.alpakahof-hahn.at\/shop\/wp-content\/uploads\/2022\/10\/der-Herzhafte-1.jpg?fit=800%2C600&ssl=1&resize=525%2C300 1.5x, https:\/\/i0.wp.com\/www.alpakahof-hahn.at\/shop\/wp-content\/uploads\/2022\/10\/der-Herzhafte-1.jpg?fit=800%2C600&ssl=1&resize=700%2C400 2x"},"classes":[]},{"id":47113,"url":"https:\/\/www.alpakahof-hahn.at\/shop\/produkt\/aperitif-likoer\/","url_meta":{"origin":47154,"position":3},"title":"&#8220;Aperitif&#8221; Lik\u00f6r","author":"Manuel Hahn","date":"26. Oktober 2022","format":false,"excerpt":"Ein klassischer Vermouth, am ehesten mit einem Martini bianco vergleichbar. Kann gut pur oder mit Vodka gemischt und auf Eis getrunken werden. 350ml Alkohol 15,7% vol Hergestellt von Monika Hartl aus P\u00f6bring (https:\/\/monika-anna-maria.at\/geschmack\/) \u00a0 \u00a0","rel":"","context":"\u00c4hnlicher Beitrag","block_context":{"text":"\u00c4hnlicher Beitrag","link":""},"img":{"alt_text":"","src":"https:\/\/i0.wp.com\/www.alpakahof-hahn.at\/shop\/wp-content\/uploads\/2022\/10\/Aperitif-1-1.jpg?fit=800%2C600&ssl=1&resize=350%2C200","width":350,"height":200,"srcset":"https:\/\/i0.wp.com\/www.alpakahof-hahn.at\/shop\/wp-content\/uploads\/2022\/10\/Aperitif-1-1.jpg?fit=800%2C600&ssl=1&resize=350%2C200 1x, https:\/\/i0.wp.com\/www.alpakahof-hahn.at\/shop\/wp-content\/uploads\/2022\/10\/Aperitif-1-1.jpg?fit=800%2C600&ssl=1&resize=525%2C300 1.5x, https:\/\/i0.wp.com\/www.alpakahof-hahn.at\/shop\/wp-content\/uploads\/2022\/10\/Aperitif-1-1.jpg?fit=800%2C600&ssl=1&resize=700%2C400 2x"},"classes":[]},{"id":47152,"url":"https:\/\/www.alpakahof-hahn.at\/shop\/produkt\/der-mit-salbei-essig\/","url_meta":{"origin":47154,"position":4},"title":"&#8220;der mit Salbei&#8221; &#8211; Essig","author":"Manuel Hahn","date":"27. Oktober 2022","format":false,"excerpt":"Kr\u00e4uteressig 250ml Hergestellt von Monika Hartl aus P\u00f6bring (https:\/\/monika-anna-maria.at\/geschmack\/)","rel":"","context":"\u00c4hnlicher Beitrag","block_context":{"text":"\u00c4hnlicher Beitrag","link":""},"img":{"alt_text":"","src":"https:\/\/i0.wp.com\/www.alpakahof-hahn.at\/shop\/wp-content\/uploads\/2022\/10\/der-mit-Salbei-1-1.jpg?fit=600%2C800&ssl=1&resize=350%2C200","width":350,"height":200,"srcset":"https:\/\/i0.wp.com\/www.alpakahof-hahn.at\/shop\/wp-content\/uploads\/2022\/10\/der-mit-Salbei-1-1.jpg?fit=600%2C800&ssl=1&resize=350%2C200 1x, https:\/\/i0.wp.com\/www.alpakahof-hahn.at\/shop\/wp-content\/uploads\/2022\/10\/der-mit-Salbei-1-1.jpg?fit=600%2C800&ssl=1&resize=525%2C300 1.5x"},"classes":[]},{"id":47125,"url":"https:\/\/www.alpakahof-hahn.at\/shop\/produkt\/der-milde-veganer-aufstrich\/","url_meta":{"origin":47154,"position":5},"title":"&#8220;der Milde&#8221; &#8211; Veganer Aufstrich","author":"Manuel Hahn","date":"26. Oktober 2022","format":false,"excerpt":"Als Brotaufstrich. Oder: Sojagranulat oder H\u00fchnerfleisch anbraten, \"der Milde\" hinzuf\u00fcgen und mit etwas Wasser und\/oder Obers (veganem Obersersatz) aufgie\u00dfen, dazu Nudeln oder Reis. Hergestellt von Monika Hartl aus P\u00f6bring (https:\/\/monika-anna-maria.at\/geschmack\/)","rel":"","context":"\u00c4hnlicher Beitrag","block_context":{"text":"\u00c4hnlicher Beitrag","link":""},"img":{"alt_text":"","src":"https:\/\/i0.wp.com\/www.alpakahof-hahn.at\/shop\/wp-content\/uploads\/2022\/10\/der-Milde-1.jpg?fit=800%2C600&ssl=1&resize=350%2C200","width":350,"height":200,"srcset":"https:\/\/i0.wp.com\/www.alpakahof-hahn.at\/shop\/wp-content\/uploads\/2022\/10\/der-Milde-1.jpg?fit=800%2C600&ssl=1&resize=350%2C200 1x, https:\/\/i0.wp.com\/www.alpakahof-hahn.at\/shop\/wp-content\/uploads\/2022\/10\/der-Milde-1.jpg?fit=800%2C600&ssl=1&resize=525%2C300 1.5x, https:\/\/i0.wp.com\/www.alpakahof-hahn.at\/shop\/wp-content\/uploads\/2022\/10\/der-Milde-1.jpg?fit=800%2C600&ssl=1&resize=700%2C400 2x"},"classes":[]}],"_links":{"self":[{"href":"https:\/\/www.alpakahof-hahn.at\/shop\/wp-json\/wp\/v2\/product\/47154","targetHints":{"allow":["GET"]}}],"collection":[{"href":"https:\/\/www.alpakahof-hahn.at\/shop\/wp-json\/wp\/v2\/product"}],"about":[{"href":"https:\/\/www.alpakahof-hahn.at\/shop\/wp-json\/wp\/v2\/types\/product"}],"wp:featuredmedia":[{"embeddable":true,"href":"https:\/\/www.alpakahof-hahn.at\/shop\/wp-json\/wp\/v2\/media\/47155"}],"wp:attachment":[{"href":"https:\/\/www.alpakahof-hahn.at\/shop\/wp-json\/wp\/v2\/media?parent=47154"}],"wp:term":[{"taxonomy":"brand","embeddable":true,"href":"https:\/\/www.alpakahof-hahn.at\/shop\/wp-json\/wp\/v2\/etheme_brands?post=47154"},{"taxonomy":"product_brand","embeddable":true,"href":"https:\/\/www.alpakahof-hahn.at\/shop\/wp-json\/wp\/v2\/product_brand?post=47154"},{"taxonomy":"product_cat","embeddable":true,"href":"https:\/\/www.alpakahof-hahn.at\/shop\/wp-json\/wp\/v2\/product_cat?post=47154"},{"taxonomy":"product_tag","embeddable":true,"href":"https:\/\/www.alpakahof-hahn.at\/shop\/wp-json\/wp\/v2\/product_tag?post=47154"}],"curies":[{"name":"wp","href":"https:\/\/api.w.org\/{rel}","templated":true}]}}