{"id":47138,"date":"2022-10-26T22:36:38","date_gmt":"2022-10-26T20:36:38","guid":{"rendered":"https:\/\/www.alpakahof-hahn.at\/shop\/?post_type=product&#038;p=47138"},"modified":"2023-09-13T06:37:32","modified_gmt":"2023-09-13T04:37:32","slug":"der-vielseitige-veganer-aufstrich","status":"publish","type":"product","link":"https:\/\/www.alpakahof-hahn.at\/shop\/produkt\/der-vielseitige-veganer-aufstrich\/","title":{"rendered":"&#8220;der Vielseitige&#8221; &#8211; Veganer Aufstrich"},"content":{"rendered":"<p>Zutaten: Kukuruz* (62%), Sonnenblumen\u00f6l, Paradeiser, unjodiertes Meersalz, Zucker, Zitronensaft, Pfeffer, Rosmarin, Chili<\/p>\n<p>*EU-Landwirtschaft<\/p>\n","protected":false},"excerpt":{"rendered":"<p>Ein veganer Aufstrich.<\/p>\n<p>145g<\/p>\n<p>Tipp: Ein H\u00fchnerfilet in der Mitte aufschneiden und etwas von dem Aufstrich darauf verteilen, noch ein paar Blatt B\u00e4rlauch oder Blattspinat darauf und mit Zahnstocher verschliessen, zuletzt panieren. Fertig ist eine etwas andere, raffinierte F\u00fclle.<\/p>\n<p>Hergestellt von Monika Hartl aus P\u00f6bring (<a href=\"https:\/\/monika-anna-maria.at\/geschmack\/\">https:\/\/monika-anna-maria.at\/geschmack\/<\/a>)<\/p>\n","protected":false},"featured_media":47140,"template":"","meta":{"jetpack_post_was_ever_published":false,"jetpack_publicize_message":"","jetpack_publicize_feature_enabled":true,"jetpack_social_post_already_shared":true,"jetpack_social_options":{"image_generator_settings":{"template":"highway","default_image_id":0,"font":"","enabled":false},"version":2}},"etheme_brands":[],"product_brand":[],"product_cat":[137],"product_tag":[],"class_list":{"0":"post-47138","1":"product","2":"type-product","3":"status-publish","4":"has-post-thumbnail","6":"product_cat-waldviertler-produkte","8":"first","9":"outofstock","10":"taxable","11":"shipping-taxable","12":"purchasable","13":"product-type-simple"},"supplier_id":null,"supplier_sku":"","barcode":null,"atum_controlled":true,"out_stock_date":"2023-09-13 04:37:32","out_stock_threshold":null,"inheritable":false,"inbound_stock":0,"stock_on_hold":0,"sold_today":0,"sales_last_days":0,"reserved_stock":0,"customer_returns":0,"warehouse_damage":0,"lost_in_post":0,"other_logs":0,"out_stock_days":950,"lost_sales":0,"has_location":false,"update_date":"2026-04-20T08:47:39","atum_locations":[],"atum_stock_status":"outofstock","restock_status":false,"low_stock_amount":"","sales_update_date":"2026-04-20T08:47:39","calc_backorders":null,"yoast_head":"<!-- This site is optimized with the Yoast SEO plugin v26.5 - https:\/\/yoast.com\/wordpress\/plugins\/seo\/ -->\n<title>&quot;der Vielseitige&quot; - Veganer Aufstrich - Alpaka Online-Shop<\/title>\n<meta name=\"robots\" content=\"index, follow, max-snippet:-1, max-image-preview:large, max-video-preview:-1\" \/>\n<link rel=\"canonical\" href=\"https:\/\/www.alpakahof-hahn.at\/shop\/produkt\/der-vielseitige-veganer-aufstrich\/\" \/>\n<meta name=\"twitter:card\" content=\"summary_large_image\" \/>\n<meta name=\"twitter:title\" content=\"&quot;der Vielseitige&quot; - Veganer Aufstrich - Alpaka Online-Shop\" \/>\n<meta name=\"twitter:description\" content=\"Ein veganer Aufstrich.  145g  Tipp: Ein H\u00fchnerfilet in der Mitte aufschneiden und etwas von dem Aufstrich darauf verteilen, noch ein paar Blatt B\u00e4rlauch oder Blattspinat darauf und mit Zahnstocher verschliessen, zuletzt panieren. Fertig ist eine etwas andere, raffinierte F\u00fclle.  Hergestellt von Monika Hartl aus P\u00f6bring (https:\/\/monika-anna-maria.at\/geschmack\/)\" \/>\n<meta name=\"twitter:image\" content=\"https:\/\/i0.wp.com\/www.alpakahof-hahn.at\/shop\/wp-content\/uploads\/2022\/10\/der-Vielseitige-1.jpg?fit=800%2C600&ssl=1\" \/>\n<meta name=\"twitter:label1\" content=\"Gesch\u00e4tzte Lesezeit\" \/>\n\t<meta name=\"twitter:data1\" content=\"1\u00a0Minute\" \/>\n<script type=\"application\/ld+json\" class=\"yoast-schema-graph\">{\"@context\":\"https:\/\/schema.org\",\"@graph\":[{\"@type\":\"WebPage\",\"@id\":\"https:\/\/www.alpakahof-hahn.at\/shop\/produkt\/der-vielseitige-veganer-aufstrich\/\",\"url\":\"https:\/\/www.alpakahof-hahn.at\/shop\/produkt\/der-vielseitige-veganer-aufstrich\/\",\"name\":\"\\\"der Vielseitige\\\" - Veganer Aufstrich - Alpaka Online-Shop\",\"isPartOf\":{\"@id\":\"https:\/\/www.alpakahof-hahn.at\/shop\/#website\"},\"primaryImageOfPage\":{\"@id\":\"https:\/\/www.alpakahof-hahn.at\/shop\/produkt\/der-vielseitige-veganer-aufstrich\/#primaryimage\"},\"image\":{\"@id\":\"https:\/\/www.alpakahof-hahn.at\/shop\/produkt\/der-vielseitige-veganer-aufstrich\/#primaryimage\"},\"thumbnailUrl\":\"https:\/\/i0.wp.com\/www.alpakahof-hahn.at\/shop\/wp-content\/uploads\/2022\/10\/der-Vielseitige-1.jpg?fit=800%2C600&ssl=1\",\"datePublished\":\"2022-10-26T20:36:38+00:00\",\"dateModified\":\"2023-09-13T04:37:32+00:00\",\"breadcrumb\":{\"@id\":\"https:\/\/www.alpakahof-hahn.at\/shop\/produkt\/der-vielseitige-veganer-aufstrich\/#breadcrumb\"},\"inLanguage\":\"de\",\"potentialAction\":[{\"@type\":\"ReadAction\",\"target\":[\"https:\/\/www.alpakahof-hahn.at\/shop\/produkt\/der-vielseitige-veganer-aufstrich\/\"]}]},{\"@type\":\"ImageObject\",\"inLanguage\":\"de\",\"@id\":\"https:\/\/www.alpakahof-hahn.at\/shop\/produkt\/der-vielseitige-veganer-aufstrich\/#primaryimage\",\"url\":\"https:\/\/i0.wp.com\/www.alpakahof-hahn.at\/shop\/wp-content\/uploads\/2022\/10\/der-Vielseitige-1.jpg?fit=800%2C600&ssl=1\",\"contentUrl\":\"https:\/\/i0.wp.com\/www.alpakahof-hahn.at\/shop\/wp-content\/uploads\/2022\/10\/der-Vielseitige-1.jpg?fit=800%2C600&ssl=1\",\"width\":800,\"height\":600},{\"@type\":\"BreadcrumbList\",\"@id\":\"https:\/\/www.alpakahof-hahn.at\/shop\/produkt\/der-vielseitige-veganer-aufstrich\/#breadcrumb\",\"itemListElement\":[{\"@type\":\"ListItem\",\"position\":1,\"name\":\"Shop\",\"item\":\"https:\/\/www.alpakahof-hahn.at\/shop\/\"},{\"@type\":\"ListItem\",\"position\":2,\"name\":\"Shop\",\"item\":\"https:\/\/www.alpakahof-hahn.at\/shop\/shop\/\"},{\"@type\":\"ListItem\",\"position\":3,\"name\":\"&#8222;der Vielseitige&#8220; &#8211; Veganer Aufstrich\"}]},{\"@type\":\"WebSite\",\"@id\":\"https:\/\/www.alpakahof-hahn.at\/shop\/#website\",\"url\":\"https:\/\/www.alpakahof-hahn.at\/shop\/\",\"name\":\"Alpaka Online-Shop\",\"description\":\"Der Hofladen der Familie Hahn\",\"potentialAction\":[{\"@type\":\"SearchAction\",\"target\":{\"@type\":\"EntryPoint\",\"urlTemplate\":\"https:\/\/www.alpakahof-hahn.at\/shop\/?s={search_term_string}\"},\"query-input\":{\"@type\":\"PropertyValueSpecification\",\"valueRequired\":true,\"valueName\":\"search_term_string\"}}],\"inLanguage\":\"de\"}]}<\/script>\n<!-- \/ Yoast SEO plugin. -->","yoast_head_json":{"title":"\"der Vielseitige\" - Veganer Aufstrich - Alpaka Online-Shop","robots":{"index":"index","follow":"follow","max-snippet":"max-snippet:-1","max-image-preview":"max-image-preview:large","max-video-preview":"max-video-preview:-1"},"canonical":"https:\/\/www.alpakahof-hahn.at\/shop\/produkt\/der-vielseitige-veganer-aufstrich\/","twitter_card":"summary_large_image","twitter_title":"\"der Vielseitige\" - Veganer Aufstrich - Alpaka Online-Shop","twitter_description":"Ein veganer Aufstrich.  145g  Tipp: Ein H\u00fchnerfilet in der Mitte aufschneiden und etwas von dem Aufstrich darauf verteilen, noch ein paar Blatt B\u00e4rlauch oder Blattspinat darauf und mit Zahnstocher verschliessen, zuletzt panieren. Fertig ist eine etwas andere, raffinierte F\u00fclle.  Hergestellt von Monika Hartl aus P\u00f6bring (https:\/\/monika-anna-maria.at\/geschmack\/)","twitter_image":"https:\/\/i0.wp.com\/www.alpakahof-hahn.at\/shop\/wp-content\/uploads\/2022\/10\/der-Vielseitige-1.jpg?fit=800%2C600&ssl=1","twitter_misc":{"Gesch\u00e4tzte Lesezeit":"1\u00a0Minute"},"schema":{"@context":"https:\/\/schema.org","@graph":[{"@type":"WebPage","@id":"https:\/\/www.alpakahof-hahn.at\/shop\/produkt\/der-vielseitige-veganer-aufstrich\/","url":"https:\/\/www.alpakahof-hahn.at\/shop\/produkt\/der-vielseitige-veganer-aufstrich\/","name":"\"der Vielseitige\" - Veganer Aufstrich - Alpaka Online-Shop","isPartOf":{"@id":"https:\/\/www.alpakahof-hahn.at\/shop\/#website"},"primaryImageOfPage":{"@id":"https:\/\/www.alpakahof-hahn.at\/shop\/produkt\/der-vielseitige-veganer-aufstrich\/#primaryimage"},"image":{"@id":"https:\/\/www.alpakahof-hahn.at\/shop\/produkt\/der-vielseitige-veganer-aufstrich\/#primaryimage"},"thumbnailUrl":"https:\/\/i0.wp.com\/www.alpakahof-hahn.at\/shop\/wp-content\/uploads\/2022\/10\/der-Vielseitige-1.jpg?fit=800%2C600&ssl=1","datePublished":"2022-10-26T20:36:38+00:00","dateModified":"2023-09-13T04:37:32+00:00","breadcrumb":{"@id":"https:\/\/www.alpakahof-hahn.at\/shop\/produkt\/der-vielseitige-veganer-aufstrich\/#breadcrumb"},"inLanguage":"de","potentialAction":[{"@type":"ReadAction","target":["https:\/\/www.alpakahof-hahn.at\/shop\/produkt\/der-vielseitige-veganer-aufstrich\/"]}]},{"@type":"ImageObject","inLanguage":"de","@id":"https:\/\/www.alpakahof-hahn.at\/shop\/produkt\/der-vielseitige-veganer-aufstrich\/#primaryimage","url":"https:\/\/i0.wp.com\/www.alpakahof-hahn.at\/shop\/wp-content\/uploads\/2022\/10\/der-Vielseitige-1.jpg?fit=800%2C600&ssl=1","contentUrl":"https:\/\/i0.wp.com\/www.alpakahof-hahn.at\/shop\/wp-content\/uploads\/2022\/10\/der-Vielseitige-1.jpg?fit=800%2C600&ssl=1","width":800,"height":600},{"@type":"BreadcrumbList","@id":"https:\/\/www.alpakahof-hahn.at\/shop\/produkt\/der-vielseitige-veganer-aufstrich\/#breadcrumb","itemListElement":[{"@type":"ListItem","position":1,"name":"Shop","item":"https:\/\/www.alpakahof-hahn.at\/shop\/"},{"@type":"ListItem","position":2,"name":"Shop","item":"https:\/\/www.alpakahof-hahn.at\/shop\/shop\/"},{"@type":"ListItem","position":3,"name":"&#8222;der Vielseitige&#8220; &#8211; Veganer Aufstrich"}]},{"@type":"WebSite","@id":"https:\/\/www.alpakahof-hahn.at\/shop\/#website","url":"https:\/\/www.alpakahof-hahn.at\/shop\/","name":"Alpaka Online-Shop","description":"Der Hofladen der Familie Hahn","potentialAction":[{"@type":"SearchAction","target":{"@type":"EntryPoint","urlTemplate":"https:\/\/www.alpakahof-hahn.at\/shop\/?s={search_term_string}"},"query-input":{"@type":"PropertyValueSpecification","valueRequired":true,"valueName":"search_term_string"}}],"inLanguage":"de"}]}},"jetpack_publicize_connections":[],"jetpack_sharing_enabled":true,"jetpack-related-posts":[{"id":47134,"url":"https:\/\/www.alpakahof-hahn.at\/shop\/produkt\/der-feurige-veganer-aufstrich\/","url_meta":{"origin":47138,"position":0},"title":"&#8220;der Feurige&#8221; &#8211; Veganer Aufstrich","author":"Manuel Hahn","date":"26. Oktober 2022","format":false,"excerpt":"Ein veganer Aufstrich, hier in einer scharfen Variante. 145g Tipp: Ein H\u00fchnerfilet in der Mitte aufschneiden und etwas von dem Aufstrich darauf verteilen, noch ein paar Blatt B\u00e4rlauch oder Blattspinat darauf und mit Zahnstocher verschliessen, zuletzt panieren. Fertig ist eine etwas andere, raffinierte F\u00fclle. Hergestellt von Monika Hartl aus P\u00f6bring\u2026","rel":"","context":"\u00c4hnlicher Beitrag","block_context":{"text":"\u00c4hnlicher Beitrag","link":""},"img":{"alt_text":"","src":"https:\/\/i0.wp.com\/www.alpakahof-hahn.at\/shop\/wp-content\/uploads\/2022\/10\/der-Feurige-1.jpg?fit=800%2C600&ssl=1&resize=350%2C200","width":350,"height":200,"srcset":"https:\/\/i0.wp.com\/www.alpakahof-hahn.at\/shop\/wp-content\/uploads\/2022\/10\/der-Feurige-1.jpg?fit=800%2C600&ssl=1&resize=350%2C200 1x, https:\/\/i0.wp.com\/www.alpakahof-hahn.at\/shop\/wp-content\/uploads\/2022\/10\/der-Feurige-1.jpg?fit=800%2C600&ssl=1&resize=525%2C300 1.5x, https:\/\/i0.wp.com\/www.alpakahof-hahn.at\/shop\/wp-content\/uploads\/2022\/10\/der-Feurige-1.jpg?fit=800%2C600&ssl=1&resize=700%2C400 2x"},"classes":[]},{"id":47142,"url":"https:\/\/www.alpakahof-hahn.at\/shop\/produkt\/der-heimische-veganer-aufstrich\/","url_meta":{"origin":47138,"position":1},"title":"&#8220;der Heimische&#8221; &#8211; Veganer Aufstrich","author":"Manuel Hahn","date":"26. Oktober 2022","format":false,"excerpt":"Ein veganer Aufstrich. 145g Tipp: Schon mal ein Sugo aus Roten R\u00fcben versucht? Einfach den Inhalt des Glases erhitzen, etwas sauren Rahm dazu und \u00fcber Spaghetti geben (und owohl ich K\u00e4se liebe \u2013 Parmesan passt da nicht dazu). Diese Variante mag ich lieber als Sugo aus Paradeisern. Hergestellt von Monika\u2026","rel":"","context":"\u00c4hnlicher Beitrag","block_context":{"text":"\u00c4hnlicher Beitrag","link":""},"img":{"alt_text":"","src":"https:\/\/i0.wp.com\/www.alpakahof-hahn.at\/shop\/wp-content\/uploads\/2022\/10\/der-Heimische-1.jpg?fit=800%2C600&ssl=1&resize=350%2C200","width":350,"height":200,"srcset":"https:\/\/i0.wp.com\/www.alpakahof-hahn.at\/shop\/wp-content\/uploads\/2022\/10\/der-Heimische-1.jpg?fit=800%2C600&ssl=1&resize=350%2C200 1x, https:\/\/i0.wp.com\/www.alpakahof-hahn.at\/shop\/wp-content\/uploads\/2022\/10\/der-Heimische-1.jpg?fit=800%2C600&ssl=1&resize=525%2C300 1.5x, https:\/\/i0.wp.com\/www.alpakahof-hahn.at\/shop\/wp-content\/uploads\/2022\/10\/der-Heimische-1.jpg?fit=800%2C600&ssl=1&resize=700%2C400 2x"},"classes":[]},{"id":47128,"url":"https:\/\/www.alpakahof-hahn.at\/shop\/produkt\/der-feine-veganer-aufstrich\/","url_meta":{"origin":47138,"position":2},"title":"&#8220;der Feine&#8221; &#8211; Veganer Aufstrich","author":"Manuel Hahn","date":"26. Oktober 2022","format":false,"excerpt":"Ein veganer Aufstrich mit leichter Kokosnote. 145g Tipp: Nat\u00fcrlich schmeckt er auf Brot und Geb\u00e4ck, aber auch mal als So\u00dfenbasis. Daf\u00fcr einfach mit Sahne, Sahneersatz oder Wasser auf die gew\u00fcnschte Konsistenz verd\u00fcnnen, nach Bedarf etwas nachw\u00fcrzen und zu Gem\u00fcse, Fleisch, oder Tofu reichen, dazu Nudeln oder Reis und fertig ist\u2026","rel":"","context":"\u00c4hnlicher Beitrag","block_context":{"text":"\u00c4hnlicher Beitrag","link":""},"img":{"alt_text":"","src":"https:\/\/i0.wp.com\/www.alpakahof-hahn.at\/shop\/wp-content\/uploads\/2022\/10\/der-Feine-1.jpg?fit=800%2C600&ssl=1&resize=350%2C200","width":350,"height":200,"srcset":"https:\/\/i0.wp.com\/www.alpakahof-hahn.at\/shop\/wp-content\/uploads\/2022\/10\/der-Feine-1.jpg?fit=800%2C600&ssl=1&resize=350%2C200 1x, https:\/\/i0.wp.com\/www.alpakahof-hahn.at\/shop\/wp-content\/uploads\/2022\/10\/der-Feine-1.jpg?fit=800%2C600&ssl=1&resize=525%2C300 1.5x, https:\/\/i0.wp.com\/www.alpakahof-hahn.at\/shop\/wp-content\/uploads\/2022\/10\/der-Feine-1.jpg?fit=800%2C600&ssl=1&resize=700%2C400 2x"},"classes":[]},{"id":47131,"url":"https:\/\/www.alpakahof-hahn.at\/shop\/produkt\/der-herzhafte-veganer-aufstrich\/","url_meta":{"origin":47138,"position":3},"title":"&#8220;der Herzhafte&#8221; &#8211; Veganer Aufstrich","author":"Manuel Hahn","date":"26. Oktober 2022","format":false,"excerpt":"Ein veganer Aufstrich, asiatisch gepr\u00e4gt. 145g Tipp: Ein Hingucker mit der wundersch\u00f6nen Farbe. Nat\u00fcrlich schmeckt er auf Brot und Geb\u00e4ck, aber auch mal als So\u00dfenbasis. Daf\u00fcr einfach mit Sahne, Sahneersatz oder Wasser auf die gew\u00fcnschte Konsistenz verd\u00fcnnen, nach Bedarf etwas nachw\u00fcrzen und zu Gem\u00fcse, Fleisch, oder Tofu reichen, dazu Nudeln\u2026","rel":"","context":"\u00c4hnlicher Beitrag","block_context":{"text":"\u00c4hnlicher Beitrag","link":""},"img":{"alt_text":"","src":"https:\/\/i0.wp.com\/www.alpakahof-hahn.at\/shop\/wp-content\/uploads\/2022\/10\/der-Herzhafte-1.jpg?fit=800%2C600&ssl=1&resize=350%2C200","width":350,"height":200,"srcset":"https:\/\/i0.wp.com\/www.alpakahof-hahn.at\/shop\/wp-content\/uploads\/2022\/10\/der-Herzhafte-1.jpg?fit=800%2C600&ssl=1&resize=350%2C200 1x, https:\/\/i0.wp.com\/www.alpakahof-hahn.at\/shop\/wp-content\/uploads\/2022\/10\/der-Herzhafte-1.jpg?fit=800%2C600&ssl=1&resize=525%2C300 1.5x, https:\/\/i0.wp.com\/www.alpakahof-hahn.at\/shop\/wp-content\/uploads\/2022\/10\/der-Herzhafte-1.jpg?fit=800%2C600&ssl=1&resize=700%2C400 2x"},"classes":[]},{"id":47125,"url":"https:\/\/www.alpakahof-hahn.at\/shop\/produkt\/der-milde-veganer-aufstrich\/","url_meta":{"origin":47138,"position":4},"title":"&#8220;der Milde&#8221; &#8211; Veganer Aufstrich","author":"Manuel Hahn","date":"26. Oktober 2022","format":false,"excerpt":"Als Brotaufstrich. Oder: Sojagranulat oder H\u00fchnerfleisch anbraten, \"der Milde\" hinzuf\u00fcgen und mit etwas Wasser und\/oder Obers (veganem Obersersatz) aufgie\u00dfen, dazu Nudeln oder Reis. Hergestellt von Monika Hartl aus P\u00f6bring (https:\/\/monika-anna-maria.at\/geschmack\/)","rel":"","context":"\u00c4hnlicher Beitrag","block_context":{"text":"\u00c4hnlicher Beitrag","link":""},"img":{"alt_text":"","src":"https:\/\/i0.wp.com\/www.alpakahof-hahn.at\/shop\/wp-content\/uploads\/2022\/10\/der-Milde-1.jpg?fit=800%2C600&ssl=1&resize=350%2C200","width":350,"height":200,"srcset":"https:\/\/i0.wp.com\/www.alpakahof-hahn.at\/shop\/wp-content\/uploads\/2022\/10\/der-Milde-1.jpg?fit=800%2C600&ssl=1&resize=350%2C200 1x, https:\/\/i0.wp.com\/www.alpakahof-hahn.at\/shop\/wp-content\/uploads\/2022\/10\/der-Milde-1.jpg?fit=800%2C600&ssl=1&resize=525%2C300 1.5x, https:\/\/i0.wp.com\/www.alpakahof-hahn.at\/shop\/wp-content\/uploads\/2022\/10\/der-Milde-1.jpg?fit=800%2C600&ssl=1&resize=700%2C400 2x"},"classes":[]},{"id":47121,"url":"https:\/\/www.alpakahof-hahn.at\/shop\/produkt\/kriacherl-likoer\/","url_meta":{"origin":47138,"position":5},"title":"\u201cKriacherl\u201d Lik\u00f6r","author":"Manuel Hahn","date":"26. Oktober 2022","format":false,"excerpt":"Ein Fruchtlik\u00f6r, diesmal die helle Variante. Ebenfalls gut als Kr\u00f6nung am Eisbecher oder leicht erw\u00e4rmt mit einem Schlagobersh\u00e4ubchen. 350ml Alkohol 15,1% vol Vor dem \u00d6ffnen und Genie\u00dfen bitte sch\u00fctteln. Hergestellt von Monika Hartl aus P\u00f6bring (https:\/\/monika-anna-maria.at\/geschmack\/)","rel":"","context":"\u00c4hnlicher Beitrag","block_context":{"text":"\u00c4hnlicher Beitrag","link":""},"img":{"alt_text":"","src":"https:\/\/i0.wp.com\/www.alpakahof-hahn.at\/shop\/wp-content\/uploads\/2022\/10\/Kriacherl-1-1.jpg?fit=800%2C600&ssl=1&resize=350%2C200","width":350,"height":200,"srcset":"https:\/\/i0.wp.com\/www.alpakahof-hahn.at\/shop\/wp-content\/uploads\/2022\/10\/Kriacherl-1-1.jpg?fit=800%2C600&ssl=1&resize=350%2C200 1x, https:\/\/i0.wp.com\/www.alpakahof-hahn.at\/shop\/wp-content\/uploads\/2022\/10\/Kriacherl-1-1.jpg?fit=800%2C600&ssl=1&resize=525%2C300 1.5x, https:\/\/i0.wp.com\/www.alpakahof-hahn.at\/shop\/wp-content\/uploads\/2022\/10\/Kriacherl-1-1.jpg?fit=800%2C600&ssl=1&resize=700%2C400 2x"},"classes":[]}],"_links":{"self":[{"href":"https:\/\/www.alpakahof-hahn.at\/shop\/wp-json\/wp\/v2\/product\/47138","targetHints":{"allow":["GET"]}}],"collection":[{"href":"https:\/\/www.alpakahof-hahn.at\/shop\/wp-json\/wp\/v2\/product"}],"about":[{"href":"https:\/\/www.alpakahof-hahn.at\/shop\/wp-json\/wp\/v2\/types\/product"}],"wp:featuredmedia":[{"embeddable":true,"href":"https:\/\/www.alpakahof-hahn.at\/shop\/wp-json\/wp\/v2\/media\/47140"}],"wp:attachment":[{"href":"https:\/\/www.alpakahof-hahn.at\/shop\/wp-json\/wp\/v2\/media?parent=47138"}],"wp:term":[{"taxonomy":"brand","embeddable":true,"href":"https:\/\/www.alpakahof-hahn.at\/shop\/wp-json\/wp\/v2\/etheme_brands?post=47138"},{"taxonomy":"product_brand","embeddable":true,"href":"https:\/\/www.alpakahof-hahn.at\/shop\/wp-json\/wp\/v2\/product_brand?post=47138"},{"taxonomy":"product_cat","embeddable":true,"href":"https:\/\/www.alpakahof-hahn.at\/shop\/wp-json\/wp\/v2\/product_cat?post=47138"},{"taxonomy":"product_tag","embeddable":true,"href":"https:\/\/www.alpakahof-hahn.at\/shop\/wp-json\/wp\/v2\/product_tag?post=47138"}],"curies":[{"name":"wp","href":"https:\/\/api.w.org\/{rel}","templated":true}]}}