{"id":47121,"date":"2022-10-26T22:10:57","date_gmt":"2022-10-26T20:10:57","guid":{"rendered":"https:\/\/www.alpakahof-hahn.at\/shop\/?post_type=product&#038;p=47121"},"modified":"2023-09-26T14:30:24","modified_gmt":"2023-09-26T12:30:24","slug":"kriacherl-likoer","status":"publish","type":"product","link":"https:\/\/www.alpakahof-hahn.at\/shop\/produkt\/kriacherl-likoer\/","title":{"rendered":"\u201cKriacherl\u201d Lik\u00f6r"},"content":{"rendered":"<p>Tipp: Leicht s\u00e4uerlich und frisch schmeckt das Waldviertler Kriacherl, und damit auch dieser Lik\u00f6r. Ich habe ihn bewusst nicht gefiltert, da er mit der Frucht noch aromatischer ist. Auch \u00fcber Eis, oder Palatschinken ist er ein Genuss. Kriacherl ist ein vor allem in \u00d6sterreich verwendeter Sammelbegriff f\u00fcr verschiedene Unterarten der Pflaume (Prunus domestica). Das Kriacherl geh\u00f6rt, in Mitteleuropa, zu den \u00e4ltesten Kulturpflanzen. Durch den hohen Fruchts\u00e4uregehalt und einem nicht allzu hohem Zuckergehalt ist es von aromatischem, erfrischendem Geschmack. Das Waldviertler Kriacherl ist mittlerweile selten geworden.<\/p>\n","protected":false},"excerpt":{"rendered":"<p><em>Ein Fruchtlik\u00f6r, diesmal die helle Variante. Ebenfalls gut als Kr\u00f6nung am Eisbecher oder leicht erw\u00e4rmt mit einem Schlagobersh\u00e4ubchen.<\/em><\/p>\n<p>350ml<\/p>\n<p>Alkohol 15,1% vol<\/p>\n<p>Vor dem \u00d6ffnen und Genie\u00dfen bitte sch\u00fctteln.<\/p>\n<p>Hergestellt von Monika Hartl aus P\u00f6bring (<a href=\"https:\/\/monika-anna-maria.at\/geschmack\/\">https:\/\/monika-anna-maria.at\/geschmack\/<\/a>)<\/p>\n","protected":false},"featured_media":47122,"template":"","meta":{"jetpack_post_was_ever_published":false,"jetpack_publicize_message":"","jetpack_publicize_feature_enabled":true,"jetpack_social_post_already_shared":true,"jetpack_social_options":{"image_generator_settings":{"template":"highway","default_image_id":0,"font":"","enabled":false},"version":2}},"etheme_brands":[],"product_brand":[],"product_cat":[137],"product_tag":[],"class_list":{"0":"post-47121","1":"product","2":"type-product","3":"status-publish","4":"has-post-thumbnail","6":"product_cat-waldviertler-produkte","8":"first","9":"outofstock","10":"taxable","11":"shipping-taxable","12":"purchasable","13":"product-type-simple"},"supplier_id":null,"supplier_sku":"","barcode":null,"atum_controlled":true,"out_stock_date":"2023-09-26 12:30:24","out_stock_threshold":null,"inheritable":false,"inbound_stock":0,"stock_on_hold":0,"sold_today":0,"sales_last_days":0,"reserved_stock":0,"customer_returns":0,"warehouse_damage":0,"lost_in_post":0,"other_logs":0,"out_stock_days":936,"lost_sales":0,"has_location":false,"update_date":"2026-04-20T08:47:31","atum_locations":[],"atum_stock_status":"outofstock","restock_status":false,"low_stock_amount":"","sales_update_date":"2026-04-20T08:47:31","calc_backorders":null,"yoast_head":"<!-- This site is optimized with the Yoast SEO plugin v26.5 - https:\/\/yoast.com\/wordpress\/plugins\/seo\/ -->\n<title>\u201cKriacherl\u201d Lik\u00f6r - Alpaka Online-Shop<\/title>\n<meta name=\"robots\" content=\"index, follow, max-snippet:-1, max-image-preview:large, max-video-preview:-1\" \/>\n<link rel=\"canonical\" href=\"https:\/\/www.alpakahof-hahn.at\/shop\/produkt\/kriacherl-likoer\/\" \/>\n<meta name=\"twitter:card\" content=\"summary_large_image\" \/>\n<meta name=\"twitter:title\" content=\"\u201cKriacherl\u201d Lik\u00f6r - Alpaka Online-Shop\" \/>\n<meta name=\"twitter:description\" content=\"Ein Fruchtlik\u00f6r, diesmal die helle Variante. Ebenfalls gut als Kr\u00f6nung am Eisbecher oder leicht erw\u00e4rmt mit einem Schlagobersh\u00e4ubchen.  350ml  Alkohol 15,1% vol  Vor dem \u00d6ffnen und Genie\u00dfen bitte sch\u00fctteln.  Hergestellt von Monika Hartl aus P\u00f6bring (https:\/\/monika-anna-maria.at\/geschmack\/)\" \/>\n<meta name=\"twitter:image\" content=\"https:\/\/i0.wp.com\/www.alpakahof-hahn.at\/shop\/wp-content\/uploads\/2022\/10\/Kriacherl-1-1.jpg?fit=800%2C600&ssl=1\" \/>\n<meta name=\"twitter:label1\" content=\"Gesch\u00e4tzte Lesezeit\" \/>\n\t<meta name=\"twitter:data1\" content=\"1\u00a0Minute\" \/>\n<script type=\"application\/ld+json\" class=\"yoast-schema-graph\">{\"@context\":\"https:\/\/schema.org\",\"@graph\":[{\"@type\":\"WebPage\",\"@id\":\"https:\/\/www.alpakahof-hahn.at\/shop\/produkt\/kriacherl-likoer\/\",\"url\":\"https:\/\/www.alpakahof-hahn.at\/shop\/produkt\/kriacherl-likoer\/\",\"name\":\"\u201cKriacherl\u201d Lik\u00f6r - Alpaka Online-Shop\",\"isPartOf\":{\"@id\":\"https:\/\/www.alpakahof-hahn.at\/shop\/#website\"},\"primaryImageOfPage\":{\"@id\":\"https:\/\/www.alpakahof-hahn.at\/shop\/produkt\/kriacherl-likoer\/#primaryimage\"},\"image\":{\"@id\":\"https:\/\/www.alpakahof-hahn.at\/shop\/produkt\/kriacherl-likoer\/#primaryimage\"},\"thumbnailUrl\":\"https:\/\/i0.wp.com\/www.alpakahof-hahn.at\/shop\/wp-content\/uploads\/2022\/10\/Kriacherl-1-1.jpg?fit=800%2C600&ssl=1\",\"datePublished\":\"2022-10-26T20:10:57+00:00\",\"dateModified\":\"2023-09-26T12:30:24+00:00\",\"breadcrumb\":{\"@id\":\"https:\/\/www.alpakahof-hahn.at\/shop\/produkt\/kriacherl-likoer\/#breadcrumb\"},\"inLanguage\":\"de\",\"potentialAction\":[{\"@type\":\"ReadAction\",\"target\":[\"https:\/\/www.alpakahof-hahn.at\/shop\/produkt\/kriacherl-likoer\/\"]}]},{\"@type\":\"ImageObject\",\"inLanguage\":\"de\",\"@id\":\"https:\/\/www.alpakahof-hahn.at\/shop\/produkt\/kriacherl-likoer\/#primaryimage\",\"url\":\"https:\/\/i0.wp.com\/www.alpakahof-hahn.at\/shop\/wp-content\/uploads\/2022\/10\/Kriacherl-1-1.jpg?fit=800%2C600&ssl=1\",\"contentUrl\":\"https:\/\/i0.wp.com\/www.alpakahof-hahn.at\/shop\/wp-content\/uploads\/2022\/10\/Kriacherl-1-1.jpg?fit=800%2C600&ssl=1\",\"width\":800,\"height\":600},{\"@type\":\"BreadcrumbList\",\"@id\":\"https:\/\/www.alpakahof-hahn.at\/shop\/produkt\/kriacherl-likoer\/#breadcrumb\",\"itemListElement\":[{\"@type\":\"ListItem\",\"position\":1,\"name\":\"Shop\",\"item\":\"https:\/\/www.alpakahof-hahn.at\/shop\/\"},{\"@type\":\"ListItem\",\"position\":2,\"name\":\"Shop\",\"item\":\"https:\/\/www.alpakahof-hahn.at\/shop\/shop\/\"},{\"@type\":\"ListItem\",\"position\":3,\"name\":\"\u201cKriacherl\u201d Lik\u00f6r\"}]},{\"@type\":\"WebSite\",\"@id\":\"https:\/\/www.alpakahof-hahn.at\/shop\/#website\",\"url\":\"https:\/\/www.alpakahof-hahn.at\/shop\/\",\"name\":\"Alpaka Online-Shop\",\"description\":\"Der Hofladen der Familie Hahn\",\"potentialAction\":[{\"@type\":\"SearchAction\",\"target\":{\"@type\":\"EntryPoint\",\"urlTemplate\":\"https:\/\/www.alpakahof-hahn.at\/shop\/?s={search_term_string}\"},\"query-input\":{\"@type\":\"PropertyValueSpecification\",\"valueRequired\":true,\"valueName\":\"search_term_string\"}}],\"inLanguage\":\"de\"}]}<\/script>\n<!-- \/ Yoast SEO plugin. -->","yoast_head_json":{"title":"\u201cKriacherl\u201d Lik\u00f6r - Alpaka Online-Shop","robots":{"index":"index","follow":"follow","max-snippet":"max-snippet:-1","max-image-preview":"max-image-preview:large","max-video-preview":"max-video-preview:-1"},"canonical":"https:\/\/www.alpakahof-hahn.at\/shop\/produkt\/kriacherl-likoer\/","twitter_card":"summary_large_image","twitter_title":"\u201cKriacherl\u201d Lik\u00f6r - Alpaka Online-Shop","twitter_description":"Ein Fruchtlik\u00f6r, diesmal die helle Variante. Ebenfalls gut als Kr\u00f6nung am Eisbecher oder leicht erw\u00e4rmt mit einem Schlagobersh\u00e4ubchen.  350ml  Alkohol 15,1% vol  Vor dem \u00d6ffnen und Genie\u00dfen bitte sch\u00fctteln.  Hergestellt von Monika Hartl aus P\u00f6bring (https:\/\/monika-anna-maria.at\/geschmack\/)","twitter_image":"https:\/\/i0.wp.com\/www.alpakahof-hahn.at\/shop\/wp-content\/uploads\/2022\/10\/Kriacherl-1-1.jpg?fit=800%2C600&ssl=1","twitter_misc":{"Gesch\u00e4tzte Lesezeit":"1\u00a0Minute"},"schema":{"@context":"https:\/\/schema.org","@graph":[{"@type":"WebPage","@id":"https:\/\/www.alpakahof-hahn.at\/shop\/produkt\/kriacherl-likoer\/","url":"https:\/\/www.alpakahof-hahn.at\/shop\/produkt\/kriacherl-likoer\/","name":"\u201cKriacherl\u201d Lik\u00f6r - Alpaka Online-Shop","isPartOf":{"@id":"https:\/\/www.alpakahof-hahn.at\/shop\/#website"},"primaryImageOfPage":{"@id":"https:\/\/www.alpakahof-hahn.at\/shop\/produkt\/kriacherl-likoer\/#primaryimage"},"image":{"@id":"https:\/\/www.alpakahof-hahn.at\/shop\/produkt\/kriacherl-likoer\/#primaryimage"},"thumbnailUrl":"https:\/\/i0.wp.com\/www.alpakahof-hahn.at\/shop\/wp-content\/uploads\/2022\/10\/Kriacherl-1-1.jpg?fit=800%2C600&ssl=1","datePublished":"2022-10-26T20:10:57+00:00","dateModified":"2023-09-26T12:30:24+00:00","breadcrumb":{"@id":"https:\/\/www.alpakahof-hahn.at\/shop\/produkt\/kriacherl-likoer\/#breadcrumb"},"inLanguage":"de","potentialAction":[{"@type":"ReadAction","target":["https:\/\/www.alpakahof-hahn.at\/shop\/produkt\/kriacherl-likoer\/"]}]},{"@type":"ImageObject","inLanguage":"de","@id":"https:\/\/www.alpakahof-hahn.at\/shop\/produkt\/kriacherl-likoer\/#primaryimage","url":"https:\/\/i0.wp.com\/www.alpakahof-hahn.at\/shop\/wp-content\/uploads\/2022\/10\/Kriacherl-1-1.jpg?fit=800%2C600&ssl=1","contentUrl":"https:\/\/i0.wp.com\/www.alpakahof-hahn.at\/shop\/wp-content\/uploads\/2022\/10\/Kriacherl-1-1.jpg?fit=800%2C600&ssl=1","width":800,"height":600},{"@type":"BreadcrumbList","@id":"https:\/\/www.alpakahof-hahn.at\/shop\/produkt\/kriacherl-likoer\/#breadcrumb","itemListElement":[{"@type":"ListItem","position":1,"name":"Shop","item":"https:\/\/www.alpakahof-hahn.at\/shop\/"},{"@type":"ListItem","position":2,"name":"Shop","item":"https:\/\/www.alpakahof-hahn.at\/shop\/shop\/"},{"@type":"ListItem","position":3,"name":"\u201cKriacherl\u201d Lik\u00f6r"}]},{"@type":"WebSite","@id":"https:\/\/www.alpakahof-hahn.at\/shop\/#website","url":"https:\/\/www.alpakahof-hahn.at\/shop\/","name":"Alpaka Online-Shop","description":"Der Hofladen der Familie Hahn","potentialAction":[{"@type":"SearchAction","target":{"@type":"EntryPoint","urlTemplate":"https:\/\/www.alpakahof-hahn.at\/shop\/?s={search_term_string}"},"query-input":{"@type":"PropertyValueSpecification","valueRequired":true,"valueName":"search_term_string"}}],"inLanguage":"de"}]}},"jetpack_publicize_connections":[],"jetpack_sharing_enabled":true,"jetpack-related-posts":[{"id":47117,"url":"https:\/\/www.alpakahof-hahn.at\/shop\/produkt\/holler\/","url_meta":{"origin":47121,"position":0},"title":"&#8220;Holler&#8221; Lik\u00f6r","author":"Manuel Hahn","date":"26. Oktober 2022","format":false,"excerpt":"F\u00fcr Liebhaber der dunklen Beeren. Dieser Lik\u00f6r kann auch gut als Kr\u00f6nung am Eisbecher dienen oder leicht erw\u00e4rmt mit einem Schlagobersh\u00e4ubchen serviert werden. 350ml Alkohol 15,4% vol Vor dem \u00d6ffnen und Genie\u00dfen bitte sch\u00fctteln. Hergestellt von Monika Hartl aus P\u00f6bring (https:\/\/monika-anna-maria.at\/geschmack\/)","rel":"","context":"\u00c4hnlicher Beitrag","block_context":{"text":"\u00c4hnlicher Beitrag","link":""},"img":{"alt_text":"","src":"https:\/\/i0.wp.com\/www.alpakahof-hahn.at\/shop\/wp-content\/uploads\/2022\/10\/Holler-1-1.jpg?fit=800%2C600&ssl=1&resize=350%2C200","width":350,"height":200,"srcset":"https:\/\/i0.wp.com\/www.alpakahof-hahn.at\/shop\/wp-content\/uploads\/2022\/10\/Holler-1-1.jpg?fit=800%2C600&ssl=1&resize=350%2C200 1x, https:\/\/i0.wp.com\/www.alpakahof-hahn.at\/shop\/wp-content\/uploads\/2022\/10\/Holler-1-1.jpg?fit=800%2C600&ssl=1&resize=525%2C300 1.5x, https:\/\/i0.wp.com\/www.alpakahof-hahn.at\/shop\/wp-content\/uploads\/2022\/10\/Holler-1-1.jpg?fit=800%2C600&ssl=1&resize=700%2C400 2x"},"classes":[]},{"id":47119,"url":"https:\/\/www.alpakahof-hahn.at\/shop\/produkt\/heidelbeer-likoer\/","url_meta":{"origin":47121,"position":1},"title":"Heidelbeer Lik\u00f6r","author":"Manuel Hahn","date":"26. Oktober 2022","format":false,"excerpt":"Ein Fruchtlik\u00f6r gut als Kr\u00f6nung am Eisbecher oder leicht erw\u00e4rmt mit einem Schlagobersh\u00e4ubchen. 350ml Alkohol 15,1% vol Vor dem \u00d6ffnen und Genie\u00dfen bitte sch\u00fctteln. Hergestellt von Monika Hartl aus P\u00f6bring (https:\/\/monika-anna-maria.at\/geschmack\/)","rel":"","context":"\u00c4hnlicher Beitrag","block_context":{"text":"\u00c4hnlicher Beitrag","link":""},"img":{"alt_text":"","src":"https:\/\/i0.wp.com\/www.alpakahof-hahn.at\/shop\/wp-content\/uploads\/2022\/10\/Heidelbeere-1-1.jpg?fit=800%2C600&ssl=1&resize=350%2C200","width":350,"height":200,"srcset":"https:\/\/i0.wp.com\/www.alpakahof-hahn.at\/shop\/wp-content\/uploads\/2022\/10\/Heidelbeere-1-1.jpg?fit=800%2C600&ssl=1&resize=350%2C200 1x, https:\/\/i0.wp.com\/www.alpakahof-hahn.at\/shop\/wp-content\/uploads\/2022\/10\/Heidelbeere-1-1.jpg?fit=800%2C600&ssl=1&resize=525%2C300 1.5x, https:\/\/i0.wp.com\/www.alpakahof-hahn.at\/shop\/wp-content\/uploads\/2022\/10\/Heidelbeere-1-1.jpg?fit=800%2C600&ssl=1&resize=700%2C400 2x"},"classes":[]},{"id":47115,"url":"https:\/\/www.alpakahof-hahn.at\/shop\/produkt\/digestif-likoer\/","url_meta":{"origin":47121,"position":2},"title":"\u201cDigestif\u201d Lik\u00f6r","author":"Manuel Hahn","date":"26. Oktober 2022","format":false,"excerpt":"Ein wunderbarer \"Magenfreund\", weder bitter noch scharf, bek\u00f6mmlich und rund im Abgang. 350ml Alkohol 30% vol Hergestellt von Monika Hartl aus P\u00f6bring (https:\/\/monika-anna-maria.at\/geschmack\/)","rel":"","context":"\u00c4hnlicher Beitrag","block_context":{"text":"\u00c4hnlicher Beitrag","link":""},"img":{"alt_text":"","src":"https:\/\/i0.wp.com\/www.alpakahof-hahn.at\/shop\/wp-content\/uploads\/2022\/10\/Digestif-1-1.jpg?fit=800%2C600&ssl=1&resize=350%2C200","width":350,"height":200,"srcset":"https:\/\/i0.wp.com\/www.alpakahof-hahn.at\/shop\/wp-content\/uploads\/2022\/10\/Digestif-1-1.jpg?fit=800%2C600&ssl=1&resize=350%2C200 1x, https:\/\/i0.wp.com\/www.alpakahof-hahn.at\/shop\/wp-content\/uploads\/2022\/10\/Digestif-1-1.jpg?fit=800%2C600&ssl=1&resize=525%2C300 1.5x, https:\/\/i0.wp.com\/www.alpakahof-hahn.at\/shop\/wp-content\/uploads\/2022\/10\/Digestif-1-1.jpg?fit=800%2C600&ssl=1&resize=700%2C400 2x"},"classes":[]},{"id":47113,"url":"https:\/\/www.alpakahof-hahn.at\/shop\/produkt\/aperitif-likoer\/","url_meta":{"origin":47121,"position":3},"title":"&#8220;Aperitif&#8221; Lik\u00f6r","author":"Manuel Hahn","date":"26. Oktober 2022","format":false,"excerpt":"Ein klassischer Vermouth, am ehesten mit einem Martini bianco vergleichbar. Kann gut pur oder mit Vodka gemischt und auf Eis getrunken werden. 350ml Alkohol 15,7% vol Hergestellt von Monika Hartl aus P\u00f6bring (https:\/\/monika-anna-maria.at\/geschmack\/) \u00a0 \u00a0","rel":"","context":"\u00c4hnlicher Beitrag","block_context":{"text":"\u00c4hnlicher Beitrag","link":""},"img":{"alt_text":"","src":"https:\/\/i0.wp.com\/www.alpakahof-hahn.at\/shop\/wp-content\/uploads\/2022\/10\/Aperitif-1-1.jpg?fit=800%2C600&ssl=1&resize=350%2C200","width":350,"height":200,"srcset":"https:\/\/i0.wp.com\/www.alpakahof-hahn.at\/shop\/wp-content\/uploads\/2022\/10\/Aperitif-1-1.jpg?fit=800%2C600&ssl=1&resize=350%2C200 1x, https:\/\/i0.wp.com\/www.alpakahof-hahn.at\/shop\/wp-content\/uploads\/2022\/10\/Aperitif-1-1.jpg?fit=800%2C600&ssl=1&resize=525%2C300 1.5x, https:\/\/i0.wp.com\/www.alpakahof-hahn.at\/shop\/wp-content\/uploads\/2022\/10\/Aperitif-1-1.jpg?fit=800%2C600&ssl=1&resize=700%2C400 2x"},"classes":[]},{"id":47123,"url":"https:\/\/www.alpakahof-hahn.at\/shop\/produkt\/granatapfel-likoer\/","url_meta":{"origin":47121,"position":4},"title":"Granatapfel Lik\u00f6r","author":"Manuel Hahn","date":"26. Oktober 2022","format":false,"excerpt":"350ml Alkohol 15,1% vol Hergestellt von Monika Hartl aus P\u00f6bring (https:\/\/monika-anna-maria.at\/geschmack\/)","rel":"","context":"\u00c4hnlicher Beitrag","block_context":{"text":"\u00c4hnlicher Beitrag","link":""},"img":{"alt_text":"","src":"https:\/\/i0.wp.com\/www.alpakahof-hahn.at\/shop\/wp-content\/uploads\/2022\/10\/Granatapfel-1.jpg?fit=800%2C600&ssl=1&resize=350%2C200","width":350,"height":200,"srcset":"https:\/\/i0.wp.com\/www.alpakahof-hahn.at\/shop\/wp-content\/uploads\/2022\/10\/Granatapfel-1.jpg?fit=800%2C600&ssl=1&resize=350%2C200 1x, https:\/\/i0.wp.com\/www.alpakahof-hahn.at\/shop\/wp-content\/uploads\/2022\/10\/Granatapfel-1.jpg?fit=800%2C600&ssl=1&resize=525%2C300 1.5x, https:\/\/i0.wp.com\/www.alpakahof-hahn.at\/shop\/wp-content\/uploads\/2022\/10\/Granatapfel-1.jpg?fit=800%2C600&ssl=1&resize=700%2C400 2x"},"classes":[]},{"id":47128,"url":"https:\/\/www.alpakahof-hahn.at\/shop\/produkt\/der-feine-veganer-aufstrich\/","url_meta":{"origin":47121,"position":5},"title":"&#8220;der Feine&#8221; &#8211; Veganer Aufstrich","author":"Manuel Hahn","date":"26. Oktober 2022","format":false,"excerpt":"Ein veganer Aufstrich mit leichter Kokosnote. 145g Tipp: Nat\u00fcrlich schmeckt er auf Brot und Geb\u00e4ck, aber auch mal als So\u00dfenbasis. Daf\u00fcr einfach mit Sahne, Sahneersatz oder Wasser auf die gew\u00fcnschte Konsistenz verd\u00fcnnen, nach Bedarf etwas nachw\u00fcrzen und zu Gem\u00fcse, Fleisch, oder Tofu reichen, dazu Nudeln oder Reis und fertig ist\u2026","rel":"","context":"\u00c4hnlicher Beitrag","block_context":{"text":"\u00c4hnlicher Beitrag","link":""},"img":{"alt_text":"","src":"https:\/\/i0.wp.com\/www.alpakahof-hahn.at\/shop\/wp-content\/uploads\/2022\/10\/der-Feine-1.jpg?fit=800%2C600&ssl=1&resize=350%2C200","width":350,"height":200,"srcset":"https:\/\/i0.wp.com\/www.alpakahof-hahn.at\/shop\/wp-content\/uploads\/2022\/10\/der-Feine-1.jpg?fit=800%2C600&ssl=1&resize=350%2C200 1x, https:\/\/i0.wp.com\/www.alpakahof-hahn.at\/shop\/wp-content\/uploads\/2022\/10\/der-Feine-1.jpg?fit=800%2C600&ssl=1&resize=525%2C300 1.5x, https:\/\/i0.wp.com\/www.alpakahof-hahn.at\/shop\/wp-content\/uploads\/2022\/10\/der-Feine-1.jpg?fit=800%2C600&ssl=1&resize=700%2C400 2x"},"classes":[]}],"_links":{"self":[{"href":"https:\/\/www.alpakahof-hahn.at\/shop\/wp-json\/wp\/v2\/product\/47121","targetHints":{"allow":["GET"]}}],"collection":[{"href":"https:\/\/www.alpakahof-hahn.at\/shop\/wp-json\/wp\/v2\/product"}],"about":[{"href":"https:\/\/www.alpakahof-hahn.at\/shop\/wp-json\/wp\/v2\/types\/product"}],"wp:featuredmedia":[{"embeddable":true,"href":"https:\/\/www.alpakahof-hahn.at\/shop\/wp-json\/wp\/v2\/media\/47122"}],"wp:attachment":[{"href":"https:\/\/www.alpakahof-hahn.at\/shop\/wp-json\/wp\/v2\/media?parent=47121"}],"wp:term":[{"taxonomy":"brand","embeddable":true,"href":"https:\/\/www.alpakahof-hahn.at\/shop\/wp-json\/wp\/v2\/etheme_brands?post=47121"},{"taxonomy":"product_brand","embeddable":true,"href":"https:\/\/www.alpakahof-hahn.at\/shop\/wp-json\/wp\/v2\/product_brand?post=47121"},{"taxonomy":"product_cat","embeddable":true,"href":"https:\/\/www.alpakahof-hahn.at\/shop\/wp-json\/wp\/v2\/product_cat?post=47121"},{"taxonomy":"product_tag","embeddable":true,"href":"https:\/\/www.alpakahof-hahn.at\/shop\/wp-json\/wp\/v2\/product_tag?post=47121"}],"curies":[{"name":"wp","href":"https:\/\/api.w.org\/{rel}","templated":true}]}}