{"id":47093,"date":"2022-10-26T19:53:40","date_gmt":"2022-10-26T17:53:40","guid":{"rendered":"https:\/\/www.alpakahof-hahn.at\/shop\/?post_type=product&#038;p=47093"},"modified":"2024-11-28T14:35:48","modified_gmt":"2024-11-28T13:35:48","slug":"alpaka-beinstulpen-ripp","status":"publish","type":"product","link":"https:\/\/www.alpakahof-hahn.at\/shop\/produkt\/alpaka-beinstulpen-ripp\/","title":{"rendered":"Alpaka Beinstulpen RIPP"},"content":{"rendered":"","protected":false},"excerpt":{"rendered":"<p>Unsere Alpaka Beinstulpen in schwarz bestehen aus feinem Baby Alpaka Rippenstrick. Der perfekte Begleiter f\u00fcr kalte Herbst- und Wintertage.<\/p>\n<p>&#8211; Material: 100% Alpaka (Baby Alpaka)<br \/>\n&#8211; L\u00e4nge: 44 cm<br \/>\n&#8211; einfacher Rippen-Strick f\u00fcr h\u00f6chste Dehnbarkeit<br \/>\n&#8211; reine Natur-Faser<br \/>\n&#8211; gro\u00dfe Farb-Palette zur Auswahl<\/p>\n","protected":false},"featured_media":47094,"template":"","meta":{"jetpack_post_was_ever_published":false,"jetpack_publicize_message":"","jetpack_publicize_feature_enabled":true,"jetpack_social_post_already_shared":true,"jetpack_social_options":{"image_generator_settings":{"template":"highway","default_image_id":0,"font":"","enabled":false},"version":2}},"etheme_brands":[],"product_brand":[],"product_cat":[147],"product_tag":[],"class_list":{"0":"post-47093","1":"product","2":"type-product","3":"status-publish","4":"has-post-thumbnail","6":"product_cat-alpaka-beinstulpen","8":"first","9":"instock","10":"taxable","11":"shipping-taxable","12":"purchasable","13":"product-type-simple"},"supplier_id":null,"supplier_sku":"","barcode":null,"atum_controlled":true,"out_stock_date":null,"out_stock_threshold":null,"inheritable":false,"inbound_stock":0,"stock_on_hold":0,"sold_today":0,"sales_last_days":0,"reserved_stock":0,"customer_returns":0,"warehouse_damage":0,"lost_in_post":0,"other_logs":0,"out_stock_days":0,"lost_sales":0,"has_location":false,"update_date":"2026-04-14T08:26:47","atum_locations":[],"atum_stock_status":"instock","restock_status":false,"low_stock_amount":"","sales_update_date":"2026-04-14T08:26:47","calc_backorders":null,"yoast_head":"<!-- This site is optimized with the Yoast SEO plugin v26.5 - https:\/\/yoast.com\/wordpress\/plugins\/seo\/ -->\n<title>Alpaka Beinstulpen RIPP - Alpaka Online-Shop<\/title>\n<meta name=\"robots\" content=\"index, follow, max-snippet:-1, max-image-preview:large, max-video-preview:-1\" \/>\n<link rel=\"canonical\" href=\"https:\/\/www.alpakahof-hahn.at\/shop\/produkt\/alpaka-beinstulpen-ripp\/\" \/>\n<meta name=\"twitter:card\" content=\"summary_large_image\" \/>\n<meta name=\"twitter:title\" content=\"Alpaka Beinstulpen RIPP - Alpaka Online-Shop\" \/>\n<meta name=\"twitter:description\" content=\"Unsere Alpaka Beinstulpen in schwarz bestehen aus feinem Baby Alpaka Rippenstrick. Der perfekte Begleiter f\u00fcr kalte Herbst- und Wintertage.  - Material: 100% Alpaka (Baby Alpaka) - L\u00e4nge: 44 cm - einfacher Rippen-Strick f\u00fcr h\u00f6chste Dehnbarkeit - reine Natur-Faser - gro\u00dfe Farb-Palette zur Auswahl\" \/>\n<meta name=\"twitter:image\" content=\"https:\/\/i0.wp.com\/www.alpakahof-hahn.at\/shop\/wp-content\/uploads\/2022\/10\/alpaka-beinstulpen-schwarz-alpakahof-hahn.jpg?fit=475%2C720&ssl=1\" \/>\n<script type=\"application\/ld+json\" class=\"yoast-schema-graph\">{\"@context\":\"https:\/\/schema.org\",\"@graph\":[{\"@type\":\"WebPage\",\"@id\":\"https:\/\/www.alpakahof-hahn.at\/shop\/produkt\/alpaka-beinstulpen-ripp\/\",\"url\":\"https:\/\/www.alpakahof-hahn.at\/shop\/produkt\/alpaka-beinstulpen-ripp\/\",\"name\":\"Alpaka Beinstulpen RIPP - Alpaka Online-Shop\",\"isPartOf\":{\"@id\":\"https:\/\/www.alpakahof-hahn.at\/shop\/#website\"},\"primaryImageOfPage\":{\"@id\":\"https:\/\/www.alpakahof-hahn.at\/shop\/produkt\/alpaka-beinstulpen-ripp\/#primaryimage\"},\"image\":{\"@id\":\"https:\/\/www.alpakahof-hahn.at\/shop\/produkt\/alpaka-beinstulpen-ripp\/#primaryimage\"},\"thumbnailUrl\":\"https:\/\/i0.wp.com\/www.alpakahof-hahn.at\/shop\/wp-content\/uploads\/2022\/10\/alpaka-beinstulpen-schwarz-alpakahof-hahn.jpg?fit=475%2C720&ssl=1\",\"datePublished\":\"2022-10-26T17:53:40+00:00\",\"dateModified\":\"2024-11-28T13:35:48+00:00\",\"breadcrumb\":{\"@id\":\"https:\/\/www.alpakahof-hahn.at\/shop\/produkt\/alpaka-beinstulpen-ripp\/#breadcrumb\"},\"inLanguage\":\"de\",\"potentialAction\":[{\"@type\":\"ReadAction\",\"target\":[\"https:\/\/www.alpakahof-hahn.at\/shop\/produkt\/alpaka-beinstulpen-ripp\/\"]}]},{\"@type\":\"ImageObject\",\"inLanguage\":\"de\",\"@id\":\"https:\/\/www.alpakahof-hahn.at\/shop\/produkt\/alpaka-beinstulpen-ripp\/#primaryimage\",\"url\":\"https:\/\/i0.wp.com\/www.alpakahof-hahn.at\/shop\/wp-content\/uploads\/2022\/10\/alpaka-beinstulpen-schwarz-alpakahof-hahn.jpg?fit=475%2C720&ssl=1\",\"contentUrl\":\"https:\/\/i0.wp.com\/www.alpakahof-hahn.at\/shop\/wp-content\/uploads\/2022\/10\/alpaka-beinstulpen-schwarz-alpakahof-hahn.jpg?fit=475%2C720&ssl=1\",\"width\":475,\"height\":720},{\"@type\":\"BreadcrumbList\",\"@id\":\"https:\/\/www.alpakahof-hahn.at\/shop\/produkt\/alpaka-beinstulpen-ripp\/#breadcrumb\",\"itemListElement\":[{\"@type\":\"ListItem\",\"position\":1,\"name\":\"Shop\",\"item\":\"https:\/\/www.alpakahof-hahn.at\/shop\/\"},{\"@type\":\"ListItem\",\"position\":2,\"name\":\"Shop\",\"item\":\"https:\/\/www.alpakahof-hahn.at\/shop\/shop\/\"},{\"@type\":\"ListItem\",\"position\":3,\"name\":\"Alpaka Beinstulpen RIPP\"}]},{\"@type\":\"WebSite\",\"@id\":\"https:\/\/www.alpakahof-hahn.at\/shop\/#website\",\"url\":\"https:\/\/www.alpakahof-hahn.at\/shop\/\",\"name\":\"Alpaka Online-Shop\",\"description\":\"Der Hofladen der Familie Hahn\",\"potentialAction\":[{\"@type\":\"SearchAction\",\"target\":{\"@type\":\"EntryPoint\",\"urlTemplate\":\"https:\/\/www.alpakahof-hahn.at\/shop\/?s={search_term_string}\"},\"query-input\":{\"@type\":\"PropertyValueSpecification\",\"valueRequired\":true,\"valueName\":\"search_term_string\"}}],\"inLanguage\":\"de\"}]}<\/script>\n<!-- \/ Yoast SEO plugin. -->","yoast_head_json":{"title":"Alpaka Beinstulpen RIPP - Alpaka Online-Shop","robots":{"index":"index","follow":"follow","max-snippet":"max-snippet:-1","max-image-preview":"max-image-preview:large","max-video-preview":"max-video-preview:-1"},"canonical":"https:\/\/www.alpakahof-hahn.at\/shop\/produkt\/alpaka-beinstulpen-ripp\/","twitter_card":"summary_large_image","twitter_title":"Alpaka Beinstulpen RIPP - Alpaka Online-Shop","twitter_description":"Unsere Alpaka Beinstulpen in schwarz bestehen aus feinem Baby Alpaka Rippenstrick. Der perfekte Begleiter f\u00fcr kalte Herbst- und Wintertage.  - Material: 100% Alpaka (Baby Alpaka) - L\u00e4nge: 44 cm - einfacher Rippen-Strick f\u00fcr h\u00f6chste Dehnbarkeit - reine Natur-Faser - gro\u00dfe Farb-Palette zur Auswahl","twitter_image":"https:\/\/i0.wp.com\/www.alpakahof-hahn.at\/shop\/wp-content\/uploads\/2022\/10\/alpaka-beinstulpen-schwarz-alpakahof-hahn.jpg?fit=475%2C720&ssl=1","schema":{"@context":"https:\/\/schema.org","@graph":[{"@type":"WebPage","@id":"https:\/\/www.alpakahof-hahn.at\/shop\/produkt\/alpaka-beinstulpen-ripp\/","url":"https:\/\/www.alpakahof-hahn.at\/shop\/produkt\/alpaka-beinstulpen-ripp\/","name":"Alpaka Beinstulpen RIPP - Alpaka Online-Shop","isPartOf":{"@id":"https:\/\/www.alpakahof-hahn.at\/shop\/#website"},"primaryImageOfPage":{"@id":"https:\/\/www.alpakahof-hahn.at\/shop\/produkt\/alpaka-beinstulpen-ripp\/#primaryimage"},"image":{"@id":"https:\/\/www.alpakahof-hahn.at\/shop\/produkt\/alpaka-beinstulpen-ripp\/#primaryimage"},"thumbnailUrl":"https:\/\/i0.wp.com\/www.alpakahof-hahn.at\/shop\/wp-content\/uploads\/2022\/10\/alpaka-beinstulpen-schwarz-alpakahof-hahn.jpg?fit=475%2C720&ssl=1","datePublished":"2022-10-26T17:53:40+00:00","dateModified":"2024-11-28T13:35:48+00:00","breadcrumb":{"@id":"https:\/\/www.alpakahof-hahn.at\/shop\/produkt\/alpaka-beinstulpen-ripp\/#breadcrumb"},"inLanguage":"de","potentialAction":[{"@type":"ReadAction","target":["https:\/\/www.alpakahof-hahn.at\/shop\/produkt\/alpaka-beinstulpen-ripp\/"]}]},{"@type":"ImageObject","inLanguage":"de","@id":"https:\/\/www.alpakahof-hahn.at\/shop\/produkt\/alpaka-beinstulpen-ripp\/#primaryimage","url":"https:\/\/i0.wp.com\/www.alpakahof-hahn.at\/shop\/wp-content\/uploads\/2022\/10\/alpaka-beinstulpen-schwarz-alpakahof-hahn.jpg?fit=475%2C720&ssl=1","contentUrl":"https:\/\/i0.wp.com\/www.alpakahof-hahn.at\/shop\/wp-content\/uploads\/2022\/10\/alpaka-beinstulpen-schwarz-alpakahof-hahn.jpg?fit=475%2C720&ssl=1","width":475,"height":720},{"@type":"BreadcrumbList","@id":"https:\/\/www.alpakahof-hahn.at\/shop\/produkt\/alpaka-beinstulpen-ripp\/#breadcrumb","itemListElement":[{"@type":"ListItem","position":1,"name":"Shop","item":"https:\/\/www.alpakahof-hahn.at\/shop\/"},{"@type":"ListItem","position":2,"name":"Shop","item":"https:\/\/www.alpakahof-hahn.at\/shop\/shop\/"},{"@type":"ListItem","position":3,"name":"Alpaka Beinstulpen RIPP"}]},{"@type":"WebSite","@id":"https:\/\/www.alpakahof-hahn.at\/shop\/#website","url":"https:\/\/www.alpakahof-hahn.at\/shop\/","name":"Alpaka Online-Shop","description":"Der Hofladen der Familie Hahn","potentialAction":[{"@type":"SearchAction","target":{"@type":"EntryPoint","urlTemplate":"https:\/\/www.alpakahof-hahn.at\/shop\/?s={search_term_string}"},"query-input":{"@type":"PropertyValueSpecification","valueRequired":true,"valueName":"search_term_string"}}],"inLanguage":"de"}]}},"jetpack_publicize_connections":[],"jetpack_sharing_enabled":true,"jetpack-related-posts":[{"id":46310,"url":"https:\/\/www.alpakahof-hahn.at\/shop\/produkt\/baby-alpaka-kindersocken-klein-baby-blau\/","url_meta":{"origin":47093,"position":0},"title":"Baby Alpaka Kindersocken baby-blau","author":"Manuel Hahn","date":"30. November 2021","format":false,"excerpt":"Die zarten F\u00fc\u00dfchen unserer Kleinsten brauchen besonders viel Pflege. Das kann schon bei der Auswahl der Kleidung anfangen! Dank der feinen Beschaffenheit der Alpaka Kinder-Socken sind diese wohlig warm und flauschig weich - sogar weicher als Kaschmir!\u00a0Besonders geeignet sind diese S\u00f6ckchen auch f\u00fcr Neurodermitiker oder besonders sensible Haut, da die\u2026","rel":"","context":"\u00c4hnlicher Beitrag","block_context":{"text":"\u00c4hnlicher Beitrag","link":""},"img":{"alt_text":"","src":"https:\/\/i0.wp.com\/www.alpakahof-hahn.at\/shop\/wp-content\/uploads\/2021\/11\/alpaka-socken-kinder-gr-15-29-aus-70-baby-alpaka-25-baumwolle.jpg?fit=928%2C1200&ssl=1&resize=350%2C200","width":350,"height":200,"srcset":"https:\/\/i0.wp.com\/www.alpakahof-hahn.at\/shop\/wp-content\/uploads\/2021\/11\/alpaka-socken-kinder-gr-15-29-aus-70-baby-alpaka-25-baumwolle.jpg?fit=928%2C1200&ssl=1&resize=350%2C200 1x, https:\/\/i0.wp.com\/www.alpakahof-hahn.at\/shop\/wp-content\/uploads\/2021\/11\/alpaka-socken-kinder-gr-15-29-aus-70-baby-alpaka-25-baumwolle.jpg?fit=928%2C1200&ssl=1&resize=525%2C300 1.5x, https:\/\/i0.wp.com\/www.alpakahof-hahn.at\/shop\/wp-content\/uploads\/2021\/11\/alpaka-socken-kinder-gr-15-29-aus-70-baby-alpaka-25-baumwolle.jpg?fit=928%2C1200&ssl=1&resize=700%2C400 2x"},"classes":[]},{"id":46432,"url":"https:\/\/www.alpakahof-hahn.at\/shop\/produkt\/baby-kinder-alpaka-kindersocken-wollweiss\/","url_meta":{"origin":47093,"position":1},"title":"Baby &#038; Kinder Alpaka Kindersocken wollweiss","author":"Manuel Hahn","date":"5. Dezember 2021","format":false,"excerpt":"Die zarten F\u00fc\u00dfchen unserer Kleinsten brauchen besonders viel Pflege. Das kann schon bei der Auswahl der Kleidung anfangen! Dank der feinen Beschaffenheit der Alpaka Kinder-Socken sind diese wohlig warm und flauschig weich - sogar weicher als Kaschmir!\u00a0Besonders geeignet sind diese S\u00f6ckchen auch f\u00fcr Neurodermitiker oder besonders sensible Haut, da die\u2026","rel":"","context":"\u00c4hnlicher Beitrag","block_context":{"text":"\u00c4hnlicher Beitrag","link":""},"img":{"alt_text":"","src":"https:\/\/i0.wp.com\/www.alpakahof-hahn.at\/shop\/wp-content\/uploads\/2021\/12\/Alpaka-baby-kinder-socken-wollweiss-Alpakahof-Hahn-2.jpg?fit=527%2C800&ssl=1&resize=350%2C200","width":350,"height":200,"srcset":"https:\/\/i0.wp.com\/www.alpakahof-hahn.at\/shop\/wp-content\/uploads\/2021\/12\/Alpaka-baby-kinder-socken-wollweiss-Alpakahof-Hahn-2.jpg?fit=527%2C800&ssl=1&resize=350%2C200 1x, https:\/\/i0.wp.com\/www.alpakahof-hahn.at\/shop\/wp-content\/uploads\/2021\/12\/Alpaka-baby-kinder-socken-wollweiss-Alpakahof-Hahn-2.jpg?fit=527%2C800&ssl=1&resize=525%2C300 1.5x"},"classes":[]},{"id":4524,"url":"https:\/\/www.alpakahof-hahn.at\/shop\/produkt\/baby-alpaka-kindersocken-klein-grau\/","url_meta":{"origin":47093,"position":2},"title":"Baby Alpaka Kindersocken klein grau","author":"Manuel Hahn","date":"1. Mai 2017","format":false,"excerpt":"Die zarten F\u00fc\u00dfchen unserer Kleinsten brauchen besonders viel Pflege. Das kann schon bei der Auswahl der Kleidung anfangen! Dank der feinen Beschaffenheit der Alpaka Kinder-Socken sind diese wohlig warm und flauschig weich - sogar weicher als Kaschmir!\u00a0Besonders geeignet sind diese S\u00f6ckchen auch f\u00fcr Neurodermitiker oder besonders sensible Haut, da die\u2026","rel":"","context":"\u00c4hnlicher Beitrag","block_context":{"text":"\u00c4hnlicher Beitrag","link":""},"img":{"alt_text":"","src":"https:\/\/i0.wp.com\/www.alpakahof-hahn.at\/shop\/wp-content\/uploads\/2017\/05\/10046-silber-01a.jpg?fit=527%2C800&ssl=1&resize=350%2C200","width":350,"height":200,"srcset":"https:\/\/i0.wp.com\/www.alpakahof-hahn.at\/shop\/wp-content\/uploads\/2017\/05\/10046-silber-01a.jpg?fit=527%2C800&ssl=1&resize=350%2C200 1x, https:\/\/i0.wp.com\/www.alpakahof-hahn.at\/shop\/wp-content\/uploads\/2017\/05\/10046-silber-01a.jpg?fit=527%2C800&ssl=1&resize=525%2C300 1.5x"},"classes":[]},{"id":31066,"url":"https:\/\/www.alpakahof-hahn.at\/shop\/produkt\/baby-alpaka-webschal-kariert-rot\/","url_meta":{"origin":47093,"position":3},"title":"Baby-Alpaka Webschal kariert rot","author":"Manuel Hahn","date":"4. November 2020","format":false,"excerpt":"Nie mehr frieren - und dabei auch noch chic aussehen! Mit dem flauschig warmen Schal aus dem Fell des Baby Alpaka hat die K\u00e4lte keine Chance. Mit seinem eleganten Erscheinungsbild und der brillanten Farbe ist er ein Schal f\u00fcr jede Gelegenheit. \u2013 elegant, sportlich oder l\u00e4ssig zu kombinieren \u2013 zeitloses\u2026","rel":"","context":"\u00c4hnlicher Beitrag","block_context":{"text":"\u00c4hnlicher Beitrag","link":""},"img":{"alt_text":"","src":"https:\/\/i0.wp.com\/www.alpakahof-hahn.at\/shop\/wp-content\/uploads\/2020\/11\/Baby-Alpaka-Webschal-kariert-rot-alpakahof-hahn2.jpg?fit=675%2C1024&ssl=1&resize=350%2C200","width":350,"height":200,"srcset":"https:\/\/i0.wp.com\/www.alpakahof-hahn.at\/shop\/wp-content\/uploads\/2020\/11\/Baby-Alpaka-Webschal-kariert-rot-alpakahof-hahn2.jpg?fit=675%2C1024&ssl=1&resize=350%2C200 1x, https:\/\/i0.wp.com\/www.alpakahof-hahn.at\/shop\/wp-content\/uploads\/2020\/11\/Baby-Alpaka-Webschal-kariert-rot-alpakahof-hahn2.jpg?fit=675%2C1024&ssl=1&resize=525%2C300 1.5x"},"classes":[]},{"id":5410,"url":"https:\/\/www.alpakahof-hahn.at\/shop\/produkt\/baby-alpaka-webschal-kariert-grau\/","url_meta":{"origin":47093,"position":4},"title":"Baby-Alpaka Webschal kariert in grau","author":"Manuel Hahn","date":"12. November 2018","format":false,"excerpt":"Nie mehr frieren - und dabei auch noch chic aussehen! Mit dem flauschig warmen Schal aus dem Fell des Baby Alpaka hat die K\u00e4lte keine Chance. Mit seinem eleganten Erscheinungsbild und der brillanten Farbe ist er ein Schal f\u00fcr jede Gelegenheit. \u2013 elegant, sportlich oder l\u00e4ssig zu kombinieren \u2013 zeitloses\u2026","rel":"","context":"\u00c4hnlicher Beitrag","block_context":{"text":"\u00c4hnlicher Beitrag","link":""},"img":{"alt_text":"","src":"https:\/\/i0.wp.com\/www.alpakahof-hahn.at\/shop\/wp-content\/uploads\/2018\/11\/09280-baby-alpaka-schal-grau-karo.jpg?fit=676%2C1025&ssl=1&resize=350%2C200","width":350,"height":200,"srcset":"https:\/\/i0.wp.com\/www.alpakahof-hahn.at\/shop\/wp-content\/uploads\/2018\/11\/09280-baby-alpaka-schal-grau-karo.jpg?fit=676%2C1025&ssl=1&resize=350%2C200 1x, https:\/\/i0.wp.com\/www.alpakahof-hahn.at\/shop\/wp-content\/uploads\/2018\/11\/09280-baby-alpaka-schal-grau-karo.jpg?fit=676%2C1025&ssl=1&resize=525%2C300 1.5x"},"classes":[]},{"id":31060,"url":"https:\/\/www.alpakahof-hahn.at\/shop\/produkt\/alpaka-rippenstrick-muetze-grau\/","url_meta":{"origin":47093,"position":5},"title":"Alpaka Rippenstrick M\u00fctze grau","author":"Manuel Hahn","date":"4. November 2020","format":false,"excerpt":"Diese Alpaka Haube aus feiner Baby Alpaka Wolle mit dehnbarem Rippenstrick passt zu jedem Anlass. - Material: 100% Alpaka (Baby Alpaka) - tolle Passform durch Rippenstrick - reine Naturfaser - unisex: f\u00fcr Damen und Herren","rel":"","context":"\u00c4hnlicher Beitrag","block_context":{"text":"\u00c4hnlicher Beitrag","link":""},"img":{"alt_text":"","src":"https:\/\/i0.wp.com\/www.alpakahof-hahn.at\/shop\/wp-content\/uploads\/2020\/11\/alpaka-ripp-muetze-grau-alpakahof-hahn2.jpg?fit=600%2C600&ssl=1&resize=350%2C200","width":350,"height":200,"srcset":"https:\/\/i0.wp.com\/www.alpakahof-hahn.at\/shop\/wp-content\/uploads\/2020\/11\/alpaka-ripp-muetze-grau-alpakahof-hahn2.jpg?fit=600%2C600&ssl=1&resize=350%2C200 1x, https:\/\/i0.wp.com\/www.alpakahof-hahn.at\/shop\/wp-content\/uploads\/2020\/11\/alpaka-ripp-muetze-grau-alpakahof-hahn2.jpg?fit=600%2C600&ssl=1&resize=525%2C300 1.5x"},"classes":[]}],"_links":{"self":[{"href":"https:\/\/www.alpakahof-hahn.at\/shop\/wp-json\/wp\/v2\/product\/47093","targetHints":{"allow":["GET"]}}],"collection":[{"href":"https:\/\/www.alpakahof-hahn.at\/shop\/wp-json\/wp\/v2\/product"}],"about":[{"href":"https:\/\/www.alpakahof-hahn.at\/shop\/wp-json\/wp\/v2\/types\/product"}],"wp:featuredmedia":[{"embeddable":true,"href":"https:\/\/www.alpakahof-hahn.at\/shop\/wp-json\/wp\/v2\/media\/47094"}],"wp:attachment":[{"href":"https:\/\/www.alpakahof-hahn.at\/shop\/wp-json\/wp\/v2\/media?parent=47093"}],"wp:term":[{"taxonomy":"brand","embeddable":true,"href":"https:\/\/www.alpakahof-hahn.at\/shop\/wp-json\/wp\/v2\/etheme_brands?post=47093"},{"taxonomy":"product_brand","embeddable":true,"href":"https:\/\/www.alpakahof-hahn.at\/shop\/wp-json\/wp\/v2\/product_brand?post=47093"},{"taxonomy":"product_cat","embeddable":true,"href":"https:\/\/www.alpakahof-hahn.at\/shop\/wp-json\/wp\/v2\/product_cat?post=47093"},{"taxonomy":"product_tag","embeddable":true,"href":"https:\/\/www.alpakahof-hahn.at\/shop\/wp-json\/wp\/v2\/product_tag?post=47093"}],"curies":[{"name":"wp","href":"https:\/\/api.w.org\/{rel}","templated":true}]}}