{"id":46682,"date":"2021-12-15T12:07:14","date_gmt":"2021-12-15T11:07:14","guid":{"rendered":"https:\/\/www.alpakahof-hahn.at\/shop\/?post_type=product&#038;p=46682"},"modified":"2022-12-07T21:31:00","modified_gmt":"2022-12-07T20:31:00","slug":"alpaka-haube-blau","status":"publish","type":"product","link":"https:\/\/www.alpakahof-hahn.at\/shop\/produkt\/alpaka-haube-blau\/","title":{"rendered":"Alpaka-Haube SPORT blau"},"content":{"rendered":"","protected":false},"excerpt":{"rendered":"<p>Unsere sportliche Haube ist der perfekte Begleiter f\u00fcr den t\u00e4glichen Sport &#8211; winterdichtes Innenfutter, leichtes Gewicht und optimales Tragegef\u00fchl inklusive.<\/p>\n<p>&#8211; Material: 50% Alpaka (Baby Alpaka) 45% Wolle 5% Nylon<br \/>\n&#8211; Futter: 100% Baumwolle<br \/>\n&#8211; f\u00fcr Damen und Herren<br \/>\n&#8211; angenehm zum tragen<br \/>\n&#8211; w\u00e4rmt hervorragend<br \/>\n&#8211; das ideale Geschenk f\u00fcr kalte Wintertage<\/p>\n<p>Fair produziert von Apu Kuntur in Peru.<\/p>\n","protected":false},"featured_media":46687,"template":"","meta":{"jetpack_post_was_ever_published":false,"jetpack_publicize_message":"","jetpack_publicize_feature_enabled":true,"jetpack_social_post_already_shared":true,"jetpack_social_options":{"image_generator_settings":{"template":"highway","default_image_id":0,"font":"","enabled":false},"version":2}},"etheme_brands":[],"product_brand":[],"product_cat":[75],"product_tag":[],"class_list":{"0":"post-46682","1":"product","2":"type-product","3":"status-publish","4":"has-post-thumbnail","6":"product_cat-hauben","8":"first","9":"outofstock","10":"taxable","11":"shipping-taxable","12":"purchasable","13":"product-type-variable"},"supplier_id":null,"supplier_sku":"","barcode":null,"atum_controlled":true,"out_stock_date":"2022-12-07 20:31:00","out_stock_threshold":null,"inheritable":true,"inbound_stock":0,"stock_on_hold":0,"sold_today":0,"sales_last_days":0,"reserved_stock":0,"customer_returns":0,"warehouse_damage":0,"lost_in_post":0,"other_logs":0,"out_stock_days":1232,"lost_sales":0,"has_location":false,"update_date":"2026-04-23T09:11:16","atum_locations":[],"atum_stock_status":"outofstock","restock_status":false,"low_stock_amount":"","sales_update_date":"2026-04-23T09:11:16","calc_backorders":null,"yoast_head":"<!-- This site is optimized with the Yoast SEO plugin v26.5 - https:\/\/yoast.com\/wordpress\/plugins\/seo\/ -->\n<title>Alpaka-Haube SPORT blau - Alpaka Online-Shop<\/title>\n<meta name=\"robots\" content=\"index, follow, max-snippet:-1, max-image-preview:large, max-video-preview:-1\" \/>\n<link rel=\"canonical\" href=\"https:\/\/www.alpakahof-hahn.at\/shop\/produkt\/alpaka-haube-blau\/\" \/>\n<meta name=\"twitter:card\" content=\"summary_large_image\" \/>\n<meta name=\"twitter:title\" content=\"Alpaka-Haube SPORT blau - Alpaka Online-Shop\" \/>\n<meta name=\"twitter:description\" content=\"Unsere sportliche Haube ist der perfekte Begleiter f\u00fcr den t\u00e4glichen Sport - winterdichtes Innenfutter, leichtes Gewicht und optimales Tragegef\u00fchl inklusive.  - Material: 50% Alpaka (Baby Alpaka) 45% Wolle 5% Nylon - Futter: 100% Baumwolle - f\u00fcr Damen und Herren - angenehm zum tragen - w\u00e4rmt hervorragend - das ideale Geschenk f\u00fcr kalte Wintertage  Fair produziert von Apu Kuntur in Peru.\" \/>\n<meta name=\"twitter:image\" content=\"https:\/\/i0.wp.com\/www.alpakahof-hahn.at\/shop\/wp-content\/uploads\/2021\/12\/Alpaka-Haube-blau-Alpakahof-Hahn-2.jpg?fit=1080%2C1080&ssl=1\" \/>\n<script type=\"application\/ld+json\" class=\"yoast-schema-graph\">{\"@context\":\"https:\/\/schema.org\",\"@graph\":[{\"@type\":\"WebPage\",\"@id\":\"https:\/\/www.alpakahof-hahn.at\/shop\/produkt\/alpaka-haube-blau\/\",\"url\":\"https:\/\/www.alpakahof-hahn.at\/shop\/produkt\/alpaka-haube-blau\/\",\"name\":\"Alpaka-Haube SPORT blau - Alpaka Online-Shop\",\"isPartOf\":{\"@id\":\"https:\/\/www.alpakahof-hahn.at\/shop\/#website\"},\"primaryImageOfPage\":{\"@id\":\"https:\/\/www.alpakahof-hahn.at\/shop\/produkt\/alpaka-haube-blau\/#primaryimage\"},\"image\":{\"@id\":\"https:\/\/www.alpakahof-hahn.at\/shop\/produkt\/alpaka-haube-blau\/#primaryimage\"},\"thumbnailUrl\":\"https:\/\/i0.wp.com\/www.alpakahof-hahn.at\/shop\/wp-content\/uploads\/2021\/12\/Alpaka-Haube-blau-Alpakahof-Hahn-2.jpg?fit=1080%2C1080&ssl=1\",\"datePublished\":\"2021-12-15T11:07:14+00:00\",\"dateModified\":\"2022-12-07T20:31:00+00:00\",\"breadcrumb\":{\"@id\":\"https:\/\/www.alpakahof-hahn.at\/shop\/produkt\/alpaka-haube-blau\/#breadcrumb\"},\"inLanguage\":\"de\",\"potentialAction\":[{\"@type\":\"ReadAction\",\"target\":[\"https:\/\/www.alpakahof-hahn.at\/shop\/produkt\/alpaka-haube-blau\/\"]}]},{\"@type\":\"ImageObject\",\"inLanguage\":\"de\",\"@id\":\"https:\/\/www.alpakahof-hahn.at\/shop\/produkt\/alpaka-haube-blau\/#primaryimage\",\"url\":\"https:\/\/i0.wp.com\/www.alpakahof-hahn.at\/shop\/wp-content\/uploads\/2021\/12\/Alpaka-Haube-blau-Alpakahof-Hahn-2.jpg?fit=1080%2C1080&ssl=1\",\"contentUrl\":\"https:\/\/i0.wp.com\/www.alpakahof-hahn.at\/shop\/wp-content\/uploads\/2021\/12\/Alpaka-Haube-blau-Alpakahof-Hahn-2.jpg?fit=1080%2C1080&ssl=1\",\"width\":1080,\"height\":1080},{\"@type\":\"BreadcrumbList\",\"@id\":\"https:\/\/www.alpakahof-hahn.at\/shop\/produkt\/alpaka-haube-blau\/#breadcrumb\",\"itemListElement\":[{\"@type\":\"ListItem\",\"position\":1,\"name\":\"Shop\",\"item\":\"https:\/\/www.alpakahof-hahn.at\/shop\/\"},{\"@type\":\"ListItem\",\"position\":2,\"name\":\"Shop\",\"item\":\"https:\/\/www.alpakahof-hahn.at\/shop\/shop\/\"},{\"@type\":\"ListItem\",\"position\":3,\"name\":\"Alpaka-Haube SPORT blau\"}]},{\"@type\":\"WebSite\",\"@id\":\"https:\/\/www.alpakahof-hahn.at\/shop\/#website\",\"url\":\"https:\/\/www.alpakahof-hahn.at\/shop\/\",\"name\":\"Alpaka Online-Shop\",\"description\":\"Der Hofladen der Familie Hahn\",\"potentialAction\":[{\"@type\":\"SearchAction\",\"target\":{\"@type\":\"EntryPoint\",\"urlTemplate\":\"https:\/\/www.alpakahof-hahn.at\/shop\/?s={search_term_string}\"},\"query-input\":{\"@type\":\"PropertyValueSpecification\",\"valueRequired\":true,\"valueName\":\"search_term_string\"}}],\"inLanguage\":\"de\"}]}<\/script>\n<!-- \/ Yoast SEO plugin. -->","yoast_head_json":{"title":"Alpaka-Haube SPORT blau - Alpaka Online-Shop","robots":{"index":"index","follow":"follow","max-snippet":"max-snippet:-1","max-image-preview":"max-image-preview:large","max-video-preview":"max-video-preview:-1"},"canonical":"https:\/\/www.alpakahof-hahn.at\/shop\/produkt\/alpaka-haube-blau\/","twitter_card":"summary_large_image","twitter_title":"Alpaka-Haube SPORT blau - Alpaka Online-Shop","twitter_description":"Unsere sportliche Haube ist der perfekte Begleiter f\u00fcr den t\u00e4glichen Sport - winterdichtes Innenfutter, leichtes Gewicht und optimales Tragegef\u00fchl inklusive.  - Material: 50% Alpaka (Baby Alpaka) 45% Wolle 5% Nylon - Futter: 100% Baumwolle - f\u00fcr Damen und Herren - angenehm zum tragen - w\u00e4rmt hervorragend - das ideale Geschenk f\u00fcr kalte Wintertage  Fair produziert von Apu Kuntur in Peru.","twitter_image":"https:\/\/i0.wp.com\/www.alpakahof-hahn.at\/shop\/wp-content\/uploads\/2021\/12\/Alpaka-Haube-blau-Alpakahof-Hahn-2.jpg?fit=1080%2C1080&ssl=1","schema":{"@context":"https:\/\/schema.org","@graph":[{"@type":"WebPage","@id":"https:\/\/www.alpakahof-hahn.at\/shop\/produkt\/alpaka-haube-blau\/","url":"https:\/\/www.alpakahof-hahn.at\/shop\/produkt\/alpaka-haube-blau\/","name":"Alpaka-Haube SPORT blau - Alpaka Online-Shop","isPartOf":{"@id":"https:\/\/www.alpakahof-hahn.at\/shop\/#website"},"primaryImageOfPage":{"@id":"https:\/\/www.alpakahof-hahn.at\/shop\/produkt\/alpaka-haube-blau\/#primaryimage"},"image":{"@id":"https:\/\/www.alpakahof-hahn.at\/shop\/produkt\/alpaka-haube-blau\/#primaryimage"},"thumbnailUrl":"https:\/\/i0.wp.com\/www.alpakahof-hahn.at\/shop\/wp-content\/uploads\/2021\/12\/Alpaka-Haube-blau-Alpakahof-Hahn-2.jpg?fit=1080%2C1080&ssl=1","datePublished":"2021-12-15T11:07:14+00:00","dateModified":"2022-12-07T20:31:00+00:00","breadcrumb":{"@id":"https:\/\/www.alpakahof-hahn.at\/shop\/produkt\/alpaka-haube-blau\/#breadcrumb"},"inLanguage":"de","potentialAction":[{"@type":"ReadAction","target":["https:\/\/www.alpakahof-hahn.at\/shop\/produkt\/alpaka-haube-blau\/"]}]},{"@type":"ImageObject","inLanguage":"de","@id":"https:\/\/www.alpakahof-hahn.at\/shop\/produkt\/alpaka-haube-blau\/#primaryimage","url":"https:\/\/i0.wp.com\/www.alpakahof-hahn.at\/shop\/wp-content\/uploads\/2021\/12\/Alpaka-Haube-blau-Alpakahof-Hahn-2.jpg?fit=1080%2C1080&ssl=1","contentUrl":"https:\/\/i0.wp.com\/www.alpakahof-hahn.at\/shop\/wp-content\/uploads\/2021\/12\/Alpaka-Haube-blau-Alpakahof-Hahn-2.jpg?fit=1080%2C1080&ssl=1","width":1080,"height":1080},{"@type":"BreadcrumbList","@id":"https:\/\/www.alpakahof-hahn.at\/shop\/produkt\/alpaka-haube-blau\/#breadcrumb","itemListElement":[{"@type":"ListItem","position":1,"name":"Shop","item":"https:\/\/www.alpakahof-hahn.at\/shop\/"},{"@type":"ListItem","position":2,"name":"Shop","item":"https:\/\/www.alpakahof-hahn.at\/shop\/shop\/"},{"@type":"ListItem","position":3,"name":"Alpaka-Haube SPORT blau"}]},{"@type":"WebSite","@id":"https:\/\/www.alpakahof-hahn.at\/shop\/#website","url":"https:\/\/www.alpakahof-hahn.at\/shop\/","name":"Alpaka Online-Shop","description":"Der Hofladen der Familie Hahn","potentialAction":[{"@type":"SearchAction","target":{"@type":"EntryPoint","urlTemplate":"https:\/\/www.alpakahof-hahn.at\/shop\/?s={search_term_string}"},"query-input":{"@type":"PropertyValueSpecification","valueRequired":true,"valueName":"search_term_string"}}],"inLanguage":"de"}]}},"jetpack_publicize_connections":[],"jetpack_sharing_enabled":true,"jetpack-related-posts":[{"id":46137,"url":"https:\/\/www.alpakahof-hahn.at\/shop\/produkt\/alpaka-haube-fuchsie\/","url_meta":{"origin":46682,"position":0},"title":"Alpaka-Haube fuchsie","author":"Manuel Hahn","date":"24. November 2021","format":false,"excerpt":"Unsere sportliche Haube ist der perfekte Begleiter f\u00fcr den t\u00e4glichen Sport - winterdichtes Innenfutter, leichtes Gewicht und optimales Tragegef\u00fchl inklusive. - Material: 50% Alpaka (Baby Alpaka) 45% Wolle 5% Nylon - Futter: 100% Baumwolle - f\u00fcr Damen und Herren - angenehm zum tragen - w\u00e4rmt hervorragend - das ideale Geschenk\u2026","rel":"","context":"\u00c4hnlicher Beitrag","block_context":{"text":"\u00c4hnlicher Beitrag","link":""},"img":{"alt_text":"","src":"https:\/\/i0.wp.com\/www.alpakahof-hahn.at\/shop\/wp-content\/uploads\/2021\/11\/Alpaka-Haube-fuchsie-Alpakahof-Hahn-2.jpg?fit=1080%2C1080&ssl=1&resize=350%2C200","width":350,"height":200,"srcset":"https:\/\/i0.wp.com\/www.alpakahof-hahn.at\/shop\/wp-content\/uploads\/2021\/11\/Alpaka-Haube-fuchsie-Alpakahof-Hahn-2.jpg?fit=1080%2C1080&ssl=1&resize=350%2C200 1x, https:\/\/i0.wp.com\/www.alpakahof-hahn.at\/shop\/wp-content\/uploads\/2021\/11\/Alpaka-Haube-fuchsie-Alpakahof-Hahn-2.jpg?fit=1080%2C1080&ssl=1&resize=525%2C300 1.5x, https:\/\/i0.wp.com\/www.alpakahof-hahn.at\/shop\/wp-content\/uploads\/2021\/11\/Alpaka-Haube-fuchsie-Alpakahof-Hahn-2.jpg?fit=1080%2C1080&ssl=1&resize=700%2C400 2x, https:\/\/i0.wp.com\/www.alpakahof-hahn.at\/shop\/wp-content\/uploads\/2021\/11\/Alpaka-Haube-fuchsie-Alpakahof-Hahn-2.jpg?fit=1080%2C1080&ssl=1&resize=1050%2C600 3x"},"classes":[]},{"id":47105,"url":"https:\/\/www.alpakahof-hahn.at\/shop\/produkt\/alpaka-haube-jagd-grau\/","url_meta":{"origin":46682,"position":1},"title":"Alpaka-Haube JAGD grau","author":"Manuel Hahn","date":"26. Oktober 2022","format":false,"excerpt":"Diese tolle und zeitlose M\u00fctze ist ideal f\u00fcr den Herren, denn Sie ist modisch, dezent, warm und trotzdem chic. Ein Allrounder der Sie im Alltag begleitet - bei Wind und Wetter kann man sich auf diese M\u00fctze verlassen. Durch das gewalkte Alpaka-Vlies ist diese Haube robust und w\u00e4rmend zugleich. -\u2026","rel":"","context":"\u00c4hnlicher Beitrag","block_context":{"text":"\u00c4hnlicher Beitrag","link":""},"img":{"alt_text":"","src":"https:\/\/i0.wp.com\/www.alpakahof-hahn.at\/shop\/wp-content\/uploads\/2022\/10\/alpaka-muetze-filz-grau-1-alpakahof-hahn.jpg?fit=475%2C720&ssl=1&resize=350%2C200","width":350,"height":200},"classes":[]},{"id":48135,"url":"https:\/\/www.alpakahof-hahn.at\/shop\/produkt\/alpaka-wendemuetze-petrol-meliert\/","url_meta":{"origin":46682,"position":2},"title":"Alpaka-Wendem\u00fctze petrol-tuerkis meliert","author":"Manuel Hahn","date":"28. April 2024","format":false,"excerpt":"Der Name is Programm! Dieses h\u00fcbsche St\u00fcck ist wendbar und somit beidseitig tragbar. Somit passt diese Haube zu jedem Outfit: Ob schlicht, elegant oder sportlich, ob bunt oder zur\u00fcckhaltend. Ob als Haube, als Skim\u00fctze, als Sportm\u00fctze oder zum City-Outfit - diese M\u00fctze ist vielseitig einsetzbar und spendet wohlige W\u00e4rme! \u00a0\u2026","rel":"","context":"\u00c4hnlicher Beitrag","block_context":{"text":"\u00c4hnlicher Beitrag","link":""},"img":{"alt_text":"","src":"https:\/\/i0.wp.com\/www.alpakahof-hahn.at\/shop\/wp-content\/uploads\/2024\/04\/alpaka-wendemtze-aus-100-baby-alpaka.webp?fit=928%2C1200&ssl=1&resize=350%2C200","width":350,"height":200,"srcset":"https:\/\/i0.wp.com\/www.alpakahof-hahn.at\/shop\/wp-content\/uploads\/2024\/04\/alpaka-wendemtze-aus-100-baby-alpaka.webp?fit=928%2C1200&ssl=1&resize=350%2C200 1x, https:\/\/i0.wp.com\/www.alpakahof-hahn.at\/shop\/wp-content\/uploads\/2024\/04\/alpaka-wendemtze-aus-100-baby-alpaka.webp?fit=928%2C1200&ssl=1&resize=525%2C300 1.5x, https:\/\/i0.wp.com\/www.alpakahof-hahn.at\/shop\/wp-content\/uploads\/2024\/04\/alpaka-wendemtze-aus-100-baby-alpaka.webp?fit=928%2C1200&ssl=1&resize=700%2C400 2x"},"classes":[]},{"id":4604,"url":"https:\/\/www.alpakahof-hahn.at\/shop\/produkt\/alpaka-wendemuetze-jeansblau-grau\/","url_meta":{"origin":46682,"position":3},"title":"Alpaka-Wendem\u00fctze jeansblau-grau","author":"Manuel Hahn","date":"1. Mai 2017","format":false,"excerpt":"Der Name is Programm! Dieses h\u00fcbsche St\u00fcck ist wendbar und somit beidseitig tragbar. Somit passt diese Haube zu jedem Outfit: Ob schlicht, elegant oder sportlich, ob bunt oder zur\u00fcckhaltend. Ob als Haube, als Skim\u00fctze, als Sportm\u00fctze oder zum City-Outfit - diese M\u00fctze ist vielseitig einsetzbar und spendet wohlige W\u00e4rme! \u00a0\u2026","rel":"","context":"\u00c4hnlicher Beitrag","block_context":{"text":"\u00c4hnlicher Beitrag","link":""},"img":{"alt_text":"","src":"https:\/\/i0.wp.com\/www.alpakahof-hahn.at\/shop\/wp-content\/uploads\/2017\/05\/07057-jeansblau-grau-neu-06.jpg?fit=800%2C800&ssl=1&resize=350%2C200","width":350,"height":200,"srcset":"https:\/\/i0.wp.com\/www.alpakahof-hahn.at\/shop\/wp-content\/uploads\/2017\/05\/07057-jeansblau-grau-neu-06.jpg?fit=800%2C800&ssl=1&resize=350%2C200 1x, https:\/\/i0.wp.com\/www.alpakahof-hahn.at\/shop\/wp-content\/uploads\/2017\/05\/07057-jeansblau-grau-neu-06.jpg?fit=800%2C800&ssl=1&resize=525%2C300 1.5x, https:\/\/i0.wp.com\/www.alpakahof-hahn.at\/shop\/wp-content\/uploads\/2017\/05\/07057-jeansblau-grau-neu-06.jpg?fit=800%2C800&ssl=1&resize=700%2C400 2x"},"classes":[]},{"id":48141,"url":"https:\/\/www.alpakahof-hahn.at\/shop\/produkt\/alpaka-wendemuetze-tannengruen-schwarz-meliert\/","url_meta":{"origin":46682,"position":4},"title":"Alpaka-Wendem\u00fctze tannengr\u00fcn meliert","author":"Manuel Hahn","date":"28. April 2024","format":false,"excerpt":"Der Name is Programm! Dieses h\u00fcbsche St\u00fcck ist wendbar und somit beidseitig tragbar. Somit passt diese Haube zu jedem Outfit: Ob schlicht, elegant oder sportlich, ob bunt oder zur\u00fcckhaltend. Ob als Haube, als Skim\u00fctze, als Sportm\u00fctze oder zum City-Outfit - diese M\u00fctze ist vielseitig einsetzbar und spendet wohlige W\u00e4rme! \u00a0\u2026","rel":"","context":"\u00c4hnlicher Beitrag","block_context":{"text":"\u00c4hnlicher Beitrag","link":""},"img":{"alt_text":"","src":"https:\/\/i0.wp.com\/www.alpakahof-hahn.at\/shop\/wp-content\/uploads\/2024\/04\/alpaka-wendemtze-aus-100-baby-alpaka-2.webp?fit=928%2C1200&ssl=1&resize=350%2C200","width":350,"height":200,"srcset":"https:\/\/i0.wp.com\/www.alpakahof-hahn.at\/shop\/wp-content\/uploads\/2024\/04\/alpaka-wendemtze-aus-100-baby-alpaka-2.webp?fit=928%2C1200&ssl=1&resize=350%2C200 1x, https:\/\/i0.wp.com\/www.alpakahof-hahn.at\/shop\/wp-content\/uploads\/2024\/04\/alpaka-wendemtze-aus-100-baby-alpaka-2.webp?fit=928%2C1200&ssl=1&resize=525%2C300 1.5x, https:\/\/i0.wp.com\/www.alpakahof-hahn.at\/shop\/wp-content\/uploads\/2024\/04\/alpaka-wendemtze-aus-100-baby-alpaka-2.webp?fit=928%2C1200&ssl=1&resize=700%2C400 2x"},"classes":[]},{"id":4600,"url":"https:\/\/www.alpakahof-hahn.at\/shop\/produkt\/alpaka-wendemuetze-rot-grau\/","url_meta":{"origin":46682,"position":5},"title":"Alpaka-Wendem\u00fctze rot-grau","author":"Manuel Hahn","date":"1. Mai 2017","format":false,"excerpt":"Der Name is Programm! Dieses h\u00fcbsche St\u00fcck ist wendbar und somit beidseitig tragbar. Somit passt diese Haube zu jedem Outfit: Ob schlicht, elegant oder sportlich, ob bunt oder zur\u00fcckhaltend. Ob als Haube, als Skim\u00fctze, als Sportm\u00fctze oder zum City-Outfit - diese M\u00fctze ist vielseitig einsetzbar und spendet wohlige W\u00e4rme! \u00a0\u2026","rel":"","context":"\u00c4hnlicher Beitrag","block_context":{"text":"\u00c4hnlicher Beitrag","link":""},"img":{"alt_text":"","src":"https:\/\/i0.wp.com\/www.alpakahof-hahn.at\/shop\/wp-content\/uploads\/2017\/05\/07057-rot-01a.jpg?fit=791%2C791&ssl=1&resize=350%2C200","width":350,"height":200,"srcset":"https:\/\/i0.wp.com\/www.alpakahof-hahn.at\/shop\/wp-content\/uploads\/2017\/05\/07057-rot-01a.jpg?fit=791%2C791&ssl=1&resize=350%2C200 1x, https:\/\/i0.wp.com\/www.alpakahof-hahn.at\/shop\/wp-content\/uploads\/2017\/05\/07057-rot-01a.jpg?fit=791%2C791&ssl=1&resize=525%2C300 1.5x, https:\/\/i0.wp.com\/www.alpakahof-hahn.at\/shop\/wp-content\/uploads\/2017\/05\/07057-rot-01a.jpg?fit=791%2C791&ssl=1&resize=700%2C400 2x"},"classes":[]}],"_links":{"self":[{"href":"https:\/\/www.alpakahof-hahn.at\/shop\/wp-json\/wp\/v2\/product\/46682","targetHints":{"allow":["GET"]}}],"collection":[{"href":"https:\/\/www.alpakahof-hahn.at\/shop\/wp-json\/wp\/v2\/product"}],"about":[{"href":"https:\/\/www.alpakahof-hahn.at\/shop\/wp-json\/wp\/v2\/types\/product"}],"wp:featuredmedia":[{"embeddable":true,"href":"https:\/\/www.alpakahof-hahn.at\/shop\/wp-json\/wp\/v2\/media\/46687"}],"wp:attachment":[{"href":"https:\/\/www.alpakahof-hahn.at\/shop\/wp-json\/wp\/v2\/media?parent=46682"}],"wp:term":[{"taxonomy":"brand","embeddable":true,"href":"https:\/\/www.alpakahof-hahn.at\/shop\/wp-json\/wp\/v2\/etheme_brands?post=46682"},{"taxonomy":"product_brand","embeddable":true,"href":"https:\/\/www.alpakahof-hahn.at\/shop\/wp-json\/wp\/v2\/product_brand?post=46682"},{"taxonomy":"product_cat","embeddable":true,"href":"https:\/\/www.alpakahof-hahn.at\/shop\/wp-json\/wp\/v2\/product_cat?post=46682"},{"taxonomy":"product_tag","embeddable":true,"href":"https:\/\/www.alpakahof-hahn.at\/shop\/wp-json\/wp\/v2\/product_tag?post=46682"}],"curies":[{"name":"wp","href":"https:\/\/api.w.org\/{rel}","templated":true}]}}