{"id":46660,"date":"2021-12-15T11:14:38","date_gmt":"2021-12-15T10:14:38","guid":{"rendered":"https:\/\/www.alpakahof-hahn.at\/shop\/?post_type=product&#038;p=46660"},"modified":"2026-03-17T07:33:08","modified_gmt":"2026-03-17T06:33:08","slug":"alpaka-seife-haut-und-haar","status":"publish","type":"product","link":"https:\/\/www.alpakahof-hahn.at\/shop\/produkt\/alpaka-seife-haut-und-haar\/","title":{"rendered":"Alpaka-Seife Haut &#038; Haar (ohne Duftstoffe)"},"content":{"rendered":"<p>Inhaltsstoffe: Wasser, Sheabutter, Oliven\u00f6l, Kokos\u00f6l, Raps\u00f6l, Natronlauge, Rizinus\u00f6l, Parfum, Zitronens\u00e4ure, Keratin (Alpaka-Wolle), Rohrzucker, Feines Meersalz<\/p>\n<p>&nbsp;<\/p>\n","protected":false},"excerpt":{"rendered":"<p>Unser handgesiedete Alpaka-Keratinseife sorgt f\u00fcr saubere Haut und Haare beim Waschen. Die Seife mit einem Motiv ist ein tolles Mitbringsel und darf bei keinem Alpaka-Fan am Waschbeckenrand fehlen. Sie ist ohne tierisch Fette, palm\u00f6lfrei und frei von Farb- und Duftstoffen.<\/p>\n<ul>\n<li>Frischgewicht: 70 Gramm<\/li>\n<li>K\u00fchl und trocken lagern<\/li>\n<\/ul>\n<p>Hergestellt von Folke Lanius &amp; Wolfgang Pigl GbR in Deutschland<\/p>\n","protected":false},"featured_media":46661,"template":"","meta":{"jetpack_post_was_ever_published":false,"jetpack_publicize_message":"","jetpack_publicize_feature_enabled":true,"jetpack_social_post_already_shared":true,"jetpack_social_options":{"image_generator_settings":{"template":"highway","default_image_id":0,"font":"","enabled":false},"version":2}},"etheme_brands":[],"product_brand":[],"product_cat":[133],"product_tag":[],"class_list":{"0":"post-46660","1":"product","2":"type-product","3":"status-publish","4":"has-post-thumbnail","6":"product_cat-alpaka-seifen","8":"first","9":"instock","10":"taxable","11":"shipping-taxable","12":"purchasable","13":"product-type-simple"},"supplier_id":null,"supplier_sku":"","barcode":null,"atum_controlled":true,"out_stock_date":null,"out_stock_threshold":null,"inheritable":false,"inbound_stock":0,"stock_on_hold":0,"sold_today":0,"sales_last_days":0,"reserved_stock":0,"customer_returns":0,"warehouse_damage":0,"lost_in_post":0,"other_logs":0,"out_stock_days":0,"lost_sales":0,"has_location":false,"update_date":"2026-05-17T11:17:30","atum_locations":[],"atum_stock_status":"instock","restock_status":false,"low_stock_amount":"","sales_update_date":"2026-05-17T11:17:30","calc_backorders":null,"yoast_head":"<!-- This site is optimized with the Yoast SEO plugin v26.5 - https:\/\/yoast.com\/wordpress\/plugins\/seo\/ -->\n<title>Alpaka-Seife Haut &amp; Haar (ohne Duftstoffe) - Alpaka Online-Shop<\/title>\n<meta name=\"robots\" content=\"index, follow, max-snippet:-1, max-image-preview:large, max-video-preview:-1\" \/>\n<link rel=\"canonical\" href=\"https:\/\/www.alpakahof-hahn.at\/shop\/produkt\/alpaka-seife-haut-und-haar\/\" \/>\n<meta name=\"twitter:card\" content=\"summary_large_image\" \/>\n<meta name=\"twitter:title\" content=\"Alpaka-Seife Haut &amp; Haar (ohne Duftstoffe) - Alpaka Online-Shop\" \/>\n<meta name=\"twitter:description\" content=\"Unser handgesiedete Alpaka-Keratinseife sorgt f\u00fcr saubere Haut und Haare beim Waschen. Die Seife mit einem Motiv ist ein tolles Mitbringsel und darf bei keinem Alpaka-Fan am Waschbeckenrand fehlen. Sie ist ohne tierisch Fette, palm\u00f6lfrei und frei von Farb- und Duftstoffen.   Frischgewicht: 70 Gramm  K\u00fchl und trocken lagern  Hergestellt von Folke Lanius &amp; Wolfgang Pigl GbR in Deutschland\" \/>\n<meta name=\"twitter:image\" content=\"https:\/\/i0.wp.com\/www.alpakahof-hahn.at\/shop\/wp-content\/uploads\/2021\/12\/Alpakaseife-Haut-Haar-Alpakahof-Hahn.jpg?fit=1080%2C1080&ssl=1\" \/>\n<script type=\"application\/ld+json\" class=\"yoast-schema-graph\">{\"@context\":\"https:\/\/schema.org\",\"@graph\":[{\"@type\":\"WebPage\",\"@id\":\"https:\/\/www.alpakahof-hahn.at\/shop\/produkt\/alpaka-seife-haut-und-haar\/\",\"url\":\"https:\/\/www.alpakahof-hahn.at\/shop\/produkt\/alpaka-seife-haut-und-haar\/\",\"name\":\"Alpaka-Seife Haut & Haar (ohne Duftstoffe) - Alpaka Online-Shop\",\"isPartOf\":{\"@id\":\"https:\/\/www.alpakahof-hahn.at\/shop\/#website\"},\"primaryImageOfPage\":{\"@id\":\"https:\/\/www.alpakahof-hahn.at\/shop\/produkt\/alpaka-seife-haut-und-haar\/#primaryimage\"},\"image\":{\"@id\":\"https:\/\/www.alpakahof-hahn.at\/shop\/produkt\/alpaka-seife-haut-und-haar\/#primaryimage\"},\"thumbnailUrl\":\"https:\/\/i0.wp.com\/www.alpakahof-hahn.at\/shop\/wp-content\/uploads\/2021\/12\/Alpakaseife-Haut-Haar-Alpakahof-Hahn.jpg?fit=1080%2C1080&ssl=1\",\"datePublished\":\"2021-12-15T10:14:38+00:00\",\"dateModified\":\"2026-03-17T06:33:08+00:00\",\"breadcrumb\":{\"@id\":\"https:\/\/www.alpakahof-hahn.at\/shop\/produkt\/alpaka-seife-haut-und-haar\/#breadcrumb\"},\"inLanguage\":\"de\",\"potentialAction\":[{\"@type\":\"ReadAction\",\"target\":[\"https:\/\/www.alpakahof-hahn.at\/shop\/produkt\/alpaka-seife-haut-und-haar\/\"]}]},{\"@type\":\"ImageObject\",\"inLanguage\":\"de\",\"@id\":\"https:\/\/www.alpakahof-hahn.at\/shop\/produkt\/alpaka-seife-haut-und-haar\/#primaryimage\",\"url\":\"https:\/\/i0.wp.com\/www.alpakahof-hahn.at\/shop\/wp-content\/uploads\/2021\/12\/Alpakaseife-Haut-Haar-Alpakahof-Hahn.jpg?fit=1080%2C1080&ssl=1\",\"contentUrl\":\"https:\/\/i0.wp.com\/www.alpakahof-hahn.at\/shop\/wp-content\/uploads\/2021\/12\/Alpakaseife-Haut-Haar-Alpakahof-Hahn.jpg?fit=1080%2C1080&ssl=1\",\"width\":1080,\"height\":1080},{\"@type\":\"BreadcrumbList\",\"@id\":\"https:\/\/www.alpakahof-hahn.at\/shop\/produkt\/alpaka-seife-haut-und-haar\/#breadcrumb\",\"itemListElement\":[{\"@type\":\"ListItem\",\"position\":1,\"name\":\"Shop\",\"item\":\"https:\/\/www.alpakahof-hahn.at\/shop\/\"},{\"@type\":\"ListItem\",\"position\":2,\"name\":\"Shop\",\"item\":\"https:\/\/www.alpakahof-hahn.at\/shop\/shop\/\"},{\"@type\":\"ListItem\",\"position\":3,\"name\":\"Alpaka-Seife Haut &#038; Haar (ohne Duftstoffe)\"}]},{\"@type\":\"WebSite\",\"@id\":\"https:\/\/www.alpakahof-hahn.at\/shop\/#website\",\"url\":\"https:\/\/www.alpakahof-hahn.at\/shop\/\",\"name\":\"Alpaka Online-Shop\",\"description\":\"Der Hofladen der Familie Hahn\",\"potentialAction\":[{\"@type\":\"SearchAction\",\"target\":{\"@type\":\"EntryPoint\",\"urlTemplate\":\"https:\/\/www.alpakahof-hahn.at\/shop\/?s={search_term_string}\"},\"query-input\":{\"@type\":\"PropertyValueSpecification\",\"valueRequired\":true,\"valueName\":\"search_term_string\"}}],\"inLanguage\":\"de\"}]}<\/script>\n<!-- \/ Yoast SEO plugin. -->","yoast_head_json":{"title":"Alpaka-Seife Haut & Haar (ohne Duftstoffe) - Alpaka Online-Shop","robots":{"index":"index","follow":"follow","max-snippet":"max-snippet:-1","max-image-preview":"max-image-preview:large","max-video-preview":"max-video-preview:-1"},"canonical":"https:\/\/www.alpakahof-hahn.at\/shop\/produkt\/alpaka-seife-haut-und-haar\/","twitter_card":"summary_large_image","twitter_title":"Alpaka-Seife Haut & Haar (ohne Duftstoffe) - Alpaka Online-Shop","twitter_description":"Unser handgesiedete Alpaka-Keratinseife sorgt f\u00fcr saubere Haut und Haare beim Waschen. Die Seife mit einem Motiv ist ein tolles Mitbringsel und darf bei keinem Alpaka-Fan am Waschbeckenrand fehlen. Sie ist ohne tierisch Fette, palm\u00f6lfrei und frei von Farb- und Duftstoffen.   Frischgewicht: 70 Gramm  K\u00fchl und trocken lagern  Hergestellt von Folke Lanius &amp; Wolfgang Pigl GbR in Deutschland","twitter_image":"https:\/\/i0.wp.com\/www.alpakahof-hahn.at\/shop\/wp-content\/uploads\/2021\/12\/Alpakaseife-Haut-Haar-Alpakahof-Hahn.jpg?fit=1080%2C1080&ssl=1","schema":{"@context":"https:\/\/schema.org","@graph":[{"@type":"WebPage","@id":"https:\/\/www.alpakahof-hahn.at\/shop\/produkt\/alpaka-seife-haut-und-haar\/","url":"https:\/\/www.alpakahof-hahn.at\/shop\/produkt\/alpaka-seife-haut-und-haar\/","name":"Alpaka-Seife Haut & Haar (ohne Duftstoffe) - Alpaka Online-Shop","isPartOf":{"@id":"https:\/\/www.alpakahof-hahn.at\/shop\/#website"},"primaryImageOfPage":{"@id":"https:\/\/www.alpakahof-hahn.at\/shop\/produkt\/alpaka-seife-haut-und-haar\/#primaryimage"},"image":{"@id":"https:\/\/www.alpakahof-hahn.at\/shop\/produkt\/alpaka-seife-haut-und-haar\/#primaryimage"},"thumbnailUrl":"https:\/\/i0.wp.com\/www.alpakahof-hahn.at\/shop\/wp-content\/uploads\/2021\/12\/Alpakaseife-Haut-Haar-Alpakahof-Hahn.jpg?fit=1080%2C1080&ssl=1","datePublished":"2021-12-15T10:14:38+00:00","dateModified":"2026-03-17T06:33:08+00:00","breadcrumb":{"@id":"https:\/\/www.alpakahof-hahn.at\/shop\/produkt\/alpaka-seife-haut-und-haar\/#breadcrumb"},"inLanguage":"de","potentialAction":[{"@type":"ReadAction","target":["https:\/\/www.alpakahof-hahn.at\/shop\/produkt\/alpaka-seife-haut-und-haar\/"]}]},{"@type":"ImageObject","inLanguage":"de","@id":"https:\/\/www.alpakahof-hahn.at\/shop\/produkt\/alpaka-seife-haut-und-haar\/#primaryimage","url":"https:\/\/i0.wp.com\/www.alpakahof-hahn.at\/shop\/wp-content\/uploads\/2021\/12\/Alpakaseife-Haut-Haar-Alpakahof-Hahn.jpg?fit=1080%2C1080&ssl=1","contentUrl":"https:\/\/i0.wp.com\/www.alpakahof-hahn.at\/shop\/wp-content\/uploads\/2021\/12\/Alpakaseife-Haut-Haar-Alpakahof-Hahn.jpg?fit=1080%2C1080&ssl=1","width":1080,"height":1080},{"@type":"BreadcrumbList","@id":"https:\/\/www.alpakahof-hahn.at\/shop\/produkt\/alpaka-seife-haut-und-haar\/#breadcrumb","itemListElement":[{"@type":"ListItem","position":1,"name":"Shop","item":"https:\/\/www.alpakahof-hahn.at\/shop\/"},{"@type":"ListItem","position":2,"name":"Shop","item":"https:\/\/www.alpakahof-hahn.at\/shop\/shop\/"},{"@type":"ListItem","position":3,"name":"Alpaka-Seife Haut &#038; Haar (ohne Duftstoffe)"}]},{"@type":"WebSite","@id":"https:\/\/www.alpakahof-hahn.at\/shop\/#website","url":"https:\/\/www.alpakahof-hahn.at\/shop\/","name":"Alpaka Online-Shop","description":"Der Hofladen der Familie Hahn","potentialAction":[{"@type":"SearchAction","target":{"@type":"EntryPoint","urlTemplate":"https:\/\/www.alpakahof-hahn.at\/shop\/?s={search_term_string}"},"query-input":{"@type":"PropertyValueSpecification","valueRequired":true,"valueName":"search_term_string"}}],"inLanguage":"de"}]}},"jetpack_publicize_connections":[],"jetpack_sharing_enabled":true,"jetpack-related-posts":[{"id":10970,"url":"https:\/\/www.alpakahof-hahn.at\/shop\/produkt\/alpaka-seife-kaffeeduft\/","url_meta":{"origin":46660,"position":0},"title":"Alpaka-Seife mit Kaffeeduft und Peeling","author":"Manuel Hahn","date":"2. April 2020","format":false,"excerpt":"Unser handgesiedete Alpaka-Keratinseife mit Kaffeeduft und Peeling duftet herrlich und sorgt f\u00fcr saubere H\u00e4nde beim Waschen. Die Seife mit einem Motiv ist ein tolles Mitbringsel und darf bei keinem Alpaka-Fan am Waschbeckenrand fehlen. Sie ist ohne tierisch Fette und palm\u00f6lfrei. Frischgewicht: 70 Gramm K\u00fchl und trocken lagern Hergestellt von Folke\u2026","rel":"","context":"\u00c4hnlicher Beitrag","block_context":{"text":"\u00c4hnlicher Beitrag","link":""},"img":{"alt_text":"","src":"https:\/\/i0.wp.com\/www.alpakahof-hahn.at\/shop\/wp-content\/uploads\/2020\/04\/Alpakaseife-Kaffee-Alpakahof-Hahn.jpg?fit=1080%2C1080&ssl=1&resize=350%2C200","width":350,"height":200,"srcset":"https:\/\/i0.wp.com\/www.alpakahof-hahn.at\/shop\/wp-content\/uploads\/2020\/04\/Alpakaseife-Kaffee-Alpakahof-Hahn.jpg?fit=1080%2C1080&ssl=1&resize=350%2C200 1x, https:\/\/i0.wp.com\/www.alpakahof-hahn.at\/shop\/wp-content\/uploads\/2020\/04\/Alpakaseife-Kaffee-Alpakahof-Hahn.jpg?fit=1080%2C1080&ssl=1&resize=525%2C300 1.5x, https:\/\/i0.wp.com\/www.alpakahof-hahn.at\/shop\/wp-content\/uploads\/2020\/04\/Alpakaseife-Kaffee-Alpakahof-Hahn.jpg?fit=1080%2C1080&ssl=1&resize=700%2C400 2x, https:\/\/i0.wp.com\/www.alpakahof-hahn.at\/shop\/wp-content\/uploads\/2020\/04\/Alpakaseife-Kaffee-Alpakahof-Hahn.jpg?fit=1080%2C1080&ssl=1&resize=1050%2C600 3x"},"classes":[]},{"id":46662,"url":"https:\/\/www.alpakahof-hahn.at\/shop\/produkt\/alpaka-seife-vanille-mohnpeeling\/","url_meta":{"origin":46660,"position":1},"title":"Alpaka-Seife Vanille mit Mohnpeeling","author":"Manuel Hahn","date":"15. Dezember 2021","format":false,"excerpt":"Unser handgesiedete Alpaka-Keratinseife mit Vanilleduft und Mohnpeeling sorgt f\u00fcr saubere H\u00e4nde beim Waschen. Die Seife mit einem Motiv ist ein tolles Mitbringsel und darf bei keinem Alpaka-Fan am Waschbeckenrand fehlen. Sie ist ohne tierisch Fette und palm\u00f6lfrei. Frischgewicht: 70 Gramm K\u00fchl und trocken lagern Hergestellt von Folke Lanius & Wolfgang\u2026","rel":"","context":"\u00c4hnlicher Beitrag","block_context":{"text":"\u00c4hnlicher Beitrag","link":""},"img":{"alt_text":"","src":"https:\/\/i0.wp.com\/www.alpakahof-hahn.at\/shop\/wp-content\/uploads\/2021\/12\/Alpakaseife-Vanilletraum-Alpakahof-Hahn.jpg?fit=1080%2C1080&ssl=1&resize=350%2C200","width":350,"height":200,"srcset":"https:\/\/i0.wp.com\/www.alpakahof-hahn.at\/shop\/wp-content\/uploads\/2021\/12\/Alpakaseife-Vanilletraum-Alpakahof-Hahn.jpg?fit=1080%2C1080&ssl=1&resize=350%2C200 1x, https:\/\/i0.wp.com\/www.alpakahof-hahn.at\/shop\/wp-content\/uploads\/2021\/12\/Alpakaseife-Vanilletraum-Alpakahof-Hahn.jpg?fit=1080%2C1080&ssl=1&resize=525%2C300 1.5x, https:\/\/i0.wp.com\/www.alpakahof-hahn.at\/shop\/wp-content\/uploads\/2021\/12\/Alpakaseife-Vanilletraum-Alpakahof-Hahn.jpg?fit=1080%2C1080&ssl=1&resize=700%2C400 2x, https:\/\/i0.wp.com\/www.alpakahof-hahn.at\/shop\/wp-content\/uploads\/2021\/12\/Alpakaseife-Vanilletraum-Alpakahof-Hahn.jpg?fit=1080%2C1080&ssl=1&resize=1050%2C600 3x"},"classes":[]},{"id":46672,"url":"https:\/\/www.alpakahof-hahn.at\/shop\/produkt\/alpaka-seife-ringelblumen-orangenoel\/","url_meta":{"origin":46660,"position":2},"title":"Alpaka-Seife mit Ringelblumen &#038; Orangen\u00f6l","author":"Manuel Hahn","date":"15. Dezember 2021","format":false,"excerpt":"Unser handgesiedete Alpaka-Keratinseife mit Ringelblumen und \u00e4therischem Orangen\u00f6l sorgt f\u00fcr saubere H\u00e4nde beim Waschen. Die Seife mit einem Motiv ist ein tolles Mitbringsel und darf bei keinem Alpaka-Fan am Waschbeckenrand fehlen. Sie ist ohne tierisch Fette und palm\u00f6lfrei. Frischgewicht: 70 Gramm K\u00fchl und trocken lagern Hergestellt von Folke Lanius &\u2026","rel":"","context":"\u00c4hnlicher Beitrag","block_context":{"text":"\u00c4hnlicher Beitrag","link":""},"img":{"alt_text":"","src":"https:\/\/i0.wp.com\/www.alpakahof-hahn.at\/shop\/wp-content\/uploads\/2021\/12\/Alpakaseife-Ringelblume-Alpakahof-Hahn.jpg?fit=1080%2C1080&ssl=1&resize=350%2C200","width":350,"height":200,"srcset":"https:\/\/i0.wp.com\/www.alpakahof-hahn.at\/shop\/wp-content\/uploads\/2021\/12\/Alpakaseife-Ringelblume-Alpakahof-Hahn.jpg?fit=1080%2C1080&ssl=1&resize=350%2C200 1x, https:\/\/i0.wp.com\/www.alpakahof-hahn.at\/shop\/wp-content\/uploads\/2021\/12\/Alpakaseife-Ringelblume-Alpakahof-Hahn.jpg?fit=1080%2C1080&ssl=1&resize=525%2C300 1.5x, https:\/\/i0.wp.com\/www.alpakahof-hahn.at\/shop\/wp-content\/uploads\/2021\/12\/Alpakaseife-Ringelblume-Alpakahof-Hahn.jpg?fit=1080%2C1080&ssl=1&resize=700%2C400 2x, https:\/\/i0.wp.com\/www.alpakahof-hahn.at\/shop\/wp-content\/uploads\/2021\/12\/Alpakaseife-Ringelblume-Alpakahof-Hahn.jpg?fit=1080%2C1080&ssl=1&resize=1050%2C600 3x"},"classes":[]},{"id":46664,"url":"https:\/\/www.alpakahof-hahn.at\/shop\/produkt\/alpaka-seife-melonenduft\/","url_meta":{"origin":46660,"position":3},"title":"Alpaka-Seife mit Melonenduft","author":"Manuel Hahn","date":"15. Dezember 2021","format":false,"excerpt":"Unser handgesiedete Alpaka-Keratinseife mit erfrischendem Melonenduft sorgt f\u00fcr saubere H\u00e4nde beim Waschen. Die Seife mit einem Motiv ist ein tolles Mitbringsel und darf bei keinem Alpaka-Fan am Waschbeckenrand fehlen. Sie ist ohne tierisch Fette und palm\u00f6lfrei. Frischgewicht: 70 Gramm K\u00fchl und trocken lagern Hergestellt von Folke Lanius & Wolfgang Pigl\u2026","rel":"","context":"\u00c4hnlicher Beitrag","block_context":{"text":"\u00c4hnlicher Beitrag","link":""},"img":{"alt_text":"","src":"https:\/\/i0.wp.com\/www.alpakahof-hahn.at\/shop\/wp-content\/uploads\/2021\/12\/Alpakaseife-Melone-Alpakahof-Hahn.jpg?fit=1080%2C1080&ssl=1&resize=350%2C200","width":350,"height":200,"srcset":"https:\/\/i0.wp.com\/www.alpakahof-hahn.at\/shop\/wp-content\/uploads\/2021\/12\/Alpakaseife-Melone-Alpakahof-Hahn.jpg?fit=1080%2C1080&ssl=1&resize=350%2C200 1x, https:\/\/i0.wp.com\/www.alpakahof-hahn.at\/shop\/wp-content\/uploads\/2021\/12\/Alpakaseife-Melone-Alpakahof-Hahn.jpg?fit=1080%2C1080&ssl=1&resize=525%2C300 1.5x, https:\/\/i0.wp.com\/www.alpakahof-hahn.at\/shop\/wp-content\/uploads\/2021\/12\/Alpakaseife-Melone-Alpakahof-Hahn.jpg?fit=1080%2C1080&ssl=1&resize=700%2C400 2x, https:\/\/i0.wp.com\/www.alpakahof-hahn.at\/shop\/wp-content\/uploads\/2021\/12\/Alpakaseife-Melone-Alpakahof-Hahn.jpg?fit=1080%2C1080&ssl=1&resize=1050%2C600 3x"},"classes":[]},{"id":46679,"url":"https:\/\/www.alpakahof-hahn.at\/shop\/produkt\/alpaka-seife-lavendel\/","url_meta":{"origin":46660,"position":4},"title":"Alpaka-Seife mit Lavendelduft","author":"Manuel Hahn","date":"15. Dezember 2021","format":false,"excerpt":"Unser handgesiedete Alpaka-Keratinseife mit harmonischem Lavendelduft sorgt f\u00fcr saubere H\u00e4nde beim Waschen. Die Seife mit einem Motiv ist ein tolles Mitbringsel und darf bei keinem Alpaka-Fan am Waschbeckenrand fehlen. Sie ist ohne tierisch Fette und palm\u00f6lfrei. Frischgewicht: 70 Gramm K\u00fchl und trocken lagern Hergestellt von Folke Lanius & Wolfgang Pigl\u2026","rel":"","context":"\u00c4hnlicher Beitrag","block_context":{"text":"\u00c4hnlicher Beitrag","link":""},"img":{"alt_text":"","src":"https:\/\/i0.wp.com\/www.alpakahof-hahn.at\/shop\/wp-content\/uploads\/2021\/12\/Alpakaseife-Lavendel-Alpakahof-Hahn.jpg?fit=1080%2C1080&ssl=1&resize=350%2C200","width":350,"height":200,"srcset":"https:\/\/i0.wp.com\/www.alpakahof-hahn.at\/shop\/wp-content\/uploads\/2021\/12\/Alpakaseife-Lavendel-Alpakahof-Hahn.jpg?fit=1080%2C1080&ssl=1&resize=350%2C200 1x, https:\/\/i0.wp.com\/www.alpakahof-hahn.at\/shop\/wp-content\/uploads\/2021\/12\/Alpakaseife-Lavendel-Alpakahof-Hahn.jpg?fit=1080%2C1080&ssl=1&resize=525%2C300 1.5x, https:\/\/i0.wp.com\/www.alpakahof-hahn.at\/shop\/wp-content\/uploads\/2021\/12\/Alpakaseife-Lavendel-Alpakahof-Hahn.jpg?fit=1080%2C1080&ssl=1&resize=700%2C400 2x, https:\/\/i0.wp.com\/www.alpakahof-hahn.at\/shop\/wp-content\/uploads\/2021\/12\/Alpakaseife-Lavendel-Alpakahof-Hahn.jpg?fit=1080%2C1080&ssl=1&resize=1050%2C600 3x"},"classes":[]},{"id":46666,"url":"https:\/\/www.alpakahof-hahn.at\/shop\/produkt\/alpaka-seife-rosenduft\/","url_meta":{"origin":46660,"position":5},"title":"Alpaka-Seife mit englischem Rosenduft","author":"Manuel Hahn","date":"15. Dezember 2021","format":false,"excerpt":"Unser handgesiedete Alpaka-Keratinseife mit dem Duft der englischen Rose sorgt f\u00fcr saubere H\u00e4nde beim Waschen. Die Seife mit einem Motiv ist ein tolles Mitbringsel und darf bei keinem Alpaka-Fan am Waschbeckenrand fehlen. Sie ist ohne tierisch Fette und palm\u00f6lfrei. Frischgewicht: 70 Gramm K\u00fchl und trocken lagern Hergestellt von Folke Lanius\u2026","rel":"","context":"\u00c4hnlicher Beitrag","block_context":{"text":"\u00c4hnlicher Beitrag","link":""},"img":{"alt_text":"","src":"https:\/\/i0.wp.com\/www.alpakahof-hahn.at\/shop\/wp-content\/uploads\/2021\/12\/Alpakaseife-Rose-Alpakahof-Hahn.jpg?fit=1080%2C1080&ssl=1&resize=350%2C200","width":350,"height":200,"srcset":"https:\/\/i0.wp.com\/www.alpakahof-hahn.at\/shop\/wp-content\/uploads\/2021\/12\/Alpakaseife-Rose-Alpakahof-Hahn.jpg?fit=1080%2C1080&ssl=1&resize=350%2C200 1x, https:\/\/i0.wp.com\/www.alpakahof-hahn.at\/shop\/wp-content\/uploads\/2021\/12\/Alpakaseife-Rose-Alpakahof-Hahn.jpg?fit=1080%2C1080&ssl=1&resize=525%2C300 1.5x, https:\/\/i0.wp.com\/www.alpakahof-hahn.at\/shop\/wp-content\/uploads\/2021\/12\/Alpakaseife-Rose-Alpakahof-Hahn.jpg?fit=1080%2C1080&ssl=1&resize=700%2C400 2x, https:\/\/i0.wp.com\/www.alpakahof-hahn.at\/shop\/wp-content\/uploads\/2021\/12\/Alpakaseife-Rose-Alpakahof-Hahn.jpg?fit=1080%2C1080&ssl=1&resize=1050%2C600 3x"},"classes":[]}],"_links":{"self":[{"href":"https:\/\/www.alpakahof-hahn.at\/shop\/wp-json\/wp\/v2\/product\/46660","targetHints":{"allow":["GET"]}}],"collection":[{"href":"https:\/\/www.alpakahof-hahn.at\/shop\/wp-json\/wp\/v2\/product"}],"about":[{"href":"https:\/\/www.alpakahof-hahn.at\/shop\/wp-json\/wp\/v2\/types\/product"}],"wp:featuredmedia":[{"embeddable":true,"href":"https:\/\/www.alpakahof-hahn.at\/shop\/wp-json\/wp\/v2\/media\/46661"}],"wp:attachment":[{"href":"https:\/\/www.alpakahof-hahn.at\/shop\/wp-json\/wp\/v2\/media?parent=46660"}],"wp:term":[{"taxonomy":"brand","embeddable":true,"href":"https:\/\/www.alpakahof-hahn.at\/shop\/wp-json\/wp\/v2\/etheme_brands?post=46660"},{"taxonomy":"product_brand","embeddable":true,"href":"https:\/\/www.alpakahof-hahn.at\/shop\/wp-json\/wp\/v2\/product_brand?post=46660"},{"taxonomy":"product_cat","embeddable":true,"href":"https:\/\/www.alpakahof-hahn.at\/shop\/wp-json\/wp\/v2\/product_cat?post=46660"},{"taxonomy":"product_tag","embeddable":true,"href":"https:\/\/www.alpakahof-hahn.at\/shop\/wp-json\/wp\/v2\/product_tag?post=46660"}],"curies":[{"name":"wp","href":"https:\/\/api.w.org\/{rel}","templated":true}]}}