{"id":46450,"date":"2021-12-05T18:48:13","date_gmt":"2021-12-05T17:48:13","guid":{"rendered":"https:\/\/www.alpakahof-hahn.at\/shop\/?post_type=product&#038;p=46450"},"modified":"2025-11-17T18:54:28","modified_gmt":"2025-11-17T17:54:28","slug":"alpaka-filztasche-wengan-streicheln-warads","status":"publish","type":"product","link":"https:\/\/www.alpakahof-hahn.at\/shop\/produkt\/alpaka-filztasche-wengan-streicheln-warads\/","title":{"rendered":"Alpaka Filztasche &#8220;Wengan streicheln warads&#8221;"},"content":{"rendered":"","protected":false},"excerpt":{"rendered":"<p>Diese stylische Alpaka-Filztasche ist der ideale Begleiter durch den Alltag. Mit dem Spruch drauf ein Muss f\u00fcr jeden Alpaka-Fan. Kurzum: Das perfekte Geschenk f\u00fcr deine Lieben oder dich selbst.<\/p>\n","protected":false},"featured_media":46451,"template":"","meta":{"jetpack_post_was_ever_published":false,"jetpack_publicize_message":"","jetpack_publicize_feature_enabled":true,"jetpack_social_post_already_shared":true,"jetpack_social_options":{"image_generator_settings":{"template":"highway","default_image_id":0,"font":"","enabled":false},"version":2}},"etheme_brands":[],"product_brand":[],"product_cat":[139],"product_tag":[],"class_list":{"0":"post-46450","1":"product","2":"type-product","3":"status-publish","4":"has-post-thumbnail","6":"product_cat-fuer-alpaka-fans","8":"first","9":"instock","10":"taxable","11":"shipping-taxable","12":"purchasable","13":"product-type-simple"},"supplier_id":null,"supplier_sku":"","barcode":null,"atum_controlled":true,"out_stock_date":null,"out_stock_threshold":null,"inheritable":false,"inbound_stock":0,"stock_on_hold":0,"sold_today":0,"sales_last_days":0,"reserved_stock":0,"customer_returns":0,"warehouse_damage":0,"lost_in_post":0,"other_logs":0,"out_stock_days":0,"lost_sales":0,"has_location":false,"update_date":"2026-04-30T09:55:49","atum_locations":[],"atum_stock_status":"instock","restock_status":false,"low_stock_amount":"","sales_update_date":"2026-04-30T09:55:49","calc_backorders":null,"yoast_head":"<!-- This site is optimized with the Yoast SEO plugin v26.5 - https:\/\/yoast.com\/wordpress\/plugins\/seo\/ -->\n<title>Alpaka Filztasche &quot;Wengan streicheln warads&quot; - Alpaka Online-Shop<\/title>\n<meta name=\"robots\" content=\"index, follow, max-snippet:-1, max-image-preview:large, max-video-preview:-1\" \/>\n<link rel=\"canonical\" href=\"https:\/\/www.alpakahof-hahn.at\/shop\/produkt\/alpaka-filztasche-wengan-streicheln-warads\/\" \/>\n<meta name=\"twitter:card\" content=\"summary_large_image\" \/>\n<meta name=\"twitter:title\" content=\"Alpaka Filztasche &quot;Wengan streicheln warads&quot; - Alpaka Online-Shop\" \/>\n<meta name=\"twitter:description\" content=\"Diese stylische Alpaka-Filztasche ist der ideale Begleiter durch den Alltag. Mit dem Spruch drauf ein Muss f\u00fcr jeden Alpaka-Fan. Kurzum: Das perfekte Geschenk f\u00fcr deine Lieben oder dich selbst.\" \/>\n<meta name=\"twitter:image\" content=\"https:\/\/i0.wp.com\/www.alpakahof-hahn.at\/shop\/wp-content\/uploads\/2021\/12\/Alpaka-Filztasche-Wengan-streicheln-warads-Alpakahof-Hahn.jpg?fit=527%2C800&ssl=1\" \/>\n<script type=\"application\/ld+json\" class=\"yoast-schema-graph\">{\"@context\":\"https:\/\/schema.org\",\"@graph\":[{\"@type\":\"WebPage\",\"@id\":\"https:\/\/www.alpakahof-hahn.at\/shop\/produkt\/alpaka-filztasche-wengan-streicheln-warads\/\",\"url\":\"https:\/\/www.alpakahof-hahn.at\/shop\/produkt\/alpaka-filztasche-wengan-streicheln-warads\/\",\"name\":\"Alpaka Filztasche \\\"Wengan streicheln warads\\\" - Alpaka Online-Shop\",\"isPartOf\":{\"@id\":\"https:\/\/www.alpakahof-hahn.at\/shop\/#website\"},\"primaryImageOfPage\":{\"@id\":\"https:\/\/www.alpakahof-hahn.at\/shop\/produkt\/alpaka-filztasche-wengan-streicheln-warads\/#primaryimage\"},\"image\":{\"@id\":\"https:\/\/www.alpakahof-hahn.at\/shop\/produkt\/alpaka-filztasche-wengan-streicheln-warads\/#primaryimage\"},\"thumbnailUrl\":\"https:\/\/i0.wp.com\/www.alpakahof-hahn.at\/shop\/wp-content\/uploads\/2021\/12\/Alpaka-Filztasche-Wengan-streicheln-warads-Alpakahof-Hahn.jpg?fit=527%2C800&ssl=1\",\"datePublished\":\"2021-12-05T17:48:13+00:00\",\"dateModified\":\"2025-11-17T17:54:28+00:00\",\"breadcrumb\":{\"@id\":\"https:\/\/www.alpakahof-hahn.at\/shop\/produkt\/alpaka-filztasche-wengan-streicheln-warads\/#breadcrumb\"},\"inLanguage\":\"de\",\"potentialAction\":[{\"@type\":\"ReadAction\",\"target\":[\"https:\/\/www.alpakahof-hahn.at\/shop\/produkt\/alpaka-filztasche-wengan-streicheln-warads\/\"]}]},{\"@type\":\"ImageObject\",\"inLanguage\":\"de\",\"@id\":\"https:\/\/www.alpakahof-hahn.at\/shop\/produkt\/alpaka-filztasche-wengan-streicheln-warads\/#primaryimage\",\"url\":\"https:\/\/i0.wp.com\/www.alpakahof-hahn.at\/shop\/wp-content\/uploads\/2021\/12\/Alpaka-Filztasche-Wengan-streicheln-warads-Alpakahof-Hahn.jpg?fit=527%2C800&ssl=1\",\"contentUrl\":\"https:\/\/i0.wp.com\/www.alpakahof-hahn.at\/shop\/wp-content\/uploads\/2021\/12\/Alpaka-Filztasche-Wengan-streicheln-warads-Alpakahof-Hahn.jpg?fit=527%2C800&ssl=1\",\"width\":527,\"height\":800},{\"@type\":\"BreadcrumbList\",\"@id\":\"https:\/\/www.alpakahof-hahn.at\/shop\/produkt\/alpaka-filztasche-wengan-streicheln-warads\/#breadcrumb\",\"itemListElement\":[{\"@type\":\"ListItem\",\"position\":1,\"name\":\"Shop\",\"item\":\"https:\/\/www.alpakahof-hahn.at\/shop\/\"},{\"@type\":\"ListItem\",\"position\":2,\"name\":\"Shop\",\"item\":\"https:\/\/www.alpakahof-hahn.at\/shop\/shop\/\"},{\"@type\":\"ListItem\",\"position\":3,\"name\":\"Alpaka Filztasche &#8222;Wengan streicheln warads&#8220;\"}]},{\"@type\":\"WebSite\",\"@id\":\"https:\/\/www.alpakahof-hahn.at\/shop\/#website\",\"url\":\"https:\/\/www.alpakahof-hahn.at\/shop\/\",\"name\":\"Alpaka Online-Shop\",\"description\":\"Der Hofladen der Familie Hahn\",\"potentialAction\":[{\"@type\":\"SearchAction\",\"target\":{\"@type\":\"EntryPoint\",\"urlTemplate\":\"https:\/\/www.alpakahof-hahn.at\/shop\/?s={search_term_string}\"},\"query-input\":{\"@type\":\"PropertyValueSpecification\",\"valueRequired\":true,\"valueName\":\"search_term_string\"}}],\"inLanguage\":\"de\"}]}<\/script>\n<!-- \/ Yoast SEO plugin. -->","yoast_head_json":{"title":"Alpaka Filztasche \"Wengan streicheln warads\" - Alpaka Online-Shop","robots":{"index":"index","follow":"follow","max-snippet":"max-snippet:-1","max-image-preview":"max-image-preview:large","max-video-preview":"max-video-preview:-1"},"canonical":"https:\/\/www.alpakahof-hahn.at\/shop\/produkt\/alpaka-filztasche-wengan-streicheln-warads\/","twitter_card":"summary_large_image","twitter_title":"Alpaka Filztasche \"Wengan streicheln warads\" - Alpaka Online-Shop","twitter_description":"Diese stylische Alpaka-Filztasche ist der ideale Begleiter durch den Alltag. Mit dem Spruch drauf ein Muss f\u00fcr jeden Alpaka-Fan. Kurzum: Das perfekte Geschenk f\u00fcr deine Lieben oder dich selbst.","twitter_image":"https:\/\/i0.wp.com\/www.alpakahof-hahn.at\/shop\/wp-content\/uploads\/2021\/12\/Alpaka-Filztasche-Wengan-streicheln-warads-Alpakahof-Hahn.jpg?fit=527%2C800&ssl=1","schema":{"@context":"https:\/\/schema.org","@graph":[{"@type":"WebPage","@id":"https:\/\/www.alpakahof-hahn.at\/shop\/produkt\/alpaka-filztasche-wengan-streicheln-warads\/","url":"https:\/\/www.alpakahof-hahn.at\/shop\/produkt\/alpaka-filztasche-wengan-streicheln-warads\/","name":"Alpaka Filztasche \"Wengan streicheln warads\" - Alpaka Online-Shop","isPartOf":{"@id":"https:\/\/www.alpakahof-hahn.at\/shop\/#website"},"primaryImageOfPage":{"@id":"https:\/\/www.alpakahof-hahn.at\/shop\/produkt\/alpaka-filztasche-wengan-streicheln-warads\/#primaryimage"},"image":{"@id":"https:\/\/www.alpakahof-hahn.at\/shop\/produkt\/alpaka-filztasche-wengan-streicheln-warads\/#primaryimage"},"thumbnailUrl":"https:\/\/i0.wp.com\/www.alpakahof-hahn.at\/shop\/wp-content\/uploads\/2021\/12\/Alpaka-Filztasche-Wengan-streicheln-warads-Alpakahof-Hahn.jpg?fit=527%2C800&ssl=1","datePublished":"2021-12-05T17:48:13+00:00","dateModified":"2025-11-17T17:54:28+00:00","breadcrumb":{"@id":"https:\/\/www.alpakahof-hahn.at\/shop\/produkt\/alpaka-filztasche-wengan-streicheln-warads\/#breadcrumb"},"inLanguage":"de","potentialAction":[{"@type":"ReadAction","target":["https:\/\/www.alpakahof-hahn.at\/shop\/produkt\/alpaka-filztasche-wengan-streicheln-warads\/"]}]},{"@type":"ImageObject","inLanguage":"de","@id":"https:\/\/www.alpakahof-hahn.at\/shop\/produkt\/alpaka-filztasche-wengan-streicheln-warads\/#primaryimage","url":"https:\/\/i0.wp.com\/www.alpakahof-hahn.at\/shop\/wp-content\/uploads\/2021\/12\/Alpaka-Filztasche-Wengan-streicheln-warads-Alpakahof-Hahn.jpg?fit=527%2C800&ssl=1","contentUrl":"https:\/\/i0.wp.com\/www.alpakahof-hahn.at\/shop\/wp-content\/uploads\/2021\/12\/Alpaka-Filztasche-Wengan-streicheln-warads-Alpakahof-Hahn.jpg?fit=527%2C800&ssl=1","width":527,"height":800},{"@type":"BreadcrumbList","@id":"https:\/\/www.alpakahof-hahn.at\/shop\/produkt\/alpaka-filztasche-wengan-streicheln-warads\/#breadcrumb","itemListElement":[{"@type":"ListItem","position":1,"name":"Shop","item":"https:\/\/www.alpakahof-hahn.at\/shop\/"},{"@type":"ListItem","position":2,"name":"Shop","item":"https:\/\/www.alpakahof-hahn.at\/shop\/shop\/"},{"@type":"ListItem","position":3,"name":"Alpaka Filztasche &#8222;Wengan streicheln warads&#8220;"}]},{"@type":"WebSite","@id":"https:\/\/www.alpakahof-hahn.at\/shop\/#website","url":"https:\/\/www.alpakahof-hahn.at\/shop\/","name":"Alpaka Online-Shop","description":"Der Hofladen der Familie Hahn","potentialAction":[{"@type":"SearchAction","target":{"@type":"EntryPoint","urlTemplate":"https:\/\/www.alpakahof-hahn.at\/shop\/?s={search_term_string}"},"query-input":{"@type":"PropertyValueSpecification","valueRequired":true,"valueName":"search_term_string"}}],"inLanguage":"de"}]}},"jetpack_publicize_connections":[],"jetpack_sharing_enabled":true,"jetpack-related-posts":[{"id":38792,"url":"https:\/\/www.alpakahof-hahn.at\/shop\/produkt\/alpaka-puzzle-88-teile\/","url_meta":{"origin":46450,"position":0},"title":"Alpaka Puzzle &#8220;Roxy&#8221;","author":"Manuel Hahn","date":"6. Dezember 2020","format":false,"excerpt":"Definitiv der perfekte Zeitvertreib f\u00fcr jeden Alpaka-Fan. Das Puzzle mit unserem Alpaka Roxy ist nicht nur ein ideales Geschenk f\u00fcr klein und gro\u00df, sondern kann man sich auch selbst mal g\u00f6nnen, um den Abend tierisch flauschig ausklingen zu lassen. Teile: 88 Format: 27 x 19,5cm Motiv: Unser Alpaka-Roxy","rel":"","context":"\u00c4hnlicher Beitrag","block_context":{"text":"\u00c4hnlicher Beitrag","link":""},"img":{"alt_text":"","src":"https:\/\/i0.wp.com\/www.alpakahof-hahn.at\/shop\/wp-content\/uploads\/2020\/12\/alpaka-puzzle-1-alpakahof-hahn.jpg?fit=1080%2C1080&ssl=1&resize=350%2C200","width":350,"height":200,"srcset":"https:\/\/i0.wp.com\/www.alpakahof-hahn.at\/shop\/wp-content\/uploads\/2020\/12\/alpaka-puzzle-1-alpakahof-hahn.jpg?fit=1080%2C1080&ssl=1&resize=350%2C200 1x, https:\/\/i0.wp.com\/www.alpakahof-hahn.at\/shop\/wp-content\/uploads\/2020\/12\/alpaka-puzzle-1-alpakahof-hahn.jpg?fit=1080%2C1080&ssl=1&resize=525%2C300 1.5x, https:\/\/i0.wp.com\/www.alpakahof-hahn.at\/shop\/wp-content\/uploads\/2020\/12\/alpaka-puzzle-1-alpakahof-hahn.jpg?fit=1080%2C1080&ssl=1&resize=700%2C400 2x, https:\/\/i0.wp.com\/www.alpakahof-hahn.at\/shop\/wp-content\/uploads\/2020\/12\/alpaka-puzzle-1-alpakahof-hahn.jpg?fit=1080%2C1080&ssl=1&resize=1050%2C600 3x"},"classes":[]},{"id":31040,"url":"https:\/\/www.alpakahof-hahn.at\/shop\/produkt\/alpaka-freizeit-socken-gruen\/","url_meta":{"origin":46450,"position":1},"title":"Alpaka Freizeit-Socken in gr\u00fcn","author":"Manuel Hahn","date":"4. November 2020","format":false,"excerpt":"Diese Strick-Alpaka Socken sind ideal f\u00fcr jeder Freizeitaktivit\u00e4t. - Material: 52% Alpaka 18% Wolle 17% Acryl 11% Nylon 2% Elasthan - atmungsaktiv - flauschig und zart zur Haut - auch f\u00fcr Rheumatiker optimal - f\u00fcr Menschen mit Neurodermitis geeignet - anti-allergen Zus\u00e4tzliche Informationen: Die Alpaka Socken sollten nicht in der\u2026","rel":"","context":"\u00c4hnlicher Beitrag","block_context":{"text":"\u00c4hnlicher Beitrag","link":""},"img":{"alt_text":"","src":"https:\/\/i0.wp.com\/www.alpakahof-hahn.at\/shop\/wp-content\/uploads\/2020\/11\/10040_alpaka-freizeit-socken-gruen-02-damen-herren-stricksocken_6er_pack.jpg?fit=791%2C1200&ssl=1&resize=350%2C200","width":350,"height":200,"srcset":"https:\/\/i0.wp.com\/www.alpakahof-hahn.at\/shop\/wp-content\/uploads\/2020\/11\/10040_alpaka-freizeit-socken-gruen-02-damen-herren-stricksocken_6er_pack.jpg?fit=791%2C1200&ssl=1&resize=350%2C200 1x, https:\/\/i0.wp.com\/www.alpakahof-hahn.at\/shop\/wp-content\/uploads\/2020\/11\/10040_alpaka-freizeit-socken-gruen-02-damen-herren-stricksocken_6er_pack.jpg?fit=791%2C1200&ssl=1&resize=525%2C300 1.5x, https:\/\/i0.wp.com\/www.alpakahof-hahn.at\/shop\/wp-content\/uploads\/2020\/11\/10040_alpaka-freizeit-socken-gruen-02-damen-herren-stricksocken_6er_pack.jpg?fit=791%2C1200&ssl=1&resize=700%2C400 2x"},"classes":[]},{"id":35006,"url":"https:\/\/www.alpakahof-hahn.at\/shop\/produkt\/alpaka-freizeit-socken-in-violett\/","url_meta":{"origin":46450,"position":2},"title":"Alpaka Freizeit-Socken in violett","author":"Manuel Hahn","date":"24. November 2020","format":false,"excerpt":"Diese Strick-Alpaka Socken sind ideal f\u00fcr jeder Freizeitaktivit\u00e4t. - Material: 52% Alpaka 18% Wolle 17% Acryl 11% Nylon 2% Elasthan - atmungsaktiv - flauschig und zart zur Haut - auch f\u00fcr Rheumatiker optimal - f\u00fcr Menschen mit Neurodermitis geeignet - anti-allergen - Hersteller Apu Kuntur Zus\u00e4tzliche Informationen: Die Alpaka Socken\u2026","rel":"","context":"\u00c4hnlicher Beitrag","block_context":{"text":"\u00c4hnlicher Beitrag","link":""},"img":{"alt_text":"","src":"https:\/\/i0.wp.com\/www.alpakahof-hahn.at\/shop\/wp-content\/uploads\/2020\/11\/alpaka-freizeit-socken-violett-alpakahof-hahn.jpg?fit=791%2C1200&ssl=1&resize=350%2C200","width":350,"height":200,"srcset":"https:\/\/i0.wp.com\/www.alpakahof-hahn.at\/shop\/wp-content\/uploads\/2020\/11\/alpaka-freizeit-socken-violett-alpakahof-hahn.jpg?fit=791%2C1200&ssl=1&resize=350%2C200 1x, https:\/\/i0.wp.com\/www.alpakahof-hahn.at\/shop\/wp-content\/uploads\/2020\/11\/alpaka-freizeit-socken-violett-alpakahof-hahn.jpg?fit=791%2C1200&ssl=1&resize=525%2C300 1.5x, https:\/\/i0.wp.com\/www.alpakahof-hahn.at\/shop\/wp-content\/uploads\/2020\/11\/alpaka-freizeit-socken-violett-alpakahof-hahn.jpg?fit=791%2C1200&ssl=1&resize=700%2C400 2x"},"classes":[]},{"id":47698,"url":"https:\/\/www.alpakahof-hahn.at\/shop\/produkt\/alpaka-freizeit-socken-sand\/","url_meta":{"origin":46450,"position":3},"title":"Alpaka Freizeit-Socken Sand","author":"Manuel Hahn","date":"25. Oktober 2023","format":false,"excerpt":"Diese Strick-Alpaka Socken sind ideal f\u00fcr jeder Freizeitaktivit\u00e4t. - Material: 52% Alpaka 18% Wolle 17% Acryl 11% Nylon 2% Elasthan - atmungsaktiv - flauschig und zart zur Haut - auch f\u00fcr Rheumatiker optimal - f\u00fcr Menschen mit Neurodermitis geeignet - anti-allergen - Hersteller Apu Kuntur Zus\u00e4tzliche Informationen: Die Alpaka Socken\u2026","rel":"","context":"\u00c4hnlicher Beitrag","block_context":{"text":"\u00c4hnlicher Beitrag","link":""},"img":{"alt_text":"","src":"https:\/\/i0.wp.com\/www.alpakahof-hahn.at\/shop\/wp-content\/uploads\/2023\/02\/alpaka-socken-freizeit-6er-pack-aus-alpaka-wolle-mix.jpg?fit=527%2C800&ssl=1&resize=350%2C200","width":350,"height":200,"srcset":"https:\/\/i0.wp.com\/www.alpakahof-hahn.at\/shop\/wp-content\/uploads\/2023\/02\/alpaka-socken-freizeit-6er-pack-aus-alpaka-wolle-mix.jpg?fit=527%2C800&ssl=1&resize=350%2C200 1x, https:\/\/i0.wp.com\/www.alpakahof-hahn.at\/shop\/wp-content\/uploads\/2023\/02\/alpaka-socken-freizeit-6er-pack-aus-alpaka-wolle-mix.jpg?fit=527%2C800&ssl=1&resize=525%2C300 1.5x"},"classes":[]},{"id":47093,"url":"https:\/\/www.alpakahof-hahn.at\/shop\/produkt\/alpaka-beinstulpen-ripp\/","url_meta":{"origin":46450,"position":4},"title":"Alpaka Beinstulpen RIPP","author":"Manuel Hahn","date":"26. Oktober 2022","format":false,"excerpt":"Unsere Alpaka Beinstulpen in schwarz bestehen aus feinem Baby Alpaka Rippenstrick. Der perfekte Begleiter f\u00fcr kalte Herbst- und Wintertage. - Material: 100% Alpaka (Baby Alpaka) - L\u00e4nge: 44 cm - einfacher Rippen-Strick f\u00fcr h\u00f6chste Dehnbarkeit - reine Natur-Faser - gro\u00dfe Farb-Palette zur Auswahl","rel":"","context":"\u00c4hnlicher Beitrag","block_context":{"text":"\u00c4hnlicher Beitrag","link":""},"img":{"alt_text":"","src":"https:\/\/i0.wp.com\/www.alpakahof-hahn.at\/shop\/wp-content\/uploads\/2022\/10\/alpaka-beinstulpen-schwarz-alpakahof-hahn.jpg?fit=475%2C720&ssl=1&resize=350%2C200","width":350,"height":200},"classes":[]},{"id":46310,"url":"https:\/\/www.alpakahof-hahn.at\/shop\/produkt\/baby-alpaka-kindersocken-klein-baby-blau\/","url_meta":{"origin":46450,"position":5},"title":"Baby Alpaka Kindersocken baby-blau","author":"Manuel Hahn","date":"30. November 2021","format":false,"excerpt":"Die zarten F\u00fc\u00dfchen unserer Kleinsten brauchen besonders viel Pflege. Das kann schon bei der Auswahl der Kleidung anfangen! Dank der feinen Beschaffenheit der Alpaka Kinder-Socken sind diese wohlig warm und flauschig weich - sogar weicher als Kaschmir!\u00a0Besonders geeignet sind diese S\u00f6ckchen auch f\u00fcr Neurodermitiker oder besonders sensible Haut, da die\u2026","rel":"","context":"\u00c4hnlicher Beitrag","block_context":{"text":"\u00c4hnlicher Beitrag","link":""},"img":{"alt_text":"","src":"https:\/\/i0.wp.com\/www.alpakahof-hahn.at\/shop\/wp-content\/uploads\/2021\/11\/alpaka-socken-kinder-gr-15-29-aus-70-baby-alpaka-25-baumwolle.jpg?fit=928%2C1200&ssl=1&resize=350%2C200","width":350,"height":200,"srcset":"https:\/\/i0.wp.com\/www.alpakahof-hahn.at\/shop\/wp-content\/uploads\/2021\/11\/alpaka-socken-kinder-gr-15-29-aus-70-baby-alpaka-25-baumwolle.jpg?fit=928%2C1200&ssl=1&resize=350%2C200 1x, https:\/\/i0.wp.com\/www.alpakahof-hahn.at\/shop\/wp-content\/uploads\/2021\/11\/alpaka-socken-kinder-gr-15-29-aus-70-baby-alpaka-25-baumwolle.jpg?fit=928%2C1200&ssl=1&resize=525%2C300 1.5x, https:\/\/i0.wp.com\/www.alpakahof-hahn.at\/shop\/wp-content\/uploads\/2021\/11\/alpaka-socken-kinder-gr-15-29-aus-70-baby-alpaka-25-baumwolle.jpg?fit=928%2C1200&ssl=1&resize=700%2C400 2x"},"classes":[]}],"_links":{"self":[{"href":"https:\/\/www.alpakahof-hahn.at\/shop\/wp-json\/wp\/v2\/product\/46450","targetHints":{"allow":["GET"]}}],"collection":[{"href":"https:\/\/www.alpakahof-hahn.at\/shop\/wp-json\/wp\/v2\/product"}],"about":[{"href":"https:\/\/www.alpakahof-hahn.at\/shop\/wp-json\/wp\/v2\/types\/product"}],"wp:featuredmedia":[{"embeddable":true,"href":"https:\/\/www.alpakahof-hahn.at\/shop\/wp-json\/wp\/v2\/media\/46451"}],"wp:attachment":[{"href":"https:\/\/www.alpakahof-hahn.at\/shop\/wp-json\/wp\/v2\/media?parent=46450"}],"wp:term":[{"taxonomy":"brand","embeddable":true,"href":"https:\/\/www.alpakahof-hahn.at\/shop\/wp-json\/wp\/v2\/etheme_brands?post=46450"},{"taxonomy":"product_brand","embeddable":true,"href":"https:\/\/www.alpakahof-hahn.at\/shop\/wp-json\/wp\/v2\/product_brand?post=46450"},{"taxonomy":"product_cat","embeddable":true,"href":"https:\/\/www.alpakahof-hahn.at\/shop\/wp-json\/wp\/v2\/product_cat?post=46450"},{"taxonomy":"product_tag","embeddable":true,"href":"https:\/\/www.alpakahof-hahn.at\/shop\/wp-json\/wp\/v2\/product_tag?post=46450"}],"curies":[{"name":"wp","href":"https:\/\/api.w.org\/{rel}","templated":true}]}}