{"id":46295,"date":"2021-11-30T21:10:28","date_gmt":"2021-11-30T20:10:28","guid":{"rendered":"https:\/\/www.alpakahof-hahn.at\/shop\/?post_type=product&#038;p=46295"},"modified":"2022-05-12T16:52:07","modified_gmt":"2022-05-12T14:52:07","slug":"alpaka-handschuhe-gefuettert-blau-meliert","status":"publish","type":"product","link":"https:\/\/www.alpakahof-hahn.at\/shop\/produkt\/alpaka-handschuhe-gefuettert-blau-meliert\/","title":{"rendered":"Alpaka Fingerhandschuhe gef\u00fcttert blau-meliert"},"content":{"rendered":"","protected":false},"excerpt":{"rendered":"<p>&#8211; zeitloser eleganter Stil<br \/>\n&#8211; robust und weich durch reines Alpaka<br \/>\n&#8211; wind- und wetterfest durch warmes Baumwollvlies-Futter<br \/>\n&#8211; Fair hergestellte von Apu Kuntur in Peru<\/p>\n<p>&nbsp;<\/p>\n","protected":false},"featured_media":46300,"template":"","meta":{"jetpack_post_was_ever_published":false,"jetpack_publicize_message":"","jetpack_publicize_feature_enabled":true,"jetpack_social_post_already_shared":true,"jetpack_social_options":{"image_generator_settings":{"template":"highway","default_image_id":0,"font":"","enabled":false},"version":2}},"etheme_brands":[],"product_brand":[],"product_cat":[83],"product_tag":[],"class_list":{"0":"post-46295","1":"product","2":"type-product","3":"status-publish","4":"has-post-thumbnail","6":"product_cat-handschuhe","8":"first","9":"outofstock","10":"taxable","11":"shipping-taxable","12":"purchasable","13":"product-type-variable","14":"has-default-attributes"},"supplier_id":null,"supplier_sku":"","barcode":null,"atum_controlled":true,"out_stock_date":null,"out_stock_threshold":null,"inheritable":true,"inbound_stock":0,"stock_on_hold":0,"sold_today":0,"sales_last_days":0,"reserved_stock":0,"customer_returns":0,"warehouse_damage":0,"lost_in_post":0,"other_logs":0,"out_stock_days":0,"lost_sales":0,"has_location":false,"update_date":"2026-04-08T07:43:23","atum_locations":[],"atum_stock_status":"outofstock","restock_status":false,"low_stock_amount":"","sales_update_date":"2026-04-08T07:43:23","calc_backorders":null,"yoast_head":"<!-- This site is optimized with the Yoast SEO plugin v26.5 - https:\/\/yoast.com\/wordpress\/plugins\/seo\/ -->\n<title>Alpaka Fingerhandschuhe gef\u00fcttert blau-meliert - Alpaka Online-Shop<\/title>\n<meta name=\"robots\" content=\"index, follow, max-snippet:-1, max-image-preview:large, max-video-preview:-1\" \/>\n<link rel=\"canonical\" href=\"https:\/\/www.alpakahof-hahn.at\/shop\/produkt\/alpaka-handschuhe-gefuettert-blau-meliert\/\" \/>\n<meta name=\"twitter:card\" content=\"summary_large_image\" \/>\n<meta name=\"twitter:title\" content=\"Alpaka Fingerhandschuhe gef\u00fcttert blau-meliert - Alpaka Online-Shop\" \/>\n<meta name=\"twitter:description\" content=\"- zeitloser eleganter Stil - robust und weich durch reines Alpaka - wind- und wetterfest durch warmes Baumwollvlies-Futter - Fair hergestellte von Apu Kuntur in Peru  &nbsp;\" \/>\n<meta name=\"twitter:image\" content=\"https:\/\/i0.wp.com\/www.alpakahof-hahn.at\/shop\/wp-content\/uploads\/2021\/11\/Alpaka-Handschuhe-blau-meliert-Alpakahof-Hahn-1.jpg?fit=527%2C800&ssl=1\" \/>\n<script type=\"application\/ld+json\" class=\"yoast-schema-graph\">{\"@context\":\"https:\/\/schema.org\",\"@graph\":[{\"@type\":\"WebPage\",\"@id\":\"https:\/\/www.alpakahof-hahn.at\/shop\/produkt\/alpaka-handschuhe-gefuettert-blau-meliert\/\",\"url\":\"https:\/\/www.alpakahof-hahn.at\/shop\/produkt\/alpaka-handschuhe-gefuettert-blau-meliert\/\",\"name\":\"Alpaka Fingerhandschuhe gef\u00fcttert blau-meliert - Alpaka Online-Shop\",\"isPartOf\":{\"@id\":\"https:\/\/www.alpakahof-hahn.at\/shop\/#website\"},\"primaryImageOfPage\":{\"@id\":\"https:\/\/www.alpakahof-hahn.at\/shop\/produkt\/alpaka-handschuhe-gefuettert-blau-meliert\/#primaryimage\"},\"image\":{\"@id\":\"https:\/\/www.alpakahof-hahn.at\/shop\/produkt\/alpaka-handschuhe-gefuettert-blau-meliert\/#primaryimage\"},\"thumbnailUrl\":\"https:\/\/i0.wp.com\/www.alpakahof-hahn.at\/shop\/wp-content\/uploads\/2021\/11\/Alpaka-Handschuhe-blau-meliert-Alpakahof-Hahn-1.jpg?fit=527%2C800&ssl=1\",\"datePublished\":\"2021-11-30T20:10:28+00:00\",\"dateModified\":\"2022-05-12T14:52:07+00:00\",\"breadcrumb\":{\"@id\":\"https:\/\/www.alpakahof-hahn.at\/shop\/produkt\/alpaka-handschuhe-gefuettert-blau-meliert\/#breadcrumb\"},\"inLanguage\":\"de\",\"potentialAction\":[{\"@type\":\"ReadAction\",\"target\":[\"https:\/\/www.alpakahof-hahn.at\/shop\/produkt\/alpaka-handschuhe-gefuettert-blau-meliert\/\"]}]},{\"@type\":\"ImageObject\",\"inLanguage\":\"de\",\"@id\":\"https:\/\/www.alpakahof-hahn.at\/shop\/produkt\/alpaka-handschuhe-gefuettert-blau-meliert\/#primaryimage\",\"url\":\"https:\/\/i0.wp.com\/www.alpakahof-hahn.at\/shop\/wp-content\/uploads\/2021\/11\/Alpaka-Handschuhe-blau-meliert-Alpakahof-Hahn-1.jpg?fit=527%2C800&ssl=1\",\"contentUrl\":\"https:\/\/i0.wp.com\/www.alpakahof-hahn.at\/shop\/wp-content\/uploads\/2021\/11\/Alpaka-Handschuhe-blau-meliert-Alpakahof-Hahn-1.jpg?fit=527%2C800&ssl=1\",\"width\":527,\"height\":800},{\"@type\":\"BreadcrumbList\",\"@id\":\"https:\/\/www.alpakahof-hahn.at\/shop\/produkt\/alpaka-handschuhe-gefuettert-blau-meliert\/#breadcrumb\",\"itemListElement\":[{\"@type\":\"ListItem\",\"position\":1,\"name\":\"Shop\",\"item\":\"https:\/\/www.alpakahof-hahn.at\/shop\/\"},{\"@type\":\"ListItem\",\"position\":2,\"name\":\"Shop\",\"item\":\"https:\/\/www.alpakahof-hahn.at\/shop\/shop\/\"},{\"@type\":\"ListItem\",\"position\":3,\"name\":\"Alpaka Fingerhandschuhe gef\u00fcttert blau-meliert\"}]},{\"@type\":\"WebSite\",\"@id\":\"https:\/\/www.alpakahof-hahn.at\/shop\/#website\",\"url\":\"https:\/\/www.alpakahof-hahn.at\/shop\/\",\"name\":\"Alpaka Online-Shop\",\"description\":\"Der Hofladen der Familie Hahn\",\"potentialAction\":[{\"@type\":\"SearchAction\",\"target\":{\"@type\":\"EntryPoint\",\"urlTemplate\":\"https:\/\/www.alpakahof-hahn.at\/shop\/?s={search_term_string}\"},\"query-input\":{\"@type\":\"PropertyValueSpecification\",\"valueRequired\":true,\"valueName\":\"search_term_string\"}}],\"inLanguage\":\"de\"}]}<\/script>\n<!-- \/ Yoast SEO plugin. -->","yoast_head_json":{"title":"Alpaka Fingerhandschuhe gef\u00fcttert blau-meliert - Alpaka Online-Shop","robots":{"index":"index","follow":"follow","max-snippet":"max-snippet:-1","max-image-preview":"max-image-preview:large","max-video-preview":"max-video-preview:-1"},"canonical":"https:\/\/www.alpakahof-hahn.at\/shop\/produkt\/alpaka-handschuhe-gefuettert-blau-meliert\/","twitter_card":"summary_large_image","twitter_title":"Alpaka Fingerhandschuhe gef\u00fcttert blau-meliert - Alpaka Online-Shop","twitter_description":"- zeitloser eleganter Stil - robust und weich durch reines Alpaka - wind- und wetterfest durch warmes Baumwollvlies-Futter - Fair hergestellte von Apu Kuntur in Peru  &nbsp;","twitter_image":"https:\/\/i0.wp.com\/www.alpakahof-hahn.at\/shop\/wp-content\/uploads\/2021\/11\/Alpaka-Handschuhe-blau-meliert-Alpakahof-Hahn-1.jpg?fit=527%2C800&ssl=1","schema":{"@context":"https:\/\/schema.org","@graph":[{"@type":"WebPage","@id":"https:\/\/www.alpakahof-hahn.at\/shop\/produkt\/alpaka-handschuhe-gefuettert-blau-meliert\/","url":"https:\/\/www.alpakahof-hahn.at\/shop\/produkt\/alpaka-handschuhe-gefuettert-blau-meliert\/","name":"Alpaka Fingerhandschuhe gef\u00fcttert blau-meliert - Alpaka Online-Shop","isPartOf":{"@id":"https:\/\/www.alpakahof-hahn.at\/shop\/#website"},"primaryImageOfPage":{"@id":"https:\/\/www.alpakahof-hahn.at\/shop\/produkt\/alpaka-handschuhe-gefuettert-blau-meliert\/#primaryimage"},"image":{"@id":"https:\/\/www.alpakahof-hahn.at\/shop\/produkt\/alpaka-handschuhe-gefuettert-blau-meliert\/#primaryimage"},"thumbnailUrl":"https:\/\/i0.wp.com\/www.alpakahof-hahn.at\/shop\/wp-content\/uploads\/2021\/11\/Alpaka-Handschuhe-blau-meliert-Alpakahof-Hahn-1.jpg?fit=527%2C800&ssl=1","datePublished":"2021-11-30T20:10:28+00:00","dateModified":"2022-05-12T14:52:07+00:00","breadcrumb":{"@id":"https:\/\/www.alpakahof-hahn.at\/shop\/produkt\/alpaka-handschuhe-gefuettert-blau-meliert\/#breadcrumb"},"inLanguage":"de","potentialAction":[{"@type":"ReadAction","target":["https:\/\/www.alpakahof-hahn.at\/shop\/produkt\/alpaka-handschuhe-gefuettert-blau-meliert\/"]}]},{"@type":"ImageObject","inLanguage":"de","@id":"https:\/\/www.alpakahof-hahn.at\/shop\/produkt\/alpaka-handschuhe-gefuettert-blau-meliert\/#primaryimage","url":"https:\/\/i0.wp.com\/www.alpakahof-hahn.at\/shop\/wp-content\/uploads\/2021\/11\/Alpaka-Handschuhe-blau-meliert-Alpakahof-Hahn-1.jpg?fit=527%2C800&ssl=1","contentUrl":"https:\/\/i0.wp.com\/www.alpakahof-hahn.at\/shop\/wp-content\/uploads\/2021\/11\/Alpaka-Handschuhe-blau-meliert-Alpakahof-Hahn-1.jpg?fit=527%2C800&ssl=1","width":527,"height":800},{"@type":"BreadcrumbList","@id":"https:\/\/www.alpakahof-hahn.at\/shop\/produkt\/alpaka-handschuhe-gefuettert-blau-meliert\/#breadcrumb","itemListElement":[{"@type":"ListItem","position":1,"name":"Shop","item":"https:\/\/www.alpakahof-hahn.at\/shop\/"},{"@type":"ListItem","position":2,"name":"Shop","item":"https:\/\/www.alpakahof-hahn.at\/shop\/shop\/"},{"@type":"ListItem","position":3,"name":"Alpaka Fingerhandschuhe gef\u00fcttert blau-meliert"}]},{"@type":"WebSite","@id":"https:\/\/www.alpakahof-hahn.at\/shop\/#website","url":"https:\/\/www.alpakahof-hahn.at\/shop\/","name":"Alpaka Online-Shop","description":"Der Hofladen der Familie Hahn","potentialAction":[{"@type":"SearchAction","target":{"@type":"EntryPoint","urlTemplate":"https:\/\/www.alpakahof-hahn.at\/shop\/?s={search_term_string}"},"query-input":{"@type":"PropertyValueSpecification","valueRequired":true,"valueName":"search_term_string"}}],"inLanguage":"de"}]}},"jetpack_publicize_connections":[],"jetpack_sharing_enabled":true,"jetpack-related-posts":[{"id":5177,"url":"https:\/\/www.alpakahof-hahn.at\/shop\/produkt\/alpaka-herrenhandschuhe-gefuettert-schwarz\/","url_meta":{"origin":46295,"position":0},"title":"Alpaka -Handschuhe gef\u00fcttert schwarz","author":"Manuel Hahn","date":"9. Oktober 2017","format":false,"excerpt":"- zeitloser eleganter Stil - robust und weich durch reines Alpaka - wind- und wetterfest durch warmes Baumwollvlies-Futter - Fair hergestellte von Apu Kuntur in Peru","rel":"","context":"\u00c4hnlicher Beitrag","block_context":{"text":"\u00c4hnlicher Beitrag","link":""},"img":{"alt_text":"","src":"https:\/\/i0.wp.com\/www.alpakahof-hahn.at\/shop\/wp-content\/uploads\/2017\/10\/08094-schwarz-01.jpg?fit=791%2C1200&ssl=1&resize=350%2C200","width":350,"height":200,"srcset":"https:\/\/i0.wp.com\/www.alpakahof-hahn.at\/shop\/wp-content\/uploads\/2017\/10\/08094-schwarz-01.jpg?fit=791%2C1200&ssl=1&resize=350%2C200 1x, https:\/\/i0.wp.com\/www.alpakahof-hahn.at\/shop\/wp-content\/uploads\/2017\/10\/08094-schwarz-01.jpg?fit=791%2C1200&ssl=1&resize=525%2C300 1.5x, https:\/\/i0.wp.com\/www.alpakahof-hahn.at\/shop\/wp-content\/uploads\/2017\/10\/08094-schwarz-01.jpg?fit=791%2C1200&ssl=1&resize=700%2C400 2x"},"classes":[]},{"id":5538,"url":"https:\/\/www.alpakahof-hahn.at\/shop\/produkt\/alpaka-herren-handschuhe-gefuettert-anthrazit\/","url_meta":{"origin":46295,"position":1},"title":"Alpaka -Handschuhe gef\u00fcttert anthrazit","author":"Manuel Hahn","date":"12. Januar 2019","format":false,"excerpt":"- zeitloser eleganter Stil - robust und weich durch reines Alpaka - wind- und wetterfest durch warmes Baumwollvlies-Futter - Fair hergestellte von Apu Kuntur in Peru","rel":"","context":"\u00c4hnlicher Beitrag","block_context":{"text":"\u00c4hnlicher Beitrag","link":""},"img":{"alt_text":"","src":"https:\/\/i0.wp.com\/www.alpakahof-hahn.at\/shop\/wp-content\/uploads\/2019\/01\/08094-alpaka-handschuhe-anthrazit-02.jpg?fit=822%2C1000&ssl=1&resize=350%2C200","width":350,"height":200,"srcset":"https:\/\/i0.wp.com\/www.alpakahof-hahn.at\/shop\/wp-content\/uploads\/2019\/01\/08094-alpaka-handschuhe-anthrazit-02.jpg?fit=822%2C1000&ssl=1&resize=350%2C200 1x, https:\/\/i0.wp.com\/www.alpakahof-hahn.at\/shop\/wp-content\/uploads\/2019\/01\/08094-alpaka-handschuhe-anthrazit-02.jpg?fit=822%2C1000&ssl=1&resize=525%2C300 1.5x, https:\/\/i0.wp.com\/www.alpakahof-hahn.at\/shop\/wp-content\/uploads\/2019\/01\/08094-alpaka-handschuhe-anthrazit-02.jpg?fit=822%2C1000&ssl=1&resize=700%2C400 2x"},"classes":[]},{"id":5358,"url":"https:\/\/www.alpakahof-hahn.at\/shop\/produkt\/alpaka-wolle-grau\/","url_meta":{"origin":46295,"position":2},"title":"Alpaka-Wolle graut\u00f6ne","author":"Manuel Hahn","date":"16. Oktober 2018","format":false,"excerpt":"Diese vierfach gezwirnte Alpaka-Socken-Wolle f\u00fcr die Nadel-St\u00e4rke 2,5 zeichnet sich durch fr\u00f6hliche Farb-Kombinationen und durch eine robuste, jedoch komfortable Faser-Kombination aus.\u00a0 Sie ist hervorragend geeignet zum Stricken und H\u00e4keln von Socken, Str\u00fcmpfen oder Hausschuhen oder auch von Accessoires wie Bein-Stulpen, welche besonders widerstandsf\u00e4hig und doch angenehm, warm und atmungsaktiv sein\u2026","rel":"","context":"\u00c4hnlicher Beitrag","block_context":{"text":"\u00c4hnlicher Beitrag","link":""},"img":{"alt_text":"","src":"https:\/\/i0.wp.com\/www.alpakahof-hahn.at\/shop\/wp-content\/uploads\/2018\/10\/15055-alpaka-wolle-grau.jpg?fit=1200%2C1037&ssl=1&resize=350%2C200","width":350,"height":200,"srcset":"https:\/\/i0.wp.com\/www.alpakahof-hahn.at\/shop\/wp-content\/uploads\/2018\/10\/15055-alpaka-wolle-grau.jpg?fit=1200%2C1037&ssl=1&resize=350%2C200 1x, https:\/\/i0.wp.com\/www.alpakahof-hahn.at\/shop\/wp-content\/uploads\/2018\/10\/15055-alpaka-wolle-grau.jpg?fit=1200%2C1037&ssl=1&resize=525%2C300 1.5x, https:\/\/i0.wp.com\/www.alpakahof-hahn.at\/shop\/wp-content\/uploads\/2018\/10\/15055-alpaka-wolle-grau.jpg?fit=1200%2C1037&ssl=1&resize=700%2C400 2x, https:\/\/i0.wp.com\/www.alpakahof-hahn.at\/shop\/wp-content\/uploads\/2018\/10\/15055-alpaka-wolle-grau.jpg?fit=1200%2C1037&ssl=1&resize=1050%2C600 3x"},"classes":[]},{"id":5356,"url":"https:\/\/www.alpakahof-hahn.at\/shop\/produkt\/alpaka-wolle-kupfer-orange\/","url_meta":{"origin":46295,"position":3},"title":"Alpaka-Wolle kupfer-orange","author":"Manuel Hahn","date":"16. Oktober 2018","format":false,"excerpt":"Diese vierfach gezwirnte Alpaka-Socken-Wolle f\u00fcr die Nadel-St\u00e4rke 2,5 zeichnet sich durch fr\u00f6hliche Farb-Kombinationen und durch eine robuste, jedoch komfortable Faser-Kombination aus.\u00a0 Sie ist hervorragend geeignet zum Stricken und H\u00e4keln von Socken, Str\u00fcmpfen oder Hausschuhen oder auch von Accessoires wie Bein-Stulpen, welche besonders widerstandsf\u00e4hig und doch angenehm, warm und atmungsaktiv sein\u2026","rel":"","context":"\u00c4hnlicher Beitrag","block_context":{"text":"\u00c4hnlicher Beitrag","link":""},"img":{"alt_text":"","src":"https:\/\/i0.wp.com\/www.alpakahof-hahn.at\/shop\/wp-content\/uploads\/2018\/10\/15055-alpaka-wolle-kupfer-orange.jpg?fit=1200%2C1056&ssl=1&resize=350%2C200","width":350,"height":200,"srcset":"https:\/\/i0.wp.com\/www.alpakahof-hahn.at\/shop\/wp-content\/uploads\/2018\/10\/15055-alpaka-wolle-kupfer-orange.jpg?fit=1200%2C1056&ssl=1&resize=350%2C200 1x, https:\/\/i0.wp.com\/www.alpakahof-hahn.at\/shop\/wp-content\/uploads\/2018\/10\/15055-alpaka-wolle-kupfer-orange.jpg?fit=1200%2C1056&ssl=1&resize=525%2C300 1.5x, https:\/\/i0.wp.com\/www.alpakahof-hahn.at\/shop\/wp-content\/uploads\/2018\/10\/15055-alpaka-wolle-kupfer-orange.jpg?fit=1200%2C1056&ssl=1&resize=700%2C400 2x, https:\/\/i0.wp.com\/www.alpakahof-hahn.at\/shop\/wp-content\/uploads\/2018\/10\/15055-alpaka-wolle-kupfer-orange.jpg?fit=1200%2C1056&ssl=1&resize=1050%2C600 3x"},"classes":[]},{"id":5353,"url":"https:\/\/www.alpakahof-hahn.at\/shop\/produkt\/alpaka-wolle-gelb-gruen\/","url_meta":{"origin":46295,"position":4},"title":"Alpaka-Wolle gelb-gruen","author":"Manuel Hahn","date":"16. Oktober 2018","format":false,"excerpt":"Diese vierfach gezwirnte Alpaka-Socken-Wolle f\u00fcr die Nadel-St\u00e4rke 2,5 zeichnet sich durch fr\u00f6hliche Farb-Kombinationen und durch eine robuste, jedoch komfortable Faser-Kombination aus.\u00a0 Sie ist hervorragend geeignet zum Stricken und H\u00e4keln von Socken, Str\u00fcmpfen oder Hausschuhen oder auch von Accessoires wie Bein-Stulpen, welche besonders widerstandsf\u00e4hig und doch angenehm, warm und atmungsaktiv sein\u2026","rel":"","context":"\u00c4hnlicher Beitrag","block_context":{"text":"\u00c4hnlicher Beitrag","link":""},"img":{"alt_text":"","src":"https:\/\/i0.wp.com\/www.alpakahof-hahn.at\/shop\/wp-content\/uploads\/2018\/10\/alpaka-wolle-gruen-gelb.jpg?fit=1200%2C1018&ssl=1&resize=350%2C200","width":350,"height":200,"srcset":"https:\/\/i0.wp.com\/www.alpakahof-hahn.at\/shop\/wp-content\/uploads\/2018\/10\/alpaka-wolle-gruen-gelb.jpg?fit=1200%2C1018&ssl=1&resize=350%2C200 1x, https:\/\/i0.wp.com\/www.alpakahof-hahn.at\/shop\/wp-content\/uploads\/2018\/10\/alpaka-wolle-gruen-gelb.jpg?fit=1200%2C1018&ssl=1&resize=525%2C300 1.5x, https:\/\/i0.wp.com\/www.alpakahof-hahn.at\/shop\/wp-content\/uploads\/2018\/10\/alpaka-wolle-gruen-gelb.jpg?fit=1200%2C1018&ssl=1&resize=700%2C400 2x, https:\/\/i0.wp.com\/www.alpakahof-hahn.at\/shop\/wp-content\/uploads\/2018\/10\/alpaka-wolle-gruen-gelb.jpg?fit=1200%2C1018&ssl=1&resize=1050%2C600 3x"},"classes":[]},{"id":5361,"url":"https:\/\/www.alpakahof-hahn.at\/shop\/produkt\/alpaka-wolle-violett-lila\/","url_meta":{"origin":46295,"position":5},"title":"Alpaka-Wolle violett-lila","author":"Manuel Hahn","date":"16. Oktober 2018","format":false,"excerpt":"Diese vierfach gezwirnte Alpaka-Socken-Wolle f\u00fcr die Nadel-St\u00e4rke 2,5 zeichnet sich durch fr\u00f6hliche Farb-Kombinationen und durch eine robuste, jedoch komfortable Faser-Kombination aus.\u00a0 Sie ist hervorragend geeignet zum Stricken und H\u00e4keln von Socken, Str\u00fcmpfen oder Hausschuhen oder auch von Accessoires wie Bein-Stulpen, welche besonders widerstandsf\u00e4hig und doch angenehm, warm und atmungsaktiv sein\u2026","rel":"","context":"\u00c4hnlicher Beitrag","block_context":{"text":"\u00c4hnlicher Beitrag","link":""},"img":{"alt_text":"","src":"https:\/\/i0.wp.com\/www.alpakahof-hahn.at\/shop\/wp-content\/uploads\/2018\/10\/alpaka-wolle-lila-violett.jpg?fit=1200%2C1047&ssl=1&resize=350%2C200","width":350,"height":200,"srcset":"https:\/\/i0.wp.com\/www.alpakahof-hahn.at\/shop\/wp-content\/uploads\/2018\/10\/alpaka-wolle-lila-violett.jpg?fit=1200%2C1047&ssl=1&resize=350%2C200 1x, https:\/\/i0.wp.com\/www.alpakahof-hahn.at\/shop\/wp-content\/uploads\/2018\/10\/alpaka-wolle-lila-violett.jpg?fit=1200%2C1047&ssl=1&resize=525%2C300 1.5x, https:\/\/i0.wp.com\/www.alpakahof-hahn.at\/shop\/wp-content\/uploads\/2018\/10\/alpaka-wolle-lila-violett.jpg?fit=1200%2C1047&ssl=1&resize=700%2C400 2x, https:\/\/i0.wp.com\/www.alpakahof-hahn.at\/shop\/wp-content\/uploads\/2018\/10\/alpaka-wolle-lila-violett.jpg?fit=1200%2C1047&ssl=1&resize=1050%2C600 3x"},"classes":[]}],"_links":{"self":[{"href":"https:\/\/www.alpakahof-hahn.at\/shop\/wp-json\/wp\/v2\/product\/46295","targetHints":{"allow":["GET"]}}],"collection":[{"href":"https:\/\/www.alpakahof-hahn.at\/shop\/wp-json\/wp\/v2\/product"}],"about":[{"href":"https:\/\/www.alpakahof-hahn.at\/shop\/wp-json\/wp\/v2\/types\/product"}],"wp:featuredmedia":[{"embeddable":true,"href":"https:\/\/www.alpakahof-hahn.at\/shop\/wp-json\/wp\/v2\/media\/46300"}],"wp:attachment":[{"href":"https:\/\/www.alpakahof-hahn.at\/shop\/wp-json\/wp\/v2\/media?parent=46295"}],"wp:term":[{"taxonomy":"brand","embeddable":true,"href":"https:\/\/www.alpakahof-hahn.at\/shop\/wp-json\/wp\/v2\/etheme_brands?post=46295"},{"taxonomy":"product_brand","embeddable":true,"href":"https:\/\/www.alpakahof-hahn.at\/shop\/wp-json\/wp\/v2\/product_brand?post=46295"},{"taxonomy":"product_cat","embeddable":true,"href":"https:\/\/www.alpakahof-hahn.at\/shop\/wp-json\/wp\/v2\/product_cat?post=46295"},{"taxonomy":"product_tag","embeddable":true,"href":"https:\/\/www.alpakahof-hahn.at\/shop\/wp-json\/wp\/v2\/product_tag?post=46295"}],"curies":[{"name":"wp","href":"https:\/\/api.w.org\/{rel}","templated":true}]}}