{"id":4620,"date":"2017-05-01T16:11:02","date_gmt":"2017-05-01T14:11:02","guid":{"rendered":"https:\/\/www.alpakahof-hahn.at\/shop\/?post_type=product&#038;p=4620"},"modified":"2026-04-22T13:14:31","modified_gmt":"2026-04-22T11:14:31","slug":"alpaka-luna-muetze-gefuettert","status":"publish","type":"product","link":"https:\/\/www.alpakahof-hahn.at\/shop\/produkt\/alpaka-luna-muetze-gefuettert\/","title":{"rendered":"Alpaka Luna M\u00fctze gef\u00fcttert"},"content":{"rendered":"<p>\u2013 Material: 100% Alpaka (Baby Alpaka),<\/p>\n<p>\u2013 Futter: 100% Baumwolle (Baumwollvlies)<\/p>\n<p>\u2013 in 3 Gr\u00f6\u00dfen erh\u00e4ltlich: S (47 cm Kopfumfang), M (52 cm) und L (56 cm)<\/p>\n","protected":false},"excerpt":{"rendered":"<p><span style=\"font-weight: 400;\">Eisigen Temperaturen standhalten Dank dieser M\u00fctze aus strapazierf\u00e4higer Alpakawolle: wich, geschmeidig, angenehm zu tragen und dabei wind- und wetterfest! <\/span><\/p>\n<p><span style=\"font-weight: 400;\">Diese Haube kommt in nat\u00fcrlichen Farben und Erdt\u00f6nen in peruanischem Design. <\/span><span style=\"font-weight: 400;\">Im peruanischen Design und herbstlichen Farben bringen Sie einen Teil der Anden mit dieser unverwechselbar sch\u00f6nen Haube mit in Ihren Kleiderschrank und auf die Stra\u00dfen Europas.\u00a0<\/span><span style=\"font-weight: 400;\">Zeitlos, Schick aber doch ein bisschen extravagant.\u00a0<\/span><span style=\"font-weight: 400;\">Kuscheliges Tragegef\u00fchl durch weiches Baumwoll-Innenfutter.\u00a0<\/span><span style=\"font-weight: 400;\">LUNA, die muss man einfach haben.<\/span><\/p>\n<p><span style=\"font-weight: 400;\">\u2013 zeitlos chic, in herbstlichen Erdt\u00f6nen<\/span><\/p>\n<p><span style=\"font-weight: 400;\">\u2013 kuschelig warm, angenehmes Tragegef\u00fchl<\/span><\/p>\n<p><span style=\"font-weight: 400;\">\u2013 wind- und wetterfest<\/span><\/p>\n<p><span style=\"font-weight: 400;\">\u2013 resistent gegen Staub und Schmutz<\/span><\/p>\n<p><span style=\"font-weight: 400;\">\u2013 Allover-Bord\u00fcren-Design aus Jacquard-Strick<\/span><\/p>\n<p>&nbsp;<\/p>\n","protected":false},"featured_media":4775,"template":"","meta":{"jetpack_post_was_ever_published":false,"jetpack_publicize_message":"","jetpack_publicize_feature_enabled":true,"jetpack_social_post_already_shared":false,"jetpack_social_options":{"image_generator_settings":{"template":"highway","default_image_id":0,"font":"","enabled":false},"version":2}},"etheme_brands":[{"term_id":79,"name":"APU KUNTUR","slug":"apu-kuntur","term_group":0,"term_taxonomy_id":79,"taxonomy":"brand","description":"","parent":0,"count":42,"filter":"raw"}],"product_brand":[],"product_cat":[75],"product_tag":[],"class_list":{"0":"post-4620","1":"product","2":"type-product","3":"status-publish","4":"has-post-thumbnail","6":"brand-apu-kuntur","7":"product_cat-hauben","9":"first","10":"instock","11":"taxable","12":"shipping-taxable","13":"purchasable","14":"product-type-variable"},"supplier_id":null,"supplier_sku":"","barcode":null,"atum_controlled":true,"out_stock_date":null,"out_stock_threshold":null,"inheritable":false,"inbound_stock":null,"stock_on_hold":0,"sold_today":0,"sales_last_days":0,"reserved_stock":null,"customer_returns":null,"warehouse_damage":null,"lost_in_post":null,"other_logs":null,"out_stock_days":0,"lost_sales":0,"has_location":false,"update_date":"2026-05-15T11:08:42","atum_locations":[],"atum_stock_status":"instock","restock_status":false,"low_stock_amount":"","sales_update_date":"2026-05-15T11:08:42","calc_backorders":null,"yoast_head":"<!-- This site is optimized with the Yoast SEO plugin v26.5 - https:\/\/yoast.com\/wordpress\/plugins\/seo\/ -->\n<title>Alpaka Luna M\u00fctze gef\u00fcttert - Alpaka Online-Shop<\/title>\n<meta name=\"robots\" content=\"index, follow, max-snippet:-1, max-image-preview:large, max-video-preview:-1\" \/>\n<link rel=\"canonical\" href=\"https:\/\/www.alpakahof-hahn.at\/shop\/produkt\/alpaka-luna-muetze-gefuettert\/\" \/>\n<meta name=\"twitter:card\" content=\"summary_large_image\" \/>\n<meta name=\"twitter:title\" content=\"Alpaka Luna M\u00fctze gef\u00fcttert - Alpaka Online-Shop\" \/>\n<meta name=\"twitter:description\" content=\"Eisigen Temperaturen standhalten Dank dieser M\u00fctze aus strapazierf\u00e4higer Alpakawolle: wich, geschmeidig, angenehm zu tragen und dabei wind- und wetterfest!   Diese Haube kommt in nat\u00fcrlichen Farben und Erdt\u00f6nen in peruanischem Design. Im peruanischen Design und herbstlichen Farben bringen Sie einen Teil der Anden mit dieser unverwechselbar sch\u00f6nen Haube mit in Ihren Kleiderschrank und auf die Stra\u00dfen Europas.\u00a0Zeitlos, Schick aber doch ein bisschen extravagant.\u00a0Kuscheliges Tragegef\u00fchl durch weiches Baumwoll-Innenfutter.\u00a0LUNA, die muss man einfach haben.  \u2013 zeitlos chic, in herbstlichen Erdt\u00f6nen  \u2013 kuschelig warm, angenehmes Tragegef\u00fchl  \u2013 wind- und wetterfest  \u2013 resistent gegen Staub und Schmutz  \u2013 Allover-Bord\u00fcren-Design aus Jacquard-Strick  &nbsp;\" \/>\n<meta name=\"twitter:image\" content=\"https:\/\/i0.wp.com\/www.alpakahof-hahn.at\/shop\/wp-content\/uploads\/2017\/05\/07151-herren-neu-01.jpg?fit=800%2C800&ssl=1\" \/>\n<script type=\"application\/ld+json\" class=\"yoast-schema-graph\">{\"@context\":\"https:\/\/schema.org\",\"@graph\":[{\"@type\":\"WebPage\",\"@id\":\"https:\/\/www.alpakahof-hahn.at\/shop\/produkt\/alpaka-luna-muetze-gefuettert\/\",\"url\":\"https:\/\/www.alpakahof-hahn.at\/shop\/produkt\/alpaka-luna-muetze-gefuettert\/\",\"name\":\"Alpaka Luna M\u00fctze gef\u00fcttert - Alpaka Online-Shop\",\"isPartOf\":{\"@id\":\"https:\/\/www.alpakahof-hahn.at\/shop\/#website\"},\"primaryImageOfPage\":{\"@id\":\"https:\/\/www.alpakahof-hahn.at\/shop\/produkt\/alpaka-luna-muetze-gefuettert\/#primaryimage\"},\"image\":{\"@id\":\"https:\/\/www.alpakahof-hahn.at\/shop\/produkt\/alpaka-luna-muetze-gefuettert\/#primaryimage\"},\"thumbnailUrl\":\"https:\/\/i0.wp.com\/www.alpakahof-hahn.at\/shop\/wp-content\/uploads\/2017\/05\/07151-herren-neu-01.jpg?fit=800%2C800&ssl=1\",\"datePublished\":\"2017-05-01T14:11:02+00:00\",\"dateModified\":\"2026-04-22T11:14:31+00:00\",\"breadcrumb\":{\"@id\":\"https:\/\/www.alpakahof-hahn.at\/shop\/produkt\/alpaka-luna-muetze-gefuettert\/#breadcrumb\"},\"inLanguage\":\"de\",\"potentialAction\":[{\"@type\":\"ReadAction\",\"target\":[\"https:\/\/www.alpakahof-hahn.at\/shop\/produkt\/alpaka-luna-muetze-gefuettert\/\"]}]},{\"@type\":\"ImageObject\",\"inLanguage\":\"de\",\"@id\":\"https:\/\/www.alpakahof-hahn.at\/shop\/produkt\/alpaka-luna-muetze-gefuettert\/#primaryimage\",\"url\":\"https:\/\/i0.wp.com\/www.alpakahof-hahn.at\/shop\/wp-content\/uploads\/2017\/05\/07151-herren-neu-01.jpg?fit=800%2C800&ssl=1\",\"contentUrl\":\"https:\/\/i0.wp.com\/www.alpakahof-hahn.at\/shop\/wp-content\/uploads\/2017\/05\/07151-herren-neu-01.jpg?fit=800%2C800&ssl=1\",\"width\":800,\"height\":800},{\"@type\":\"BreadcrumbList\",\"@id\":\"https:\/\/www.alpakahof-hahn.at\/shop\/produkt\/alpaka-luna-muetze-gefuettert\/#breadcrumb\",\"itemListElement\":[{\"@type\":\"ListItem\",\"position\":1,\"name\":\"Shop\",\"item\":\"https:\/\/www.alpakahof-hahn.at\/shop\/\"},{\"@type\":\"ListItem\",\"position\":2,\"name\":\"Shop\",\"item\":\"https:\/\/www.alpakahof-hahn.at\/shop\/shop\/\"},{\"@type\":\"ListItem\",\"position\":3,\"name\":\"Alpaka Luna M\u00fctze gef\u00fcttert\"}]},{\"@type\":\"WebSite\",\"@id\":\"https:\/\/www.alpakahof-hahn.at\/shop\/#website\",\"url\":\"https:\/\/www.alpakahof-hahn.at\/shop\/\",\"name\":\"Alpaka Online-Shop\",\"description\":\"Der Hofladen der Familie Hahn\",\"potentialAction\":[{\"@type\":\"SearchAction\",\"target\":{\"@type\":\"EntryPoint\",\"urlTemplate\":\"https:\/\/www.alpakahof-hahn.at\/shop\/?s={search_term_string}\"},\"query-input\":{\"@type\":\"PropertyValueSpecification\",\"valueRequired\":true,\"valueName\":\"search_term_string\"}}],\"inLanguage\":\"de\"}]}<\/script>\n<!-- \/ Yoast SEO plugin. -->","yoast_head_json":{"title":"Alpaka Luna M\u00fctze gef\u00fcttert - Alpaka Online-Shop","robots":{"index":"index","follow":"follow","max-snippet":"max-snippet:-1","max-image-preview":"max-image-preview:large","max-video-preview":"max-video-preview:-1"},"canonical":"https:\/\/www.alpakahof-hahn.at\/shop\/produkt\/alpaka-luna-muetze-gefuettert\/","twitter_card":"summary_large_image","twitter_title":"Alpaka Luna M\u00fctze gef\u00fcttert - Alpaka Online-Shop","twitter_description":"Eisigen Temperaturen standhalten Dank dieser M\u00fctze aus strapazierf\u00e4higer Alpakawolle: wich, geschmeidig, angenehm zu tragen und dabei wind- und wetterfest!   Diese Haube kommt in nat\u00fcrlichen Farben und Erdt\u00f6nen in peruanischem Design. Im peruanischen Design und herbstlichen Farben bringen Sie einen Teil der Anden mit dieser unverwechselbar sch\u00f6nen Haube mit in Ihren Kleiderschrank und auf die Stra\u00dfen Europas.\u00a0Zeitlos, Schick aber doch ein bisschen extravagant.\u00a0Kuscheliges Tragegef\u00fchl durch weiches Baumwoll-Innenfutter.\u00a0LUNA, die muss man einfach haben.  \u2013 zeitlos chic, in herbstlichen Erdt\u00f6nen  \u2013 kuschelig warm, angenehmes Tragegef\u00fchl  \u2013 wind- und wetterfest  \u2013 resistent gegen Staub und Schmutz  \u2013 Allover-Bord\u00fcren-Design aus Jacquard-Strick  &nbsp;","twitter_image":"https:\/\/i0.wp.com\/www.alpakahof-hahn.at\/shop\/wp-content\/uploads\/2017\/05\/07151-herren-neu-01.jpg?fit=800%2C800&ssl=1","schema":{"@context":"https:\/\/schema.org","@graph":[{"@type":"WebPage","@id":"https:\/\/www.alpakahof-hahn.at\/shop\/produkt\/alpaka-luna-muetze-gefuettert\/","url":"https:\/\/www.alpakahof-hahn.at\/shop\/produkt\/alpaka-luna-muetze-gefuettert\/","name":"Alpaka Luna M\u00fctze gef\u00fcttert - Alpaka Online-Shop","isPartOf":{"@id":"https:\/\/www.alpakahof-hahn.at\/shop\/#website"},"primaryImageOfPage":{"@id":"https:\/\/www.alpakahof-hahn.at\/shop\/produkt\/alpaka-luna-muetze-gefuettert\/#primaryimage"},"image":{"@id":"https:\/\/www.alpakahof-hahn.at\/shop\/produkt\/alpaka-luna-muetze-gefuettert\/#primaryimage"},"thumbnailUrl":"https:\/\/i0.wp.com\/www.alpakahof-hahn.at\/shop\/wp-content\/uploads\/2017\/05\/07151-herren-neu-01.jpg?fit=800%2C800&ssl=1","datePublished":"2017-05-01T14:11:02+00:00","dateModified":"2026-04-22T11:14:31+00:00","breadcrumb":{"@id":"https:\/\/www.alpakahof-hahn.at\/shop\/produkt\/alpaka-luna-muetze-gefuettert\/#breadcrumb"},"inLanguage":"de","potentialAction":[{"@type":"ReadAction","target":["https:\/\/www.alpakahof-hahn.at\/shop\/produkt\/alpaka-luna-muetze-gefuettert\/"]}]},{"@type":"ImageObject","inLanguage":"de","@id":"https:\/\/www.alpakahof-hahn.at\/shop\/produkt\/alpaka-luna-muetze-gefuettert\/#primaryimage","url":"https:\/\/i0.wp.com\/www.alpakahof-hahn.at\/shop\/wp-content\/uploads\/2017\/05\/07151-herren-neu-01.jpg?fit=800%2C800&ssl=1","contentUrl":"https:\/\/i0.wp.com\/www.alpakahof-hahn.at\/shop\/wp-content\/uploads\/2017\/05\/07151-herren-neu-01.jpg?fit=800%2C800&ssl=1","width":800,"height":800},{"@type":"BreadcrumbList","@id":"https:\/\/www.alpakahof-hahn.at\/shop\/produkt\/alpaka-luna-muetze-gefuettert\/#breadcrumb","itemListElement":[{"@type":"ListItem","position":1,"name":"Shop","item":"https:\/\/www.alpakahof-hahn.at\/shop\/"},{"@type":"ListItem","position":2,"name":"Shop","item":"https:\/\/www.alpakahof-hahn.at\/shop\/shop\/"},{"@type":"ListItem","position":3,"name":"Alpaka Luna M\u00fctze gef\u00fcttert"}]},{"@type":"WebSite","@id":"https:\/\/www.alpakahof-hahn.at\/shop\/#website","url":"https:\/\/www.alpakahof-hahn.at\/shop\/","name":"Alpaka Online-Shop","description":"Der Hofladen der Familie Hahn","potentialAction":[{"@type":"SearchAction","target":{"@type":"EntryPoint","urlTemplate":"https:\/\/www.alpakahof-hahn.at\/shop\/?s={search_term_string}"},"query-input":{"@type":"PropertyValueSpecification","valueRequired":true,"valueName":"search_term_string"}}],"inLanguage":"de"}]}},"jetpack_publicize_connections":[],"jetpack_sharing_enabled":true,"jetpack-related-posts":[{"id":5103,"url":"https:\/\/www.alpakahof-hahn.at\/shop\/produkt\/alpaka-chimu-muetze-rot\/","url_meta":{"origin":4620,"position":0},"title":"Alpaka Chimu M\u00fctze rot","author":"Manuel Hahn","date":"24. Juli 2017","format":false,"excerpt":"Die Chimu M\u00fctze verbindet ein traditionelles Design mit einzigartiger Funktion. Der aufwendige Jacquard Strick setzt im Winter mit strahlenden Farben Highlights. Das Baumwollfutter sch\u00fctzt vor kalten Temperaturen und eisigem Wind. Diese sch\u00f6ne Haube in verschiedenen Blaut\u00f6nen ziert auch ein kleines Alpaka-Logo an der Vorderseite - Zeichen f\u00fcr eine echte Alpaka\u2026","rel":"","context":"\u00c4hnlicher Beitrag","block_context":{"text":"\u00c4hnlicher Beitrag","link":""},"img":{"alt_text":"","src":"https:\/\/i0.wp.com\/www.alpakahof-hahn.at\/shop\/wp-content\/uploads\/2017\/07\/alpaka-haube-chimo-rot-11.jpg?fit=527%2C527&ssl=1&resize=350%2C200","width":350,"height":200,"srcset":"https:\/\/i0.wp.com\/www.alpakahof-hahn.at\/shop\/wp-content\/uploads\/2017\/07\/alpaka-haube-chimo-rot-11.jpg?fit=527%2C527&ssl=1&resize=350%2C200 1x, https:\/\/i0.wp.com\/www.alpakahof-hahn.at\/shop\/wp-content\/uploads\/2017\/07\/alpaka-haube-chimo-rot-11.jpg?fit=527%2C527&ssl=1&resize=525%2C300 1.5x"},"classes":[]},{"id":4614,"url":"https:\/\/www.alpakahof-hahn.at\/shop\/produkt\/alpaka-chimu-muetze-tuerkis\/","url_meta":{"origin":4620,"position":1},"title":"Alpaka Chimu M\u00fctze t\u00fcrkis","author":"Manuel Hahn","date":"1. Mai 2017","format":false,"excerpt":"Die Chimu M\u00fctze verbindet ein traditionelles Design mit einzigartiger Funktion. Der aufwendige Jacquard Strick setzt im Winter mit strahlenden Farben Highlights. Das Baumwollfutter sch\u00fctzt vor kalten Temperaturen und eisigem Wind. Diese sch\u00f6ne Haube in verschiedenen Blaut\u00f6nen ziert auch ein kleines Alpaka-Logo an der Vorderseite - Zeichen f\u00fcr eine echte Alpaka\u2026","rel":"","context":"\u00c4hnlicher Beitrag","block_context":{"text":"\u00c4hnlicher Beitrag","link":""},"img":{"alt_text":"","src":"https:\/\/i0.wp.com\/www.alpakahof-hahn.at\/shop\/wp-content\/uploads\/2017\/05\/07072-alpaka-damen-mu%CC%88tze-tuerkis-01.jpg?fit=800%2C800&ssl=1&resize=350%2C200","width":350,"height":200,"srcset":"https:\/\/i0.wp.com\/www.alpakahof-hahn.at\/shop\/wp-content\/uploads\/2017\/05\/07072-alpaka-damen-mu%CC%88tze-tuerkis-01.jpg?fit=800%2C800&ssl=1&resize=350%2C200 1x, https:\/\/i0.wp.com\/www.alpakahof-hahn.at\/shop\/wp-content\/uploads\/2017\/05\/07072-alpaka-damen-mu%CC%88tze-tuerkis-01.jpg?fit=800%2C800&ssl=1&resize=525%2C300 1.5x, https:\/\/i0.wp.com\/www.alpakahof-hahn.at\/shop\/wp-content\/uploads\/2017\/05\/07072-alpaka-damen-mu%CC%88tze-tuerkis-01.jpg?fit=800%2C800&ssl=1&resize=700%2C400 2x"},"classes":[]},{"id":4594,"url":"https:\/\/www.alpakahof-hahn.at\/shop\/produkt\/alpaka-wendemuetze-schwarz-grau\/","url_meta":{"origin":4620,"position":2},"title":"Alpaka-Wendem\u00fctze schwarz-grau","author":"Manuel Hahn","date":"1. Mai 2017","format":false,"excerpt":"Sch\u00f6n, schlicht und wendbar. Diese tolle Wendem\u00fctze ist wie der Name schon hergibt wendbar. Das bedeutet Sie haben zwei M\u00fctzen in zwei verschiedenen Farben in einer. Tragen Sie sie casual im Alltag , in der Freizeit oder Sportlich w\u00e4hrend des Joggens. Durch die verschiedenen Farben im Sortiment k\u00f6nnen Sie die\u2026","rel":"","context":"\u00c4hnlicher Beitrag","block_context":{"text":"\u00c4hnlicher Beitrag","link":""},"img":{"alt_text":"","src":"https:\/\/i0.wp.com\/www.alpakahof-hahn.at\/shop\/wp-content\/uploads\/2017\/05\/07057-schwarz-grau-neu-01.jpg?fit=800%2C800&ssl=1&resize=350%2C200","width":350,"height":200,"srcset":"https:\/\/i0.wp.com\/www.alpakahof-hahn.at\/shop\/wp-content\/uploads\/2017\/05\/07057-schwarz-grau-neu-01.jpg?fit=800%2C800&ssl=1&resize=350%2C200 1x, https:\/\/i0.wp.com\/www.alpakahof-hahn.at\/shop\/wp-content\/uploads\/2017\/05\/07057-schwarz-grau-neu-01.jpg?fit=800%2C800&ssl=1&resize=525%2C300 1.5x, https:\/\/i0.wp.com\/www.alpakahof-hahn.at\/shop\/wp-content\/uploads\/2017\/05\/07057-schwarz-grau-neu-01.jpg?fit=800%2C800&ssl=1&resize=700%2C400 2x"},"classes":[]},{"id":47105,"url":"https:\/\/www.alpakahof-hahn.at\/shop\/produkt\/alpaka-haube-jagd-grau\/","url_meta":{"origin":4620,"position":3},"title":"Alpaka-Haube JAGD grau","author":"Manuel Hahn","date":"26. Oktober 2022","format":false,"excerpt":"Diese tolle und zeitlose M\u00fctze ist ideal f\u00fcr den Herren, denn Sie ist modisch, dezent, warm und trotzdem chic. Ein Allrounder der Sie im Alltag begleitet - bei Wind und Wetter kann man sich auf diese M\u00fctze verlassen. Durch das gewalkte Alpaka-Vlies ist diese Haube robust und w\u00e4rmend zugleich. -\u2026","rel":"","context":"\u00c4hnlicher Beitrag","block_context":{"text":"\u00c4hnlicher Beitrag","link":""},"img":{"alt_text":"","src":"https:\/\/i0.wp.com\/www.alpakahof-hahn.at\/shop\/wp-content\/uploads\/2022\/10\/alpaka-muetze-filz-grau-1-alpakahof-hahn.jpg?fit=475%2C720&ssl=1&resize=350%2C200","width":350,"height":200},"classes":[]},{"id":31060,"url":"https:\/\/www.alpakahof-hahn.at\/shop\/produkt\/alpaka-rippenstrick-muetze-grau\/","url_meta":{"origin":4620,"position":4},"title":"Alpaka Rippenstrick M\u00fctze grau","author":"Manuel Hahn","date":"4. November 2020","format":false,"excerpt":"Diese Alpaka Haube aus feiner Baby Alpaka Wolle mit dehnbarem Rippenstrick passt zu jedem Anlass. - Material: 100% Alpaka (Baby Alpaka) - tolle Passform durch Rippenstrick - reine Naturfaser - unisex: f\u00fcr Damen und Herren","rel":"","context":"\u00c4hnlicher Beitrag","block_context":{"text":"\u00c4hnlicher Beitrag","link":""},"img":{"alt_text":"","src":"https:\/\/i0.wp.com\/www.alpakahof-hahn.at\/shop\/wp-content\/uploads\/2020\/11\/alpaka-ripp-muetze-grau-alpakahof-hahn2.jpg?fit=600%2C600&ssl=1&resize=350%2C200","width":350,"height":200,"srcset":"https:\/\/i0.wp.com\/www.alpakahof-hahn.at\/shop\/wp-content\/uploads\/2020\/11\/alpaka-ripp-muetze-grau-alpakahof-hahn2.jpg?fit=600%2C600&ssl=1&resize=350%2C200 1x, https:\/\/i0.wp.com\/www.alpakahof-hahn.at\/shop\/wp-content\/uploads\/2020\/11\/alpaka-ripp-muetze-grau-alpakahof-hahn2.jpg?fit=600%2C600&ssl=1&resize=525%2C300 1.5x"},"classes":[]},{"id":8906,"url":"https:\/\/www.alpakahof-hahn.at\/shop\/produkt\/alpaka-rippenstrick-muetze\/","url_meta":{"origin":4620,"position":5},"title":"Alpaka Rippenstrick M\u00fctze schwarz","author":"Manuel Hahn","date":"16. Januar 2020","format":false,"excerpt":"Diese Alpaka Haube aus feiner Baby Alpaka Wolle mit dehnbarem Rippenstrick passt zu jedem Anlass. - Material: 100% Alpaka (Baby Alpaka) - tolle Passform durch Rippenstrick - reine Naturfaser - unisex: f\u00fcr Damen und Herren","rel":"","context":"\u00c4hnlicher Beitrag","block_context":{"text":"\u00c4hnlicher Beitrag","link":""},"img":{"alt_text":"","src":"https:\/\/i0.wp.com\/www.alpakahof-hahn.at\/shop\/wp-content\/uploads\/2020\/01\/alpaka-haube-ripp-schwarz-alpakahof-hahn1.jpg?fit=600%2C600&ssl=1&resize=350%2C200","width":350,"height":200,"srcset":"https:\/\/i0.wp.com\/www.alpakahof-hahn.at\/shop\/wp-content\/uploads\/2020\/01\/alpaka-haube-ripp-schwarz-alpakahof-hahn1.jpg?fit=600%2C600&ssl=1&resize=350%2C200 1x, https:\/\/i0.wp.com\/www.alpakahof-hahn.at\/shop\/wp-content\/uploads\/2020\/01\/alpaka-haube-ripp-schwarz-alpakahof-hahn1.jpg?fit=600%2C600&ssl=1&resize=525%2C300 1.5x"},"classes":[]}],"_links":{"self":[{"href":"https:\/\/www.alpakahof-hahn.at\/shop\/wp-json\/wp\/v2\/product\/4620","targetHints":{"allow":["GET"]}}],"collection":[{"href":"https:\/\/www.alpakahof-hahn.at\/shop\/wp-json\/wp\/v2\/product"}],"about":[{"href":"https:\/\/www.alpakahof-hahn.at\/shop\/wp-json\/wp\/v2\/types\/product"}],"wp:featuredmedia":[{"embeddable":true,"href":"https:\/\/www.alpakahof-hahn.at\/shop\/wp-json\/wp\/v2\/media\/4775"}],"wp:attachment":[{"href":"https:\/\/www.alpakahof-hahn.at\/shop\/wp-json\/wp\/v2\/media?parent=4620"}],"wp:term":[{"taxonomy":"brand","embeddable":true,"href":"https:\/\/www.alpakahof-hahn.at\/shop\/wp-json\/wp\/v2\/etheme_brands?post=4620"},{"taxonomy":"product_brand","embeddable":true,"href":"https:\/\/www.alpakahof-hahn.at\/shop\/wp-json\/wp\/v2\/product_brand?post=4620"},{"taxonomy":"product_cat","embeddable":true,"href":"https:\/\/www.alpakahof-hahn.at\/shop\/wp-json\/wp\/v2\/product_cat?post=4620"},{"taxonomy":"product_tag","embeddable":true,"href":"https:\/\/www.alpakahof-hahn.at\/shop\/wp-json\/wp\/v2\/product_tag?post=4620"}],"curies":[{"name":"wp","href":"https:\/\/api.w.org\/{rel}","templated":true}]}}