{"id":46182,"date":"2021-11-24T22:57:13","date_gmt":"2021-11-24T21:57:13","guid":{"rendered":"https:\/\/www.alpakahof-hahn.at\/shop\/?post_type=product&#038;p=46182"},"modified":"2025-12-05T07:30:54","modified_gmt":"2025-12-05T06:30:54","slug":"alpaka-jacquard-schal-luna","status":"publish","type":"product","link":"https:\/\/www.alpakahof-hahn.at\/shop\/produkt\/alpaka-jacquard-schal-luna\/","title":{"rendered":"Alpaka Jacquard Schal Luna"},"content":{"rendered":"","protected":false},"excerpt":{"rendered":"<p>Der Winter wird warm mit diesem sch\u00f6nen Strickschal von Apu Kuntur aus reiner anschmiegsamer Babyalpakawolle.<\/p>\n<p>&#8211; Material: 100% Alpaka (Baby Alpaka)<br \/>\n&#8211; allover Jacquard-Muster<br \/>\n&#8211; kuscheliges Baby Alpaka<br \/>\n&#8211; Abmessungen: 25*165cm<\/p>\n<p>Fair von Apu Kuntur in Peru hergestellt.<\/p>\n","protected":false},"featured_media":46185,"template":"","meta":{"jetpack_post_was_ever_published":false,"jetpack_publicize_message":"","jetpack_publicize_feature_enabled":true,"jetpack_social_post_already_shared":true,"jetpack_social_options":{"image_generator_settings":{"template":"highway","default_image_id":0,"font":"","enabled":false},"version":2}},"etheme_brands":[],"product_brand":[],"product_cat":[77],"product_tag":[],"class_list":{"0":"post-46182","1":"product","2":"type-product","3":"status-publish","4":"has-post-thumbnail","6":"product_cat-schals","8":"first","9":"outofstock","10":"taxable","11":"shipping-taxable","12":"purchasable","13":"product-type-simple"},"supplier_id":null,"supplier_sku":"","barcode":null,"atum_controlled":true,"out_stock_date":"2025-12-05 07:30:54","out_stock_threshold":null,"inheritable":false,"inbound_stock":0,"stock_on_hold":0,"sold_today":0,"sales_last_days":0,"reserved_stock":0,"customer_returns":0,"warehouse_damage":0,"lost_in_post":0,"other_logs":0,"out_stock_days":162,"lost_sales":5045,"has_location":false,"update_date":"2026-05-16T11:09:56","atum_locations":[],"atum_stock_status":"outofstock","restock_status":false,"low_stock_amount":"","sales_update_date":"2026-05-16T11:09:56","calc_backorders":null,"yoast_head":"<!-- This site is optimized with the Yoast SEO plugin v26.5 - https:\/\/yoast.com\/wordpress\/plugins\/seo\/ -->\n<title>Alpaka Jacquard Schal Luna - Alpaka Online-Shop<\/title>\n<meta name=\"robots\" content=\"index, follow, max-snippet:-1, max-image-preview:large, max-video-preview:-1\" \/>\n<link rel=\"canonical\" href=\"https:\/\/www.alpakahof-hahn.at\/shop\/produkt\/alpaka-jacquard-schal-luna\/\" \/>\n<meta name=\"twitter:card\" content=\"summary_large_image\" \/>\n<meta name=\"twitter:title\" content=\"Alpaka Jacquard Schal Luna - Alpaka Online-Shop\" \/>\n<meta name=\"twitter:description\" content=\"Der Winter wird warm mit diesem sch\u00f6nen Strickschal von Apu Kuntur aus reiner anschmiegsamer Babyalpakawolle.  - Material: 100% Alpaka (Baby Alpaka) - allover Jacquard-Muster - kuscheliges Baby Alpaka - Abmessungen: 25*165cm  Fair von Apu Kuntur in Peru hergestellt.\" \/>\n<meta name=\"twitter:image\" content=\"https:\/\/i0.wp.com\/www.alpakahof-hahn.at\/shop\/wp-content\/uploads\/2021\/11\/Alpaka-Schal-Luna-Alpakahof-Hahn-2.jpg?fit=527%2C800&ssl=1\" \/>\n<script type=\"application\/ld+json\" class=\"yoast-schema-graph\">{\"@context\":\"https:\/\/schema.org\",\"@graph\":[{\"@type\":\"WebPage\",\"@id\":\"https:\/\/www.alpakahof-hahn.at\/shop\/produkt\/alpaka-jacquard-schal-luna\/\",\"url\":\"https:\/\/www.alpakahof-hahn.at\/shop\/produkt\/alpaka-jacquard-schal-luna\/\",\"name\":\"Alpaka Jacquard Schal Luna - Alpaka Online-Shop\",\"isPartOf\":{\"@id\":\"https:\/\/www.alpakahof-hahn.at\/shop\/#website\"},\"primaryImageOfPage\":{\"@id\":\"https:\/\/www.alpakahof-hahn.at\/shop\/produkt\/alpaka-jacquard-schal-luna\/#primaryimage\"},\"image\":{\"@id\":\"https:\/\/www.alpakahof-hahn.at\/shop\/produkt\/alpaka-jacquard-schal-luna\/#primaryimage\"},\"thumbnailUrl\":\"https:\/\/i0.wp.com\/www.alpakahof-hahn.at\/shop\/wp-content\/uploads\/2021\/11\/Alpaka-Schal-Luna-Alpakahof-Hahn-2.jpg?fit=527%2C800&ssl=1\",\"datePublished\":\"2021-11-24T21:57:13+00:00\",\"dateModified\":\"2025-12-05T06:30:54+00:00\",\"breadcrumb\":{\"@id\":\"https:\/\/www.alpakahof-hahn.at\/shop\/produkt\/alpaka-jacquard-schal-luna\/#breadcrumb\"},\"inLanguage\":\"de\",\"potentialAction\":[{\"@type\":\"ReadAction\",\"target\":[\"https:\/\/www.alpakahof-hahn.at\/shop\/produkt\/alpaka-jacquard-schal-luna\/\"]}]},{\"@type\":\"ImageObject\",\"inLanguage\":\"de\",\"@id\":\"https:\/\/www.alpakahof-hahn.at\/shop\/produkt\/alpaka-jacquard-schal-luna\/#primaryimage\",\"url\":\"https:\/\/i0.wp.com\/www.alpakahof-hahn.at\/shop\/wp-content\/uploads\/2021\/11\/Alpaka-Schal-Luna-Alpakahof-Hahn-2.jpg?fit=527%2C800&ssl=1\",\"contentUrl\":\"https:\/\/i0.wp.com\/www.alpakahof-hahn.at\/shop\/wp-content\/uploads\/2021\/11\/Alpaka-Schal-Luna-Alpakahof-Hahn-2.jpg?fit=527%2C800&ssl=1\",\"width\":527,\"height\":800},{\"@type\":\"BreadcrumbList\",\"@id\":\"https:\/\/www.alpakahof-hahn.at\/shop\/produkt\/alpaka-jacquard-schal-luna\/#breadcrumb\",\"itemListElement\":[{\"@type\":\"ListItem\",\"position\":1,\"name\":\"Shop\",\"item\":\"https:\/\/www.alpakahof-hahn.at\/shop\/\"},{\"@type\":\"ListItem\",\"position\":2,\"name\":\"Shop\",\"item\":\"https:\/\/www.alpakahof-hahn.at\/shop\/shop\/\"},{\"@type\":\"ListItem\",\"position\":3,\"name\":\"Alpaka Jacquard Schal Luna\"}]},{\"@type\":\"WebSite\",\"@id\":\"https:\/\/www.alpakahof-hahn.at\/shop\/#website\",\"url\":\"https:\/\/www.alpakahof-hahn.at\/shop\/\",\"name\":\"Alpaka Online-Shop\",\"description\":\"Der Hofladen der Familie Hahn\",\"potentialAction\":[{\"@type\":\"SearchAction\",\"target\":{\"@type\":\"EntryPoint\",\"urlTemplate\":\"https:\/\/www.alpakahof-hahn.at\/shop\/?s={search_term_string}\"},\"query-input\":{\"@type\":\"PropertyValueSpecification\",\"valueRequired\":true,\"valueName\":\"search_term_string\"}}],\"inLanguage\":\"de\"}]}<\/script>\n<!-- \/ Yoast SEO plugin. -->","yoast_head_json":{"title":"Alpaka Jacquard Schal Luna - Alpaka Online-Shop","robots":{"index":"index","follow":"follow","max-snippet":"max-snippet:-1","max-image-preview":"max-image-preview:large","max-video-preview":"max-video-preview:-1"},"canonical":"https:\/\/www.alpakahof-hahn.at\/shop\/produkt\/alpaka-jacquard-schal-luna\/","twitter_card":"summary_large_image","twitter_title":"Alpaka Jacquard Schal Luna - Alpaka Online-Shop","twitter_description":"Der Winter wird warm mit diesem sch\u00f6nen Strickschal von Apu Kuntur aus reiner anschmiegsamer Babyalpakawolle.  - Material: 100% Alpaka (Baby Alpaka) - allover Jacquard-Muster - kuscheliges Baby Alpaka - Abmessungen: 25*165cm  Fair von Apu Kuntur in Peru hergestellt.","twitter_image":"https:\/\/i0.wp.com\/www.alpakahof-hahn.at\/shop\/wp-content\/uploads\/2021\/11\/Alpaka-Schal-Luna-Alpakahof-Hahn-2.jpg?fit=527%2C800&ssl=1","schema":{"@context":"https:\/\/schema.org","@graph":[{"@type":"WebPage","@id":"https:\/\/www.alpakahof-hahn.at\/shop\/produkt\/alpaka-jacquard-schal-luna\/","url":"https:\/\/www.alpakahof-hahn.at\/shop\/produkt\/alpaka-jacquard-schal-luna\/","name":"Alpaka Jacquard Schal Luna - Alpaka Online-Shop","isPartOf":{"@id":"https:\/\/www.alpakahof-hahn.at\/shop\/#website"},"primaryImageOfPage":{"@id":"https:\/\/www.alpakahof-hahn.at\/shop\/produkt\/alpaka-jacquard-schal-luna\/#primaryimage"},"image":{"@id":"https:\/\/www.alpakahof-hahn.at\/shop\/produkt\/alpaka-jacquard-schal-luna\/#primaryimage"},"thumbnailUrl":"https:\/\/i0.wp.com\/www.alpakahof-hahn.at\/shop\/wp-content\/uploads\/2021\/11\/Alpaka-Schal-Luna-Alpakahof-Hahn-2.jpg?fit=527%2C800&ssl=1","datePublished":"2021-11-24T21:57:13+00:00","dateModified":"2025-12-05T06:30:54+00:00","breadcrumb":{"@id":"https:\/\/www.alpakahof-hahn.at\/shop\/produkt\/alpaka-jacquard-schal-luna\/#breadcrumb"},"inLanguage":"de","potentialAction":[{"@type":"ReadAction","target":["https:\/\/www.alpakahof-hahn.at\/shop\/produkt\/alpaka-jacquard-schal-luna\/"]}]},{"@type":"ImageObject","inLanguage":"de","@id":"https:\/\/www.alpakahof-hahn.at\/shop\/produkt\/alpaka-jacquard-schal-luna\/#primaryimage","url":"https:\/\/i0.wp.com\/www.alpakahof-hahn.at\/shop\/wp-content\/uploads\/2021\/11\/Alpaka-Schal-Luna-Alpakahof-Hahn-2.jpg?fit=527%2C800&ssl=1","contentUrl":"https:\/\/i0.wp.com\/www.alpakahof-hahn.at\/shop\/wp-content\/uploads\/2021\/11\/Alpaka-Schal-Luna-Alpakahof-Hahn-2.jpg?fit=527%2C800&ssl=1","width":527,"height":800},{"@type":"BreadcrumbList","@id":"https:\/\/www.alpakahof-hahn.at\/shop\/produkt\/alpaka-jacquard-schal-luna\/#breadcrumb","itemListElement":[{"@type":"ListItem","position":1,"name":"Shop","item":"https:\/\/www.alpakahof-hahn.at\/shop\/"},{"@type":"ListItem","position":2,"name":"Shop","item":"https:\/\/www.alpakahof-hahn.at\/shop\/shop\/"},{"@type":"ListItem","position":3,"name":"Alpaka Jacquard Schal Luna"}]},{"@type":"WebSite","@id":"https:\/\/www.alpakahof-hahn.at\/shop\/#website","url":"https:\/\/www.alpakahof-hahn.at\/shop\/","name":"Alpaka Online-Shop","description":"Der Hofladen der Familie Hahn","potentialAction":[{"@type":"SearchAction","target":{"@type":"EntryPoint","urlTemplate":"https:\/\/www.alpakahof-hahn.at\/shop\/?s={search_term_string}"},"query-input":{"@type":"PropertyValueSpecification","valueRequired":true,"valueName":"search_term_string"}}],"inLanguage":"de"}]}},"jetpack_publicize_connections":[],"jetpack_sharing_enabled":true,"jetpack-related-posts":[{"id":46445,"url":"https:\/\/www.alpakahof-hahn.at\/shop\/produkt\/alpaka-schal-gelia\/","url_meta":{"origin":46182,"position":0},"title":"Alpaka Schal GELIA","author":"Manuel Hahn","date":"5. Dezember 2021","format":false,"excerpt":"Die besonders sch\u00f6ne Farbgebung schmeichelt Ihnen gerade in der kalten Winter-Zeit. Es wurde feinstes Baby Alpaka verarbeitet, besonders weich, thermoisolierend und w\u00e4rmend. - Material: 100% Alpaka (Baby Alpaka) - Windabweisendes Baumwollvlies-Futter - aufwendiger Jacquard-Strick Fair von Apu Kuntur in Peru hergestellt.","rel":"","context":"\u00c4hnlicher Beitrag","block_context":{"text":"\u00c4hnlicher Beitrag","link":""},"img":{"alt_text":"","src":"https:\/\/i0.wp.com\/www.alpakahof-hahn.at\/shop\/wp-content\/uploads\/2021\/12\/Alpaka-Schal-Gelia-Alpakahof-Hahn-1.jpg?fit=527%2C800&ssl=1&resize=350%2C200","width":350,"height":200,"srcset":"https:\/\/i0.wp.com\/www.alpakahof-hahn.at\/shop\/wp-content\/uploads\/2021\/12\/Alpaka-Schal-Gelia-Alpakahof-Hahn-1.jpg?fit=527%2C800&ssl=1&resize=350%2C200 1x, https:\/\/i0.wp.com\/www.alpakahof-hahn.at\/shop\/wp-content\/uploads\/2021\/12\/Alpaka-Schal-Gelia-Alpakahof-Hahn-1.jpg?fit=527%2C800&ssl=1&resize=525%2C300 1.5x"},"classes":[]},{"id":40476,"url":"https:\/\/www.alpakahof-hahn.at\/shop\/produkt\/stirnband-chimu-strick-tuerkis\/","url_meta":{"origin":46182,"position":1},"title":"Stirnband CHIMU Jacquard Strick t\u00fcrkis","author":"Manuel Hahn","date":"9. Dezember 2020","format":false,"excerpt":"Flauschig warmes Stirnband f\u00fcr kalte Herbstst\u00fcrme! - mit Ohrenklappen - allover Jacquard-Strickmuster - APU KUNTUR Label an der Seite - Bandbreite ca. 8cm - Material: 100% Alpaka (Baby Alpaka)","rel":"","context":"\u00c4hnlicher Beitrag","block_context":{"text":"\u00c4hnlicher Beitrag","link":""},"img":{"alt_text":"","src":"https:\/\/i0.wp.com\/www.alpakahof-hahn.at\/shop\/wp-content\/uploads\/2020\/12\/Stirnband-CHIMU-Jacquard-Strick-tuerkis-alpakahof-hahn-3.jpg?fit=527%2C800&ssl=1&resize=350%2C200","width":350,"height":200,"srcset":"https:\/\/i0.wp.com\/www.alpakahof-hahn.at\/shop\/wp-content\/uploads\/2020\/12\/Stirnband-CHIMU-Jacquard-Strick-tuerkis-alpakahof-hahn-3.jpg?fit=527%2C800&ssl=1&resize=350%2C200 1x, https:\/\/i0.wp.com\/www.alpakahof-hahn.at\/shop\/wp-content\/uploads\/2020\/12\/Stirnband-CHIMU-Jacquard-Strick-tuerkis-alpakahof-hahn-3.jpg?fit=527%2C800&ssl=1&resize=525%2C300 1.5x"},"classes":[]},{"id":46426,"url":"https:\/\/www.alpakahof-hahn.at\/shop\/produkt\/alpaka-faeustlinge-natura\/","url_meta":{"origin":46182,"position":2},"title":"Alpaka F\u00e4ustlinge NATURA","author":"Manuel Hahn","date":"5. Dezember 2021","format":false,"excerpt":"Kenner lieben das typisch rustikale Design und die flauschige Qualit\u00e4t. Diese gefingerten Handschuhe gibt es f\u00fcr verschiedene Altersstufen. - Material: 100% Alpaka (Alpaka Superfine) - rustikaler Stil - sch\u00f6ner Jacquard-Strick - Fair produziert von Apu Kuntur in Peru","rel":"","context":"\u00c4hnlicher Beitrag","block_context":{"text":"\u00c4hnlicher Beitrag","link":""},"img":{"alt_text":"","src":"https:\/\/i0.wp.com\/www.alpakahof-hahn.at\/shop\/wp-content\/uploads\/2021\/12\/Alpaka-Faeustlinge-Natura-Alpakahof-Hahn-.jpg?fit=527%2C800&ssl=1&resize=350%2C200","width":350,"height":200,"srcset":"https:\/\/i0.wp.com\/www.alpakahof-hahn.at\/shop\/wp-content\/uploads\/2021\/12\/Alpaka-Faeustlinge-Natura-Alpakahof-Hahn-.jpg?fit=527%2C800&ssl=1&resize=350%2C200 1x, https:\/\/i0.wp.com\/www.alpakahof-hahn.at\/shop\/wp-content\/uploads\/2021\/12\/Alpaka-Faeustlinge-Natura-Alpakahof-Hahn-.jpg?fit=527%2C800&ssl=1&resize=525%2C300 1.5x"},"classes":[]},{"id":46121,"url":"https:\/\/www.alpakahof-hahn.at\/shop\/produkt\/alpaka-faeustlinge\/","url_meta":{"origin":46182,"position":3},"title":"Alpaka F\u00e4ustlinge ANDINO","author":"Manuel Hahn","date":"24. November 2021","format":false,"excerpt":"Unsere Alpaka-F\u00e4ustlinge sind der Hingucker schlecht hin. Mit der Jacquard-Strick-Technik bekamen unsere F\u00e4ustlinge einen einzigarten Look. - Material: 100% Alpaka (Alpaka Superfine) - Futter: 100% Baumwolle - Leder-Label mit gepr\u00e4gtem Alpaka-Logo - lustiges Alpaka-Muster - dick und wind-fest - Fair hergestellte von Apu Kuntur in Peru \u00a0","rel":"","context":"\u00c4hnlicher Beitrag","block_context":{"text":"\u00c4hnlicher Beitrag","link":""},"img":{"alt_text":"","src":"https:\/\/i0.wp.com\/www.alpakahof-hahn.at\/shop\/wp-content\/uploads\/2021\/11\/Alpaka-Faeustlinge-Alpakahof-Hahn-1.jpg?fit=527%2C800&ssl=1&resize=350%2C200","width":350,"height":200,"srcset":"https:\/\/i0.wp.com\/www.alpakahof-hahn.at\/shop\/wp-content\/uploads\/2021\/11\/Alpaka-Faeustlinge-Alpakahof-Hahn-1.jpg?fit=527%2C800&ssl=1&resize=350%2C200 1x, https:\/\/i0.wp.com\/www.alpakahof-hahn.at\/shop\/wp-content\/uploads\/2021\/11\/Alpaka-Faeustlinge-Alpakahof-Hahn-1.jpg?fit=527%2C800&ssl=1&resize=525%2C300 1.5x"},"classes":[]},{"id":4614,"url":"https:\/\/www.alpakahof-hahn.at\/shop\/produkt\/alpaka-chimu-muetze-tuerkis\/","url_meta":{"origin":46182,"position":4},"title":"Alpaka Chimu M\u00fctze t\u00fcrkis","author":"Manuel Hahn","date":"1. Mai 2017","format":false,"excerpt":"Die Chimu M\u00fctze verbindet ein traditionelles Design mit einzigartiger Funktion. Der aufwendige Jacquard Strick setzt im Winter mit strahlenden Farben Highlights. Das Baumwollfutter sch\u00fctzt vor kalten Temperaturen und eisigem Wind. Diese sch\u00f6ne Haube in verschiedenen Blaut\u00f6nen ziert auch ein kleines Alpaka-Logo an der Vorderseite - Zeichen f\u00fcr eine echte Alpaka\u2026","rel":"","context":"\u00c4hnlicher Beitrag","block_context":{"text":"\u00c4hnlicher Beitrag","link":""},"img":{"alt_text":"","src":"https:\/\/i0.wp.com\/www.alpakahof-hahn.at\/shop\/wp-content\/uploads\/2017\/05\/07072-alpaka-damen-mu%CC%88tze-tuerkis-01.jpg?fit=800%2C800&ssl=1&resize=350%2C200","width":350,"height":200,"srcset":"https:\/\/i0.wp.com\/www.alpakahof-hahn.at\/shop\/wp-content\/uploads\/2017\/05\/07072-alpaka-damen-mu%CC%88tze-tuerkis-01.jpg?fit=800%2C800&ssl=1&resize=350%2C200 1x, https:\/\/i0.wp.com\/www.alpakahof-hahn.at\/shop\/wp-content\/uploads\/2017\/05\/07072-alpaka-damen-mu%CC%88tze-tuerkis-01.jpg?fit=800%2C800&ssl=1&resize=525%2C300 1.5x, https:\/\/i0.wp.com\/www.alpakahof-hahn.at\/shop\/wp-content\/uploads\/2017\/05\/07072-alpaka-damen-mu%CC%88tze-tuerkis-01.jpg?fit=800%2C800&ssl=1&resize=700%2C400 2x"},"classes":[]},{"id":4620,"url":"https:\/\/www.alpakahof-hahn.at\/shop\/produkt\/alpaka-luna-muetze-gefuettert\/","url_meta":{"origin":46182,"position":5},"title":"Alpaka Luna M\u00fctze gef\u00fcttert","author":"Manuel Hahn","date":"1. Mai 2017","format":false,"excerpt":"Eisigen Temperaturen standhalten Dank dieser M\u00fctze aus strapazierf\u00e4higer Alpakawolle: wich, geschmeidig, angenehm zu tragen und dabei wind- und wetterfest! Diese Haube kommt in nat\u00fcrlichen Farben und Erdt\u00f6nen in peruanischem Design. Im peruanischen Design und herbstlichen Farben bringen Sie einen Teil der Anden mit dieser unverwechselbar sch\u00f6nen Haube mit in Ihren\u2026","rel":"","context":"\u00c4hnlicher Beitrag","block_context":{"text":"\u00c4hnlicher Beitrag","link":""},"img":{"alt_text":"","src":"https:\/\/i0.wp.com\/www.alpakahof-hahn.at\/shop\/wp-content\/uploads\/2017\/05\/07151-herren-neu-01.jpg?fit=800%2C800&ssl=1&resize=350%2C200","width":350,"height":200,"srcset":"https:\/\/i0.wp.com\/www.alpakahof-hahn.at\/shop\/wp-content\/uploads\/2017\/05\/07151-herren-neu-01.jpg?fit=800%2C800&ssl=1&resize=350%2C200 1x, https:\/\/i0.wp.com\/www.alpakahof-hahn.at\/shop\/wp-content\/uploads\/2017\/05\/07151-herren-neu-01.jpg?fit=800%2C800&ssl=1&resize=525%2C300 1.5x, https:\/\/i0.wp.com\/www.alpakahof-hahn.at\/shop\/wp-content\/uploads\/2017\/05\/07151-herren-neu-01.jpg?fit=800%2C800&ssl=1&resize=700%2C400 2x"},"classes":[]}],"_links":{"self":[{"href":"https:\/\/www.alpakahof-hahn.at\/shop\/wp-json\/wp\/v2\/product\/46182","targetHints":{"allow":["GET"]}}],"collection":[{"href":"https:\/\/www.alpakahof-hahn.at\/shop\/wp-json\/wp\/v2\/product"}],"about":[{"href":"https:\/\/www.alpakahof-hahn.at\/shop\/wp-json\/wp\/v2\/types\/product"}],"wp:featuredmedia":[{"embeddable":true,"href":"https:\/\/www.alpakahof-hahn.at\/shop\/wp-json\/wp\/v2\/media\/46185"}],"wp:attachment":[{"href":"https:\/\/www.alpakahof-hahn.at\/shop\/wp-json\/wp\/v2\/media?parent=46182"}],"wp:term":[{"taxonomy":"brand","embeddable":true,"href":"https:\/\/www.alpakahof-hahn.at\/shop\/wp-json\/wp\/v2\/etheme_brands?post=46182"},{"taxonomy":"product_brand","embeddable":true,"href":"https:\/\/www.alpakahof-hahn.at\/shop\/wp-json\/wp\/v2\/product_brand?post=46182"},{"taxonomy":"product_cat","embeddable":true,"href":"https:\/\/www.alpakahof-hahn.at\/shop\/wp-json\/wp\/v2\/product_cat?post=46182"},{"taxonomy":"product_tag","embeddable":true,"href":"https:\/\/www.alpakahof-hahn.at\/shop\/wp-json\/wp\/v2\/product_tag?post=46182"}],"curies":[{"name":"wp","href":"https:\/\/api.w.org\/{rel}","templated":true}]}}