{"id":4614,"date":"2017-05-01T16:03:45","date_gmt":"2017-05-01T14:03:45","guid":{"rendered":"https:\/\/www.alpakahof-hahn.at\/shop\/?post_type=product&#038;p=4614"},"modified":"2026-01-26T20:48:58","modified_gmt":"2026-01-26T19:48:58","slug":"alpaka-chimu-muetze-tuerkis","status":"publish","type":"product","link":"https:\/\/www.alpakahof-hahn.at\/shop\/produkt\/alpaka-chimu-muetze-tuerkis\/","title":{"rendered":"Alpaka Chimu M\u00fctze t\u00fcrkis"},"content":{"rendered":"<p>\u2013 Material: 100% Alpaka (Baby Alpaka)<\/p>\n<p>\u2013 Futter: 100% Baumwolle<\/p>\n<p>\u2013 in 3 Gr\u00f6\u00dfen erh\u00e4ltlich: S (47 cm Kopfumfang), M (52 cm) und L (56 cm)<\/p>\n","protected":false},"excerpt":{"rendered":"<p><span style=\"font-weight: 400;\">Die Chimu M\u00fctze verbindet ein traditionelles Design mit einzigartiger Funktion. Der aufwendige Jacquard Strick setzt im Winter mit strahlenden Farben Highlights. Das Baumwollfutter sch\u00fctzt vor kalten Temperaturen und eisigem Wind. Diese sch\u00f6ne Haube in verschiedenen Blaut\u00f6nen ziert auch ein kleines Alpaka-Logo an der Vorderseite &#8211; Zeichen f\u00fcr eine echte Alpaka M\u00fctze eben!<\/span><\/p>\n<p><span style=\"font-weight: 400;\">\u2013 edler Jacquard-Strick (= aufwendiges Gestrick mit eingearbeiteter Musterung)<\/span><\/p>\n<p><span style=\"font-weight: 400;\">\u2013 winddicht, Baumwollfutter<\/span><\/p>\n<p><span style=\"font-weight: 400;\">\u2013 tolles, zeitloses Muster in verschiedenen Blaut\u00f6nen<\/span><\/p>\n<p>&nbsp;<\/p>\n","protected":false},"featured_media":4751,"template":"","meta":{"jetpack_post_was_ever_published":false,"jetpack_publicize_message":"","jetpack_publicize_feature_enabled":true,"jetpack_social_post_already_shared":false,"jetpack_social_options":{"image_generator_settings":{"template":"highway","default_image_id":0,"font":"","enabled":false},"version":2}},"etheme_brands":[{"term_id":79,"name":"APU KUNTUR","slug":"apu-kuntur","term_group":0,"term_taxonomy_id":79,"taxonomy":"brand","description":"","parent":0,"count":42,"filter":"raw"}],"product_brand":[],"product_cat":[75,114],"product_tag":[],"class_list":{"0":"post-4614","1":"product","2":"type-product","3":"status-publish","4":"has-post-thumbnail","6":"brand-apu-kuntur","7":"product_cat-hauben","8":"product_cat-chimu-muetzen","10":"first","11":"instock","12":"taxable","13":"shipping-taxable","14":"purchasable","15":"product-type-variable","16":"has-default-attributes"},"supplier_id":null,"supplier_sku":"","barcode":null,"atum_controlled":true,"out_stock_date":null,"out_stock_threshold":null,"inheritable":false,"inbound_stock":null,"stock_on_hold":0,"sold_today":0,"sales_last_days":0,"reserved_stock":null,"customer_returns":null,"warehouse_damage":null,"lost_in_post":null,"other_logs":null,"out_stock_days":0,"lost_sales":0,"has_location":false,"update_date":"2026-04-23T09:11:31","atum_locations":[],"atum_stock_status":"instock","restock_status":false,"low_stock_amount":"","sales_update_date":"2026-04-23T09:11:31","calc_backorders":null,"yoast_head":"<!-- This site is optimized with the Yoast SEO plugin v26.5 - https:\/\/yoast.com\/wordpress\/plugins\/seo\/ -->\n<title>Alpaka Chimu M\u00fctze t\u00fcrkis - Alpaka Online-Shop<\/title>\n<meta name=\"robots\" content=\"index, follow, max-snippet:-1, max-image-preview:large, max-video-preview:-1\" \/>\n<link rel=\"canonical\" href=\"https:\/\/www.alpakahof-hahn.at\/shop\/produkt\/alpaka-chimu-muetze-tuerkis\/\" \/>\n<meta name=\"twitter:card\" content=\"summary_large_image\" \/>\n<meta name=\"twitter:title\" content=\"Alpaka Chimu M\u00fctze t\u00fcrkis - Alpaka Online-Shop\" \/>\n<meta name=\"twitter:description\" content=\"Die Chimu M\u00fctze verbindet ein traditionelles Design mit einzigartiger Funktion. Der aufwendige Jacquard Strick setzt im Winter mit strahlenden Farben Highlights. Das Baumwollfutter sch\u00fctzt vor kalten Temperaturen und eisigem Wind. Diese sch\u00f6ne Haube in verschiedenen Blaut\u00f6nen ziert auch ein kleines Alpaka-Logo an der Vorderseite - Zeichen f\u00fcr eine echte Alpaka M\u00fctze eben!  \u2013 edler Jacquard-Strick (= aufwendiges Gestrick mit eingearbeiteter Musterung)  \u2013 winddicht, Baumwollfutter  \u2013 tolles, zeitloses Muster in verschiedenen Blaut\u00f6nen  &nbsp;\" \/>\n<meta name=\"twitter:image\" content=\"https:\/\/i0.wp.com\/www.alpakahof-hahn.at\/shop\/wp-content\/uploads\/2017\/05\/07072-alpaka-damen-mu%CC%88tze-tuerkis-01.jpg?fit=800%2C800&ssl=1\" \/>\n<script type=\"application\/ld+json\" class=\"yoast-schema-graph\">{\"@context\":\"https:\/\/schema.org\",\"@graph\":[{\"@type\":\"WebPage\",\"@id\":\"https:\/\/www.alpakahof-hahn.at\/shop\/produkt\/alpaka-chimu-muetze-tuerkis\/\",\"url\":\"https:\/\/www.alpakahof-hahn.at\/shop\/produkt\/alpaka-chimu-muetze-tuerkis\/\",\"name\":\"Alpaka Chimu M\u00fctze t\u00fcrkis - Alpaka Online-Shop\",\"isPartOf\":{\"@id\":\"https:\/\/www.alpakahof-hahn.at\/shop\/#website\"},\"primaryImageOfPage\":{\"@id\":\"https:\/\/www.alpakahof-hahn.at\/shop\/produkt\/alpaka-chimu-muetze-tuerkis\/#primaryimage\"},\"image\":{\"@id\":\"https:\/\/www.alpakahof-hahn.at\/shop\/produkt\/alpaka-chimu-muetze-tuerkis\/#primaryimage\"},\"thumbnailUrl\":\"https:\/\/i0.wp.com\/www.alpakahof-hahn.at\/shop\/wp-content\/uploads\/2017\/05\/07072-alpaka-damen-mu%CC%88tze-tuerkis-01.jpg?fit=800%2C800&ssl=1\",\"datePublished\":\"2017-05-01T14:03:45+00:00\",\"dateModified\":\"2026-01-26T19:48:58+00:00\",\"breadcrumb\":{\"@id\":\"https:\/\/www.alpakahof-hahn.at\/shop\/produkt\/alpaka-chimu-muetze-tuerkis\/#breadcrumb\"},\"inLanguage\":\"de\",\"potentialAction\":[{\"@type\":\"ReadAction\",\"target\":[\"https:\/\/www.alpakahof-hahn.at\/shop\/produkt\/alpaka-chimu-muetze-tuerkis\/\"]}]},{\"@type\":\"ImageObject\",\"inLanguage\":\"de\",\"@id\":\"https:\/\/www.alpakahof-hahn.at\/shop\/produkt\/alpaka-chimu-muetze-tuerkis\/#primaryimage\",\"url\":\"https:\/\/i0.wp.com\/www.alpakahof-hahn.at\/shop\/wp-content\/uploads\/2017\/05\/07072-alpaka-damen-mu%CC%88tze-tuerkis-01.jpg?fit=800%2C800&ssl=1\",\"contentUrl\":\"https:\/\/i0.wp.com\/www.alpakahof-hahn.at\/shop\/wp-content\/uploads\/2017\/05\/07072-alpaka-damen-mu%CC%88tze-tuerkis-01.jpg?fit=800%2C800&ssl=1\",\"width\":800,\"height\":800},{\"@type\":\"BreadcrumbList\",\"@id\":\"https:\/\/www.alpakahof-hahn.at\/shop\/produkt\/alpaka-chimu-muetze-tuerkis\/#breadcrumb\",\"itemListElement\":[{\"@type\":\"ListItem\",\"position\":1,\"name\":\"Shop\",\"item\":\"https:\/\/www.alpakahof-hahn.at\/shop\/\"},{\"@type\":\"ListItem\",\"position\":2,\"name\":\"Shop\",\"item\":\"https:\/\/www.alpakahof-hahn.at\/shop\/shop\/\"},{\"@type\":\"ListItem\",\"position\":3,\"name\":\"Alpaka Chimu M\u00fctze t\u00fcrkis\"}]},{\"@type\":\"WebSite\",\"@id\":\"https:\/\/www.alpakahof-hahn.at\/shop\/#website\",\"url\":\"https:\/\/www.alpakahof-hahn.at\/shop\/\",\"name\":\"Alpaka Online-Shop\",\"description\":\"Der Hofladen der Familie Hahn\",\"potentialAction\":[{\"@type\":\"SearchAction\",\"target\":{\"@type\":\"EntryPoint\",\"urlTemplate\":\"https:\/\/www.alpakahof-hahn.at\/shop\/?s={search_term_string}\"},\"query-input\":{\"@type\":\"PropertyValueSpecification\",\"valueRequired\":true,\"valueName\":\"search_term_string\"}}],\"inLanguage\":\"de\"}]}<\/script>\n<!-- \/ Yoast SEO plugin. -->","yoast_head_json":{"title":"Alpaka Chimu M\u00fctze t\u00fcrkis - Alpaka Online-Shop","robots":{"index":"index","follow":"follow","max-snippet":"max-snippet:-1","max-image-preview":"max-image-preview:large","max-video-preview":"max-video-preview:-1"},"canonical":"https:\/\/www.alpakahof-hahn.at\/shop\/produkt\/alpaka-chimu-muetze-tuerkis\/","twitter_card":"summary_large_image","twitter_title":"Alpaka Chimu M\u00fctze t\u00fcrkis - Alpaka Online-Shop","twitter_description":"Die Chimu M\u00fctze verbindet ein traditionelles Design mit einzigartiger Funktion. Der aufwendige Jacquard Strick setzt im Winter mit strahlenden Farben Highlights. Das Baumwollfutter sch\u00fctzt vor kalten Temperaturen und eisigem Wind. Diese sch\u00f6ne Haube in verschiedenen Blaut\u00f6nen ziert auch ein kleines Alpaka-Logo an der Vorderseite - Zeichen f\u00fcr eine echte Alpaka M\u00fctze eben!  \u2013 edler Jacquard-Strick (= aufwendiges Gestrick mit eingearbeiteter Musterung)  \u2013 winddicht, Baumwollfutter  \u2013 tolles, zeitloses Muster in verschiedenen Blaut\u00f6nen  &nbsp;","twitter_image":"https:\/\/i0.wp.com\/www.alpakahof-hahn.at\/shop\/wp-content\/uploads\/2017\/05\/07072-alpaka-damen-mu%CC%88tze-tuerkis-01.jpg?fit=800%2C800&ssl=1","schema":{"@context":"https:\/\/schema.org","@graph":[{"@type":"WebPage","@id":"https:\/\/www.alpakahof-hahn.at\/shop\/produkt\/alpaka-chimu-muetze-tuerkis\/","url":"https:\/\/www.alpakahof-hahn.at\/shop\/produkt\/alpaka-chimu-muetze-tuerkis\/","name":"Alpaka Chimu M\u00fctze t\u00fcrkis - Alpaka Online-Shop","isPartOf":{"@id":"https:\/\/www.alpakahof-hahn.at\/shop\/#website"},"primaryImageOfPage":{"@id":"https:\/\/www.alpakahof-hahn.at\/shop\/produkt\/alpaka-chimu-muetze-tuerkis\/#primaryimage"},"image":{"@id":"https:\/\/www.alpakahof-hahn.at\/shop\/produkt\/alpaka-chimu-muetze-tuerkis\/#primaryimage"},"thumbnailUrl":"https:\/\/i0.wp.com\/www.alpakahof-hahn.at\/shop\/wp-content\/uploads\/2017\/05\/07072-alpaka-damen-mu%CC%88tze-tuerkis-01.jpg?fit=800%2C800&ssl=1","datePublished":"2017-05-01T14:03:45+00:00","dateModified":"2026-01-26T19:48:58+00:00","breadcrumb":{"@id":"https:\/\/www.alpakahof-hahn.at\/shop\/produkt\/alpaka-chimu-muetze-tuerkis\/#breadcrumb"},"inLanguage":"de","potentialAction":[{"@type":"ReadAction","target":["https:\/\/www.alpakahof-hahn.at\/shop\/produkt\/alpaka-chimu-muetze-tuerkis\/"]}]},{"@type":"ImageObject","inLanguage":"de","@id":"https:\/\/www.alpakahof-hahn.at\/shop\/produkt\/alpaka-chimu-muetze-tuerkis\/#primaryimage","url":"https:\/\/i0.wp.com\/www.alpakahof-hahn.at\/shop\/wp-content\/uploads\/2017\/05\/07072-alpaka-damen-mu%CC%88tze-tuerkis-01.jpg?fit=800%2C800&ssl=1","contentUrl":"https:\/\/i0.wp.com\/www.alpakahof-hahn.at\/shop\/wp-content\/uploads\/2017\/05\/07072-alpaka-damen-mu%CC%88tze-tuerkis-01.jpg?fit=800%2C800&ssl=1","width":800,"height":800},{"@type":"BreadcrumbList","@id":"https:\/\/www.alpakahof-hahn.at\/shop\/produkt\/alpaka-chimu-muetze-tuerkis\/#breadcrumb","itemListElement":[{"@type":"ListItem","position":1,"name":"Shop","item":"https:\/\/www.alpakahof-hahn.at\/shop\/"},{"@type":"ListItem","position":2,"name":"Shop","item":"https:\/\/www.alpakahof-hahn.at\/shop\/shop\/"},{"@type":"ListItem","position":3,"name":"Alpaka Chimu M\u00fctze t\u00fcrkis"}]},{"@type":"WebSite","@id":"https:\/\/www.alpakahof-hahn.at\/shop\/#website","url":"https:\/\/www.alpakahof-hahn.at\/shop\/","name":"Alpaka Online-Shop","description":"Der Hofladen der Familie Hahn","potentialAction":[{"@type":"SearchAction","target":{"@type":"EntryPoint","urlTemplate":"https:\/\/www.alpakahof-hahn.at\/shop\/?s={search_term_string}"},"query-input":{"@type":"PropertyValueSpecification","valueRequired":true,"valueName":"search_term_string"}}],"inLanguage":"de"}]}},"jetpack_publicize_connections":[],"jetpack_sharing_enabled":true,"jetpack-related-posts":[{"id":5103,"url":"https:\/\/www.alpakahof-hahn.at\/shop\/produkt\/alpaka-chimu-muetze-rot\/","url_meta":{"origin":4614,"position":0},"title":"Alpaka Chimu M\u00fctze rot","author":"Manuel Hahn","date":"24. Juli 2017","format":false,"excerpt":"Die Chimu M\u00fctze verbindet ein traditionelles Design mit einzigartiger Funktion. Der aufwendige Jacquard Strick setzt im Winter mit strahlenden Farben Highlights. Das Baumwollfutter sch\u00fctzt vor kalten Temperaturen und eisigem Wind. Diese sch\u00f6ne Haube in verschiedenen Blaut\u00f6nen ziert auch ein kleines Alpaka-Logo an der Vorderseite - Zeichen f\u00fcr eine echte Alpaka\u2026","rel":"","context":"\u00c4hnlicher Beitrag","block_context":{"text":"\u00c4hnlicher Beitrag","link":""},"img":{"alt_text":"","src":"https:\/\/i0.wp.com\/www.alpakahof-hahn.at\/shop\/wp-content\/uploads\/2017\/07\/alpaka-haube-chimo-rot-11.jpg?fit=527%2C527&ssl=1&resize=350%2C200","width":350,"height":200,"srcset":"https:\/\/i0.wp.com\/www.alpakahof-hahn.at\/shop\/wp-content\/uploads\/2017\/07\/alpaka-haube-chimo-rot-11.jpg?fit=527%2C527&ssl=1&resize=350%2C200 1x, https:\/\/i0.wp.com\/www.alpakahof-hahn.at\/shop\/wp-content\/uploads\/2017\/07\/alpaka-haube-chimo-rot-11.jpg?fit=527%2C527&ssl=1&resize=525%2C300 1.5x"},"classes":[]},{"id":4620,"url":"https:\/\/www.alpakahof-hahn.at\/shop\/produkt\/alpaka-luna-muetze-gefuettert\/","url_meta":{"origin":4614,"position":1},"title":"Alpaka Luna M\u00fctze gef\u00fcttert","author":"Manuel Hahn","date":"1. Mai 2017","format":false,"excerpt":"Eisigen Temperaturen standhalten Dank dieser M\u00fctze aus strapazierf\u00e4higer Alpakawolle: wich, geschmeidig, angenehm zu tragen und dabei wind- und wetterfest! Diese Haube kommt in nat\u00fcrlichen Farben und Erdt\u00f6nen in peruanischem Design. Im peruanischen Design und herbstlichen Farben bringen Sie einen Teil der Anden mit dieser unverwechselbar sch\u00f6nen Haube mit in Ihren\u2026","rel":"","context":"\u00c4hnlicher Beitrag","block_context":{"text":"\u00c4hnlicher Beitrag","link":""},"img":{"alt_text":"","src":"https:\/\/i0.wp.com\/www.alpakahof-hahn.at\/shop\/wp-content\/uploads\/2017\/05\/07151-herren-neu-01.jpg?fit=800%2C800&ssl=1&resize=350%2C200","width":350,"height":200,"srcset":"https:\/\/i0.wp.com\/www.alpakahof-hahn.at\/shop\/wp-content\/uploads\/2017\/05\/07151-herren-neu-01.jpg?fit=800%2C800&ssl=1&resize=350%2C200 1x, https:\/\/i0.wp.com\/www.alpakahof-hahn.at\/shop\/wp-content\/uploads\/2017\/05\/07151-herren-neu-01.jpg?fit=800%2C800&ssl=1&resize=525%2C300 1.5x, https:\/\/i0.wp.com\/www.alpakahof-hahn.at\/shop\/wp-content\/uploads\/2017\/05\/07151-herren-neu-01.jpg?fit=800%2C800&ssl=1&resize=700%2C400 2x"},"classes":[]},{"id":40476,"url":"https:\/\/www.alpakahof-hahn.at\/shop\/produkt\/stirnband-chimu-strick-tuerkis\/","url_meta":{"origin":4614,"position":2},"title":"Stirnband CHIMU Jacquard Strick t\u00fcrkis","author":"Manuel Hahn","date":"9. Dezember 2020","format":false,"excerpt":"Flauschig warmes Stirnband f\u00fcr kalte Herbstst\u00fcrme! - mit Ohrenklappen - allover Jacquard-Strickmuster - APU KUNTUR Label an der Seite - Bandbreite ca. 8cm - Material: 100% Alpaka (Baby Alpaka)","rel":"","context":"\u00c4hnlicher Beitrag","block_context":{"text":"\u00c4hnlicher Beitrag","link":""},"img":{"alt_text":"","src":"https:\/\/i0.wp.com\/www.alpakahof-hahn.at\/shop\/wp-content\/uploads\/2020\/12\/Stirnband-CHIMU-Jacquard-Strick-tuerkis-alpakahof-hahn-3.jpg?fit=527%2C800&ssl=1&resize=350%2C200","width":350,"height":200,"srcset":"https:\/\/i0.wp.com\/www.alpakahof-hahn.at\/shop\/wp-content\/uploads\/2020\/12\/Stirnband-CHIMU-Jacquard-Strick-tuerkis-alpakahof-hahn-3.jpg?fit=527%2C800&ssl=1&resize=350%2C200 1x, https:\/\/i0.wp.com\/www.alpakahof-hahn.at\/shop\/wp-content\/uploads\/2020\/12\/Stirnband-CHIMU-Jacquard-Strick-tuerkis-alpakahof-hahn-3.jpg?fit=527%2C800&ssl=1&resize=525%2C300 1.5x"},"classes":[]},{"id":46121,"url":"https:\/\/www.alpakahof-hahn.at\/shop\/produkt\/alpaka-faeustlinge\/","url_meta":{"origin":4614,"position":3},"title":"Alpaka F\u00e4ustlinge ANDINO","author":"Manuel Hahn","date":"24. November 2021","format":false,"excerpt":"Unsere Alpaka-F\u00e4ustlinge sind der Hingucker schlecht hin. Mit der Jacquard-Strick-Technik bekamen unsere F\u00e4ustlinge einen einzigarten Look. - Material: 100% Alpaka (Alpaka Superfine) - Futter: 100% Baumwolle - Leder-Label mit gepr\u00e4gtem Alpaka-Logo - lustiges Alpaka-Muster - dick und wind-fest - Fair hergestellte von Apu Kuntur in Peru \u00a0","rel":"","context":"\u00c4hnlicher Beitrag","block_context":{"text":"\u00c4hnlicher Beitrag","link":""},"img":{"alt_text":"","src":"https:\/\/i0.wp.com\/www.alpakahof-hahn.at\/shop\/wp-content\/uploads\/2021\/11\/Alpaka-Faeustlinge-Alpakahof-Hahn-1.jpg?fit=527%2C800&ssl=1&resize=350%2C200","width":350,"height":200,"srcset":"https:\/\/i0.wp.com\/www.alpakahof-hahn.at\/shop\/wp-content\/uploads\/2021\/11\/Alpaka-Faeustlinge-Alpakahof-Hahn-1.jpg?fit=527%2C800&ssl=1&resize=350%2C200 1x, https:\/\/i0.wp.com\/www.alpakahof-hahn.at\/shop\/wp-content\/uploads\/2021\/11\/Alpaka-Faeustlinge-Alpakahof-Hahn-1.jpg?fit=527%2C800&ssl=1&resize=525%2C300 1.5x"},"classes":[]},{"id":8855,"url":"https:\/\/www.alpakahof-hahn.at\/shop\/produkt\/anden-vientos-stirnband\/","url_meta":{"origin":4614,"position":4},"title":"Anden Vientos gef\u00fcttert Stirnband","author":"Manuel Hahn","date":"16. Januar 2020","format":false,"excerpt":"Ein Alpaka-Stirnband der besonderen Art. Die Farben Schwarz, Grau und Rot passen perfekt zum Winter und geh\u00f6ren in die Garderobe. Mit den sch\u00fctzenden Ohren-Klappen und den geflochtenen B\u00e4ndeln samt w\u00e4rmenden Futter aus weichem Baumwoll-Vlies, ist dieses Stirnband der ideale Begleiter durch kalte Wintertage. - Material: 100% Alpaka (Alpaka Superfine) -\u2026","rel":"","context":"\u00c4hnlicher Beitrag","block_context":{"text":"\u00c4hnlicher Beitrag","link":""},"img":{"alt_text":"","src":"https:\/\/i0.wp.com\/www.alpakahof-hahn.at\/shop\/wp-content\/uploads\/2020\/01\/alpaka-stirnband-anden-vientos-14025-alpakahof-hahn-1.jpg?fit=475%2C720&ssl=1&resize=350%2C200","width":350,"height":200},"classes":[]},{"id":4594,"url":"https:\/\/www.alpakahof-hahn.at\/shop\/produkt\/alpaka-wendemuetze-schwarz-grau\/","url_meta":{"origin":4614,"position":5},"title":"Alpaka-Wendem\u00fctze schwarz-grau","author":"Manuel Hahn","date":"1. Mai 2017","format":false,"excerpt":"Sch\u00f6n, schlicht und wendbar. Diese tolle Wendem\u00fctze ist wie der Name schon hergibt wendbar. Das bedeutet Sie haben zwei M\u00fctzen in zwei verschiedenen Farben in einer. Tragen Sie sie casual im Alltag , in der Freizeit oder Sportlich w\u00e4hrend des Joggens. Durch die verschiedenen Farben im Sortiment k\u00f6nnen Sie die\u2026","rel":"","context":"\u00c4hnlicher Beitrag","block_context":{"text":"\u00c4hnlicher Beitrag","link":""},"img":{"alt_text":"","src":"https:\/\/i0.wp.com\/www.alpakahof-hahn.at\/shop\/wp-content\/uploads\/2017\/05\/07057-schwarz-grau-neu-01.jpg?fit=800%2C800&ssl=1&resize=350%2C200","width":350,"height":200,"srcset":"https:\/\/i0.wp.com\/www.alpakahof-hahn.at\/shop\/wp-content\/uploads\/2017\/05\/07057-schwarz-grau-neu-01.jpg?fit=800%2C800&ssl=1&resize=350%2C200 1x, https:\/\/i0.wp.com\/www.alpakahof-hahn.at\/shop\/wp-content\/uploads\/2017\/05\/07057-schwarz-grau-neu-01.jpg?fit=800%2C800&ssl=1&resize=525%2C300 1.5x, https:\/\/i0.wp.com\/www.alpakahof-hahn.at\/shop\/wp-content\/uploads\/2017\/05\/07057-schwarz-grau-neu-01.jpg?fit=800%2C800&ssl=1&resize=700%2C400 2x"},"classes":[]}],"_links":{"self":[{"href":"https:\/\/www.alpakahof-hahn.at\/shop\/wp-json\/wp\/v2\/product\/4614","targetHints":{"allow":["GET"]}}],"collection":[{"href":"https:\/\/www.alpakahof-hahn.at\/shop\/wp-json\/wp\/v2\/product"}],"about":[{"href":"https:\/\/www.alpakahof-hahn.at\/shop\/wp-json\/wp\/v2\/types\/product"}],"wp:featuredmedia":[{"embeddable":true,"href":"https:\/\/www.alpakahof-hahn.at\/shop\/wp-json\/wp\/v2\/media\/4751"}],"wp:attachment":[{"href":"https:\/\/www.alpakahof-hahn.at\/shop\/wp-json\/wp\/v2\/media?parent=4614"}],"wp:term":[{"taxonomy":"brand","embeddable":true,"href":"https:\/\/www.alpakahof-hahn.at\/shop\/wp-json\/wp\/v2\/etheme_brands?post=4614"},{"taxonomy":"product_brand","embeddable":true,"href":"https:\/\/www.alpakahof-hahn.at\/shop\/wp-json\/wp\/v2\/product_brand?post=4614"},{"taxonomy":"product_cat","embeddable":true,"href":"https:\/\/www.alpakahof-hahn.at\/shop\/wp-json\/wp\/v2\/product_cat?post=4614"},{"taxonomy":"product_tag","embeddable":true,"href":"https:\/\/www.alpakahof-hahn.at\/shop\/wp-json\/wp\/v2\/product_tag?post=4614"}],"curies":[{"name":"wp","href":"https:\/\/api.w.org\/{rel}","templated":true}]}}