{"id":46127,"date":"2021-11-24T21:06:03","date_gmt":"2021-11-24T20:06:03","guid":{"rendered":"https:\/\/www.alpakahof-hahn.at\/shop\/?post_type=product&#038;p=46127"},"modified":"2026-04-25T21:07:09","modified_gmt":"2026-04-25T19:07:09","slug":"alpaka-sneaker","status":"publish","type":"product","link":"https:\/\/www.alpakahof-hahn.at\/shop\/produkt\/alpaka-sneaker\/","title":{"rendered":"Alpaka Sneaker"},"content":{"rendered":"","protected":false},"excerpt":{"rendered":"<p>Unsere Alpaka-Sneaker sind stylisch durch und durch &#8211; egal ob als Geschenk oder f\u00fcr einem selbst.<\/p>\n<p>&#8211; Material: 70% Alpaka (Baby Alpaka) 25% Pima Baumwolle 4% Nylon 1% Elasthan<br \/>\n&#8211; ausgereiftes Design mit faserverst\u00e4rkten Partien<br \/>\n&#8211; zeitlose Farbe<br \/>\n&#8211; leichte feine Ausf\u00fchrung<\/p>\n<p>Fair in Peru von Apu Kuntur hergestellt.<\/p>\n<p>&nbsp;<\/p>\n","protected":false},"featured_media":46133,"template":"","meta":{"jetpack_post_was_ever_published":false,"jetpack_publicize_message":"","jetpack_publicize_feature_enabled":true,"jetpack_social_post_already_shared":true,"jetpack_social_options":{"image_generator_settings":{"template":"highway","default_image_id":0,"font":"","enabled":false},"version":2}},"etheme_brands":[],"product_brand":[],"product_cat":[80],"product_tag":[],"class_list":{"0":"post-46127","1":"product","2":"type-product","3":"status-publish","4":"has-post-thumbnail","6":"product_cat-socken","8":"first","9":"instock","10":"taxable","11":"shipping-taxable","12":"purchasable","13":"product-type-variable"},"supplier_id":null,"supplier_sku":"","barcode":null,"atum_controlled":true,"out_stock_date":null,"out_stock_threshold":null,"inheritable":true,"inbound_stock":0,"stock_on_hold":0,"sold_today":0,"sales_last_days":2,"reserved_stock":0,"customer_returns":0,"warehouse_damage":0,"lost_in_post":0,"other_logs":0,"out_stock_days":0,"lost_sales":0,"has_location":false,"update_date":"2026-05-03T10:17:08","atum_locations":[],"atum_stock_status":"instock","restock_status":false,"low_stock_amount":"","sales_update_date":"2026-05-03T10:17:08","calc_backorders":null,"yoast_head":"<!-- This site is optimized with the Yoast SEO plugin v26.5 - https:\/\/yoast.com\/wordpress\/plugins\/seo\/ -->\n<title>Alpaka Sneaker - Alpaka Online-Shop<\/title>\n<meta name=\"robots\" content=\"index, follow, max-snippet:-1, max-image-preview:large, max-video-preview:-1\" \/>\n<link rel=\"canonical\" href=\"https:\/\/www.alpakahof-hahn.at\/shop\/produkt\/alpaka-sneaker\/\" \/>\n<meta name=\"twitter:card\" content=\"summary_large_image\" \/>\n<meta name=\"twitter:title\" content=\"Alpaka Sneaker - Alpaka Online-Shop\" \/>\n<meta name=\"twitter:description\" content=\"Unsere Alpaka-Sneaker sind stylisch durch und durch - egal ob als Geschenk oder f\u00fcr einem selbst.  - Material: 70% Alpaka (Baby Alpaka) 25% Pima Baumwolle 4% Nylon 1% Elasthan - ausgereiftes Design mit faserverst\u00e4rkten Partien - zeitlose Farbe - leichte feine Ausf\u00fchrung  Fair in Peru von Apu Kuntur hergestellt.  &nbsp;\" \/>\n<meta name=\"twitter:image\" content=\"https:\/\/i0.wp.com\/www.alpakahof-hahn.at\/shop\/wp-content\/uploads\/2021\/11\/Alpaka-Sneaker-grau-Alpakahof-Hahn-1.jpg?fit=791%2C1200&ssl=1\" \/>\n<script type=\"application\/ld+json\" class=\"yoast-schema-graph\">{\"@context\":\"https:\/\/schema.org\",\"@graph\":[{\"@type\":\"WebPage\",\"@id\":\"https:\/\/www.alpakahof-hahn.at\/shop\/produkt\/alpaka-sneaker\/\",\"url\":\"https:\/\/www.alpakahof-hahn.at\/shop\/produkt\/alpaka-sneaker\/\",\"name\":\"Alpaka Sneaker - Alpaka Online-Shop\",\"isPartOf\":{\"@id\":\"https:\/\/www.alpakahof-hahn.at\/shop\/#website\"},\"primaryImageOfPage\":{\"@id\":\"https:\/\/www.alpakahof-hahn.at\/shop\/produkt\/alpaka-sneaker\/#primaryimage\"},\"image\":{\"@id\":\"https:\/\/www.alpakahof-hahn.at\/shop\/produkt\/alpaka-sneaker\/#primaryimage\"},\"thumbnailUrl\":\"https:\/\/i0.wp.com\/www.alpakahof-hahn.at\/shop\/wp-content\/uploads\/2021\/11\/Alpaka-Sneaker-grau-Alpakahof-Hahn-1.jpg?fit=791%2C1200&ssl=1\",\"datePublished\":\"2021-11-24T20:06:03+00:00\",\"dateModified\":\"2026-04-25T19:07:09+00:00\",\"breadcrumb\":{\"@id\":\"https:\/\/www.alpakahof-hahn.at\/shop\/produkt\/alpaka-sneaker\/#breadcrumb\"},\"inLanguage\":\"de\",\"potentialAction\":[{\"@type\":\"ReadAction\",\"target\":[\"https:\/\/www.alpakahof-hahn.at\/shop\/produkt\/alpaka-sneaker\/\"]}]},{\"@type\":\"ImageObject\",\"inLanguage\":\"de\",\"@id\":\"https:\/\/www.alpakahof-hahn.at\/shop\/produkt\/alpaka-sneaker\/#primaryimage\",\"url\":\"https:\/\/i0.wp.com\/www.alpakahof-hahn.at\/shop\/wp-content\/uploads\/2021\/11\/Alpaka-Sneaker-grau-Alpakahof-Hahn-1.jpg?fit=791%2C1200&ssl=1\",\"contentUrl\":\"https:\/\/i0.wp.com\/www.alpakahof-hahn.at\/shop\/wp-content\/uploads\/2021\/11\/Alpaka-Sneaker-grau-Alpakahof-Hahn-1.jpg?fit=791%2C1200&ssl=1\",\"width\":791,\"height\":1200},{\"@type\":\"BreadcrumbList\",\"@id\":\"https:\/\/www.alpakahof-hahn.at\/shop\/produkt\/alpaka-sneaker\/#breadcrumb\",\"itemListElement\":[{\"@type\":\"ListItem\",\"position\":1,\"name\":\"Shop\",\"item\":\"https:\/\/www.alpakahof-hahn.at\/shop\/\"},{\"@type\":\"ListItem\",\"position\":2,\"name\":\"Shop\",\"item\":\"https:\/\/www.alpakahof-hahn.at\/shop\/shop\/\"},{\"@type\":\"ListItem\",\"position\":3,\"name\":\"Alpaka Sneaker\"}]},{\"@type\":\"WebSite\",\"@id\":\"https:\/\/www.alpakahof-hahn.at\/shop\/#website\",\"url\":\"https:\/\/www.alpakahof-hahn.at\/shop\/\",\"name\":\"Alpaka Online-Shop\",\"description\":\"Der Hofladen der Familie Hahn\",\"potentialAction\":[{\"@type\":\"SearchAction\",\"target\":{\"@type\":\"EntryPoint\",\"urlTemplate\":\"https:\/\/www.alpakahof-hahn.at\/shop\/?s={search_term_string}\"},\"query-input\":{\"@type\":\"PropertyValueSpecification\",\"valueRequired\":true,\"valueName\":\"search_term_string\"}}],\"inLanguage\":\"de\"}]}<\/script>\n<!-- \/ Yoast SEO plugin. -->","yoast_head_json":{"title":"Alpaka Sneaker - Alpaka Online-Shop","robots":{"index":"index","follow":"follow","max-snippet":"max-snippet:-1","max-image-preview":"max-image-preview:large","max-video-preview":"max-video-preview:-1"},"canonical":"https:\/\/www.alpakahof-hahn.at\/shop\/produkt\/alpaka-sneaker\/","twitter_card":"summary_large_image","twitter_title":"Alpaka Sneaker - Alpaka Online-Shop","twitter_description":"Unsere Alpaka-Sneaker sind stylisch durch und durch - egal ob als Geschenk oder f\u00fcr einem selbst.  - Material: 70% Alpaka (Baby Alpaka) 25% Pima Baumwolle 4% Nylon 1% Elasthan - ausgereiftes Design mit faserverst\u00e4rkten Partien - zeitlose Farbe - leichte feine Ausf\u00fchrung  Fair in Peru von Apu Kuntur hergestellt.  &nbsp;","twitter_image":"https:\/\/i0.wp.com\/www.alpakahof-hahn.at\/shop\/wp-content\/uploads\/2021\/11\/Alpaka-Sneaker-grau-Alpakahof-Hahn-1.jpg?fit=791%2C1200&ssl=1","schema":{"@context":"https:\/\/schema.org","@graph":[{"@type":"WebPage","@id":"https:\/\/www.alpakahof-hahn.at\/shop\/produkt\/alpaka-sneaker\/","url":"https:\/\/www.alpakahof-hahn.at\/shop\/produkt\/alpaka-sneaker\/","name":"Alpaka Sneaker - Alpaka Online-Shop","isPartOf":{"@id":"https:\/\/www.alpakahof-hahn.at\/shop\/#website"},"primaryImageOfPage":{"@id":"https:\/\/www.alpakahof-hahn.at\/shop\/produkt\/alpaka-sneaker\/#primaryimage"},"image":{"@id":"https:\/\/www.alpakahof-hahn.at\/shop\/produkt\/alpaka-sneaker\/#primaryimage"},"thumbnailUrl":"https:\/\/i0.wp.com\/www.alpakahof-hahn.at\/shop\/wp-content\/uploads\/2021\/11\/Alpaka-Sneaker-grau-Alpakahof-Hahn-1.jpg?fit=791%2C1200&ssl=1","datePublished":"2021-11-24T20:06:03+00:00","dateModified":"2026-04-25T19:07:09+00:00","breadcrumb":{"@id":"https:\/\/www.alpakahof-hahn.at\/shop\/produkt\/alpaka-sneaker\/#breadcrumb"},"inLanguage":"de","potentialAction":[{"@type":"ReadAction","target":["https:\/\/www.alpakahof-hahn.at\/shop\/produkt\/alpaka-sneaker\/"]}]},{"@type":"ImageObject","inLanguage":"de","@id":"https:\/\/www.alpakahof-hahn.at\/shop\/produkt\/alpaka-sneaker\/#primaryimage","url":"https:\/\/i0.wp.com\/www.alpakahof-hahn.at\/shop\/wp-content\/uploads\/2021\/11\/Alpaka-Sneaker-grau-Alpakahof-Hahn-1.jpg?fit=791%2C1200&ssl=1","contentUrl":"https:\/\/i0.wp.com\/www.alpakahof-hahn.at\/shop\/wp-content\/uploads\/2021\/11\/Alpaka-Sneaker-grau-Alpakahof-Hahn-1.jpg?fit=791%2C1200&ssl=1","width":791,"height":1200},{"@type":"BreadcrumbList","@id":"https:\/\/www.alpakahof-hahn.at\/shop\/produkt\/alpaka-sneaker\/#breadcrumb","itemListElement":[{"@type":"ListItem","position":1,"name":"Shop","item":"https:\/\/www.alpakahof-hahn.at\/shop\/"},{"@type":"ListItem","position":2,"name":"Shop","item":"https:\/\/www.alpakahof-hahn.at\/shop\/shop\/"},{"@type":"ListItem","position":3,"name":"Alpaka Sneaker"}]},{"@type":"WebSite","@id":"https:\/\/www.alpakahof-hahn.at\/shop\/#website","url":"https:\/\/www.alpakahof-hahn.at\/shop\/","name":"Alpaka Online-Shop","description":"Der Hofladen der Familie Hahn","potentialAction":[{"@type":"SearchAction","target":{"@type":"EntryPoint","urlTemplate":"https:\/\/www.alpakahof-hahn.at\/shop\/?s={search_term_string}"},"query-input":{"@type":"PropertyValueSpecification","valueRequired":true,"valueName":"search_term_string"}}],"inLanguage":"de"}]}},"jetpack_publicize_connections":[],"jetpack_sharing_enabled":true,"jetpack-related-posts":[{"id":5177,"url":"https:\/\/www.alpakahof-hahn.at\/shop\/produkt\/alpaka-herrenhandschuhe-gefuettert-schwarz\/","url_meta":{"origin":46127,"position":0},"title":"Alpaka -Handschuhe gef\u00fcttert schwarz","author":"Manuel Hahn","date":"9. Oktober 2017","format":false,"excerpt":"- zeitloser eleganter Stil - robust und weich durch reines Alpaka - wind- und wetterfest durch warmes Baumwollvlies-Futter - Fair hergestellte von Apu Kuntur in Peru","rel":"","context":"\u00c4hnlicher Beitrag","block_context":{"text":"\u00c4hnlicher Beitrag","link":""},"img":{"alt_text":"","src":"https:\/\/i0.wp.com\/www.alpakahof-hahn.at\/shop\/wp-content\/uploads\/2017\/10\/08094-schwarz-01.jpg?fit=791%2C1200&ssl=1&resize=350%2C200","width":350,"height":200,"srcset":"https:\/\/i0.wp.com\/www.alpakahof-hahn.at\/shop\/wp-content\/uploads\/2017\/10\/08094-schwarz-01.jpg?fit=791%2C1200&ssl=1&resize=350%2C200 1x, https:\/\/i0.wp.com\/www.alpakahof-hahn.at\/shop\/wp-content\/uploads\/2017\/10\/08094-schwarz-01.jpg?fit=791%2C1200&ssl=1&resize=525%2C300 1.5x, https:\/\/i0.wp.com\/www.alpakahof-hahn.at\/shop\/wp-content\/uploads\/2017\/10\/08094-schwarz-01.jpg?fit=791%2C1200&ssl=1&resize=700%2C400 2x"},"classes":[]},{"id":46295,"url":"https:\/\/www.alpakahof-hahn.at\/shop\/produkt\/alpaka-handschuhe-gefuettert-blau-meliert\/","url_meta":{"origin":46127,"position":1},"title":"Alpaka Fingerhandschuhe gef\u00fcttert blau-meliert","author":"Manuel Hahn","date":"30. November 2021","format":false,"excerpt":"- zeitloser eleganter Stil - robust und weich durch reines Alpaka - wind- und wetterfest durch warmes Baumwollvlies-Futter - Fair hergestellte von Apu Kuntur in Peru \u00a0","rel":"","context":"\u00c4hnlicher Beitrag","block_context":{"text":"\u00c4hnlicher Beitrag","link":""},"img":{"alt_text":"","src":"https:\/\/i0.wp.com\/www.alpakahof-hahn.at\/shop\/wp-content\/uploads\/2021\/11\/Alpaka-Handschuhe-blau-meliert-Alpakahof-Hahn-1.jpg?fit=527%2C800&ssl=1&resize=350%2C200","width":350,"height":200,"srcset":"https:\/\/i0.wp.com\/www.alpakahof-hahn.at\/shop\/wp-content\/uploads\/2021\/11\/Alpaka-Handschuhe-blau-meliert-Alpakahof-Hahn-1.jpg?fit=527%2C800&ssl=1&resize=350%2C200 1x, https:\/\/i0.wp.com\/www.alpakahof-hahn.at\/shop\/wp-content\/uploads\/2021\/11\/Alpaka-Handschuhe-blau-meliert-Alpakahof-Hahn-1.jpg?fit=527%2C800&ssl=1&resize=525%2C300 1.5x"},"classes":[]},{"id":5538,"url":"https:\/\/www.alpakahof-hahn.at\/shop\/produkt\/alpaka-herren-handschuhe-gefuettert-anthrazit\/","url_meta":{"origin":46127,"position":2},"title":"Alpaka -Handschuhe gef\u00fcttert anthrazit","author":"Manuel Hahn","date":"12. Januar 2019","format":false,"excerpt":"- zeitloser eleganter Stil - robust und weich durch reines Alpaka - wind- und wetterfest durch warmes Baumwollvlies-Futter - Fair hergestellte von Apu Kuntur in Peru","rel":"","context":"\u00c4hnlicher Beitrag","block_context":{"text":"\u00c4hnlicher Beitrag","link":""},"img":{"alt_text":"","src":"https:\/\/i0.wp.com\/www.alpakahof-hahn.at\/shop\/wp-content\/uploads\/2019\/01\/08094-alpaka-handschuhe-anthrazit-02.jpg?fit=822%2C1000&ssl=1&resize=350%2C200","width":350,"height":200,"srcset":"https:\/\/i0.wp.com\/www.alpakahof-hahn.at\/shop\/wp-content\/uploads\/2019\/01\/08094-alpaka-handschuhe-anthrazit-02.jpg?fit=822%2C1000&ssl=1&resize=350%2C200 1x, https:\/\/i0.wp.com\/www.alpakahof-hahn.at\/shop\/wp-content\/uploads\/2019\/01\/08094-alpaka-handschuhe-anthrazit-02.jpg?fit=822%2C1000&ssl=1&resize=525%2C300 1.5x, https:\/\/i0.wp.com\/www.alpakahof-hahn.at\/shop\/wp-content\/uploads\/2019\/01\/08094-alpaka-handschuhe-anthrazit-02.jpg?fit=822%2C1000&ssl=1&resize=700%2C400 2x"},"classes":[]},{"id":31060,"url":"https:\/\/www.alpakahof-hahn.at\/shop\/produkt\/alpaka-rippenstrick-muetze-grau\/","url_meta":{"origin":46127,"position":3},"title":"Alpaka Rippenstrick M\u00fctze grau","author":"Manuel Hahn","date":"4. November 2020","format":false,"excerpt":"Diese Alpaka Haube aus feiner Baby Alpaka Wolle mit dehnbarem Rippenstrick passt zu jedem Anlass. - Material: 100% Alpaka (Baby Alpaka) - tolle Passform durch Rippenstrick - reine Naturfaser - unisex: f\u00fcr Damen und Herren","rel":"","context":"\u00c4hnlicher Beitrag","block_context":{"text":"\u00c4hnlicher Beitrag","link":""},"img":{"alt_text":"","src":"https:\/\/i0.wp.com\/www.alpakahof-hahn.at\/shop\/wp-content\/uploads\/2020\/11\/alpaka-ripp-muetze-grau-alpakahof-hahn2.jpg?fit=600%2C600&ssl=1&resize=350%2C200","width":350,"height":200,"srcset":"https:\/\/i0.wp.com\/www.alpakahof-hahn.at\/shop\/wp-content\/uploads\/2020\/11\/alpaka-ripp-muetze-grau-alpakahof-hahn2.jpg?fit=600%2C600&ssl=1&resize=350%2C200 1x, https:\/\/i0.wp.com\/www.alpakahof-hahn.at\/shop\/wp-content\/uploads\/2020\/11\/alpaka-ripp-muetze-grau-alpakahof-hahn2.jpg?fit=600%2C600&ssl=1&resize=525%2C300 1.5x"},"classes":[]},{"id":8906,"url":"https:\/\/www.alpakahof-hahn.at\/shop\/produkt\/alpaka-rippenstrick-muetze\/","url_meta":{"origin":46127,"position":4},"title":"Alpaka Rippenstrick M\u00fctze schwarz","author":"Manuel Hahn","date":"16. Januar 2020","format":false,"excerpt":"Diese Alpaka Haube aus feiner Baby Alpaka Wolle mit dehnbarem Rippenstrick passt zu jedem Anlass. - Material: 100% Alpaka (Baby Alpaka) - tolle Passform durch Rippenstrick - reine Naturfaser - unisex: f\u00fcr Damen und Herren","rel":"","context":"\u00c4hnlicher Beitrag","block_context":{"text":"\u00c4hnlicher Beitrag","link":""},"img":{"alt_text":"","src":"https:\/\/i0.wp.com\/www.alpakahof-hahn.at\/shop\/wp-content\/uploads\/2020\/01\/alpaka-haube-ripp-schwarz-alpakahof-hahn1.jpg?fit=600%2C600&ssl=1&resize=350%2C200","width":350,"height":200,"srcset":"https:\/\/i0.wp.com\/www.alpakahof-hahn.at\/shop\/wp-content\/uploads\/2020\/01\/alpaka-haube-ripp-schwarz-alpakahof-hahn1.jpg?fit=600%2C600&ssl=1&resize=350%2C200 1x, https:\/\/i0.wp.com\/www.alpakahof-hahn.at\/shop\/wp-content\/uploads\/2020\/01\/alpaka-haube-ripp-schwarz-alpakahof-hahn1.jpg?fit=600%2C600&ssl=1&resize=525%2C300 1.5x"},"classes":[]},{"id":8870,"url":"https:\/\/www.alpakahof-hahn.at\/shop\/produkt\/alpaka-strickwolle-beige\/","url_meta":{"origin":46127,"position":5},"title":"Alpaka Strickwolle beige","author":"Manuel Hahn","date":"16. Januar 2020","format":false,"excerpt":"Diese vierfach gezwirnte Alpaka-Strick-Wolle aus 100% reinem Alpaka-Garn f\u00fcr die Nadel-St\u00e4rke 4,5 zeichnet sich durch eine schmeichelnde Feinheit in einer gro\u00dfen Farbpalette aus. Sie ist hervorragend geeignet zum Stricken und H\u00e4keln von Strick-M\u00e4nteln, Strick-Jacken, Strick-Pullovern, Capes, Ponchos oder Accessoires wie Stulpen, M\u00fctzen, Hauben oder Handschuhen. Ihrer Kreativit\u00e4t sind keine Grenzen\u2026","rel":"","context":"\u00c4hnlicher Beitrag","block_context":{"text":"\u00c4hnlicher Beitrag","link":""},"img":{"alt_text":"","src":"https:\/\/i0.wp.com\/www.alpakahof-hahn.at\/shop\/wp-content\/uploads\/2020\/01\/15053-n110-01-kneaul-alpaka-strick-wolle-stricken-haekeln-alpaca-haekel-garn-beige-alpakahof-hahn.jpg?fit=800%2C560&ssl=1&resize=350%2C200","width":350,"height":200,"srcset":"https:\/\/i0.wp.com\/www.alpakahof-hahn.at\/shop\/wp-content\/uploads\/2020\/01\/15053-n110-01-kneaul-alpaka-strick-wolle-stricken-haekeln-alpaca-haekel-garn-beige-alpakahof-hahn.jpg?fit=800%2C560&ssl=1&resize=350%2C200 1x, https:\/\/i0.wp.com\/www.alpakahof-hahn.at\/shop\/wp-content\/uploads\/2020\/01\/15053-n110-01-kneaul-alpaka-strick-wolle-stricken-haekeln-alpaca-haekel-garn-beige-alpakahof-hahn.jpg?fit=800%2C560&ssl=1&resize=525%2C300 1.5x, https:\/\/i0.wp.com\/www.alpakahof-hahn.at\/shop\/wp-content\/uploads\/2020\/01\/15053-n110-01-kneaul-alpaka-strick-wolle-stricken-haekeln-alpaca-haekel-garn-beige-alpakahof-hahn.jpg?fit=800%2C560&ssl=1&resize=700%2C400 2x"},"classes":[]}],"_links":{"self":[{"href":"https:\/\/www.alpakahof-hahn.at\/shop\/wp-json\/wp\/v2\/product\/46127","targetHints":{"allow":["GET"]}}],"collection":[{"href":"https:\/\/www.alpakahof-hahn.at\/shop\/wp-json\/wp\/v2\/product"}],"about":[{"href":"https:\/\/www.alpakahof-hahn.at\/shop\/wp-json\/wp\/v2\/types\/product"}],"wp:featuredmedia":[{"embeddable":true,"href":"https:\/\/www.alpakahof-hahn.at\/shop\/wp-json\/wp\/v2\/media\/46133"}],"wp:attachment":[{"href":"https:\/\/www.alpakahof-hahn.at\/shop\/wp-json\/wp\/v2\/media?parent=46127"}],"wp:term":[{"taxonomy":"brand","embeddable":true,"href":"https:\/\/www.alpakahof-hahn.at\/shop\/wp-json\/wp\/v2\/etheme_brands?post=46127"},{"taxonomy":"product_brand","embeddable":true,"href":"https:\/\/www.alpakahof-hahn.at\/shop\/wp-json\/wp\/v2\/product_brand?post=46127"},{"taxonomy":"product_cat","embeddable":true,"href":"https:\/\/www.alpakahof-hahn.at\/shop\/wp-json\/wp\/v2\/product_cat?post=46127"},{"taxonomy":"product_tag","embeddable":true,"href":"https:\/\/www.alpakahof-hahn.at\/shop\/wp-json\/wp\/v2\/product_tag?post=46127"}],"curies":[{"name":"wp","href":"https:\/\/api.w.org\/{rel}","templated":true}]}}