{"id":4526,"date":"2017-05-01T12:35:52","date_gmt":"2017-05-01T10:35:52","guid":{"rendered":"https:\/\/www.alpakahof-hahn.at\/shop\/?post_type=product&#038;p=4526"},"modified":"2025-11-17T19:06:21","modified_gmt":"2025-11-17T18:06:21","slug":"baby-alpaka-webschal-silber","status":"publish","type":"product","link":"https:\/\/www.alpakahof-hahn.at\/shop\/produkt\/baby-alpaka-webschal-silber\/","title":{"rendered":"Baby-Alpaka Webschal Silber"},"content":{"rendered":"","protected":false},"excerpt":{"rendered":"<p><span style=\"font-weight: 400;\">Nie mehr frieren &#8211; und dabei auch noch chic aussehen! Mit dem flauschig warmen Schal aus dem Fell des Baby Alpaka hat die K\u00e4lte keine Chance. Mit seinem eleganten Erscheinungsbild und der brillanten Farbe ist er ein Schal f\u00fcr jede Gelegenheit. <\/span><\/p>\n<p><span style=\"font-weight: 400;\">\u2013 elegant, sportlich oder l\u00e4ssig zu kombinieren<\/span><\/p>\n<p><span style=\"font-weight: 400;\">\u2013 zeitloses Design in zartem Silber<\/span><\/p>\n<p><span style=\"font-weight: 400;\">\u2013 hautsymphatisch und anschmiegsam wie eine zweite Haut<\/span><\/p>\n<p><span style=\"font-weight: 400;\">\u2013 Material: 100% Alpaka (Baby Alpaka)<\/span><\/p>\n<p><span style=\"font-weight: 400;\">\u2013 Ma\u00dfe: 30 x 165\/180cm (ohne\/mit Fransen)<\/span><\/p>\n<p><span style=\"font-weight: 400;\">\u2013 Handw\u00e4sche kalt<\/span><\/p>\n<p><span style=\"font-weight: 400;\">\u2013 unisex<\/span><\/p>\n","protected":false},"featured_media":4656,"template":"","meta":{"jetpack_post_was_ever_published":false,"jetpack_publicize_message":"","jetpack_publicize_feature_enabled":true,"jetpack_social_post_already_shared":false,"jetpack_social_options":{"image_generator_settings":{"template":"highway","default_image_id":0,"font":"","enabled":false},"version":2}},"etheme_brands":[{"term_id":79,"name":"APU KUNTUR","slug":"apu-kuntur","term_group":0,"term_taxonomy_id":79,"taxonomy":"brand","description":"","parent":0,"count":42,"filter":"raw"}],"product_brand":[],"product_cat":[77],"product_tag":[],"class_list":{"0":"post-4526","1":"product","2":"type-product","3":"status-publish","4":"has-post-thumbnail","6":"brand-apu-kuntur","7":"product_cat-schals","9":"first","10":"instock","11":"taxable","12":"shipping-taxable","13":"purchasable","14":"product-type-simple"},"supplier_id":null,"supplier_sku":"","barcode":null,"atum_controlled":true,"out_stock_date":null,"out_stock_threshold":null,"inheritable":false,"inbound_stock":0,"stock_on_hold":0,"sold_today":0,"sales_last_days":0,"reserved_stock":0,"customer_returns":0,"warehouse_damage":0,"lost_in_post":0,"other_logs":0,"out_stock_days":0,"lost_sales":0,"has_location":false,"update_date":"2026-04-20T08:47:35","atum_locations":[],"atum_stock_status":"instock","restock_status":false,"low_stock_amount":"","sales_update_date":"2026-04-20T08:47:35","calc_backorders":null,"yoast_head":"<!-- This site is optimized with the Yoast SEO plugin v26.5 - https:\/\/yoast.com\/wordpress\/plugins\/seo\/ -->\n<title>Baby-Alpaka Webschal Silber - Alpaka Online-Shop<\/title>\n<meta name=\"robots\" content=\"index, follow, max-snippet:-1, max-image-preview:large, max-video-preview:-1\" \/>\n<link rel=\"canonical\" href=\"https:\/\/www.alpakahof-hahn.at\/shop\/produkt\/baby-alpaka-webschal-silber\/\" \/>\n<meta name=\"twitter:card\" content=\"summary_large_image\" \/>\n<meta name=\"twitter:title\" content=\"Baby-Alpaka Webschal Silber - Alpaka Online-Shop\" \/>\n<meta name=\"twitter:description\" content=\"Nie mehr frieren - und dabei auch noch chic aussehen! Mit dem flauschig warmen Schal aus dem Fell des Baby Alpaka hat die K\u00e4lte keine Chance. Mit seinem eleganten Erscheinungsbild und der brillanten Farbe ist er ein Schal f\u00fcr jede Gelegenheit.   \u2013 elegant, sportlich oder l\u00e4ssig zu kombinieren  \u2013 zeitloses Design in zartem Silber  \u2013 hautsymphatisch und anschmiegsam wie eine zweite Haut  \u2013 Material: 100% Alpaka (Baby Alpaka)  \u2013 Ma\u00dfe: 30 x 165\/180cm (ohne\/mit Fransen)  \u2013 Handw\u00e4sche kalt  \u2013 unisex\" \/>\n<meta name=\"twitter:image\" content=\"https:\/\/i0.wp.com\/www.alpakahof-hahn.at\/shop\/wp-content\/uploads\/2017\/05\/09029-alpaka-schal-grau.jpg?fit=527%2C800&ssl=1\" \/>\n<script type=\"application\/ld+json\" class=\"yoast-schema-graph\">{\"@context\":\"https:\/\/schema.org\",\"@graph\":[{\"@type\":\"WebPage\",\"@id\":\"https:\/\/www.alpakahof-hahn.at\/shop\/produkt\/baby-alpaka-webschal-silber\/\",\"url\":\"https:\/\/www.alpakahof-hahn.at\/shop\/produkt\/baby-alpaka-webschal-silber\/\",\"name\":\"Baby-Alpaka Webschal Silber - Alpaka Online-Shop\",\"isPartOf\":{\"@id\":\"https:\/\/www.alpakahof-hahn.at\/shop\/#website\"},\"primaryImageOfPage\":{\"@id\":\"https:\/\/www.alpakahof-hahn.at\/shop\/produkt\/baby-alpaka-webschal-silber\/#primaryimage\"},\"image\":{\"@id\":\"https:\/\/www.alpakahof-hahn.at\/shop\/produkt\/baby-alpaka-webschal-silber\/#primaryimage\"},\"thumbnailUrl\":\"https:\/\/i0.wp.com\/www.alpakahof-hahn.at\/shop\/wp-content\/uploads\/2017\/05\/09029-alpaka-schal-grau.jpg?fit=527%2C800&ssl=1\",\"datePublished\":\"2017-05-01T10:35:52+00:00\",\"dateModified\":\"2025-11-17T18:06:21+00:00\",\"breadcrumb\":{\"@id\":\"https:\/\/www.alpakahof-hahn.at\/shop\/produkt\/baby-alpaka-webschal-silber\/#breadcrumb\"},\"inLanguage\":\"de\",\"potentialAction\":[{\"@type\":\"ReadAction\",\"target\":[\"https:\/\/www.alpakahof-hahn.at\/shop\/produkt\/baby-alpaka-webschal-silber\/\"]}]},{\"@type\":\"ImageObject\",\"inLanguage\":\"de\",\"@id\":\"https:\/\/www.alpakahof-hahn.at\/shop\/produkt\/baby-alpaka-webschal-silber\/#primaryimage\",\"url\":\"https:\/\/i0.wp.com\/www.alpakahof-hahn.at\/shop\/wp-content\/uploads\/2017\/05\/09029-alpaka-schal-grau.jpg?fit=527%2C800&ssl=1\",\"contentUrl\":\"https:\/\/i0.wp.com\/www.alpakahof-hahn.at\/shop\/wp-content\/uploads\/2017\/05\/09029-alpaka-schal-grau.jpg?fit=527%2C800&ssl=1\",\"width\":527,\"height\":800},{\"@type\":\"BreadcrumbList\",\"@id\":\"https:\/\/www.alpakahof-hahn.at\/shop\/produkt\/baby-alpaka-webschal-silber\/#breadcrumb\",\"itemListElement\":[{\"@type\":\"ListItem\",\"position\":1,\"name\":\"Shop\",\"item\":\"https:\/\/www.alpakahof-hahn.at\/shop\/\"},{\"@type\":\"ListItem\",\"position\":2,\"name\":\"Shop\",\"item\":\"https:\/\/www.alpakahof-hahn.at\/shop\/shop\/\"},{\"@type\":\"ListItem\",\"position\":3,\"name\":\"Baby-Alpaka Webschal Silber\"}]},{\"@type\":\"WebSite\",\"@id\":\"https:\/\/www.alpakahof-hahn.at\/shop\/#website\",\"url\":\"https:\/\/www.alpakahof-hahn.at\/shop\/\",\"name\":\"Alpaka Online-Shop\",\"description\":\"Der Hofladen der Familie Hahn\",\"potentialAction\":[{\"@type\":\"SearchAction\",\"target\":{\"@type\":\"EntryPoint\",\"urlTemplate\":\"https:\/\/www.alpakahof-hahn.at\/shop\/?s={search_term_string}\"},\"query-input\":{\"@type\":\"PropertyValueSpecification\",\"valueRequired\":true,\"valueName\":\"search_term_string\"}}],\"inLanguage\":\"de\"}]}<\/script>\n<!-- \/ Yoast SEO plugin. -->","yoast_head_json":{"title":"Baby-Alpaka Webschal Silber - Alpaka Online-Shop","robots":{"index":"index","follow":"follow","max-snippet":"max-snippet:-1","max-image-preview":"max-image-preview:large","max-video-preview":"max-video-preview:-1"},"canonical":"https:\/\/www.alpakahof-hahn.at\/shop\/produkt\/baby-alpaka-webschal-silber\/","twitter_card":"summary_large_image","twitter_title":"Baby-Alpaka Webschal Silber - Alpaka Online-Shop","twitter_description":"Nie mehr frieren - und dabei auch noch chic aussehen! Mit dem flauschig warmen Schal aus dem Fell des Baby Alpaka hat die K\u00e4lte keine Chance. Mit seinem eleganten Erscheinungsbild und der brillanten Farbe ist er ein Schal f\u00fcr jede Gelegenheit.   \u2013 elegant, sportlich oder l\u00e4ssig zu kombinieren  \u2013 zeitloses Design in zartem Silber  \u2013 hautsymphatisch und anschmiegsam wie eine zweite Haut  \u2013 Material: 100% Alpaka (Baby Alpaka)  \u2013 Ma\u00dfe: 30 x 165\/180cm (ohne\/mit Fransen)  \u2013 Handw\u00e4sche kalt  \u2013 unisex","twitter_image":"https:\/\/i0.wp.com\/www.alpakahof-hahn.at\/shop\/wp-content\/uploads\/2017\/05\/09029-alpaka-schal-grau.jpg?fit=527%2C800&ssl=1","schema":{"@context":"https:\/\/schema.org","@graph":[{"@type":"WebPage","@id":"https:\/\/www.alpakahof-hahn.at\/shop\/produkt\/baby-alpaka-webschal-silber\/","url":"https:\/\/www.alpakahof-hahn.at\/shop\/produkt\/baby-alpaka-webschal-silber\/","name":"Baby-Alpaka Webschal Silber - Alpaka Online-Shop","isPartOf":{"@id":"https:\/\/www.alpakahof-hahn.at\/shop\/#website"},"primaryImageOfPage":{"@id":"https:\/\/www.alpakahof-hahn.at\/shop\/produkt\/baby-alpaka-webschal-silber\/#primaryimage"},"image":{"@id":"https:\/\/www.alpakahof-hahn.at\/shop\/produkt\/baby-alpaka-webschal-silber\/#primaryimage"},"thumbnailUrl":"https:\/\/i0.wp.com\/www.alpakahof-hahn.at\/shop\/wp-content\/uploads\/2017\/05\/09029-alpaka-schal-grau.jpg?fit=527%2C800&ssl=1","datePublished":"2017-05-01T10:35:52+00:00","dateModified":"2025-11-17T18:06:21+00:00","breadcrumb":{"@id":"https:\/\/www.alpakahof-hahn.at\/shop\/produkt\/baby-alpaka-webschal-silber\/#breadcrumb"},"inLanguage":"de","potentialAction":[{"@type":"ReadAction","target":["https:\/\/www.alpakahof-hahn.at\/shop\/produkt\/baby-alpaka-webschal-silber\/"]}]},{"@type":"ImageObject","inLanguage":"de","@id":"https:\/\/www.alpakahof-hahn.at\/shop\/produkt\/baby-alpaka-webschal-silber\/#primaryimage","url":"https:\/\/i0.wp.com\/www.alpakahof-hahn.at\/shop\/wp-content\/uploads\/2017\/05\/09029-alpaka-schal-grau.jpg?fit=527%2C800&ssl=1","contentUrl":"https:\/\/i0.wp.com\/www.alpakahof-hahn.at\/shop\/wp-content\/uploads\/2017\/05\/09029-alpaka-schal-grau.jpg?fit=527%2C800&ssl=1","width":527,"height":800},{"@type":"BreadcrumbList","@id":"https:\/\/www.alpakahof-hahn.at\/shop\/produkt\/baby-alpaka-webschal-silber\/#breadcrumb","itemListElement":[{"@type":"ListItem","position":1,"name":"Shop","item":"https:\/\/www.alpakahof-hahn.at\/shop\/"},{"@type":"ListItem","position":2,"name":"Shop","item":"https:\/\/www.alpakahof-hahn.at\/shop\/shop\/"},{"@type":"ListItem","position":3,"name":"Baby-Alpaka Webschal Silber"}]},{"@type":"WebSite","@id":"https:\/\/www.alpakahof-hahn.at\/shop\/#website","url":"https:\/\/www.alpakahof-hahn.at\/shop\/","name":"Alpaka Online-Shop","description":"Der Hofladen der Familie Hahn","potentialAction":[{"@type":"SearchAction","target":{"@type":"EntryPoint","urlTemplate":"https:\/\/www.alpakahof-hahn.at\/shop\/?s={search_term_string}"},"query-input":{"@type":"PropertyValueSpecification","valueRequired":true,"valueName":"search_term_string"}}],"inLanguage":"de"}]}},"jetpack_publicize_connections":[],"jetpack_sharing_enabled":true,"jetpack-related-posts":[{"id":40488,"url":"https:\/\/www.alpakahof-hahn.at\/shop\/produkt\/schal-suave-aus-baby-alpaka-silber\/","url_meta":{"origin":4526,"position":0},"title":"Schal SUAVE aus Baby Alpaka silber","author":"Manuel Hahn","date":"9. Dezember 2020","format":false,"excerpt":"Traumhaft weich - ein Schmuckst\u00fcck mit feinstem Struktur-Strick ist dieses Schmuckst\u00fcck aus 100% reinem Baby Alpaka. Dank ihrer leichten, traumhaft weichen Struktur kann dieses Strick gleicherma\u00dfen als Schal getragen oder als Stola drapiert werden. Das sch\u00f6ne dekorative Zopfmuster zaubert eine interessante Optik. Die \u00dcberdecke hat einen \u00e4u\u00dferst feinen und seidigen\u2026","rel":"","context":"\u00c4hnlicher Beitrag","block_context":{"text":"\u00c4hnlicher Beitrag","link":""},"img":{"alt_text":"","src":"https:\/\/i0.wp.com\/www.alpakahof-hahn.at\/shop\/wp-content\/uploads\/2020\/12\/Schal-SUAVE-silber-alpakahof-hahn-4.jpg?fit=527%2C800&ssl=1&resize=350%2C200","width":350,"height":200,"srcset":"https:\/\/i0.wp.com\/www.alpakahof-hahn.at\/shop\/wp-content\/uploads\/2020\/12\/Schal-SUAVE-silber-alpakahof-hahn-4.jpg?fit=527%2C800&ssl=1&resize=350%2C200 1x, https:\/\/i0.wp.com\/www.alpakahof-hahn.at\/shop\/wp-content\/uploads\/2020\/12\/Schal-SUAVE-silber-alpakahof-hahn-4.jpg?fit=527%2C800&ssl=1&resize=525%2C300 1.5x"},"classes":[]},{"id":5365,"url":"https:\/\/www.alpakahof-hahn.at\/shop\/produkt\/baby-alpaka-webschal-orange\/","url_meta":{"origin":4526,"position":1},"title":"Baby Alpaka Webschal orange","author":"Manuel Hahn","date":"16. Oktober 2018","format":false,"excerpt":"Nie mehr frieren - und dabei auch noch chic aussehen! Mit dem flauschig warmen Schal aus dem Fell des Baby Alpaka hat die K\u00e4lte keine Chance. Mit seinem eleganten Erscheinungsbild und der brillanten Farbe ist er ein Schal f\u00fcr jede Gelegenheit. \u2013 elegant, sportlich oder l\u00e4ssig zu kombinieren \u2013 zeitloses\u2026","rel":"","context":"\u00c4hnlicher Beitrag","block_context":{"text":"\u00c4hnlicher Beitrag","link":""},"img":{"alt_text":"","src":"https:\/\/i0.wp.com\/www.alpakahof-hahn.at\/shop\/wp-content\/uploads\/2018\/10\/alpaka-schal-orange.jpg?fit=475%2C720&ssl=1&resize=350%2C200","width":350,"height":200},"classes":[]},{"id":4525,"url":"https:\/\/www.alpakahof-hahn.at\/shop\/produkt\/baby-alpaka-webschal-braun\/","url_meta":{"origin":4526,"position":2},"title":"BABY ALPAKA WEBSCHAL  BRAUN","author":"Manuel Hahn","date":"1. Mai 2017","format":false,"excerpt":"Nie mehr frieren - und dabei auch noch chic aussehen! Mit dem flauschig warmen Schal aus dem Fell des Baby Alpaka hat die K\u00e4lte keine Chance. Mit seinem eleganten Erscheinungsbild und der brillanten Farbe ist er ein Schal f\u00fcr jede Gelegenheit. \u2013 elegant, sportlich oder l\u00e4ssig zu kombinieren \u2013 zeitloses\u2026","rel":"","context":"\u00c4hnlicher Beitrag","block_context":{"text":"\u00c4hnlicher Beitrag","link":""},"img":{"alt_text":"","src":"https:\/\/i0.wp.com\/www.alpakahof-hahn.at\/shop\/wp-content\/uploads\/2017\/05\/09029-braun-03-15.jpg?fit=527%2C800&ssl=1&resize=350%2C200","width":350,"height":200,"srcset":"https:\/\/i0.wp.com\/www.alpakahof-hahn.at\/shop\/wp-content\/uploads\/2017\/05\/09029-braun-03-15.jpg?fit=527%2C800&ssl=1&resize=350%2C200 1x, https:\/\/i0.wp.com\/www.alpakahof-hahn.at\/shop\/wp-content\/uploads\/2017\/05\/09029-braun-03-15.jpg?fit=527%2C800&ssl=1&resize=525%2C300 1.5x"},"classes":[]},{"id":31069,"url":"https:\/\/www.alpakahof-hahn.at\/shop\/produkt\/baby-alpaka-webschal-kariert-blau\/","url_meta":{"origin":4526,"position":3},"title":"Baby-Alpaka Webschal kariert blau","author":"Manuel Hahn","date":"4. November 2020","format":false,"excerpt":"Nie mehr frieren - und dabei auch noch chic aussehen! Mit dem flauschig warmen Schal aus dem Fell des Baby Alpaka hat die K\u00e4lte keine Chance. Mit seinem eleganten Erscheinungsbild und der brillanten Farbe ist er ein Schal f\u00fcr jede Gelegenheit. \u2013 elegant, sportlich oder l\u00e4ssig zu kombinieren \u2013 zeitloses\u2026","rel":"","context":"\u00c4hnlicher Beitrag","block_context":{"text":"\u00c4hnlicher Beitrag","link":""},"img":{"alt_text":"","src":"https:\/\/i0.wp.com\/www.alpakahof-hahn.at\/shop\/wp-content\/uploads\/2020\/11\/Baby-Alpaka-Webschal-kariert-blau-alpakahof-hahn2.jpg?fit=675%2C1024&ssl=1&resize=350%2C200","width":350,"height":200,"srcset":"https:\/\/i0.wp.com\/www.alpakahof-hahn.at\/shop\/wp-content\/uploads\/2020\/11\/Baby-Alpaka-Webschal-kariert-blau-alpakahof-hahn2.jpg?fit=675%2C1024&ssl=1&resize=350%2C200 1x, https:\/\/i0.wp.com\/www.alpakahof-hahn.at\/shop\/wp-content\/uploads\/2020\/11\/Baby-Alpaka-Webschal-kariert-blau-alpakahof-hahn2.jpg?fit=675%2C1024&ssl=1&resize=525%2C300 1.5x"},"classes":[]},{"id":5228,"url":"https:\/\/www.alpakahof-hahn.at\/shop\/produkt\/baby-alpaka-webschal-rot\/","url_meta":{"origin":4526,"position":4},"title":"Baby Alpaka Webschal weinrot","author":"Alexander Hahn","date":"5. Dezember 2017","format":false,"excerpt":"Nie mehr frieren - und dabei auch noch chic aussehen! Mit dem flauschig warmen Schal aus dem Fell des Baby Alpaka hat die K\u00e4lte keine Chance. Mit seinem eleganten Erscheinungsbild und der brillanten Farbe ist er ein Schal f\u00fcr jede Gelegenheit. \u2013 elegant, sportlich oder l\u00e4ssig zu kombinieren \u2013 zeitloses\u2026","rel":"","context":"\u00c4hnlicher Beitrag","block_context":{"text":"\u00c4hnlicher Beitrag","link":""},"img":{"alt_text":"","src":"https:\/\/i0.wp.com\/www.alpakahof-hahn.at\/shop\/wp-content\/uploads\/2017\/12\/alpaka-webschal-rot-3.jpg?fit=475%2C720&ssl=1&resize=350%2C200","width":350,"height":200},"classes":[]},{"id":5233,"url":"https:\/\/www.alpakahof-hahn.at\/shop\/produkt\/baby-alpaka-webschal-schwarz\/","url_meta":{"origin":4526,"position":5},"title":"Baby Alpaka Webschal schwarz","author":"Alexander Hahn","date":"5. Dezember 2017","format":false,"excerpt":"Nie mehr frieren - und dabei auch noch chic aussehen! Mit dem flauschig warmen Schal aus dem Fell des Baby Alpaka hat die K\u00e4lte keine Chance. Mit seinem eleganten Erscheinungsbild und der brillanten Farbe ist er ein Schal f\u00fcr jede Gelegenheit. \u2013 elegant, sportlich oder l\u00e4ssig zu kombinieren \u2013 zeitloses\u2026","rel":"","context":"\u00c4hnlicher Beitrag","block_context":{"text":"\u00c4hnlicher Beitrag","link":""},"img":{"alt_text":"","src":"https:\/\/i0.wp.com\/www.alpakahof-hahn.at\/shop\/wp-content\/uploads\/2017\/12\/09029-alpaka-schal-schwarz-1.jpg?fit=475%2C720&ssl=1&resize=350%2C200","width":350,"height":200},"classes":[]}],"_links":{"self":[{"href":"https:\/\/www.alpakahof-hahn.at\/shop\/wp-json\/wp\/v2\/product\/4526","targetHints":{"allow":["GET"]}}],"collection":[{"href":"https:\/\/www.alpakahof-hahn.at\/shop\/wp-json\/wp\/v2\/product"}],"about":[{"href":"https:\/\/www.alpakahof-hahn.at\/shop\/wp-json\/wp\/v2\/types\/product"}],"wp:featuredmedia":[{"embeddable":true,"href":"https:\/\/www.alpakahof-hahn.at\/shop\/wp-json\/wp\/v2\/media\/4656"}],"wp:attachment":[{"href":"https:\/\/www.alpakahof-hahn.at\/shop\/wp-json\/wp\/v2\/media?parent=4526"}],"wp:term":[{"taxonomy":"brand","embeddable":true,"href":"https:\/\/www.alpakahof-hahn.at\/shop\/wp-json\/wp\/v2\/etheme_brands?post=4526"},{"taxonomy":"product_brand","embeddable":true,"href":"https:\/\/www.alpakahof-hahn.at\/shop\/wp-json\/wp\/v2\/product_brand?post=4526"},{"taxonomy":"product_cat","embeddable":true,"href":"https:\/\/www.alpakahof-hahn.at\/shop\/wp-json\/wp\/v2\/product_cat?post=4526"},{"taxonomy":"product_tag","embeddable":true,"href":"https:\/\/www.alpakahof-hahn.at\/shop\/wp-json\/wp\/v2\/product_tag?post=4526"}],"curies":[{"name":"wp","href":"https:\/\/api.w.org\/{rel}","templated":true}]}}