{"id":4514,"date":"2017-05-01T12:19:45","date_gmt":"2017-05-01T10:19:45","guid":{"rendered":"https:\/\/www.alpakahof-hahn.at\/shop\/?post_type=product&#038;p=4514"},"modified":"2026-02-11T20:39:36","modified_gmt":"2026-02-11T19:39:36","slug":"alpaka-trekking-socken-damen-herren","status":"publish","type":"product","link":"https:\/\/www.alpakahof-hahn.at\/shop\/produkt\/alpaka-trekking-socken-damen-herren\/","title":{"rendered":"Alpaka Trekking Socken &#8211; Damen &#038; Herren"},"content":{"rendered":"<p>\u2013 Material: 52% Alpaka, 18% Wolle, 17% Nylon, 11% Acryl, 2% Elasthan<\/p>\n<p>\u2013 Verf\u00fcgbare Gr\u00f6\u00dfen: 42-48<\/p>\n<p><strong>Zus\u00e4tzliche Informationen:<\/strong><\/p>\n<p>Die Alpaka Trekking-Socken sollten nicht in der Waschmaschine gewaschen werden, um Verfilzung zu vermeiden.<\/p>\n<p>Au\u00dfer Sie besitzen ein spezielles Woll-Waschprogramm. Alpaka-Wolle besitzt einen nat\u00fcrlichen Selbstreinigungseffekt, daher reicht es eigentlich die Socken einige Zeit an die frische Luft zu h\u00e4ngen. Handw\u00e4sche und chemische Reinigung sind m\u00f6glich. Bitte wringen Sie die Socken nicht aus und geben Sie diese nicht in den Trockner, denn dort verfilzen Sie und gehen ein.<\/p>\n","protected":false},"excerpt":{"rendered":"<p><strong>Ein echter Allrounder unter den Socken!<\/strong><\/p>\n<p><span style=\"font-weight: 400;\">Diese Trekking Socken sind geeignet f\u00fcr drinnen und drau\u00dfen. Durch die ausgew\u00e4hlte Woll-Kombination sind wohlig warme F\u00fc\u00dfe garantiert, w\u00e4hrend l\u00e4stige Schwei\u00dfbildung verhindert wird.\u00a0<\/span><span style=\"font-weight: 400;\">Ideal f\u00fcr lange Berg- und Wandertouren, ausgedehnte Spazierg\u00e4nge oder beim Wintersport!<\/span><\/p>\n<p>&nbsp;<\/p>\n<p><span style=\"font-weight: 400;\">\u2013 Atmungsaktiv und klimaregulierend: Keine Schwei\u00dff\u00fc\u00dfe mehr!<\/span><\/p>\n<p><span style=\"font-weight: 400;\">\u2013 feines Rippenstrickb\u00fcndchen verhindert l\u00e4stiges Rutschen, Schafth\u00f6he: 18cm<\/span><\/p>\n<p><span style=\"font-weight: 400;\">\u2013 Verst\u00e4rkter Versen- und Zehenbereich<\/span><\/p>\n<p><span style=\"font-weight: 400;\">\u2013 gekettelte N\u00e4hte<\/span><\/p>\n<p><span style=\"font-weight: 400;\">\u2013 Fair und nachhaltig hergestellt in Peru<\/span><\/p>\n<p>&nbsp;<\/p>\n","protected":false},"featured_media":4688,"template":"","meta":{"jetpack_post_was_ever_published":false,"jetpack_publicize_message":"","jetpack_publicize_feature_enabled":true,"jetpack_social_post_already_shared":false,"jetpack_social_options":{"image_generator_settings":{"template":"highway","default_image_id":0,"font":"","enabled":false},"version":2}},"etheme_brands":[{"term_id":79,"name":"APU KUNTUR","slug":"apu-kuntur","term_group":0,"term_taxonomy_id":79,"taxonomy":"brand","description":"","parent":0,"count":42,"filter":"raw"}],"product_brand":[],"product_cat":[80,84],"product_tag":[],"class_list":{"0":"post-4514","1":"product","2":"type-product","3":"status-publish","4":"has-post-thumbnail","6":"brand-apu-kuntur","7":"product_cat-socken","8":"product_cat-trekking-socken","10":"first","11":"instock","12":"taxable","13":"shipping-taxable","14":"purchasable","15":"product-type-variable"},"supplier_id":null,"supplier_sku":"","barcode":null,"atum_controlled":true,"out_stock_date":null,"out_stock_threshold":null,"inheritable":true,"inbound_stock":null,"stock_on_hold":0,"sold_today":0,"sales_last_days":0,"reserved_stock":null,"customer_returns":null,"warehouse_damage":null,"lost_in_post":null,"other_logs":null,"out_stock_days":0,"lost_sales":0,"has_location":false,"update_date":"2026-05-01T10:01:57","atum_locations":[],"atum_stock_status":"instock","restock_status":false,"low_stock_amount":"","sales_update_date":"2026-05-01T10:01:57","calc_backorders":null,"yoast_head":"<!-- This site is optimized with the Yoast SEO plugin v26.5 - https:\/\/yoast.com\/wordpress\/plugins\/seo\/ -->\n<title>Alpaka Trekking Socken - Damen &amp; Herren - Alpaka Online-Shop<\/title>\n<meta name=\"robots\" content=\"index, follow, max-snippet:-1, max-image-preview:large, max-video-preview:-1\" \/>\n<link rel=\"canonical\" href=\"https:\/\/www.alpakahof-hahn.at\/shop\/produkt\/alpaka-trekking-socken-damen-herren\/\" \/>\n<meta name=\"twitter:card\" content=\"summary_large_image\" \/>\n<meta name=\"twitter:title\" content=\"Alpaka Trekking Socken - Damen &amp; Herren - Alpaka Online-Shop\" \/>\n<meta name=\"twitter:description\" content=\"Ein echter Allrounder unter den Socken!  Diese Trekking Socken sind geeignet f\u00fcr drinnen und drau\u00dfen. Durch die ausgew\u00e4hlte Woll-Kombination sind wohlig warme F\u00fc\u00dfe garantiert, w\u00e4hrend l\u00e4stige Schwei\u00dfbildung verhindert wird.\u00a0Ideal f\u00fcr lange Berg- und Wandertouren, ausgedehnte Spazierg\u00e4nge oder beim Wintersport!  &nbsp;  \u2013 Atmungsaktiv und klimaregulierend: Keine Schwei\u00dff\u00fc\u00dfe mehr!  \u2013 feines Rippenstrickb\u00fcndchen verhindert l\u00e4stiges Rutschen, Schafth\u00f6he: 18cm  \u2013 Verst\u00e4rkter Versen- und Zehenbereich  \u2013 gekettelte N\u00e4hte  \u2013 Fair und nachhaltig hergestellt in Peru  &nbsp;\" \/>\n<meta name=\"twitter:image\" content=\"https:\/\/i0.wp.com\/www.alpakahof-hahn.at\/shop\/wp-content\/uploads\/2017\/05\/10044-alpaka-trekking-outdoor-socken-stru%CC%88mpfe-stutzen-wandern-apu-kuntur-schwarz-grau-01.jpg?fit=527%2C800&ssl=1\" \/>\n<script type=\"application\/ld+json\" class=\"yoast-schema-graph\">{\"@context\":\"https:\/\/schema.org\",\"@graph\":[{\"@type\":\"WebPage\",\"@id\":\"https:\/\/www.alpakahof-hahn.at\/shop\/produkt\/alpaka-trekking-socken-damen-herren\/\",\"url\":\"https:\/\/www.alpakahof-hahn.at\/shop\/produkt\/alpaka-trekking-socken-damen-herren\/\",\"name\":\"Alpaka Trekking Socken - Damen & Herren - Alpaka Online-Shop\",\"isPartOf\":{\"@id\":\"https:\/\/www.alpakahof-hahn.at\/shop\/#website\"},\"primaryImageOfPage\":{\"@id\":\"https:\/\/www.alpakahof-hahn.at\/shop\/produkt\/alpaka-trekking-socken-damen-herren\/#primaryimage\"},\"image\":{\"@id\":\"https:\/\/www.alpakahof-hahn.at\/shop\/produkt\/alpaka-trekking-socken-damen-herren\/#primaryimage\"},\"thumbnailUrl\":\"https:\/\/i0.wp.com\/www.alpakahof-hahn.at\/shop\/wp-content\/uploads\/2017\/05\/10044-alpaka-trekking-outdoor-socken-stru%CC%88mpfe-stutzen-wandern-apu-kuntur-schwarz-grau-01.jpg?fit=527%2C800&ssl=1\",\"datePublished\":\"2017-05-01T10:19:45+00:00\",\"dateModified\":\"2026-02-11T19:39:36+00:00\",\"breadcrumb\":{\"@id\":\"https:\/\/www.alpakahof-hahn.at\/shop\/produkt\/alpaka-trekking-socken-damen-herren\/#breadcrumb\"},\"inLanguage\":\"de\",\"potentialAction\":[{\"@type\":\"ReadAction\",\"target\":[\"https:\/\/www.alpakahof-hahn.at\/shop\/produkt\/alpaka-trekking-socken-damen-herren\/\"]}]},{\"@type\":\"ImageObject\",\"inLanguage\":\"de\",\"@id\":\"https:\/\/www.alpakahof-hahn.at\/shop\/produkt\/alpaka-trekking-socken-damen-herren\/#primaryimage\",\"url\":\"https:\/\/i0.wp.com\/www.alpakahof-hahn.at\/shop\/wp-content\/uploads\/2017\/05\/10044-alpaka-trekking-outdoor-socken-stru%CC%88mpfe-stutzen-wandern-apu-kuntur-schwarz-grau-01.jpg?fit=527%2C800&ssl=1\",\"contentUrl\":\"https:\/\/i0.wp.com\/www.alpakahof-hahn.at\/shop\/wp-content\/uploads\/2017\/05\/10044-alpaka-trekking-outdoor-socken-stru%CC%88mpfe-stutzen-wandern-apu-kuntur-schwarz-grau-01.jpg?fit=527%2C800&ssl=1\",\"width\":527,\"height\":800},{\"@type\":\"BreadcrumbList\",\"@id\":\"https:\/\/www.alpakahof-hahn.at\/shop\/produkt\/alpaka-trekking-socken-damen-herren\/#breadcrumb\",\"itemListElement\":[{\"@type\":\"ListItem\",\"position\":1,\"name\":\"Shop\",\"item\":\"https:\/\/www.alpakahof-hahn.at\/shop\/\"},{\"@type\":\"ListItem\",\"position\":2,\"name\":\"Shop\",\"item\":\"https:\/\/www.alpakahof-hahn.at\/shop\/shop\/\"},{\"@type\":\"ListItem\",\"position\":3,\"name\":\"Alpaka Trekking Socken &#8211; Damen &#038; Herren\"}]},{\"@type\":\"WebSite\",\"@id\":\"https:\/\/www.alpakahof-hahn.at\/shop\/#website\",\"url\":\"https:\/\/www.alpakahof-hahn.at\/shop\/\",\"name\":\"Alpaka Online-Shop\",\"description\":\"Der Hofladen der Familie Hahn\",\"potentialAction\":[{\"@type\":\"SearchAction\",\"target\":{\"@type\":\"EntryPoint\",\"urlTemplate\":\"https:\/\/www.alpakahof-hahn.at\/shop\/?s={search_term_string}\"},\"query-input\":{\"@type\":\"PropertyValueSpecification\",\"valueRequired\":true,\"valueName\":\"search_term_string\"}}],\"inLanguage\":\"de\"}]}<\/script>\n<!-- \/ Yoast SEO plugin. -->","yoast_head_json":{"title":"Alpaka Trekking Socken - Damen & Herren - Alpaka Online-Shop","robots":{"index":"index","follow":"follow","max-snippet":"max-snippet:-1","max-image-preview":"max-image-preview:large","max-video-preview":"max-video-preview:-1"},"canonical":"https:\/\/www.alpakahof-hahn.at\/shop\/produkt\/alpaka-trekking-socken-damen-herren\/","twitter_card":"summary_large_image","twitter_title":"Alpaka Trekking Socken - Damen & Herren - Alpaka Online-Shop","twitter_description":"Ein echter Allrounder unter den Socken!  Diese Trekking Socken sind geeignet f\u00fcr drinnen und drau\u00dfen. Durch die ausgew\u00e4hlte Woll-Kombination sind wohlig warme F\u00fc\u00dfe garantiert, w\u00e4hrend l\u00e4stige Schwei\u00dfbildung verhindert wird.\u00a0Ideal f\u00fcr lange Berg- und Wandertouren, ausgedehnte Spazierg\u00e4nge oder beim Wintersport!  &nbsp;  \u2013 Atmungsaktiv und klimaregulierend: Keine Schwei\u00dff\u00fc\u00dfe mehr!  \u2013 feines Rippenstrickb\u00fcndchen verhindert l\u00e4stiges Rutschen, Schafth\u00f6he: 18cm  \u2013 Verst\u00e4rkter Versen- und Zehenbereich  \u2013 gekettelte N\u00e4hte  \u2013 Fair und nachhaltig hergestellt in Peru  &nbsp;","twitter_image":"https:\/\/i0.wp.com\/www.alpakahof-hahn.at\/shop\/wp-content\/uploads\/2017\/05\/10044-alpaka-trekking-outdoor-socken-stru%CC%88mpfe-stutzen-wandern-apu-kuntur-schwarz-grau-01.jpg?fit=527%2C800&ssl=1","schema":{"@context":"https:\/\/schema.org","@graph":[{"@type":"WebPage","@id":"https:\/\/www.alpakahof-hahn.at\/shop\/produkt\/alpaka-trekking-socken-damen-herren\/","url":"https:\/\/www.alpakahof-hahn.at\/shop\/produkt\/alpaka-trekking-socken-damen-herren\/","name":"Alpaka Trekking Socken - Damen & Herren - Alpaka Online-Shop","isPartOf":{"@id":"https:\/\/www.alpakahof-hahn.at\/shop\/#website"},"primaryImageOfPage":{"@id":"https:\/\/www.alpakahof-hahn.at\/shop\/produkt\/alpaka-trekking-socken-damen-herren\/#primaryimage"},"image":{"@id":"https:\/\/www.alpakahof-hahn.at\/shop\/produkt\/alpaka-trekking-socken-damen-herren\/#primaryimage"},"thumbnailUrl":"https:\/\/i0.wp.com\/www.alpakahof-hahn.at\/shop\/wp-content\/uploads\/2017\/05\/10044-alpaka-trekking-outdoor-socken-stru%CC%88mpfe-stutzen-wandern-apu-kuntur-schwarz-grau-01.jpg?fit=527%2C800&ssl=1","datePublished":"2017-05-01T10:19:45+00:00","dateModified":"2026-02-11T19:39:36+00:00","breadcrumb":{"@id":"https:\/\/www.alpakahof-hahn.at\/shop\/produkt\/alpaka-trekking-socken-damen-herren\/#breadcrumb"},"inLanguage":"de","potentialAction":[{"@type":"ReadAction","target":["https:\/\/www.alpakahof-hahn.at\/shop\/produkt\/alpaka-trekking-socken-damen-herren\/"]}]},{"@type":"ImageObject","inLanguage":"de","@id":"https:\/\/www.alpakahof-hahn.at\/shop\/produkt\/alpaka-trekking-socken-damen-herren\/#primaryimage","url":"https:\/\/i0.wp.com\/www.alpakahof-hahn.at\/shop\/wp-content\/uploads\/2017\/05\/10044-alpaka-trekking-outdoor-socken-stru%CC%88mpfe-stutzen-wandern-apu-kuntur-schwarz-grau-01.jpg?fit=527%2C800&ssl=1","contentUrl":"https:\/\/i0.wp.com\/www.alpakahof-hahn.at\/shop\/wp-content\/uploads\/2017\/05\/10044-alpaka-trekking-outdoor-socken-stru%CC%88mpfe-stutzen-wandern-apu-kuntur-schwarz-grau-01.jpg?fit=527%2C800&ssl=1","width":527,"height":800},{"@type":"BreadcrumbList","@id":"https:\/\/www.alpakahof-hahn.at\/shop\/produkt\/alpaka-trekking-socken-damen-herren\/#breadcrumb","itemListElement":[{"@type":"ListItem","position":1,"name":"Shop","item":"https:\/\/www.alpakahof-hahn.at\/shop\/"},{"@type":"ListItem","position":2,"name":"Shop","item":"https:\/\/www.alpakahof-hahn.at\/shop\/shop\/"},{"@type":"ListItem","position":3,"name":"Alpaka Trekking Socken &#8211; Damen &#038; Herren"}]},{"@type":"WebSite","@id":"https:\/\/www.alpakahof-hahn.at\/shop\/#website","url":"https:\/\/www.alpakahof-hahn.at\/shop\/","name":"Alpaka Online-Shop","description":"Der Hofladen der Familie Hahn","potentialAction":[{"@type":"SearchAction","target":{"@type":"EntryPoint","urlTemplate":"https:\/\/www.alpakahof-hahn.at\/shop\/?s={search_term_string}"},"query-input":{"@type":"PropertyValueSpecification","valueRequired":true,"valueName":"search_term_string"}}],"inLanguage":"de"}]}},"jetpack_publicize_connections":[],"jetpack_sharing_enabled":true,"jetpack-related-posts":[{"id":31040,"url":"https:\/\/www.alpakahof-hahn.at\/shop\/produkt\/alpaka-freizeit-socken-gruen\/","url_meta":{"origin":4514,"position":0},"title":"Alpaka Freizeit-Socken in gr\u00fcn","author":"Manuel Hahn","date":"4. November 2020","format":false,"excerpt":"Diese Strick-Alpaka Socken sind ideal f\u00fcr jeder Freizeitaktivit\u00e4t. - Material: 52% Alpaka 18% Wolle 17% Acryl 11% Nylon 2% Elasthan - atmungsaktiv - flauschig und zart zur Haut - auch f\u00fcr Rheumatiker optimal - f\u00fcr Menschen mit Neurodermitis geeignet - anti-allergen Zus\u00e4tzliche Informationen: Die Alpaka Socken sollten nicht in der\u2026","rel":"","context":"\u00c4hnlicher Beitrag","block_context":{"text":"\u00c4hnlicher Beitrag","link":""},"img":{"alt_text":"","src":"https:\/\/i0.wp.com\/www.alpakahof-hahn.at\/shop\/wp-content\/uploads\/2020\/11\/10040_alpaka-freizeit-socken-gruen-02-damen-herren-stricksocken_6er_pack.jpg?fit=791%2C1200&ssl=1&resize=350%2C200","width":350,"height":200,"srcset":"https:\/\/i0.wp.com\/www.alpakahof-hahn.at\/shop\/wp-content\/uploads\/2020\/11\/10040_alpaka-freizeit-socken-gruen-02-damen-herren-stricksocken_6er_pack.jpg?fit=791%2C1200&ssl=1&resize=350%2C200 1x, https:\/\/i0.wp.com\/www.alpakahof-hahn.at\/shop\/wp-content\/uploads\/2020\/11\/10040_alpaka-freizeit-socken-gruen-02-damen-herren-stricksocken_6er_pack.jpg?fit=791%2C1200&ssl=1&resize=525%2C300 1.5x, https:\/\/i0.wp.com\/www.alpakahof-hahn.at\/shop\/wp-content\/uploads\/2020\/11\/10040_alpaka-freizeit-socken-gruen-02-damen-herren-stricksocken_6er_pack.jpg?fit=791%2C1200&ssl=1&resize=700%2C400 2x"},"classes":[]},{"id":35006,"url":"https:\/\/www.alpakahof-hahn.at\/shop\/produkt\/alpaka-freizeit-socken-in-violett\/","url_meta":{"origin":4514,"position":1},"title":"Alpaka Freizeit-Socken in violett","author":"Manuel Hahn","date":"24. November 2020","format":false,"excerpt":"Diese Strick-Alpaka Socken sind ideal f\u00fcr jeder Freizeitaktivit\u00e4t. - Material: 52% Alpaka 18% Wolle 17% Acryl 11% Nylon 2% Elasthan - atmungsaktiv - flauschig und zart zur Haut - auch f\u00fcr Rheumatiker optimal - f\u00fcr Menschen mit Neurodermitis geeignet - anti-allergen - Hersteller Apu Kuntur Zus\u00e4tzliche Informationen: Die Alpaka Socken\u2026","rel":"","context":"\u00c4hnlicher Beitrag","block_context":{"text":"\u00c4hnlicher Beitrag","link":""},"img":{"alt_text":"","src":"https:\/\/i0.wp.com\/www.alpakahof-hahn.at\/shop\/wp-content\/uploads\/2020\/11\/alpaka-freizeit-socken-violett-alpakahof-hahn.jpg?fit=791%2C1200&ssl=1&resize=350%2C200","width":350,"height":200,"srcset":"https:\/\/i0.wp.com\/www.alpakahof-hahn.at\/shop\/wp-content\/uploads\/2020\/11\/alpaka-freizeit-socken-violett-alpakahof-hahn.jpg?fit=791%2C1200&ssl=1&resize=350%2C200 1x, https:\/\/i0.wp.com\/www.alpakahof-hahn.at\/shop\/wp-content\/uploads\/2020\/11\/alpaka-freizeit-socken-violett-alpakahof-hahn.jpg?fit=791%2C1200&ssl=1&resize=525%2C300 1.5x, https:\/\/i0.wp.com\/www.alpakahof-hahn.at\/shop\/wp-content\/uploads\/2020\/11\/alpaka-freizeit-socken-violett-alpakahof-hahn.jpg?fit=791%2C1200&ssl=1&resize=700%2C400 2x"},"classes":[]},{"id":47698,"url":"https:\/\/www.alpakahof-hahn.at\/shop\/produkt\/alpaka-freizeit-socken-sand\/","url_meta":{"origin":4514,"position":2},"title":"Alpaka Freizeit-Socken Sand","author":"Manuel Hahn","date":"25. Oktober 2023","format":false,"excerpt":"Diese Strick-Alpaka Socken sind ideal f\u00fcr jeder Freizeitaktivit\u00e4t. - Material: 52% Alpaka 18% Wolle 17% Acryl 11% Nylon 2% Elasthan - atmungsaktiv - flauschig und zart zur Haut - auch f\u00fcr Rheumatiker optimal - f\u00fcr Menschen mit Neurodermitis geeignet - anti-allergen - Hersteller Apu Kuntur Zus\u00e4tzliche Informationen: Die Alpaka Socken\u2026","rel":"","context":"\u00c4hnlicher Beitrag","block_context":{"text":"\u00c4hnlicher Beitrag","link":""},"img":{"alt_text":"","src":"https:\/\/i0.wp.com\/www.alpakahof-hahn.at\/shop\/wp-content\/uploads\/2023\/02\/alpaka-socken-freizeit-6er-pack-aus-alpaka-wolle-mix.jpg?fit=527%2C800&ssl=1&resize=350%2C200","width":350,"height":200,"srcset":"https:\/\/i0.wp.com\/www.alpakahof-hahn.at\/shop\/wp-content\/uploads\/2023\/02\/alpaka-socken-freizeit-6er-pack-aus-alpaka-wolle-mix.jpg?fit=527%2C800&ssl=1&resize=350%2C200 1x, https:\/\/i0.wp.com\/www.alpakahof-hahn.at\/shop\/wp-content\/uploads\/2023\/02\/alpaka-socken-freizeit-6er-pack-aus-alpaka-wolle-mix.jpg?fit=527%2C800&ssl=1&resize=525%2C300 1.5x"},"classes":[]},{"id":5096,"url":"https:\/\/www.alpakahof-hahn.at\/shop\/produkt\/alpaka-business-socken-grau\/","url_meta":{"origin":4514,"position":3},"title":"Alpaka Business Socken grau","author":"Manuel Hahn","date":"24. Juli 2017","format":false,"excerpt":"Diese Business Socken in hochwertiger Fasermischung sind besonders strapazierf\u00e4hig und zeichnen sich durch einen hohen Tragekomfort aus. Daher sind diese Socken auch ideal f\u00fcr Arzt-, Schwestern- oder Gesundheit\u2019s-Socken f\u00fcr alle, die im medizinischen Bereich und im Krankenhaus arbeiten, geeignet. Durch den gerignen Anteil an Lanolin (Wollfett) in der Alpaka-Faser, ist\u2026","rel":"","context":"\u00c4hnlicher Beitrag","block_context":{"text":"\u00c4hnlicher Beitrag","link":""},"img":{"alt_text":"","src":"https:\/\/i0.wp.com\/www.alpakahof-hahn.at\/shop\/wp-content\/uploads\/2017\/07\/alpaka-business-socken-grau-1.jpg?fit=526%2C800&ssl=1&resize=350%2C200","width":350,"height":200,"srcset":"https:\/\/i0.wp.com\/www.alpakahof-hahn.at\/shop\/wp-content\/uploads\/2017\/07\/alpaka-business-socken-grau-1.jpg?fit=526%2C800&ssl=1&resize=350%2C200 1x, https:\/\/i0.wp.com\/www.alpakahof-hahn.at\/shop\/wp-content\/uploads\/2017\/07\/alpaka-business-socken-grau-1.jpg?fit=526%2C800&ssl=1&resize=525%2C300 1.5x"},"classes":[]},{"id":4528,"url":"https:\/\/www.alpakahof-hahn.at\/shop\/produkt\/alpaka-business-socken-dunkelgrau\/","url_meta":{"origin":4514,"position":4},"title":"Alpaka Business Socken dunkelgrau","author":"Manuel Hahn","date":"1. Mai 2017","format":false,"excerpt":"Diese Business Socken in hochwertiger Fasermischung sind besonders strapazierf\u00e4hig und zeichnen sich durch einen hohen Tragekomfort aus. Daher sind diese Socken auch ideal f\u00fcr Arzt-, Schwestern- oder Gesundheit\u2019s-Socken f\u00fcr alle, die im medizinischen Bereich und im Krankenhaus arbeiten, geeignet. Durch den gerignen Anteil an Lanolin (Wollfett) in der Alpaka-Faser, ist\u2026","rel":"","context":"\u00c4hnlicher Beitrag","block_context":{"text":"\u00c4hnlicher Beitrag","link":""},"img":{"alt_text":"","src":"https:\/\/i0.wp.com\/www.alpakahof-hahn.at\/shop\/wp-content\/uploads\/2017\/05\/10007-business-socken-alpaka-damen-herren-apu-kuntur-dunkel-grau-02.jpg?fit=527%2C800&ssl=1&resize=350%2C200","width":350,"height":200,"srcset":"https:\/\/i0.wp.com\/www.alpakahof-hahn.at\/shop\/wp-content\/uploads\/2017\/05\/10007-business-socken-alpaka-damen-herren-apu-kuntur-dunkel-grau-02.jpg?fit=527%2C800&ssl=1&resize=350%2C200 1x, https:\/\/i0.wp.com\/www.alpakahof-hahn.at\/shop\/wp-content\/uploads\/2017\/05\/10007-business-socken-alpaka-damen-herren-apu-kuntur-dunkel-grau-02.jpg?fit=527%2C800&ssl=1&resize=525%2C300 1.5x"},"classes":[]},{"id":46310,"url":"https:\/\/www.alpakahof-hahn.at\/shop\/produkt\/baby-alpaka-kindersocken-klein-baby-blau\/","url_meta":{"origin":4514,"position":5},"title":"Baby Alpaka Kindersocken baby-blau","author":"Manuel Hahn","date":"30. November 2021","format":false,"excerpt":"Die zarten F\u00fc\u00dfchen unserer Kleinsten brauchen besonders viel Pflege. Das kann schon bei der Auswahl der Kleidung anfangen! Dank der feinen Beschaffenheit der Alpaka Kinder-Socken sind diese wohlig warm und flauschig weich - sogar weicher als Kaschmir!\u00a0Besonders geeignet sind diese S\u00f6ckchen auch f\u00fcr Neurodermitiker oder besonders sensible Haut, da die\u2026","rel":"","context":"\u00c4hnlicher Beitrag","block_context":{"text":"\u00c4hnlicher Beitrag","link":""},"img":{"alt_text":"","src":"https:\/\/i0.wp.com\/www.alpakahof-hahn.at\/shop\/wp-content\/uploads\/2021\/11\/alpaka-socken-kinder-gr-15-29-aus-70-baby-alpaka-25-baumwolle.jpg?fit=928%2C1200&ssl=1&resize=350%2C200","width":350,"height":200,"srcset":"https:\/\/i0.wp.com\/www.alpakahof-hahn.at\/shop\/wp-content\/uploads\/2021\/11\/alpaka-socken-kinder-gr-15-29-aus-70-baby-alpaka-25-baumwolle.jpg?fit=928%2C1200&ssl=1&resize=350%2C200 1x, https:\/\/i0.wp.com\/www.alpakahof-hahn.at\/shop\/wp-content\/uploads\/2021\/11\/alpaka-socken-kinder-gr-15-29-aus-70-baby-alpaka-25-baumwolle.jpg?fit=928%2C1200&ssl=1&resize=525%2C300 1.5x, https:\/\/i0.wp.com\/www.alpakahof-hahn.at\/shop\/wp-content\/uploads\/2021\/11\/alpaka-socken-kinder-gr-15-29-aus-70-baby-alpaka-25-baumwolle.jpg?fit=928%2C1200&ssl=1&resize=700%2C400 2x"},"classes":[]}],"_links":{"self":[{"href":"https:\/\/www.alpakahof-hahn.at\/shop\/wp-json\/wp\/v2\/product\/4514","targetHints":{"allow":["GET"]}}],"collection":[{"href":"https:\/\/www.alpakahof-hahn.at\/shop\/wp-json\/wp\/v2\/product"}],"about":[{"href":"https:\/\/www.alpakahof-hahn.at\/shop\/wp-json\/wp\/v2\/types\/product"}],"wp:featuredmedia":[{"embeddable":true,"href":"https:\/\/www.alpakahof-hahn.at\/shop\/wp-json\/wp\/v2\/media\/4688"}],"wp:attachment":[{"href":"https:\/\/www.alpakahof-hahn.at\/shop\/wp-json\/wp\/v2\/media?parent=4514"}],"wp:term":[{"taxonomy":"brand","embeddable":true,"href":"https:\/\/www.alpakahof-hahn.at\/shop\/wp-json\/wp\/v2\/etheme_brands?post=4514"},{"taxonomy":"product_brand","embeddable":true,"href":"https:\/\/www.alpakahof-hahn.at\/shop\/wp-json\/wp\/v2\/product_brand?post=4514"},{"taxonomy":"product_cat","embeddable":true,"href":"https:\/\/www.alpakahof-hahn.at\/shop\/wp-json\/wp\/v2\/product_cat?post=4514"},{"taxonomy":"product_tag","embeddable":true,"href":"https:\/\/www.alpakahof-hahn.at\/shop\/wp-json\/wp\/v2\/product_tag?post=4514"}],"curies":[{"name":"wp","href":"https:\/\/api.w.org\/{rel}","templated":true}]}}