{"id":40469,"date":"2020-12-09T20:37:02","date_gmt":"2020-12-09T19:37:02","guid":{"rendered":"https:\/\/www.alpakahof-hahn.at\/shop\/?post_type=product&#038;p=40469"},"modified":"2025-12-17T22:29:38","modified_gmt":"2025-12-17T21:29:38","slug":"alpaka-stretch-stirnband-schwarz","status":"publish","type":"product","link":"https:\/\/www.alpakahof-hahn.at\/shop\/produkt\/alpaka-stretch-stirnband-schwarz\/","title":{"rendered":"Alpaka Stretch Stirnband schwarz"},"content":{"rendered":"<p>\u2013 Material: 96% Alpaka (Baby Alpaka) 4% Elasthan<\/p>\n<p>\u2013 Bandbreite: ca. 9 cm<\/p>\n","protected":false},"excerpt":{"rendered":"<p><span style=\"font-weight: 400;\">Sie m\u00f6gen keine M\u00fctzen, wollen es aber trotzdem sch\u00f6n warm am Kopf haben? Wir haben das passende Stirnband f\u00fcr Sie!<\/span><\/p>\n<p><span style=\"font-weight: 400;\">Dieses elastische Stretch-Stirnband passt sich Ihrer Kopfform perfekt an. Die besondere Thermoeigenschaft der Faser des Baby Alpaka isoliert; doppellagig gestrickt und leicht gewalkt h\u00e4lt es extra warm. Da kann Ihnen auch der \u00e4rgste Wind nichts mehr anhaben!<\/span><\/p>\n<p><span style=\"font-weight: 400;\">\u2013 f\u00fcr Damen und Herren<\/span><\/p>\n<p><span style=\"font-weight: 400;\">\u2013 leicht gewalkte Struktur<\/span><\/p>\n<p><span style=\"font-weight: 400;\">\u2013 kuschelig weich und anschmiegsam<\/span><\/p>\n<p><span style=\"font-weight: 400;\">\u2013 robust und fusselfrei<\/span><\/p>\n","protected":false},"featured_media":40471,"template":"","meta":{"jetpack_post_was_ever_published":false,"jetpack_publicize_message":"","jetpack_publicize_feature_enabled":true,"jetpack_social_post_already_shared":true,"jetpack_social_options":{"image_generator_settings":{"template":"highway","default_image_id":0,"font":"","enabled":false},"version":2}},"etheme_brands":[],"product_brand":[],"product_cat":[76,87],"product_tag":[],"class_list":{"0":"post-40469","1":"product","2":"type-product","3":"status-publish","4":"has-post-thumbnail","6":"product_cat-stirnbaender","7":"product_cat-stretch","9":"first","10":"instock","11":"taxable","12":"shipping-taxable","13":"purchasable","14":"product-type-simple"},"supplier_id":null,"supplier_sku":"","barcode":null,"atum_controlled":true,"out_stock_date":null,"out_stock_threshold":null,"inheritable":false,"inbound_stock":0,"stock_on_hold":0,"sold_today":0,"sales_last_days":0,"reserved_stock":0,"customer_returns":0,"warehouse_damage":0,"lost_in_post":0,"other_logs":0,"out_stock_days":0,"lost_sales":0,"has_location":false,"update_date":"2026-04-20T08:47:40","atum_locations":[],"atum_stock_status":"instock","restock_status":false,"low_stock_amount":"","sales_update_date":"2026-04-20T08:47:40","calc_backorders":null,"yoast_head":"<!-- This site is optimized with the Yoast SEO plugin v26.5 - https:\/\/yoast.com\/wordpress\/plugins\/seo\/ -->\n<title>Alpaka Stretch Stirnband schwarz - Alpaka Online-Shop<\/title>\n<meta name=\"robots\" content=\"index, follow, max-snippet:-1, max-image-preview:large, max-video-preview:-1\" \/>\n<link rel=\"canonical\" href=\"https:\/\/www.alpakahof-hahn.at\/shop\/produkt\/alpaka-stretch-stirnband-schwarz\/\" \/>\n<meta name=\"twitter:card\" content=\"summary_large_image\" \/>\n<meta name=\"twitter:title\" content=\"Alpaka Stretch Stirnband schwarz - Alpaka Online-Shop\" \/>\n<meta name=\"twitter:description\" content=\"Sie m\u00f6gen keine M\u00fctzen, wollen es aber trotzdem sch\u00f6n warm am Kopf haben? Wir haben das passende Stirnband f\u00fcr Sie!  Dieses elastische Stretch-Stirnband passt sich Ihrer Kopfform perfekt an. Die besondere Thermoeigenschaft der Faser des Baby Alpaka isoliert; doppellagig gestrickt und leicht gewalkt h\u00e4lt es extra warm. Da kann Ihnen auch der \u00e4rgste Wind nichts mehr anhaben!  \u2013 f\u00fcr Damen und Herren  \u2013 leicht gewalkte Struktur  \u2013 kuschelig weich und anschmiegsam  \u2013 robust und fusselfrei\" \/>\n<meta name=\"twitter:image\" content=\"https:\/\/i0.wp.com\/www.alpakahof-hahn.at\/shop\/wp-content\/uploads\/2020\/12\/alpaka-stirnband-schwarz-alpakahof-hahn.jpg?fit=527%2C800&ssl=1\" \/>\n<script type=\"application\/ld+json\" class=\"yoast-schema-graph\">{\"@context\":\"https:\/\/schema.org\",\"@graph\":[{\"@type\":\"WebPage\",\"@id\":\"https:\/\/www.alpakahof-hahn.at\/shop\/produkt\/alpaka-stretch-stirnband-schwarz\/\",\"url\":\"https:\/\/www.alpakahof-hahn.at\/shop\/produkt\/alpaka-stretch-stirnband-schwarz\/\",\"name\":\"Alpaka Stretch Stirnband schwarz - Alpaka Online-Shop\",\"isPartOf\":{\"@id\":\"https:\/\/www.alpakahof-hahn.at\/shop\/#website\"},\"primaryImageOfPage\":{\"@id\":\"https:\/\/www.alpakahof-hahn.at\/shop\/produkt\/alpaka-stretch-stirnband-schwarz\/#primaryimage\"},\"image\":{\"@id\":\"https:\/\/www.alpakahof-hahn.at\/shop\/produkt\/alpaka-stretch-stirnband-schwarz\/#primaryimage\"},\"thumbnailUrl\":\"https:\/\/i0.wp.com\/www.alpakahof-hahn.at\/shop\/wp-content\/uploads\/2020\/12\/alpaka-stirnband-schwarz-alpakahof-hahn.jpg?fit=527%2C800&ssl=1\",\"datePublished\":\"2020-12-09T19:37:02+00:00\",\"dateModified\":\"2025-12-17T21:29:38+00:00\",\"breadcrumb\":{\"@id\":\"https:\/\/www.alpakahof-hahn.at\/shop\/produkt\/alpaka-stretch-stirnband-schwarz\/#breadcrumb\"},\"inLanguage\":\"de\",\"potentialAction\":[{\"@type\":\"ReadAction\",\"target\":[\"https:\/\/www.alpakahof-hahn.at\/shop\/produkt\/alpaka-stretch-stirnband-schwarz\/\"]}]},{\"@type\":\"ImageObject\",\"inLanguage\":\"de\",\"@id\":\"https:\/\/www.alpakahof-hahn.at\/shop\/produkt\/alpaka-stretch-stirnband-schwarz\/#primaryimage\",\"url\":\"https:\/\/i0.wp.com\/www.alpakahof-hahn.at\/shop\/wp-content\/uploads\/2020\/12\/alpaka-stirnband-schwarz-alpakahof-hahn.jpg?fit=527%2C800&ssl=1\",\"contentUrl\":\"https:\/\/i0.wp.com\/www.alpakahof-hahn.at\/shop\/wp-content\/uploads\/2020\/12\/alpaka-stirnband-schwarz-alpakahof-hahn.jpg?fit=527%2C800&ssl=1\",\"width\":527,\"height\":800},{\"@type\":\"BreadcrumbList\",\"@id\":\"https:\/\/www.alpakahof-hahn.at\/shop\/produkt\/alpaka-stretch-stirnband-schwarz\/#breadcrumb\",\"itemListElement\":[{\"@type\":\"ListItem\",\"position\":1,\"name\":\"Shop\",\"item\":\"https:\/\/www.alpakahof-hahn.at\/shop\/\"},{\"@type\":\"ListItem\",\"position\":2,\"name\":\"Shop\",\"item\":\"https:\/\/www.alpakahof-hahn.at\/shop\/shop\/\"},{\"@type\":\"ListItem\",\"position\":3,\"name\":\"Alpaka Stretch Stirnband schwarz\"}]},{\"@type\":\"WebSite\",\"@id\":\"https:\/\/www.alpakahof-hahn.at\/shop\/#website\",\"url\":\"https:\/\/www.alpakahof-hahn.at\/shop\/\",\"name\":\"Alpaka Online-Shop\",\"description\":\"Der Hofladen der Familie Hahn\",\"potentialAction\":[{\"@type\":\"SearchAction\",\"target\":{\"@type\":\"EntryPoint\",\"urlTemplate\":\"https:\/\/www.alpakahof-hahn.at\/shop\/?s={search_term_string}\"},\"query-input\":{\"@type\":\"PropertyValueSpecification\",\"valueRequired\":true,\"valueName\":\"search_term_string\"}}],\"inLanguage\":\"de\"}]}<\/script>\n<!-- \/ Yoast SEO plugin. -->","yoast_head_json":{"title":"Alpaka Stretch Stirnband schwarz - Alpaka Online-Shop","robots":{"index":"index","follow":"follow","max-snippet":"max-snippet:-1","max-image-preview":"max-image-preview:large","max-video-preview":"max-video-preview:-1"},"canonical":"https:\/\/www.alpakahof-hahn.at\/shop\/produkt\/alpaka-stretch-stirnband-schwarz\/","twitter_card":"summary_large_image","twitter_title":"Alpaka Stretch Stirnband schwarz - Alpaka Online-Shop","twitter_description":"Sie m\u00f6gen keine M\u00fctzen, wollen es aber trotzdem sch\u00f6n warm am Kopf haben? Wir haben das passende Stirnband f\u00fcr Sie!  Dieses elastische Stretch-Stirnband passt sich Ihrer Kopfform perfekt an. Die besondere Thermoeigenschaft der Faser des Baby Alpaka isoliert; doppellagig gestrickt und leicht gewalkt h\u00e4lt es extra warm. Da kann Ihnen auch der \u00e4rgste Wind nichts mehr anhaben!  \u2013 f\u00fcr Damen und Herren  \u2013 leicht gewalkte Struktur  \u2013 kuschelig weich und anschmiegsam  \u2013 robust und fusselfrei","twitter_image":"https:\/\/i0.wp.com\/www.alpakahof-hahn.at\/shop\/wp-content\/uploads\/2020\/12\/alpaka-stirnband-schwarz-alpakahof-hahn.jpg?fit=527%2C800&ssl=1","schema":{"@context":"https:\/\/schema.org","@graph":[{"@type":"WebPage","@id":"https:\/\/www.alpakahof-hahn.at\/shop\/produkt\/alpaka-stretch-stirnband-schwarz\/","url":"https:\/\/www.alpakahof-hahn.at\/shop\/produkt\/alpaka-stretch-stirnband-schwarz\/","name":"Alpaka Stretch Stirnband schwarz - Alpaka Online-Shop","isPartOf":{"@id":"https:\/\/www.alpakahof-hahn.at\/shop\/#website"},"primaryImageOfPage":{"@id":"https:\/\/www.alpakahof-hahn.at\/shop\/produkt\/alpaka-stretch-stirnband-schwarz\/#primaryimage"},"image":{"@id":"https:\/\/www.alpakahof-hahn.at\/shop\/produkt\/alpaka-stretch-stirnband-schwarz\/#primaryimage"},"thumbnailUrl":"https:\/\/i0.wp.com\/www.alpakahof-hahn.at\/shop\/wp-content\/uploads\/2020\/12\/alpaka-stirnband-schwarz-alpakahof-hahn.jpg?fit=527%2C800&ssl=1","datePublished":"2020-12-09T19:37:02+00:00","dateModified":"2025-12-17T21:29:38+00:00","breadcrumb":{"@id":"https:\/\/www.alpakahof-hahn.at\/shop\/produkt\/alpaka-stretch-stirnband-schwarz\/#breadcrumb"},"inLanguage":"de","potentialAction":[{"@type":"ReadAction","target":["https:\/\/www.alpakahof-hahn.at\/shop\/produkt\/alpaka-stretch-stirnband-schwarz\/"]}]},{"@type":"ImageObject","inLanguage":"de","@id":"https:\/\/www.alpakahof-hahn.at\/shop\/produkt\/alpaka-stretch-stirnband-schwarz\/#primaryimage","url":"https:\/\/i0.wp.com\/www.alpakahof-hahn.at\/shop\/wp-content\/uploads\/2020\/12\/alpaka-stirnband-schwarz-alpakahof-hahn.jpg?fit=527%2C800&ssl=1","contentUrl":"https:\/\/i0.wp.com\/www.alpakahof-hahn.at\/shop\/wp-content\/uploads\/2020\/12\/alpaka-stirnband-schwarz-alpakahof-hahn.jpg?fit=527%2C800&ssl=1","width":527,"height":800},{"@type":"BreadcrumbList","@id":"https:\/\/www.alpakahof-hahn.at\/shop\/produkt\/alpaka-stretch-stirnband-schwarz\/#breadcrumb","itemListElement":[{"@type":"ListItem","position":1,"name":"Shop","item":"https:\/\/www.alpakahof-hahn.at\/shop\/"},{"@type":"ListItem","position":2,"name":"Shop","item":"https:\/\/www.alpakahof-hahn.at\/shop\/shop\/"},{"@type":"ListItem","position":3,"name":"Alpaka Stretch Stirnband schwarz"}]},{"@type":"WebSite","@id":"https:\/\/www.alpakahof-hahn.at\/shop\/#website","url":"https:\/\/www.alpakahof-hahn.at\/shop\/","name":"Alpaka Online-Shop","description":"Der Hofladen der Familie Hahn","potentialAction":[{"@type":"SearchAction","target":{"@type":"EntryPoint","urlTemplate":"https:\/\/www.alpakahof-hahn.at\/shop\/?s={search_term_string}"},"query-input":{"@type":"PropertyValueSpecification","valueRequired":true,"valueName":"search_term_string"}}],"inLanguage":"de"}]}},"jetpack_publicize_connections":[],"jetpack_sharing_enabled":true,"jetpack-related-posts":[{"id":4560,"url":"https:\/\/www.alpakahof-hahn.at\/shop\/produkt\/alpaka-stretch-stirnband-dunkelbraun\/","url_meta":{"origin":40469,"position":0},"title":"Alpaka Stretch Stirnband dunkelbraun","author":"Manuel Hahn","date":"1. Mai 2017","format":false,"excerpt":"Sie m\u00f6gen keine M\u00fctzen, wollen es aber trotzdem sch\u00f6n warm am Kopf haben? Wir haben das passende Stirnband f\u00fcr Sie! Dieses elastische Stretch-Stirnband passt sich Ihrer Kopfform perfekt an. Die besondere Thermoeigenschaft der Faser des Baby Alpaka isoliert; doppellagig gestrickt und leicht gewalkt h\u00e4lt es extra warm. Da kann Ihnen\u2026","rel":"","context":"\u00c4hnlicher Beitrag","block_context":{"text":"\u00c4hnlicher Beitrag","link":""},"img":{"alt_text":"","src":"https:\/\/i0.wp.com\/www.alpakahof-hahn.at\/shop\/wp-content\/uploads\/2017\/05\/14019-d-dunkelbraun_1.jpg?fit=527%2C800&ssl=1&resize=350%2C200","width":350,"height":200,"srcset":"https:\/\/i0.wp.com\/www.alpakahof-hahn.at\/shop\/wp-content\/uploads\/2017\/05\/14019-d-dunkelbraun_1.jpg?fit=527%2C800&ssl=1&resize=350%2C200 1x, https:\/\/i0.wp.com\/www.alpakahof-hahn.at\/shop\/wp-content\/uploads\/2017\/05\/14019-d-dunkelbraun_1.jpg?fit=527%2C800&ssl=1&resize=525%2C300 1.5x"},"classes":[]},{"id":30872,"url":"https:\/\/www.alpakahof-hahn.at\/shop\/produkt\/alpaka-stretch-stirnband-blau\/","url_meta":{"origin":40469,"position":1},"title":"Alpaka Stretch Stirnband blau","author":"Manuel Hahn","date":"3. November 2020","format":false,"excerpt":"Sie m\u00f6gen keine M\u00fctzen, wollen es aber trotzdem sch\u00f6n warm am Kopf haben? Wir haben das passende Stirnband f\u00fcr Sie! Dieses elastische Stretch-Stirnband passt sich Ihrer Kopfform perfekt an. Die besondere Thermoeigenschaft der Faser des Baby Alpaka isoliert; doppellagig gestrickt und leicht gewalkt h\u00e4lt es extra warm. Da kann Ihnen\u2026","rel":"","context":"\u00c4hnlicher Beitrag","block_context":{"text":"\u00c4hnlicher Beitrag","link":""},"img":{"alt_text":"","src":"https:\/\/i0.wp.com\/www.alpakahof-hahn.at\/shop\/wp-content\/uploads\/2020\/11\/alpaka-stirnband-blau-alpakahof-hahn.jpg?fit=527%2C800&ssl=1&resize=350%2C200","width":350,"height":200,"srcset":"https:\/\/i0.wp.com\/www.alpakahof-hahn.at\/shop\/wp-content\/uploads\/2020\/11\/alpaka-stirnband-blau-alpakahof-hahn.jpg?fit=527%2C800&ssl=1&resize=350%2C200 1x, https:\/\/i0.wp.com\/www.alpakahof-hahn.at\/shop\/wp-content\/uploads\/2020\/11\/alpaka-stirnband-blau-alpakahof-hahn.jpg?fit=527%2C800&ssl=1&resize=525%2C300 1.5x"},"classes":[]},{"id":48175,"url":"https:\/\/www.alpakahof-hahn.at\/shop\/produkt\/alpaka-stretch-stirnband-lemon\/","url_meta":{"origin":40469,"position":2},"title":"Alpaka Stretch Stirnband lemon","author":"Manuel Hahn","date":"28. April 2024","format":false,"excerpt":"Sie m\u00f6gen keine M\u00fctzen, wollen es aber trotzdem sch\u00f6n warm am Kopf haben? Wir haben das passende Stirnband f\u00fcr Sie! Dieses elastische Stretch-Stirnband passt sich Ihrer Kopfform perfekt an. Die besondere Thermoeigenschaft der Faser des Baby Alpaka isoliert; doppellagig gestrickt und leicht gewalkt h\u00e4lt es extra warm. Da kann Ihnen\u2026","rel":"","context":"\u00c4hnlicher Beitrag","block_context":{"text":"\u00c4hnlicher Beitrag","link":""},"img":{"alt_text":"","src":"https:\/\/i0.wp.com\/www.alpakahof-hahn.at\/shop\/wp-content\/uploads\/2024\/04\/alpaka-stirnband-stretch-aus-96-baby-alpaka-2-1.webp?fit=928%2C1200&ssl=1&resize=350%2C200","width":350,"height":200,"srcset":"https:\/\/i0.wp.com\/www.alpakahof-hahn.at\/shop\/wp-content\/uploads\/2024\/04\/alpaka-stirnband-stretch-aus-96-baby-alpaka-2-1.webp?fit=928%2C1200&ssl=1&resize=350%2C200 1x, https:\/\/i0.wp.com\/www.alpakahof-hahn.at\/shop\/wp-content\/uploads\/2024\/04\/alpaka-stirnband-stretch-aus-96-baby-alpaka-2-1.webp?fit=928%2C1200&ssl=1&resize=525%2C300 1.5x, https:\/\/i0.wp.com\/www.alpakahof-hahn.at\/shop\/wp-content\/uploads\/2024\/04\/alpaka-stirnband-stretch-aus-96-baby-alpaka-2-1.webp?fit=928%2C1200&ssl=1&resize=700%2C400 2x"},"classes":[]},{"id":48176,"url":"https:\/\/www.alpakahof-hahn.at\/shop\/produkt\/alpaka-stretch-stirnband-mint\/","url_meta":{"origin":40469,"position":3},"title":"Alpaka Stretch Stirnband mint","author":"Manuel Hahn","date":"28. April 2024","format":false,"excerpt":"Sie m\u00f6gen keine M\u00fctzen, wollen es aber trotzdem sch\u00f6n warm am Kopf haben? Wir haben das passende Stirnband f\u00fcr Sie! Dieses elastische Stretch-Stirnband passt sich Ihrer Kopfform perfekt an. Die besondere Thermoeigenschaft der Faser des Baby Alpaka isoliert; doppellagig gestrickt und leicht gewalkt h\u00e4lt es extra warm. Da kann Ihnen\u2026","rel":"","context":"\u00c4hnlicher Beitrag","block_context":{"text":"\u00c4hnlicher Beitrag","link":""},"img":{"alt_text":"","src":"https:\/\/i0.wp.com\/www.alpakahof-hahn.at\/shop\/wp-content\/uploads\/2024\/04\/alpaka-stirnband-stretch-aus-96-baby-alpaka-2-3.webp?fit=928%2C1200&ssl=1&resize=350%2C200","width":350,"height":200,"srcset":"https:\/\/i0.wp.com\/www.alpakahof-hahn.at\/shop\/wp-content\/uploads\/2024\/04\/alpaka-stirnband-stretch-aus-96-baby-alpaka-2-3.webp?fit=928%2C1200&ssl=1&resize=350%2C200 1x, https:\/\/i0.wp.com\/www.alpakahof-hahn.at\/shop\/wp-content\/uploads\/2024\/04\/alpaka-stirnband-stretch-aus-96-baby-alpaka-2-3.webp?fit=928%2C1200&ssl=1&resize=525%2C300 1.5x, https:\/\/i0.wp.com\/www.alpakahof-hahn.at\/shop\/wp-content\/uploads\/2024\/04\/alpaka-stirnband-stretch-aus-96-baby-alpaka-2-3.webp?fit=928%2C1200&ssl=1&resize=700%2C400 2x"},"classes":[]},{"id":48164,"url":"https:\/\/www.alpakahof-hahn.at\/shop\/produkt\/alpaka-stretch-stirnband-azur\/","url_meta":{"origin":40469,"position":4},"title":"Alpaka Stretch Stirnband azur","author":"Manuel Hahn","date":"28. April 2024","format":false,"excerpt":"Sie m\u00f6gen keine M\u00fctzen, wollen es aber trotzdem sch\u00f6n warm am Kopf haben? Wir haben das passende Stirnband f\u00fcr Sie! Dieses elastische Stretch-Stirnband passt sich Ihrer Kopfform perfekt an. Die besondere Thermoeigenschaft der Faser des Baby Alpaka isoliert; doppellagig gestrickt und leicht gewalkt h\u00e4lt es extra warm. Da kann Ihnen\u2026","rel":"","context":"\u00c4hnlicher Beitrag","block_context":{"text":"\u00c4hnlicher Beitrag","link":""},"img":{"alt_text":"","src":"https:\/\/i0.wp.com\/www.alpakahof-hahn.at\/shop\/wp-content\/uploads\/2024\/04\/alpaka-stirnband-stretch-aus-96-baby-alpaka-3-2.webp?fit=928%2C1200&ssl=1&resize=350%2C200","width":350,"height":200,"srcset":"https:\/\/i0.wp.com\/www.alpakahof-hahn.at\/shop\/wp-content\/uploads\/2024\/04\/alpaka-stirnband-stretch-aus-96-baby-alpaka-3-2.webp?fit=928%2C1200&ssl=1&resize=350%2C200 1x, https:\/\/i0.wp.com\/www.alpakahof-hahn.at\/shop\/wp-content\/uploads\/2024\/04\/alpaka-stirnband-stretch-aus-96-baby-alpaka-3-2.webp?fit=928%2C1200&ssl=1&resize=525%2C300 1.5x, https:\/\/i0.wp.com\/www.alpakahof-hahn.at\/shop\/wp-content\/uploads\/2024\/04\/alpaka-stirnband-stretch-aus-96-baby-alpaka-3-2.webp?fit=928%2C1200&ssl=1&resize=700%2C400 2x"},"classes":[]},{"id":4552,"url":"https:\/\/www.alpakahof-hahn.at\/shop\/produkt\/alpaka-stretch-stirnband-silbergrau\/","url_meta":{"origin":40469,"position":5},"title":"Alpaka Stretch Stirnband silbergrau","author":"Manuel Hahn","date":"1. Mai 2017","format":false,"excerpt":"Sie m\u00f6gen keine M\u00fctzen, wollen es aber trotzdem sch\u00f6n warm am Kopf haben? Wir haben das passende Stirnband f\u00fcr Sie! Dieses elastische Stretch-Stirnband passt sich Ihrer Kopfform perfekt an. Die besondere Thermoeigenschaft der Faser des Baby Alpaka isoliert; doppellagig gestrickt und leicht gewalkt h\u00e4lt es extra warm. Da kann Ihnen\u2026","rel":"","context":"\u00c4hnlicher Beitrag","block_context":{"text":"\u00c4hnlicher Beitrag","link":""},"img":{"alt_text":"","src":"https:\/\/i0.wp.com\/www.alpakahof-hahn.at\/shop\/wp-content\/uploads\/2017\/05\/14019-silbergrau-01b.jpg?fit=527%2C800&ssl=1&resize=350%2C200","width":350,"height":200,"srcset":"https:\/\/i0.wp.com\/www.alpakahof-hahn.at\/shop\/wp-content\/uploads\/2017\/05\/14019-silbergrau-01b.jpg?fit=527%2C800&ssl=1&resize=350%2C200 1x, https:\/\/i0.wp.com\/www.alpakahof-hahn.at\/shop\/wp-content\/uploads\/2017\/05\/14019-silbergrau-01b.jpg?fit=527%2C800&ssl=1&resize=525%2C300 1.5x"},"classes":[]}],"_links":{"self":[{"href":"https:\/\/www.alpakahof-hahn.at\/shop\/wp-json\/wp\/v2\/product\/40469","targetHints":{"allow":["GET"]}}],"collection":[{"href":"https:\/\/www.alpakahof-hahn.at\/shop\/wp-json\/wp\/v2\/product"}],"about":[{"href":"https:\/\/www.alpakahof-hahn.at\/shop\/wp-json\/wp\/v2\/types\/product"}],"wp:featuredmedia":[{"embeddable":true,"href":"https:\/\/www.alpakahof-hahn.at\/shop\/wp-json\/wp\/v2\/media\/40471"}],"wp:attachment":[{"href":"https:\/\/www.alpakahof-hahn.at\/shop\/wp-json\/wp\/v2\/media?parent=40469"}],"wp:term":[{"taxonomy":"brand","embeddable":true,"href":"https:\/\/www.alpakahof-hahn.at\/shop\/wp-json\/wp\/v2\/etheme_brands?post=40469"},{"taxonomy":"product_brand","embeddable":true,"href":"https:\/\/www.alpakahof-hahn.at\/shop\/wp-json\/wp\/v2\/product_brand?post=40469"},{"taxonomy":"product_cat","embeddable":true,"href":"https:\/\/www.alpakahof-hahn.at\/shop\/wp-json\/wp\/v2\/product_cat?post=40469"},{"taxonomy":"product_tag","embeddable":true,"href":"https:\/\/www.alpakahof-hahn.at\/shop\/wp-json\/wp\/v2\/product_tag?post=40469"}],"curies":[{"name":"wp","href":"https:\/\/api.w.org\/{rel}","templated":true}]}}