{"id":35034,"date":"2020-11-24T13:52:57","date_gmt":"2020-11-24T12:52:57","guid":{"rendered":"https:\/\/www.alpakahof-hahn.at\/shop\/?post_type=product&#038;p=35034"},"modified":"2025-12-30T09:41:12","modified_gmt":"2025-12-30T08:41:12","slug":"baby-alpaka-schal-suave","status":"publish","type":"product","link":"https:\/\/www.alpakahof-hahn.at\/shop\/produkt\/baby-alpaka-schal-suave\/","title":{"rendered":"Schal SUAVE aus Baby Alpaka"},"content":{"rendered":"","protected":false},"excerpt":{"rendered":"<p>Traumhaft weich &#8211; ein Schmuckst\u00fcck mit feinstem Struktur-Strick ist dieses Schmuckst\u00fcck aus 100% reinem Baby Alpaka.<br \/>\nDank ihrer leichten, traumhaft weichen Struktur kann dieses Strick gleicherma\u00dfen als Schal getragen oder als Stola drapiert werden.<br \/>\nDas sch\u00f6ne dekorative Zopfmuster zaubert eine interessante Optik.<br \/>\nDie \u00dcberdecke hat einen \u00e4u\u00dferst feinen und seidigen Griff.<\/p>\n<p>&#8211; Material: 100% Alpaka (Baby Alpaka)<br \/>\n&#8211; aufwendiger Strukturstrick mit Zopfmuster<br \/>\n&#8211; seidig weiche Naturfaser<br \/>\n&#8211; vielseitig verwendbar<br \/>\n&#8211; Ma\u00dfe ungedehnt: ca. 80 x 170cm<br \/>\n&#8211; Gewicht: ca. 370g<br \/>\n&#8211; Hersteller: Apu Kuntur<\/p>\n","protected":false},"featured_media":35036,"template":"","meta":{"jetpack_post_was_ever_published":false,"jetpack_publicize_message":"","jetpack_publicize_feature_enabled":true,"jetpack_social_post_already_shared":true,"jetpack_social_options":{"image_generator_settings":{"template":"highway","default_image_id":0,"font":"","enabled":false},"version":2}},"etheme_brands":[],"product_brand":[],"product_cat":[77],"product_tag":[],"class_list":{"0":"post-35034","1":"product","2":"type-product","3":"status-publish","4":"has-post-thumbnail","6":"product_cat-schals","8":"first","9":"instock","10":"taxable","11":"shipping-taxable","12":"purchasable","13":"product-type-simple"},"supplier_id":null,"supplier_sku":"","barcode":null,"atum_controlled":true,"out_stock_date":null,"out_stock_threshold":null,"inheritable":false,"inbound_stock":0,"stock_on_hold":0,"sold_today":0,"sales_last_days":0,"reserved_stock":0,"customer_returns":0,"warehouse_damage":0,"lost_in_post":0,"other_logs":0,"out_stock_days":0,"lost_sales":0,"has_location":false,"update_date":"2026-04-12T08:19:56","atum_locations":[],"atum_stock_status":"instock","restock_status":false,"low_stock_amount":"","sales_update_date":"2026-04-12T08:19:56","calc_backorders":null,"yoast_head":"<!-- This site is optimized with the Yoast SEO plugin v26.5 - https:\/\/yoast.com\/wordpress\/plugins\/seo\/ -->\n<title>Schal SUAVE aus Baby Alpaka - Alpaka Online-Shop<\/title>\n<meta name=\"robots\" content=\"index, follow, max-snippet:-1, max-image-preview:large, max-video-preview:-1\" \/>\n<link rel=\"canonical\" href=\"https:\/\/www.alpakahof-hahn.at\/shop\/produkt\/baby-alpaka-schal-suave\/\" \/>\n<meta name=\"twitter:card\" content=\"summary_large_image\" \/>\n<meta name=\"twitter:title\" content=\"Schal SUAVE aus Baby Alpaka - Alpaka Online-Shop\" \/>\n<meta name=\"twitter:description\" content=\"Traumhaft weich - ein Schmuckst\u00fcck mit feinstem Struktur-Strick ist dieses Schmuckst\u00fcck aus 100% reinem Baby Alpaka. Dank ihrer leichten, traumhaft weichen Struktur kann dieses Strick gleicherma\u00dfen als Schal getragen oder als Stola drapiert werden. Das sch\u00f6ne dekorative Zopfmuster zaubert eine interessante Optik. Die \u00dcberdecke hat einen \u00e4u\u00dferst feinen und seidigen Griff.  - Material: 100% Alpaka (Baby Alpaka) - aufwendiger Strukturstrick mit Zopfmuster - seidig weiche Naturfaser - vielseitig verwendbar - Ma\u00dfe ungedehnt: ca. 80 x 170cm - Gewicht: ca. 370g - Hersteller: Apu Kuntur\" \/>\n<meta name=\"twitter:image\" content=\"https:\/\/i0.wp.com\/www.alpakahof-hahn.at\/shop\/wp-content\/uploads\/2020\/11\/alpaka-schal-alpakahof-hahn-1.jpg?fit=1024%2C1024&ssl=1\" \/>\n<script type=\"application\/ld+json\" class=\"yoast-schema-graph\">{\"@context\":\"https:\/\/schema.org\",\"@graph\":[{\"@type\":\"WebPage\",\"@id\":\"https:\/\/www.alpakahof-hahn.at\/shop\/produkt\/baby-alpaka-schal-suave\/\",\"url\":\"https:\/\/www.alpakahof-hahn.at\/shop\/produkt\/baby-alpaka-schal-suave\/\",\"name\":\"Schal SUAVE aus Baby Alpaka - Alpaka Online-Shop\",\"isPartOf\":{\"@id\":\"https:\/\/www.alpakahof-hahn.at\/shop\/#website\"},\"primaryImageOfPage\":{\"@id\":\"https:\/\/www.alpakahof-hahn.at\/shop\/produkt\/baby-alpaka-schal-suave\/#primaryimage\"},\"image\":{\"@id\":\"https:\/\/www.alpakahof-hahn.at\/shop\/produkt\/baby-alpaka-schal-suave\/#primaryimage\"},\"thumbnailUrl\":\"https:\/\/i0.wp.com\/www.alpakahof-hahn.at\/shop\/wp-content\/uploads\/2020\/11\/alpaka-schal-alpakahof-hahn-1.jpg?fit=1024%2C1024&ssl=1\",\"datePublished\":\"2020-11-24T12:52:57+00:00\",\"dateModified\":\"2025-12-30T08:41:12+00:00\",\"breadcrumb\":{\"@id\":\"https:\/\/www.alpakahof-hahn.at\/shop\/produkt\/baby-alpaka-schal-suave\/#breadcrumb\"},\"inLanguage\":\"de\",\"potentialAction\":[{\"@type\":\"ReadAction\",\"target\":[\"https:\/\/www.alpakahof-hahn.at\/shop\/produkt\/baby-alpaka-schal-suave\/\"]}]},{\"@type\":\"ImageObject\",\"inLanguage\":\"de\",\"@id\":\"https:\/\/www.alpakahof-hahn.at\/shop\/produkt\/baby-alpaka-schal-suave\/#primaryimage\",\"url\":\"https:\/\/i0.wp.com\/www.alpakahof-hahn.at\/shop\/wp-content\/uploads\/2020\/11\/alpaka-schal-alpakahof-hahn-1.jpg?fit=1024%2C1024&ssl=1\",\"contentUrl\":\"https:\/\/i0.wp.com\/www.alpakahof-hahn.at\/shop\/wp-content\/uploads\/2020\/11\/alpaka-schal-alpakahof-hahn-1.jpg?fit=1024%2C1024&ssl=1\",\"width\":1024,\"height\":1024},{\"@type\":\"BreadcrumbList\",\"@id\":\"https:\/\/www.alpakahof-hahn.at\/shop\/produkt\/baby-alpaka-schal-suave\/#breadcrumb\",\"itemListElement\":[{\"@type\":\"ListItem\",\"position\":1,\"name\":\"Shop\",\"item\":\"https:\/\/www.alpakahof-hahn.at\/shop\/\"},{\"@type\":\"ListItem\",\"position\":2,\"name\":\"Shop\",\"item\":\"https:\/\/www.alpakahof-hahn.at\/shop\/shop\/\"},{\"@type\":\"ListItem\",\"position\":3,\"name\":\"Schal SUAVE aus Baby Alpaka\"}]},{\"@type\":\"WebSite\",\"@id\":\"https:\/\/www.alpakahof-hahn.at\/shop\/#website\",\"url\":\"https:\/\/www.alpakahof-hahn.at\/shop\/\",\"name\":\"Alpaka Online-Shop\",\"description\":\"Der Hofladen der Familie Hahn\",\"potentialAction\":[{\"@type\":\"SearchAction\",\"target\":{\"@type\":\"EntryPoint\",\"urlTemplate\":\"https:\/\/www.alpakahof-hahn.at\/shop\/?s={search_term_string}\"},\"query-input\":{\"@type\":\"PropertyValueSpecification\",\"valueRequired\":true,\"valueName\":\"search_term_string\"}}],\"inLanguage\":\"de\"}]}<\/script>\n<!-- \/ Yoast SEO plugin. -->","yoast_head_json":{"title":"Schal SUAVE aus Baby Alpaka - Alpaka Online-Shop","robots":{"index":"index","follow":"follow","max-snippet":"max-snippet:-1","max-image-preview":"max-image-preview:large","max-video-preview":"max-video-preview:-1"},"canonical":"https:\/\/www.alpakahof-hahn.at\/shop\/produkt\/baby-alpaka-schal-suave\/","twitter_card":"summary_large_image","twitter_title":"Schal SUAVE aus Baby Alpaka - Alpaka Online-Shop","twitter_description":"Traumhaft weich - ein Schmuckst\u00fcck mit feinstem Struktur-Strick ist dieses Schmuckst\u00fcck aus 100% reinem Baby Alpaka. Dank ihrer leichten, traumhaft weichen Struktur kann dieses Strick gleicherma\u00dfen als Schal getragen oder als Stola drapiert werden. Das sch\u00f6ne dekorative Zopfmuster zaubert eine interessante Optik. Die \u00dcberdecke hat einen \u00e4u\u00dferst feinen und seidigen Griff.  - Material: 100% Alpaka (Baby Alpaka) - aufwendiger Strukturstrick mit Zopfmuster - seidig weiche Naturfaser - vielseitig verwendbar - Ma\u00dfe ungedehnt: ca. 80 x 170cm - Gewicht: ca. 370g - Hersteller: Apu Kuntur","twitter_image":"https:\/\/i0.wp.com\/www.alpakahof-hahn.at\/shop\/wp-content\/uploads\/2020\/11\/alpaka-schal-alpakahof-hahn-1.jpg?fit=1024%2C1024&ssl=1","schema":{"@context":"https:\/\/schema.org","@graph":[{"@type":"WebPage","@id":"https:\/\/www.alpakahof-hahn.at\/shop\/produkt\/baby-alpaka-schal-suave\/","url":"https:\/\/www.alpakahof-hahn.at\/shop\/produkt\/baby-alpaka-schal-suave\/","name":"Schal SUAVE aus Baby Alpaka - Alpaka Online-Shop","isPartOf":{"@id":"https:\/\/www.alpakahof-hahn.at\/shop\/#website"},"primaryImageOfPage":{"@id":"https:\/\/www.alpakahof-hahn.at\/shop\/produkt\/baby-alpaka-schal-suave\/#primaryimage"},"image":{"@id":"https:\/\/www.alpakahof-hahn.at\/shop\/produkt\/baby-alpaka-schal-suave\/#primaryimage"},"thumbnailUrl":"https:\/\/i0.wp.com\/www.alpakahof-hahn.at\/shop\/wp-content\/uploads\/2020\/11\/alpaka-schal-alpakahof-hahn-1.jpg?fit=1024%2C1024&ssl=1","datePublished":"2020-11-24T12:52:57+00:00","dateModified":"2025-12-30T08:41:12+00:00","breadcrumb":{"@id":"https:\/\/www.alpakahof-hahn.at\/shop\/produkt\/baby-alpaka-schal-suave\/#breadcrumb"},"inLanguage":"de","potentialAction":[{"@type":"ReadAction","target":["https:\/\/www.alpakahof-hahn.at\/shop\/produkt\/baby-alpaka-schal-suave\/"]}]},{"@type":"ImageObject","inLanguage":"de","@id":"https:\/\/www.alpakahof-hahn.at\/shop\/produkt\/baby-alpaka-schal-suave\/#primaryimage","url":"https:\/\/i0.wp.com\/www.alpakahof-hahn.at\/shop\/wp-content\/uploads\/2020\/11\/alpaka-schal-alpakahof-hahn-1.jpg?fit=1024%2C1024&ssl=1","contentUrl":"https:\/\/i0.wp.com\/www.alpakahof-hahn.at\/shop\/wp-content\/uploads\/2020\/11\/alpaka-schal-alpakahof-hahn-1.jpg?fit=1024%2C1024&ssl=1","width":1024,"height":1024},{"@type":"BreadcrumbList","@id":"https:\/\/www.alpakahof-hahn.at\/shop\/produkt\/baby-alpaka-schal-suave\/#breadcrumb","itemListElement":[{"@type":"ListItem","position":1,"name":"Shop","item":"https:\/\/www.alpakahof-hahn.at\/shop\/"},{"@type":"ListItem","position":2,"name":"Shop","item":"https:\/\/www.alpakahof-hahn.at\/shop\/shop\/"},{"@type":"ListItem","position":3,"name":"Schal SUAVE aus Baby Alpaka"}]},{"@type":"WebSite","@id":"https:\/\/www.alpakahof-hahn.at\/shop\/#website","url":"https:\/\/www.alpakahof-hahn.at\/shop\/","name":"Alpaka Online-Shop","description":"Der Hofladen der Familie Hahn","potentialAction":[{"@type":"SearchAction","target":{"@type":"EntryPoint","urlTemplate":"https:\/\/www.alpakahof-hahn.at\/shop\/?s={search_term_string}"},"query-input":{"@type":"PropertyValueSpecification","valueRequired":true,"valueName":"search_term_string"}}],"inLanguage":"de"}]}},"jetpack_publicize_connections":[],"jetpack_sharing_enabled":true,"jetpack-related-posts":[{"id":46166,"url":"https:\/\/www.alpakahof-hahn.at\/shop\/produkt\/schal-suave-aus-baby-alpaka-schwarz\/","url_meta":{"origin":35034,"position":0},"title":"Schal SUAVE aus Baby Alpaka schwarz","author":"Manuel Hahn","date":"24. November 2021","format":false,"excerpt":"Traumhaft weich - ein Schmuckst\u00fcck mit feinstem Struktur-Strick ist dieses Schmuckst\u00fcck aus 100% reinem Baby Alpaka. Dank ihrer leichten, traumhaft weichen Struktur kann dieses Strick gleicherma\u00dfen als Schal getragen oder als Stola drapiert werden. Das sch\u00f6ne dekorative Zopfmuster zaubert eine interessante Optik. Die \u00dcberdecke hat einen \u00e4u\u00dferst feinen und seidigen\u2026","rel":"","context":"\u00c4hnlicher Beitrag","block_context":{"text":"\u00c4hnlicher Beitrag","link":""},"img":{"alt_text":"","src":"https:\/\/i0.wp.com\/www.alpakahof-hahn.at\/shop\/wp-content\/uploads\/2021\/11\/Alpaka-Schal-Suave-schwarz-Alpakahof-Hahn-2.jpg?fit=527%2C800&ssl=1&resize=350%2C200","width":350,"height":200,"srcset":"https:\/\/i0.wp.com\/www.alpakahof-hahn.at\/shop\/wp-content\/uploads\/2021\/11\/Alpaka-Schal-Suave-schwarz-Alpakahof-Hahn-2.jpg?fit=527%2C800&ssl=1&resize=350%2C200 1x, https:\/\/i0.wp.com\/www.alpakahof-hahn.at\/shop\/wp-content\/uploads\/2021\/11\/Alpaka-Schal-Suave-schwarz-Alpakahof-Hahn-2.jpg?fit=527%2C800&ssl=1&resize=525%2C300 1.5x"},"classes":[]},{"id":40488,"url":"https:\/\/www.alpakahof-hahn.at\/shop\/produkt\/schal-suave-aus-baby-alpaka-silber\/","url_meta":{"origin":35034,"position":1},"title":"Schal SUAVE aus Baby Alpaka silber","author":"Manuel Hahn","date":"9. Dezember 2020","format":false,"excerpt":"Traumhaft weich - ein Schmuckst\u00fcck mit feinstem Struktur-Strick ist dieses Schmuckst\u00fcck aus 100% reinem Baby Alpaka. Dank ihrer leichten, traumhaft weichen Struktur kann dieses Strick gleicherma\u00dfen als Schal getragen oder als Stola drapiert werden. Das sch\u00f6ne dekorative Zopfmuster zaubert eine interessante Optik. Die \u00dcberdecke hat einen \u00e4u\u00dferst feinen und seidigen\u2026","rel":"","context":"\u00c4hnlicher Beitrag","block_context":{"text":"\u00c4hnlicher Beitrag","link":""},"img":{"alt_text":"","src":"https:\/\/i0.wp.com\/www.alpakahof-hahn.at\/shop\/wp-content\/uploads\/2020\/12\/Schal-SUAVE-silber-alpakahof-hahn-4.jpg?fit=527%2C800&ssl=1&resize=350%2C200","width":350,"height":200,"srcset":"https:\/\/i0.wp.com\/www.alpakahof-hahn.at\/shop\/wp-content\/uploads\/2020\/12\/Schal-SUAVE-silber-alpakahof-hahn-4.jpg?fit=527%2C800&ssl=1&resize=350%2C200 1x, https:\/\/i0.wp.com\/www.alpakahof-hahn.at\/shop\/wp-content\/uploads\/2020\/12\/Schal-SUAVE-silber-alpakahof-hahn-4.jpg?fit=527%2C800&ssl=1&resize=525%2C300 1.5x"},"classes":[]},{"id":6443,"url":"https:\/\/www.alpakahof-hahn.at\/shop\/produkt\/stirnband-biesen-baby-alpaka-purpur\/","url_meta":{"origin":35034,"position":2},"title":"Stirnband Biesen Baby Alpaka purpur","author":"Manuel Hahn","date":"20. November 2019","format":false,"excerpt":"Einzigartig warm und stylisch zugleich. Das Alpaka Stirnband mit Biesen-Struktur-Strick aus reiner Baby Alpaka Wolle. - aufw\u00e4ndiges Strickmuster - gerafft durch kleines, zierendes Rippenb\u00fcndchen - Bandbreite: ca.13cm Material: 100% Alpaka (Baby Alpaka)","rel":"","context":"\u00c4hnlicher Beitrag","block_context":{"text":"\u00c4hnlicher Beitrag","link":""},"img":{"alt_text":"","src":"https:\/\/i0.wp.com\/www.alpakahof-hahn.at\/shop\/wp-content\/uploads\/2019\/11\/alpakahof-hahn-stirnband-alpaka-14017-purpur.jpg?fit=475%2C720&ssl=1&resize=350%2C200","width":350,"height":200},"classes":[]},{"id":6445,"url":"https:\/\/www.alpakahof-hahn.at\/shop\/produkt\/stirnband-biesen-baby-alpaka-sand\/","url_meta":{"origin":35034,"position":3},"title":"Stirnband Biesen Baby Alpaka sand","author":"Manuel Hahn","date":"20. November 2019","format":false,"excerpt":"Einzigartig warm und stylisch zugleich. Das Alpaka Stirnband mit Biesen-Struktur-Strick aus reiner Baby Alpaka Wolle. - aufw\u00e4ndiges Strickmuster - gerafft durch kleines, zierendes Rippenb\u00fcndchen - Bandbreite: ca.13cm Material: 100% Alpaka (Baby Alpaka)","rel":"","context":"\u00c4hnlicher Beitrag","block_context":{"text":"\u00c4hnlicher Beitrag","link":""},"img":{"alt_text":"","src":"https:\/\/i0.wp.com\/www.alpakahof-hahn.at\/shop\/wp-content\/uploads\/2019\/11\/alpakahof-hahn-stirnband-alpaka-14017-sand.jpg?fit=475%2C720&ssl=1&resize=350%2C200","width":350,"height":200},"classes":[]},{"id":46445,"url":"https:\/\/www.alpakahof-hahn.at\/shop\/produkt\/alpaka-schal-gelia\/","url_meta":{"origin":35034,"position":4},"title":"Alpaka Schal GELIA","author":"Manuel Hahn","date":"5. Dezember 2021","format":false,"excerpt":"Die besonders sch\u00f6ne Farbgebung schmeichelt Ihnen gerade in der kalten Winter-Zeit. Es wurde feinstes Baby Alpaka verarbeitet, besonders weich, thermoisolierend und w\u00e4rmend. - Material: 100% Alpaka (Baby Alpaka) - Windabweisendes Baumwollvlies-Futter - aufwendiger Jacquard-Strick Fair von Apu Kuntur in Peru hergestellt.","rel":"","context":"\u00c4hnlicher Beitrag","block_context":{"text":"\u00c4hnlicher Beitrag","link":""},"img":{"alt_text":"","src":"https:\/\/i0.wp.com\/www.alpakahof-hahn.at\/shop\/wp-content\/uploads\/2021\/12\/Alpaka-Schal-Gelia-Alpakahof-Hahn-1.jpg?fit=527%2C800&ssl=1&resize=350%2C200","width":350,"height":200,"srcset":"https:\/\/i0.wp.com\/www.alpakahof-hahn.at\/shop\/wp-content\/uploads\/2021\/12\/Alpaka-Schal-Gelia-Alpakahof-Hahn-1.jpg?fit=527%2C800&ssl=1&resize=350%2C200 1x, https:\/\/i0.wp.com\/www.alpakahof-hahn.at\/shop\/wp-content\/uploads\/2021\/12\/Alpaka-Schal-Gelia-Alpakahof-Hahn-1.jpg?fit=527%2C800&ssl=1&resize=525%2C300 1.5x"},"classes":[]},{"id":47089,"url":"https:\/\/www.alpakahof-hahn.at\/shop\/produkt\/stirnband-biesen-baby-alpaka-wollweiss\/","url_meta":{"origin":35034,"position":5},"title":"Stirnband Biesen Baby Alpaka wollweiss","author":"Manuel Hahn","date":"26. Oktober 2022","format":false,"excerpt":"Einzigartig warm und stylisch zugleich. Das Alpaka Stirnband mit Biesen-Struktur-Strick aus reiner Baby Alpaka Wolle. - aufw\u00e4ndiges Strickmuster - gerafft durch kleines, zierendes Rippenb\u00fcndchen - Bandbreite: ca.13cm Material: 100% Alpaka (Baby Alpaka) Fair von Apu Kuntur in Peru hergestellt.","rel":"","context":"\u00c4hnlicher Beitrag","block_context":{"text":"\u00c4hnlicher Beitrag","link":""},"img":{"alt_text":"","src":"https:\/\/i0.wp.com\/www.alpakahof-hahn.at\/shop\/wp-content\/uploads\/2022\/10\/alpaka-stirnband-biesen-1-alpakahof-hahn.jpg?fit=475%2C720&ssl=1&resize=350%2C200","width":350,"height":200},"classes":[]}],"_links":{"self":[{"href":"https:\/\/www.alpakahof-hahn.at\/shop\/wp-json\/wp\/v2\/product\/35034","targetHints":{"allow":["GET"]}}],"collection":[{"href":"https:\/\/www.alpakahof-hahn.at\/shop\/wp-json\/wp\/v2\/product"}],"about":[{"href":"https:\/\/www.alpakahof-hahn.at\/shop\/wp-json\/wp\/v2\/types\/product"}],"wp:featuredmedia":[{"embeddable":true,"href":"https:\/\/www.alpakahof-hahn.at\/shop\/wp-json\/wp\/v2\/media\/35036"}],"wp:attachment":[{"href":"https:\/\/www.alpakahof-hahn.at\/shop\/wp-json\/wp\/v2\/media?parent=35034"}],"wp:term":[{"taxonomy":"brand","embeddable":true,"href":"https:\/\/www.alpakahof-hahn.at\/shop\/wp-json\/wp\/v2\/etheme_brands?post=35034"},{"taxonomy":"product_brand","embeddable":true,"href":"https:\/\/www.alpakahof-hahn.at\/shop\/wp-json\/wp\/v2\/product_brand?post=35034"},{"taxonomy":"product_cat","embeddable":true,"href":"https:\/\/www.alpakahof-hahn.at\/shop\/wp-json\/wp\/v2\/product_cat?post=35034"},{"taxonomy":"product_tag","embeddable":true,"href":"https:\/\/www.alpakahof-hahn.at\/shop\/wp-json\/wp\/v2\/product_tag?post=35034"}],"curies":[{"name":"wp","href":"https:\/\/api.w.org\/{rel}","templated":true}]}}