{"id":35006,"date":"2020-11-24T11:43:33","date_gmt":"2020-11-24T10:43:33","guid":{"rendered":"https:\/\/www.alpakahof-hahn.at\/shop\/?post_type=product&#038;p=35006"},"modified":"2024-12-05T15:28:14","modified_gmt":"2024-12-05T14:28:14","slug":"alpaka-freizeit-socken-in-violett","status":"publish","type":"product","link":"https:\/\/www.alpakahof-hahn.at\/shop\/produkt\/alpaka-freizeit-socken-in-violett\/","title":{"rendered":"Alpaka Freizeit-Socken in violett"},"content":{"rendered":"","protected":false},"excerpt":{"rendered":"<p>Diese Strick-Alpaka Socken sind ideal f\u00fcr jeder Freizeitaktivit\u00e4t.<\/p>\n<p>&#8211; Material: 52% Alpaka 18% Wolle 17% Acryl 11% Nylon 2% Elasthan<br \/>\n&#8211; atmungsaktiv<br \/>\n&#8211; flauschig und zart zur Haut<br \/>\n&#8211; auch f\u00fcr Rheumatiker optimal<br \/>\n&#8211; f\u00fcr Menschen mit Neurodermitis geeignet<br \/>\n&#8211; anti-allergen<br \/>\n&#8211; Hersteller Apu Kuntur<\/p>\n<p><strong>Zus\u00e4tzliche Informationen:<\/strong><br \/>\nDie Alpaka Socken sollten nicht in der Waschmaschine gewaschen werden, um Verfilzung zu vermeiden. Alpaka-Wolle besitzt einen nat\u00fcrlichen Selbstreinigungseffekt, daher reicht es die Socken einige Zeit an die frische Luft zu h\u00e4ngen. Handw\u00e4sche und chemische Reinigung sind m\u00f6glich.<\/p>\n","protected":false},"featured_media":35029,"template":"","meta":{"jetpack_post_was_ever_published":false,"jetpack_publicize_message":"","jetpack_publicize_feature_enabled":true,"jetpack_social_post_already_shared":true,"jetpack_social_options":{"image_generator_settings":{"template":"highway","default_image_id":0,"font":"","enabled":false},"version":2}},"etheme_brands":[],"product_brand":[],"product_cat":[80],"product_tag":[],"class_list":{"0":"post-35006","1":"product","2":"type-product","3":"status-publish","4":"has-post-thumbnail","6":"product_cat-socken","8":"first","9":"instock","10":"taxable","11":"shipping-taxable","12":"purchasable","13":"product-type-variable"},"supplier_id":null,"supplier_sku":"","barcode":null,"atum_controlled":true,"out_stock_date":null,"out_stock_threshold":null,"inheritable":true,"inbound_stock":0,"stock_on_hold":0,"sold_today":0,"sales_last_days":0,"reserved_stock":0,"customer_returns":0,"warehouse_damage":0,"lost_in_post":0,"other_logs":0,"out_stock_days":0,"lost_sales":0,"has_location":false,"update_date":"2026-04-30T09:55:40","atum_locations":[],"atum_stock_status":"instock","restock_status":false,"low_stock_amount":"","sales_update_date":"2026-04-30T09:55:40","calc_backorders":null,"yoast_head":"<!-- This site is optimized with the Yoast SEO plugin v26.5 - https:\/\/yoast.com\/wordpress\/plugins\/seo\/ -->\n<title>Alpaka Freizeit-Socken in violett - Alpaka Online-Shop<\/title>\n<meta name=\"robots\" content=\"index, follow, max-snippet:-1, max-image-preview:large, max-video-preview:-1\" \/>\n<link rel=\"canonical\" href=\"https:\/\/www.alpakahof-hahn.at\/shop\/produkt\/alpaka-freizeit-socken-in-violett\/\" \/>\n<meta name=\"twitter:card\" content=\"summary_large_image\" \/>\n<meta name=\"twitter:title\" content=\"Alpaka Freizeit-Socken in violett - Alpaka Online-Shop\" \/>\n<meta name=\"twitter:description\" content=\"Diese Strick-Alpaka Socken sind ideal f\u00fcr jeder Freizeitaktivit\u00e4t.  - Material: 52% Alpaka 18% Wolle 17% Acryl 11% Nylon 2% Elasthan - atmungsaktiv - flauschig und zart zur Haut - auch f\u00fcr Rheumatiker optimal - f\u00fcr Menschen mit Neurodermitis geeignet - anti-allergen - Hersteller Apu Kuntur  Zus\u00e4tzliche Informationen: Die Alpaka Socken sollten nicht in der Waschmaschine gewaschen werden, um Verfilzung zu vermeiden. Alpaka-Wolle besitzt einen nat\u00fcrlichen Selbstreinigungseffekt, daher reicht es die Socken einige Zeit an die frische Luft zu h\u00e4ngen. Handw\u00e4sche und chemische Reinigung sind m\u00f6glich.\" \/>\n<meta name=\"twitter:image\" content=\"https:\/\/i0.wp.com\/www.alpakahof-hahn.at\/shop\/wp-content\/uploads\/2020\/11\/alpaka-freizeit-socken-violett-alpakahof-hahn.jpg?fit=791%2C1200&ssl=1\" \/>\n<script type=\"application\/ld+json\" class=\"yoast-schema-graph\">{\"@context\":\"https:\/\/schema.org\",\"@graph\":[{\"@type\":\"WebPage\",\"@id\":\"https:\/\/www.alpakahof-hahn.at\/shop\/produkt\/alpaka-freizeit-socken-in-violett\/\",\"url\":\"https:\/\/www.alpakahof-hahn.at\/shop\/produkt\/alpaka-freizeit-socken-in-violett\/\",\"name\":\"Alpaka Freizeit-Socken in violett - Alpaka Online-Shop\",\"isPartOf\":{\"@id\":\"https:\/\/www.alpakahof-hahn.at\/shop\/#website\"},\"primaryImageOfPage\":{\"@id\":\"https:\/\/www.alpakahof-hahn.at\/shop\/produkt\/alpaka-freizeit-socken-in-violett\/#primaryimage\"},\"image\":{\"@id\":\"https:\/\/www.alpakahof-hahn.at\/shop\/produkt\/alpaka-freizeit-socken-in-violett\/#primaryimage\"},\"thumbnailUrl\":\"https:\/\/i0.wp.com\/www.alpakahof-hahn.at\/shop\/wp-content\/uploads\/2020\/11\/alpaka-freizeit-socken-violett-alpakahof-hahn.jpg?fit=791%2C1200&ssl=1\",\"datePublished\":\"2020-11-24T10:43:33+00:00\",\"dateModified\":\"2024-12-05T14:28:14+00:00\",\"breadcrumb\":{\"@id\":\"https:\/\/www.alpakahof-hahn.at\/shop\/produkt\/alpaka-freizeit-socken-in-violett\/#breadcrumb\"},\"inLanguage\":\"de\",\"potentialAction\":[{\"@type\":\"ReadAction\",\"target\":[\"https:\/\/www.alpakahof-hahn.at\/shop\/produkt\/alpaka-freizeit-socken-in-violett\/\"]}]},{\"@type\":\"ImageObject\",\"inLanguage\":\"de\",\"@id\":\"https:\/\/www.alpakahof-hahn.at\/shop\/produkt\/alpaka-freizeit-socken-in-violett\/#primaryimage\",\"url\":\"https:\/\/i0.wp.com\/www.alpakahof-hahn.at\/shop\/wp-content\/uploads\/2020\/11\/alpaka-freizeit-socken-violett-alpakahof-hahn.jpg?fit=791%2C1200&ssl=1\",\"contentUrl\":\"https:\/\/i0.wp.com\/www.alpakahof-hahn.at\/shop\/wp-content\/uploads\/2020\/11\/alpaka-freizeit-socken-violett-alpakahof-hahn.jpg?fit=791%2C1200&ssl=1\",\"width\":791,\"height\":1200},{\"@type\":\"BreadcrumbList\",\"@id\":\"https:\/\/www.alpakahof-hahn.at\/shop\/produkt\/alpaka-freizeit-socken-in-violett\/#breadcrumb\",\"itemListElement\":[{\"@type\":\"ListItem\",\"position\":1,\"name\":\"Shop\",\"item\":\"https:\/\/www.alpakahof-hahn.at\/shop\/\"},{\"@type\":\"ListItem\",\"position\":2,\"name\":\"Shop\",\"item\":\"https:\/\/www.alpakahof-hahn.at\/shop\/shop\/\"},{\"@type\":\"ListItem\",\"position\":3,\"name\":\"Alpaka Freizeit-Socken in violett\"}]},{\"@type\":\"WebSite\",\"@id\":\"https:\/\/www.alpakahof-hahn.at\/shop\/#website\",\"url\":\"https:\/\/www.alpakahof-hahn.at\/shop\/\",\"name\":\"Alpaka Online-Shop\",\"description\":\"Der Hofladen der Familie Hahn\",\"potentialAction\":[{\"@type\":\"SearchAction\",\"target\":{\"@type\":\"EntryPoint\",\"urlTemplate\":\"https:\/\/www.alpakahof-hahn.at\/shop\/?s={search_term_string}\"},\"query-input\":{\"@type\":\"PropertyValueSpecification\",\"valueRequired\":true,\"valueName\":\"search_term_string\"}}],\"inLanguage\":\"de\"}]}<\/script>\n<!-- \/ Yoast SEO plugin. -->","yoast_head_json":{"title":"Alpaka Freizeit-Socken in violett - Alpaka Online-Shop","robots":{"index":"index","follow":"follow","max-snippet":"max-snippet:-1","max-image-preview":"max-image-preview:large","max-video-preview":"max-video-preview:-1"},"canonical":"https:\/\/www.alpakahof-hahn.at\/shop\/produkt\/alpaka-freizeit-socken-in-violett\/","twitter_card":"summary_large_image","twitter_title":"Alpaka Freizeit-Socken in violett - Alpaka Online-Shop","twitter_description":"Diese Strick-Alpaka Socken sind ideal f\u00fcr jeder Freizeitaktivit\u00e4t.  - Material: 52% Alpaka 18% Wolle 17% Acryl 11% Nylon 2% Elasthan - atmungsaktiv - flauschig und zart zur Haut - auch f\u00fcr Rheumatiker optimal - f\u00fcr Menschen mit Neurodermitis geeignet - anti-allergen - Hersteller Apu Kuntur  Zus\u00e4tzliche Informationen: Die Alpaka Socken sollten nicht in der Waschmaschine gewaschen werden, um Verfilzung zu vermeiden. Alpaka-Wolle besitzt einen nat\u00fcrlichen Selbstreinigungseffekt, daher reicht es die Socken einige Zeit an die frische Luft zu h\u00e4ngen. Handw\u00e4sche und chemische Reinigung sind m\u00f6glich.","twitter_image":"https:\/\/i0.wp.com\/www.alpakahof-hahn.at\/shop\/wp-content\/uploads\/2020\/11\/alpaka-freizeit-socken-violett-alpakahof-hahn.jpg?fit=791%2C1200&ssl=1","schema":{"@context":"https:\/\/schema.org","@graph":[{"@type":"WebPage","@id":"https:\/\/www.alpakahof-hahn.at\/shop\/produkt\/alpaka-freizeit-socken-in-violett\/","url":"https:\/\/www.alpakahof-hahn.at\/shop\/produkt\/alpaka-freizeit-socken-in-violett\/","name":"Alpaka Freizeit-Socken in violett - Alpaka Online-Shop","isPartOf":{"@id":"https:\/\/www.alpakahof-hahn.at\/shop\/#website"},"primaryImageOfPage":{"@id":"https:\/\/www.alpakahof-hahn.at\/shop\/produkt\/alpaka-freizeit-socken-in-violett\/#primaryimage"},"image":{"@id":"https:\/\/www.alpakahof-hahn.at\/shop\/produkt\/alpaka-freizeit-socken-in-violett\/#primaryimage"},"thumbnailUrl":"https:\/\/i0.wp.com\/www.alpakahof-hahn.at\/shop\/wp-content\/uploads\/2020\/11\/alpaka-freizeit-socken-violett-alpakahof-hahn.jpg?fit=791%2C1200&ssl=1","datePublished":"2020-11-24T10:43:33+00:00","dateModified":"2024-12-05T14:28:14+00:00","breadcrumb":{"@id":"https:\/\/www.alpakahof-hahn.at\/shop\/produkt\/alpaka-freizeit-socken-in-violett\/#breadcrumb"},"inLanguage":"de","potentialAction":[{"@type":"ReadAction","target":["https:\/\/www.alpakahof-hahn.at\/shop\/produkt\/alpaka-freizeit-socken-in-violett\/"]}]},{"@type":"ImageObject","inLanguage":"de","@id":"https:\/\/www.alpakahof-hahn.at\/shop\/produkt\/alpaka-freizeit-socken-in-violett\/#primaryimage","url":"https:\/\/i0.wp.com\/www.alpakahof-hahn.at\/shop\/wp-content\/uploads\/2020\/11\/alpaka-freizeit-socken-violett-alpakahof-hahn.jpg?fit=791%2C1200&ssl=1","contentUrl":"https:\/\/i0.wp.com\/www.alpakahof-hahn.at\/shop\/wp-content\/uploads\/2020\/11\/alpaka-freizeit-socken-violett-alpakahof-hahn.jpg?fit=791%2C1200&ssl=1","width":791,"height":1200},{"@type":"BreadcrumbList","@id":"https:\/\/www.alpakahof-hahn.at\/shop\/produkt\/alpaka-freizeit-socken-in-violett\/#breadcrumb","itemListElement":[{"@type":"ListItem","position":1,"name":"Shop","item":"https:\/\/www.alpakahof-hahn.at\/shop\/"},{"@type":"ListItem","position":2,"name":"Shop","item":"https:\/\/www.alpakahof-hahn.at\/shop\/shop\/"},{"@type":"ListItem","position":3,"name":"Alpaka Freizeit-Socken in violett"}]},{"@type":"WebSite","@id":"https:\/\/www.alpakahof-hahn.at\/shop\/#website","url":"https:\/\/www.alpakahof-hahn.at\/shop\/","name":"Alpaka Online-Shop","description":"Der Hofladen der Familie Hahn","potentialAction":[{"@type":"SearchAction","target":{"@type":"EntryPoint","urlTemplate":"https:\/\/www.alpakahof-hahn.at\/shop\/?s={search_term_string}"},"query-input":{"@type":"PropertyValueSpecification","valueRequired":true,"valueName":"search_term_string"}}],"inLanguage":"de"}]}},"jetpack_publicize_connections":[],"jetpack_sharing_enabled":true,"jetpack-related-posts":[{"id":31040,"url":"https:\/\/www.alpakahof-hahn.at\/shop\/produkt\/alpaka-freizeit-socken-gruen\/","url_meta":{"origin":35006,"position":0},"title":"Alpaka Freizeit-Socken in gr\u00fcn","author":"Manuel Hahn","date":"4. November 2020","format":false,"excerpt":"Diese Strick-Alpaka Socken sind ideal f\u00fcr jeder Freizeitaktivit\u00e4t. - Material: 52% Alpaka 18% Wolle 17% Acryl 11% Nylon 2% Elasthan - atmungsaktiv - flauschig und zart zur Haut - auch f\u00fcr Rheumatiker optimal - f\u00fcr Menschen mit Neurodermitis geeignet - anti-allergen Zus\u00e4tzliche Informationen: Die Alpaka Socken sollten nicht in der\u2026","rel":"","context":"\u00c4hnlicher Beitrag","block_context":{"text":"\u00c4hnlicher Beitrag","link":""},"img":{"alt_text":"","src":"https:\/\/i0.wp.com\/www.alpakahof-hahn.at\/shop\/wp-content\/uploads\/2020\/11\/10040_alpaka-freizeit-socken-gruen-02-damen-herren-stricksocken_6er_pack.jpg?fit=791%2C1200&ssl=1&resize=350%2C200","width":350,"height":200,"srcset":"https:\/\/i0.wp.com\/www.alpakahof-hahn.at\/shop\/wp-content\/uploads\/2020\/11\/10040_alpaka-freizeit-socken-gruen-02-damen-herren-stricksocken_6er_pack.jpg?fit=791%2C1200&ssl=1&resize=350%2C200 1x, https:\/\/i0.wp.com\/www.alpakahof-hahn.at\/shop\/wp-content\/uploads\/2020\/11\/10040_alpaka-freizeit-socken-gruen-02-damen-herren-stricksocken_6er_pack.jpg?fit=791%2C1200&ssl=1&resize=525%2C300 1.5x, https:\/\/i0.wp.com\/www.alpakahof-hahn.at\/shop\/wp-content\/uploads\/2020\/11\/10040_alpaka-freizeit-socken-gruen-02-damen-herren-stricksocken_6er_pack.jpg?fit=791%2C1200&ssl=1&resize=700%2C400 2x"},"classes":[]},{"id":47698,"url":"https:\/\/www.alpakahof-hahn.at\/shop\/produkt\/alpaka-freizeit-socken-sand\/","url_meta":{"origin":35006,"position":1},"title":"Alpaka Freizeit-Socken Sand","author":"Manuel Hahn","date":"25. Oktober 2023","format":false,"excerpt":"Diese Strick-Alpaka Socken sind ideal f\u00fcr jeder Freizeitaktivit\u00e4t. - Material: 52% Alpaka 18% Wolle 17% Acryl 11% Nylon 2% Elasthan - atmungsaktiv - flauschig und zart zur Haut - auch f\u00fcr Rheumatiker optimal - f\u00fcr Menschen mit Neurodermitis geeignet - anti-allergen - Hersteller Apu Kuntur Zus\u00e4tzliche Informationen: Die Alpaka Socken\u2026","rel":"","context":"\u00c4hnlicher Beitrag","block_context":{"text":"\u00c4hnlicher Beitrag","link":""},"img":{"alt_text":"","src":"https:\/\/i0.wp.com\/www.alpakahof-hahn.at\/shop\/wp-content\/uploads\/2023\/02\/alpaka-socken-freizeit-6er-pack-aus-alpaka-wolle-mix.jpg?fit=527%2C800&ssl=1&resize=350%2C200","width":350,"height":200,"srcset":"https:\/\/i0.wp.com\/www.alpakahof-hahn.at\/shop\/wp-content\/uploads\/2023\/02\/alpaka-socken-freizeit-6er-pack-aus-alpaka-wolle-mix.jpg?fit=527%2C800&ssl=1&resize=350%2C200 1x, https:\/\/i0.wp.com\/www.alpakahof-hahn.at\/shop\/wp-content\/uploads\/2023\/02\/alpaka-socken-freizeit-6er-pack-aus-alpaka-wolle-mix.jpg?fit=527%2C800&ssl=1&resize=525%2C300 1.5x"},"classes":[]},{"id":4514,"url":"https:\/\/www.alpakahof-hahn.at\/shop\/produkt\/alpaka-trekking-socken-damen-herren\/","url_meta":{"origin":35006,"position":2},"title":"Alpaka Trekking Socken &#8211; Damen &#038; Herren","author":"Manuel Hahn","date":"1. Mai 2017","format":false,"excerpt":"Ein echter Allrounder unter den Socken! Diese Trekking Socken sind geeignet f\u00fcr drinnen und drau\u00dfen. Durch die ausgew\u00e4hlte Woll-Kombination sind wohlig warme F\u00fc\u00dfe garantiert, w\u00e4hrend l\u00e4stige Schwei\u00dfbildung verhindert wird.\u00a0Ideal f\u00fcr lange Berg- und Wandertouren, ausgedehnte Spazierg\u00e4nge oder beim Wintersport! \u00a0 \u2013 Atmungsaktiv und klimaregulierend: Keine Schwei\u00dff\u00fc\u00dfe mehr! \u2013 feines Rippenstrickb\u00fcndchen\u2026","rel":"","context":"\u00c4hnlicher Beitrag","block_context":{"text":"\u00c4hnlicher Beitrag","link":""},"img":{"alt_text":"","src":"https:\/\/i0.wp.com\/www.alpakahof-hahn.at\/shop\/wp-content\/uploads\/2017\/05\/10044-alpaka-trekking-outdoor-socken-stru%CC%88mpfe-stutzen-wandern-apu-kuntur-schwarz-grau-01.jpg?fit=527%2C800&ssl=1&resize=350%2C200","width":350,"height":200,"srcset":"https:\/\/i0.wp.com\/www.alpakahof-hahn.at\/shop\/wp-content\/uploads\/2017\/05\/10044-alpaka-trekking-outdoor-socken-stru%CC%88mpfe-stutzen-wandern-apu-kuntur-schwarz-grau-01.jpg?fit=527%2C800&ssl=1&resize=350%2C200 1x, https:\/\/i0.wp.com\/www.alpakahof-hahn.at\/shop\/wp-content\/uploads\/2017\/05\/10044-alpaka-trekking-outdoor-socken-stru%CC%88mpfe-stutzen-wandern-apu-kuntur-schwarz-grau-01.jpg?fit=527%2C800&ssl=1&resize=525%2C300 1.5x"},"classes":[]},{"id":5096,"url":"https:\/\/www.alpakahof-hahn.at\/shop\/produkt\/alpaka-business-socken-grau\/","url_meta":{"origin":35006,"position":3},"title":"Alpaka Business Socken grau","author":"Manuel Hahn","date":"24. Juli 2017","format":false,"excerpt":"Diese Business Socken in hochwertiger Fasermischung sind besonders strapazierf\u00e4hig und zeichnen sich durch einen hohen Tragekomfort aus. Daher sind diese Socken auch ideal f\u00fcr Arzt-, Schwestern- oder Gesundheit\u2019s-Socken f\u00fcr alle, die im medizinischen Bereich und im Krankenhaus arbeiten, geeignet. Durch den gerignen Anteil an Lanolin (Wollfett) in der Alpaka-Faser, ist\u2026","rel":"","context":"\u00c4hnlicher Beitrag","block_context":{"text":"\u00c4hnlicher Beitrag","link":""},"img":{"alt_text":"","src":"https:\/\/i0.wp.com\/www.alpakahof-hahn.at\/shop\/wp-content\/uploads\/2017\/07\/alpaka-business-socken-grau-1.jpg?fit=526%2C800&ssl=1&resize=350%2C200","width":350,"height":200,"srcset":"https:\/\/i0.wp.com\/www.alpakahof-hahn.at\/shop\/wp-content\/uploads\/2017\/07\/alpaka-business-socken-grau-1.jpg?fit=526%2C800&ssl=1&resize=350%2C200 1x, https:\/\/i0.wp.com\/www.alpakahof-hahn.at\/shop\/wp-content\/uploads\/2017\/07\/alpaka-business-socken-grau-1.jpg?fit=526%2C800&ssl=1&resize=525%2C300 1.5x"},"classes":[]},{"id":4528,"url":"https:\/\/www.alpakahof-hahn.at\/shop\/produkt\/alpaka-business-socken-dunkelgrau\/","url_meta":{"origin":35006,"position":4},"title":"Alpaka Business Socken dunkelgrau","author":"Manuel Hahn","date":"1. Mai 2017","format":false,"excerpt":"Diese Business Socken in hochwertiger Fasermischung sind besonders strapazierf\u00e4hig und zeichnen sich durch einen hohen Tragekomfort aus. Daher sind diese Socken auch ideal f\u00fcr Arzt-, Schwestern- oder Gesundheit\u2019s-Socken f\u00fcr alle, die im medizinischen Bereich und im Krankenhaus arbeiten, geeignet. Durch den gerignen Anteil an Lanolin (Wollfett) in der Alpaka-Faser, ist\u2026","rel":"","context":"\u00c4hnlicher Beitrag","block_context":{"text":"\u00c4hnlicher Beitrag","link":""},"img":{"alt_text":"","src":"https:\/\/i0.wp.com\/www.alpakahof-hahn.at\/shop\/wp-content\/uploads\/2017\/05\/10007-business-socken-alpaka-damen-herren-apu-kuntur-dunkel-grau-02.jpg?fit=527%2C800&ssl=1&resize=350%2C200","width":350,"height":200,"srcset":"https:\/\/i0.wp.com\/www.alpakahof-hahn.at\/shop\/wp-content\/uploads\/2017\/05\/10007-business-socken-alpaka-damen-herren-apu-kuntur-dunkel-grau-02.jpg?fit=527%2C800&ssl=1&resize=350%2C200 1x, https:\/\/i0.wp.com\/www.alpakahof-hahn.at\/shop\/wp-content\/uploads\/2017\/05\/10007-business-socken-alpaka-damen-herren-apu-kuntur-dunkel-grau-02.jpg?fit=527%2C800&ssl=1&resize=525%2C300 1.5x"},"classes":[]},{"id":5371,"url":"https:\/\/www.alpakahof-hahn.at\/shop\/produkt\/alpaka-arbeitssocken-silbergrau\/","url_meta":{"origin":35006,"position":5},"title":"Alpaka Softsocken silbergrau","author":"Manuel Hahn","date":"16. Oktober 2018","format":false,"excerpt":"Diese Socken sind ideal f\u00fcr den Einsatz im medizinischen Bereich, wie z.B. f\u00fcr \u00c4rzte, Pfleger, Krankenschwestern, da sie mit ihrem schlichten Aussehen und ihrer optimalen Faser-Zusammensetzung alle Anspr\u00fcche an eine Arzt-Socke erf\u00fcllen. Gerade auch bei Handwerkern beliebt sorgen diese Alpaka-Socken f\u00fcr warme F\u00fc\u00dfe, w\u00e4hrend die Schwei\u00dfbildung verhindert wird. Alpaka-Fasern wirken\u2026","rel":"","context":"\u00c4hnlicher Beitrag","block_context":{"text":"\u00c4hnlicher Beitrag","link":""},"img":{"alt_text":"","src":"https:\/\/i0.wp.com\/www.alpakahof-hahn.at\/shop\/wp-content\/uploads\/2018\/10\/10013-soft-socken-alpaka-damen-herren-apu-kuntur-silber-grau-01a.jpg?fit=475%2C720&ssl=1&resize=350%2C200","width":350,"height":200},"classes":[]}],"_links":{"self":[{"href":"https:\/\/www.alpakahof-hahn.at\/shop\/wp-json\/wp\/v2\/product\/35006","targetHints":{"allow":["GET"]}}],"collection":[{"href":"https:\/\/www.alpakahof-hahn.at\/shop\/wp-json\/wp\/v2\/product"}],"about":[{"href":"https:\/\/www.alpakahof-hahn.at\/shop\/wp-json\/wp\/v2\/types\/product"}],"wp:featuredmedia":[{"embeddable":true,"href":"https:\/\/www.alpakahof-hahn.at\/shop\/wp-json\/wp\/v2\/media\/35029"}],"wp:attachment":[{"href":"https:\/\/www.alpakahof-hahn.at\/shop\/wp-json\/wp\/v2\/media?parent=35006"}],"wp:term":[{"taxonomy":"brand","embeddable":true,"href":"https:\/\/www.alpakahof-hahn.at\/shop\/wp-json\/wp\/v2\/etheme_brands?post=35006"},{"taxonomy":"product_brand","embeddable":true,"href":"https:\/\/www.alpakahof-hahn.at\/shop\/wp-json\/wp\/v2\/product_brand?post=35006"},{"taxonomy":"product_cat","embeddable":true,"href":"https:\/\/www.alpakahof-hahn.at\/shop\/wp-json\/wp\/v2\/product_cat?post=35006"},{"taxonomy":"product_tag","embeddable":true,"href":"https:\/\/www.alpakahof-hahn.at\/shop\/wp-json\/wp\/v2\/product_tag?post=35006"}],"curies":[{"name":"wp","href":"https:\/\/api.w.org\/{rel}","templated":true}]}}