{"id":33347,"date":"2020-11-17T09:25:02","date_gmt":"2020-11-17T08:25:02","guid":{"rendered":"https:\/\/www.alpakahof-hahn.at\/shop\/?post_type=product&#038;p=33347"},"modified":"2023-10-27T08:23:43","modified_gmt":"2023-10-27T06:23:43","slug":"alpaka-tasse-das-leben-ist-kein-alpakahof","status":"publish","type":"product","link":"https:\/\/www.alpakahof-hahn.at\/shop\/produkt\/alpaka-tasse-das-leben-ist-kein-alpakahof\/","title":{"rendered":"Alpaka Tasse &#8220;Das Leben ist kein Alpakahof&#8221;"},"content":{"rendered":"","protected":false},"excerpt":{"rendered":"<p>F\u00fcr jeden Alpaka-Fan ist diese robuste Emaille-Tasse aus Blech ein Muss. Diese wei\u00dfe Tasse mit schwarzem Rand ist das perfektes Geschenk sondern f\u00fcr Gro\u00df und Klein &#8211; lustiger Alpaka-Spruch inklusive. Egal ob zu Hause, beim Pick-Nick oder beim Wandern &#8211; diese robuste Tasse ist des perfekte Begleiter f\u00fcr dich und deine Lieben.<\/p>\n<p>Fassungsverm\u00f6gen: 300ml<br \/>\nGewicht: 130g<br \/>\nMaterial: Blech<br \/>\nH\u00f6he: 8cm<br \/>\nBreite inkl. Rand: 9cm<\/p>\n<p>&nbsp;<\/p>\n","protected":false},"featured_media":33356,"template":"","meta":{"jetpack_post_was_ever_published":false,"jetpack_publicize_message":"","jetpack_publicize_feature_enabled":true,"jetpack_social_post_already_shared":true,"jetpack_social_options":{"image_generator_settings":{"template":"highway","default_image_id":0,"font":"","enabled":false},"version":2}},"etheme_brands":[],"product_brand":[],"product_cat":[139],"product_tag":[],"class_list":{"0":"post-33347","1":"product","2":"type-product","3":"status-publish","4":"has-post-thumbnail","6":"product_cat-fuer-alpaka-fans","8":"first","9":"outofstock","10":"taxable","11":"shipping-taxable","12":"purchasable","13":"product-type-simple"},"supplier_id":null,"supplier_sku":"","barcode":null,"atum_controlled":true,"out_stock_date":"2023-10-27 06:23:44","out_stock_threshold":null,"inheritable":false,"inbound_stock":0,"stock_on_hold":0,"sold_today":0,"sales_last_days":0,"reserved_stock":0,"customer_returns":0,"warehouse_damage":0,"lost_in_post":0,"other_logs":0,"out_stock_days":919,"lost_sales":0,"has_location":false,"update_date":"2026-05-03T10:17:08","atum_locations":[],"atum_stock_status":"outofstock","restock_status":false,"low_stock_amount":"","sales_update_date":"2026-05-03T10:17:07","calc_backorders":null,"yoast_head":"<!-- This site is optimized with the Yoast SEO plugin v26.5 - https:\/\/yoast.com\/wordpress\/plugins\/seo\/ -->\n<title>Alpaka Tasse &quot;Das Leben ist kein Alpakahof&quot; - Alpaka Online-Shop<\/title>\n<meta name=\"robots\" content=\"index, follow, max-snippet:-1, max-image-preview:large, max-video-preview:-1\" \/>\n<link rel=\"canonical\" href=\"https:\/\/www.alpakahof-hahn.at\/shop\/produkt\/alpaka-tasse-das-leben-ist-kein-alpakahof\/\" \/>\n<meta name=\"twitter:card\" content=\"summary_large_image\" \/>\n<meta name=\"twitter:title\" content=\"Alpaka Tasse &quot;Das Leben ist kein Alpakahof&quot; - Alpaka Online-Shop\" \/>\n<meta name=\"twitter:description\" content=\"F\u00fcr jeden Alpaka-Fan ist diese robuste Emaille-Tasse aus Blech ein Muss. Diese wei\u00dfe Tasse mit schwarzem Rand ist das perfektes Geschenk sondern f\u00fcr Gro\u00df und Klein - lustiger Alpaka-Spruch inklusive. Egal ob zu Hause, beim Pick-Nick oder beim Wandern - diese robuste Tasse ist des perfekte Begleiter f\u00fcr dich und deine Lieben.  Fassungsverm\u00f6gen: 300ml Gewicht: 130g Material: Blech H\u00f6he: 8cm Breite inkl. Rand: 9cm  &nbsp;\" \/>\n<meta name=\"twitter:image\" content=\"https:\/\/i0.wp.com\/www.alpakahof-hahn.at\/shop\/wp-content\/uploads\/2020\/11\/alpakahof-hahn-emaille-tasse-das-leben-ist-kein-alpakahof.jpg?fit=800%2C800&ssl=1\" \/>\n<script type=\"application\/ld+json\" class=\"yoast-schema-graph\">{\"@context\":\"https:\/\/schema.org\",\"@graph\":[{\"@type\":\"WebPage\",\"@id\":\"https:\/\/www.alpakahof-hahn.at\/shop\/produkt\/alpaka-tasse-das-leben-ist-kein-alpakahof\/\",\"url\":\"https:\/\/www.alpakahof-hahn.at\/shop\/produkt\/alpaka-tasse-das-leben-ist-kein-alpakahof\/\",\"name\":\"Alpaka Tasse \\\"Das Leben ist kein Alpakahof\\\" - Alpaka Online-Shop\",\"isPartOf\":{\"@id\":\"https:\/\/www.alpakahof-hahn.at\/shop\/#website\"},\"primaryImageOfPage\":{\"@id\":\"https:\/\/www.alpakahof-hahn.at\/shop\/produkt\/alpaka-tasse-das-leben-ist-kein-alpakahof\/#primaryimage\"},\"image\":{\"@id\":\"https:\/\/www.alpakahof-hahn.at\/shop\/produkt\/alpaka-tasse-das-leben-ist-kein-alpakahof\/#primaryimage\"},\"thumbnailUrl\":\"https:\/\/i0.wp.com\/www.alpakahof-hahn.at\/shop\/wp-content\/uploads\/2020\/11\/alpakahof-hahn-emaille-tasse-das-leben-ist-kein-alpakahof.jpg?fit=800%2C800&ssl=1\",\"datePublished\":\"2020-11-17T08:25:02+00:00\",\"dateModified\":\"2023-10-27T06:23:43+00:00\",\"breadcrumb\":{\"@id\":\"https:\/\/www.alpakahof-hahn.at\/shop\/produkt\/alpaka-tasse-das-leben-ist-kein-alpakahof\/#breadcrumb\"},\"inLanguage\":\"de\",\"potentialAction\":[{\"@type\":\"ReadAction\",\"target\":[\"https:\/\/www.alpakahof-hahn.at\/shop\/produkt\/alpaka-tasse-das-leben-ist-kein-alpakahof\/\"]}]},{\"@type\":\"ImageObject\",\"inLanguage\":\"de\",\"@id\":\"https:\/\/www.alpakahof-hahn.at\/shop\/produkt\/alpaka-tasse-das-leben-ist-kein-alpakahof\/#primaryimage\",\"url\":\"https:\/\/i0.wp.com\/www.alpakahof-hahn.at\/shop\/wp-content\/uploads\/2020\/11\/alpakahof-hahn-emaille-tasse-das-leben-ist-kein-alpakahof.jpg?fit=800%2C800&ssl=1\",\"contentUrl\":\"https:\/\/i0.wp.com\/www.alpakahof-hahn.at\/shop\/wp-content\/uploads\/2020\/11\/alpakahof-hahn-emaille-tasse-das-leben-ist-kein-alpakahof.jpg?fit=800%2C800&ssl=1\",\"width\":800,\"height\":800},{\"@type\":\"BreadcrumbList\",\"@id\":\"https:\/\/www.alpakahof-hahn.at\/shop\/produkt\/alpaka-tasse-das-leben-ist-kein-alpakahof\/#breadcrumb\",\"itemListElement\":[{\"@type\":\"ListItem\",\"position\":1,\"name\":\"Shop\",\"item\":\"https:\/\/www.alpakahof-hahn.at\/shop\/\"},{\"@type\":\"ListItem\",\"position\":2,\"name\":\"Shop\",\"item\":\"https:\/\/www.alpakahof-hahn.at\/shop\/shop\/\"},{\"@type\":\"ListItem\",\"position\":3,\"name\":\"Alpaka Tasse &#8222;Das Leben ist kein Alpakahof&#8220;\"}]},{\"@type\":\"WebSite\",\"@id\":\"https:\/\/www.alpakahof-hahn.at\/shop\/#website\",\"url\":\"https:\/\/www.alpakahof-hahn.at\/shop\/\",\"name\":\"Alpaka Online-Shop\",\"description\":\"Der Hofladen der Familie Hahn\",\"potentialAction\":[{\"@type\":\"SearchAction\",\"target\":{\"@type\":\"EntryPoint\",\"urlTemplate\":\"https:\/\/www.alpakahof-hahn.at\/shop\/?s={search_term_string}\"},\"query-input\":{\"@type\":\"PropertyValueSpecification\",\"valueRequired\":true,\"valueName\":\"search_term_string\"}}],\"inLanguage\":\"de\"}]}<\/script>\n<!-- \/ Yoast SEO plugin. -->","yoast_head_json":{"title":"Alpaka Tasse \"Das Leben ist kein Alpakahof\" - Alpaka Online-Shop","robots":{"index":"index","follow":"follow","max-snippet":"max-snippet:-1","max-image-preview":"max-image-preview:large","max-video-preview":"max-video-preview:-1"},"canonical":"https:\/\/www.alpakahof-hahn.at\/shop\/produkt\/alpaka-tasse-das-leben-ist-kein-alpakahof\/","twitter_card":"summary_large_image","twitter_title":"Alpaka Tasse \"Das Leben ist kein Alpakahof\" - Alpaka Online-Shop","twitter_description":"F\u00fcr jeden Alpaka-Fan ist diese robuste Emaille-Tasse aus Blech ein Muss. Diese wei\u00dfe Tasse mit schwarzem Rand ist das perfektes Geschenk sondern f\u00fcr Gro\u00df und Klein - lustiger Alpaka-Spruch inklusive. Egal ob zu Hause, beim Pick-Nick oder beim Wandern - diese robuste Tasse ist des perfekte Begleiter f\u00fcr dich und deine Lieben.  Fassungsverm\u00f6gen: 300ml Gewicht: 130g Material: Blech H\u00f6he: 8cm Breite inkl. Rand: 9cm  &nbsp;","twitter_image":"https:\/\/i0.wp.com\/www.alpakahof-hahn.at\/shop\/wp-content\/uploads\/2020\/11\/alpakahof-hahn-emaille-tasse-das-leben-ist-kein-alpakahof.jpg?fit=800%2C800&ssl=1","schema":{"@context":"https:\/\/schema.org","@graph":[{"@type":"WebPage","@id":"https:\/\/www.alpakahof-hahn.at\/shop\/produkt\/alpaka-tasse-das-leben-ist-kein-alpakahof\/","url":"https:\/\/www.alpakahof-hahn.at\/shop\/produkt\/alpaka-tasse-das-leben-ist-kein-alpakahof\/","name":"Alpaka Tasse \"Das Leben ist kein Alpakahof\" - Alpaka Online-Shop","isPartOf":{"@id":"https:\/\/www.alpakahof-hahn.at\/shop\/#website"},"primaryImageOfPage":{"@id":"https:\/\/www.alpakahof-hahn.at\/shop\/produkt\/alpaka-tasse-das-leben-ist-kein-alpakahof\/#primaryimage"},"image":{"@id":"https:\/\/www.alpakahof-hahn.at\/shop\/produkt\/alpaka-tasse-das-leben-ist-kein-alpakahof\/#primaryimage"},"thumbnailUrl":"https:\/\/i0.wp.com\/www.alpakahof-hahn.at\/shop\/wp-content\/uploads\/2020\/11\/alpakahof-hahn-emaille-tasse-das-leben-ist-kein-alpakahof.jpg?fit=800%2C800&ssl=1","datePublished":"2020-11-17T08:25:02+00:00","dateModified":"2023-10-27T06:23:43+00:00","breadcrumb":{"@id":"https:\/\/www.alpakahof-hahn.at\/shop\/produkt\/alpaka-tasse-das-leben-ist-kein-alpakahof\/#breadcrumb"},"inLanguage":"de","potentialAction":[{"@type":"ReadAction","target":["https:\/\/www.alpakahof-hahn.at\/shop\/produkt\/alpaka-tasse-das-leben-ist-kein-alpakahof\/"]}]},{"@type":"ImageObject","inLanguage":"de","@id":"https:\/\/www.alpakahof-hahn.at\/shop\/produkt\/alpaka-tasse-das-leben-ist-kein-alpakahof\/#primaryimage","url":"https:\/\/i0.wp.com\/www.alpakahof-hahn.at\/shop\/wp-content\/uploads\/2020\/11\/alpakahof-hahn-emaille-tasse-das-leben-ist-kein-alpakahof.jpg?fit=800%2C800&ssl=1","contentUrl":"https:\/\/i0.wp.com\/www.alpakahof-hahn.at\/shop\/wp-content\/uploads\/2020\/11\/alpakahof-hahn-emaille-tasse-das-leben-ist-kein-alpakahof.jpg?fit=800%2C800&ssl=1","width":800,"height":800},{"@type":"BreadcrumbList","@id":"https:\/\/www.alpakahof-hahn.at\/shop\/produkt\/alpaka-tasse-das-leben-ist-kein-alpakahof\/#breadcrumb","itemListElement":[{"@type":"ListItem","position":1,"name":"Shop","item":"https:\/\/www.alpakahof-hahn.at\/shop\/"},{"@type":"ListItem","position":2,"name":"Shop","item":"https:\/\/www.alpakahof-hahn.at\/shop\/shop\/"},{"@type":"ListItem","position":3,"name":"Alpaka Tasse &#8222;Das Leben ist kein Alpakahof&#8220;"}]},{"@type":"WebSite","@id":"https:\/\/www.alpakahof-hahn.at\/shop\/#website","url":"https:\/\/www.alpakahof-hahn.at\/shop\/","name":"Alpaka Online-Shop","description":"Der Hofladen der Familie Hahn","potentialAction":[{"@type":"SearchAction","target":{"@type":"EntryPoint","urlTemplate":"https:\/\/www.alpakahof-hahn.at\/shop\/?s={search_term_string}"},"query-input":{"@type":"PropertyValueSpecification","valueRequired":true,"valueName":"search_term_string"}}],"inLanguage":"de"}]}},"jetpack_publicize_connections":[],"jetpack_sharing_enabled":true,"jetpack-related-posts":[{"id":5358,"url":"https:\/\/www.alpakahof-hahn.at\/shop\/produkt\/alpaka-wolle-grau\/","url_meta":{"origin":33347,"position":0},"title":"Alpaka-Wolle graut\u00f6ne","author":"Manuel Hahn","date":"16. Oktober 2018","format":false,"excerpt":"Diese vierfach gezwirnte Alpaka-Socken-Wolle f\u00fcr die Nadel-St\u00e4rke 2,5 zeichnet sich durch fr\u00f6hliche Farb-Kombinationen und durch eine robuste, jedoch komfortable Faser-Kombination aus.\u00a0 Sie ist hervorragend geeignet zum Stricken und H\u00e4keln von Socken, Str\u00fcmpfen oder Hausschuhen oder auch von Accessoires wie Bein-Stulpen, welche besonders widerstandsf\u00e4hig und doch angenehm, warm und atmungsaktiv sein\u2026","rel":"","context":"\u00c4hnlicher Beitrag","block_context":{"text":"\u00c4hnlicher Beitrag","link":""},"img":{"alt_text":"","src":"https:\/\/i0.wp.com\/www.alpakahof-hahn.at\/shop\/wp-content\/uploads\/2018\/10\/15055-alpaka-wolle-grau.jpg?fit=1200%2C1037&ssl=1&resize=350%2C200","width":350,"height":200,"srcset":"https:\/\/i0.wp.com\/www.alpakahof-hahn.at\/shop\/wp-content\/uploads\/2018\/10\/15055-alpaka-wolle-grau.jpg?fit=1200%2C1037&ssl=1&resize=350%2C200 1x, https:\/\/i0.wp.com\/www.alpakahof-hahn.at\/shop\/wp-content\/uploads\/2018\/10\/15055-alpaka-wolle-grau.jpg?fit=1200%2C1037&ssl=1&resize=525%2C300 1.5x, https:\/\/i0.wp.com\/www.alpakahof-hahn.at\/shop\/wp-content\/uploads\/2018\/10\/15055-alpaka-wolle-grau.jpg?fit=1200%2C1037&ssl=1&resize=700%2C400 2x, https:\/\/i0.wp.com\/www.alpakahof-hahn.at\/shop\/wp-content\/uploads\/2018\/10\/15055-alpaka-wolle-grau.jpg?fit=1200%2C1037&ssl=1&resize=1050%2C600 3x"},"classes":[]},{"id":5353,"url":"https:\/\/www.alpakahof-hahn.at\/shop\/produkt\/alpaka-wolle-gelb-gruen\/","url_meta":{"origin":33347,"position":1},"title":"Alpaka-Wolle gelb-gruen","author":"Manuel Hahn","date":"16. Oktober 2018","format":false,"excerpt":"Diese vierfach gezwirnte Alpaka-Socken-Wolle f\u00fcr die Nadel-St\u00e4rke 2,5 zeichnet sich durch fr\u00f6hliche Farb-Kombinationen und durch eine robuste, jedoch komfortable Faser-Kombination aus.\u00a0 Sie ist hervorragend geeignet zum Stricken und H\u00e4keln von Socken, Str\u00fcmpfen oder Hausschuhen oder auch von Accessoires wie Bein-Stulpen, welche besonders widerstandsf\u00e4hig und doch angenehm, warm und atmungsaktiv sein\u2026","rel":"","context":"\u00c4hnlicher Beitrag","block_context":{"text":"\u00c4hnlicher Beitrag","link":""},"img":{"alt_text":"","src":"https:\/\/i0.wp.com\/www.alpakahof-hahn.at\/shop\/wp-content\/uploads\/2018\/10\/alpaka-wolle-gruen-gelb.jpg?fit=1200%2C1018&ssl=1&resize=350%2C200","width":350,"height":200,"srcset":"https:\/\/i0.wp.com\/www.alpakahof-hahn.at\/shop\/wp-content\/uploads\/2018\/10\/alpaka-wolle-gruen-gelb.jpg?fit=1200%2C1018&ssl=1&resize=350%2C200 1x, https:\/\/i0.wp.com\/www.alpakahof-hahn.at\/shop\/wp-content\/uploads\/2018\/10\/alpaka-wolle-gruen-gelb.jpg?fit=1200%2C1018&ssl=1&resize=525%2C300 1.5x, https:\/\/i0.wp.com\/www.alpakahof-hahn.at\/shop\/wp-content\/uploads\/2018\/10\/alpaka-wolle-gruen-gelb.jpg?fit=1200%2C1018&ssl=1&resize=700%2C400 2x, https:\/\/i0.wp.com\/www.alpakahof-hahn.at\/shop\/wp-content\/uploads\/2018\/10\/alpaka-wolle-gruen-gelb.jpg?fit=1200%2C1018&ssl=1&resize=1050%2C600 3x"},"classes":[]},{"id":5356,"url":"https:\/\/www.alpakahof-hahn.at\/shop\/produkt\/alpaka-wolle-kupfer-orange\/","url_meta":{"origin":33347,"position":2},"title":"Alpaka-Wolle kupfer-orange","author":"Manuel Hahn","date":"16. Oktober 2018","format":false,"excerpt":"Diese vierfach gezwirnte Alpaka-Socken-Wolle f\u00fcr die Nadel-St\u00e4rke 2,5 zeichnet sich durch fr\u00f6hliche Farb-Kombinationen und durch eine robuste, jedoch komfortable Faser-Kombination aus.\u00a0 Sie ist hervorragend geeignet zum Stricken und H\u00e4keln von Socken, Str\u00fcmpfen oder Hausschuhen oder auch von Accessoires wie Bein-Stulpen, welche besonders widerstandsf\u00e4hig und doch angenehm, warm und atmungsaktiv sein\u2026","rel":"","context":"\u00c4hnlicher Beitrag","block_context":{"text":"\u00c4hnlicher Beitrag","link":""},"img":{"alt_text":"","src":"https:\/\/i0.wp.com\/www.alpakahof-hahn.at\/shop\/wp-content\/uploads\/2018\/10\/15055-alpaka-wolle-kupfer-orange.jpg?fit=1200%2C1056&ssl=1&resize=350%2C200","width":350,"height":200,"srcset":"https:\/\/i0.wp.com\/www.alpakahof-hahn.at\/shop\/wp-content\/uploads\/2018\/10\/15055-alpaka-wolle-kupfer-orange.jpg?fit=1200%2C1056&ssl=1&resize=350%2C200 1x, https:\/\/i0.wp.com\/www.alpakahof-hahn.at\/shop\/wp-content\/uploads\/2018\/10\/15055-alpaka-wolle-kupfer-orange.jpg?fit=1200%2C1056&ssl=1&resize=525%2C300 1.5x, https:\/\/i0.wp.com\/www.alpakahof-hahn.at\/shop\/wp-content\/uploads\/2018\/10\/15055-alpaka-wolle-kupfer-orange.jpg?fit=1200%2C1056&ssl=1&resize=700%2C400 2x, https:\/\/i0.wp.com\/www.alpakahof-hahn.at\/shop\/wp-content\/uploads\/2018\/10\/15055-alpaka-wolle-kupfer-orange.jpg?fit=1200%2C1056&ssl=1&resize=1050%2C600 3x"},"classes":[]},{"id":5361,"url":"https:\/\/www.alpakahof-hahn.at\/shop\/produkt\/alpaka-wolle-violett-lila\/","url_meta":{"origin":33347,"position":3},"title":"Alpaka-Wolle violett-lila","author":"Manuel Hahn","date":"16. Oktober 2018","format":false,"excerpt":"Diese vierfach gezwirnte Alpaka-Socken-Wolle f\u00fcr die Nadel-St\u00e4rke 2,5 zeichnet sich durch fr\u00f6hliche Farb-Kombinationen und durch eine robuste, jedoch komfortable Faser-Kombination aus.\u00a0 Sie ist hervorragend geeignet zum Stricken und H\u00e4keln von Socken, Str\u00fcmpfen oder Hausschuhen oder auch von Accessoires wie Bein-Stulpen, welche besonders widerstandsf\u00e4hig und doch angenehm, warm und atmungsaktiv sein\u2026","rel":"","context":"\u00c4hnlicher Beitrag","block_context":{"text":"\u00c4hnlicher Beitrag","link":""},"img":{"alt_text":"","src":"https:\/\/i0.wp.com\/www.alpakahof-hahn.at\/shop\/wp-content\/uploads\/2018\/10\/alpaka-wolle-lila-violett.jpg?fit=1200%2C1047&ssl=1&resize=350%2C200","width":350,"height":200,"srcset":"https:\/\/i0.wp.com\/www.alpakahof-hahn.at\/shop\/wp-content\/uploads\/2018\/10\/alpaka-wolle-lila-violett.jpg?fit=1200%2C1047&ssl=1&resize=350%2C200 1x, https:\/\/i0.wp.com\/www.alpakahof-hahn.at\/shop\/wp-content\/uploads\/2018\/10\/alpaka-wolle-lila-violett.jpg?fit=1200%2C1047&ssl=1&resize=525%2C300 1.5x, https:\/\/i0.wp.com\/www.alpakahof-hahn.at\/shop\/wp-content\/uploads\/2018\/10\/alpaka-wolle-lila-violett.jpg?fit=1200%2C1047&ssl=1&resize=700%2C400 2x, https:\/\/i0.wp.com\/www.alpakahof-hahn.at\/shop\/wp-content\/uploads\/2018\/10\/alpaka-wolle-lila-violett.jpg?fit=1200%2C1047&ssl=1&resize=1050%2C600 3x"},"classes":[]},{"id":47105,"url":"https:\/\/www.alpakahof-hahn.at\/shop\/produkt\/alpaka-haube-jagd-grau\/","url_meta":{"origin":33347,"position":4},"title":"Alpaka-Haube JAGD grau","author":"Manuel Hahn","date":"26. Oktober 2022","format":false,"excerpt":"Diese tolle und zeitlose M\u00fctze ist ideal f\u00fcr den Herren, denn Sie ist modisch, dezent, warm und trotzdem chic. Ein Allrounder der Sie im Alltag begleitet - bei Wind und Wetter kann man sich auf diese M\u00fctze verlassen. Durch das gewalkte Alpaka-Vlies ist diese Haube robust und w\u00e4rmend zugleich. -\u2026","rel":"","context":"\u00c4hnlicher Beitrag","block_context":{"text":"\u00c4hnlicher Beitrag","link":""},"img":{"alt_text":"","src":"https:\/\/i0.wp.com\/www.alpakahof-hahn.at\/shop\/wp-content\/uploads\/2022\/10\/alpaka-muetze-filz-grau-1-alpakahof-hahn.jpg?fit=475%2C720&ssl=1&resize=350%2C200","width":350,"height":200},"classes":[]},{"id":48135,"url":"https:\/\/www.alpakahof-hahn.at\/shop\/produkt\/alpaka-wendemuetze-petrol-meliert\/","url_meta":{"origin":33347,"position":5},"title":"Alpaka-Wendem\u00fctze petrol-tuerkis meliert","author":"Manuel Hahn","date":"28. April 2024","format":false,"excerpt":"Der Name is Programm! Dieses h\u00fcbsche St\u00fcck ist wendbar und somit beidseitig tragbar. Somit passt diese Haube zu jedem Outfit: Ob schlicht, elegant oder sportlich, ob bunt oder zur\u00fcckhaltend. Ob als Haube, als Skim\u00fctze, als Sportm\u00fctze oder zum City-Outfit - diese M\u00fctze ist vielseitig einsetzbar und spendet wohlige W\u00e4rme! \u00a0\u2026","rel":"","context":"\u00c4hnlicher Beitrag","block_context":{"text":"\u00c4hnlicher Beitrag","link":""},"img":{"alt_text":"","src":"https:\/\/i0.wp.com\/www.alpakahof-hahn.at\/shop\/wp-content\/uploads\/2024\/04\/alpaka-wendemtze-aus-100-baby-alpaka.webp?fit=928%2C1200&ssl=1&resize=350%2C200","width":350,"height":200,"srcset":"https:\/\/i0.wp.com\/www.alpakahof-hahn.at\/shop\/wp-content\/uploads\/2024\/04\/alpaka-wendemtze-aus-100-baby-alpaka.webp?fit=928%2C1200&ssl=1&resize=350%2C200 1x, https:\/\/i0.wp.com\/www.alpakahof-hahn.at\/shop\/wp-content\/uploads\/2024\/04\/alpaka-wendemtze-aus-100-baby-alpaka.webp?fit=928%2C1200&ssl=1&resize=525%2C300 1.5x, https:\/\/i0.wp.com\/www.alpakahof-hahn.at\/shop\/wp-content\/uploads\/2024\/04\/alpaka-wendemtze-aus-100-baby-alpaka.webp?fit=928%2C1200&ssl=1&resize=700%2C400 2x"},"classes":[]}],"_links":{"self":[{"href":"https:\/\/www.alpakahof-hahn.at\/shop\/wp-json\/wp\/v2\/product\/33347","targetHints":{"allow":["GET"]}}],"collection":[{"href":"https:\/\/www.alpakahof-hahn.at\/shop\/wp-json\/wp\/v2\/product"}],"about":[{"href":"https:\/\/www.alpakahof-hahn.at\/shop\/wp-json\/wp\/v2\/types\/product"}],"wp:featuredmedia":[{"embeddable":true,"href":"https:\/\/www.alpakahof-hahn.at\/shop\/wp-json\/wp\/v2\/media\/33356"}],"wp:attachment":[{"href":"https:\/\/www.alpakahof-hahn.at\/shop\/wp-json\/wp\/v2\/media?parent=33347"}],"wp:term":[{"taxonomy":"brand","embeddable":true,"href":"https:\/\/www.alpakahof-hahn.at\/shop\/wp-json\/wp\/v2\/etheme_brands?post=33347"},{"taxonomy":"product_brand","embeddable":true,"href":"https:\/\/www.alpakahof-hahn.at\/shop\/wp-json\/wp\/v2\/product_brand?post=33347"},{"taxonomy":"product_cat","embeddable":true,"href":"https:\/\/www.alpakahof-hahn.at\/shop\/wp-json\/wp\/v2\/product_cat?post=33347"},{"taxonomy":"product_tag","embeddable":true,"href":"https:\/\/www.alpakahof-hahn.at\/shop\/wp-json\/wp\/v2\/product_tag?post=33347"}],"curies":[{"name":"wp","href":"https:\/\/api.w.org\/{rel}","templated":true}]}}