{"id":33054,"date":"2020-11-15T22:18:37","date_gmt":"2020-11-15T21:18:37","guid":{"rendered":"https:\/\/www.alpakahof-hahn.at\/shop\/?post_type=product&#038;p=33054"},"modified":"2025-11-17T18:58:45","modified_gmt":"2025-11-17T17:58:45","slug":"alpaka-haube-gefuettert-gelia","status":"publish","type":"product","link":"https:\/\/www.alpakahof-hahn.at\/shop\/produkt\/alpaka-haube-gefuettert-gelia\/","title":{"rendered":"Alpaka GELIA Haube gef\u00fcttert"},"content":{"rendered":"","protected":false},"excerpt":{"rendered":"<div class=\"short-description\">\n<p>Diese Alpaka Haube aus feiner Baby Alpaka Wolle.<\/p>\n<p>\u2013 Material: 100% Alpaka (Baby Alpaka)<br \/>\n\u2013 Futter: 100% Baumwolle<br \/>\n\u2013 Teil der Serie GELIA<br \/>\n\u2013 hervorragende Passform<br \/>\n\u2013 top-modischer aufwendiger Jacquard-Strick<\/p>\n<\/div>\n<form class=\"variations_form cart\" action=\"https:\/\/www.alpakahof-hahn.at\/shop\/produkt\/alpaka-haube-gefuettert-rot\/\" enctype=\"multipart\/form-data\" method=\"post\" data-product_id=\"31357\" data-product_variations=\"[]\"><\/form>\n","protected":false},"featured_media":31360,"template":"","meta":{"jetpack_post_was_ever_published":false,"jetpack_publicize_message":"","jetpack_publicize_feature_enabled":true,"jetpack_social_post_already_shared":true,"jetpack_social_options":{"image_generator_settings":{"template":"highway","default_image_id":0,"font":"","enabled":false},"version":2}},"etheme_brands":[],"product_brand":[],"product_cat":[75],"product_tag":[],"class_list":{"0":"post-33054","1":"product","2":"type-product","3":"status-publish","4":"has-post-thumbnail","6":"product_cat-hauben","8":"first","9":"instock","10":"taxable","11":"shipping-taxable","12":"purchasable","13":"product-type-variable"},"supplier_id":null,"supplier_sku":"","barcode":null,"atum_controlled":true,"out_stock_date":null,"out_stock_threshold":null,"inheritable":true,"inbound_stock":0,"stock_on_hold":0,"sold_today":0,"sales_last_days":0,"reserved_stock":0,"customer_returns":0,"warehouse_damage":0,"lost_in_post":0,"other_logs":0,"out_stock_days":0,"lost_sales":0,"has_location":false,"update_date":"2026-04-23T09:11:17","atum_locations":[],"atum_stock_status":"instock","restock_status":false,"low_stock_amount":"","sales_update_date":"2026-04-23T09:11:17","calc_backorders":null,"yoast_head":"<!-- This site is optimized with the Yoast SEO plugin v26.5 - https:\/\/yoast.com\/wordpress\/plugins\/seo\/ -->\n<title>Alpaka GELIA Haube gef\u00fcttert - Alpaka Online-Shop<\/title>\n<meta name=\"robots\" content=\"index, follow, max-snippet:-1, max-image-preview:large, max-video-preview:-1\" \/>\n<link rel=\"canonical\" href=\"https:\/\/www.alpakahof-hahn.at\/shop\/produkt\/alpaka-haube-gefuettert-gelia\/\" \/>\n<meta name=\"twitter:card\" content=\"summary_large_image\" \/>\n<meta name=\"twitter:title\" content=\"Alpaka GELIA Haube gef\u00fcttert - Alpaka Online-Shop\" \/>\n<meta name=\"twitter:description\" content=\"Diese Alpaka Haube aus feiner Baby Alpaka Wolle.  \u2013 Material: 100% Alpaka (Baby Alpaka) \u2013 Futter: 100% Baumwolle \u2013 Teil der Serie GELIA \u2013 hervorragende Passform \u2013 top-modischer aufwendiger Jacquard-Strick\" \/>\n<meta name=\"twitter:image\" content=\"https:\/\/i0.wp.com\/www.alpakahof-hahn.at\/shop\/wp-content\/uploads\/2020\/11\/alpaka-haube-rot-alpakahof-hahn1.jpg?fit=600%2C600&ssl=1\" \/>\n<script type=\"application\/ld+json\" class=\"yoast-schema-graph\">{\"@context\":\"https:\/\/schema.org\",\"@graph\":[{\"@type\":\"WebPage\",\"@id\":\"https:\/\/www.alpakahof-hahn.at\/shop\/produkt\/alpaka-haube-gefuettert-gelia\/\",\"url\":\"https:\/\/www.alpakahof-hahn.at\/shop\/produkt\/alpaka-haube-gefuettert-gelia\/\",\"name\":\"Alpaka GELIA Haube gef\u00fcttert - Alpaka Online-Shop\",\"isPartOf\":{\"@id\":\"https:\/\/www.alpakahof-hahn.at\/shop\/#website\"},\"primaryImageOfPage\":{\"@id\":\"https:\/\/www.alpakahof-hahn.at\/shop\/produkt\/alpaka-haube-gefuettert-gelia\/#primaryimage\"},\"image\":{\"@id\":\"https:\/\/www.alpakahof-hahn.at\/shop\/produkt\/alpaka-haube-gefuettert-gelia\/#primaryimage\"},\"thumbnailUrl\":\"https:\/\/i0.wp.com\/www.alpakahof-hahn.at\/shop\/wp-content\/uploads\/2020\/11\/alpaka-haube-rot-alpakahof-hahn1.jpg?fit=600%2C600&ssl=1\",\"datePublished\":\"2020-11-15T21:18:37+00:00\",\"dateModified\":\"2025-11-17T17:58:45+00:00\",\"breadcrumb\":{\"@id\":\"https:\/\/www.alpakahof-hahn.at\/shop\/produkt\/alpaka-haube-gefuettert-gelia\/#breadcrumb\"},\"inLanguage\":\"de\",\"potentialAction\":[{\"@type\":\"ReadAction\",\"target\":[\"https:\/\/www.alpakahof-hahn.at\/shop\/produkt\/alpaka-haube-gefuettert-gelia\/\"]}]},{\"@type\":\"ImageObject\",\"inLanguage\":\"de\",\"@id\":\"https:\/\/www.alpakahof-hahn.at\/shop\/produkt\/alpaka-haube-gefuettert-gelia\/#primaryimage\",\"url\":\"https:\/\/i0.wp.com\/www.alpakahof-hahn.at\/shop\/wp-content\/uploads\/2020\/11\/alpaka-haube-rot-alpakahof-hahn1.jpg?fit=600%2C600&ssl=1\",\"contentUrl\":\"https:\/\/i0.wp.com\/www.alpakahof-hahn.at\/shop\/wp-content\/uploads\/2020\/11\/alpaka-haube-rot-alpakahof-hahn1.jpg?fit=600%2C600&ssl=1\",\"width\":600,\"height\":600},{\"@type\":\"BreadcrumbList\",\"@id\":\"https:\/\/www.alpakahof-hahn.at\/shop\/produkt\/alpaka-haube-gefuettert-gelia\/#breadcrumb\",\"itemListElement\":[{\"@type\":\"ListItem\",\"position\":1,\"name\":\"Shop\",\"item\":\"https:\/\/www.alpakahof-hahn.at\/shop\/\"},{\"@type\":\"ListItem\",\"position\":2,\"name\":\"Shop\",\"item\":\"https:\/\/www.alpakahof-hahn.at\/shop\/shop\/\"},{\"@type\":\"ListItem\",\"position\":3,\"name\":\"Alpaka GELIA Haube gef\u00fcttert\"}]},{\"@type\":\"WebSite\",\"@id\":\"https:\/\/www.alpakahof-hahn.at\/shop\/#website\",\"url\":\"https:\/\/www.alpakahof-hahn.at\/shop\/\",\"name\":\"Alpaka Online-Shop\",\"description\":\"Der Hofladen der Familie Hahn\",\"potentialAction\":[{\"@type\":\"SearchAction\",\"target\":{\"@type\":\"EntryPoint\",\"urlTemplate\":\"https:\/\/www.alpakahof-hahn.at\/shop\/?s={search_term_string}\"},\"query-input\":{\"@type\":\"PropertyValueSpecification\",\"valueRequired\":true,\"valueName\":\"search_term_string\"}}],\"inLanguage\":\"de\"}]}<\/script>\n<!-- \/ Yoast SEO plugin. -->","yoast_head_json":{"title":"Alpaka GELIA Haube gef\u00fcttert - Alpaka Online-Shop","robots":{"index":"index","follow":"follow","max-snippet":"max-snippet:-1","max-image-preview":"max-image-preview:large","max-video-preview":"max-video-preview:-1"},"canonical":"https:\/\/www.alpakahof-hahn.at\/shop\/produkt\/alpaka-haube-gefuettert-gelia\/","twitter_card":"summary_large_image","twitter_title":"Alpaka GELIA Haube gef\u00fcttert - Alpaka Online-Shop","twitter_description":"Diese Alpaka Haube aus feiner Baby Alpaka Wolle.  \u2013 Material: 100% Alpaka (Baby Alpaka) \u2013 Futter: 100% Baumwolle \u2013 Teil der Serie GELIA \u2013 hervorragende Passform \u2013 top-modischer aufwendiger Jacquard-Strick","twitter_image":"https:\/\/i0.wp.com\/www.alpakahof-hahn.at\/shop\/wp-content\/uploads\/2020\/11\/alpaka-haube-rot-alpakahof-hahn1.jpg?fit=600%2C600&ssl=1","schema":{"@context":"https:\/\/schema.org","@graph":[{"@type":"WebPage","@id":"https:\/\/www.alpakahof-hahn.at\/shop\/produkt\/alpaka-haube-gefuettert-gelia\/","url":"https:\/\/www.alpakahof-hahn.at\/shop\/produkt\/alpaka-haube-gefuettert-gelia\/","name":"Alpaka GELIA Haube gef\u00fcttert - Alpaka Online-Shop","isPartOf":{"@id":"https:\/\/www.alpakahof-hahn.at\/shop\/#website"},"primaryImageOfPage":{"@id":"https:\/\/www.alpakahof-hahn.at\/shop\/produkt\/alpaka-haube-gefuettert-gelia\/#primaryimage"},"image":{"@id":"https:\/\/www.alpakahof-hahn.at\/shop\/produkt\/alpaka-haube-gefuettert-gelia\/#primaryimage"},"thumbnailUrl":"https:\/\/i0.wp.com\/www.alpakahof-hahn.at\/shop\/wp-content\/uploads\/2020\/11\/alpaka-haube-rot-alpakahof-hahn1.jpg?fit=600%2C600&ssl=1","datePublished":"2020-11-15T21:18:37+00:00","dateModified":"2025-11-17T17:58:45+00:00","breadcrumb":{"@id":"https:\/\/www.alpakahof-hahn.at\/shop\/produkt\/alpaka-haube-gefuettert-gelia\/#breadcrumb"},"inLanguage":"de","potentialAction":[{"@type":"ReadAction","target":["https:\/\/www.alpakahof-hahn.at\/shop\/produkt\/alpaka-haube-gefuettert-gelia\/"]}]},{"@type":"ImageObject","inLanguage":"de","@id":"https:\/\/www.alpakahof-hahn.at\/shop\/produkt\/alpaka-haube-gefuettert-gelia\/#primaryimage","url":"https:\/\/i0.wp.com\/www.alpakahof-hahn.at\/shop\/wp-content\/uploads\/2020\/11\/alpaka-haube-rot-alpakahof-hahn1.jpg?fit=600%2C600&ssl=1","contentUrl":"https:\/\/i0.wp.com\/www.alpakahof-hahn.at\/shop\/wp-content\/uploads\/2020\/11\/alpaka-haube-rot-alpakahof-hahn1.jpg?fit=600%2C600&ssl=1","width":600,"height":600},{"@type":"BreadcrumbList","@id":"https:\/\/www.alpakahof-hahn.at\/shop\/produkt\/alpaka-haube-gefuettert-gelia\/#breadcrumb","itemListElement":[{"@type":"ListItem","position":1,"name":"Shop","item":"https:\/\/www.alpakahof-hahn.at\/shop\/"},{"@type":"ListItem","position":2,"name":"Shop","item":"https:\/\/www.alpakahof-hahn.at\/shop\/shop\/"},{"@type":"ListItem","position":3,"name":"Alpaka GELIA Haube gef\u00fcttert"}]},{"@type":"WebSite","@id":"https:\/\/www.alpakahof-hahn.at\/shop\/#website","url":"https:\/\/www.alpakahof-hahn.at\/shop\/","name":"Alpaka Online-Shop","description":"Der Hofladen der Familie Hahn","potentialAction":[{"@type":"SearchAction","target":{"@type":"EntryPoint","urlTemplate":"https:\/\/www.alpakahof-hahn.at\/shop\/?s={search_term_string}"},"query-input":{"@type":"PropertyValueSpecification","valueRequired":true,"valueName":"search_term_string"}}],"inLanguage":"de"}]}},"jetpack_publicize_connections":[],"jetpack_sharing_enabled":true,"jetpack-related-posts":[{"id":46137,"url":"https:\/\/www.alpakahof-hahn.at\/shop\/produkt\/alpaka-haube-fuchsie\/","url_meta":{"origin":33054,"position":0},"title":"Alpaka-Haube fuchsie","author":"Manuel Hahn","date":"24. November 2021","format":false,"excerpt":"Unsere sportliche Haube ist der perfekte Begleiter f\u00fcr den t\u00e4glichen Sport - winterdichtes Innenfutter, leichtes Gewicht und optimales Tragegef\u00fchl inklusive. - Material: 50% Alpaka (Baby Alpaka) 45% Wolle 5% Nylon - Futter: 100% Baumwolle - f\u00fcr Damen und Herren - angenehm zum tragen - w\u00e4rmt hervorragend - das ideale Geschenk\u2026","rel":"","context":"\u00c4hnlicher Beitrag","block_context":{"text":"\u00c4hnlicher Beitrag","link":""},"img":{"alt_text":"","src":"https:\/\/i0.wp.com\/www.alpakahof-hahn.at\/shop\/wp-content\/uploads\/2021\/11\/Alpaka-Haube-fuchsie-Alpakahof-Hahn-2.jpg?fit=1080%2C1080&ssl=1&resize=350%2C200","width":350,"height":200,"srcset":"https:\/\/i0.wp.com\/www.alpakahof-hahn.at\/shop\/wp-content\/uploads\/2021\/11\/Alpaka-Haube-fuchsie-Alpakahof-Hahn-2.jpg?fit=1080%2C1080&ssl=1&resize=350%2C200 1x, https:\/\/i0.wp.com\/www.alpakahof-hahn.at\/shop\/wp-content\/uploads\/2021\/11\/Alpaka-Haube-fuchsie-Alpakahof-Hahn-2.jpg?fit=1080%2C1080&ssl=1&resize=525%2C300 1.5x, https:\/\/i0.wp.com\/www.alpakahof-hahn.at\/shop\/wp-content\/uploads\/2021\/11\/Alpaka-Haube-fuchsie-Alpakahof-Hahn-2.jpg?fit=1080%2C1080&ssl=1&resize=700%2C400 2x, https:\/\/i0.wp.com\/www.alpakahof-hahn.at\/shop\/wp-content\/uploads\/2021\/11\/Alpaka-Haube-fuchsie-Alpakahof-Hahn-2.jpg?fit=1080%2C1080&ssl=1&resize=1050%2C600 3x"},"classes":[]},{"id":46682,"url":"https:\/\/www.alpakahof-hahn.at\/shop\/produkt\/alpaka-haube-blau\/","url_meta":{"origin":33054,"position":1},"title":"Alpaka-Haube SPORT blau","author":"Manuel Hahn","date":"15. Dezember 2021","format":false,"excerpt":"Unsere sportliche Haube ist der perfekte Begleiter f\u00fcr den t\u00e4glichen Sport - winterdichtes Innenfutter, leichtes Gewicht und optimales Tragegef\u00fchl inklusive. - Material: 50% Alpaka (Baby Alpaka) 45% Wolle 5% Nylon - Futter: 100% Baumwolle - f\u00fcr Damen und Herren - angenehm zum tragen - w\u00e4rmt hervorragend - das ideale Geschenk\u2026","rel":"","context":"\u00c4hnlicher Beitrag","block_context":{"text":"\u00c4hnlicher Beitrag","link":""},"img":{"alt_text":"","src":"https:\/\/i0.wp.com\/www.alpakahof-hahn.at\/shop\/wp-content\/uploads\/2021\/12\/Alpaka-Haube-blau-Alpakahof-Hahn-2.jpg?fit=1080%2C1080&ssl=1&resize=350%2C200","width":350,"height":200,"srcset":"https:\/\/i0.wp.com\/www.alpakahof-hahn.at\/shop\/wp-content\/uploads\/2021\/12\/Alpaka-Haube-blau-Alpakahof-Hahn-2.jpg?fit=1080%2C1080&ssl=1&resize=350%2C200 1x, https:\/\/i0.wp.com\/www.alpakahof-hahn.at\/shop\/wp-content\/uploads\/2021\/12\/Alpaka-Haube-blau-Alpakahof-Hahn-2.jpg?fit=1080%2C1080&ssl=1&resize=525%2C300 1.5x, https:\/\/i0.wp.com\/www.alpakahof-hahn.at\/shop\/wp-content\/uploads\/2021\/12\/Alpaka-Haube-blau-Alpakahof-Hahn-2.jpg?fit=1080%2C1080&ssl=1&resize=700%2C400 2x, https:\/\/i0.wp.com\/www.alpakahof-hahn.at\/shop\/wp-content\/uploads\/2021\/12\/Alpaka-Haube-blau-Alpakahof-Hahn-2.jpg?fit=1080%2C1080&ssl=1&resize=1050%2C600 3x"},"classes":[]},{"id":47105,"url":"https:\/\/www.alpakahof-hahn.at\/shop\/produkt\/alpaka-haube-jagd-grau\/","url_meta":{"origin":33054,"position":2},"title":"Alpaka-Haube JAGD grau","author":"Manuel Hahn","date":"26. Oktober 2022","format":false,"excerpt":"Diese tolle und zeitlose M\u00fctze ist ideal f\u00fcr den Herren, denn Sie ist modisch, dezent, warm und trotzdem chic. Ein Allrounder der Sie im Alltag begleitet - bei Wind und Wetter kann man sich auf diese M\u00fctze verlassen. Durch das gewalkte Alpaka-Vlies ist diese Haube robust und w\u00e4rmend zugleich. -\u2026","rel":"","context":"\u00c4hnlicher Beitrag","block_context":{"text":"\u00c4hnlicher Beitrag","link":""},"img":{"alt_text":"","src":"https:\/\/i0.wp.com\/www.alpakahof-hahn.at\/shop\/wp-content\/uploads\/2022\/10\/alpaka-muetze-filz-grau-1-alpakahof-hahn.jpg?fit=475%2C720&ssl=1&resize=350%2C200","width":350,"height":200},"classes":[]},{"id":31060,"url":"https:\/\/www.alpakahof-hahn.at\/shop\/produkt\/alpaka-rippenstrick-muetze-grau\/","url_meta":{"origin":33054,"position":3},"title":"Alpaka Rippenstrick M\u00fctze grau","author":"Manuel Hahn","date":"4. November 2020","format":false,"excerpt":"Diese Alpaka Haube aus feiner Baby Alpaka Wolle mit dehnbarem Rippenstrick passt zu jedem Anlass. - Material: 100% Alpaka (Baby Alpaka) - tolle Passform durch Rippenstrick - reine Naturfaser - unisex: f\u00fcr Damen und Herren","rel":"","context":"\u00c4hnlicher Beitrag","block_context":{"text":"\u00c4hnlicher Beitrag","link":""},"img":{"alt_text":"","src":"https:\/\/i0.wp.com\/www.alpakahof-hahn.at\/shop\/wp-content\/uploads\/2020\/11\/alpaka-ripp-muetze-grau-alpakahof-hahn2.jpg?fit=600%2C600&ssl=1&resize=350%2C200","width":350,"height":200,"srcset":"https:\/\/i0.wp.com\/www.alpakahof-hahn.at\/shop\/wp-content\/uploads\/2020\/11\/alpaka-ripp-muetze-grau-alpakahof-hahn2.jpg?fit=600%2C600&ssl=1&resize=350%2C200 1x, https:\/\/i0.wp.com\/www.alpakahof-hahn.at\/shop\/wp-content\/uploads\/2020\/11\/alpaka-ripp-muetze-grau-alpakahof-hahn2.jpg?fit=600%2C600&ssl=1&resize=525%2C300 1.5x"},"classes":[]},{"id":8906,"url":"https:\/\/www.alpakahof-hahn.at\/shop\/produkt\/alpaka-rippenstrick-muetze\/","url_meta":{"origin":33054,"position":4},"title":"Alpaka Rippenstrick M\u00fctze schwarz","author":"Manuel Hahn","date":"16. Januar 2020","format":false,"excerpt":"Diese Alpaka Haube aus feiner Baby Alpaka Wolle mit dehnbarem Rippenstrick passt zu jedem Anlass. - Material: 100% Alpaka (Baby Alpaka) - tolle Passform durch Rippenstrick - reine Naturfaser - unisex: f\u00fcr Damen und Herren","rel":"","context":"\u00c4hnlicher Beitrag","block_context":{"text":"\u00c4hnlicher Beitrag","link":""},"img":{"alt_text":"","src":"https:\/\/i0.wp.com\/www.alpakahof-hahn.at\/shop\/wp-content\/uploads\/2020\/01\/alpaka-haube-ripp-schwarz-alpakahof-hahn1.jpg?fit=600%2C600&ssl=1&resize=350%2C200","width":350,"height":200,"srcset":"https:\/\/i0.wp.com\/www.alpakahof-hahn.at\/shop\/wp-content\/uploads\/2020\/01\/alpaka-haube-ripp-schwarz-alpakahof-hahn1.jpg?fit=600%2C600&ssl=1&resize=350%2C200 1x, https:\/\/i0.wp.com\/www.alpakahof-hahn.at\/shop\/wp-content\/uploads\/2020\/01\/alpaka-haube-ripp-schwarz-alpakahof-hahn1.jpg?fit=600%2C600&ssl=1&resize=525%2C300 1.5x"},"classes":[]},{"id":46073,"url":"https:\/\/www.alpakahof-hahn.at\/shop\/produkt\/wollstrick-haube-purpur\/","url_meta":{"origin":33054,"position":5},"title":"Wollstrick Haube purpur","author":"Manuel Hahn","date":"23. November 2021","format":false,"excerpt":"Besteht aus 100% Baby Alpaka. Eine Haube, die f\u00fcr jeden Anlass passt, wohlig warm h\u00e4lt und durch den Rippenstrickbund perfekt sitzt. Gr\u00f6\u00dfe: One Size Farbe: Purpur Hersteller: Apu Kuntur, Peru","rel":"","context":"\u00c4hnlicher Beitrag","block_context":{"text":"\u00c4hnlicher Beitrag","link":""},"img":{"alt_text":"","src":"https:\/\/i0.wp.com\/www.alpakahof-hahn.at\/shop\/wp-content\/uploads\/2021\/11\/Alpaka-Haube-Wollstrick-purpur-Alpakahof-Hahn-1.jpg?fit=1080%2C1080&ssl=1&resize=350%2C200","width":350,"height":200,"srcset":"https:\/\/i0.wp.com\/www.alpakahof-hahn.at\/shop\/wp-content\/uploads\/2021\/11\/Alpaka-Haube-Wollstrick-purpur-Alpakahof-Hahn-1.jpg?fit=1080%2C1080&ssl=1&resize=350%2C200 1x, https:\/\/i0.wp.com\/www.alpakahof-hahn.at\/shop\/wp-content\/uploads\/2021\/11\/Alpaka-Haube-Wollstrick-purpur-Alpakahof-Hahn-1.jpg?fit=1080%2C1080&ssl=1&resize=525%2C300 1.5x, https:\/\/i0.wp.com\/www.alpakahof-hahn.at\/shop\/wp-content\/uploads\/2021\/11\/Alpaka-Haube-Wollstrick-purpur-Alpakahof-Hahn-1.jpg?fit=1080%2C1080&ssl=1&resize=700%2C400 2x, https:\/\/i0.wp.com\/www.alpakahof-hahn.at\/shop\/wp-content\/uploads\/2021\/11\/Alpaka-Haube-Wollstrick-purpur-Alpakahof-Hahn-1.jpg?fit=1080%2C1080&ssl=1&resize=1050%2C600 3x"},"classes":[]}],"_links":{"self":[{"href":"https:\/\/www.alpakahof-hahn.at\/shop\/wp-json\/wp\/v2\/product\/33054","targetHints":{"allow":["GET"]}}],"collection":[{"href":"https:\/\/www.alpakahof-hahn.at\/shop\/wp-json\/wp\/v2\/product"}],"about":[{"href":"https:\/\/www.alpakahof-hahn.at\/shop\/wp-json\/wp\/v2\/types\/product"}],"wp:featuredmedia":[{"embeddable":true,"href":"https:\/\/www.alpakahof-hahn.at\/shop\/wp-json\/wp\/v2\/media\/31360"}],"wp:attachment":[{"href":"https:\/\/www.alpakahof-hahn.at\/shop\/wp-json\/wp\/v2\/media?parent=33054"}],"wp:term":[{"taxonomy":"brand","embeddable":true,"href":"https:\/\/www.alpakahof-hahn.at\/shop\/wp-json\/wp\/v2\/etheme_brands?post=33054"},{"taxonomy":"product_brand","embeddable":true,"href":"https:\/\/www.alpakahof-hahn.at\/shop\/wp-json\/wp\/v2\/product_brand?post=33054"},{"taxonomy":"product_cat","embeddable":true,"href":"https:\/\/www.alpakahof-hahn.at\/shop\/wp-json\/wp\/v2\/product_cat?post=33054"},{"taxonomy":"product_tag","embeddable":true,"href":"https:\/\/www.alpakahof-hahn.at\/shop\/wp-json\/wp\/v2\/product_tag?post=33054"}],"curies":[{"name":"wp","href":"https:\/\/api.w.org\/{rel}","templated":true}]}}