{"id":29696,"date":"2020-10-27T10:55:36","date_gmt":"2020-10-27T09:55:36","guid":{"rendered":"https:\/\/www.alpakahof-hahn.at\/shop\/?post_type=product&#038;p=29696"},"modified":"2022-11-19T17:18:43","modified_gmt":"2022-11-19T16:18:43","slug":"mohn-schnaps-waldviertler-papaver","status":"publish","type":"product","link":"https:\/\/www.alpakahof-hahn.at\/shop\/produkt\/mohn-schnaps-waldviertler-papaver\/","title":{"rendered":"Mohn-Schnaps &#8211; Waldviertler Papaver &#8211; 100ml"},"content":{"rendered":"","protected":false},"excerpt":{"rendered":"<p>Inhalt: 100ml. Spirituose mit dem feinen Geschmack von Waldviertler Graumohn.<\/p>\n<p>Dieses Mohn-Schnaps wird vom <a href=\"https:\/\/www.mohnhof.at\/\" target=\"_blank\" rel=\"noopener noreferrer\">Mohnhof Gressl<\/a>\u00a0im Waldviertel produziert.<\/p>\n","protected":false},"featured_media":29697,"template":"","meta":{"jetpack_post_was_ever_published":false,"jetpack_publicize_message":"","jetpack_publicize_feature_enabled":true,"jetpack_social_post_already_shared":true,"jetpack_social_options":{"image_generator_settings":{"template":"highway","default_image_id":0,"font":"","enabled":false},"version":2}},"etheme_brands":[],"product_brand":[],"product_cat":[137],"product_tag":[],"class_list":{"0":"post-29696","1":"product","2":"type-product","3":"status-publish","4":"has-post-thumbnail","6":"product_cat-waldviertler-produkte","8":"first","9":"instock","10":"taxable","11":"shipping-taxable","12":"purchasable","13":"product-type-simple"},"supplier_id":null,"supplier_sku":"","barcode":null,"atum_controlled":true,"out_stock_date":null,"out_stock_threshold":null,"inheritable":false,"inbound_stock":0,"stock_on_hold":0,"sold_today":0,"sales_last_days":0,"reserved_stock":0,"customer_returns":0,"warehouse_damage":0,"lost_in_post":0,"other_logs":0,"out_stock_days":0,"lost_sales":0,"has_location":false,"update_date":"2026-05-13T11:06:57","atum_locations":[],"atum_stock_status":"instock","restock_status":false,"low_stock_amount":"","sales_update_date":"2026-05-13T11:06:57","calc_backorders":null,"yoast_head":"<!-- This site is optimized with the Yoast SEO plugin v26.5 - https:\/\/yoast.com\/wordpress\/plugins\/seo\/ -->\n<title>Mohn-Schnaps - Waldviertler Papaver - 100ml - Alpaka Online-Shop<\/title>\n<meta name=\"robots\" content=\"index, follow, max-snippet:-1, max-image-preview:large, max-video-preview:-1\" \/>\n<link rel=\"canonical\" href=\"https:\/\/www.alpakahof-hahn.at\/shop\/produkt\/mohn-schnaps-waldviertler-papaver\/\" \/>\n<meta name=\"twitter:card\" content=\"summary_large_image\" \/>\n<meta name=\"twitter:title\" content=\"Mohn-Schnaps - Waldviertler Papaver - 100ml - Alpaka Online-Shop\" \/>\n<meta name=\"twitter:description\" content=\"Inhalt: 100ml. Spirituose mit dem feinen Geschmack von Waldviertler Graumohn.  Dieses Mohn-Schnaps wird vom Mohnhof Gressl\u00a0im Waldviertel produziert.\" \/>\n<meta name=\"twitter:image\" content=\"https:\/\/i0.wp.com\/www.alpakahof-hahn.at\/shop\/wp-content\/uploads\/2020\/10\/waldviertler-mohn-papver-alpakahof-hahn.jpg?fit=1080%2C1080&ssl=1\" \/>\n<script type=\"application\/ld+json\" class=\"yoast-schema-graph\">{\"@context\":\"https:\/\/schema.org\",\"@graph\":[{\"@type\":\"WebPage\",\"@id\":\"https:\/\/www.alpakahof-hahn.at\/shop\/produkt\/mohn-schnaps-waldviertler-papaver\/\",\"url\":\"https:\/\/www.alpakahof-hahn.at\/shop\/produkt\/mohn-schnaps-waldviertler-papaver\/\",\"name\":\"Mohn-Schnaps - Waldviertler Papaver - 100ml - Alpaka Online-Shop\",\"isPartOf\":{\"@id\":\"https:\/\/www.alpakahof-hahn.at\/shop\/#website\"},\"primaryImageOfPage\":{\"@id\":\"https:\/\/www.alpakahof-hahn.at\/shop\/produkt\/mohn-schnaps-waldviertler-papaver\/#primaryimage\"},\"image\":{\"@id\":\"https:\/\/www.alpakahof-hahn.at\/shop\/produkt\/mohn-schnaps-waldviertler-papaver\/#primaryimage\"},\"thumbnailUrl\":\"https:\/\/i0.wp.com\/www.alpakahof-hahn.at\/shop\/wp-content\/uploads\/2020\/10\/waldviertler-mohn-papver-alpakahof-hahn.jpg?fit=1080%2C1080&ssl=1\",\"datePublished\":\"2020-10-27T09:55:36+00:00\",\"dateModified\":\"2022-11-19T16:18:43+00:00\",\"breadcrumb\":{\"@id\":\"https:\/\/www.alpakahof-hahn.at\/shop\/produkt\/mohn-schnaps-waldviertler-papaver\/#breadcrumb\"},\"inLanguage\":\"de\",\"potentialAction\":[{\"@type\":\"ReadAction\",\"target\":[\"https:\/\/www.alpakahof-hahn.at\/shop\/produkt\/mohn-schnaps-waldviertler-papaver\/\"]}]},{\"@type\":\"ImageObject\",\"inLanguage\":\"de\",\"@id\":\"https:\/\/www.alpakahof-hahn.at\/shop\/produkt\/mohn-schnaps-waldviertler-papaver\/#primaryimage\",\"url\":\"https:\/\/i0.wp.com\/www.alpakahof-hahn.at\/shop\/wp-content\/uploads\/2020\/10\/waldviertler-mohn-papver-alpakahof-hahn.jpg?fit=1080%2C1080&ssl=1\",\"contentUrl\":\"https:\/\/i0.wp.com\/www.alpakahof-hahn.at\/shop\/wp-content\/uploads\/2020\/10\/waldviertler-mohn-papver-alpakahof-hahn.jpg?fit=1080%2C1080&ssl=1\",\"width\":1080,\"height\":1080},{\"@type\":\"BreadcrumbList\",\"@id\":\"https:\/\/www.alpakahof-hahn.at\/shop\/produkt\/mohn-schnaps-waldviertler-papaver\/#breadcrumb\",\"itemListElement\":[{\"@type\":\"ListItem\",\"position\":1,\"name\":\"Shop\",\"item\":\"https:\/\/www.alpakahof-hahn.at\/shop\/\"},{\"@type\":\"ListItem\",\"position\":2,\"name\":\"Shop\",\"item\":\"https:\/\/www.alpakahof-hahn.at\/shop\/shop\/\"},{\"@type\":\"ListItem\",\"position\":3,\"name\":\"Mohn-Schnaps &#8211; Waldviertler Papaver &#8211; 100ml\"}]},{\"@type\":\"WebSite\",\"@id\":\"https:\/\/www.alpakahof-hahn.at\/shop\/#website\",\"url\":\"https:\/\/www.alpakahof-hahn.at\/shop\/\",\"name\":\"Alpaka Online-Shop\",\"description\":\"Der Hofladen der Familie Hahn\",\"potentialAction\":[{\"@type\":\"SearchAction\",\"target\":{\"@type\":\"EntryPoint\",\"urlTemplate\":\"https:\/\/www.alpakahof-hahn.at\/shop\/?s={search_term_string}\"},\"query-input\":{\"@type\":\"PropertyValueSpecification\",\"valueRequired\":true,\"valueName\":\"search_term_string\"}}],\"inLanguage\":\"de\"}]}<\/script>\n<!-- \/ Yoast SEO plugin. -->","yoast_head_json":{"title":"Mohn-Schnaps - Waldviertler Papaver - 100ml - Alpaka Online-Shop","robots":{"index":"index","follow":"follow","max-snippet":"max-snippet:-1","max-image-preview":"max-image-preview:large","max-video-preview":"max-video-preview:-1"},"canonical":"https:\/\/www.alpakahof-hahn.at\/shop\/produkt\/mohn-schnaps-waldviertler-papaver\/","twitter_card":"summary_large_image","twitter_title":"Mohn-Schnaps - Waldviertler Papaver - 100ml - Alpaka Online-Shop","twitter_description":"Inhalt: 100ml. Spirituose mit dem feinen Geschmack von Waldviertler Graumohn.  Dieses Mohn-Schnaps wird vom Mohnhof Gressl\u00a0im Waldviertel produziert.","twitter_image":"https:\/\/i0.wp.com\/www.alpakahof-hahn.at\/shop\/wp-content\/uploads\/2020\/10\/waldviertler-mohn-papver-alpakahof-hahn.jpg?fit=1080%2C1080&ssl=1","schema":{"@context":"https:\/\/schema.org","@graph":[{"@type":"WebPage","@id":"https:\/\/www.alpakahof-hahn.at\/shop\/produkt\/mohn-schnaps-waldviertler-papaver\/","url":"https:\/\/www.alpakahof-hahn.at\/shop\/produkt\/mohn-schnaps-waldviertler-papaver\/","name":"Mohn-Schnaps - Waldviertler Papaver - 100ml - Alpaka Online-Shop","isPartOf":{"@id":"https:\/\/www.alpakahof-hahn.at\/shop\/#website"},"primaryImageOfPage":{"@id":"https:\/\/www.alpakahof-hahn.at\/shop\/produkt\/mohn-schnaps-waldviertler-papaver\/#primaryimage"},"image":{"@id":"https:\/\/www.alpakahof-hahn.at\/shop\/produkt\/mohn-schnaps-waldviertler-papaver\/#primaryimage"},"thumbnailUrl":"https:\/\/i0.wp.com\/www.alpakahof-hahn.at\/shop\/wp-content\/uploads\/2020\/10\/waldviertler-mohn-papver-alpakahof-hahn.jpg?fit=1080%2C1080&ssl=1","datePublished":"2020-10-27T09:55:36+00:00","dateModified":"2022-11-19T16:18:43+00:00","breadcrumb":{"@id":"https:\/\/www.alpakahof-hahn.at\/shop\/produkt\/mohn-schnaps-waldviertler-papaver\/#breadcrumb"},"inLanguage":"de","potentialAction":[{"@type":"ReadAction","target":["https:\/\/www.alpakahof-hahn.at\/shop\/produkt\/mohn-schnaps-waldviertler-papaver\/"]}]},{"@type":"ImageObject","inLanguage":"de","@id":"https:\/\/www.alpakahof-hahn.at\/shop\/produkt\/mohn-schnaps-waldviertler-papaver\/#primaryimage","url":"https:\/\/i0.wp.com\/www.alpakahof-hahn.at\/shop\/wp-content\/uploads\/2020\/10\/waldviertler-mohn-papver-alpakahof-hahn.jpg?fit=1080%2C1080&ssl=1","contentUrl":"https:\/\/i0.wp.com\/www.alpakahof-hahn.at\/shop\/wp-content\/uploads\/2020\/10\/waldviertler-mohn-papver-alpakahof-hahn.jpg?fit=1080%2C1080&ssl=1","width":1080,"height":1080},{"@type":"BreadcrumbList","@id":"https:\/\/www.alpakahof-hahn.at\/shop\/produkt\/mohn-schnaps-waldviertler-papaver\/#breadcrumb","itemListElement":[{"@type":"ListItem","position":1,"name":"Shop","item":"https:\/\/www.alpakahof-hahn.at\/shop\/"},{"@type":"ListItem","position":2,"name":"Shop","item":"https:\/\/www.alpakahof-hahn.at\/shop\/shop\/"},{"@type":"ListItem","position":3,"name":"Mohn-Schnaps &#8211; Waldviertler Papaver &#8211; 100ml"}]},{"@type":"WebSite","@id":"https:\/\/www.alpakahof-hahn.at\/shop\/#website","url":"https:\/\/www.alpakahof-hahn.at\/shop\/","name":"Alpaka Online-Shop","description":"Der Hofladen der Familie Hahn","potentialAction":[{"@type":"SearchAction","target":{"@type":"EntryPoint","urlTemplate":"https:\/\/www.alpakahof-hahn.at\/shop\/?s={search_term_string}"},"query-input":{"@type":"PropertyValueSpecification","valueRequired":true,"valueName":"search_term_string"}}],"inLanguage":"de"}]}},"jetpack_publicize_connections":[],"jetpack_sharing_enabled":true,"jetpack-related-posts":[{"id":29687,"url":"https:\/\/www.alpakahof-hahn.at\/shop\/produkt\/mohn-eierlikoer\/","url_meta":{"origin":29696,"position":0},"title":"Mohn-Eierlik\u00f6r 250ml","author":"Manuel Hahn","date":"27. Oktober 2020","format":false,"excerpt":"Feiner cremiger Mohn Lik\u00f6r mit Eiern und gemahlenem Waldviertler Graumohn. Lik\u00f6r enth\u00e4lt Schlagobers! Inhalt: 250ml Dieses Mohn-Eierlik\u00f6r wird vom Mohnhof Gressl\u00a0im Waldviertel produziert.","rel":"","context":"\u00c4hnlicher Beitrag","block_context":{"text":"\u00c4hnlicher Beitrag","link":""},"img":{"alt_text":"","src":"https:\/\/i0.wp.com\/www.alpakahof-hahn.at\/shop\/wp-content\/uploads\/2020\/10\/waldviertler-eier-mohntraum-alpakahof-hahn.jpg?fit=1080%2C1080&ssl=1&resize=350%2C200","width":350,"height":200,"srcset":"https:\/\/i0.wp.com\/www.alpakahof-hahn.at\/shop\/wp-content\/uploads\/2020\/10\/waldviertler-eier-mohntraum-alpakahof-hahn.jpg?fit=1080%2C1080&ssl=1&resize=350%2C200 1x, https:\/\/i0.wp.com\/www.alpakahof-hahn.at\/shop\/wp-content\/uploads\/2020\/10\/waldviertler-eier-mohntraum-alpakahof-hahn.jpg?fit=1080%2C1080&ssl=1&resize=525%2C300 1.5x, https:\/\/i0.wp.com\/www.alpakahof-hahn.at\/shop\/wp-content\/uploads\/2020\/10\/waldviertler-eier-mohntraum-alpakahof-hahn.jpg?fit=1080%2C1080&ssl=1&resize=700%2C400 2x, https:\/\/i0.wp.com\/www.alpakahof-hahn.at\/shop\/wp-content\/uploads\/2020\/10\/waldviertler-eier-mohntraum-alpakahof-hahn.jpg?fit=1080%2C1080&ssl=1&resize=1050%2C600 3x"},"classes":[]},{"id":29698,"url":"https:\/\/www.alpakahof-hahn.at\/shop\/produkt\/mohn-senf\/","url_meta":{"origin":29696,"position":1},"title":"Mohn-Senf 130g","author":"Manuel Hahn","date":"27. Oktober 2020","format":false,"excerpt":"Inhalt: 130g. Milder, feiner Senf mit Apfel und Honig der durch den Waldviertler Graumohn optisch und geschmacklich eine besondere Note bekommt. Zutaten: Wasser,\u00a0Senfsaat, Honig, Weingeistessig, Apfelsaft, getrocknete \u00c4pfel (5%), Zucker, Mohn (4%), Mohn\u00f6l (4%), Apfelessig,\u00a0 Salz, Kr\u00e4uter, Gew\u00fcrze, S\u00fc\u00dfungsmittel: Saccarin, Farbstoff E101 Dieser Mohn-Senf wird vom Mohnhof Gressl\u00a0im Waldviertel produziert.","rel":"","context":"\u00c4hnlicher Beitrag","block_context":{"text":"\u00c4hnlicher Beitrag","link":""},"img":{"alt_text":"","src":"https:\/\/i0.wp.com\/www.alpakahof-hahn.at\/shop\/wp-content\/uploads\/2020\/10\/waldviertler-mohn-senf-alpakahof-hahn.jpg?fit=1080%2C1080&ssl=1&resize=350%2C200","width":350,"height":200,"srcset":"https:\/\/i0.wp.com\/www.alpakahof-hahn.at\/shop\/wp-content\/uploads\/2020\/10\/waldviertler-mohn-senf-alpakahof-hahn.jpg?fit=1080%2C1080&ssl=1&resize=350%2C200 1x, https:\/\/i0.wp.com\/www.alpakahof-hahn.at\/shop\/wp-content\/uploads\/2020\/10\/waldviertler-mohn-senf-alpakahof-hahn.jpg?fit=1080%2C1080&ssl=1&resize=525%2C300 1.5x, https:\/\/i0.wp.com\/www.alpakahof-hahn.at\/shop\/wp-content\/uploads\/2020\/10\/waldviertler-mohn-senf-alpakahof-hahn.jpg?fit=1080%2C1080&ssl=1&resize=700%2C400 2x, https:\/\/i0.wp.com\/www.alpakahof-hahn.at\/shop\/wp-content\/uploads\/2020\/10\/waldviertler-mohn-senf-alpakahof-hahn.jpg?fit=1080%2C1080&ssl=1&resize=1050%2C600 3x"},"classes":[]},{"id":29694,"url":"https:\/\/www.alpakahof-hahn.at\/shop\/produkt\/mohn-honig\/","url_meta":{"origin":29696,"position":2},"title":"Mohn-Honig 300g","author":"Manuel Hahn","date":"27. Oktober 2020","format":false,"excerpt":"Der Waldviertler Mohnhonig ist ein echter Rapscremehonig. Er ist herrlich cremig und zeichnet sich durch einen hohen Traubenzuckergehalt aus. Somit bleibt er immer streichf\u00e4hig ohne zu rinnnen. Der Waldvierlter Graumohn g.U. verleiht ihm eine besondere, unverwechselbare Geschmacksnote. Ideal als Brotaufstrich und auch bei Kindern sehr beliebt. Inhalt: 300g Zutaten: Rapscremehonig\u2026","rel":"","context":"\u00c4hnlicher Beitrag","block_context":{"text":"\u00c4hnlicher Beitrag","link":""},"img":{"alt_text":"","src":"https:\/\/i0.wp.com\/www.alpakahof-hahn.at\/shop\/wp-content\/uploads\/2020\/10\/waldviertler-mohn-honig-alpakahof-hahn.jpg?fit=1080%2C1080&ssl=1&resize=350%2C200","width":350,"height":200,"srcset":"https:\/\/i0.wp.com\/www.alpakahof-hahn.at\/shop\/wp-content\/uploads\/2020\/10\/waldviertler-mohn-honig-alpakahof-hahn.jpg?fit=1080%2C1080&ssl=1&resize=350%2C200 1x, https:\/\/i0.wp.com\/www.alpakahof-hahn.at\/shop\/wp-content\/uploads\/2020\/10\/waldviertler-mohn-honig-alpakahof-hahn.jpg?fit=1080%2C1080&ssl=1&resize=525%2C300 1.5x, https:\/\/i0.wp.com\/www.alpakahof-hahn.at\/shop\/wp-content\/uploads\/2020\/10\/waldviertler-mohn-honig-alpakahof-hahn.jpg?fit=1080%2C1080&ssl=1&resize=700%2C400 2x, https:\/\/i0.wp.com\/www.alpakahof-hahn.at\/shop\/wp-content\/uploads\/2020\/10\/waldviertler-mohn-honig-alpakahof-hahn.jpg?fit=1080%2C1080&ssl=1&resize=1050%2C600 3x"},"classes":[]},{"id":29683,"url":"https:\/\/www.alpakahof-hahn.at\/shop\/produkt\/mohn-pesto\/","url_meta":{"origin":29696,"position":3},"title":"Mohn-Pesto 120g","author":"Manuel Hahn","date":"27. Oktober 2020","format":false,"excerpt":"Hervorragendes Pesto f\u00fcr Nudel- und Fleischgerichte sowie zum Verfeinern, oder einfach klassisch auf Sandwich und Brot. Inhalt:120g Zutaten: Mohn\u00f6l (23%), Raps\u00f6l, Graumohn (17%),\u00a0Parmesan,\u00a0Pinienkerne, Chilipaste Vor W\u00e4rme und Licht gesch\u00fctzt lagern. Nach dem \u00d6ffnen gek\u00fchlt bei 2 bis 4 Grad lagern und innerhalb von 10 Tagen verbrauchen. Dieses Mohnpesto wird vom\u2026","rel":"","context":"\u00c4hnlicher Beitrag","block_context":{"text":"\u00c4hnlicher Beitrag","link":""},"img":{"alt_text":"","src":"https:\/\/i0.wp.com\/www.alpakahof-hahn.at\/shop\/wp-content\/uploads\/2020\/10\/waldviertler-mohn-pesto-alpakahof-hahn.jpg?fit=1080%2C1080&ssl=1&resize=350%2C200","width":350,"height":200,"srcset":"https:\/\/i0.wp.com\/www.alpakahof-hahn.at\/shop\/wp-content\/uploads\/2020\/10\/waldviertler-mohn-pesto-alpakahof-hahn.jpg?fit=1080%2C1080&ssl=1&resize=350%2C200 1x, https:\/\/i0.wp.com\/www.alpakahof-hahn.at\/shop\/wp-content\/uploads\/2020\/10\/waldviertler-mohn-pesto-alpakahof-hahn.jpg?fit=1080%2C1080&ssl=1&resize=525%2C300 1.5x, https:\/\/i0.wp.com\/www.alpakahof-hahn.at\/shop\/wp-content\/uploads\/2020\/10\/waldviertler-mohn-pesto-alpakahof-hahn.jpg?fit=1080%2C1080&ssl=1&resize=700%2C400 2x, https:\/\/i0.wp.com\/www.alpakahof-hahn.at\/shop\/wp-content\/uploads\/2020\/10\/waldviertler-mohn-pesto-alpakahof-hahn.jpg?fit=1080%2C1080&ssl=1&resize=1050%2C600 3x"},"classes":[]},{"id":29681,"url":"https:\/\/www.alpakahof-hahn.at\/shop\/produkt\/graumohn-oel\/","url_meta":{"origin":29696,"position":4},"title":"Graumohn-\u00d6l 100ml","author":"Manuel Hahn","date":"27. Oktober 2020","format":false,"excerpt":"Inhalt: 100ml. Feiner, milder Mohngeschmack, geeignet f\u00fcr fast alle Salate, Rohkost und Nudelgerichte. Dieses Mohn\u00f6l wird vom\u00a0 Mohnhof Gressl im Waldviertler produziert.","rel":"","context":"\u00c4hnlicher Beitrag","block_context":{"text":"\u00c4hnlicher Beitrag","link":""},"img":{"alt_text":"","src":"https:\/\/i0.wp.com\/www.alpakahof-hahn.at\/shop\/wp-content\/uploads\/2020\/10\/waldviertler-graumohn-oel-alpakahof-hahn.jpg?fit=1080%2C1080&ssl=1&resize=350%2C200","width":350,"height":200,"srcset":"https:\/\/i0.wp.com\/www.alpakahof-hahn.at\/shop\/wp-content\/uploads\/2020\/10\/waldviertler-graumohn-oel-alpakahof-hahn.jpg?fit=1080%2C1080&ssl=1&resize=350%2C200 1x, https:\/\/i0.wp.com\/www.alpakahof-hahn.at\/shop\/wp-content\/uploads\/2020\/10\/waldviertler-graumohn-oel-alpakahof-hahn.jpg?fit=1080%2C1080&ssl=1&resize=525%2C300 1.5x, https:\/\/i0.wp.com\/www.alpakahof-hahn.at\/shop\/wp-content\/uploads\/2020\/10\/waldviertler-graumohn-oel-alpakahof-hahn.jpg?fit=1080%2C1080&ssl=1&resize=700%2C400 2x, https:\/\/i0.wp.com\/www.alpakahof-hahn.at\/shop\/wp-content\/uploads\/2020\/10\/waldviertler-graumohn-oel-alpakahof-hahn.jpg?fit=1080%2C1080&ssl=1&resize=1050%2C600 3x"},"classes":[]},{"id":29711,"url":"https:\/\/www.alpakahof-hahn.at\/shop\/produkt\/waldviertler-erdaepfel\/","url_meta":{"origin":29696,"position":5},"title":"Waldviertler Erd\u00e4pfel","author":"Manuel Hahn","date":"27. Oktober 2020","format":false,"excerpt":"Waldviertler Erd\u00e4pfeln. Sorte Ditta, festkochend, Klasse 1, L201001 Die Erd\u00e4pfeln kommen von Maria Koppensteiner aus Schweiggers. \u00a0","rel":"","context":"\u00c4hnlicher Beitrag","block_context":{"text":"\u00c4hnlicher Beitrag","link":""},"img":{"alt_text":"","src":"https:\/\/i0.wp.com\/www.alpakahof-hahn.at\/shop\/wp-content\/uploads\/2020\/10\/waldviertler-kartoffel-alpakahof-hahn.jpg?fit=1080%2C1080&ssl=1&resize=350%2C200","width":350,"height":200,"srcset":"https:\/\/i0.wp.com\/www.alpakahof-hahn.at\/shop\/wp-content\/uploads\/2020\/10\/waldviertler-kartoffel-alpakahof-hahn.jpg?fit=1080%2C1080&ssl=1&resize=350%2C200 1x, https:\/\/i0.wp.com\/www.alpakahof-hahn.at\/shop\/wp-content\/uploads\/2020\/10\/waldviertler-kartoffel-alpakahof-hahn.jpg?fit=1080%2C1080&ssl=1&resize=525%2C300 1.5x, https:\/\/i0.wp.com\/www.alpakahof-hahn.at\/shop\/wp-content\/uploads\/2020\/10\/waldviertler-kartoffel-alpakahof-hahn.jpg?fit=1080%2C1080&ssl=1&resize=700%2C400 2x, https:\/\/i0.wp.com\/www.alpakahof-hahn.at\/shop\/wp-content\/uploads\/2020\/10\/waldviertler-kartoffel-alpakahof-hahn.jpg?fit=1080%2C1080&ssl=1&resize=1050%2C600 3x"},"classes":[]}],"_links":{"self":[{"href":"https:\/\/www.alpakahof-hahn.at\/shop\/wp-json\/wp\/v2\/product\/29696","targetHints":{"allow":["GET"]}}],"collection":[{"href":"https:\/\/www.alpakahof-hahn.at\/shop\/wp-json\/wp\/v2\/product"}],"about":[{"href":"https:\/\/www.alpakahof-hahn.at\/shop\/wp-json\/wp\/v2\/types\/product"}],"wp:featuredmedia":[{"embeddable":true,"href":"https:\/\/www.alpakahof-hahn.at\/shop\/wp-json\/wp\/v2\/media\/29697"}],"wp:attachment":[{"href":"https:\/\/www.alpakahof-hahn.at\/shop\/wp-json\/wp\/v2\/media?parent=29696"}],"wp:term":[{"taxonomy":"brand","embeddable":true,"href":"https:\/\/www.alpakahof-hahn.at\/shop\/wp-json\/wp\/v2\/etheme_brands?post=29696"},{"taxonomy":"product_brand","embeddable":true,"href":"https:\/\/www.alpakahof-hahn.at\/shop\/wp-json\/wp\/v2\/product_brand?post=29696"},{"taxonomy":"product_cat","embeddable":true,"href":"https:\/\/www.alpakahof-hahn.at\/shop\/wp-json\/wp\/v2\/product_cat?post=29696"},{"taxonomy":"product_tag","embeddable":true,"href":"https:\/\/www.alpakahof-hahn.at\/shop\/wp-json\/wp\/v2\/product_tag?post=29696"}],"curies":[{"name":"wp","href":"https:\/\/api.w.org\/{rel}","templated":true}]}}