{"id":29681,"date":"2020-10-27T10:23:41","date_gmt":"2020-10-27T09:23:41","guid":{"rendered":"https:\/\/www.alpakahof-hahn.at\/shop\/?post_type=product&#038;p=29681"},"modified":"2022-11-13T11:54:45","modified_gmt":"2022-11-13T10:54:45","slug":"graumohn-oel","status":"publish","type":"product","link":"https:\/\/www.alpakahof-hahn.at\/shop\/produkt\/graumohn-oel\/","title":{"rendered":"Graumohn-\u00d6l 100ml"},"content":{"rendered":"<p><strong>Durchschnittliche N\u00e4hrwerte pro 100g<\/strong><\/p>\n<table border=\"0\" width=\"310\" cellspacing=\"1\" cellpadding=\"1\">\n<tbody>\n<tr>\n<td>Energie<\/td>\n<td>3700 kj \/ 900 kcal<\/td>\n<\/tr>\n<tr>\n<td>Fett<\/td>\n<td>100 g<\/td>\n<\/tr>\n<tr>\n<td>-davon ges\u00e4ttigte Fetts\u00e4uren<\/td>\n<td>11 g<\/td>\n<\/tr>\n<tr>\n<td>-einfach unges\u00e4ttigte Fetts\u00e4uren<\/td>\n<td>17g<\/td>\n<\/tr>\n<tr>\n<td>-mehrfach unges\u00e4ttigte Fetts\u00e4uren<\/td>\n<td>72g<\/td>\n<\/tr>\n<tr>\n<td>Kohlenhydrate<\/td>\n<td>0 g<\/td>\n<\/tr>\n<tr>\n<td>-davon Zucker<\/td>\n<td>0 g<\/td>\n<\/tr>\n<tr>\n<td>Ballaststoffe<\/td>\n<td>0 g<\/td>\n<\/tr>\n<tr>\n<td>Eiwei\u00df<\/td>\n<td>0 g<\/td>\n<\/tr>\n<tr>\n<td>Salz<\/td>\n<td>0 g<\/td>\n<\/tr>\n<tr>\n<td>Vitamin E<br \/>\n*entspricht 250% der Referenzmenge<\/td>\n<td>30 mg*<\/td>\n<\/tr>\n<\/tbody>\n<\/table>\n","protected":false},"excerpt":{"rendered":"<p>Inhalt: 100ml. Feiner, milder Mohngeschmack, geeignet f\u00fcr fast alle Salate, Rohkost und Nudelgerichte.<\/p>\n<p>Dieses Mohn\u00f6l wird vom\u00a0 <a href=\"http:\/\/www.mohnhof.at\">Mohnhof Gressl<\/a> im Waldviertler produziert.<\/p>\n","protected":false},"featured_media":29682,"template":"","meta":{"jetpack_post_was_ever_published":false,"jetpack_publicize_message":"","jetpack_publicize_feature_enabled":true,"jetpack_social_post_already_shared":true,"jetpack_social_options":{"image_generator_settings":{"template":"highway","default_image_id":0,"font":"","enabled":false},"version":2}},"etheme_brands":[],"product_brand":[],"product_cat":[137],"product_tag":[],"class_list":{"0":"post-29681","1":"product","2":"type-product","3":"status-publish","4":"has-post-thumbnail","6":"product_cat-waldviertler-produkte","8":"first","9":"instock","10":"taxable","11":"shipping-taxable","12":"purchasable","13":"product-type-simple"},"supplier_id":null,"supplier_sku":"","barcode":null,"atum_controlled":true,"out_stock_date":null,"out_stock_threshold":null,"inheritable":false,"inbound_stock":0,"stock_on_hold":0,"sold_today":0,"sales_last_days":0,"reserved_stock":0,"customer_returns":0,"warehouse_damage":0,"lost_in_post":0,"other_logs":0,"out_stock_days":0,"lost_sales":0,"has_location":false,"update_date":"2026-04-19T08:43:43","atum_locations":[],"atum_stock_status":"instock","restock_status":false,"low_stock_amount":"","sales_update_date":"2026-04-19T08:43:43","calc_backorders":null,"yoast_head":"<!-- This site is optimized with the Yoast SEO plugin v26.5 - https:\/\/yoast.com\/wordpress\/plugins\/seo\/ -->\n<title>Graumohn-\u00d6l 100ml - Alpaka Online-Shop<\/title>\n<meta name=\"robots\" content=\"index, follow, max-snippet:-1, max-image-preview:large, max-video-preview:-1\" \/>\n<link rel=\"canonical\" href=\"https:\/\/www.alpakahof-hahn.at\/shop\/produkt\/graumohn-oel\/\" \/>\n<meta name=\"twitter:card\" content=\"summary_large_image\" \/>\n<meta name=\"twitter:title\" content=\"Graumohn-\u00d6l 100ml - Alpaka Online-Shop\" \/>\n<meta name=\"twitter:description\" content=\"Inhalt: 100ml. Feiner, milder Mohngeschmack, geeignet f\u00fcr fast alle Salate, Rohkost und Nudelgerichte.  Dieses Mohn\u00f6l wird vom\u00a0 Mohnhof Gressl im Waldviertler produziert.\" \/>\n<meta name=\"twitter:image\" content=\"https:\/\/i0.wp.com\/www.alpakahof-hahn.at\/shop\/wp-content\/uploads\/2020\/10\/waldviertler-graumohn-oel-alpakahof-hahn.jpg?fit=1080%2C1080&ssl=1\" \/>\n<script type=\"application\/ld+json\" class=\"yoast-schema-graph\">{\"@context\":\"https:\/\/schema.org\",\"@graph\":[{\"@type\":\"WebPage\",\"@id\":\"https:\/\/www.alpakahof-hahn.at\/shop\/produkt\/graumohn-oel\/\",\"url\":\"https:\/\/www.alpakahof-hahn.at\/shop\/produkt\/graumohn-oel\/\",\"name\":\"Graumohn-\u00d6l 100ml - Alpaka Online-Shop\",\"isPartOf\":{\"@id\":\"https:\/\/www.alpakahof-hahn.at\/shop\/#website\"},\"primaryImageOfPage\":{\"@id\":\"https:\/\/www.alpakahof-hahn.at\/shop\/produkt\/graumohn-oel\/#primaryimage\"},\"image\":{\"@id\":\"https:\/\/www.alpakahof-hahn.at\/shop\/produkt\/graumohn-oel\/#primaryimage\"},\"thumbnailUrl\":\"https:\/\/i0.wp.com\/www.alpakahof-hahn.at\/shop\/wp-content\/uploads\/2020\/10\/waldviertler-graumohn-oel-alpakahof-hahn.jpg?fit=1080%2C1080&ssl=1\",\"datePublished\":\"2020-10-27T09:23:41+00:00\",\"dateModified\":\"2022-11-13T10:54:45+00:00\",\"breadcrumb\":{\"@id\":\"https:\/\/www.alpakahof-hahn.at\/shop\/produkt\/graumohn-oel\/#breadcrumb\"},\"inLanguage\":\"de\",\"potentialAction\":[{\"@type\":\"ReadAction\",\"target\":[\"https:\/\/www.alpakahof-hahn.at\/shop\/produkt\/graumohn-oel\/\"]}]},{\"@type\":\"ImageObject\",\"inLanguage\":\"de\",\"@id\":\"https:\/\/www.alpakahof-hahn.at\/shop\/produkt\/graumohn-oel\/#primaryimage\",\"url\":\"https:\/\/i0.wp.com\/www.alpakahof-hahn.at\/shop\/wp-content\/uploads\/2020\/10\/waldviertler-graumohn-oel-alpakahof-hahn.jpg?fit=1080%2C1080&ssl=1\",\"contentUrl\":\"https:\/\/i0.wp.com\/www.alpakahof-hahn.at\/shop\/wp-content\/uploads\/2020\/10\/waldviertler-graumohn-oel-alpakahof-hahn.jpg?fit=1080%2C1080&ssl=1\",\"width\":1080,\"height\":1080},{\"@type\":\"BreadcrumbList\",\"@id\":\"https:\/\/www.alpakahof-hahn.at\/shop\/produkt\/graumohn-oel\/#breadcrumb\",\"itemListElement\":[{\"@type\":\"ListItem\",\"position\":1,\"name\":\"Shop\",\"item\":\"https:\/\/www.alpakahof-hahn.at\/shop\/\"},{\"@type\":\"ListItem\",\"position\":2,\"name\":\"Shop\",\"item\":\"https:\/\/www.alpakahof-hahn.at\/shop\/shop\/\"},{\"@type\":\"ListItem\",\"position\":3,\"name\":\"Graumohn-\u00d6l 100ml\"}]},{\"@type\":\"WebSite\",\"@id\":\"https:\/\/www.alpakahof-hahn.at\/shop\/#website\",\"url\":\"https:\/\/www.alpakahof-hahn.at\/shop\/\",\"name\":\"Alpaka Online-Shop\",\"description\":\"Der Hofladen der Familie Hahn\",\"potentialAction\":[{\"@type\":\"SearchAction\",\"target\":{\"@type\":\"EntryPoint\",\"urlTemplate\":\"https:\/\/www.alpakahof-hahn.at\/shop\/?s={search_term_string}\"},\"query-input\":{\"@type\":\"PropertyValueSpecification\",\"valueRequired\":true,\"valueName\":\"search_term_string\"}}],\"inLanguage\":\"de\"}]}<\/script>\n<!-- \/ Yoast SEO plugin. -->","yoast_head_json":{"title":"Graumohn-\u00d6l 100ml - Alpaka Online-Shop","robots":{"index":"index","follow":"follow","max-snippet":"max-snippet:-1","max-image-preview":"max-image-preview:large","max-video-preview":"max-video-preview:-1"},"canonical":"https:\/\/www.alpakahof-hahn.at\/shop\/produkt\/graumohn-oel\/","twitter_card":"summary_large_image","twitter_title":"Graumohn-\u00d6l 100ml - Alpaka Online-Shop","twitter_description":"Inhalt: 100ml. Feiner, milder Mohngeschmack, geeignet f\u00fcr fast alle Salate, Rohkost und Nudelgerichte.  Dieses Mohn\u00f6l wird vom\u00a0 Mohnhof Gressl im Waldviertler produziert.","twitter_image":"https:\/\/i0.wp.com\/www.alpakahof-hahn.at\/shop\/wp-content\/uploads\/2020\/10\/waldviertler-graumohn-oel-alpakahof-hahn.jpg?fit=1080%2C1080&ssl=1","schema":{"@context":"https:\/\/schema.org","@graph":[{"@type":"WebPage","@id":"https:\/\/www.alpakahof-hahn.at\/shop\/produkt\/graumohn-oel\/","url":"https:\/\/www.alpakahof-hahn.at\/shop\/produkt\/graumohn-oel\/","name":"Graumohn-\u00d6l 100ml - Alpaka Online-Shop","isPartOf":{"@id":"https:\/\/www.alpakahof-hahn.at\/shop\/#website"},"primaryImageOfPage":{"@id":"https:\/\/www.alpakahof-hahn.at\/shop\/produkt\/graumohn-oel\/#primaryimage"},"image":{"@id":"https:\/\/www.alpakahof-hahn.at\/shop\/produkt\/graumohn-oel\/#primaryimage"},"thumbnailUrl":"https:\/\/i0.wp.com\/www.alpakahof-hahn.at\/shop\/wp-content\/uploads\/2020\/10\/waldviertler-graumohn-oel-alpakahof-hahn.jpg?fit=1080%2C1080&ssl=1","datePublished":"2020-10-27T09:23:41+00:00","dateModified":"2022-11-13T10:54:45+00:00","breadcrumb":{"@id":"https:\/\/www.alpakahof-hahn.at\/shop\/produkt\/graumohn-oel\/#breadcrumb"},"inLanguage":"de","potentialAction":[{"@type":"ReadAction","target":["https:\/\/www.alpakahof-hahn.at\/shop\/produkt\/graumohn-oel\/"]}]},{"@type":"ImageObject","inLanguage":"de","@id":"https:\/\/www.alpakahof-hahn.at\/shop\/produkt\/graumohn-oel\/#primaryimage","url":"https:\/\/i0.wp.com\/www.alpakahof-hahn.at\/shop\/wp-content\/uploads\/2020\/10\/waldviertler-graumohn-oel-alpakahof-hahn.jpg?fit=1080%2C1080&ssl=1","contentUrl":"https:\/\/i0.wp.com\/www.alpakahof-hahn.at\/shop\/wp-content\/uploads\/2020\/10\/waldviertler-graumohn-oel-alpakahof-hahn.jpg?fit=1080%2C1080&ssl=1","width":1080,"height":1080},{"@type":"BreadcrumbList","@id":"https:\/\/www.alpakahof-hahn.at\/shop\/produkt\/graumohn-oel\/#breadcrumb","itemListElement":[{"@type":"ListItem","position":1,"name":"Shop","item":"https:\/\/www.alpakahof-hahn.at\/shop\/"},{"@type":"ListItem","position":2,"name":"Shop","item":"https:\/\/www.alpakahof-hahn.at\/shop\/shop\/"},{"@type":"ListItem","position":3,"name":"Graumohn-\u00d6l 100ml"}]},{"@type":"WebSite","@id":"https:\/\/www.alpakahof-hahn.at\/shop\/#website","url":"https:\/\/www.alpakahof-hahn.at\/shop\/","name":"Alpaka Online-Shop","description":"Der Hofladen der Familie Hahn","potentialAction":[{"@type":"SearchAction","target":{"@type":"EntryPoint","urlTemplate":"https:\/\/www.alpakahof-hahn.at\/shop\/?s={search_term_string}"},"query-input":{"@type":"PropertyValueSpecification","valueRequired":true,"valueName":"search_term_string"}}],"inLanguage":"de"}]}},"jetpack_publicize_connections":[],"jetpack_sharing_enabled":true,"jetpack-related-posts":[{"id":29696,"url":"https:\/\/www.alpakahof-hahn.at\/shop\/produkt\/mohn-schnaps-waldviertler-papaver\/","url_meta":{"origin":29681,"position":0},"title":"Mohn-Schnaps &#8211; Waldviertler Papaver &#8211; 100ml","author":"Manuel Hahn","date":"27. Oktober 2020","format":false,"excerpt":"Inhalt: 100ml. Spirituose mit dem feinen Geschmack von Waldviertler Graumohn. Dieses Mohn-Schnaps wird vom Mohnhof Gressl\u00a0im Waldviertel produziert.","rel":"","context":"\u00c4hnlicher Beitrag","block_context":{"text":"\u00c4hnlicher Beitrag","link":""},"img":{"alt_text":"","src":"https:\/\/i0.wp.com\/www.alpakahof-hahn.at\/shop\/wp-content\/uploads\/2020\/10\/waldviertler-mohn-papver-alpakahof-hahn.jpg?fit=1080%2C1080&ssl=1&resize=350%2C200","width":350,"height":200,"srcset":"https:\/\/i0.wp.com\/www.alpakahof-hahn.at\/shop\/wp-content\/uploads\/2020\/10\/waldviertler-mohn-papver-alpakahof-hahn.jpg?fit=1080%2C1080&ssl=1&resize=350%2C200 1x, https:\/\/i0.wp.com\/www.alpakahof-hahn.at\/shop\/wp-content\/uploads\/2020\/10\/waldviertler-mohn-papver-alpakahof-hahn.jpg?fit=1080%2C1080&ssl=1&resize=525%2C300 1.5x, https:\/\/i0.wp.com\/www.alpakahof-hahn.at\/shop\/wp-content\/uploads\/2020\/10\/waldviertler-mohn-papver-alpakahof-hahn.jpg?fit=1080%2C1080&ssl=1&resize=700%2C400 2x, https:\/\/i0.wp.com\/www.alpakahof-hahn.at\/shop\/wp-content\/uploads\/2020\/10\/waldviertler-mohn-papver-alpakahof-hahn.jpg?fit=1080%2C1080&ssl=1&resize=1050%2C600 3x"},"classes":[]}],"_links":{"self":[{"href":"https:\/\/www.alpakahof-hahn.at\/shop\/wp-json\/wp\/v2\/product\/29681","targetHints":{"allow":["GET"]}}],"collection":[{"href":"https:\/\/www.alpakahof-hahn.at\/shop\/wp-json\/wp\/v2\/product"}],"about":[{"href":"https:\/\/www.alpakahof-hahn.at\/shop\/wp-json\/wp\/v2\/types\/product"}],"wp:featuredmedia":[{"embeddable":true,"href":"https:\/\/www.alpakahof-hahn.at\/shop\/wp-json\/wp\/v2\/media\/29682"}],"wp:attachment":[{"href":"https:\/\/www.alpakahof-hahn.at\/shop\/wp-json\/wp\/v2\/media?parent=29681"}],"wp:term":[{"taxonomy":"brand","embeddable":true,"href":"https:\/\/www.alpakahof-hahn.at\/shop\/wp-json\/wp\/v2\/etheme_brands?post=29681"},{"taxonomy":"product_brand","embeddable":true,"href":"https:\/\/www.alpakahof-hahn.at\/shop\/wp-json\/wp\/v2\/product_brand?post=29681"},{"taxonomy":"product_cat","embeddable":true,"href":"https:\/\/www.alpakahof-hahn.at\/shop\/wp-json\/wp\/v2\/product_cat?post=29681"},{"taxonomy":"product_tag","embeddable":true,"href":"https:\/\/www.alpakahof-hahn.at\/shop\/wp-json\/wp\/v2\/product_tag?post=29681"}],"curies":[{"name":"wp","href":"https:\/\/api.w.org\/{rel}","templated":true}]}}