{"id":4876,"date":"2017-05-13T20:31:07","date_gmt":"2017-05-13T18:31:07","guid":{"rendered":"https:\/\/www.alpakahof-hahn.at\/shop\/bezahlmoeglichkeiten\/"},"modified":"2020-12-02T18:23:14","modified_gmt":"2020-12-02T17:23:14","slug":"zahlungsarten","status":"publish","type":"page","link":"https:\/\/www.alpakahof-hahn.at\/shop\/zahlungsarten\/","title":{"rendered":"Zahlungsarten"},"content":{"rendered":"<h1>Unsere Zahlungsarten<\/h1>\n<h3><strong>Zahlung per Vorkasse (\u00dcberweisung)<\/strong><\/h3>\n<p>Nach deiner Bestellung erh\u00e4ltst du per E-Mail eine Rechnung mit dem Rechnungsbetrag. Deine Bestellung wird sofort bearbeitet, wenn deine Zahlung bei uns eingegangen ist.<\/p>\n<p><strong>So \u00fcberwei\u00dft du richtig:<\/strong><\/p>\n<ul>\n<li>Auf der Bestell\u00fcbersichtsseite kannst du die entsprechende Zahlungsart ausw\u00e4hlen<\/li>\n<li>Gib bitte als Verwendungszweck immer die Bestellnummer an. Nur so k\u00f6nnen wir deine Zahlung direkt zuordnen<\/li>\n<li>Bitte jede Bestellung separat \u00fcberweisen<\/li>\n<\/ul>\n<p>Je nach Kreditinstitut kann es bis zu f\u00fcnf Werktage dauern, bis deine Zahlung bei uns eintrifft. Deine bestellten Artikel bleiben bis zum Eingang deiner Zahlung (maximal sieben Tage) f\u00fcr dich reserviert.<\/p>\n<p><b>Unsere Bankverbindung:<\/b><\/p>\n<p>Bankverbindung f\u00fcr SEPA \u00dcberweisung:<br \/>\nZahlungsempf\u00e4nger: Maria Roswitha Hahn<br \/>\nIBAN: AT23 3299 0000 0020 3463<br \/>\nBIC: RLNWATWWZWE<br \/>\nBank: Raiffeisen Bank Waldviertel Mitte<\/p>\n<p>Kosten pro Bestellung bei Zahlung per Vorkasse: 0,00\u20ac<\/p>\n<h3><strong>Zahlung per Kreditkarte<\/strong><\/h3>\n<p>Du kannst bei uns einfach, bequem und sicher per Kreditkarte bezahlen. Deine Kreditkartendaten werden per SSL-Verfahren verschl\u00fcsselt \u00fcbertragen. Durch diesen hohen Sicherheitsstandard ist ein Einkauf beim Alpakahof Hahn per Kreditkarte sicher und weder der Alpakahof Hahn noch Dritte k\u00f6nnen deine Zahlungsinformationen (Kartenablaufdatum, Sicherheitscode, etc.) sehen.<\/p>\n<p>Dabei arbeiten wir mit <a href=\"https:\/\/stripe.com\/at\">Stripe<\/a>, einen der f\u00fchrenden Kreditkartenanbieter, zusammen.<\/p>\n<p>Kosten pro Bestellung bei Zahlung mit Kreditkarte: 0,00\u20ac<\/p>\n<h3><strong>Zahlung per Nachnahme<\/strong><\/h3>\n<p>Bestellst du unsere Produkte per Nachnahme so zahlt du direkt beim bei \u00dcbergabe des Pakets an deinen Brieftr\u00e4ger &#8211; dies in aller Regel in bar. Der Vorteil dieser Zahlungsmethode ist, dass du dein Paket schneller erh\u00e4ltst, da wir deine Bestellung sofort nach Eingang verschicken k\u00f6nnen.<\/p>\n<p>Kosten pro Bestellung bei Zahlung per Nachnahme: 3,50\u20ac<\/p>\n","protected":false},"excerpt":{"rendered":"<p>Unsere Zahlungsarten Zahlung per Vorkasse (\u00dcberweisung) Nach deiner Bestellung erh\u00e4ltst du per E-Mail eine Rechnung mit dem Rechnungsbetrag. Deine Bestellung wird sofort bearbeitet, wenn deine&#8230;<\/p>\n","protected":false},"author":1,"featured_media":0,"parent":0,"menu_order":0,"comment_status":"closed","ping_status":"closed","template":"","meta":{"jetpack_post_was_ever_published":false,"footnotes":""},"class_list":["post-4876","page","type-page","status-publish","hentry"],"yoast_head":"<!-- This site is optimized with the Yoast SEO plugin v26.5 - https:\/\/yoast.com\/wordpress\/plugins\/seo\/ -->\n<title>Zahlungsarten - Alpaka Online-Shop<\/title>\n<meta name=\"robots\" content=\"index, follow, max-snippet:-1, max-image-preview:large, max-video-preview:-1\" \/>\n<link rel=\"canonical\" href=\"https:\/\/www.alpakahof-hahn.at\/shop\/zahlungsarten\/\" \/>\n<meta name=\"twitter:card\" content=\"summary_large_image\" \/>\n<meta name=\"twitter:title\" content=\"Zahlungsarten - Alpaka Online-Shop\" \/>\n<meta name=\"twitter:description\" content=\"Unsere Zahlungsarten Zahlung per Vorkasse (\u00dcberweisung) Nach deiner Bestellung erh\u00e4ltst du per E-Mail eine Rechnung mit dem Rechnungsbetrag. Deine Bestellung wird sofort bearbeitet, wenn deine...\" \/>\n<meta name=\"twitter:label1\" content=\"Gesch\u00e4tzte Lesezeit\" \/>\n\t<meta name=\"twitter:data1\" content=\"1\u00a0Minute\" \/>\n<script type=\"application\/ld+json\" class=\"yoast-schema-graph\">{\"@context\":\"https:\/\/schema.org\",\"@graph\":[{\"@type\":\"WebPage\",\"@id\":\"https:\/\/www.alpakahof-hahn.at\/shop\/zahlungsarten\/\",\"url\":\"https:\/\/www.alpakahof-hahn.at\/shop\/zahlungsarten\/\",\"name\":\"Zahlungsarten - Alpaka Online-Shop\",\"isPartOf\":{\"@id\":\"https:\/\/www.alpakahof-hahn.at\/shop\/#website\"},\"datePublished\":\"2017-05-13T18:31:07+00:00\",\"dateModified\":\"2020-12-02T17:23:14+00:00\",\"breadcrumb\":{\"@id\":\"https:\/\/www.alpakahof-hahn.at\/shop\/zahlungsarten\/#breadcrumb\"},\"inLanguage\":\"de\",\"potentialAction\":[{\"@type\":\"ReadAction\",\"target\":[\"https:\/\/www.alpakahof-hahn.at\/shop\/zahlungsarten\/\"]}]},{\"@type\":\"BreadcrumbList\",\"@id\":\"https:\/\/www.alpakahof-hahn.at\/shop\/zahlungsarten\/#breadcrumb\",\"itemListElement\":[{\"@type\":\"ListItem\",\"position\":1,\"name\":\"Shop\",\"item\":\"https:\/\/www.alpakahof-hahn.at\/shop\/\"},{\"@type\":\"ListItem\",\"position\":2,\"name\":\"Zahlungsarten\"}]},{\"@type\":\"WebSite\",\"@id\":\"https:\/\/www.alpakahof-hahn.at\/shop\/#website\",\"url\":\"https:\/\/www.alpakahof-hahn.at\/shop\/\",\"name\":\"Alpaka Online-Shop\",\"description\":\"Der Hofladen der Familie Hahn\",\"potentialAction\":[{\"@type\":\"SearchAction\",\"target\":{\"@type\":\"EntryPoint\",\"urlTemplate\":\"https:\/\/www.alpakahof-hahn.at\/shop\/?s={search_term_string}\"},\"query-input\":{\"@type\":\"PropertyValueSpecification\",\"valueRequired\":true,\"valueName\":\"search_term_string\"}}],\"inLanguage\":\"de\"}]}<\/script>\n<!-- \/ Yoast SEO plugin. -->","yoast_head_json":{"title":"Zahlungsarten - Alpaka Online-Shop","robots":{"index":"index","follow":"follow","max-snippet":"max-snippet:-1","max-image-preview":"max-image-preview:large","max-video-preview":"max-video-preview:-1"},"canonical":"https:\/\/www.alpakahof-hahn.at\/shop\/zahlungsarten\/","twitter_card":"summary_large_image","twitter_title":"Zahlungsarten - Alpaka Online-Shop","twitter_description":"Unsere Zahlungsarten Zahlung per Vorkasse (\u00dcberweisung) Nach deiner Bestellung erh\u00e4ltst du per E-Mail eine Rechnung mit dem Rechnungsbetrag. Deine Bestellung wird sofort bearbeitet, wenn deine...","twitter_misc":{"Gesch\u00e4tzte Lesezeit":"1\u00a0Minute"},"schema":{"@context":"https:\/\/schema.org","@graph":[{"@type":"WebPage","@id":"https:\/\/www.alpakahof-hahn.at\/shop\/zahlungsarten\/","url":"https:\/\/www.alpakahof-hahn.at\/shop\/zahlungsarten\/","name":"Zahlungsarten - Alpaka Online-Shop","isPartOf":{"@id":"https:\/\/www.alpakahof-hahn.at\/shop\/#website"},"datePublished":"2017-05-13T18:31:07+00:00","dateModified":"2020-12-02T17:23:14+00:00","breadcrumb":{"@id":"https:\/\/www.alpakahof-hahn.at\/shop\/zahlungsarten\/#breadcrumb"},"inLanguage":"de","potentialAction":[{"@type":"ReadAction","target":["https:\/\/www.alpakahof-hahn.at\/shop\/zahlungsarten\/"]}]},{"@type":"BreadcrumbList","@id":"https:\/\/www.alpakahof-hahn.at\/shop\/zahlungsarten\/#breadcrumb","itemListElement":[{"@type":"ListItem","position":1,"name":"Shop","item":"https:\/\/www.alpakahof-hahn.at\/shop\/"},{"@type":"ListItem","position":2,"name":"Zahlungsarten"}]},{"@type":"WebSite","@id":"https:\/\/www.alpakahof-hahn.at\/shop\/#website","url":"https:\/\/www.alpakahof-hahn.at\/shop\/","name":"Alpaka Online-Shop","description":"Der Hofladen der Familie Hahn","potentialAction":[{"@type":"SearchAction","target":{"@type":"EntryPoint","urlTemplate":"https:\/\/www.alpakahof-hahn.at\/shop\/?s={search_term_string}"},"query-input":{"@type":"PropertyValueSpecification","valueRequired":true,"valueName":"search_term_string"}}],"inLanguage":"de"}]}},"jetpack_sharing_enabled":true,"jetpack_shortlink":"https:\/\/wp.me\/P8XyFI-1gE","jetpack-related-posts":[{"id":4873,"url":"https:\/\/www.alpakahof-hahn.at\/shop\/agb\/","url_meta":{"origin":4876,"position":0},"title":"AGB","author":"Manuel Hahn","date":"13. Mai 2017","format":false,"excerpt":"Allgemeine Gesch\u00e4ftsbedingungen \u00a7 1 Geltungsbereich und Anbieter (1) Diese Allgemeinen Gesch\u00e4ftsbedingungen gelten f\u00fcr alle Bestellungen, die Sie im Online-Shop vom Alpakahof Hahn t\u00e4tigen. Alpakahof Hahn Alexander Hahn Kleinnondorf 14 3912 Grafenschlag \u00d6sterreich office@alpakahof-hahn.at +43 664 \/ 7500 27 29 (2) \u00a0Vertragssprache ist ausschlie\u00dflich deutsch. (3) \u00a0Sie k\u00f6nnen die derzeit g\u00fcltigen\u2026","rel":"","context":"\u00c4hnlicher Beitrag","block_context":{"text":"\u00c4hnlicher Beitrag","link":""},"img":{"alt_text":"","src":"","width":0,"height":0},"classes":[]},{"id":4875,"url":"https:\/\/www.alpakahof-hahn.at\/shop\/versand\/","url_meta":{"origin":4876,"position":1},"title":"Versandkosten &#038; Lieferzeiten","author":"Manuel Hahn","date":"13. Mai 2017","format":false,"excerpt":"VERSANDKOSTEN & LIEFERZEITEN VERSAND NACH \u00d6STERREICH + Bestellwert bis 150 EUR: 6,60 EUR - enth\u00e4lt \u20ac1,10 MwSt. (20%) + Bestellwert ab 150 EUR: Kostenlos + 3-4 Tage Lieferzeit (werktags) Sendeverfolgung Wir verschicken deine Bestellung mit der \u00f6sterreichischen Post und deren Partner. Sobald wir die Bestellung abgeschickt haben, bekommst du eine\u2026","rel":"","context":"\u00c4hnlicher Beitrag","block_context":{"text":"\u00c4hnlicher Beitrag","link":""},"img":{"alt_text":"","src":"","width":0,"height":0},"classes":[]},{"id":48461,"url":"https:\/\/www.alpakahof-hahn.at\/shop\/terms_and_conditions\/","url_meta":{"origin":4876,"position":2},"title":"Terms and Conditions","author":"Manuel Hahn","date":"23. November 2024","format":false,"excerpt":"Haftungshinweis: Das nachstehende Muster ist von einem Rechtsanwalt (https:\/\/drschwenke.de) entsprechend den typischen Anforderungen eines Onlineshops erstellt worden.\u00a0Jedoch sollten Sie das Muster nur\u00a0nach sorgf\u00e4ltiger Pr\u00fcfung und Anpassung auf Ihr konkretes Gesch\u00e4ftsmodell verwenden. Das nachfolgende Muster enth\u00e4lt daher zus\u00e4tzliche Hinweise, die Sie beachten m\u00fcssen und rote Passagen, die Sie besonders pr\u00fcfen und\u2026","rel":"","context":"\u00c4hnlicher Beitrag","block_context":{"text":"\u00c4hnlicher Beitrag","link":""},"img":{"alt_text":"","src":"","width":0,"height":0},"classes":[]},{"id":48457,"url":"https:\/\/www.alpakahof-hahn.at\/shop\/payment_methods\/","url_meta":{"origin":4876,"position":3},"title":"Payment Methods","author":"Manuel Hahn","date":"23. November 2024","format":false,"excerpt":"Haftungshinweis: Das nachstehende Muster ist von einem Rechtsanwalt (https:\/\/drschwenke.de) entsprechend den typischen Anforderungen eines Onlineshops erstellt worden.\u00a0Jedoch sollten Sie das Muster nur\u00a0nach sorgf\u00e4ltiger Pr\u00fcfung und Anpassung auf Ihr konkretes Gesch\u00e4ftsmodell verwenden. Das nachfolgende Muster enth\u00e4lt daher zus\u00e4tzliche Hinweise, die Sie beachten m\u00fcssen und rote Passagen, die Sie besonders pr\u00fcfen und\u2026","rel":"","context":"\u00c4hnlicher Beitrag","block_context":{"text":"\u00c4hnlicher Beitrag","link":""},"img":{"alt_text":"","src":"","width":0,"height":0},"classes":[]},{"id":48449,"url":"https:\/\/www.alpakahof-hahn.at\/shop\/shipping__delivery\/","url_meta":{"origin":4876,"position":4},"title":"Shipping &#038; Delivery","author":"Manuel Hahn","date":"23. November 2024","format":false,"excerpt":"Haftungshinweis: Das nachstehende Muster ist von einem Rechtsanwalt (https:\/\/drschwenke.de) entsprechend den typischen Anforderungen eines Onlineshops erstellt worden.\u00a0Jedoch sollten Sie das Muster nur\u00a0nach sorgf\u00e4ltiger Pr\u00fcfung und Anpassung auf Ihr konkretes Gesch\u00e4ftsmodell verwenden. Das nachfolgende Muster enth\u00e4lt daher zus\u00e4tzliche Hinweise, die Sie beachten m\u00fcssen und rote Passagen, die Sie besonders pr\u00fcfen und\u2026","rel":"","context":"\u00c4hnlicher Beitrag","block_context":{"text":"\u00c4hnlicher Beitrag","link":""},"img":{"alt_text":"","src":"","width":0,"height":0},"classes":[]},{"id":4079,"url":"https:\/\/www.alpakahof-hahn.at\/shop\/kontakt\/","url_meta":{"origin":4876,"position":5},"title":"Kontakt","author":"Manuel Hahn","date":"23. Mai 2016","format":false,"excerpt":"[vc_row][vc_column width=\"1\/3\"][vc_custom_heading text=\"Wir sind f\u00fcr dich und deine Fragen da.\" font_container=\"tag:h2|font_size:24px|text_align:left|color:%231a1a1a|line_height:30px\" use_theme_fonts=\"yes\"][vc_column_text css=\".vc_custom_1499016820785{margin-bottom: 20px !important;}\"]Von A bis Z stehen wir dir f\u00fcr all deine Fragen rund um unsere Alpaka Produkte zur Verf\u00fcgung. Einfach bequem das Anfrageformular rechts ausf\u00fcllen und schon landet deine Frage bei uns im E-Mail Postfach. Alternativ stehen\u2026","rel":"","context":"\u00c4hnlicher Beitrag","block_context":{"text":"\u00c4hnlicher Beitrag","link":""},"img":{"alt_text":"","src":"https:\/\/i0.wp.com\/www.alpakahof-hahn.at\/shop\/wp-content\/uploads\/2017\/04\/header-background.jpeg?fit=1200%2C297&ssl=1&resize=350%2C200","width":350,"height":200,"srcset":"https:\/\/i0.wp.com\/www.alpakahof-hahn.at\/shop\/wp-content\/uploads\/2017\/04\/header-background.jpeg?fit=1200%2C297&ssl=1&resize=350%2C200 1x, https:\/\/i0.wp.com\/www.alpakahof-hahn.at\/shop\/wp-content\/uploads\/2017\/04\/header-background.jpeg?fit=1200%2C297&ssl=1&resize=525%2C300 1.5x, https:\/\/i0.wp.com\/www.alpakahof-hahn.at\/shop\/wp-content\/uploads\/2017\/04\/header-background.jpeg?fit=1200%2C297&ssl=1&resize=700%2C400 2x, https:\/\/i0.wp.com\/www.alpakahof-hahn.at\/shop\/wp-content\/uploads\/2017\/04\/header-background.jpeg?fit=1200%2C297&ssl=1&resize=1050%2C600 3x"},"classes":[]}],"_links":{"self":[{"href":"https:\/\/www.alpakahof-hahn.at\/shop\/wp-json\/wp\/v2\/pages\/4876","targetHints":{"allow":["GET"]}}],"collection":[{"href":"https:\/\/www.alpakahof-hahn.at\/shop\/wp-json\/wp\/v2\/pages"}],"about":[{"href":"https:\/\/www.alpakahof-hahn.at\/shop\/wp-json\/wp\/v2\/types\/page"}],"author":[{"embeddable":true,"href":"https:\/\/www.alpakahof-hahn.at\/shop\/wp-json\/wp\/v2\/users\/1"}],"replies":[{"embeddable":true,"href":"https:\/\/www.alpakahof-hahn.at\/shop\/wp-json\/wp\/v2\/comments?post=4876"}],"version-history":[{"count":15,"href":"https:\/\/www.alpakahof-hahn.at\/shop\/wp-json\/wp\/v2\/pages\/4876\/revisions"}],"predecessor-version":[{"id":7311,"href":"https:\/\/www.alpakahof-hahn.at\/shop\/wp-json\/wp\/v2\/pages\/4876\/revisions\/7311"}],"wp:attachment":[{"href":"https:\/\/www.alpakahof-hahn.at\/shop\/wp-json\/wp\/v2\/media?parent=4876"}],"curies":[{"name":"wp","href":"https:\/\/api.w.org\/{rel}","templated":true}]}}